{"id":16429,"date":"2020-08-27T14:35:43","date_gmt":"2020-08-27T12:35:43","guid":{"rendered":"https:\/\/www.studyhelp.de\/online-lernen\/?page_id=16429"},"modified":"2020-08-28T13:53:41","modified_gmt":"2020-08-28T11:53:41","slug":"ungleichungen","status":"publish","type":"page","link":"https:\/\/www.studyhelp.de\/online-lernen\/mathe\/ungleichungen\/","title":{"rendered":"Ungleichungen"},"content":{"rendered":"<p>Als N\u00e4chstes befassen wir uns mit dem L\u00f6sen von Ungleichungen. Diese sind dadurch charakterisiert, dass statt eines Gleichheitszeichens ($=$) eines der Zeichen $&lt;$, $&gt;$, $\\leq$, oder $\\geq$ in der Ungleichung stehen. Beispielsweise sind<\/p>\n<p>\\begin{align*}<br \/>\nx&gt;5<br \/>\n\\qquad \\qquad<br \/>\nx^2-1&lt;1<br \/>\n\\qquad \\qquad<br \/>\ne^x&gt;\\ln(x)<br \/>\n\\end{align*}<\/p>\n<p>jeweils Ungleichungen. Zur L\u00f6sung dieser gibt es zwei m\u00f6gliche Vorgehensweisen. <\/p>\n<p><strong>Vorgehen bei Ungleichungen:<\/strong> <\/p>\n<ol>\n<li> Wir bringen alle Werte auf die linke Seite und setzen diese dann $=0$, unabh\u00e4ngig von dem Zeichen, welches vorher in der Ungleichung stand.<\/li>\n<li> F\u00fcr jeden Bereich zwischen zwei Nullstellen setzen wir einen Wert ein und erkennen, ob dieser positiv oder negativ ist. Gegebenenfalls erkennen wir dies auch ohne Einsetzen.<\/li>\n<li> Anhand des Zeichens $&lt;$, $&gt;$, $\\leq$, oder $\\geq$ entscheiden wir welche Bereiche zur L\u00f6sung passen.<\/li>\n<\/ol>\n<p>Eine Besonderheit bei Ungleichungen ist, wenn die Ungleichung als Produkt von zwei Faktoren vorliegt. Da wir wissen, dass<\/p>\n<p>\\begin{align*}<br \/>\n+ \\cdot + = + \\qquad \\qquad + \\cdot (-) = (-) \\cdot + = (-) \\qquad \\qquad (-) \\cdot (-) = +<br \/>\n\\end{align*}<\/p>\n<p>gilt, ergibt sich f\u00fcr das Beispiel<\/p>\n<p>\\begin{align*}<br \/>\n(x-1)\\cdot (x+5)>0<br \/>\n\\end{align*}<\/p>\n<p>folgende L\u00f6sungsstrategie:<\/p>\n<p>\\begin{align*}<br \/>\n\\begin{array}{crclcrcl}<br \/>\n&#038; (x-1) &#038;&gt;&#038; 0  &#038; \\text{ und } &#038; (x+5)&#038;&gt;&#038; 0 \\\\<br \/>\n&#038;x &#038;&gt;&#038; 1 &#038;   &#038; x&#038;&gt;&#038; -5<br \/>\n\\end{array}<br \/>\n\\end{align*}<\/p>\n<p>\\begin{align*}<br \/>\n\\begin{array}{crclcrcl}<br \/>\n\\text{ oder } &#038; (x-1) &#038;&lt;&#038; 0 &#038; \\text{ und } &#038; (x+5)&#038;&lt;&#038;0 \\\\<br \/>\n  &#038;  x &#038;&lt;&#038; 1 &#038; &#038; x &#038;&lt;&#038;-5<br \/>\n\\end{array}<br \/>\n\\end{align*}<\/p>\n<p>Aus dem ersten Paar $x&gt;1$ und $x&gt;-5$ erhalten wir als L\u00f6sung $x&gt;1$, da diese die andere impliziert. Aus dem zweiten Paar $x&lt;1$ und $x&lt;5$ erhalten wir $x&lt;-5$, da diese die andere impliziert. Die L\u00f6sung unserer Ungleichung lautet also<\/p>\n<p>\\begin{align*}<br \/>\n\\mathbb{L}=(-\\infty,-5)\\cup(1,\\infty)<br \/>\n\\end{align*}<\/p>\n<p>Die gleiche L\u00f6sung erhalten wir mit Hilfe des anderen Ansatzes. Es gilt:<\/p>\n<p>\\begin{align*}<br \/>\n\\begin{array}{crl}<br \/>\n&#038;(x-1)\\cdot (x+5)&#038;=~0\\\\<br \/>\n\\Leftrightarrow~&#038;x&#038;=~1 \\text{ oder } x=~-5<br \/>\n\\end{array}<br \/>\n\\end{align*}<\/p>\n<p>Wir setzen also einen Wert kleiner als $-5$, einen Wert zwischen $-5$ und $1$ und einen Wert gr\u00f6\u00dfer als $1$ ein. W\u00e4hlen wir beispielsweise $-6$, $0$ und $2$, folgt:<\/p>\n<p>\\begin{align*}<br \/>\n\\begin{array}{cll}<br \/>\n(-6-1)\\cdot (-6+5)&#038;=~(-7)\\cdot (-1)&#038;=~7\\\\<br \/>\n(0-1)\\cdot (0+5)&#038;=~(-1)\\cdot (-5)&#038;=~-5\\\\<br \/>\n(2-1)\\cdot (2+5)&#038;=~(1)\\cdot (7)&#038;=~7<br \/>\n\\end{array}<br \/>\n\\end{align*}<\/p>\n<p>Aus der Aufgabenstellung sind die positiven Werte f\u00fcr uns interessant, sodass wir wiederum als L\u00f6sungsmenge<\/p>\n<p>\\begin{align*}<br \/>\n\\mathbb{L} = (-\\infty,-5)\\cup(1,\\infty)<br \/>\n\\end{align*}<\/p>\n<p>erhalten.<\/p>\n<div class=\"box info\">\nAchtung: Bei der Multiplikation mit einer negativen Zahl dreht sich das Ungleichheits-Zeichen!<br \/>\n<\/div>\n<p>Dies sehen wir direkt durch die beiden Gleichungen<\/p>\n<p>\\begin{align*}<br \/>\n\\begin{array}{crcll}<br \/>\n&#038;3 &#038;<&#038; 5 &#038; | \\cdot (-1)\\\\\n\\Leftrightarrow &#038;-3 &#038;> &#038; -5 &#038;<br \/>\n\\end{array}<br \/>\n\\end{align*}<\/p>\n<p>denn w\u00fcrde sich das Zeichen bei Multiplikation der ersten Gleichung mit $-1$ nicht umdrehen, so w\u00e4re die zweite Gleichung falsch.<\/p>\n","protected":false},"excerpt":{"rendered":"<p>Als N\u00e4chstes befassen wir uns mit dem L\u00f6sen von Ungleichungen. Diese sind dadurch charakterisiert, dass statt eines Gleichheitszeichens ($=$) eines der Zeichen , , , oder in der Ungleichung stehen. Beispielsweise sind \\begin{align*} x&gt;5 \\qquad \\qquad x^2-1&lt;1 \\qquad \\qquad e^x&gt;\\ln(x) \\end{align*} jeweils Ungleichungen. Zur L\u00f6sung dieser gibt es zwei m\u00f6gliche Vorgehensweisen. Vorgehen bei Ungleichungen: Wir [&hellip;]<\/p>\n","protected":false},"author":3,"featured_media":0,"parent":6291,"menu_order":0,"comment_status":"closed","ping_status":"closed","template":"","meta":[],"categories":[74],"tags":[],"yoast_head":"<!-- This site is optimized with the Yoast SEO plugin v14.7 - https:\/\/yoast.com\/wordpress\/plugins\/seo\/ -->\n<title>Ungleichungen verstehen - StudyHelp Online-Lernen<\/title>\n<meta name=\"description\" content=\"Ungleichungen sind dadurch charakterisiert, dass statt eines Gleichheitszeichens , \u2264 oder \u2265 in der Gleichung stehen.\" \/>\n<meta name=\"robots\" content=\"index, follow\" \/>\n<meta name=\"googlebot\" content=\"index, follow, max-snippet:-1, max-image-preview:large, max-video-preview:-1\" \/>\n<meta name=\"bingbot\" content=\"index, follow, max-snippet:-1, max-image-preview:large, max-video-preview:-1\" \/>\n<link rel=\"canonical\" href=\"https:\/\/www.studyhelp.de\/online-lernen\/mathe\/ungleichungen\/\" \/>\n<meta property=\"og:locale\" content=\"de_DE\" \/>\n<meta property=\"og:type\" content=\"article\" \/>\n<meta property=\"og:title\" content=\"Ungleichungen verstehen - StudyHelp Online-Lernen\" \/>\n<meta property=\"og:description\" content=\"Ungleichungen sind dadurch charakterisiert, dass statt eines Gleichheitszeichens , \u2264 oder \u2265 in der Gleichung stehen.\" \/>\n<meta property=\"og:url\" content=\"https:\/\/www.studyhelp.de\/online-lernen\/mathe\/ungleichungen\/\" \/>\n<meta property=\"og:site_name\" content=\"StudyHelp Online-Lernen\" \/>\n<meta property=\"article:modified_time\" content=\"2020-08-28T11:53:41+00:00\" \/>\n<meta name=\"twitter:card\" content=\"summary_large_image\" \/>\n<script type=\"application\/ld+json\" class=\"yoast-schema-graph\">{\"@context\":\"https:\/\/schema.org\",\"@graph\":[{\"@type\":\"WebSite\",\"@id\":\"https:\/\/www.studyhelp.de\/online-lernen\/#website\",\"url\":\"https:\/\/www.studyhelp.de\/online-lernen\/\",\"name\":\"StudyHelp Online-Lernen\",\"description\":\"\",\"potentialAction\":[{\"@type\":\"SearchAction\",\"target\":\"https:\/\/www.studyhelp.de\/online-lernen\/?s={search_term_string}\",\"query-input\":\"required name=search_term_string\"}],\"inLanguage\":\"de-DE\"},{\"@type\":\"WebPage\",\"@id\":\"https:\/\/www.studyhelp.de\/online-lernen\/mathe\/ungleichungen\/#webpage\",\"url\":\"https:\/\/www.studyhelp.de\/online-lernen\/mathe\/ungleichungen\/\",\"name\":\"Ungleichungen verstehen - StudyHelp Online-Lernen\",\"isPartOf\":{\"@id\":\"https:\/\/www.studyhelp.de\/online-lernen\/#website\"},\"datePublished\":\"2020-08-27T12:35:43+00:00\",\"dateModified\":\"2020-08-28T11:53:41+00:00\",\"description\":\"Ungleichungen sind dadurch charakterisiert, dass statt eines Gleichheitszeichens , \\u2264 oder \\u2265 in der Gleichung stehen.\",\"inLanguage\":\"de-DE\",\"potentialAction\":[{\"@type\":\"ReadAction\",\"target\":[\"https:\/\/www.studyhelp.de\/online-lernen\/mathe\/ungleichungen\/\"]}]}]}<\/script>\n<!-- \/ Yoast SEO plugin. -->","_links":{"self":[{"href":"https:\/\/www.studyhelp.de\/online-lernen\/wp-json\/wp\/v2\/pages\/16429"}],"collection":[{"href":"https:\/\/www.studyhelp.de\/online-lernen\/wp-json\/wp\/v2\/pages"}],"about":[{"href":"https:\/\/www.studyhelp.de\/online-lernen\/wp-json\/wp\/v2\/types\/page"}],"author":[{"embeddable":true,"href":"https:\/\/www.studyhelp.de\/online-lernen\/wp-json\/wp\/v2\/users\/3"}],"replies":[{"embeddable":true,"href":"https:\/\/www.studyhelp.de\/online-lernen\/wp-json\/wp\/v2\/comments?post=16429"}],"version-history":[{"count":14,"href":"https:\/\/www.studyhelp.de\/online-lernen\/wp-json\/wp\/v2\/pages\/16429\/revisions"}],"predecessor-version":[{"id":16446,"href":"https:\/\/www.studyhelp.de\/online-lernen\/wp-json\/wp\/v2\/pages\/16429\/revisions\/16446"}],"up":[{"embeddable":true,"href":"https:\/\/www.studyhelp.de\/online-lernen\/wp-json\/wp\/v2\/pages\/6291"}],"wp:attachment":[{"href":"https:\/\/www.studyhelp.de\/online-lernen\/wp-json\/wp\/v2\/media?parent=16429"}],"wp:term":[{"taxonomy":"category","embeddable":true,"href":"https:\/\/www.studyhelp.de\/online-lernen\/wp-json\/wp\/v2\/categories?post=16429"},{"taxonomy":"post_tag","embeddable":true,"href":"https:\/\/www.studyhelp.de\/online-lernen\/wp-json\/wp\/v2\/tags?post=16429"}],"curies":[{"name":"wp","href":"https:\/\/api.w.org\/{rel}","templated":true}]}}