{"id":16449,"date":"2020-08-28T14:37:55","date_gmt":"2020-08-28T12:37:55","guid":{"rendered":"https:\/\/www.studyhelp.de\/online-lernen\/?page_id=16449"},"modified":"2020-08-28T14:58:20","modified_gmt":"2020-08-28T12:58:20","slug":"betragsleichung","status":"publish","type":"page","link":"https:\/\/www.studyhelp.de\/online-lernen\/mathe\/betragsleichung\/","title":{"rendered":"Betragsgleichung"},"content":{"rendered":"<p>In diesem kleinen Artikel besch\u00e4ftigen wir uns etwas genauer mit Gleichungen, die zus\u00e4tzlich einen Betrag beinhalten.  <\/p>\n<p>$\\textbf{Definition des Betrags:}$<\/p>\n<p>\\begin{align*}<br \/>\n|.|:\\mathbb{R}\\rightarrow\\mathbb{R}<br \/>\n\\qquad \\qquad<br \/>\nx\\mapsto |x| = \\left\\{\\begin{array}{ll} x, &#038; x\\geq 0 \\\\<br \/>\n-x, &#038; x<1\\end{array}\\right.\n\\end{align*}\n\\end{example}\n\nDiese Darstellung werden wir ausf\u00fchrlicher im Kapitel behandeln. Die Definition legt es Nahe, bei der Betrachtung immer die Fallunterscheidung im Kopf zu haben, also ob etwas gr\u00f6\u00dfer oder kleiner als $0$ ist. F\u00fcr reelle Zahlen geht dies beispielsweise recht schnell:\n\n\\begin{align*}\n|5| &#038;= 5\\\\\n|-1| &#038;= -(-1) = 1\\\\\n|0| &#038;= 0\n\\end{align*}\n\nDer Betrag einer Zahl ist stets positiv. Bei einer Funktion gehen wir wie folgt vor:\n\n\\begin{align*}\n\\begin{array}{crl}\n&#038;|x-5| &#038;=~ 2\\\\\n\\Leftrightarrow&#038;x-5 &#038;=~ 2\\quad\\text{ oder }\\quad x-5 = -2\n\\end{array}\n\\end{align*}\n\nWir erhalten die beiden L\u00f6sungen $x=7$ und $x=3$.\n\n<\/p>\n","protected":false},"excerpt":{"rendered":"<p>In diesem kleinen Artikel besch\u00e4ftigen wir uns etwas genauer mit Gleichungen, die zus\u00e4tzlich einen Betrag beinhalten. $\\textbf{Definition des Betrags:}$ \\begin{align*} |.|:\\mathbb{R}\\rightarrow\\mathbb{R} \\qquad \\qquad x\\mapsto |x| = \\left\\{\\begin{array}{ll} x, &#038; x\\geq 0 \\\\ -x, &#038; x<\/p>\n","protected":false},"author":3,"featured_media":0,"parent":6291,"menu_order":0,"comment_status":"closed","ping_status":"closed","template":"","meta":[],"categories":[74],"tags":[],"yoast_head":"<!-- This site is optimized with the Yoast SEO plugin v14.7 - https:\/\/yoast.com\/wordpress\/plugins\/seo\/ -->\n<title>Betragsgleichung - StudyHelp Online-Lernen<\/title>\n<meta name=\"robots\" content=\"index, follow\" \/>\n<meta name=\"googlebot\" content=\"index, follow, max-snippet:-1, max-image-preview:large, max-video-preview:-1\" \/>\n<meta name=\"bingbot\" content=\"index, follow, max-snippet:-1, max-image-preview:large, max-video-preview:-1\" \/>\n<link rel=\"canonical\" href=\"https:\/\/www.studyhelp.de\/online-lernen\/mathe\/betragsleichung\/\" \/>\n<meta property=\"og:locale\" content=\"de_DE\" \/>\n<meta property=\"og:type\" content=\"article\" \/>\n<meta property=\"og:title\" content=\"Betragsgleichung - StudyHelp Online-Lernen\" \/>\n<meta property=\"og:description\" content=\"In diesem kleinen Artikel besch\u00e4ftigen wir uns etwas genauer mit Gleichungen, die zus\u00e4tzlich einen Betrag beinhalten. $\\textbf{Definition des Betrags:}$ \\begin{align*} |.|:\\mathbb{R}\\rightarrow\\mathbb{R} \\qquad \\qquad x\\mapsto |x| = \\left\\{\\begin{array}{ll} x, &#038; x\\geq 0 \\\\ -x, &#038; x\" \/>\n<meta property=\"og:url\" content=\"https:\/\/www.studyhelp.de\/online-lernen\/mathe\/betragsleichung\/\" \/>\n<meta property=\"og:site_name\" content=\"StudyHelp Online-Lernen\" \/>\n<meta property=\"article:modified_time\" content=\"2020-08-28T12:58:20+00:00\" \/>\n<meta name=\"twitter:card\" content=\"summary_large_image\" \/>\n<script type=\"application\/ld+json\" class=\"yoast-schema-graph\">{\"@context\":\"https:\/\/schema.org\",\"@graph\":[{\"@type\":\"WebSite\",\"@id\":\"https:\/\/www.studyhelp.de\/online-lernen\/#website\",\"url\":\"https:\/\/www.studyhelp.de\/online-lernen\/\",\"name\":\"StudyHelp Online-Lernen\",\"description\":\"\",\"potentialAction\":[{\"@type\":\"SearchAction\",\"target\":\"https:\/\/www.studyhelp.de\/online-lernen\/?s={search_term_string}\",\"query-input\":\"required name=search_term_string\"}],\"inLanguage\":\"de-DE\"},{\"@type\":\"WebPage\",\"@id\":\"https:\/\/www.studyhelp.de\/online-lernen\/mathe\/betragsleichung\/#webpage\",\"url\":\"https:\/\/www.studyhelp.de\/online-lernen\/mathe\/betragsleichung\/\",\"name\":\"Betragsgleichung - StudyHelp Online-Lernen\",\"isPartOf\":{\"@id\":\"https:\/\/www.studyhelp.de\/online-lernen\/#website\"},\"datePublished\":\"2020-08-28T12:37:55+00:00\",\"dateModified\":\"2020-08-28T12:58:20+00:00\",\"inLanguage\":\"de-DE\",\"potentialAction\":[{\"@type\":\"ReadAction\",\"target\":[\"https:\/\/www.studyhelp.de\/online-lernen\/mathe\/betragsleichung\/\"]}]}]}<\/script>\n<!-- \/ Yoast SEO plugin. -->","_links":{"self":[{"href":"https:\/\/www.studyhelp.de\/online-lernen\/wp-json\/wp\/v2\/pages\/16449"}],"collection":[{"href":"https:\/\/www.studyhelp.de\/online-lernen\/wp-json\/wp\/v2\/pages"}],"about":[{"href":"https:\/\/www.studyhelp.de\/online-lernen\/wp-json\/wp\/v2\/types\/page"}],"author":[{"embeddable":true,"href":"https:\/\/www.studyhelp.de\/online-lernen\/wp-json\/wp\/v2\/users\/3"}],"replies":[{"embeddable":true,"href":"https:\/\/www.studyhelp.de\/online-lernen\/wp-json\/wp\/v2\/comments?post=16449"}],"version-history":[{"count":4,"href":"https:\/\/www.studyhelp.de\/online-lernen\/wp-json\/wp\/v2\/pages\/16449\/revisions"}],"predecessor-version":[{"id":16453,"href":"https:\/\/www.studyhelp.de\/online-lernen\/wp-json\/wp\/v2\/pages\/16449\/revisions\/16453"}],"up":[{"embeddable":true,"href":"https:\/\/www.studyhelp.de\/online-lernen\/wp-json\/wp\/v2\/pages\/6291"}],"wp:attachment":[{"href":"https:\/\/www.studyhelp.de\/online-lernen\/wp-json\/wp\/v2\/media?parent=16449"}],"wp:term":[{"taxonomy":"category","embeddable":true,"href":"https:\/\/www.studyhelp.de\/online-lernen\/wp-json\/wp\/v2\/categories?post=16449"},{"taxonomy":"post_tag","embeddable":true,"href":"https:\/\/www.studyhelp.de\/online-lernen\/wp-json\/wp\/v2\/tags?post=16449"}],"curies":[{"name":"wp","href":"https:\/\/api.w.org\/{rel}","templated":true}]}}