{"id":16559,"date":"2020-12-15T10:15:23","date_gmt":"2020-12-15T09:15:23","guid":{"rendered":"https:\/\/www.studyhelp.de\/online-lernen\/?page_id=16559"},"modified":"2020-12-15T11:12:32","modified_gmt":"2020-12-15T10:12:32","slug":"summen","status":"publish","type":"page","link":"https:\/\/www.studyhelp.de\/online-lernen\/mathe\/summen\/","title":{"rendered":"Summen"},"content":{"rendered":"<p>In diesem Artikel erkl\u00e4ren wir euch die Regeln und Berechnung von $\\textbf{Summen}$. Daf\u00fcr f\u00fchren wir zun\u00e4chst das Summenzeichen als abk\u00fcrzende Schreibweise ein und betrachten Regeln, welche uns zum Einen die Aufstellung solcher Summen, aber zum Anderen auch die Berechnung erleichtern werden. Abschlie\u00dfen werden wir das Kapitel mit dem \u00dcbergang zu Folgen von Partialsummen, den sogenannten $\\textbf{Reihen}$, deren Berechnung und Aussagen \u00fcber Konvergenz.<\/p>\n<h3>Das Summenzeichen<\/h3>\n<p>Um das Arbeiten mit Summen zu vereinfachen, bedienen wir uns am griechischen $\\Sigma$ (Sigma). Betrachten wir folgende Summe:<\/p>\n<p>\\begin{align*}<br \/>\n1+3+5+7+9+&#8230;+2019<br \/>\n\\end{align*}<\/p>\n<p>Wir stellen fest, dass es sich bei den Summanden um alle ungeraden Zahlen zwischen $1$ und $2019$ handelt. Eine ungerade Zahl k\u00f6nnen wir stets in der Form $2k-1$ f\u00fcr ein $k\\in\\mathbb{N}$ darstellen. Setzen wir f\u00fcr $k$ die Zahlen $1$, $2$ und $3$ ein, ergibt sich $2\\cdot 1 -1 = 1$, $2\\cdot 2 -1 = 3$ und $2\\cdot 3 -1 =5$. Es gen\u00fcgt also zu wissen, welche Werte von $k$ wir \u00fcberhaupt brauchen. Da $2\\cdot 1-1 = 1$ und $2\\cdot 1010 -1 =2019$ ist, ben\u00f6tigen wir alle $k$ zwischen $1$ und $1010$. Damit l\u00e4sst sich die oben aufgef\u00fchrte Summe verk\u00fcrzt schreiben als: <\/p>\n<p>\\begin{align*}<br \/>\n1+3+5+7+9+&#8230;+2019=\\sum_{k=1}^{1010} 2k-1<br \/>\n\\end{align*}<\/p>\n<div class=\"box info\">\n$\\textbf{Komponenten der Summe:}$<\/p>\n<ol>\n<li>Summationsanfang (hier:  $k=1$)<\/li>\n<li>Summationsvorschrift (hier: $2k-1$)<\/li>\n<li>Summationsende (hier:  $k=1010$).<\/li>\n<\/ol>\n<\/div>\n<p>Hinweis: Das $k$ beim Summationsende wird in der Regel zur besseren \u00dcbersicht weggelassen.<\/p>\n<h3>Eigenschaften des Summenzeichens<\/h3>\n<p>\u00c4hnlich, wie wir es bereits f\u00fcr zwei Summanden kennen, gelten analog f\u00fcr Summen mit beliebig vielen Summanden Pendants zu Gesetzen wie dem Assoziativ- und dem Distributivgesetz. Im Allgemeinen sprechen wir hier von dem Begriff der \\textbf{Linearit\u00e4t}. Damit das Ganze \u00fcbersichtlicher erscheint, stellen wir diese und weitere Eigenschaften in der folgenden \u00dcbersicht dar.<br \/>\n<div class=\"box info\">\n1. $\\displaystyle \\sum_{k=1}^0 a_k= 0$ Wir sprechen von einer leeren Summe.<br \/>\n2. $\\displaystyle\\sum_{k=1}^{n}a_k= \\sum_{k=1}^j a_k + \\sum_{k=j+1}^n a_k$ Eine Summe l\u00e4sst sich an jedem Punkt in zwei Summen teilen.<br \/>\n3. $\\displaystyle\\sum_{k=1}^{n+1}a_k= \\left(\\sum_{k=1}^{n}a_k\\right)+a_{n+1}$ Nach 2. l\u00e4sst sich der letzte Summand einzeln notieren.<br \/>\n4. $\\displaystyle\\sum_{k=1}^n a_k =  a_1 + \\sum_{k=2}^n$  Nach 2. l\u00e4sst sich auch der erste Summand einzeln notieren.<br \/>\n5. $\\displaystyle\\sum_{k=1}^{n}c\\cdot a_k = c\\cdot\\sum_{k=1}^{n}a_k$  Ein von $k$ unabh\u00e4ngiger Faktor darf aus der Summe gezogen werden.<br \/>\n6. $\\displaystyle\\sum_{k=1}^{n}a_k = \\sum_{i=1}^{n}a_i$  Es ist egal, mit welchem Buchstaben der Summationsindex bezeichnet wird.<br \/>\n7. $\\displaystyle\\sum_{k=1}^n \\left(a_k+b_k\\right)=\\displaystyle\\sum_{k=1}^na_k+\\sum_{k=1}^nb_k$  Eine endliche Summe einer Summe darf umgeordnet werden.<br \/>\n8. $\\displaystyle\\sum_{k=1}^n 1 = n\\cdot 1$ H\u00e4ngt die Summe nicht von $k$ ab, so ist die Anzahl der Summanden f\u00fcr den Wert der Summe entscheidend.<br \/>\n<\/div>\n<div class=\"box info\">\n\\textbf{Tipp zu 8.:} Die Anzahl der Summanden einer Summe ergibt sich immer \u00fcber Obere Grenze $-$ untere Grenze $+1$\\grqq{}.<br \/>\n<\/div>\n<p>Anschlie\u00dfend betrachten wir ein \\textbf{Beispiel}, in welchem viele der oben aufgef\u00fchrten Regeln angewendet werden. Versuchen wir mit diesen den folgenden Term so weit wie m\u00f6glich zu vereinfachen, folgt diese Umformung:<\/p>\n<p>\\begin{align*}<br \/>\n\\begin{array}{rl}<br \/>\n    &#038;\\sum_{k=4}^{n}a_k+\\sum_{k=1}^{n+3}a_k+\\sum_{k=1}^{n}a_k+\\sum_{k=2}^3 a_k &#8211; \\sum_{i=1}^n a_i-a_1+2\\cdot\\sum_{k=1}^1 a_k+2a_{n+1}-\\sum_{k=n+1}^{n+3}a_k\\\\<br \/>\n    =&#038;\\underbrace{\\left(\\sum_{k=2}^3a_k+\\sum_{k=4}^na_k\\right)}_{\\text{Regel 2}}+\\underbrace{\\left(\\sum_{k=1}^na_k-\\sum_{i=1}^na_i\\right)}_{\\text{Regel 6}}+\\underbrace{\\left(\\sum_{k=1}^{n+3}a_k-\\sum_{k=n+1}^{n+3}a_k\\right)}_{\\text{Regel 2}}+\\left(2\\cdot\\sum_{k=1}^1a_k-a_1\\right)+2a_{n+1}\\\\<br \/>\n    =&#038;\\sum_{k=2}^{n}a_k+0+\\sum_{k=1}^na_k+\\left(2a_1-a_1\\right)+2a_{n+1} = \\underbrace{\\left(\\sum_{k=2}^na_k+a_1\\right)}_{\\text{Regel 4}}+\\sum_{k=1}^na_k+2a_{n+1}\\\\<br \/>\n    =&#038;\\sum_{k=1}^n a_k +\\sum_{k=1}^n a_k +2a_{n+1}=2\\cdot \\sum_{k=1}^n a_k  + 2a_{n+1}=2\\cdot\\underbrace{\\left(\\sum_{k=1}^n a_k+a_{n+1}\\right)}_{\\text{Regel 3}}=2\\cdot \\sum_{k=1}^{n+1} a_k<br \/>\n\\end{array}<br \/>\n\\end{align*}<\/p>\n<h3>Der kleine Gau\u00df<\/h3>\n<p>Nun m\u00f6chten wir die erste Regel zur Berechnung von Summen einf\u00fchren. Diese tr\u00e4gt basierend auf einer Anekdote des Mathematikers Carl Friedrich Gau\u00df den Namen \\glqq &#8222;der kleine Gau\u00df&#8220;. Die eigentliche Aufgabenstellung hierzu war die Berechnung der ersten $100$ nat\u00fcrlichen Zahlen, also <\/p>\n<p>\\begin{align*}<br \/>\n1+2+3+&#8230;+100 =~?<br \/>\n\\end{align*}<\/p>\n<p>Wir duplizieren diese Summe und schreiben sie in verkehrter Reihenfolge in eine zweite Zeile, also genau so:<\/p>\n<p>\\begin{align*}<br \/>\n\\begin{array}{ccccccccccccc}<br \/>\n0&#038;+&#038;1&#038;+&#038;2&#038;+&#038;&#8230;&#038;+&#038;98&#038;+&#038;99&#038;+&#038;100\\\\<br \/>\n100&#038;+&#038;99&#038;+&#038;98&#038;+&#038;&#8230;&#038;+&#038;2&#038;+&#038;1&#038;+&#038;0<br \/>\n\\end{array}<br \/>\n\\end{align*}<\/p>\n<p>Wir erkennen, dass die Summe in jeder Spalte stets den Wert $100$ ergibt. Die Anzahl der Spalten betr\u00e4gt in diesem Beispiel $101$ (da wir die $0$ mitz\u00e4hlen m\u00fcssen). Dementsprechend erhalten wir als Wert der doppelten Summe $101\\cdot 100$. Es gilt:<\/p>\n<p>\\begin{align*}<br \/>\n1+2+3+&#8230;+100 = \\frac{100\\cdot 101}{2} = 5.050<br \/>\n\\end{align*}<\/p>\n<p>Verallgemeinern l\u00e4sst sich dies auch f\u00fcr eine beliebige Anzahl von Summanden, sodass wir damit die Regel des kleinen Gau\u00df aufschreiben k\u00f6nnen:<\/p>\n<p>$\\textbf{Regel des kleinen Gau\u00df:}$<br \/>\n\\begin{align*}<br \/>\n\\sum_{k=1}^{n} k = \\frac{n\\cdot (n+1)}{2}<br \/>\n\\end{align*}<\/p>\n<p>Mit Hilfe der oben aufgef\u00fchrten Regel wollen wir nun folgenden Term berechnen:<\/p>\n<p>\\begin{align*}<br \/>\n\\sum_{k=1}^{50} \\left(3k-2\\right)<br \/>\n\\end{align*}<\/p>\n<p>Daf\u00fcr wenden wir zun\u00e4chst Regeln 5. und 7. aus unserer \u00dcbersicht an, um anschlie\u00dfend mit Hilfe des kleinen Gau\u00df&#8216; sowie Regel 8. die Summen zu berechnen:<\/p>\n<p>\\begin{align*}<br \/>\n\\sum_{k=1}^{50} \\left(3k-2\\right)&#038;=\\sum_{k=1}^{50} 3k &#8211; \\sum_{k=1}^{50}  2 =3\\sum_{k=1}^{50} k-2\\sum_{k=1}^{50}1\\\\<br \/>\n&#038;=3\\cdot\\frac{50\\cdot 51}{2} &#8211; 2\\cdot 50 =3.825 &#8211; 100= 3.725<br \/>\n\\end{align*}<\/p>\n<h3>Die geometrische Summenformel<\/h3>\n<p>Die zweite Rechenregel, die wir uns anschauen, ist die sogenannte \\textbf{geometrische Summenformel}. Die Herleitung m\u00f6chten wir an dieser Stelle nicht betrachten, da sie zum eigentlichen Rechnen wenig beitr\u00e4gt. Diese Summenformel wird oft beim Summieren von Potenzen angewandt. Im Folgenden werden wir verschiedene Formen darstellen. Dabei sei angemerkt, dass jede Darstellung f\u00fcr sich genommen korrekt ist. Es wird sich aber zeigen, dass manche Definitionen in manchen Situation weniger Rechenaufwand mit sich bringen. Eine nicht zwingende, aber unterst\u00fctzende Vorgehensweise w\u00e4re damit die Folgende:<\/p>\n<p>$\\textbf{Vorgehensweise:}$<br \/>\n1. Liegt eine Summe von Potenzen vor?<\/p>\n<p>2. Falls ja, was ist $q$?<\/p>\n<p>3. Beginnt die Summe bei $k=0$, ist der erste Summand gleich $1$, beginnt die Summe bei $k=1$, ist der erste Summand gleich $q$ oder beginnt die Summe sogar erst ab einem h\u00f6heren Wert $k=j$, also ist der erste Summand eine h\u00f6here Potenz $q^j$?<\/p>\n<p>4. Ist $q$ gr\u00f6\u00dfer oder kleiner als $1$?<\/p>\n<p>Die zugrunde liegende Summenformel lautet dabei f\u00fcr $q\\neq 1$:<br \/>\n\\begin{align*}<br \/>\n\\sum_{k=0}^n q^k &#038;= \\frac{1-q^{n+1}}{1-q}<br \/>\n\\end{align*}<\/p>\n<p>Anhand der Antworten der obigen Fragenliste betrachten wir leicht abgewandelte Formen. Beginnt die Summe erst bei $k=1$, so betrachten wir<\/p>\n<p>\\begin{align*}<br \/>\n\\sum_{k=1}^n q^k &#038;= \\frac{1-q^{n+1}}{1-q}-1.<br \/>\n\\end{align*}<\/p>\n<p>Seltener beginnt die Summenformel erst bei einer h\u00f6heren Potenz, hier $q^j$. Dies resultiert dann meist in der Berechnung von zwei Summen:<\/p>\n<p>\\begin{align*}<br \/>\n\\sum_{k=j}^n q^k  = \\frac{1-q^{n+1}}{1-q} -\\sum_{k=0}^{j-1} q^k = \\frac{1-q^{n+1}}{1-q}- \\frac{1-q^j}{1-q} =\\frac{q^j-q^{n+1}}{1-q}<br \/>\n\\end{align*}<\/p>\n<p>Zus\u00e4tzlich lohnt es sich bei einem Wert von $q>1$ die Reihenfolge zu \u00e4ndern, also<\/p>\n<p>\\begin{align*}<br \/>\n\\sum_{k=0}^n q^k = \\frac{q^{n+1}-1}{q-1}<br \/>\n\\end{align*}<\/p>\n<p>zu berechnen, um weniger Probleme mit negativen Vorzeichen zu bekommen, die sonst im Z\u00e4hler und Nenner entstehen. Wichtig ist hierbei, dass dies nur erlaubt ist, wenn die Reihenfolge sowohl im Z\u00e4hler als auch im Nenner getauscht wird! Nat\u00fcrlich k\u00f6nnen wir bei den angepassten Beispielen, bei denen die Summe nicht mit $k=0$ beginnt, ebenfalls die Reihenfolge \u00e4ndern. Wir schauen uns das an zwei Beispielen mal genauer an:<br \/>\n$\\textbf{Beispiel}$ Wir betrachten die Summe:<\/p>\n<p>\\begin{align*}<br \/>\n1+\\frac{1}{2}+\\frac{1}{4}+\\frac{1}{8}+\\frac{1}{16}+&#8230;+\\frac{1}{2048} =~?<br \/>\n\\end{align*}<\/p>\n<p>Hierbei gehen wir der Einfachheit halber nach der empfohlenen Weise vor. Wir erkennen, dass es sich um eine Summe von Potenzen handelt, n\u00e4mlich mit $q=\\frac{1}{2}$, denn die ersten Potenzen von $q$ sind $q^0=1$, $q^1 =\\frac{1}{2}$, $q^2=\\frac{1}{4}$ und $q^3=\\frac{1}{8}$. Um den obersten Index zu bestimmen, rechnen wir nach, dass $\\left(\\frac{1}{2}\\right)^{11}=\\frac{1}{2048}$ gilt. Damit erhalten wir die kompakte Schreibweise:<\/p>\n<p>\\begin{align*}<br \/>\n1+\\frac{1}{2}+\\frac{1}{4}+\\frac{1}{8}+\\frac{1}{16}+&#8230;+\\frac{1}{2.048} = \\sum_{k=0}^{11} \\left(\\frac{1}{2}\\right)^k<br \/>\n\\end{align*}<\/p>\n<p>Da die Summe mit $1$ also $q^0$ beginnt und zus\u00e4tzlich $\\frac{1}{2}<1$ ist, berechnen wir den Wert der Summe wie folgt:\n\n\\begin{align*}\n\\sum_{k=0}^{11} \\left(\\frac{1}{2}\\right)^k=\\frac{1-\\left(\\frac{1}{2}\\right)^{12}}{1-\\frac{1}{2}}\n=\\frac{1-\\frac{1}{4.096}}{\\frac{1}{2}}  =2\\cdot \\frac{4.095}{4.096}\n=\\frac{4.095}{2.048}\\approx 1{,}9995\n\\end{align*}\n\n$\\textbf{Beispiel}$ Wir betrachten die Summe:\n\\begin{align*}\n100+1.000+10.000+...+10.000.000.000 =~?\n\\end{align*}\n\n\nWir erkennen, dass die Summe nicht bei $1$ beginnt. F\u00fcr den Wert $q$ springen eventuell schnell die Werte $10$ und $100$ in den Vordergrund. Dabei k\u00f6nnen wir $100$ ausschlie\u00dfen, da $100^2=10.000$ nicht der zweite Summand ist. So folgern wir, dass $q=10$ gilt. Der erste Summand ist dabei $100=10^2$ und der Letzte $10.000.000.000 =10^{10}$. Da $q=10>1$ ist, berechnen wir die Summe wie folgt:<\/p>\n<p>\\begin{align*}<br \/>\n\\sum_{k=2}^{10} 10^k = \\frac{10^{11}-1}{10-1}-\\frac{10^2-1}{10-1} =11.111.111.111 &#8211; 11 = 11.111.111.100<br \/>\n\\end{align*}<\/p>\n","protected":false},"excerpt":{"rendered":"<p>In diesem Artikel erkl\u00e4ren wir euch die Regeln und Berechnung von $\\textbf{Summen}$. Daf\u00fcr f\u00fchren wir zun\u00e4chst das Summenzeichen als abk\u00fcrzende Schreibweise ein und betrachten Regeln, welche uns zum Einen die Aufstellung solcher Summen, aber zum Anderen auch die Berechnung erleichtern werden. Abschlie\u00dfen werden wir das Kapitel mit dem \u00dcbergang zu Folgen von Partialsummen, den sogenannten [&hellip;]<\/p>\n","protected":false},"author":3,"featured_media":0,"parent":6291,"menu_order":0,"comment_status":"closed","ping_status":"closed","template":"","meta":[],"categories":[74],"tags":[],"yoast_head":"<!-- This site is optimized with the Yoast SEO plugin v14.7 - https:\/\/yoast.com\/wordpress\/plugins\/seo\/ -->\n<title>Summen verst\u00e4ndlich erkl\u00e4rt - StudyHelp Online-Lernen<\/title>\n<meta name=\"description\" content=\"Wir erkl\u00e4rech euch die Regeln und Berechnung von Summen. Mit vielen Beispielen und kostenlosen Erkl\u00e4videos zum Thema Summen!\" \/>\n<meta name=\"robots\" content=\"index, follow\" \/>\n<meta name=\"googlebot\" content=\"index, follow, max-snippet:-1, max-image-preview:large, max-video-preview:-1\" \/>\n<meta name=\"bingbot\" content=\"index, follow, max-snippet:-1, max-image-preview:large, max-video-preview:-1\" \/>\n<link rel=\"canonical\" href=\"https:\/\/www.studyhelp.de\/online-lernen\/mathe\/summen\/\" \/>\n<meta property=\"og:locale\" content=\"de_DE\" \/>\n<meta property=\"og:type\" content=\"article\" \/>\n<meta property=\"og:title\" content=\"Summen verst\u00e4ndlich erkl\u00e4rt - StudyHelp Online-Lernen\" \/>\n<meta property=\"og:description\" content=\"Wir erkl\u00e4rech euch die Regeln und Berechnung von Summen. Mit vielen Beispielen und kostenlosen Erkl\u00e4videos zum Thema Summen!\" \/>\n<meta property=\"og:url\" content=\"https:\/\/www.studyhelp.de\/online-lernen\/mathe\/summen\/\" \/>\n<meta property=\"og:site_name\" content=\"StudyHelp Online-Lernen\" \/>\n<meta property=\"article:modified_time\" content=\"2020-12-15T10:12:32+00:00\" \/>\n<meta name=\"twitter:card\" content=\"summary_large_image\" \/>\n<script type=\"application\/ld+json\" class=\"yoast-schema-graph\">{\"@context\":\"https:\/\/schema.org\",\"@graph\":[{\"@type\":\"WebSite\",\"@id\":\"https:\/\/www.studyhelp.de\/online-lernen\/#website\",\"url\":\"https:\/\/www.studyhelp.de\/online-lernen\/\",\"name\":\"StudyHelp Online-Lernen\",\"description\":\"\",\"potentialAction\":[{\"@type\":\"SearchAction\",\"target\":\"https:\/\/www.studyhelp.de\/online-lernen\/?s={search_term_string}\",\"query-input\":\"required name=search_term_string\"}],\"inLanguage\":\"de-DE\"},{\"@type\":\"WebPage\",\"@id\":\"https:\/\/www.studyhelp.de\/online-lernen\/mathe\/summen\/#webpage\",\"url\":\"https:\/\/www.studyhelp.de\/online-lernen\/mathe\/summen\/\",\"name\":\"Summen verst\\u00e4ndlich erkl\\u00e4rt - StudyHelp Online-Lernen\",\"isPartOf\":{\"@id\":\"https:\/\/www.studyhelp.de\/online-lernen\/#website\"},\"datePublished\":\"2020-12-15T09:15:23+00:00\",\"dateModified\":\"2020-12-15T10:12:32+00:00\",\"description\":\"Wir erkl\\u00e4rech euch die Regeln und Berechnung von Summen. Mit vielen Beispielen und kostenlosen Erkl\\u00e4videos zum Thema Summen!\",\"inLanguage\":\"de-DE\",\"potentialAction\":[{\"@type\":\"ReadAction\",\"target\":[\"https:\/\/www.studyhelp.de\/online-lernen\/mathe\/summen\/\"]}]}]}<\/script>\n<!-- \/ Yoast SEO plugin. -->","_links":{"self":[{"href":"https:\/\/www.studyhelp.de\/online-lernen\/wp-json\/wp\/v2\/pages\/16559"}],"collection":[{"href":"https:\/\/www.studyhelp.de\/online-lernen\/wp-json\/wp\/v2\/pages"}],"about":[{"href":"https:\/\/www.studyhelp.de\/online-lernen\/wp-json\/wp\/v2\/types\/page"}],"author":[{"embeddable":true,"href":"https:\/\/www.studyhelp.de\/online-lernen\/wp-json\/wp\/v2\/users\/3"}],"replies":[{"embeddable":true,"href":"https:\/\/www.studyhelp.de\/online-lernen\/wp-json\/wp\/v2\/comments?post=16559"}],"version-history":[{"count":19,"href":"https:\/\/www.studyhelp.de\/online-lernen\/wp-json\/wp\/v2\/pages\/16559\/revisions"}],"predecessor-version":[{"id":16579,"href":"https:\/\/www.studyhelp.de\/online-lernen\/wp-json\/wp\/v2\/pages\/16559\/revisions\/16579"}],"up":[{"embeddable":true,"href":"https:\/\/www.studyhelp.de\/online-lernen\/wp-json\/wp\/v2\/pages\/6291"}],"wp:attachment":[{"href":"https:\/\/www.studyhelp.de\/online-lernen\/wp-json\/wp\/v2\/media?parent=16559"}],"wp:term":[{"taxonomy":"category","embeddable":true,"href":"https:\/\/www.studyhelp.de\/online-lernen\/wp-json\/wp\/v2\/categories?post=16559"},{"taxonomy":"post_tag","embeddable":true,"href":"https:\/\/www.studyhelp.de\/online-lernen\/wp-json\/wp\/v2\/tags?post=16559"}],"curies":[{"name":"wp","href":"https:\/\/api.w.org\/{rel}","templated":true}]}}