{"id":16806,"date":"2021-08-25T11:40:57","date_gmt":"2021-08-25T09:40:57","guid":{"rendered":"https:\/\/www.studyhelp.de\/online-lernen\/?page_id=16806"},"modified":"2021-08-26T10:41:37","modified_gmt":"2021-08-26T08:41:37","slug":"schueler-karriere","status":"publish","type":"page","link":"https:\/\/www.studyhelp.de\/online-lernen\/schueler-karriere\/","title":{"rendered":"Freie Studien- &#038; Ausbildungspl\u00e4tze"},"content":{"rendered":"<h1>Willkommen auf dem Stellenmarkt von sch\u00fclerkarriere.de<\/h1>\n<p>Auf dieser Seite findest du die freien Studien- und Ausbildungspl\u00e4tze in deiner N\u00e4he. Suche jetzt einfach nach einem passenden Stellenangebot. Nutze hierf\u00fcr zus\u00e4tzlich die Filterfunktion f\u00fcr eine schnellere Suche.<\/p>\n<p><sk-partner page=\"jobs\" target=\"StudyHelp\" job-template=\"\/online-lernen\/schueler-karriere-job?id=${ job.id }\"><\/sk-partner><\/p>\n","protected":false},"excerpt":{"rendered":"<p>Willkommen auf dem Stellenmarkt von sch\u00fclerkarriere.de Auf dieser Seite findest du die freien Studien- und Ausbildungspl\u00e4tze in deiner N\u00e4he. Suche jetzt einfach nach einem passenden Stellenangebot. Nutze hierf\u00fcr zus\u00e4tzlich die Filterfunktion f\u00fcr eine schnellere Suche.<\/p>\n","protected":false},"author":13,"featured_media":0,"parent":0,"menu_order":0,"comment_status":"closed","ping_status":"closed","template":"page-home.php","meta":[],"categories":[1],"tags":[],"yoast_head":"<!-- This site is optimized with the Yoast SEO plugin v14.7 - https:\/\/yoast.com\/wordpress\/plugins\/seo\/ -->\n<title>Freie Studien- &amp; Ausbildungspl\u00e4tze - StudyHelp Online-Lernen<\/title>\n<meta name=\"robots\" content=\"index, follow\" \/>\n<meta name=\"googlebot\" content=\"index, follow, max-snippet:-1, max-image-preview:large, max-video-preview:-1\" \/>\n<meta name=\"bingbot\" content=\"index, follow, max-snippet:-1, max-image-preview:large, max-video-preview:-1\" \/>\n<link rel=\"canonical\" href=\"https:\/\/www.studyhelp.de\/online-lernen\/schueler-karriere\/\" \/>\n<meta property=\"og:locale\" content=\"de_DE\" \/>\n<meta property=\"og:type\" content=\"article\" \/>\n<meta property=\"og:title\" content=\"Freie Studien- &amp; Ausbildungspl\u00e4tze - StudyHelp Online-Lernen\" \/>\n<meta property=\"og:description\" content=\"Willkommen auf dem Stellenmarkt von sch\u00fclerkarriere.de Auf dieser Seite findest du die freien Studien- und Ausbildungspl\u00e4tze in deiner N\u00e4he. Suche jetzt einfach nach einem passenden Stellenangebot. Nutze hierf\u00fcr zus\u00e4tzlich die Filterfunktion f\u00fcr eine schnellere Suche.\" \/>\n<meta property=\"og:url\" content=\"https:\/\/www.studyhelp.de\/online-lernen\/schueler-karriere\/\" \/>\n<meta property=\"og:site_name\" content=\"StudyHelp Online-Lernen\" \/>\n<meta property=\"article:modified_time\" content=\"2021-08-26T08:41:37+00:00\" \/>\n<meta name=\"twitter:card\" content=\"summary_large_image\" \/>\n<script type=\"application\/ld+json\" class=\"yoast-schema-graph\">{\"@context\":\"https:\/\/schema.org\",\"@graph\":[{\"@type\":\"WebSite\",\"@id\":\"https:\/\/www.studyhelp.de\/online-lernen\/#website\",\"url\":\"https:\/\/www.studyhelp.de\/online-lernen\/\",\"name\":\"StudyHelp Online-Lernen\",\"description\":\"\",\"potentialAction\":[{\"@type\":\"SearchAction\",\"target\":\"https:\/\/www.studyhelp.de\/online-lernen\/?s={search_term_string}\",\"query-input\":\"required name=search_term_string\"}],\"inLanguage\":\"de-DE\"},{\"@type\":\"WebPage\",\"@id\":\"https:\/\/www.studyhelp.de\/online-lernen\/schueler-karriere\/#webpage\",\"url\":\"https:\/\/www.studyhelp.de\/online-lernen\/schueler-karriere\/\",\"name\":\"Freie Studien- & Ausbildungspl\\u00e4tze - StudyHelp Online-Lernen\",\"isPartOf\":{\"@id\":\"https:\/\/www.studyhelp.de\/online-lernen\/#website\"},\"datePublished\":\"2021-08-25T09:40:57+00:00\",\"dateModified\":\"2021-08-26T08:41:37+00:00\",\"inLanguage\":\"de-DE\",\"potentialAction\":[{\"@type\":\"ReadAction\",\"target\":[\"https:\/\/www.studyhelp.de\/online-lernen\/schueler-karriere\/\"]}]}]}<\/script>\n<!-- \/ Yoast SEO plugin. -->","_links":{"self":[{"href":"https:\/\/www.studyhelp.de\/online-lernen\/wp-json\/wp\/v2\/pages\/16806"}],"collection":[{"href":"https:\/\/www.studyhelp.de\/online-lernen\/wp-json\/wp\/v2\/pages"}],"about":[{"href":"https:\/\/www.studyhelp.de\/online-lernen\/wp-json\/wp\/v2\/types\/page"}],"author":[{"embeddable":true,"href":"https:\/\/www.studyhelp.de\/online-lernen\/wp-json\/wp\/v2\/users\/13"}],"replies":[{"embeddable":true,"href":"https:\/\/www.studyhelp.de\/online-lernen\/wp-json\/wp\/v2\/comments?post=16806"}],"version-history":[{"count":15,"href":"https:\/\/www.studyhelp.de\/online-lernen\/wp-json\/wp\/v2\/pages\/16806\/revisions"}],"predecessor-version":[{"id":16846,"href":"https:\/\/www.studyhelp.de\/online-lernen\/wp-json\/wp\/v2\/pages\/16806\/revisions\/16846"}],"wp:attachment":[{"href":"https:\/\/www.studyhelp.de\/online-lernen\/wp-json\/wp\/v2\/media?parent=16806"}],"wp:term":[{"taxonomy":"category","embeddable":true,"href":"https:\/\/www.studyhelp.de\/online-lernen\/wp-json\/wp\/v2\/categories?post=16806"},{"taxonomy":"post_tag","embeddable":true,"href":"https:\/\/www.studyhelp.de\/online-lernen\/wp-json\/wp\/v2\/tags?post=16806"}],"curies":[{"name":"wp","href":"https:\/\/api.w.org\/{rel}","templated":true}]}}