{"id":16855,"date":"2021-10-13T18:17:01","date_gmt":"2021-10-13T16:17:01","guid":{"rendered":"https:\/\/www.studyhelp.de\/online-lernen\/?page_id=16855"},"modified":"2021-10-14T16:02:20","modified_gmt":"2021-10-14T14:02:20","slug":"loesungen-zu-lineare-algebra-fuer-lehramt","status":"publish","type":"page","link":"https:\/\/www.studyhelp.de\/online-lernen\/loesungen-zu-lineare-algebra-fuer-lehramt\/","title":{"rendered":"L\u00f6sungen zu Lineare Algebra 1 f\u00fcr Lehramt"},"content":{"rendered":"<p>Hier findest du die L\u00f6sungen zu den Aufgaben aus dem Lernheft <em>Lineare Algebra 1 f\u00fcr Lehramt<\/em>!<\/p>\n<p style=\"text-align: center;\"><a href=\"https:\/\/www.studyhelp.de\/online-lernen\/wp-content\/uploads\/2021\/10\/LineareAlgebra_loesungen.pdf\" class=\"pdfemb-viewer\" style=\"\" data-width=\"max\" data-height=\"max\" data-toolbar=\"top\" data-toolbar-fixed=\"on\">L\u00f6sungen zum Lernheft Lineare Algebra 1<\/a><\/p>\n","protected":false},"excerpt":{"rendered":"<p>Hier findest du die L\u00f6sungen zu den Aufgaben aus dem Lernheft Lineare Algebra 1 f\u00fcr Lehramt!<\/p>\n","protected":false},"author":5,"featured_media":0,"parent":0,"menu_order":0,"comment_status":"closed","ping_status":"closed","template":"","meta":[],"categories":[],"tags":[],"yoast_head":"<!-- This site is optimized with the Yoast SEO plugin v14.7 - https:\/\/yoast.com\/wordpress\/plugins\/seo\/ -->\n<title>L\u00f6sungen zu Lineare Algebra 1 f\u00fcr Lehramt - StudyHelp Online-Lernen<\/title>\n<meta name=\"robots\" content=\"index, follow\" \/>\n<meta name=\"googlebot\" content=\"index, follow, max-snippet:-1, max-image-preview:large, max-video-preview:-1\" \/>\n<meta name=\"bingbot\" content=\"index, follow, max-snippet:-1, max-image-preview:large, max-video-preview:-1\" \/>\n<link rel=\"canonical\" href=\"https:\/\/www.studyhelp.de\/online-lernen\/loesungen-zu-lineare-algebra-fuer-lehramt\/\" \/>\n<meta property=\"og:locale\" content=\"de_DE\" \/>\n<meta property=\"og:type\" content=\"article\" \/>\n<meta property=\"og:title\" content=\"L\u00f6sungen zu Lineare Algebra 1 f\u00fcr Lehramt - StudyHelp Online-Lernen\" \/>\n<meta property=\"og:description\" content=\"Hier findest du die L\u00f6sungen zu den Aufgaben aus dem Lernheft Lineare Algebra 1 f\u00fcr Lehramt!\" \/>\n<meta property=\"og:url\" content=\"https:\/\/www.studyhelp.de\/online-lernen\/loesungen-zu-lineare-algebra-fuer-lehramt\/\" \/>\n<meta property=\"og:site_name\" content=\"StudyHelp Online-Lernen\" \/>\n<meta property=\"article:modified_time\" content=\"2021-10-14T14:02:20+00:00\" \/>\n<meta name=\"twitter:card\" content=\"summary_large_image\" \/>\n<script type=\"application\/ld+json\" class=\"yoast-schema-graph\">{\"@context\":\"https:\/\/schema.org\",\"@graph\":[{\"@type\":\"WebSite\",\"@id\":\"https:\/\/www.studyhelp.de\/online-lernen\/#website\",\"url\":\"https:\/\/www.studyhelp.de\/online-lernen\/\",\"name\":\"StudyHelp Online-Lernen\",\"description\":\"\",\"potentialAction\":[{\"@type\":\"SearchAction\",\"target\":\"https:\/\/www.studyhelp.de\/online-lernen\/?s={search_term_string}\",\"query-input\":\"required name=search_term_string\"}],\"inLanguage\":\"de-DE\"},{\"@type\":\"WebPage\",\"@id\":\"https:\/\/www.studyhelp.de\/online-lernen\/loesungen-zu-lineare-algebra-fuer-lehramt\/#webpage\",\"url\":\"https:\/\/www.studyhelp.de\/online-lernen\/loesungen-zu-lineare-algebra-fuer-lehramt\/\",\"name\":\"L\\u00f6sungen zu Lineare Algebra 1 f\\u00fcr Lehramt - StudyHelp Online-Lernen\",\"isPartOf\":{\"@id\":\"https:\/\/www.studyhelp.de\/online-lernen\/#website\"},\"datePublished\":\"2021-10-13T16:17:01+00:00\",\"dateModified\":\"2021-10-14T14:02:20+00:00\",\"inLanguage\":\"de-DE\",\"potentialAction\":[{\"@type\":\"ReadAction\",\"target\":[\"https:\/\/www.studyhelp.de\/online-lernen\/loesungen-zu-lineare-algebra-fuer-lehramt\/\"]}]}]}<\/script>\n<!-- \/ Yoast SEO plugin. -->","_links":{"self":[{"href":"https:\/\/www.studyhelp.de\/online-lernen\/wp-json\/wp\/v2\/pages\/16855"}],"collection":[{"href":"https:\/\/www.studyhelp.de\/online-lernen\/wp-json\/wp\/v2\/pages"}],"about":[{"href":"https:\/\/www.studyhelp.de\/online-lernen\/wp-json\/wp\/v2\/types\/page"}],"author":[{"embeddable":true,"href":"https:\/\/www.studyhelp.de\/online-lernen\/wp-json\/wp\/v2\/users\/5"}],"replies":[{"embeddable":true,"href":"https:\/\/www.studyhelp.de\/online-lernen\/wp-json\/wp\/v2\/comments?post=16855"}],"version-history":[{"count":2,"href":"https:\/\/www.studyhelp.de\/online-lernen\/wp-json\/wp\/v2\/pages\/16855\/revisions"}],"predecessor-version":[{"id":16858,"href":"https:\/\/www.studyhelp.de\/online-lernen\/wp-json\/wp\/v2\/pages\/16855\/revisions\/16858"}],"wp:attachment":[{"href":"https:\/\/www.studyhelp.de\/online-lernen\/wp-json\/wp\/v2\/media?parent=16855"}],"wp:term":[{"taxonomy":"category","embeddable":true,"href":"https:\/\/www.studyhelp.de\/online-lernen\/wp-json\/wp\/v2\/categories?post=16855"},{"taxonomy":"post_tag","embeddable":true,"href":"https:\/\/www.studyhelp.de\/online-lernen\/wp-json\/wp\/v2\/tags?post=16855"}],"curies":[{"name":"wp","href":"https:\/\/api.w.org\/{rel}","templated":true}]}}