{"id":16862,"date":"2021-10-20T11:11:17","date_gmt":"2021-10-20T09:11:17","guid":{"rendered":"https:\/\/www.studyhelp.de\/online-lernen\/?page_id=16862"},"modified":"2022-11-15T11:48:47","modified_gmt":"2022-11-15T10:48:47","slug":"mathe-abi-kursbuch-2022-loesungen","status":"publish","type":"page","link":"https:\/\/www.studyhelp.de\/online-lernen\/mathe-abi-kursbuch-2022-loesungen\/","title":{"rendered":"Mathe Abitur &#8211; Studienkreis"},"content":{"rendered":"<p>Hi und herzlich Willkommen! Hier sammeln wir ein paar n\u00fctzliche Dinge f\u00fcr dich.<\/p>\n<ul>\n<li><a href=\"#solutions-mathe-abi-studienkreis\">L\u00f6sungen zu deinem Mathe ABI Kursbuch<\/a><\/li>\n<li><a href=\"#tabellen-binomialverteilung\">Tabellen f\u00fcr Binomialverteilungen<\/a><\/li>\n<li><a href=\"#wissenswertes-zum-abi\">Weitere Informationen zu deinem Mathe ABI<\/a><\/li>\n<\/ul>\n<hr \/>\n<h2 id=\"solutions-mathe-abi-studienkreis\">L\u00f6sungen zum Kursbuch<\/h2>\n<a href=\"https:\/\/www.studyhelp.de\/online-lernen\/wp-content\/uploads\/2021\/10\/matheabi2022-lsg-Kurse.pdf\" class=\"pdfemb-viewer\" style=\"\" data-width=\"max\" data-height=\"max\" data-toolbar=\"top\" data-toolbar-fixed=\"on\">Mathe Abi L\u00f6sungen<\/a>\n<hr \/>\n<h2 id=\"tabellen-binomialverteilung\">Tabellen f\u00fcr Binomialverteilungen<\/h2>\n<a href=\"https:\/\/www.studyhelp.de\/online-lernen\/wp-content\/uploads\/2022\/09\/anhang-tabelle_merged.pdf\" class=\"pdfemb-viewer\" style=\"\" data-width=\"max\" data-height=\"max\" data-toolbar=\"top\" data-toolbar-fixed=\"on\">Tabellen f\u00fcr Bionomial- und Normalverteilungen<\/a>\n<hr \/>\n<h2 id=\"wissenswertes-zum-abi\">Informationen zu deinem Mathe ABI<\/h2>\n<p>Hier werden wir nach und nach weitere n\u00fctzliche Infos f\u00fcr deine Mathe Abitur Pr\u00fcfung sammeln. In allen Bundesl\u00e4ndern ist die Abiturpr\u00fcfung im Fach Mathematik in zwei Pr\u00fcfungsteile gegliedert: Einen Pflichtteil ohne Hilfsmittel, den jeder der SuS machen muss und und einen (Wahl-)Teil, wo der Einsatz von Hilfsmitteln erlaubt ist. Beachte bitte, dass nicht alle Bundesl\u00e4nder die Vorgaben f\u00fcr die Pr\u00fcfung so offen kommunizieren. Aus diesem Grund haben wir nicht f\u00fcr jedes Bundesland Informationen vorliegen.<\/p>\n<ul>\n<li><a href=\"#vorgabe-bayern\">Bayern<\/a><\/li>\n<li><a href=\"#vorgabe-bawu\">Baden-W\u00fcrttemberg<\/a><\/li>\n<li><a href=\"#vorgabe-hessen\">Hessen<\/a><\/li>\n<li><a href=\"#vorgabe-nrw\">Nordrhein-Westfalen<\/a><\/li>\n<\/ul>\n<hr \/>\n<h3 id=\"vorgabe-bayern\">Hinweise zur schriftlichen Abiturpr\u00fcfung &#8211; Bayern<\/h3>\n<p><em>Hinweis: Die Informationen stammen von isb.bayern.de!<\/em><\/p>\n<p>Wie f\u00fcr die Sch\u00fclerinnen und Sch\u00fcler in Abiturjahrg\u00e4ngen 2021 und 2022 werden auch f\u00fcr die Sch\u00fclerinnen und Sch\u00fcler im Abiturjahrgang 2023 (Q11 des Schuljahres 2021\/2022) aufgrund der pandemiebedingten Beeintr\u00e4chtigungen Inhalte ausgewiesen, die f\u00fcr die schriftliche Abiturpr\u00fcfung 2023 nicht pr\u00fcfungsrelevant sind. Angesichts der Tatsache, dass die Gymnasien zum Teil in sehr unterschiedlicher Weise von den Auswirkungen der Pandemie betroffen waren und sind, soll die Ma\u00dfnahme zur Entlastung der Sch\u00fclerinnen und Sch\u00fcler beitragen und Planungssicherheit f\u00fcr die Abiturvorbereitung schaffen.<\/p>\n<p>Im Fach Mathematik geh\u00f6ren die untenstehenden Fachinhalte nicht zu den inhaltlichen Grundlagen der schriftlichen Abiturpr\u00fcfung 2023 im Sinne von \u00a7 48 Abs. 3 GSO. Alle nicht aufgef\u00fchrten Fachinhalte der Jahrgangsstufen 11 und 12 sind in vollem Umfang abiturpr\u00fcfungsrelevant.<\/p>\n<p><strong>Ausgeschlossene Themen f\u00fcr 2023:<\/strong><\/p>\n<ul>\n<li>Aus dem Sachgebiet <strong>Analysis<\/strong>:\n<ul>\n<li>Integralfunktion<\/li>\n<li>Sinus- und Kosinusfunktion<\/li>\n<li>Newton-Verfahren<\/li>\n<\/ul>\n<\/li>\n<li>Aus dem Sachgebiet <strong>Stochastik<\/strong>:\n<ul>\n<li>Signifikanztest<\/li>\n<\/ul>\n<\/li>\n<li>Aus dem Sachgebiet <strong>Geometrie<\/strong>:\n<ul>\n<li>Bestimmung einer Gleichung der Schnittgerade von Ebenen<\/li>\n<li>Bestimmung des Abstands windschiefer Geraden<\/li>\n<\/ul>\n<\/li>\n<\/ul>\n<p><strong>Themen, die in 2023 vorkommen k\u00f6nnen:<\/strong><\/p>\n<ul>\n<li>Aus dem Sachgebiet <strong>Analysis<\/strong>:<br \/>\nMithilfe der Analysis werden Funktionen hinsichtlich ihrer Stetigkeit, Integrierbarkeit und Differenzierbarkeit untersucht. Zu den Schwerpunkten im Themengebiet Analysis z\u00e4hlt die Differenzialrechnung mit der Kurvendiskussion. In der Pr\u00fcfung werden speziell Fragen zu linearen Gleichungen und Gleichungssystemen, quadratischen Gleichungen (Mitternachtsformel), linearen und quadratischen Ungleichungen, Potenz- und Logarithmengesetzen sowie zu Exponential- und Logarithmusgleichungen gestellt. Au\u00dferdem solltest du dich mit Funktionen und Graphen, der Differenzialrechnung und Integralrechnung auskennen.<\/li>\n<li>Aus dem Sachgebiet <strong>Stochastik<\/strong>:<br \/>\nDie Stochastik wird als Mathematik der Daten und des Zufalls bezeichnet. Dieses wichtige Teilgebiet der Mathematik besteht aus den beiden Bereichen mathematische Statistik und Wahrscheinlichkeitstheorie. Im Mathe-Abitur solltest du in der Lage sein, die Wahrscheinlichkeit oder den Zufall von Ereignissen zu berechnen. Um diesen Teil der Mathematik-Pr\u00fcfung erfolgreich abzuschlie\u00dfen, solltest du die Wahrscheinlichkeitsberechnung, den Additionssatz f\u00fcr Wahrscheinlichkeiten, bedingte Wahrscheinlichkeiten, mehrstufige Zufallsexperimente sowie die beurteilende Statistik beherrschen.<\/li>\n<li>Aus dem Sachgebiet <strong>Geometrie<\/strong>:<br \/>\nIn der analytischen Geometrie werden geometrische Probleme rechnerisch mithilfe von Algebra gel\u00f6st. Als Teilgebiet der Mathematik besch\u00e4ftigt sich die lineare Algebra mit Vektorr\u00e4umen sowie mit linearen Abbildungen zwischen diesen. Zu den Pr\u00fcfungsanforderungen z\u00e4hlt auch die Betrachtung von linearen Gleichungssystemen und Matrizen.<\/li>\n<\/ul>\n<hr \/>\n<h3 id=\"vorgabe-bawu\">Hinweise zur schriftlichen Abiturpr\u00fcfung &#8211; Baden-W\u00fcrttemberg (Leistungsfach)<\/h3>\n<p><em>Hinweis: Die Informationen stammen von rp.baden-wuerttemberg.de!<\/em><\/p>\n<p>Die Angabe <em>\u201enicht\u201c<\/em> bedeutet jeweils, dass Sch\u00fclerinnen und Sch\u00fcler in Bezug auf diesen Inhalt \u00fcber keine spezifischen Kompetenzen verf\u00fcgen m\u00fcssen; sie bedeutet aber nicht, dass dieser Inhalt in keiner Form Gegenstand der schriftlichen Pr\u00fcfung sein kann. Die Angabe <em>\u201eneu\u201c<\/em> bedeutet jeweils, dass dieser Inhalt erstmals im Abitur 2023 Gegenstand der schriftlichen Pr\u00fcfung sein wird.<\/p>\n<p><strong>Inhalte, die in 2023 erstmalig vorkommen k\u00f6nnen:<\/strong><\/p>\n<ul>\n<li>Aus dem Sachgebiet <strong>Analysis<\/strong>:\n<ul>\n<li>Wurzelfunktion<\/li>\n<li>ln-Funktion<\/li>\n<li>Umkehrfunktion<\/li>\n<\/ul>\n<\/li>\n<li>Aus dem Sachgebiet <strong>Stochastik<\/strong>:\n<ul>\n<li>elementare Kombinatorik<\/li>\n<li>Vierfeldertafeln<\/li>\n<li>bedingte Wahrscheinlichkeit<\/li>\n<li>stochastische Unabh\u00e4ngigkeit<\/li>\n<\/ul>\n<\/li>\n<li>Aus dem Sachgebiet <strong>Geometrie<\/strong>:\n<ul>\n<li>Vektorprodukt<\/li>\n<\/ul>\n<\/li>\n<\/ul>\n<p><strong>Themen, die in 2023 vorkommen k\u00f6nnen:<\/strong><\/p>\n<ul>\n<li>Aus dem Sachgebiet <strong>Analysis<\/strong>:<br \/>\nKenntnis grundlegender Funktionstypen und ihrer charakteristischen Eigenschaften: Potenzfunktionen,<br \/>\nganzrationale Funktionen Wurzelfunktionen (neu), trigonometrische Funktionen, einfache gebrochen-rationale Funktionen, nat\u00fcrliche Exponentialfunktion ln-Funktion (neu) \/ Wirkung von Parametern, insbesondere: Verschiebungen und Streckungen in x- und y-Richtung, Spiegelungen an x- bzw. y-Achse \/ Zusammengesetzte Funktionen: Summen, Differenzen einfache Produkte, Quotienten, einfache Verkettungen \/ Umkehrfunktion (neu): Definitions- und Wertemenge, Graph, Funktionsterm \/ Bestimmung von Funktionen mit vorgegebenen Eigenschaften \/ Funktionenscharen: (nicht) Ortslinien \/ Ableitung (auch h\u00f6here Ableitungen) \/ \u00c4nderungsrate \/ Ableitungsfunktion \/ Tangente und Normale \/ Ableitungsregeln: Summen- und Faktorregel, Potenzregel, Produktregel<br \/>\nKettenregel \/ Untersuchung von Funktionen und Graphen, insbesondere: Definitions- und Wertemenge, Nullstellen, Symmetrie, Grenzverhalten, senkrechte und waagerechte Asymptoten, Monotonie, Kr\u00fcmmungsverhalten, Extrempunkte, Wendepunkte \/ Anwendung der Differenzialrechnung, insbesondere: Extremwertbestimmungen, auch mit Nebenbedingungen \/ Stammfunktionen: Summenregel, Faktorregel, lineare Substitution, (nicht:) Stammfunktion der ln-Funktion \/ Integral(-funktion) \/ Hauptsatz der Differential- und Integralrechnung \/ Anwendungen der Integralrechnung: Fl\u00e4cheninhalte (auch unbegrenzte Fl\u00e4chen), rekonstruierter Bestand, Volumen von Rotationsk\u00f6rpern, (nicht:) Mittelwert \/ (nicht:) N\u00e4herungsverfahren (zur Bestimmung von Nullstellen bzw. der Eulerschen Zahl)<\/li>\n<li>Aus dem Sachgebiet <strong>Stochastik<\/strong>:<br \/>\nelementare Kombinatorik (neu) \/ mehrstufige Zufallsexperimente, Baumdiagramme, Pfadregeln, Vierfeldertafeln (neu) \/ bedingte Wahrscheinlichkeit, stochastische Unabh\u00e4ngigkeit (neu) \/ diskrete Zufallsgr\u00f6\u00dfe: Wahrscheinlichkeitsverteilung, Erwartungswert \/ Binomialverteilung: Formel von Bernoulli, Erwartungswert, Standardabweichung, Histogramme \/ Testen von Hypothesen mithilfe der Binomialverteilung: ein- und zweiseitiger Test, Fehler 1. und 2. Art \/ Normalverteilung: Dichtefunktion, Erwartungswert, Standardabweichung, Glockenkurve \/ (nicht:) allgemeine stetige Zufallsgr\u00f6\u00dfe<\/li>\n<li>Aus dem Sachgebiet <strong>Geometrie<\/strong>:<br \/>\nVektor, Ortsvektor, Linearkombination, Betrag \/ Geraden \/ Ebenen (Parameter-, Koordinaten-, Normalenform) \/ Geraden- und Ebenenscharen \/ Lagebeziehungen \/ Skalarprodukt \/ Vektorprodukt (neu) \/ Orthogonalit\u00e4t \/ Spiegelungen \/ Abstands- und Winkelberechnungen auch: Abstand windschiefer Geraden \/ Fl\u00e4chen- und Volumenberechnungen \/ zeichnerische Darstellung von Objekten im Raum: Schr\u00e4gbilder, Spurpunkte, Spurgeraden \/ Anwendung der analytischen Geometrie: Bewegungen im Raum \/ nicht:) Beweise mit Hilfe von Vektoren<\/li>\n<\/ul>\n<hr \/>\n<h3 id=\"vorgabe-hessen\">Hinweise zur schriftlichen Abiturpr\u00fcfung &#8211; Hessen<\/h3>\n<p><em>Hinweis: Die Informationen stammen von kultusministerium.hessen.de!<\/em><\/p>\n<p>Grundlage der Inhalte ist das <a href=\"https:\/\/kultusministerium.hessen.de\/sites\/kultusministerium.hessen.de\/files\/2021-07\/kcgo-m.pdf\">Kerncurriculum<\/a> f\u00fcr die gymnasiale Oberstufe (KCGO) f\u00fcr das Fach Mathematik. Klicke einfach Kerncurriculum an und schau dir die Themen an.<\/p>\n<p>Laut dem Kultsministerium werden sich die Pr\u00fcfungsaufgaben im grundlegenden und erh\u00f6hten Niveau (Grundkurs und Leistungskurs) auf einige Themenfelder beziehen. Aber diese Schwerpunkte werden &#8222;vor dem Hintergrund der dynamischen Entwicklung im Zusammenhang mit der Corona-Pandemie&#8220; immer nur St\u00fcckweise vorgenommen. Die Konkretisierung der Themen erfolgt in Form von &#8222;Erlassen&#8220;. Dabei macht man es sich einfach und nimmt die Erlasse f\u00fcr die Pr\u00fcfungen in 2022.<\/p>\n<p><strong>Unter den folgenden Links findest du die Themen f\u00fcr die jeweiligen Quartale von offizieller Stelle:<\/strong><\/p>\n<ul>\n<li><a href=\"https:\/\/kultusministerium.hessen.de\/sites\/kultusministerium.hessen.de\/files\/2021-09\/la23-abiturerlass-q1_17.05.2021_0.pdf\">Erlass f\u00fcr Q1 mit konkreten Themen<\/a> &#8211; ab Seite 53<\/li>\n<li><a href=\"https:\/\/kultusministerium.hessen.de\/sites\/kultusministerium.hessen.de\/files\/2021-10\/la23-abiturerlass-q2.pdf\">Erlass f\u00fcr Q2 mit konkreten Themen<\/a> &#8211; ab Seite 29<\/li>\n<li><a href=\"https:\/\/kultusministerium.hessen.de\/sites\/kultusministerium.hessen.de\/files\/2021-12\/la23-abiturerlass-q3.pdf\">Erlass f\u00fcr Q3 mit konkreten Themen<\/a> &#8211; ab Seite 29<\/li>\n<\/ul>\n<hr \/>\n<h3 id=\"vorgabe-nrw\">Hinweise zur schriftlichen Abiturpr\u00fcfung &#8211; Nordrhein-Westfalen<\/h3>\n<p><em>Hinweis: Die Informationen stammen von standardsicherung.schulministerium.nrw.de!<\/em><\/p>\n<p>Die inhaltlichen Vorgaben sind wie jedes Jahr sehr d\u00fcrftig und nur sehr oberfl\u00e4chlich zusammengefasst.<\/p>\n<p><strong>Themen, die in 2023 im Grundkurs vorkommen k\u00f6nnen:<\/strong><\/p>\n<ul>\n<li>Aus dem Sachgebiet <strong>Analysis<\/strong>:<br \/>\nFunktionen als mathematische Modelle \/ Fortf\u00fchrung der Differentialrechnung: Untersuchung von ganzrationalen Funktionen \/ Untersuchung von Funktionen des Typs $f(x) = p(x)e^{ax+b}$, wobei $p(x)$ ein Polynom mit maximal drei Summanden ist; Untersuchung von Funktionen, die sich als einfache Summe der oben genannten Funktionstypen ergeben; Interpretation und Bestimmungen von Parametern der oben genannten Funktionen; notwendige Ableitungsregeln (Produkt-, Kettenregel) \/ Grundverst\u00e4ndnis des Integralbegriffs \/ Integralrechnung<\/li>\n<li>Aus dem Sachgebiet <strong>Stochastik<\/strong>:<br \/>\nKenngr\u00f6\u00dfen von Wahrscheinlichkeitsverteilungen \/ Binomialverteilung<\/li>\n<li>Aus dem Sachgebiet <strong>Analytische Geometrie und Lineare Algebra<\/strong>:<br \/>\nLineare Gleichungssysteme \/ Darstellung und Untersuchung geometrischer Objekte \/ Lagebeziehungen \/ Skalarprodukt<\/li>\n<\/ul>\n<p><strong>Themen, die in 2023 im Leistungskurs vorkommen k\u00f6nnen:<\/strong><\/p>\n<ul>\n<li>Aus dem Sachgebiet <strong>Analysis<\/strong>:<br \/>\nFunktionen als mathematische Modelle \/ Fortf\u00fchrung der Differentialrechnung: Behandlung von ganzrationalen Funktionen, nat\u00fcrlicher Exponential- und Logarithmusfunktion und deren Verkn\u00fcpfungen bzw. Verkettungen mit Untersuchung von Eigenschaften in Abh\u00e4ngigkeit von Parametern; notwendige Ableitungsregeln (Produkt-, Kettenregel) \/ Grundverst\u00e4ndnis des Integralbegriffs \/ Integralrechnung<\/li>\n<li>Aus dem Sachgebiet <strong>Stochastik<\/strong>:<br \/>\nKenngr\u00f6\u00dfen von Wahrscheinlichkeitsverteilungen \/ Binomialverteilung und Normalverteilung \/ Testen von Hypothesen<\/li>\n<li>Aus dem Sachgebiet <strong>Analytische Geometrie und Lineare Algebra<\/strong>:<br \/>\nLineare Gleichungssysteme \/ Darstellung und Untersuchung geometrischer Objekte \/ Lagebeziehungen und Abst\u00e4nde \/ Skalarprodukt<\/li>\n<\/ul>\n","protected":false},"excerpt":{"rendered":"<p>Hi und herzlich Willkommen! Hier sammeln wir ein paar n\u00fctzliche Dinge f\u00fcr dich. L\u00f6sungen zu deinem Mathe ABI Kursbuch Tabellen f\u00fcr Binomialverteilungen Weitere Informationen zu deinem Mathe ABI L\u00f6sungen zum Kursbuch Tabellen f\u00fcr Binomialverteilungen Informationen zu deinem Mathe ABI Hier werden wir nach und nach weitere n\u00fctzliche Infos f\u00fcr deine Mathe Abitur Pr\u00fcfung sammeln. In [&hellip;]<\/p>\n","protected":false},"author":5,"featured_media":0,"parent":0,"menu_order":0,"comment_status":"closed","ping_status":"closed","template":"","meta":[],"categories":[],"tags":[],"yoast_head":"<!-- This site is optimized with the Yoast SEO plugin v14.7 - https:\/\/yoast.com\/wordpress\/plugins\/seo\/ -->\n<title>Mathe Abitur - Studienkreis - StudyHelp Online-Lernen<\/title>\n<meta name=\"robots\" content=\"index, follow\" \/>\n<meta name=\"googlebot\" content=\"index, follow, max-snippet:-1, max-image-preview:large, max-video-preview:-1\" \/>\n<meta name=\"bingbot\" content=\"index, follow, max-snippet:-1, max-image-preview:large, max-video-preview:-1\" \/>\n<link rel=\"canonical\" href=\"http:\/\/www.studyhelp.de\/online-lernen\/mathe-abi-kursbuch-2022-loesungen\/\" \/>\n<meta property=\"og:locale\" content=\"de_DE\" \/>\n<meta property=\"og:type\" content=\"article\" \/>\n<meta property=\"og:title\" content=\"Mathe Abitur - Studienkreis - StudyHelp Online-Lernen\" \/>\n<meta property=\"og:description\" content=\"Hi und herzlich Willkommen! Hier sammeln wir ein paar n\u00fctzliche Dinge f\u00fcr dich. L\u00f6sungen zu deinem Mathe ABI Kursbuch Tabellen f\u00fcr Binomialverteilungen Weitere Informationen zu deinem Mathe ABI L\u00f6sungen zum Kursbuch Tabellen f\u00fcr Binomialverteilungen Informationen zu deinem Mathe ABI Hier werden wir nach und nach weitere n\u00fctzliche Infos f\u00fcr deine Mathe Abitur Pr\u00fcfung sammeln. In [&hellip;]\" \/>\n<meta property=\"og:url\" content=\"http:\/\/www.studyhelp.de\/online-lernen\/mathe-abi-kursbuch-2022-loesungen\/\" \/>\n<meta property=\"og:site_name\" content=\"StudyHelp Online-Lernen\" \/>\n<meta property=\"article:modified_time\" content=\"2022-11-15T10:48:47+00:00\" \/>\n<meta name=\"twitter:card\" content=\"summary_large_image\" \/>\n<script type=\"application\/ld+json\" class=\"yoast-schema-graph\">{\"@context\":\"https:\/\/schema.org\",\"@graph\":[{\"@type\":\"WebSite\",\"@id\":\"https:\/\/www.studyhelp.de\/online-lernen\/#website\",\"url\":\"https:\/\/www.studyhelp.de\/online-lernen\/\",\"name\":\"StudyHelp Online-Lernen\",\"description\":\"\",\"potentialAction\":[{\"@type\":\"SearchAction\",\"target\":\"https:\/\/www.studyhelp.de\/online-lernen\/?s={search_term_string}\",\"query-input\":\"required name=search_term_string\"}],\"inLanguage\":\"de-DE\"},{\"@type\":\"WebPage\",\"@id\":\"http:\/\/www.studyhelp.de\/online-lernen\/mathe-abi-kursbuch-2022-loesungen\/#webpage\",\"url\":\"http:\/\/www.studyhelp.de\/online-lernen\/mathe-abi-kursbuch-2022-loesungen\/\",\"name\":\"Mathe Abitur - Studienkreis - StudyHelp Online-Lernen\",\"isPartOf\":{\"@id\":\"https:\/\/www.studyhelp.de\/online-lernen\/#website\"},\"datePublished\":\"2021-10-20T09:11:17+00:00\",\"dateModified\":\"2022-11-15T10:48:47+00:00\",\"inLanguage\":\"de-DE\",\"potentialAction\":[{\"@type\":\"ReadAction\",\"target\":[\"http:\/\/www.studyhelp.de\/online-lernen\/mathe-abi-kursbuch-2022-loesungen\/\"]}]}]}<\/script>\n<!-- \/ Yoast SEO plugin. -->","_links":{"self":[{"href":"https:\/\/www.studyhelp.de\/online-lernen\/wp-json\/wp\/v2\/pages\/16862"}],"collection":[{"href":"https:\/\/www.studyhelp.de\/online-lernen\/wp-json\/wp\/v2\/pages"}],"about":[{"href":"https:\/\/www.studyhelp.de\/online-lernen\/wp-json\/wp\/v2\/types\/page"}],"author":[{"embeddable":true,"href":"https:\/\/www.studyhelp.de\/online-lernen\/wp-json\/wp\/v2\/users\/5"}],"replies":[{"embeddable":true,"href":"https:\/\/www.studyhelp.de\/online-lernen\/wp-json\/wp\/v2\/comments?post=16862"}],"version-history":[{"count":23,"href":"https:\/\/www.studyhelp.de\/online-lernen\/wp-json\/wp\/v2\/pages\/16862\/revisions"}],"predecessor-version":[{"id":17392,"href":"https:\/\/www.studyhelp.de\/online-lernen\/wp-json\/wp\/v2\/pages\/16862\/revisions\/17392"}],"wp:attachment":[{"href":"https:\/\/www.studyhelp.de\/online-lernen\/wp-json\/wp\/v2\/media?parent=16862"}],"wp:term":[{"taxonomy":"category","embeddable":true,"href":"https:\/\/www.studyhelp.de\/online-lernen\/wp-json\/wp\/v2\/categories?post=16862"},{"taxonomy":"post_tag","embeddable":true,"href":"https:\/\/www.studyhelp.de\/online-lernen\/wp-json\/wp\/v2\/tags?post=16862"}],"curies":[{"name":"wp","href":"https:\/\/api.w.org\/{rel}","templated":true}]}}