{"id":16871,"date":"2021-11-22T19:17:18","date_gmt":"2021-11-22T18:17:18","guid":{"rendered":"https:\/\/www.studyhelp.de\/online-lernen\/?page_id=16871"},"modified":"2023-06-14T06:51:24","modified_gmt":"2023-06-14T04:51:24","slug":"partner","status":"publish","type":"page","link":"https:\/\/www.studyhelp.de\/online-lernen\/partner\/","title":{"rendered":"Partner \/ Aktionen \/ Gewinnspiele"},"content":{"rendered":"<div class=\"d-flex justify-around flex-row flex-wrap\">\n<div class=\"boxed mt-3 d-flex flex-column items-center\">\n<p><img decoding=\"async\" loading=\"lazy\" class=\"alignnone size-medium wp-image-17370\" src=\"http:\/\/www.studyhelp.de\/online-lernen\/wp-content\/uploads\/2023\/06\/4-1.jpg\" alt=\"\" width=\"300\" height=\"263\" \/><\/p>\n<h3>Studiwohnen.com<\/h3>\n<p>Du bist auf der Suche nach einen Studentenwohnheim? Auf <a href=\"https:\/\/studiwohnen.com\/\">Studiwohnen.com<\/a> findest du ganz einfache freie Zimmer in Wohnheimen in Deutschland, \u00d6sterreich &#038; der Schweiz und kannst diese direkt mit nur einem Klick anfragen!<br \/>\nstudiwohnen.com ist ein Service von iamstudent.<\/p>\n<p><a class=\"btn full outline\" href=\"https:\/\/www.studyhelp.de\/online-lernen\/studiwohnen-com\">Mehr erfahren<\/a><\/p>\n<\/div>\n<div class=\"boxed mt-3 d-flex flex-column items-center\">\n<p><img decoding=\"async\" loading=\"lazy\" class=\"alignnone size-medium wp-image-17370\" src=\"http:\/\/www.studyhelp.de\/online-lernen\/wp-content\/uploads\/2023\/06\/5.jpg\" alt=\"\" width=\"300\" height=\"263\" \/><\/p>\n<h3>Studiumfinden.com<\/h3>\n<p>Finde dein Traumstudium mit <a href=\"https:\/\/studiumfinden.com\/\">studiumfinden.com<\/a>! Infos zu \u00fcber 20.000 Studieng\u00e4ngen im deutschsprachigen Raum samt Bewertungen und Erfahrungsberichten von Studierenden erleichtern dir die Wahl. Plus: studiumfinden.com bietet dir eine bequeme M\u00f6glichkeit an offizielles Infomaterial zu den verschiedensten Studieng\u00e4ngen unterschiedlicher Hochschulen zu gelangen. Spar dir langes Recherchieren und fordere alle Unterlagen zentral \u00fcber studiumfinden.com an.<br \/>\nstudiumfinden.com ist ein Service von iamstudent.<\/p>\n<p><a class=\"btn full outline\" href=\"https:\/\/www.studyhelp.de\/online-lernen\/studiumfinden-com\/\">Mehr erfahren<\/a><\/p>\n<\/div>\n<div class=\"boxed mt-3 d-flex flex-column items-center\">\n<p><img decoding=\"async\" loading=\"lazy\" class=\"alignnone size-medium wp-image-17370\" src=\"http:\/\/www.studyhelp.de\/online-lernen\/wp-content\/uploads\/2023\/06\/Mathemind-9.-Klasse-4.jpg\" alt=\"\" width=\"300\" height=\"263\" \/><\/p>\n<h3>Abikasse Sponsoring<\/h3>\n<p>Monatliche Chance auf 1.000 Euro f\u00fcr eure Abikasse! Du kannst auch direkt unserer kostenfreien WhatsApp Community beitreten. (Deine Nummer sieht niemand). Hier werden wir monatlich eine gl\u00fcckliche Stufe auslosen. Tipp: Je mehr deiner Mitsch\u00fcler dabei sind, desto h\u00f6her ist eure Gewinnchance.<\/p>\n<p><a class=\"btn full outline\" href=\"https:\/\/www.studyhelp.de\/abikasse-sponsoring\">Mehr erfahren<\/a><\/p>\n<\/div>\n<\/div>\n","protected":false},"excerpt":{"rendered":"<p>Studiwohnen.com Du bist auf der Suche nach einen Studentenwohnheim? Auf Studiwohnen.com findest du ganz einfache freie Zimmer in Wohnheimen in Deutschland, \u00d6sterreich &#038; der Schweiz und kannst diese direkt mit nur einem Klick anfragen! studiwohnen.com ist ein Service von iamstudent. Mehr erfahren Studiumfinden.com Finde dein Traumstudium mit studiumfinden.com! Infos zu \u00fcber 20.000 Studieng\u00e4ngen im deutschsprachigen [&hellip;]<\/p>\n","protected":false},"author":16,"featured_media":0,"parent":0,"menu_order":0,"comment_status":"closed","ping_status":"closed","template":"","meta":[],"categories":[76],"tags":[],"yoast_head":"<!-- This site is optimized with the Yoast SEO plugin v14.7 - https:\/\/yoast.com\/wordpress\/plugins\/seo\/ -->\n<title>Partner \/ Aktionen \/ Gewinnspiele - StudyHelp Online-Lernen<\/title>\n<meta name=\"description\" content=\"Auf dieser Seite findest du diverse Partner von StudyHelp inkl. Gutscheine, Aktionen und tollen Angeboten.\" \/>\n<meta name=\"robots\" content=\"index, follow\" \/>\n<meta name=\"googlebot\" content=\"index, follow, max-snippet:-1, max-image-preview:large, max-video-preview:-1\" \/>\n<meta name=\"bingbot\" content=\"index, follow, max-snippet:-1, max-image-preview:large, max-video-preview:-1\" \/>\n<link rel=\"canonical\" href=\"https:\/\/www.studyhelp.de\/online-lernen\/partner\/\" \/>\n<meta property=\"og:locale\" content=\"de_DE\" \/>\n<meta property=\"og:type\" content=\"article\" \/>\n<meta property=\"og:title\" content=\"Partner \/ Aktionen \/ Gewinnspiele - StudyHelp Online-Lernen\" \/>\n<meta property=\"og:description\" content=\"Auf dieser Seite findest du diverse Partner von StudyHelp inkl. Gutscheine, Aktionen und tollen Angeboten.\" \/>\n<meta property=\"og:url\" content=\"https:\/\/www.studyhelp.de\/online-lernen\/partner\/\" \/>\n<meta property=\"og:site_name\" content=\"StudyHelp Online-Lernen\" \/>\n<meta property=\"article:modified_time\" content=\"2023-06-14T04:51:24+00:00\" \/>\n<meta property=\"og:image\" content=\"http:\/\/www.studyhelp.de\/online-lernen\/wp-content\/uploads\/2023\/06\/4-1.jpg\" \/>\n<meta name=\"twitter:card\" content=\"summary_large_image\" \/>\n<script type=\"application\/ld+json\" class=\"yoast-schema-graph\">{\"@context\":\"https:\/\/schema.org\",\"@graph\":[{\"@type\":\"WebSite\",\"@id\":\"https:\/\/www.studyhelp.de\/online-lernen\/#website\",\"url\":\"https:\/\/www.studyhelp.de\/online-lernen\/\",\"name\":\"StudyHelp Online-Lernen\",\"description\":\"\",\"potentialAction\":[{\"@type\":\"SearchAction\",\"target\":\"https:\/\/www.studyhelp.de\/online-lernen\/?s={search_term_string}\",\"query-input\":\"required name=search_term_string\"}],\"inLanguage\":\"de-DE\"},{\"@type\":\"ImageObject\",\"@id\":\"https:\/\/www.studyhelp.de\/online-lernen\/partner\/#primaryimage\",\"inLanguage\":\"de-DE\",\"url\":\"http:\/\/www.studyhelp.de\/online-lernen\/wp-content\/uploads\/2023\/06\/4-1.jpg\"},{\"@type\":\"WebPage\",\"@id\":\"https:\/\/www.studyhelp.de\/online-lernen\/partner\/#webpage\",\"url\":\"https:\/\/www.studyhelp.de\/online-lernen\/partner\/\",\"name\":\"Partner \/ Aktionen \/ Gewinnspiele - StudyHelp Online-Lernen\",\"isPartOf\":{\"@id\":\"https:\/\/www.studyhelp.de\/online-lernen\/#website\"},\"primaryImageOfPage\":{\"@id\":\"https:\/\/www.studyhelp.de\/online-lernen\/partner\/#primaryimage\"},\"datePublished\":\"2021-11-22T18:17:18+00:00\",\"dateModified\":\"2023-06-14T04:51:24+00:00\",\"description\":\"Auf dieser Seite findest du diverse Partner von StudyHelp inkl. Gutscheine, Aktionen und tollen Angeboten.\",\"inLanguage\":\"de-DE\",\"potentialAction\":[{\"@type\":\"ReadAction\",\"target\":[\"https:\/\/www.studyhelp.de\/online-lernen\/partner\/\"]}]}]}<\/script>\n<!-- \/ Yoast SEO plugin. -->","_links":{"self":[{"href":"https:\/\/www.studyhelp.de\/online-lernen\/wp-json\/wp\/v2\/pages\/16871"}],"collection":[{"href":"https:\/\/www.studyhelp.de\/online-lernen\/wp-json\/wp\/v2\/pages"}],"about":[{"href":"https:\/\/www.studyhelp.de\/online-lernen\/wp-json\/wp\/v2\/types\/page"}],"author":[{"embeddable":true,"href":"https:\/\/www.studyhelp.de\/online-lernen\/wp-json\/wp\/v2\/users\/16"}],"replies":[{"embeddable":true,"href":"https:\/\/www.studyhelp.de\/online-lernen\/wp-json\/wp\/v2\/comments?post=16871"}],"version-history":[{"count":32,"href":"https:\/\/www.studyhelp.de\/online-lernen\/wp-json\/wp\/v2\/pages\/16871\/revisions"}],"predecessor-version":[{"id":17551,"href":"https:\/\/www.studyhelp.de\/online-lernen\/wp-json\/wp\/v2\/pages\/16871\/revisions\/17551"}],"wp:attachment":[{"href":"https:\/\/www.studyhelp.de\/online-lernen\/wp-json\/wp\/v2\/media?parent=16871"}],"wp:term":[{"taxonomy":"category","embeddable":true,"href":"https:\/\/www.studyhelp.de\/online-lernen\/wp-json\/wp\/v2\/categories?post=16871"},{"taxonomy":"post_tag","embeddable":true,"href":"https:\/\/www.studyhelp.de\/online-lernen\/wp-json\/wp\/v2\/tags?post=16871"}],"curies":[{"name":"wp","href":"https:\/\/api.w.org\/{rel}","templated":true}]}}