{"id":17171,"date":"2024-11-13T12:26:52","date_gmt":"2024-11-13T11:26:52","guid":{"rendered":"https:\/\/www.studyhelp.de\/online-lernen\/?page_id=17171"},"modified":"2024-11-13T12:26:52","modified_gmt":"2024-11-13T11:26:52","slug":"inventur-und-bilanz","status":"publish","type":"page","link":"https:\/\/www.studyhelp.de\/online-lernen\/inventur-und-bilanz\/","title":{"rendered":"Inventur und Bilanz"},"content":{"rendered":"<p>Die Inventur ist die <b>T\u00e4tigkeit der Bestandsaufnahme<\/b> des Verm\u00f6gens und der Schulden in einem Unternehmen. Die k\u00f6rperliche Inventur erlaubt das Messen, Z\u00e4hlen und Wiegen von realen Verm\u00f6gensgegenst\u00e4nden. Bei der Buchinventur dienen Belege als Grundlage f\u00fcr die Feststellung der Inventurwerte (z.B. Kontoausz\u00fcge f\u00fcr  den Geldbestand oder Schuldenst\u00e4nde). Die Inventur findet einmal j\u00e4hrlich am Ende des Wirtschaftsjahres zu einem bestimmten Stichtag statt (z.B. ist am 31.12. die typische Stichtagsinventur).<\/p>\n<p>Das  <b>Inventar<\/b>, ist die schriftliche Aufstellung \u00fcber die Zahlen der Inventurlisten, die in Staffelform Angaben \u00fcber Art, Menge, Einzel- und Gesamtwerte des Verm\u00f6gens und der Schulden enth\u00e4lt. Die mithilfe der Inventur ermittelten Best\u00e4nde der einzelnen Verm\u00f6gensposten und Schulden werden in einem <b>Inventar (Bestandsverzeichnis)<\/b> zusammengefasst und nach A. <b>Verm\u00f6gen<\/b>, B. <b>Schulden<\/b> und C. <b>Eigenkapital<\/b> (Reinverm\u00f6gen) gegliedert. Im den folgenden Kapiteln werden wir viele Themen anhand der imagin\u00e4ren DriLa GmbH erkl\u00e4ren.<\/p>\n<p>In diesem Video werden die Begriffe <b>Inventur<\/b>, <b>Inventar<\/b> und <b>Bilanz<\/b> noch einmal n\u00e4her erl\u00e4utert:<\/p>\n<div class=\"lyte-wrapper\" style=\"width:420px;max-width:100%;margin:5px;\"><div class=\"lyMe\" id=\"WYL_z1Rd4TE_i-8\"><div id=\"lyte_z1Rd4TE_i-8\" data-src=\"https:\/\/www.studyhelp.de\/online-lernen\/wp-content\/plugins\/wp-youtube-lyte\/lyteCache.php?origThumbUrl=%2F%2Fi.ytimg.com%2Fvi%2Fz1Rd4TE_i-8%2Fhqdefault.jpg\" class=\"pL\"><div class=\"tC\"><div class=\"tT\"><\/div><\/div><div class=\"play\"><\/div><div class=\"ctrl\"><div class=\"Lctrl\"><\/div><div class=\"Rctrl\"><\/div><\/div><\/div><noscript><a href=\"https:\/\/youtu.be\/z1Rd4TE_i-8\" rel=\"nofollow\"><img src=\"https:\/\/www.studyhelp.de\/online-lernen\/wp-content\/plugins\/wp-youtube-lyte\/lyteCache.php?origThumbUrl=https%3A%2F%2Fi.ytimg.com%2Fvi%2Fz1Rd4TE_i-8%2F0.jpg\" alt=\"YouTube-Video-Thumbnail\" width=\"420\" height=\"216\" \/><br \/>Dieses Video auf YouTube ansehen<\/a><\/noscript><\/div><\/div><div class=\"lL\" style=\"max-width:100%;width:420px;margin:5px;\"><\/div><\/p>\n<p><\/p>\n<p><strong>Beispiel<\/strong> f\u00fcr ein Inventar:<\/p>\n<p style=\"text-align: center;\"><b>Inventar<\/b><br \/>der DriLa GmbH aus Herford f\u00fcr den 31. Dezember<\/p>\n<div class=\"Table\">\n<div class=\"Table-row\">\n<div class=\"Table-row-item\"><b>A.<\/b><\/div>\n<div class=\"Table-row-item\"><b>Verm\u00f6gen<\/b><\/div>\n<div class=\"Table-row-item\"><\/div>\n<div class=\"Table-row-item\"><\/div>\n<\/p><\/div>\n<div class=\"Table-row\">\n<div class=\"Table-row-item\"><b>I.<\/b><\/div>\n<div class=\"Table-row-item\"><b>Anlageverm\u00f6gen<\/b><\/div>\n<div class=\"Table-row-item\"><\/div>\n<div class=\"Table-row-item\"><\/div>\n<\/p><\/div>\n<div class=\"Table-row\">\n<div class=\"Table-row-item\">1.<\/div>\n<div class=\"Table-row-item\">Grundst\u00fccke und Bauten<\/div>\n<div class=\"Table-row-item\"><\/div>\n<div class=\"Table-row-item\"><\/div>\n<\/p><\/div>\n<div class=\"Table-row\">\n<div class=\"Table-row-item\"><\/div>\n<div class=\"Table-row-item\">Unbebaute Grundst., Hansastr. 50-52<\/div>\n<div class=\"Table-row-item\" style=\"text-align: right;\">250.000,00<\/div>\n<div class=\"Table-row-item\"><\/div>\n<\/p><\/div>\n<div class=\"Table-row\">\n<div class=\"Table-row-item\"><\/div>\n<div class=\"Table-row-item\">Bebaute Grundst\u00fccke, Hansastr. 10-48<\/div>\n<div class=\"Table-row-item\" style=\"text-align: right;\">805.000,00<\/div>\n<div class=\"Table-row-item\"><\/div>\n<\/p><\/div>\n<div class=\"Table-row\">\n<div class=\"Table-row-item\"><\/div>\n<div class=\"Table-row-item\">Betriebsgeb\u00e4ude<\/div>\n<div class=\"Table-row-item\" style=\"text-align: right;\">5.104.000,00<\/div>\n<div class=\"Table-row-item\"><\/div>\n<\/p><\/div>\n<div class=\"Table-row\">\n<div class=\"Table-row-item\"><\/div>\n<div class=\"Table-row-item\">Verwaltungsgeb\u00e4ude<\/div>\n<div class=\"Table-row-item\" style=\"text-align: right;\"><u>2.251.000,00<\/u><\/div>\n<div class=\"Table-row-item\" style=\"text-align: right;\">8.410.000,00<\/div>\n<\/p><\/div>\n<div class=\"Table-row\">\n<div class=\"Table-row-item\">2.<\/div>\n<div class=\"Table-row-item\">Technische Anlagen und Maschinen<br \/>lt. Anlagenverzeichnis AV 1<\/div>\n<div class=\"Table-row-item\"><\/div>\n<div class=\"Table-row-item\" style=\"text-align: right;\">2.703.000,00<\/div>\n<\/p><\/div>\n<div class=\"Table-row\">\n<div class=\"Table-row-item\">3.<\/div>\n<div class=\"Table-row-item\">Fuhrpark lt. AV 2<\/div>\n<div class=\"Table-row-item\"><\/div>\n<div class=\"Table-row-item\" style=\"text-align: right;\">427.000,00<\/div>\n<\/p><\/div>\n<div class=\"Table-row\">\n<div class=\"Table-row-item\"><\/div>\n<div class=\"Table-row-item\"><\/div>\n<div class=\"Table-row-item\"><\/div>\n<div class=\"Table-row-item\"><\/div>\n<\/p><\/div>\n<div class=\"Table-row\">\n<div class=\"Table-row-item\">II.<\/div>\n<div class=\"Table-row-item\"><b>Umlaufverm\u00f6gen<\/b><\/div>\n<div class=\"Table-row-item\"><\/div>\n<div class=\"Table-row-item\"><\/div>\n<\/p><\/div>\n<div class=\"Table-row\">\n<div class=\"Table-row-item\">1.<\/div>\n<div class=\"Table-row-item\">Rohstoffe lt. Inventurliste IV 4<\/div>\n<div class=\"Table-row-item\"><\/div>\n<div class=\"Table-row-item\" style=\"text-align: right;\">2.405.000,00<\/div>\n<\/p><\/div>\n<div class=\"Table-row\">\n<div class=\"Table-row-item\">2.<\/div>\n<div class=\"Table-row-item\">Hilfsstoffe lt. Inventurliste IV 5<\/div>\n<div class=\"Table-row-item\"><\/div>\n<div class=\"Table-row-item\" style=\"text-align: right;\">824.000,00<\/div>\n<\/p><\/div>\n<div class=\"Table-row\">\n<div class=\"Table-row-item\">3.<\/div>\n<div class=\"Table-row-item\">Betriebsstoffe lt. Inventurliste IV 6<\/div>\n<div class=\"Table-row-item\"><\/div>\n<div class=\"Table-row-item\" style=\"text-align: right;\">154.000,00<\/div>\n<\/p><\/div>\n<div class=\"Table-row\">\n<div class=\"Table-row-item\">4.<\/div>\n<div class=\"Table-row-item\">Unfertige Erzeugnisse lt. IV 7<\/div>\n<div class=\"Table-row-item\"><\/div>\n<div class=\"Table-row-item\" style=\"text-align: right;\">628.000,00<\/div>\n<\/p><\/div>\n<div class=\"Table-row\">\n<div class=\"Table-row-item\">5.<\/div>\n<div class=\"Table-row-item\">Fertige Erzeugnisse<\/div>\n<div class=\"Table-row-item\"><\/div>\n<div class=\"Table-row-item\"><\/div>\n<\/p><\/div>\n<div class=\"Table-row\">\n<div class=\"Table-row-item\"><\/div>\n<div class=\"Table-row-item\">960 Schreibtische T18 je 490,00 \u20ac<\/div>\n<div class=\"Table-row-item\" style=\"text-align: right;\">470.400,00<\/div>\n<div class=\"Table-row-item\"><\/div>\n<\/p><\/div>\n<div class=\"Table-row\">\n<div class=\"Table-row-item\"><\/div>\n<div class=\"Table-row-item\">1040 Schr\u00e4nke S24 je 700,00 \u20ac<\/div>\n<div class=\"Table-row-item\" style=\"text-align: right;\">728.000,00<\/div>\n<div class=\"Table-row-item\"><\/div>\n<\/p><\/div>\n<div class=\"Table-row\">\n<div class=\"Table-row-item\"><\/div>\n<div class=\"Table-row-item\">Diverse Kleinm\u00f6bel lt. IV 8<\/div>\n<div class=\"Table-row-item\" style=\"text-align: right;\"><u>853.600,00<\/u><\/div>\n<div class=\"Table-row-item\" style=\"text-align: right;\">2.052.000,00<\/div>\n<\/p><\/div>\n<div class=\"Table-row\">\n<div class=\"Table-row-item\"><\/div>\n<div class=\"Table-row-item\"><\/div>\n<div class=\"Table-row-item\"><\/div>\n<div class=\"Table-row-item\"><\/div>\n<\/p><\/div>\n<div class=\"Table-row\">\n<div class=\"Table-row-item\">6.<\/div>\n<div class=\"Table-row-item\">Forderungen a. LL.<\/div>\n<div class=\"Table-row-item\"><\/div>\n<div class=\"Table-row-item\"><\/div>\n<\/p><\/div>\n<div class=\"Table-row\">\n<div class=\"Table-row-item\"><\/div>\n<div class=\"Table-row-item\">Schnickmann OHG, K\u00f6ln<\/div>\n<div class=\"Table-row-item\" style=\"text-align: right;\">452.000,00<\/div>\n<div class=\"Table-row-item\"><\/div>\n<\/p><\/div>\n<div class=\"Table-row\">\n<div class=\"Table-row-item\"><\/div>\n<div class=\"Table-row-item\">Hamm KG, Mainz<\/div>\n<div class=\"Table-row-item\" style=\"text-align: right;\">279.000,00<\/div>\n<div class=\"Table-row-item\"><\/div>\n<\/p><\/div>\n<div class=\"Table-row\">\n<div class=\"Table-row-item\"><\/div>\n<div class=\"Table-row-item\">Bodo Herms e.K., D\u00fcsseldorf<\/div>\n<div class=\"Table-row-item\" style=\"text-align: right;\"><u>263.000,00<\/u><\/div>\n<div class=\"Table-row-item\" style=\"text-align: right;\">994.000,00<\/div>\n<\/p><\/div>\n<div class=\"Table-row\">\n<div class=\"Table-row-item\"><\/div>\n<div class=\"Table-row-item\"><\/div>\n<div class=\"Table-row-item\"><\/div>\n<div class=\"Table-row-item\"><\/div>\n<\/p><\/div>\n<div class=\"Table-row\">\n<div class=\"Table-row-item\">7.<\/div>\n<div class=\"Table-row-item\">Kassenbestand<\/div>\n<div class=\"Table-row-item\"><\/div>\n<div class=\"Table-row-item\" style=\"text-align: right;\">27.000,00<\/div>\n<\/p><\/div>\n<div class=\"Table-row\">\n<div class=\"Table-row-item\">8.<\/div>\n<div class=\"Table-row-item\">Bankguthaben<\/div>\n<div class=\"Table-row-item\"><\/div>\n<div class=\"Table-row-item\"><\/div>\n<\/p><\/div>\n<div class=\"Table-row\">\n<div class=\"Table-row-item\"><\/div>\n<div class=\"Table-row-item\">Stadtsparkasse Herford<\/div>\n<div class=\"Table-row-item\" style=\"text-align: right;\">590.000,00<\/div>\n<div class=\"Table-row-item\"><\/div>\n<\/p><\/div>\n<div class=\"Table-row\">\n<div class=\"Table-row-item\"><\/div>\n<div class=\"Table-row-item\">Deutsche Bank Herford<\/div>\n<div class=\"Table-row-item\" style=\"text-align: right;\"><u>326.000,00<\/u><\/div>\n<div class=\"Table-row-item\" style=\"text-align: right;\">916.000,00<\/div>\n<\/p><\/div>\n<\/div>\n<p><\/p>\n<p><span float:left><b>Summe des Verm\u00f6gens<\/b><\/span><span style=\"float:right\"><b>20.000.000,00<\/b><\/span><\/p>\n<p><\/p>\n<div class=\"Table\">\n<div class=\"Table-row\">\n<div class=\"Table-row-item\"><b>B.<\/b><\/div>\n<div class=\"Table-row-item\"><b>Schulden<\/b><\/div>\n<div class=\"Table-row-item\"><\/div>\n<div class=\"Table-row-item\"><\/div>\n<\/p><\/div>\n<div class=\"Table-row\">\n<div class=\"Table-row-item\">1.<\/div>\n<div class=\"Table-row-item\">Hypothek der Sparkasse Herford<\/div>\n<div class=\"Table-row-item\"><\/div>\n<div class=\"Table-row-item\" style=\"text-align: right;\">4.106.000,00<\/div>\n<\/p><\/div>\n<div class=\"Table-row\">\n<div class=\"Table-row-item\">2.<\/div>\n<div class=\"Table-row-item\">Darlehen der Deutschen Bank Herford<\/div>\n<div class=\"Table-row-item\"><\/div>\n<div class=\"Table-row-item\" style=\"text-align: right;\">1.204.000,00<\/div>\n<\/p><\/div>\n<div class=\"Table-row\">\n<div class=\"Table-row-item\">3.<\/div>\n<div class=\"Table-row-item\">Verbindlichkeiten a. LL.<\/div>\n<div class=\"Table-row-item\"><\/div>\n<div class=\"Table-row-item\"><\/div>\n<\/p><\/div>\n<div class=\"Table-row\">\n<div class=\"Table-row-item\"><\/div>\n<div class=\"Table-row-item\">Heyn GmbH, M\u00fcnster<\/div>\n<div class=\"Table-row-item\" style=\"text-align: right;\">457.000,00<\/div>\n<div class=\"Table-row-item\"><\/div>\n<\/p><\/div>\n<div class=\"Table-row\">\n<div class=\"Table-row-item\"><\/div>\n<div class=\"Table-row-item\">Jutta Hermanns e. Kfr., Rheine<\/div>\n<div class=\"Table-row-item\" style=\"text-align: right;\"><u>233.000,00<\/u><\/div>\n<div class=\"Table-row-item\" style=\"text-align: right;\">690.000,00<\/div>\n<\/p><\/div>\n<\/div>\n<p><\/p>\n<p><span float:left><b>Summe der Schulden<\/b><\/span><span style=\"float:right\"><b>6.000.000,00<\/b><\/span><\/p>\n<p><\/p>\n<div class=\"Table\">\n<div class=\"Table-row\">\n<div class=\"Table-row-item\"><b>C.<\/b><\/div>\n<div class=\"Table-row-item\">Ermittlung des Eigenkapitals<\/div>\n<div class=\"Table-row-item\"><\/div>\n<div class=\"Table-row-item\"><\/div>\n<\/p><\/div>\n<div class=\"Table-row\">\n<div class=\"Table-row-item\"><\/div>\n<div class=\"Table-row-item\">Summe des Verm\u00f6gens<\/div>\n<div class=\"Table-row-item\"><\/div>\n<div class=\"Table-row-item\" style=\"text-align: right;\">20.000.000,00<\/div>\n<\/p><\/div>\n<div class=\"Table-row\">\n<div class=\"Table-row-item\">&#8211;<\/div>\n<div class=\"Table-row-item\">Summe der Schulden<\/div>\n<div class=\"Table-row-item\"><\/div>\n<div class=\"Table-row-item\" style=\"text-align: right;\">6.000.000,00<\/div>\n<\/p><\/div>\n<div class=\"Table-row\">\n<div class=\"Table-row-item\"><\/div>\n<div class=\"Table-row-item\"><b>Eigenkapital<\/b> (Reinverm\u00f6gen)<\/div>\n<div class=\"Table-row-item\"><\/div>\n<div class=\"Table-row-item\" style=\"text-align: right;\">14.000.000,00<\/div>\n<\/p><\/div>\n<\/div>\n<div class=\"box exercise\">\n<h2>\u00dcbungsaufgaben<\/h2>\n<div class=\"Table\">\n<div class=\"Table-row Table-header\">\n<div class=\"Table-row-item\"><\/div>\n<div class=\"Table-row-item\">Aussage<\/div>\n<div class=\"Table-row-item\">r<\/div>\n<div class=\"Table-row-item\">f<\/div>\n<\/p><\/div>\n<div class=\"Table-row\">\n<div class=\"Table-row-item\">a)<\/div>\n<div class=\"Table-row-item\">Die Bilanzposition &#8222;Eigenkapital&#8220; repr\u00e4sentiert das jederzeit verf\u00fcgbare Bankguthaben eines Unternehmens.<\/div>\n<div class=\"Table-row-item\"><input type=\"checkbox\"><\/div>\n<div class=\"Table-row-item\"><input type=\"checkbox\"><\/div>\n<\/p><\/div>\n<div class=\"Table-row\">\n<div class=\"Table-row-item\">b)<\/div>\n<div class=\"Table-row-item\">Die Werte aus dem Inventar werden summiert und in komprimierter Form in der Bilanz dargestellt. Das Inventar wird in Form einer Liste gef\u00fchrt, w\u00e4hrend die Bilanz eine Gliederung in zwei Spalten (Aktiva und Passiva) vornimmt.<\/div>\n<div class=\"Table-row-item\"><input type=\"checkbox\"><\/div>\n<div class=\"Table-row-item\"><input type=\"checkbox\"><\/div>\n<\/p><\/div>\n<div class=\"Table-row\">\n<div class=\"Table-row-item\">c)<\/div>\n<div class=\"Table-row-item\">Im Inventar wird das Verm\u00f6gen nach seinem Wert gegliedert. Besonders kostenintensive Verm\u00f6gensgegenst\u00e4nde, wie z.B. Grundst\u00fccke und Geb\u00e4ude, werden somit grunds\u00e4tzlich als erstes angef\u00fchrt.<\/div>\n<div class=\"Table-row-item\"><input type=\"checkbox\"><\/div>\n<div class=\"Table-row-item\"><input type=\"checkbox\"><\/div>\n<\/p><\/div>\n<div class=\"Table-row\">\n<div class=\"Table-row-item\">d)<\/div>\n<div class=\"Table-row-item\">Im Inventar wird das Fremdkapital nach seiner F\u00e4lligkeit gegliedert, d.h. kurzfristige Schulden werden vor den langfristigen Schulden aufgef\u00fchrt.<\/div>\n<div class=\"Table-row-item\"><input type=\"checkbox\"><\/div>\n<div class=\"Table-row-item\"><input type=\"checkbox\"><\/div>\n<\/p><\/div>\n<div class=\"Table-row\">\n<div class=\"Table-row-item\">e)<\/div>\n<div class=\"Table-row-item\">Das Inventar ist die Gesamtheit aller physischen Verm\u00f6gensgegenst\u00e4nde eines Unternehmens. Dieses Inventar wird im Zuge einer Inventur als eigenes Verzeichnis angelegt.<\/div>\n<div class=\"Table-row-item\"><input type=\"checkbox\"><\/div>\n<div class=\"Table-row-item\"><input type=\"checkbox\"><\/div>\n<\/p><\/div>\n<\/div>\n<\/div>\n<div class=\"box exercise\">\n<h2>L\u00f6sungen<\/h2>\n<p>Die richtigen bzw. falschen Aussagen lauten:<\/p>\n<ol>\n<li>\n    Falsch, das Eigenkapital repr\u00e4sentiert das Reinverm\u00f6gen und nicht das verf\u00fcgbare Bankguthaben eines Unternehmens.\n  <\/li>\n<li>Richtig<\/li>\n<li>\n    Falsch, im Inventar wird das Verm\u00f6gen nach seiner Fl\u00fcssigkeit gegliedert.\n  <\/li>\n<li>\n    Falsch, im Inventar wird das Fremdkapital nach seiner F\u00e4lligkeit gegliedert, d. h. kurzfristige Schulden werden nach den langfristigen Schulden aufgef\u00fchrt.\n  <\/li>\n<li>\n    Falsch, das Inventar ist die Gesamtheit aller physischen und immateriellen Verm\u00f6gensgegenst\u00e4nde eines Unternehmens.\n  <\/li>\n<\/ol>\n<\/div>\n","protected":false},"excerpt":{"rendered":"<p>Die Inventur ist die T\u00e4tigkeit der Bestandsaufnahme des Verm\u00f6gens und der Schulden in einem Unternehmen. Die k\u00f6rperliche Inventur erlaubt das Messen, Z\u00e4hlen und Wiegen von realen Verm\u00f6gensgegenst\u00e4nden. Bei der Buchinventur dienen Belege als Grundlage f\u00fcr die Feststellung der Inventurwerte (z.B. Kontoausz\u00fcge f\u00fcr den Geldbestand oder Schuldenst\u00e4nde). Die Inventur findet einmal j\u00e4hrlich am Ende des Wirtschaftsjahres [&hellip;]<\/p>\n","protected":false},"author":5,"featured_media":0,"parent":0,"menu_order":0,"comment_status":"closed","ping_status":"closed","template":"","meta":[],"categories":[88],"tags":[],"yoast_head":"<!-- This site is optimized with the Yoast SEO plugin v14.7 - https:\/\/yoast.com\/wordpress\/plugins\/seo\/ -->\n<title>Inventur und Bilanz - StudyHelp Online-Lernen<\/title>\n<meta name=\"robots\" content=\"index, follow\" \/>\n<meta name=\"googlebot\" content=\"index, follow, max-snippet:-1, max-image-preview:large, max-video-preview:-1\" \/>\n<meta name=\"bingbot\" content=\"index, follow, max-snippet:-1, max-image-preview:large, max-video-preview:-1\" \/>\n<link rel=\"canonical\" href=\"https:\/\/www.studyhelp.de\/online-lernen\/inventur-und-bilanz\/\" \/>\n<meta property=\"og:locale\" content=\"de_DE\" \/>\n<meta property=\"og:type\" content=\"article\" \/>\n<meta property=\"og:title\" content=\"Inventur und Bilanz - StudyHelp Online-Lernen\" \/>\n<meta property=\"og:description\" content=\"Die Inventur ist die T\u00e4tigkeit der Bestandsaufnahme des Verm\u00f6gens und der Schulden in einem Unternehmen. Die k\u00f6rperliche Inventur erlaubt das Messen, Z\u00e4hlen und Wiegen von realen Verm\u00f6gensgegenst\u00e4nden. Bei der Buchinventur dienen Belege als Grundlage f\u00fcr die Feststellung der Inventurwerte (z.B. Kontoausz\u00fcge f\u00fcr den Geldbestand oder Schuldenst\u00e4nde). Die Inventur findet einmal j\u00e4hrlich am Ende des Wirtschaftsjahres [&hellip;]\" \/>\n<meta property=\"og:url\" content=\"https:\/\/www.studyhelp.de\/online-lernen\/inventur-und-bilanz\/\" \/>\n<meta property=\"og:site_name\" content=\"StudyHelp Online-Lernen\" \/>\n<meta name=\"twitter:card\" content=\"summary_large_image\" \/>\n<script type=\"application\/ld+json\" class=\"yoast-schema-graph\">{\"@context\":\"https:\/\/schema.org\",\"@graph\":[{\"@type\":\"WebSite\",\"@id\":\"https:\/\/www.studyhelp.de\/online-lernen\/#website\",\"url\":\"https:\/\/www.studyhelp.de\/online-lernen\/\",\"name\":\"StudyHelp Online-Lernen\",\"description\":\"\",\"potentialAction\":[{\"@type\":\"SearchAction\",\"target\":\"https:\/\/www.studyhelp.de\/online-lernen\/?s={search_term_string}\",\"query-input\":\"required name=search_term_string\"}],\"inLanguage\":\"de-DE\"},{\"@type\":\"WebPage\",\"@id\":\"https:\/\/www.studyhelp.de\/online-lernen\/inventur-und-bilanz\/#webpage\",\"url\":\"https:\/\/www.studyhelp.de\/online-lernen\/inventur-und-bilanz\/\",\"name\":\"Inventur und Bilanz - StudyHelp Online-Lernen\",\"isPartOf\":{\"@id\":\"https:\/\/www.studyhelp.de\/online-lernen\/#website\"},\"datePublished\":\"2024-11-13T11:26:52+00:00\",\"dateModified\":\"2024-11-13T11:26:52+00:00\",\"inLanguage\":\"de-DE\",\"potentialAction\":[{\"@type\":\"ReadAction\",\"target\":[\"https:\/\/www.studyhelp.de\/online-lernen\/inventur-und-bilanz\/\"]}]}]}<\/script>\n<!-- \/ Yoast SEO plugin. -->","_links":{"self":[{"href":"https:\/\/www.studyhelp.de\/online-lernen\/wp-json\/wp\/v2\/pages\/17171"}],"collection":[{"href":"https:\/\/www.studyhelp.de\/online-lernen\/wp-json\/wp\/v2\/pages"}],"about":[{"href":"https:\/\/www.studyhelp.de\/online-lernen\/wp-json\/wp\/v2\/types\/page"}],"author":[{"embeddable":true,"href":"https:\/\/www.studyhelp.de\/online-lernen\/wp-json\/wp\/v2\/users\/5"}],"replies":[{"embeddable":true,"href":"https:\/\/www.studyhelp.de\/online-lernen\/wp-json\/wp\/v2\/comments?post=17171"}],"version-history":[{"count":25,"href":"https:\/\/www.studyhelp.de\/online-lernen\/wp-json\/wp\/v2\/pages\/17171\/revisions"}],"predecessor-version":[{"id":18198,"href":"https:\/\/www.studyhelp.de\/online-lernen\/wp-json\/wp\/v2\/pages\/17171\/revisions\/18198"}],"wp:attachment":[{"href":"https:\/\/www.studyhelp.de\/online-lernen\/wp-json\/wp\/v2\/media?parent=17171"}],"wp:term":[{"taxonomy":"category","embeddable":true,"href":"https:\/\/www.studyhelp.de\/online-lernen\/wp-json\/wp\/v2\/categories?post=17171"},{"taxonomy":"post_tag","embeddable":true,"href":"https:\/\/www.studyhelp.de\/online-lernen\/wp-json\/wp\/v2\/tags?post=17171"}],"curies":[{"name":"wp","href":"https:\/\/api.w.org\/{rel}","templated":true}]}}