{"id":17216,"date":"2022-05-24T10:51:57","date_gmt":"2022-05-24T08:51:57","guid":{"rendered":"https:\/\/www.studyhelp.de\/online-lernen\/?page_id=17216"},"modified":"2022-05-25T10:27:26","modified_gmt":"2022-05-25T08:27:26","slug":"a-deklination","status":"publish","type":"page","link":"https:\/\/www.studyhelp.de\/online-lernen\/latein\/a-deklination\/","title":{"rendered":"a-Deklination"},"content":{"rendered":"<p>Wir machen weiter mit der  <strong>a-Deklination. <\/strong>Sie besteht aus Nomen, die immer weiblich sind. Eselsbr\u00fccke: Vornamen auf Deutsch sind auch immer weiblich, wenn sie auf -a enden. Au\u00dfer Sascha vielleicht, aber das ist eine Kurzform von Alexander&#8230;<\/p>\n<p>Substantive der a-Deklination bilden den Genitiv Singular mit der Silbe <strong>&#8222;-ae&#8220;.<\/strong><\/p>\n<p>Das Video zeigt alle Endungen der a-Deklination f\u00fcr alle F\u00e4lle im Singular und Plural. Das Beispielwort ist <em>ancilla<\/em>, das bedeutet Sklavin.<\/p>\n<h3 class=\"mt-3 mb-3\">I) Die a-Deklination.<\/h3>\n<div class=\"mt-5 mb-5 resp-video\">\n<iframe loading=\"lazy\" src=\"https:\/\/player.vimeo.com\/video\/123494629?h=98139b4194&amp;dnt=1&amp;app_id=122963\" width=\"500\" height=\"281\" frameborder=\"0\" allow=\"autoplay; fullscreen; picture-in-picture\" allowfullscreen><\/iframe>\n<\/div>\n<p class=\"mt-4 mb-4\">Und hier noch einmal die a-Deklination im \u00dcberblick:<\/p>\n<h4 class=\"mt-3 mb-5\">ancilla, ancillae, femininum, Sklavin<\/h4>\n<div class=\"Table\">\n<div class=\"Table-row Table-header\">\n<div class=\"Table-row-item\">Kasus<\/div>\n<div class=\"Table-row-item\">Singular<\/div>\n<div class=\"Table-row-item\">Plural<\/div>\n<\/p><\/div>\n<div class=\"Table-row\">\n<div class=\"Table-row-item\"><strong>Nominativ<\/strong><\/div>\n<div class=\"Table-row-item flex-row\">ancill <span class=\"ml-1\" style=\"color: #000080;\"><strong>-a<\/strong><\/span><\/div>\n<div class=\"Table-row-item flex-row\">ancill <span class=\"ml-1\" style=\"color: #000080;\"><strong>-ae<\/strong><\/span><\/div>\n<\/p><\/div>\n<div class=\"Table-row\">\n<div class=\"Table-row-item\"><strong>Genitiv<\/strong><\/div>\n<div class=\"Table-row-item flex-row\">ancill <span class=\"ml-1\" style=\"color: #000080;\"><strong>-ae<\/strong><\/span><\/div>\n<div class=\"Table-row-item flex-row\">ancill <span class=\"ml-1\" style=\"color: #000080;\"><strong>-arum<\/strong><\/span><\/div>\n<\/p><\/div>\n<div class=\"Table-row\">\n<div class=\"Table-row-item\"><strong>Dativ<\/strong><\/div>\n<div class=\"Table-row-item flex-row\">ancill <span class=\"ml-1\" style=\"color: #000080;\"><strong>-ae<\/strong><\/span><\/div>\n<div class=\"Table-row-item flex-row\">ancill <span class=\"ml-1\" style=\"color: #000080;\"><strong>-is<\/strong><\/span><\/div>\n<\/p><\/div>\n<div class=\"Table-row\">\n<div class=\"Table-row-item\"><strong>Akkusativ<\/strong><\/div>\n<div class=\"Table-row-item flex-row\">ancill <span class=\"ml-1\" style=\"color: #000080;\"><strong>-am<\/strong><\/span><\/div>\n<div class=\"Table-row-item flex-row\">ancill <span class=\"ml-1\" style=\"color: #000080;\"><strong>-as<\/strong><\/span><\/div>\n<\/p><\/div>\n<div class=\"Table-row\">\n<div class=\"Table-row-item\"><strong>Ablativ<\/strong><\/div>\n<div class=\"Table-row-item flex-row\">ancill <span class=\"ml-1\" style=\"color: #000080;\"><strong>-a<\/strong><\/span><\/div>\n<div class=\"Table-row-item flex-row\">ancill <span class=\"ml-1\" style=\"color: #000080;\"><strong>-is<\/strong><\/span><\/div>\n<\/p><\/div>\n<\/div>\n<p class=\"mt-3\">Es lohnt sich, diese Tabelle auswendig zu lernen. Das gilt genau so f\u00fcr alle anderen Deklinationstabellen, die wir uns noch anschauen. Das ist deshalb so wichtig, weil man sp\u00e4ter beim \u00dcbersetzen des lateinischen Textes die einzelnen Substantive bestimmen und \u00fcbersetzen k\u00f6nnen muss, damit man den Sinn des Satzes erkennt.<\/p>\n<p>Wir machen weiter mit den Substantiven der konsonantischen Deklination.<\/p>\n","protected":false},"excerpt":{"rendered":"<p>Wir machen weiter mit der a-Deklination. Sie besteht aus Nomen, die immer weiblich sind. Eselsbr\u00fccke: Vornamen auf Deutsch sind auch immer weiblich, wenn sie auf -a enden. Au\u00dfer Sascha vielleicht, aber das ist eine Kurzform von Alexander&#8230; Substantive der a-Deklination bilden den Genitiv Singular mit der Silbe &#8222;-ae&#8220;. Das Video zeigt alle Endungen der a-Deklination [&hellip;]<\/p>\n","protected":false},"author":5,"featured_media":0,"parent":17292,"menu_order":0,"comment_status":"closed","ping_status":"closed","template":"","meta":[],"categories":[78],"tags":[],"yoast_head":"<!-- This site is optimized with the Yoast SEO plugin v14.7 - https:\/\/yoast.com\/wordpress\/plugins\/seo\/ -->\n<title>a-Deklination - StudyHelp Online-Lernen<\/title>\n<meta name=\"robots\" content=\"index, follow\" \/>\n<meta name=\"googlebot\" content=\"index, follow, max-snippet:-1, max-image-preview:large, max-video-preview:-1\" \/>\n<meta name=\"bingbot\" content=\"index, follow, max-snippet:-1, max-image-preview:large, max-video-preview:-1\" \/>\n<link rel=\"canonical\" href=\"https:\/\/www.studyhelp.de\/online-lernen\/latein\/a-deklination\/\" \/>\n<meta property=\"og:locale\" content=\"de_DE\" \/>\n<meta property=\"og:type\" content=\"article\" \/>\n<meta property=\"og:title\" content=\"a-Deklination - StudyHelp Online-Lernen\" \/>\n<meta property=\"og:description\" content=\"Wir machen weiter mit der a-Deklination. Sie besteht aus Nomen, die immer weiblich sind. Eselsbr\u00fccke: Vornamen auf Deutsch sind auch immer weiblich, wenn sie auf -a enden. Au\u00dfer Sascha vielleicht, aber das ist eine Kurzform von Alexander&#8230; Substantive der a-Deklination bilden den Genitiv Singular mit der Silbe &#8222;-ae&#8220;. Das Video zeigt alle Endungen der a-Deklination [&hellip;]\" \/>\n<meta property=\"og:url\" content=\"https:\/\/www.studyhelp.de\/online-lernen\/latein\/a-deklination\/\" \/>\n<meta property=\"og:site_name\" content=\"StudyHelp Online-Lernen\" \/>\n<meta property=\"article:modified_time\" content=\"2022-05-25T08:27:26+00:00\" \/>\n<meta name=\"twitter:card\" content=\"summary_large_image\" \/>\n<script type=\"application\/ld+json\" class=\"yoast-schema-graph\">{\"@context\":\"https:\/\/schema.org\",\"@graph\":[{\"@type\":\"WebSite\",\"@id\":\"https:\/\/www.studyhelp.de\/online-lernen\/#website\",\"url\":\"https:\/\/www.studyhelp.de\/online-lernen\/\",\"name\":\"StudyHelp Online-Lernen\",\"description\":\"\",\"potentialAction\":[{\"@type\":\"SearchAction\",\"target\":\"https:\/\/www.studyhelp.de\/online-lernen\/?s={search_term_string}\",\"query-input\":\"required name=search_term_string\"}],\"inLanguage\":\"de-DE\"},{\"@type\":\"WebPage\",\"@id\":\"https:\/\/www.studyhelp.de\/online-lernen\/latein\/a-deklination\/#webpage\",\"url\":\"https:\/\/www.studyhelp.de\/online-lernen\/latein\/a-deklination\/\",\"name\":\"a-Deklination - StudyHelp Online-Lernen\",\"isPartOf\":{\"@id\":\"https:\/\/www.studyhelp.de\/online-lernen\/#website\"},\"datePublished\":\"2022-05-24T08:51:57+00:00\",\"dateModified\":\"2022-05-25T08:27:26+00:00\",\"inLanguage\":\"de-DE\",\"potentialAction\":[{\"@type\":\"ReadAction\",\"target\":[\"https:\/\/www.studyhelp.de\/online-lernen\/latein\/a-deklination\/\"]}]}]}<\/script>\n<!-- \/ Yoast SEO plugin. -->","_links":{"self":[{"href":"https:\/\/www.studyhelp.de\/online-lernen\/wp-json\/wp\/v2\/pages\/17216"}],"collection":[{"href":"https:\/\/www.studyhelp.de\/online-lernen\/wp-json\/wp\/v2\/pages"}],"about":[{"href":"https:\/\/www.studyhelp.de\/online-lernen\/wp-json\/wp\/v2\/types\/page"}],"author":[{"embeddable":true,"href":"https:\/\/www.studyhelp.de\/online-lernen\/wp-json\/wp\/v2\/users\/5"}],"replies":[{"embeddable":true,"href":"https:\/\/www.studyhelp.de\/online-lernen\/wp-json\/wp\/v2\/comments?post=17216"}],"version-history":[{"count":12,"href":"https:\/\/www.studyhelp.de\/online-lernen\/wp-json\/wp\/v2\/pages\/17216\/revisions"}],"predecessor-version":[{"id":17346,"href":"https:\/\/www.studyhelp.de\/online-lernen\/wp-json\/wp\/v2\/pages\/17216\/revisions\/17346"}],"up":[{"embeddable":true,"href":"https:\/\/www.studyhelp.de\/online-lernen\/wp-json\/wp\/v2\/pages\/17292"}],"wp:attachment":[{"href":"https:\/\/www.studyhelp.de\/online-lernen\/wp-json\/wp\/v2\/media?parent=17216"}],"wp:term":[{"taxonomy":"category","embeddable":true,"href":"https:\/\/www.studyhelp.de\/online-lernen\/wp-json\/wp\/v2\/categories?post=17216"},{"taxonomy":"post_tag","embeddable":true,"href":"https:\/\/www.studyhelp.de\/online-lernen\/wp-json\/wp\/v2\/tags?post=17216"}],"curies":[{"name":"wp","href":"https:\/\/api.w.org\/{rel}","templated":true}]}}