{"id":17221,"date":"2022-05-24T10:54:40","date_gmt":"2022-05-24T08:54:40","guid":{"rendered":"https:\/\/www.studyhelp.de\/online-lernen\/?page_id=17221"},"modified":"2022-05-25T09:53:53","modified_gmt":"2022-05-25T07:53:53","slug":"konsonantischen-deklination","status":"publish","type":"page","link":"https:\/\/www.studyhelp.de\/online-lernen\/latein\/konsonantischen-deklination\/","title":{"rendered":"konsonantischen Deklination"},"content":{"rendered":"<p>In diesem Arbeitspaket lernen wir die Endungen der <strong>konsonantischen Deklination<\/strong> kennen.<\/p>\n<p>Die Endungen der Substantive der konsonantischen Deklination unterscheiden sich nach dem Genus des Nomens in masculinum\/femininum (Video I) und neutrum (Video II). In den Videos stellen wir die Deklinationen vor und geben Tipps, wie man sich das Auswendiglernen einfacher machen kann.<\/p>\n<p>Das Beispielwort des ersten Videos ist <em>senator<\/em> und bedeutet auf Deutsch auch Senator. <em>Senator  <\/em>ist im Lateinischen masculinum, die Endungen dieses Substantives stehen im Video beispielhaft f\u00fcr m\u00e4nnliche <em>und<\/em> weibliche Substantive der konsonantischen Deklination.<\/p>\n<h3>I) Konsonantische Deklination masculinum\/femininum<\/h3>\n<div class=\"mt-5 mb-5 resp-video\">\n<iframe loading=\"lazy\" src=\"https:\/\/player.vimeo.com\/video\/123612630?h=ff5e5cd926&amp;dnt=1&amp;app_id=122963\" width=\"500\" height=\"281\" frameborder=\"0\" allow=\"autoplay; fullscreen; picture-in-picture\" allowfullscreen><\/iframe>\n<\/div>\n<p>Hier noch einmal alle vorgestellten Endungen im \u00dcberblick<\/p>\n<h4 class=\"mt-3 mb-3\">senator, senatoris, masculinum, Senator<\/h4>\n<div class=\"Table\">\n<div class=\"Table-row Table-header\">\n<div class=\"Table-row-item\">Kasus<\/div>\n<div class=\"Table-row-item\">Singular<\/div>\n<div class=\"Table-row-item\">Plural<\/div>\n<\/p><\/div>\n<div class=\"Table-row\">\n<div class=\"Table-row-item\"><strong>Nominativ<\/strong><\/div>\n<div class=\"Table-row-item flex-row\">senator<\/div>\n<div class=\"Table-row-item flex-row\">senator <span class=\"ml-1\" style=\"color: #000080;\"><strong>-es<\/strong><\/span><\/div>\n<\/p><\/div>\n<div class=\"Table-row\">\n<div class=\"Table-row-item\"><strong>Genitiv<\/strong><\/div>\n<div class=\"Table-row-item flex-row\">senator <span class=\"ml-1\" style=\"color: #000080;\"><strong>-is<\/strong><\/span><\/div>\n<div class=\"Table-row-item flex-row\">senator <span class=\"ml-1\" style=\"color: #000080;\"><strong>-um<\/strong><\/span><\/div>\n<\/p><\/div>\n<div class=\"Table-row\">\n<div class=\"Table-row-item\"><strong>Dativ<\/strong><\/div>\n<div class=\"Table-row-item flex-row\">senator <span class=\"ml-1\" style=\"color: #000080;\"><strong>-i<\/strong><\/span><\/div>\n<div class=\"Table-row-item flex-row\">senator <span class=\"ml-1\" style=\"color: #000080;\"><strong>-ibus<\/strong><\/span><\/div>\n<\/p><\/div>\n<div class=\"Table-row\">\n<div class=\"Table-row-item\"><strong>Akkusativ<\/strong><\/div>\n<div class=\"Table-row-item flex-row\">senator <span class=\"ml-1\" style=\"color: #000080;\"><strong>-em<\/strong><\/span><\/div>\n<div class=\"Table-row-item flex-row\">senator <span class=\"ml-1\" style=\"color: #000080;\"><strong>-es<\/strong><\/span><\/div>\n<\/p><\/div>\n<div class=\"Table-row\">\n<div class=\"Table-row-item\"><strong>Ablativ<\/strong><\/div>\n<div class=\"Table-row-item flex-row\">senator <span class=\"ml-1\" style=\"color: #000080;\"><strong>-e<\/strong><\/span><\/div>\n<div class=\"Table-row-item flex-row\">senator <span class=\"ml-1\" style=\"color: #000080;\"><strong>-ibus<\/strong><\/span><\/div>\n<\/p><\/div>\n<\/div>\n<h3 class=\"mt-5 mb-3\">II) Konsonantische Deklination neutrum<\/h3>\n<div class=\"mt-5 mb-5 resp-video\">\n<iframe loading=\"lazy\" src=\"https:\/\/player.vimeo.com\/video\/279620852?h=41cd465ae5&amp;dnt=1&amp;app_id=122963\" width=\"500\" height=\"281\" frameborder=\"0\" allow=\"autoplay; fullscreen; picture-in-picture\" allowfullscreen><\/iframe>\n<\/div>\n<p>In der konsonantischen Deklination gibt es neben den vorgestellten Substantiven auch neutrale Substantive, die (leicht) anders dekliniert werden. Die Endungen unterscheiden sich lediglich im Nominativ und Akkusativ Singular.<\/p>\n<p>In der folgenden Tabelle seht ihr die konsonatische Deklination im Neutrum anhand des Beispielwortes <em>opus<\/em> (Arbeit, Werk).<\/p>\n<h4 class=\"mt-3 mb-3\">opus, operis, neutrum, Arbeit Werk<\/h4>\n<div class=\"Table\">\n<div class=\"Table-row Table-header\">\n<div class=\"Table-row-item\">Kasus<\/div>\n<div class=\"Table-row-item\">Singular<\/div>\n<div class=\"Table-row-item\">Plural<\/div>\n<\/p><\/div>\n<div class=\"Table-row\">\n<div class=\"Table-row-item\"><strong>Nominativ<\/strong><\/div>\n<div class=\"Table-row-item\">opus<\/div>\n<div class=\"Table-row-item flex-row\">oper <span class=\"ml-1\" style=\"color: #000080;\"><strong>-a<\/strong><\/span><\/div>\n<\/p><\/div>\n<div class=\"Table-row\">\n<div class=\"Table-row-item\"><strong>Genitiv<\/strong><\/div>\n<div class=\"Table-row-item flex-row\">oper <span class=\"ml-1\" style=\"color: #000080;\"><strong> -is<\/strong><\/span><\/div>\n<div class=\"Table-row-item flex-row\">oper <span class=\"ml-1\" style=\"color: #000080;\"> <strong>-um<\/strong><\/span><\/div>\n<\/p><\/div>\n<div class=\"Table-row\">\n<div class=\"Table-row-item\"><strong>Dativ<\/strong><\/div>\n<div class=\"Table-row-item flex-row\">oper <span class=\"ml-1\" style=\"color: #000080;\"><strong>-i<\/strong><\/span><\/div>\n<div class=\"Table-row-item flex-row\">oper <span class=\"ml-1\" style=\"color: #000080;\"><strong>-ibus<\/strong><\/span><\/div>\n<\/p><\/div>\n<div class=\"Table-row\">\n<div class=\"Table-row-item\"><strong>Akkusativ<\/strong><\/div>\n<div class=\"Table-row-item flex-row\">opus<\/em><\/div>\n<div class=\"Table-row-item flex-row\">oper <span class=\"ml-1\" style=\"color: #000080;\"><strong>-a<\/strong><\/span><\/div>\n<\/p><\/div>\n<div class=\"Table-row\">\n<div class=\"Table-row-item\"><strong>Ablativ<\/strong><\/div>\n<div class=\"Table-row-item flex-row\">oper <span class=\"ml-1\" style=\"color: #000080;\"><strong>-e<\/strong><\/span><\/em><\/div>\n<div class=\"Table-row-item flex-row\">oper <span class=\"ml-1\" style=\"color: #000080;\"><strong>-ibus<\/strong><\/span><\/div>\n<\/p><\/div>\n<\/div>\n<div class=\"box info\">\n<p><b>Lerntipp:<\/b><br \/>\nWie bei der o-Deklination liegt der einzige<strong> Unterschied<\/strong> der Endungen beim neutrum in den <strong>Endungen von Nominativ und Akkusativ Plural<\/strong>! Alle anderen F\u00e4lle m\u00fcsst ihr nicht noch mal lernen, wenn ihr die Endungen f\u00fcr m\u00e4nnliche und weibliche Substantive schon gelernt habt!<\/p>\n<\/div>\n<p>Zum Ende des Arbeitspaketes zu Substantiven schauen wir uns seltenere Deklinationen an. Wir beginnen mit den Substantiven der <strong>u-Deklination.<\/strong><\/p>\n","protected":false},"excerpt":{"rendered":"<p>In diesem Arbeitspaket lernen wir die Endungen der konsonantischen Deklination kennen. Die Endungen der Substantive der konsonantischen Deklination unterscheiden sich nach dem Genus des Nomens in masculinum\/femininum (Video I) und neutrum (Video II). In den Videos stellen wir die Deklinationen vor und geben Tipps, wie man sich das Auswendiglernen einfacher machen kann. Das Beispielwort des [&hellip;]<\/p>\n","protected":false},"author":5,"featured_media":0,"parent":17292,"menu_order":0,"comment_status":"closed","ping_status":"closed","template":"","meta":[],"categories":[78],"tags":[],"yoast_head":"<!-- This site is optimized with the Yoast SEO plugin v14.7 - https:\/\/yoast.com\/wordpress\/plugins\/seo\/ -->\n<title>konsonantischen Deklination - StudyHelp Online-Lernen<\/title>\n<meta name=\"robots\" content=\"index, follow\" \/>\n<meta name=\"googlebot\" content=\"index, follow, max-snippet:-1, max-image-preview:large, max-video-preview:-1\" \/>\n<meta name=\"bingbot\" content=\"index, follow, max-snippet:-1, max-image-preview:large, max-video-preview:-1\" \/>\n<link rel=\"canonical\" href=\"https:\/\/www.studyhelp.de\/online-lernen\/latein\/konsonantischen-deklination\/\" \/>\n<meta property=\"og:locale\" content=\"de_DE\" \/>\n<meta property=\"og:type\" content=\"article\" \/>\n<meta property=\"og:title\" content=\"konsonantischen Deklination - StudyHelp Online-Lernen\" \/>\n<meta property=\"og:description\" content=\"In diesem Arbeitspaket lernen wir die Endungen der konsonantischen Deklination kennen. Die Endungen der Substantive der konsonantischen Deklination unterscheiden sich nach dem Genus des Nomens in masculinum\/femininum (Video I) und neutrum (Video II). In den Videos stellen wir die Deklinationen vor und geben Tipps, wie man sich das Auswendiglernen einfacher machen kann. Das Beispielwort des [&hellip;]\" \/>\n<meta property=\"og:url\" content=\"https:\/\/www.studyhelp.de\/online-lernen\/latein\/konsonantischen-deklination\/\" \/>\n<meta property=\"og:site_name\" content=\"StudyHelp Online-Lernen\" \/>\n<meta property=\"article:modified_time\" content=\"2022-05-25T07:53:53+00:00\" \/>\n<meta name=\"twitter:card\" content=\"summary_large_image\" \/>\n<script type=\"application\/ld+json\" class=\"yoast-schema-graph\">{\"@context\":\"https:\/\/schema.org\",\"@graph\":[{\"@type\":\"WebSite\",\"@id\":\"https:\/\/www.studyhelp.de\/online-lernen\/#website\",\"url\":\"https:\/\/www.studyhelp.de\/online-lernen\/\",\"name\":\"StudyHelp Online-Lernen\",\"description\":\"\",\"potentialAction\":[{\"@type\":\"SearchAction\",\"target\":\"https:\/\/www.studyhelp.de\/online-lernen\/?s={search_term_string}\",\"query-input\":\"required name=search_term_string\"}],\"inLanguage\":\"de-DE\"},{\"@type\":\"WebPage\",\"@id\":\"https:\/\/www.studyhelp.de\/online-lernen\/latein\/konsonantischen-deklination\/#webpage\",\"url\":\"https:\/\/www.studyhelp.de\/online-lernen\/latein\/konsonantischen-deklination\/\",\"name\":\"konsonantischen Deklination - StudyHelp Online-Lernen\",\"isPartOf\":{\"@id\":\"https:\/\/www.studyhelp.de\/online-lernen\/#website\"},\"datePublished\":\"2022-05-24T08:54:40+00:00\",\"dateModified\":\"2022-05-25T07:53:53+00:00\",\"inLanguage\":\"de-DE\",\"potentialAction\":[{\"@type\":\"ReadAction\",\"target\":[\"https:\/\/www.studyhelp.de\/online-lernen\/latein\/konsonantischen-deklination\/\"]}]}]}<\/script>\n<!-- \/ Yoast SEO plugin. -->","_links":{"self":[{"href":"https:\/\/www.studyhelp.de\/online-lernen\/wp-json\/wp\/v2\/pages\/17221"}],"collection":[{"href":"https:\/\/www.studyhelp.de\/online-lernen\/wp-json\/wp\/v2\/pages"}],"about":[{"href":"https:\/\/www.studyhelp.de\/online-lernen\/wp-json\/wp\/v2\/types\/page"}],"author":[{"embeddable":true,"href":"https:\/\/www.studyhelp.de\/online-lernen\/wp-json\/wp\/v2\/users\/5"}],"replies":[{"embeddable":true,"href":"https:\/\/www.studyhelp.de\/online-lernen\/wp-json\/wp\/v2\/comments?post=17221"}],"version-history":[{"count":13,"href":"https:\/\/www.studyhelp.de\/online-lernen\/wp-json\/wp\/v2\/pages\/17221\/revisions"}],"predecessor-version":[{"id":17342,"href":"https:\/\/www.studyhelp.de\/online-lernen\/wp-json\/wp\/v2\/pages\/17221\/revisions\/17342"}],"up":[{"embeddable":true,"href":"https:\/\/www.studyhelp.de\/online-lernen\/wp-json\/wp\/v2\/pages\/17292"}],"wp:attachment":[{"href":"https:\/\/www.studyhelp.de\/online-lernen\/wp-json\/wp\/v2\/media?parent=17221"}],"wp:term":[{"taxonomy":"category","embeddable":true,"href":"https:\/\/www.studyhelp.de\/online-lernen\/wp-json\/wp\/v2\/categories?post=17221"},{"taxonomy":"post_tag","embeddable":true,"href":"https:\/\/www.studyhelp.de\/online-lernen\/wp-json\/wp\/v2\/tags?post=17221"}],"curies":[{"name":"wp","href":"https:\/\/api.w.org\/{rel}","templated":true}]}}