{"id":17245,"date":"2022-05-24T10:54:40","date_gmt":"2022-05-24T08:54:40","guid":{"rendered":"https:\/\/www.studyhelp.de\/online-lernen\/?page_id=17245"},"modified":"2022-05-25T10:34:54","modified_gmt":"2022-05-25T08:34:54","slug":"i-deklination","status":"publish","type":"page","link":"https:\/\/www.studyhelp.de\/online-lernen\/latein\/i-deklination\/","title":{"rendered":"i-Deklination"},"content":{"rendered":"<p>Die <strong>i-Deklination<\/strong> tritt nur sehr selten auf und wird nicht in allen Lehrb\u00fcchern intensiv besprochen. Wir stellen diese \u00dcbersicht zur Verf\u00fcgung, damit die entsprechenden Substantive dieser Deklination richtig erkannt werden, sollten sie in einem Text auftauchen.<\/p>\n<p>Substantive der i-Deklination treten im femininum, masculinum oder neutrum auf. Weibliche und m\u00e4nnliche Substantive werden wie folgt dekliniert. Das Beispielwort ist <em>turris<\/em> und bedeutet Turm.<\/p>\n<h3 class=\"mt-3 mb-3\">i-Deklination masculinum und femininum<\/h3>\n<div class=\"Table\">\n<div class=\"Table-row Table-header\">\n<div class=\"Table-row-item\">Kasus<\/div>\n<div class=\"Table-row-item\">Singular<\/div>\n<div class=\"Table-row-item\">Plural<\/div>\n<\/p><\/div>\n<div class=\"Table-row\">\n<div class=\"Table-row-item\"><strong>Nominativ<\/strong><\/div>\n<div class=\"Table-row-item\">turris<\/div>\n<div class=\"Table-row-item flex-row\">turr <span class=\"ml-1\"><strong>-es<\/strong><\/span><\/div>\n<\/p><\/div>\n<div class=\"Table-row\">\n<div class=\"Table-row-item\"><strong>Genitiv<\/strong><\/div>\n<div class=\"Table-row-item flex-row\">turr <span class=\"ml-1\"><strong>-is<\/strong><\/span><\/div>\n<div class=\"Table-row-item flex-row\">turr <span class=\"ml-1\"><strong>-ium \/ -um<\/strong><\/span><\/div>\n<\/p><\/div>\n<div class=\"Table-row\">\n<div class=\"Table-row-item\"><strong>Dativ<\/strong><\/div>\n<div class=\"Table-row-item flex-row\">turr <span class=\"ml-1\"><strong>-i<\/strong><\/span><\/div>\n<div class=\"Table-row-item flex-row\">turr <span class=\"ml-1\"><strong>-ibus<\/strong><\/span><\/div>\n<\/p><\/div>\n<div class=\"Table-row\">\n<div class=\"Table-row-item\"><strong>Akkusativ<\/strong><\/div>\n<div class=\"Table-row-item flex-row\">turr <span class=\"ml-1\"><strong>-im<\/strong><\/span><\/div>\n<div class=\"Table-row-item flex-row\">turr <span class=\"ml-1\"><strong>-es \/ -is<\/strong><\/span><\/div>\n<\/p><\/div>\n<div class=\"Table-row\">\n<div class=\"Table-row-item\"><strong>Ablativ<\/strong><\/div>\n<div class=\"Table-row-item flex-row\">turr <span class=\"ml-1\"><strong>-i<\/strong><\/span><\/div>\n<div class=\"Table-row-item flex-row\">turr <span class=\"ml-1\"><strong>-ibus<\/strong><\/span><\/div>\n<\/p><\/div>\n<\/div>\n<p class=\"mt-4\">Beispiel f\u00fcr Substantive der i-Deklination sind<\/p>\n<ul>\n<li>Feminina:\n<ul>\n<li>febris (Fieber)<\/li>\n<li>puppis (Heck)<\/li>\n<li>securis (Beil)<\/li>\n<li>sitis (Durst)<\/li>\n<\/ul>\n<\/li>\n<li>Maskulina\n<ul>\n<li>Fluss- und St\u00e4dtenamen wie Tiberis (der Tiber) und Albis (die Elbe)<\/li>\n<\/ul>\n<\/li>\n<\/ul>\n<p>S\u00e4chliche Substantive der i-Deklination werden wie folgt dekliniert. Das Beispielwort ist <em>animal<\/em> und bedeutet Tier.<\/p>\n<h3 class=\"mt-3 mb-3\">i-Deklination neutrum<\/h3>\n<div class=\"Table\">\n<div class=\"Table-row Table-header\">\n<div class=\"Table-row-item\">Kasus<\/div>\n<div class=\"Table-row-item\">Singular<\/div>\n<div class=\"Table-row-item\">Plural<\/div>\n<\/p><\/div>\n<div class=\"Table-row\">\n<div class=\"Table-row-item\"><strong>Nominativ<\/strong><\/div>\n<div class=\"Table-row-item\">animal<\/div>\n<div class=\"Table-row-item flex-row\">animal <span class=\"ml-1\"><strong>-ia<\/strong><\/span><\/div>\n<\/p><\/div>\n<div class=\"Table-row\">\n<div class=\"Table-row-item\"><strong>Genitiv<\/strong><\/div>\n<div class=\"Table-row-item flex-row\">animal <span class=\"ml-1\"><strong>-is<\/strong><\/span><\/div>\n<div class=\"Table-row-item flex-row\">animal <span class=\"ml-1\"><strong>-ium<\/strong><\/span><\/div>\n<\/p><\/div>\n<div class=\"Table-row\">\n<div class=\"Table-row-item\"><strong>Dativ<\/strong><\/div>\n<div class=\"Table-row-item flex-row\">animal <span class=\"ml-1\"><strong>-i<\/strong><\/span><\/div>\n<div class=\"Table-row-item flex-row\">animal <span class=\"ml-1\"><strong>-ibus<\/strong><\/span><\/div>\n<\/p><\/div>\n<div class=\"Table-row\">\n<div class=\"Table-row-item\"><strong>Akkusativ<\/strong><\/div>\n<div class=\"Table-row-item\">animal<\/div>\n<div class=\"Table-row-item flex-row\">animal <span class=\"ml-1\"><strong>-ia<\/strong><\/span><\/div>\n<\/p><\/div>\n<div class=\"Table-row\">\n<div class=\"Table-row-item\"><strong>Ablativ<\/strong><\/div>\n<div class=\"Table-row-item flex-row\">animal <span class=\"ml-1\"><strong>-i<\/strong><\/span><\/div>\n<div class=\"Table-row-item flex-row\">animal <span class=\"ml-1\"><strong>-ibus<\/strong><\/span><\/div>\n<\/p><\/div>\n<\/div>\n<p class=\"mt-3\">Die s\u00e4chlichen Substantive der i-Deklination sind in der Anzahl gr\u00f6\u00dfer, weshalb wir an dieser Stelle auf eine \u00dcbersicht verzichten.<\/p>\n<p>Damit sind alle Deklinationen lateinischer Substantive bekannt, die du f\u00fcr die Latinumpr\u00fcfung kennen solltest. Bevor das Kapitel mit \u00dcbungsaufgaben abschlie\u00dfen, stellen wir im n\u00e4chsten Abschnitt zwei F\u00e4lle vor, die wir bisher noch nicht beachten mussten: den <strong>Vokativ <\/strong>und den<strong> Lokativ!<\/strong><\/p>\n","protected":false},"excerpt":{"rendered":"<p>Die i-Deklination tritt nur sehr selten auf und wird nicht in allen Lehrb\u00fcchern intensiv besprochen. Wir stellen diese \u00dcbersicht zur Verf\u00fcgung, damit die entsprechenden Substantive dieser Deklination richtig erkannt werden, sollten sie in einem Text auftauchen. Substantive der i-Deklination treten im femininum, masculinum oder neutrum auf. Weibliche und m\u00e4nnliche Substantive werden wie folgt dekliniert. Das [&hellip;]<\/p>\n","protected":false},"author":5,"featured_media":0,"parent":17292,"menu_order":0,"comment_status":"closed","ping_status":"closed","template":"","meta":[],"categories":[78],"tags":[],"yoast_head":"<!-- This site is optimized with the Yoast SEO plugin v14.7 - https:\/\/yoast.com\/wordpress\/plugins\/seo\/ -->\n<title>i-Deklination - StudyHelp Online-Lernen<\/title>\n<meta name=\"robots\" content=\"index, follow\" \/>\n<meta name=\"googlebot\" content=\"index, follow, max-snippet:-1, max-image-preview:large, max-video-preview:-1\" \/>\n<meta name=\"bingbot\" content=\"index, follow, max-snippet:-1, max-image-preview:large, max-video-preview:-1\" \/>\n<link rel=\"canonical\" href=\"https:\/\/www.studyhelp.de\/online-lernen\/latein\/i-deklination\/\" \/>\n<meta property=\"og:locale\" content=\"de_DE\" \/>\n<meta property=\"og:type\" content=\"article\" \/>\n<meta property=\"og:title\" content=\"i-Deklination - StudyHelp Online-Lernen\" \/>\n<meta property=\"og:description\" content=\"Die i-Deklination tritt nur sehr selten auf und wird nicht in allen Lehrb\u00fcchern intensiv besprochen. Wir stellen diese \u00dcbersicht zur Verf\u00fcgung, damit die entsprechenden Substantive dieser Deklination richtig erkannt werden, sollten sie in einem Text auftauchen. Substantive der i-Deklination treten im femininum, masculinum oder neutrum auf. Weibliche und m\u00e4nnliche Substantive werden wie folgt dekliniert. Das [&hellip;]\" \/>\n<meta property=\"og:url\" content=\"https:\/\/www.studyhelp.de\/online-lernen\/latein\/i-deklination\/\" \/>\n<meta property=\"og:site_name\" content=\"StudyHelp Online-Lernen\" \/>\n<meta property=\"article:modified_time\" content=\"2022-05-25T08:34:54+00:00\" \/>\n<meta name=\"twitter:card\" content=\"summary_large_image\" \/>\n<script type=\"application\/ld+json\" class=\"yoast-schema-graph\">{\"@context\":\"https:\/\/schema.org\",\"@graph\":[{\"@type\":\"WebSite\",\"@id\":\"https:\/\/www.studyhelp.de\/online-lernen\/#website\",\"url\":\"https:\/\/www.studyhelp.de\/online-lernen\/\",\"name\":\"StudyHelp Online-Lernen\",\"description\":\"\",\"potentialAction\":[{\"@type\":\"SearchAction\",\"target\":\"https:\/\/www.studyhelp.de\/online-lernen\/?s={search_term_string}\",\"query-input\":\"required name=search_term_string\"}],\"inLanguage\":\"de-DE\"},{\"@type\":\"WebPage\",\"@id\":\"https:\/\/www.studyhelp.de\/online-lernen\/latein\/i-deklination\/#webpage\",\"url\":\"https:\/\/www.studyhelp.de\/online-lernen\/latein\/i-deklination\/\",\"name\":\"i-Deklination - StudyHelp Online-Lernen\",\"isPartOf\":{\"@id\":\"https:\/\/www.studyhelp.de\/online-lernen\/#website\"},\"datePublished\":\"2022-05-24T08:54:40+00:00\",\"dateModified\":\"2022-05-25T08:34:54+00:00\",\"inLanguage\":\"de-DE\",\"potentialAction\":[{\"@type\":\"ReadAction\",\"target\":[\"https:\/\/www.studyhelp.de\/online-lernen\/latein\/i-deklination\/\"]}]}]}<\/script>\n<!-- \/ Yoast SEO plugin. -->","_links":{"self":[{"href":"https:\/\/www.studyhelp.de\/online-lernen\/wp-json\/wp\/v2\/pages\/17245"}],"collection":[{"href":"https:\/\/www.studyhelp.de\/online-lernen\/wp-json\/wp\/v2\/pages"}],"about":[{"href":"https:\/\/www.studyhelp.de\/online-lernen\/wp-json\/wp\/v2\/types\/page"}],"author":[{"embeddable":true,"href":"https:\/\/www.studyhelp.de\/online-lernen\/wp-json\/wp\/v2\/users\/5"}],"replies":[{"embeddable":true,"href":"https:\/\/www.studyhelp.de\/online-lernen\/wp-json\/wp\/v2\/comments?post=17245"}],"version-history":[{"count":9,"href":"https:\/\/www.studyhelp.de\/online-lernen\/wp-json\/wp\/v2\/pages\/17245\/revisions"}],"predecessor-version":[{"id":17350,"href":"https:\/\/www.studyhelp.de\/online-lernen\/wp-json\/wp\/v2\/pages\/17245\/revisions\/17350"}],"up":[{"embeddable":true,"href":"https:\/\/www.studyhelp.de\/online-lernen\/wp-json\/wp\/v2\/pages\/17292"}],"wp:attachment":[{"href":"https:\/\/www.studyhelp.de\/online-lernen\/wp-json\/wp\/v2\/media?parent=17245"}],"wp:term":[{"taxonomy":"category","embeddable":true,"href":"https:\/\/www.studyhelp.de\/online-lernen\/wp-json\/wp\/v2\/categories?post=17245"},{"taxonomy":"post_tag","embeddable":true,"href":"https:\/\/www.studyhelp.de\/online-lernen\/wp-json\/wp\/v2\/tags?post=17245"}],"curies":[{"name":"wp","href":"https:\/\/api.w.org\/{rel}","templated":true}]}}