{"id":17248,"date":"2022-05-24T10:54:40","date_gmt":"2022-05-24T08:54:40","guid":{"rendered":"https:\/\/www.studyhelp.de\/online-lernen\/?page_id=17248"},"modified":"2022-05-24T16:19:49","modified_gmt":"2022-05-24T14:19:49","slug":"partizip-perfekt-passiv-ppp","status":"publish","type":"page","link":"https:\/\/www.studyhelp.de\/online-lernen\/latein\/partizip-perfekt-passiv-ppp\/","title":{"rendered":"Partizip Perfekt Passiv (PPP)"},"content":{"rendered":"<p>Im Grunde kennen wir das <strong>PPP<\/strong> (Partizip Perfekt Passiv) schon. Wir haben dar\u00fcber n\u00e4mlich schon einmal gesprochen, als wir das Indikativ Perfekt Passiv kennen gelernt haben. Dort wurde die dritte Stammform eingef\u00fchrt, das sogenannte Partizip.<\/p>\n<p>Die Bildung des Partizips ist schon bekannt. Das ist die halbe Miete f\u00fcr das PPP. Wer sich die Bildung des Partizips noch mal anschauen m\u00f6chte, sollte noch einmal das Arbeitspaket zum Indikativ Perfekt Passiv im zweiten Kapitel zu Verben wiederholen.<\/p>\n<p>Neu ist jetzt im PPP, dass das Partizip in Verbindung mit einem Substantiv eine satzwertige Konstruktion bilden kann. Das bedeutet, dass ein Nomen und ein Partizip zusammen einen ganzen Nebensatz bilden k\u00f6nnen.<\/p>\n<p>Man nennet das dann <strong>PC<\/strong> (Participium coniunctum &#8211; das (mit einem Nomen verbundene) Partizip).<\/p>\n<p>Wir schauen uns das im Video genauer an.<\/p>\n<h3 class=\"mt-3 mb-3\">I) PPP: w\u00f6rtliche, attributive \u00dcbersetzung und \u00dcbersetzung im Relativsatz<\/h3>\n<div class=\"mt-5 mb-5 resp-video\">\n<iframe loading=\"lazy\" src=\"https:\/\/player.vimeo.com\/video\/124021842?h=d42ace46d8&amp;dnt=1&amp;app_id=122963\" width=\"500\" height=\"281\" frameborder=\"0\" allow=\"autoplay; fullscreen; picture-in-picture\" allowfullscreen><\/iframe>\n<\/div>\n<p>Dann fassen wir mal zusammen:<\/p>\n<p>Das PC als PPP wird gebildet aus einem Substantiv und einem Partizp Perfekt (3. Grundform), mit dem es in KNG-Kongruenz steht.<em> Wem KNG Kongruenz nichts mehr sagt, dem sei das Video I bei den Adjektiven ans Herz gelegt.<\/em><\/p>\n<p>Es gibt zun\u00e4chst M\u00f6glichkeiten, das PPP zu \u00fcbersetzen. Die einzelnen W\u00f6rter aus dem Beispielsatz des Videos werden aus Gr\u00fcnden der \u00dcbersichtlichkeit nicht nochmal \u00fcbersetzt. Wir wiederholen das Beispiel aus dem Video.<\/p>\n<p><strong>&#8222;<\/strong><strong>Hostes<\/strong><strong> acri proelio <\/strong><span style=\"color: #ff0000;\"><strong>victi<\/strong><\/span><strong><span style=\"color: #000080;\"> <em>fugerunt<\/em><\/span>&#8222;<\/strong><\/p>\n<p>&#8222;<span style=\"color: #000080;\">fugerun<\/span>t&#8220; ist das Pr\u00e4dikat (Perfekt Aktiv) und hei\u00dft: &#8222;sie sind geflohen&#8220;<\/p>\n<ol>\n<li>w\u00f6rtliche \u00dcbersetzung: Das Partizip <span style=\"color: #ff0000;\"><strong>victi <\/strong><\/span>kommt von vincere und hei\u00dft besiegen. Auf Deutsch ist das Partizip von besiegen &#8222;besiegt&#8220;.<\/li>\n<\/ol>\n<ul>\n<li>\u201eDie Feinde, in einer heftigen Schlacht besiegt, sind geflohen.\u201c<\/li>\n<\/ul>\n<ol start=\"2\">\n<li>attributiv (das Partizip als Begleiter seines Bezugsworts)<em><strong> (elegant, aber nicht immer leicht hinzubekommen)<\/strong><\/em><\/li>\n<\/ol>\n<ul>\n<li>\u201eDie in einer heftigen Schlacht <strong>besiegten Feinde <\/strong>flohen<strong>.\u201c<\/strong><\/li>\n<\/ul>\n<ol start=\"3\">\n<li>\u00dcbersetzung im Relativsatz<em><strong> (klappt oft am besten)<\/strong><\/em><\/li>\n<\/ol>\n<ul>\n<li>\u201eDie Feinde, <strong>die <\/strong>in einer heftigen Schlacht besiegt <strong>worden waren, <\/strong>sind geflohen.\u201c<\/li>\n<\/ul>\n<p>Steht das PPP im Ablativ, handelt es sich um einen Sonderfall. Den sogenannten Ablativus absolutus schauen wir uns in einem sp\u00e4teren Video dieses Arbeitspaketes an. Vorher m\u00fcssen wir uns jedoch noch eine vierte M\u00f6glichkeit der \u00dcbersetzung anschauen.<\/p>\n<h3 class=\"mt-3 mb-3\">I) PPP: adverbiale \u00dcbersetzung<\/h3>\n<p>Eine vierte M\u00f6glichkeit der \u00dcbersetzung des PPP gelingt mit Hilfe einer adverbialen Konstruktion. Dabei handelt es sich um einen Nebensatz, der mit einer entsprechenden Subjunktion eingeleitet wird, z.B. &#8222;weil&#8220; (kausaler Nebensatz), &#8222;obwohl&#8220; (konzessiver Nebensatz) oder &#8222;nachdem&#8220; (temporaler Nebensatz). Die Herausforderung bei dieser Form der \u00dcbersetzung ist, dass durch die Wahl der Subjunktion eine Interpretation des Satzes vorgenommen werden muss. Dies wird am Beispiel des Satzes oben deutlich:<\/p>\n<p><strong>&#8222;<\/strong><strong>Hostes<\/strong><strong> acri proelio <\/strong><strong>victi<\/strong><strong> fugerunt&#8220;<\/strong><\/p>\n<ol>\n<li>kausal: Die Feinde, weil sie in einer heftigen Schlacht besiegt worden waren, sind geflohen.<\/li>\n<li>temporal: Die Feinde, nachdem sie besiegt worden waren, sind geflohen.<\/li>\n<\/ol>\n<p>M\u00f6gliche adverbiale Nebens\u00e4tze bei der \u00dcbersetzung des PPP mit einer entsprechenden Subjunktion findest du in der folgenden Tabelle:<\/p>\n<div class=\"Table\">\n<div class=\"Table-row Table-header\">\n<div class=\"Table-row-item\"><strong>Art des adverbialen Nebensatzes<\/strong><\/div>\n<div class=\"Table-row-item\">Fragewort<\/div>\n<div class=\"Table-row-item\">M\u00f6gliche Subjunktion<\/div>\n<\/p><\/div>\n<div class=\"Table-row\">\n<div class=\"Table-row-item\"><strong>final<\/strong><\/div>\n<div class=\"Table-row-item\">Wozu?<\/div>\n<div class=\"Table-row-item\">Um zu, damit<\/div>\n<\/p><\/div>\n<div class=\"Table-row\">\n<div class=\"Table-row-item\"><strong>Instrumental<\/strong><\/div>\n<div class=\"Table-row-item\">Womit?<\/div>\n<div class=\"Table-row-item\">indem<\/div>\n<\/p><\/div>\n<div class=\"Table-row\">\n<div class=\"Table-row-item\"><strong>kausal<\/strong><\/div>\n<div class=\"Table-row-item\">Warum?<\/div>\n<div class=\"Table-row-item\">weil<\/div>\n<\/p><\/div>\n<div class=\"Table-row\">\n<div class=\"Table-row-item\"><strong>Konditional<\/strong><\/div>\n<div class=\"Table-row-item\">Unter welchen Bedingungen?<\/div>\n<div class=\"Table-row-item\">Wenn<\/div>\n<\/p><\/div>\n<div class=\"Table-row\">\n<div class=\"Table-row-item\"><strong>Konsekutiv<\/strong><\/div>\n<div class=\"Table-row-item\">Mit welcher Folge?<\/div>\n<div class=\"Table-row-item\">Sodass, ohne dass<\/div>\n<\/p><\/div>\n<div class=\"Table-row\">\n<div class=\"Table-row-item\"><strong>Konzessiv<\/strong><\/div>\n<div class=\"Table-row-item\">Trotz welcher Gr\u00fcnde?<\/div>\n<div class=\"Table-row-item\">Obwohl<\/div>\n<\/p><\/div>\n<div class=\"Table-row\">\n<div class=\"Table-row-item\"><strong>Temporal<\/strong><\/div>\n<div class=\"Table-row-item\">Wann?<\/div>\n<div class=\"Table-row-item\">Nachdem<\/div>\n<\/p><\/div>\n<div class=\"Table-row\">\n<div class=\"Table-row-item\"><strong>Modal<\/strong><\/div>\n<div class=\"Table-row-item\">Auf welche Weise?<\/div>\n<div class=\"Table-row-item\">Indem, durch<\/div>\n<\/p><\/div>\n<\/div>\n<p>Die Verwendung eines adverbialen Nebensatzes kann der \u00dcbersetzung verschiedene Bedeutungen geben. Der adverbiale Nebensatz kann zu einer sehr eleganten \u00dcbersetzung f\u00fchren. Es wird jedoch empfohlen, ihn nur bei einer klar erkennbaren Bedeutung des lateinisches Originals zu verwenden. Nachfolgend \u00fcben wir die \u00dcbersetzung des PPP anhand einiger \u00dcbungss\u00e4tze.<\/p>\n<div class=\"box exercise\">\n<h2>\u00dcbungsaufgaben<\/h2>\n<p>Wir \u00fcben anhand einiger Beispiels\u00e4tze die \u00dcbersetzung des PPP. Bei der \u00dcbersetzung kann  zwischen verschiedenen M\u00f6glichkeiten gew\u00e4hlt werden, wie wir gesehen haben:<\/p>\n<ul>\n<li>w\u00f6rtlich<\/li>\n<li>als Relativsatz<\/li>\n<li>attributiv<\/li>\n<li>adverbial<\/li>\n<\/ul>\n<p>Ganz genau ist die attributive \u00dcbersetzung eine bestimmte Form der w\u00f6rtlichen \u00dcbersetzung. Schauen wir uns dazu den Beispiel aus dem vorherigen Video noch einmal an:<\/p>\n<p><strong>&#8222;<\/strong><strong>Hostes<\/strong><strong> acri proelio <\/strong><strong>victi<\/strong><strong> <em>fugerunt<\/em>&#8222;<\/strong><\/p>\n<ul>\n<li> w\u00f6rtlich: \u201eDie Feinde, <strong>in einer heftigen Schlacht besiegt<\/strong>, sind geflohen.\u201c<\/li>\n<\/ul>\n<ul>\n<li>attributiv: \u201eDie <strong>in einer heftigen Schlacht besiegten <\/strong>Feinde flohen<strong>.\u201c<\/strong><\/li>\n<\/ul>\n<p>Der Unterschied besteht darin, dass die attributive \u00dcbersetzung dem Bezugswort (hier also den &#8222;Feinden&#8220;) als Attribut (von &#8222;attribuere&#8220; : zuordnen) angeh\u00e4ngt wird, w\u00e4hrend die w\u00f6rtliche \u00dcbersetzung einen Nebensatz ohne Subjunktion bildet. Im Deutschen ist die \u00dcbersetzung kaum zu unterscheiden. Da die w\u00f6rtliche \u00dcbersetzung oftmals nicht gut klingt, beschr\u00e4nken wir uns in der L\u00f6sung der folgenden S\u00e4tze auf die attributive \u00dcbersetzung. Wir geben f\u00fcr jeden Satz mit jeder m\u00f6glichen Form einen \u00dcbersetzungsvorschlag, sodass die \u00dcbersetzungsm\u00f6glichkeiten ge\u00fcbt werden k\u00f6nnen. In einigen F\u00e4llen ist eine freie \u00dcbersetzung notwendig. Letztlich ist es Entscheidung des \u00dcbersetzters, f\u00fcr welche Form er sich entscheidet.<\/p>\n<h3 class=\"mt-3 mb-3\">1. W\u00f6rtliche \u00dcbersetzung<\/h3>\n<ol>\n<li>Nuntius Graecus Roma missus senatum intravit.<\/li>\n<li>Milites Varri a Germanibus insidia addecti et oppugnati omnes morti sunt.<\/li>\n<li>Vercingetorix  hostibus Caesaris paene victis pugnavit et mortuus est.<\/li>\n<li>Barbari a Romanis victi ab iis parsi et imperati sunt.<\/li>\n<li>Troia frequenter a hostibus deleta a hominibus suis renovata est.<\/li>\n<li>Caesar a senatoribus missus Bellum Gallicum incepit.<\/li>\n<li>Limes Hadriani in provincia Britanica a Romanis aedificatus interitum imperi Romanorum tardare non potuit.<\/li>\n<li>Caesar Gallis victis exercitum in castra duxit.<\/li>\n<li>Signo non dato Graeci Persae petiverunt.<\/li>\n<li>Titus ab amico invitatus in Roma ivit.<\/li>\n<\/ol>\n<hr \/>\n<h3 class=\"mt-3 mb-3\">2. \u00dcbersetzung als Relativsatz<\/h3>\n<ol>\n<li>Nuntius Graecus Roma missus senatum intravit.<\/li>\n<li>Milites Varri a Germanibus insidia addecti et oppugnati omnes morti sunt.<\/li>\n<li>Vercingetorix  hostibus Caesaris paene victis pugnavit et mortuus est.<\/li>\n<li>Barbari a Romanis victi ab iis parsi et imperati sunt.<\/li>\n<li>Troia frequenter a hostibus deleta a hominibus suis renovata est.<\/li>\n<li>Caesar a senatoribus missus Bellum Gallicum incepit.<\/li>\n<li>Limes Hadriani in provincia Britanica a Romanis aedificatus interitum imperi Romanorum tardare non potuit.<\/li>\n<li>Caesar Gallis victis exercitum in castra duxit.<\/li>\n<li>Signo non dato Graeci Persae petiverunt.<\/li>\n<li>Titus ab amico invitatus in Romam ivit.<\/li>\n<\/ol>\n<hr \/>\n<h3 class=\"mt-3 mb-3\">3. Adverbiale \u00dcbersetzung<\/h3>\n<ol>\n<li>Nuntius Graecus Roma missus senatum intravit.<\/li>\n<li>Milites Varri a Germanibus insidia addecti et oppugnati omnes morti sunt.<\/li>\n<li>Vercingetorix  hostibus Caesaris paene victis pugnavit et mortuus est.<\/li>\n<li>Barbari a Romanis victi ab iis parsi et imperati sunt.<\/li>\n<li>Troia frequenter a hostibus deleta a hominibus suis renovata est.<\/li>\n<li>Caesar a senatoribus missus Bellum Gallicum incepit.<\/li>\n<li>Limes Hadriani in provincia Britanica a Romanis aedificatus interitum imperi Romanorum tardare non potuit.<\/li>\n<li>Caesar Gallis victis exercitum in castra duxit.<\/li>\n<li>Signo non dato Graeci Persae petiverunt.<\/li>\n<li>Titus ab amico invitatus in Romam ivit.<\/li>\n<\/ol>\n<\/div>\n<div class=\"box exercise\">\n<h2>L\u00f6sungen<\/h2>\n<h3 class=\"mt-3 mb-3\">Zu 1. W\u00f6rtliche \u00dcbersetzung<\/h3>\n<ol>\n<li>Der nach Rom gesendete Bote der Griechen betrat den Senat.<\/li>\n<li>Die Soldaten des Varrus, von den Germanen in einen Hinterhalt gelockt und angegriffen, starben alle.<\/li>\n<li>Vercingetorix k\u00e4mpfte mit den mit den fast besiegten Feinden Caesars und starb.<\/li>\n<li>Die Barbaren, von den R\u00f6mern besiegt, wurden von diesen geschont und beherrscht.<\/li>\n<li>Troja, von Feinden oft zerst\u00f6rt, wurde von seinen Menschen wieder aufgebaut.<\/li>\n<li>Caesar, von den Senatoren geschickt, begann den gallischen Krieg.<\/li>\n<li>Der Wall des Hadrian, von den R\u00f6mern in der Provinz Britannien errichtet, konnte den Untergang des r\u00f6mischen Reichs nicht verz\u00f6gern.<\/li>\n<li>C\u00e4sar f\u00fchrte das Heer mit den besiegten Galliern in das Lager.<\/li>\n<li>Mit dem nicht gegeben gewesenen Zeichen griffen die Griechen die Perser an.<\/li>\n<li>Titus ging, von einem Freund eingeladen, nach Rom.<\/li>\n<\/ol>\n<hr \/>\n<h3 class=\"mt-3 mb-3\">Zu 2. \u00dcbersetzung als Relativsatz<\/h3>\n<ol>\n<li>Der griechische Bote, der nach Rom geschickt worden war, betrat den Tempel.<\/li>\n<li>Die Soldaten des Varrus, die von den Germanen in einen Hinterhalt gelockt und angegriffen worden waren, starben alle.<\/li>\n<li>Vercingetorix k\u00e4mpfte mit den Feinden Caesars, die fast besiegt worden waren und starb.<\/li>\n<li>Die Barbaren, die von den R\u00f6mern besiegt worden waren, wurden von diesen geschont und beherrscht.<\/li>\n<li>Troja, das von Feinden oft zerst\u00f6rt worden war, wurde von seinen Menschen wieder aufgebaut.<\/li>\n<li>Caesar, der von den Senatoren geschickt worden war, begann den gallischen Krieg.<\/li>\n<li>Der Wall des Hadrian, der von den R\u00f6mern in der Provinz Britannien errichtet worden war, konnte den Untergang des r\u00f6mischen Reichs nicht verz\u00f6gern.<\/li>\n<li>C\u00e4sar f\u00fchrte das Heer mit den Galliern, die besiegt worden waren, in das Lager.<\/li>\n<li>Mit dem Zeichen, das nicht gegeben worden war, griffen die Griechen die Perser an.<\/li>\n<li>Titus, der von einem Freund eingeladen worden war, ging nach Rom.<\/li>\n<\/ol>\n<hr \/>\n<h3 class=\"mt-3 mb-3\">Zu 3. Adverbiale \u00dcbersetzung<\/h3>\n<ol>\n<li>Der griechische Bote, nachdem er nach Rom geschickt worden war, betrat den Tempel.<\/li>\n<li>Die Soldaten des Varrus, da sie von den Germanen in einen Hinterhalt gelockt und angegriffen worden waren, starben alle.<\/li>\n<li>Vercingetorix k\u00e4mpfte mit den Feinden Caesars, obwohl sie fast besiegt worden waren, und starb.<\/li>\n<li>Die Barbaren, nachdem sie von den R\u00f6mern besiegt worden waren, wurden von diesen geschont und beherrscht.<\/li>\n<li>Troja, obwohl es von Feinden oft zerst\u00f6rt worden war, wurde von seinen Menschen wieder aufgebaut.<\/li>\n<li>Caesar, weil er von den Senatoren geschickt worden war, begann den gallischen Krieg.<\/li>\n<li>Der Wall des Hadrian, nachdem er von den R\u00f6mern in der Provinz Britannien errichtet worden war, konnte den Untergang des r\u00f6mischen Reichs nicht verz\u00f6gern.<\/li>\n<li>C\u00e4sar f\u00fchrte das Heer mit den Galliern, nachdem sie besiegt worden waren, in das Lager.<\/li>\n<li>Die Griechen griffen die Perser an, obwohl das  Zeichen nicht gegeben worden war, .<\/li>\n<li>Titus, weil er von einem Freund eingeladen worden war, ging nach Rom.<\/li>\n<\/ol>\n<\/div>\n","protected":false},"excerpt":{"rendered":"<p>Im Grunde kennen wir das PPP (Partizip Perfekt Passiv) schon. Wir haben dar\u00fcber n\u00e4mlich schon einmal gesprochen, als wir das Indikativ Perfekt Passiv kennen gelernt haben. Dort wurde die dritte Stammform eingef\u00fchrt, das sogenannte Partizip. Die Bildung des Partizips ist schon bekannt. Das ist die halbe Miete f\u00fcr das PPP. Wer sich die Bildung des [&hellip;]<\/p>\n","protected":false},"author":5,"featured_media":0,"parent":17292,"menu_order":0,"comment_status":"closed","ping_status":"closed","template":"","meta":[],"categories":[81],"tags":[],"yoast_head":"<!-- This site is optimized with the Yoast SEO plugin v14.7 - https:\/\/yoast.com\/wordpress\/plugins\/seo\/ -->\n<title>Partizip Perfekt Passiv (PPP) - StudyHelp Online-Lernen<\/title>\n<meta name=\"robots\" content=\"index, follow\" \/>\n<meta name=\"googlebot\" content=\"index, follow, max-snippet:-1, max-image-preview:large, max-video-preview:-1\" \/>\n<meta name=\"bingbot\" content=\"index, follow, max-snippet:-1, max-image-preview:large, max-video-preview:-1\" \/>\n<link rel=\"canonical\" href=\"https:\/\/www.studyhelp.de\/online-lernen\/latein\/partizip-perfekt-passiv-ppp\/\" \/>\n<meta property=\"og:locale\" content=\"de_DE\" \/>\n<meta property=\"og:type\" content=\"article\" \/>\n<meta property=\"og:title\" content=\"Partizip Perfekt Passiv (PPP) - StudyHelp Online-Lernen\" \/>\n<meta property=\"og:description\" content=\"Im Grunde kennen wir das PPP (Partizip Perfekt Passiv) schon. Wir haben dar\u00fcber n\u00e4mlich schon einmal gesprochen, als wir das Indikativ Perfekt Passiv kennen gelernt haben. Dort wurde die dritte Stammform eingef\u00fchrt, das sogenannte Partizip. Die Bildung des Partizips ist schon bekannt. Das ist die halbe Miete f\u00fcr das PPP. Wer sich die Bildung des [&hellip;]\" \/>\n<meta property=\"og:url\" content=\"https:\/\/www.studyhelp.de\/online-lernen\/latein\/partizip-perfekt-passiv-ppp\/\" \/>\n<meta property=\"og:site_name\" content=\"StudyHelp Online-Lernen\" \/>\n<meta property=\"article:modified_time\" content=\"2022-05-24T14:19:49+00:00\" \/>\n<meta name=\"twitter:card\" content=\"summary_large_image\" \/>\n<script type=\"application\/ld+json\" class=\"yoast-schema-graph\">{\"@context\":\"https:\/\/schema.org\",\"@graph\":[{\"@type\":\"WebSite\",\"@id\":\"https:\/\/www.studyhelp.de\/online-lernen\/#website\",\"url\":\"https:\/\/www.studyhelp.de\/online-lernen\/\",\"name\":\"StudyHelp Online-Lernen\",\"description\":\"\",\"potentialAction\":[{\"@type\":\"SearchAction\",\"target\":\"https:\/\/www.studyhelp.de\/online-lernen\/?s={search_term_string}\",\"query-input\":\"required name=search_term_string\"}],\"inLanguage\":\"de-DE\"},{\"@type\":\"WebPage\",\"@id\":\"https:\/\/www.studyhelp.de\/online-lernen\/latein\/partizip-perfekt-passiv-ppp\/#webpage\",\"url\":\"https:\/\/www.studyhelp.de\/online-lernen\/latein\/partizip-perfekt-passiv-ppp\/\",\"name\":\"Partizip Perfekt Passiv (PPP) - StudyHelp Online-Lernen\",\"isPartOf\":{\"@id\":\"https:\/\/www.studyhelp.de\/online-lernen\/#website\"},\"datePublished\":\"2022-05-24T08:54:40+00:00\",\"dateModified\":\"2022-05-24T14:19:49+00:00\",\"inLanguage\":\"de-DE\",\"potentialAction\":[{\"@type\":\"ReadAction\",\"target\":[\"https:\/\/www.studyhelp.de\/online-lernen\/latein\/partizip-perfekt-passiv-ppp\/\"]}]}]}<\/script>\n<!-- \/ Yoast SEO plugin. -->","_links":{"self":[{"href":"https:\/\/www.studyhelp.de\/online-lernen\/wp-json\/wp\/v2\/pages\/17248"}],"collection":[{"href":"https:\/\/www.studyhelp.de\/online-lernen\/wp-json\/wp\/v2\/pages"}],"about":[{"href":"https:\/\/www.studyhelp.de\/online-lernen\/wp-json\/wp\/v2\/types\/page"}],"author":[{"embeddable":true,"href":"https:\/\/www.studyhelp.de\/online-lernen\/wp-json\/wp\/v2\/users\/5"}],"replies":[{"embeddable":true,"href":"https:\/\/www.studyhelp.de\/online-lernen\/wp-json\/wp\/v2\/comments?post=17248"}],"version-history":[{"count":18,"href":"https:\/\/www.studyhelp.de\/online-lernen\/wp-json\/wp\/v2\/pages\/17248\/revisions"}],"predecessor-version":[{"id":18084,"href":"https:\/\/www.studyhelp.de\/online-lernen\/wp-json\/wp\/v2\/pages\/17248\/revisions\/18084"}],"up":[{"embeddable":true,"href":"https:\/\/www.studyhelp.de\/online-lernen\/wp-json\/wp\/v2\/pages\/17292"}],"wp:attachment":[{"href":"https:\/\/www.studyhelp.de\/online-lernen\/wp-json\/wp\/v2\/media?parent=17248"}],"wp:term":[{"taxonomy":"category","embeddable":true,"href":"https:\/\/www.studyhelp.de\/online-lernen\/wp-json\/wp\/v2\/categories?post=17248"},{"taxonomy":"post_tag","embeddable":true,"href":"https:\/\/www.studyhelp.de\/online-lernen\/wp-json\/wp\/v2\/tags?post=17248"}],"curies":[{"name":"wp","href":"https:\/\/api.w.org\/{rel}","templated":true}]}}