{"id":17258,"date":"2022-05-24T10:54:40","date_gmt":"2022-05-24T08:54:40","guid":{"rendered":"https:\/\/www.studyhelp.de\/online-lernen\/?page_id=17258"},"modified":"2022-05-24T13:56:19","modified_gmt":"2022-05-24T11:56:19","slug":"partizip-praesens-aktiv-ppa","status":"publish","type":"page","link":"https:\/\/www.studyhelp.de\/online-lernen\/latein\/partizip-praesens-aktiv-ppa\/","title":{"rendered":"Partizip Pr\u00e4sens Aktiv (PPA)"},"content":{"rendered":"<p>Das<strong> <strong>Partizip Pr\u00e4sens Aktiv (PPA) <\/strong><\/strong>ist eine Art Verwandter des PPP. Auch hier lohnt es sich, gut zuzuh\u00f6ren und mitzuschreiben. Danach fassen wir das Video wieder zusammen.<\/p>\n<h3 class=\"mt-3 mb-3\">I) PPA<\/h3>\n<div class=\"mt-5 mb-5 resp-video\">\n<iframe loading=\"lazy\" src=\"https:\/\/player.vimeo.com\/video\/123872757?h=564ac567c8&amp;dnt=1&amp;app_id=122963\" width=\"500\" height=\"281\" frameborder=\"0\" allow=\"autoplay; fullscreen; picture-in-picture\" allowfullscreen><\/iframe>\n<\/div>\n<p>Die Bildung des PPA funktioniert also so:<\/p>\n<p><strong>Pr\u00e4sensstamm + &#8222;ns\/nt&#8220; + Endungen der konsonantischen Deklination<\/strong><\/p>\n<p>Das PPA steht auch in KNG-Kongruenz zu seinem Bezugswort, hat aber eine andere Funktion:<\/p>\n<ul>\n<li><em>Pr\u00e4sens <\/em>meint hier, dass die Handlung im Nebensatz zeitgleich mit der im Hauptsatz stattfindet. Wir gehen darauf im Bereich Zeitverh\u00e4ltnisse noch einmal in Ruhe ein<\/li>\n<li><em>Aktiv <\/em>meint, dass die Wiedergabe des Nebensatzes aktivisch geschieht (und nicht passivisch wie beim PPP, z.B. &#8222;die Feinde, <strong>die besiegt worden waren&#8220;<\/strong>)<\/li>\n<\/ul>\n<p>Die \u00dcbersetzunsm\u00f6glichkeiten sind fast genau so wie beim PPP:<\/p>\n<p class=\"mt-3 mb-3\">\n<em><strong>&#8222;<\/strong><\/em><em><strong>Homines triumphum <span style=\"color: #000080;\">specta<span style=\"color: #ff0000;\">nt<\/span>es<\/span> clamabant&#8220; (spectare<\/strong><\/em><em><strong> \u2013<\/strong><\/em><strong> betrachten)<\/strong>\n<\/p>\n<ol>\n<li>w\u00f6rtliche \u00dcbersetzung:<\/li>\n<\/ol>\n<ul>\n<li>Die den Triumphzug betrachtenden Menschen schrien.<\/li>\n<\/ul>\n<ol start=\"2\">\n<li>\u00dcbersetzung im Relativsatz<em><strong> ( klappt oft am besten)<\/strong><\/em><\/li>\n<\/ol>\n<ul>\n<li>Die Menschen, die den Triumphzug betrachteten, schrien<strong>.<\/strong><\/li>\n<\/ul>\n<ol start=\"3\">\n<li>adverbial mit &#8222;w\u00e4hrend&#8220; <strong><em>( bringt die Gleichzeitigkeit zum Ausdruck)<\/em><\/strong><\/li>\n<\/ol>\n<ul>\n<li>Die Menschen, w\u00e4hrend sie den Triumphzug betrachteten, schrien.<\/li>\n<\/ul>\n<p>Wir trainieren die <strong>\u00dcbersetzung des PPA<\/strong> anhand einiger \u00dcbungss\u00e4tze.<\/p>\n<div class=\"box exercise\">\n<h2>\u00dcbungsaufgaben<\/h2>\n<p>Wir \u00fcben\u00a0 die \u00dcbersetzung des PPA anhand einiger Beispiels\u00e4tze. Bei der \u00dcbersetzung kann wie schon beim PPP zwischen verschiedenen M\u00f6glichkeiten gew\u00e4hlt werden, wie wir gesehen haben:<\/p>\n<ul>\n<li>w\u00f6rtlich<\/li>\n<li>als Relativsatz<\/li>\n<li>adverbial<\/li>\n<\/ul>\n<p>Wir geben wieder f\u00fcr jeden Satz mit jeder m\u00f6glichen Form einen \u00dcbersetzungsvorschlag, sodass alle \u00dcbersetzungsm\u00f6glichkeiten ge\u00fcbt werden k\u00f6nnen. In einigen F\u00e4llen ist eine freie \u00dcbersetzung notwendig, die an der entsprechenden Stelle vermerkt ist. S\u00e4tzte, die sich nicht sinnvoll in einer bestimmten Form \u00fcbersetzten lassen, sind ausgelassen. Letztlich ist es Entscheidung des \u00dcbersetzters, f\u00fcr welche Form er sich entscheidet.<\/p>\n<h3 class=\"mt-3 mb-3\">1. W\u00f6rtliche \u00dcbersetzung<\/h3>\n<ol>\n<li>Romani senatores iura populi neglentes ex urbe expulerunt.<\/li>\n<li>Germanibus iam desperantibus milites nuntium victoriae apportaverunt.<\/li>\n<li>Tempus limitem Hadriani multis castellis et multis militibus munientem superavit.<\/li>\n<li>Puella nomina amicorum vocans per turbam properat.<\/li>\n<li>Troianis victoriam celebrantibus Graeci in equo ligeno abdiderunt.<\/li>\n<li>Barbari filios rapuerunt nullo resistente.<\/li>\n<li>Incolis Troiae fortiter resistentibus Graeci dolo urbem expugnaverunt.<\/li>\n<li>Germani graviter resistentibus a Romanis non capti sunt.<\/li>\n<li>Sole oriente piratae in portum navigerunt.<\/li>\n<\/ol>\n<hr \/>\n<h3 class=\"mt-3 mb-3\">2. \u00dcbersetzung als Relativsatz<\/h3>\n<ol>\n<li>Romani senatores iura populi neglentes ex urbe expulerunt.<\/li>\n<li>Germanibus iam desperantibus milites nuntium victoriae apportaverunt.<\/li>\n<li>Tempus limitem Hadriani multis castellis et multis militibus munientem superavit.<\/li>\n<li>Puella nomina amicorum vocans per turbam properat.<\/li>\n<li>Troianis victoriam celebrantibus Graeci in equo ligeno abdiderunt.<\/li>\n<li>Incolis Troiae fortiter resistentibus Graeci dolo urbem expugnaverunt.<\/li>\n<li>Germani graviter resistentibus a Romanis non capti sunt.<\/li>\n<li>Sole oriente piratae in portum navigerunt.<\/li>\n<\/ol>\n<hr \/>\n<h3 class=\"mt-3 mb-3\">3. \u00dcbersetzung als adverbialer Nebensatz<\/h3>\n<ol>\n<li>Romani senatores iura populi neglentes ex urbe expulerunt.<\/li>\n<li>Germanibus iam desperantibus milites nuntium victoriae apportaverunt.<\/li>\n<li>Tempus limitem Hadriani multis castellis et multis militibus munientem superavit.<\/li>\n<li>Puella nomina amicorum vocans per turbam properat.<\/li>\n<li>Troianis victoriam celebrantibus Graeci in equo ligeno abdiderunt.<\/li>\n<li>Barabri filios rapuerunt nullo resistente.<\/li>\n<li>Incolis Troiae fortiter resistentibus Graeci dolo urbem expugnaverunt.<\/li>\n<li>Germani graviter resistentes a Romanis non capti sunt.<\/li>\n<li>Sole oriente piratae in portum navigerunt.<\/li>\n<li>Castellum munitus est Caesare praesente.<\/li>\n<\/ol>\n<\/div>\n<div class=\"box exercise\">\n<h2>L\u00f6sungen<\/h2>\n<h3 class=\"mt-3 mb-3\">Zu 1. W\u00f6rtliche \u00dcbersetzung<\/h3>\n<ol>\n<li>Die R\u00f6mer vertrieben die die Rechte des Volkes ignorierenden Senatoren aus der Stadt.<\/li>\n<li>Die Soldaten brachten den schon verzweifelnden Germanen die Nachricht des Sieges.<\/li>\n<li>Die Zeit \u00fcberwand den mit vielen Lagern und Soldaten besetzten Wall des Hadrian.<\/li>\n<li>Das M\u00e4dchen, die Namen der Freunde rufend, l\u00e4uft durch die Menge.<\/li>\n<li>Die Griechen versteckten sich (vor) den den Sieg feiernden Trojanern in einem h\u00f6lzernen Pferd (frei \u00fcbersetzt).<\/li>\n<li>Die Barbaren raubten den sich nicht Wehrenden die Jungen (frei \u00fcbersetzt).<\/li>\n<li>Die Griechen eroberten die Stadt mit einer List von den sich tapfer wehrenden Einwohnern Trojas.<\/li>\n<li>Die sich heftig wehrenden Germanen sind von den R\u00f6mern nicht erobert worden.<\/li>\n<li>Mit der aufgehenden Sonne sind die Piraten in den Hafen gesegelt.<\/li>\n<\/ol>\n<hr \/>\n<h3 class=\"mt-3 mb-3\">Zu 2. \u00dcbersetzung als Relativsatz<\/h3>\n<ol>\n<li>Die R\u00f6mer vertrieben die Senatoren aus der Stadt, die die Rechte des Volkes nicht beachteten.<\/li>\n<li>Die Soldaten brachten den Germanen, die schon verzweifelten, die Nachricht des Sieges.<\/li>\n<li>Die Zeit \u00fcberwand den Wall des Hadrian, der mit vielen Lagern und vielen Soldaten besetzt war.<\/li>\n<li>Das M\u00e4dchen, das die Namen der Freunde rief, lief durch die Menge.<\/li>\n<li>Die Griechen versteckten sich vor den Trojanern, die den Sieg feierten, in einem h\u00f6lzernen Pferd.<\/li>\n<li>Die Griechen nahmen die Stadt von den Einwohern Trojas, die sich tapfer wehrten, mit einer List ein.<\/li>\n<li>Die Germanen, die sich heftig wehrten, sind sie von den R\u00f6mern nicht erobert worden.<\/li>\n<li>Die Piraten sind mit der Sonne, die aufging, in den Hafen gesegelt.<\/li>\n<\/ol>\n<hr \/>\n<h3 class=\"mt-3 mb-3\">Zu 3. \u00dcbersetzung als adverbialer Nebensatz<\/h3>\n<ol>\n<li>Die R\u00f6mer vertrieben die Senatoren aus der Stadt, weil sie die Rechte des Volkes nicht beachteten.<\/li>\n<li>Die Soldaten brachten den Germanen, als (diese) schon verzweifelten, die Nachricht des Sieges (frei \u00fcbersetzt).<\/li>\n<li>Die Zeit \u00fcberwand den Wall des Hadrian, obwohl er mit vielen Lagern und vielen Soldaten besetzt war.<\/li>\n<li>Das M\u00e4dchen, w\u00e4hrend es die Namen der Freunde rief, lief durch die Menge.<\/li>\n<li>Als die Trojaner den Sieg feierten, waren die Griechen im holzernen Pferd versteckt.<\/li>\n<li>Die Barbaren raubten die Jungen, ohne dass jemand Widerstand leistete.<\/li>\n<li>Obwohl die Einwohner Trojas sich tapfer wehrten, nahmen die Griechen die Stadt mit einer List ein.<\/li>\n<li>Weil die Germanen sich heftig wehrten, sind sie von den R\u00f6mern nicht erobert worden.<\/li>\n<li>Mit der aufgehenden Sonne sind die Piraten in den Hafen gesegelt.<\/li>\n<li>W\u00e4hrend C\u00e4sar anwesend war, wurde das Lager befestigt.<\/li>\n<\/ol>\n<\/div>\n","protected":false},"excerpt":{"rendered":"<p>Das Partizip Pr\u00e4sens Aktiv (PPA) ist eine Art Verwandter des PPP. Auch hier lohnt es sich, gut zuzuh\u00f6ren und mitzuschreiben. Danach fassen wir das Video wieder zusammen. I) PPA Die Bildung des PPA funktioniert also so: Pr\u00e4sensstamm + &#8222;ns\/nt&#8220; + Endungen der konsonantischen Deklination Das PPA steht auch in KNG-Kongruenz zu seinem Bezugswort, hat aber [&hellip;]<\/p>\n","protected":false},"author":5,"featured_media":0,"parent":17292,"menu_order":0,"comment_status":"closed","ping_status":"closed","template":"","meta":[],"categories":[81],"tags":[],"yoast_head":"<!-- This site is optimized with the Yoast SEO plugin v14.7 - https:\/\/yoast.com\/wordpress\/plugins\/seo\/ -->\n<title>Partizip Pr\u00e4sens Aktiv (PPA) - StudyHelp Online-Lernen<\/title>\n<meta name=\"robots\" content=\"index, follow\" \/>\n<meta name=\"googlebot\" content=\"index, follow, max-snippet:-1, max-image-preview:large, max-video-preview:-1\" \/>\n<meta name=\"bingbot\" content=\"index, follow, max-snippet:-1, max-image-preview:large, max-video-preview:-1\" \/>\n<link rel=\"canonical\" href=\"https:\/\/www.studyhelp.de\/online-lernen\/latein\/partizip-praesens-aktiv-ppa\/\" \/>\n<meta property=\"og:locale\" content=\"de_DE\" \/>\n<meta property=\"og:type\" content=\"article\" \/>\n<meta property=\"og:title\" content=\"Partizip Pr\u00e4sens Aktiv (PPA) - StudyHelp Online-Lernen\" \/>\n<meta property=\"og:description\" content=\"Das Partizip Pr\u00e4sens Aktiv (PPA) ist eine Art Verwandter des PPP. Auch hier lohnt es sich, gut zuzuh\u00f6ren und mitzuschreiben. Danach fassen wir das Video wieder zusammen. I) PPA Die Bildung des PPA funktioniert also so: Pr\u00e4sensstamm + &#8222;ns\/nt&#8220; + Endungen der konsonantischen Deklination Das PPA steht auch in KNG-Kongruenz zu seinem Bezugswort, hat aber [&hellip;]\" \/>\n<meta property=\"og:url\" content=\"https:\/\/www.studyhelp.de\/online-lernen\/latein\/partizip-praesens-aktiv-ppa\/\" \/>\n<meta property=\"og:site_name\" content=\"StudyHelp Online-Lernen\" \/>\n<meta property=\"article:modified_time\" content=\"2022-05-24T11:56:19+00:00\" \/>\n<meta name=\"twitter:card\" content=\"summary_large_image\" \/>\n<script type=\"application\/ld+json\" class=\"yoast-schema-graph\">{\"@context\":\"https:\/\/schema.org\",\"@graph\":[{\"@type\":\"WebSite\",\"@id\":\"https:\/\/www.studyhelp.de\/online-lernen\/#website\",\"url\":\"https:\/\/www.studyhelp.de\/online-lernen\/\",\"name\":\"StudyHelp Online-Lernen\",\"description\":\"\",\"potentialAction\":[{\"@type\":\"SearchAction\",\"target\":\"https:\/\/www.studyhelp.de\/online-lernen\/?s={search_term_string}\",\"query-input\":\"required name=search_term_string\"}],\"inLanguage\":\"de-DE\"},{\"@type\":\"WebPage\",\"@id\":\"https:\/\/www.studyhelp.de\/online-lernen\/latein\/partizip-praesens-aktiv-ppa\/#webpage\",\"url\":\"https:\/\/www.studyhelp.de\/online-lernen\/latein\/partizip-praesens-aktiv-ppa\/\",\"name\":\"Partizip Pr\\u00e4sens Aktiv (PPA) - StudyHelp Online-Lernen\",\"isPartOf\":{\"@id\":\"https:\/\/www.studyhelp.de\/online-lernen\/#website\"},\"datePublished\":\"2022-05-24T08:54:40+00:00\",\"dateModified\":\"2022-05-24T11:56:19+00:00\",\"inLanguage\":\"de-DE\",\"potentialAction\":[{\"@type\":\"ReadAction\",\"target\":[\"https:\/\/www.studyhelp.de\/online-lernen\/latein\/partizip-praesens-aktiv-ppa\/\"]}]}]}<\/script>\n<!-- \/ Yoast SEO plugin. -->","_links":{"self":[{"href":"https:\/\/www.studyhelp.de\/online-lernen\/wp-json\/wp\/v2\/pages\/17258"}],"collection":[{"href":"https:\/\/www.studyhelp.de\/online-lernen\/wp-json\/wp\/v2\/pages"}],"about":[{"href":"https:\/\/www.studyhelp.de\/online-lernen\/wp-json\/wp\/v2\/types\/page"}],"author":[{"embeddable":true,"href":"https:\/\/www.studyhelp.de\/online-lernen\/wp-json\/wp\/v2\/users\/5"}],"replies":[{"embeddable":true,"href":"https:\/\/www.studyhelp.de\/online-lernen\/wp-json\/wp\/v2\/comments?post=17258"}],"version-history":[{"count":8,"href":"https:\/\/www.studyhelp.de\/online-lernen\/wp-json\/wp\/v2\/pages\/17258\/revisions"}],"predecessor-version":[{"id":18085,"href":"https:\/\/www.studyhelp.de\/online-lernen\/wp-json\/wp\/v2\/pages\/17258\/revisions\/18085"}],"up":[{"embeddable":true,"href":"https:\/\/www.studyhelp.de\/online-lernen\/wp-json\/wp\/v2\/pages\/17292"}],"wp:attachment":[{"href":"https:\/\/www.studyhelp.de\/online-lernen\/wp-json\/wp\/v2\/media?parent=17258"}],"wp:term":[{"taxonomy":"category","embeddable":true,"href":"https:\/\/www.studyhelp.de\/online-lernen\/wp-json\/wp\/v2\/categories?post=17258"},{"taxonomy":"post_tag","embeddable":true,"href":"https:\/\/www.studyhelp.de\/online-lernen\/wp-json\/wp\/v2\/tags?post=17258"}],"curies":[{"name":"wp","href":"https:\/\/api.w.org\/{rel}","templated":true}]}}