{"id":17264,"date":"2022-05-24T10:54:40","date_gmt":"2022-05-24T08:54:40","guid":{"rendered":"https:\/\/www.studyhelp.de\/online-lernen\/?page_id=17264"},"modified":"2022-05-24T14:02:21","modified_gmt":"2022-05-24T12:02:21","slug":"ablativus-absolutus","status":"publish","type":"page","link":"https:\/\/www.studyhelp.de\/online-lernen\/latein\/ablativus-absolutus\/","title":{"rendered":"Ablativus absolutus"},"content":{"rendered":"<p>Eine Sonderform innerhalb der Partizipialkonstruktionen nimmt der Ablativus absolutus (manchmal auch Abl. abs. abgek\u00fcrzt) ein. Er tritt entweder als Partizipial- oder als Nominalkonstruktion auf.<\/p>\n<p>Wir beginnen mit dem ersten Video.<\/p>\n<h3 class=\"mt-3 mb-3\">I) Ablativus Absolutus: Einleitung<\/h3>\n<div class=\"mt-5 mb-5 resp-video\">\n<iframe loading=\"lazy\" src=\"https:\/\/player.vimeo.com\/video\/279627853?h=b250b753b8&amp;dnt=1&amp;app_id=122963\" width=\"500\" height=\"281\" frameborder=\"0\" allow=\"autoplay; fullscreen; picture-in-picture\" allowfullscreen><\/iframe>\n<\/div>\n<p>Der Ablativus absolutus ist also eine Kontruktion, die als Partizip oder nominal auftritt. Wir fassen den Inhalt mit Blick auf den Fall der Partizipialkonstruktion zusammen.<\/p>\n<h3 class=\"mt-3 mb-3\">Ablativus absolutus als Partizipialkonstruktion<\/h3>\n<ul>\n<li>absolutus bedeutet, dass die Partizipialkonstruktionen losgel\u00f6st vom restlichen Satzgef\u00fcge ist<\/li>\n<li>das Bezugswort sowie die Endung des Partizips stehen im Ablativ, daher der erste Teil des Namens<\/li>\n<li>der Ablativus absolutus kann in jeder der eingef\u00fchrten Partizipialkonstruktionen auftreten: PPP, PPA und PFA<\/li>\n<li>der Ablativus absolutus wird als adverbialer Nebensatz \u00fcbersetzt. Er wird haupts\u00e4chlich temporal verwendet. Um die Funktion der Zeitigkeit der entsprechenden Partizipialkonstruktion nicht zu verletzen, kann f\u00fcr\n<ul>\n<li>das PPP &#8222;nachdem&#8220;<\/li>\n<li>das PPA &#8222;als&#8220; und<\/li>\n<li>das PFA &#8222;bevor&#8220; verwendet werden<\/li>\n<\/ul>\n<\/li>\n<\/ul>\n<p>Neben diesen drei W\u00f6rtern k\u00f6nnen auch andere Subjunktionen verwendet werden. Wichtig ist nur, dass das Zeitverh\u00e4ltnis richtig widergegeben wird. So kann im PPA bspw. auch &#8222;w\u00e4hrend&#8220; verwendet werden.<\/p>\n<p>Wir geben jeweils ein Beispiel an. Versuche den Satz zun\u00e4chst selbst zu \u00fcbersetzen.<\/p>\n<div class=\"box exercise\">\n<h2>\u00dcbungsaufgaben<\/h2>\n<p>Partizip Pr\u00e4sens Aktiv<\/p>\n<p><i><b>Romanibus pugnantibus<\/b><\/i> dux Gallorum periit.<\/p>\n<p>Partizip Perfekt Passiv<\/p>\n<p><i><b>Romanibus expulsis<\/b><\/i> dux Gallorum periit.<\/p>\n<p>Partizip Futur Aktiv<\/p>\n<p><i><b>Romanibus pugnaturis<\/b><\/i> dux Gallorum periit.<br \/>\n<\/div>\n<div class=\"box exercise\">\n<h2>L\u00f6sungen<\/h2>\n<p>Partizip Pr\u00e4sens Aktiv<\/p>\n<p><i><b>Als<\/b><\/i> die R\u00f6mer k\u00e4mpften, kam der Anf\u00fchrer der Gallier um.<\/p>\n<p>Partizip Perfekt Passiv<\/p>\n<p><i><b>Nachdem<\/b><\/i> die R\u00f6mer vertrieben worden waren, kam der Anf\u00fchrer der Gallier um.<\/p>\n<p>Partizip Futur Aktiv<\/p>\n<p><i><b>Bevor<\/b><\/i> die R\u00f6mer k\u00e4mpften, kam der Anf\u00fchrer der Gallier um.<br \/>\n<\/div>\n<p>Die bisherigen \u00dcbersetzungen unterscheiden sich kaum von den Empfehlungen, die wir dir f\u00fcr die anderen F\u00e4lle der Partizipialkonstruktion gegeben haben. Neu ist nur, dass der Ablativus absolutus als adverbialer temporaler Nebensatz \u00fcbersetzt werden sollte. Das ist aber noch nicht ganz alles.<\/p>\n<hr \/>\n<h3 class=\"mt-3 mb-3\">II) Ablativus absolutus als Nominalkonstruktion<\/h3>\n<p>Der Ablativus absolutus kann auch als Konstruktion von Substantiven und Adjektiven auftreten.<\/p>\n<p>Hierzu gibt es zun\u00e4chst ein Video.<\/p>\n<h3 class=\"mt-3 mb-3\">Ablativus Absolutus als Nominalkonstruktion<\/h3>\n<div class=\"mt-5 mb-5 resp-video\">\n<iframe loading=\"lazy\" src=\"https:\/\/player.vimeo.com\/video\/279648955?h=d171fe19c2&amp;dnt=1&amp;app_id=122963\" width=\"500\" height=\"281\" frameborder=\"0\" allow=\"autoplay; fullscreen; picture-in-picture\" allowfullscreen><\/iframe>\n<\/div>\n<ul>\n<li>Kombination von <span style=\"color: #ff0000;\">Substantiv<\/span> und <span style=\"color: #0000ff;\">Adjektiv <span style=\"color: #333333;\">im Ablativ<\/span>.<br \/>\n<\/span><\/p>\n<ul>\n<li><span style=\"color: #ff0000;\">Caesare<\/span> <span style=\"color: #0000ff;\">vivo<\/span> bellum civile Romae erat.<\/li>\n<li>Als Caesar lebte, herrschte ein B\u00fcrgerkrieg in Rom.<\/li>\n<\/ul>\n<\/li>\n<li>Kombination zweier Substantive im Ablativ.\n<ul>\n<li><span style=\"color: #ff0000;\">Augusto<\/span> <span style=\"color: #0000ff;\">imperatore <\/span>Romani in Germania multis legiones perdiderunt.<\/li>\n<li>Als Augustus Kaiser war, verloren die R\u00f6mer viele Legionen in Germanien.<\/li>\n<\/ul>\n<\/li>\n<\/ul>\n<p>Diese Konstruktion ist vollst\u00e4ndig neu und muss unbedingt gelernt werden!<\/p>\n<p>Im n\u00e4chsten Abschnitt \u00fcben den Ablativus absolutus anhand einiger Beispiele.<\/p>\n","protected":false},"excerpt":{"rendered":"<p>Eine Sonderform innerhalb der Partizipialkonstruktionen nimmt der Ablativus absolutus (manchmal auch Abl. abs. abgek\u00fcrzt) ein. Er tritt entweder als Partizipial- oder als Nominalkonstruktion auf. Wir beginnen mit dem ersten Video. I) Ablativus Absolutus: Einleitung Der Ablativus absolutus ist also eine Kontruktion, die als Partizip oder nominal auftritt. Wir fassen den Inhalt mit Blick auf den [&hellip;]<\/p>\n","protected":false},"author":5,"featured_media":0,"parent":17292,"menu_order":0,"comment_status":"closed","ping_status":"closed","template":"","meta":[],"categories":[81],"tags":[],"yoast_head":"<!-- This site is optimized with the Yoast SEO plugin v14.7 - https:\/\/yoast.com\/wordpress\/plugins\/seo\/ -->\n<title>Ablativus absolutus - StudyHelp Online-Lernen<\/title>\n<meta name=\"robots\" content=\"index, follow\" \/>\n<meta name=\"googlebot\" content=\"index, follow, max-snippet:-1, max-image-preview:large, max-video-preview:-1\" \/>\n<meta name=\"bingbot\" content=\"index, follow, max-snippet:-1, max-image-preview:large, max-video-preview:-1\" \/>\n<link rel=\"canonical\" href=\"https:\/\/www.studyhelp.de\/online-lernen\/latein\/ablativus-absolutus\/\" \/>\n<meta property=\"og:locale\" content=\"de_DE\" \/>\n<meta property=\"og:type\" content=\"article\" \/>\n<meta property=\"og:title\" content=\"Ablativus absolutus - StudyHelp Online-Lernen\" \/>\n<meta property=\"og:description\" content=\"Eine Sonderform innerhalb der Partizipialkonstruktionen nimmt der Ablativus absolutus (manchmal auch Abl. abs. abgek\u00fcrzt) ein. Er tritt entweder als Partizipial- oder als Nominalkonstruktion auf. Wir beginnen mit dem ersten Video. I) Ablativus Absolutus: Einleitung Der Ablativus absolutus ist also eine Kontruktion, die als Partizip oder nominal auftritt. Wir fassen den Inhalt mit Blick auf den [&hellip;]\" \/>\n<meta property=\"og:url\" content=\"https:\/\/www.studyhelp.de\/online-lernen\/latein\/ablativus-absolutus\/\" \/>\n<meta property=\"og:site_name\" content=\"StudyHelp Online-Lernen\" \/>\n<meta property=\"article:modified_time\" content=\"2022-05-24T12:02:21+00:00\" \/>\n<meta name=\"twitter:card\" content=\"summary_large_image\" \/>\n<script type=\"application\/ld+json\" class=\"yoast-schema-graph\">{\"@context\":\"https:\/\/schema.org\",\"@graph\":[{\"@type\":\"WebSite\",\"@id\":\"https:\/\/www.studyhelp.de\/online-lernen\/#website\",\"url\":\"https:\/\/www.studyhelp.de\/online-lernen\/\",\"name\":\"StudyHelp Online-Lernen\",\"description\":\"\",\"potentialAction\":[{\"@type\":\"SearchAction\",\"target\":\"https:\/\/www.studyhelp.de\/online-lernen\/?s={search_term_string}\",\"query-input\":\"required name=search_term_string\"}],\"inLanguage\":\"de-DE\"},{\"@type\":\"WebPage\",\"@id\":\"https:\/\/www.studyhelp.de\/online-lernen\/latein\/ablativus-absolutus\/#webpage\",\"url\":\"https:\/\/www.studyhelp.de\/online-lernen\/latein\/ablativus-absolutus\/\",\"name\":\"Ablativus absolutus - StudyHelp Online-Lernen\",\"isPartOf\":{\"@id\":\"https:\/\/www.studyhelp.de\/online-lernen\/#website\"},\"datePublished\":\"2022-05-24T08:54:40+00:00\",\"dateModified\":\"2022-05-24T12:02:21+00:00\",\"inLanguage\":\"de-DE\",\"potentialAction\":[{\"@type\":\"ReadAction\",\"target\":[\"https:\/\/www.studyhelp.de\/online-lernen\/latein\/ablativus-absolutus\/\"]}]}]}<\/script>\n<!-- \/ Yoast SEO plugin. -->","_links":{"self":[{"href":"https:\/\/www.studyhelp.de\/online-lernen\/wp-json\/wp\/v2\/pages\/17264"}],"collection":[{"href":"https:\/\/www.studyhelp.de\/online-lernen\/wp-json\/wp\/v2\/pages"}],"about":[{"href":"https:\/\/www.studyhelp.de\/online-lernen\/wp-json\/wp\/v2\/types\/page"}],"author":[{"embeddable":true,"href":"https:\/\/www.studyhelp.de\/online-lernen\/wp-json\/wp\/v2\/users\/5"}],"replies":[{"embeddable":true,"href":"https:\/\/www.studyhelp.de\/online-lernen\/wp-json\/wp\/v2\/comments?post=17264"}],"version-history":[{"count":8,"href":"https:\/\/www.studyhelp.de\/online-lernen\/wp-json\/wp\/v2\/pages\/17264\/revisions"}],"predecessor-version":[{"id":18083,"href":"https:\/\/www.studyhelp.de\/online-lernen\/wp-json\/wp\/v2\/pages\/17264\/revisions\/18083"}],"up":[{"embeddable":true,"href":"https:\/\/www.studyhelp.de\/online-lernen\/wp-json\/wp\/v2\/pages\/17292"}],"wp:attachment":[{"href":"https:\/\/www.studyhelp.de\/online-lernen\/wp-json\/wp\/v2\/media?parent=17264"}],"wp:term":[{"taxonomy":"category","embeddable":true,"href":"https:\/\/www.studyhelp.de\/online-lernen\/wp-json\/wp\/v2\/categories?post=17264"},{"taxonomy":"post_tag","embeddable":true,"href":"https:\/\/www.studyhelp.de\/online-lernen\/wp-json\/wp\/v2\/tags?post=17264"}],"curies":[{"name":"wp","href":"https:\/\/api.w.org\/{rel}","templated":true}]}}