{"id":17369,"date":"2022-07-14T09:36:36","date_gmt":"2022-07-14T07:36:36","guid":{"rendered":"https:\/\/www.studyhelp.de\/online-lernen\/?page_id=17369"},"modified":"2026-01-05T13:46:45","modified_gmt":"2026-01-05T12:46:45","slug":"loesungen-zum-mathemind-abitur-lernheft-probeklausuren","status":"publish","type":"page","link":"https:\/\/www.studyhelp.de\/online-lernen\/loesungen-zum-mathemind-abitur-lernheft-probeklausuren\/","title":{"rendered":"L\u00f6sungen zum MatheMind Abitur Lernheft &#8211; Probeklausuren"},"content":{"rendered":"<p>Hallo zusammen,<\/p>\n<p>wir erarbeiten gerade eigene Pr\u00fcfungsaufgaben, die wir passend f\u00fcr dich im Fr\u00fchjahr ver\u00f6ffentlichen werden. Du findest alles unter den QR-Codes in deinem Lernheft oder Ebook.<\/p>\n<p>Du kannst dann die Klausur zun\u00e4chst selbst l\u00f6sen und anschlie\u00dfend mit unseren ausf\u00fchrlichen Videol\u00f6sungen vergleichen!<\/p>\n<p>Dein Johannes &amp; Josef von MatheMind<\/p>\n<p><img decoding=\"async\" loading=\"lazy\" class=\"wp-image-17370 size-thumbnail alignleft\" src=\"https:\/\/www.studyhelp.de\/online-lernen\/wp-content\/uploads\/2022\/07\/comic-final-150x150.png\" alt=\"\" width=\"150\" height=\"150\" \/><\/p>\n","protected":false},"excerpt":{"rendered":"<p>Hallo zusammen, wir erarbeiten gerade eigene Pr\u00fcfungsaufgaben, die wir passend f\u00fcr dich im Fr\u00fchjahr ver\u00f6ffentlichen werden. Du findest alles unter den QR-Codes in deinem Lernheft oder Ebook. Du kannst dann die Klausur zun\u00e4chst selbst l\u00f6sen und anschlie\u00dfend mit unseren ausf\u00fchrlichen Videol\u00f6sungen vergleichen! Dein Johannes &amp; Josef von MatheMind<\/p>\n","protected":false},"author":5,"featured_media":0,"parent":0,"menu_order":0,"comment_status":"closed","ping_status":"closed","template":"","meta":[],"categories":[],"tags":[],"yoast_head":"<!-- This site is optimized with the Yoast SEO plugin v14.7 - https:\/\/yoast.com\/wordpress\/plugins\/seo\/ -->\n<title>L\u00f6sungen zum MatheMind Abitur Lernheft - Probeklausuren - StudyHelp Online-Lernen<\/title>\n<meta name=\"robots\" content=\"index, follow\" \/>\n<meta name=\"googlebot\" content=\"index, follow, max-snippet:-1, max-image-preview:large, max-video-preview:-1\" \/>\n<meta name=\"bingbot\" content=\"index, follow, max-snippet:-1, max-image-preview:large, max-video-preview:-1\" \/>\n<link rel=\"canonical\" href=\"https:\/\/www.studyhelp.de\/online-lernen\/loesungen-zum-mathemind-abitur-lernheft-probeklausuren\/\" \/>\n<meta property=\"og:locale\" content=\"de_DE\" \/>\n<meta property=\"og:type\" content=\"article\" \/>\n<meta property=\"og:title\" content=\"L\u00f6sungen zum MatheMind Abitur Lernheft - Probeklausuren - StudyHelp Online-Lernen\" \/>\n<meta property=\"og:description\" content=\"Hallo zusammen, wir erarbeiten gerade eigene Pr\u00fcfungsaufgaben, die wir passend f\u00fcr dich im Fr\u00fchjahr ver\u00f6ffentlichen werden. Du findest alles unter den QR-Codes in deinem Lernheft oder Ebook. Du kannst dann die Klausur zun\u00e4chst selbst l\u00f6sen und anschlie\u00dfend mit unseren ausf\u00fchrlichen Videol\u00f6sungen vergleichen! Dein Johannes &amp; Josef von MatheMind\" \/>\n<meta property=\"og:url\" content=\"https:\/\/www.studyhelp.de\/online-lernen\/loesungen-zum-mathemind-abitur-lernheft-probeklausuren\/\" \/>\n<meta property=\"og:site_name\" content=\"StudyHelp Online-Lernen\" \/>\n<meta property=\"article:modified_time\" content=\"2026-01-05T12:46:45+00:00\" \/>\n<meta property=\"og:image\" content=\"https:\/\/www.studyhelp.de\/online-lernen\/wp-content\/uploads\/2022\/07\/comic-final-150x150.png\" \/>\n<meta name=\"twitter:card\" content=\"summary_large_image\" \/>\n<script type=\"application\/ld+json\" class=\"yoast-schema-graph\">{\"@context\":\"https:\/\/schema.org\",\"@graph\":[{\"@type\":\"WebSite\",\"@id\":\"https:\/\/www.studyhelp.de\/online-lernen\/#website\",\"url\":\"https:\/\/www.studyhelp.de\/online-lernen\/\",\"name\":\"StudyHelp Online-Lernen\",\"description\":\"\",\"potentialAction\":[{\"@type\":\"SearchAction\",\"target\":\"https:\/\/www.studyhelp.de\/online-lernen\/?s={search_term_string}\",\"query-input\":\"required name=search_term_string\"}],\"inLanguage\":\"de-DE\"},{\"@type\":\"ImageObject\",\"@id\":\"https:\/\/www.studyhelp.de\/online-lernen\/loesungen-zum-mathemind-abitur-lernheft-probeklausuren\/#primaryimage\",\"inLanguage\":\"de-DE\",\"url\":\"https:\/\/www.studyhelp.de\/online-lernen\/wp-content\/uploads\/2022\/07\/comic-final.png\",\"width\":4000,\"height\":3500},{\"@type\":\"WebPage\",\"@id\":\"https:\/\/www.studyhelp.de\/online-lernen\/loesungen-zum-mathemind-abitur-lernheft-probeklausuren\/#webpage\",\"url\":\"https:\/\/www.studyhelp.de\/online-lernen\/loesungen-zum-mathemind-abitur-lernheft-probeklausuren\/\",\"name\":\"L\\u00f6sungen zum MatheMind Abitur Lernheft - Probeklausuren - StudyHelp Online-Lernen\",\"isPartOf\":{\"@id\":\"https:\/\/www.studyhelp.de\/online-lernen\/#website\"},\"primaryImageOfPage\":{\"@id\":\"https:\/\/www.studyhelp.de\/online-lernen\/loesungen-zum-mathemind-abitur-lernheft-probeklausuren\/#primaryimage\"},\"datePublished\":\"2022-07-14T07:36:36+00:00\",\"dateModified\":\"2026-01-05T12:46:45+00:00\",\"inLanguage\":\"de-DE\",\"potentialAction\":[{\"@type\":\"ReadAction\",\"target\":[\"https:\/\/www.studyhelp.de\/online-lernen\/loesungen-zum-mathemind-abitur-lernheft-probeklausuren\/\"]}]}]}<\/script>\n<!-- \/ Yoast SEO plugin. -->","_links":{"self":[{"href":"https:\/\/www.studyhelp.de\/online-lernen\/wp-json\/wp\/v2\/pages\/17369"}],"collection":[{"href":"https:\/\/www.studyhelp.de\/online-lernen\/wp-json\/wp\/v2\/pages"}],"about":[{"href":"https:\/\/www.studyhelp.de\/online-lernen\/wp-json\/wp\/v2\/types\/page"}],"author":[{"embeddable":true,"href":"https:\/\/www.studyhelp.de\/online-lernen\/wp-json\/wp\/v2\/users\/5"}],"replies":[{"embeddable":true,"href":"https:\/\/www.studyhelp.de\/online-lernen\/wp-json\/wp\/v2\/comments?post=17369"}],"version-history":[{"count":3,"href":"https:\/\/www.studyhelp.de\/online-lernen\/wp-json\/wp\/v2\/pages\/17369\/revisions"}],"predecessor-version":[{"id":18538,"href":"https:\/\/www.studyhelp.de\/online-lernen\/wp-json\/wp\/v2\/pages\/17369\/revisions\/18538"}],"wp:attachment":[{"href":"https:\/\/www.studyhelp.de\/online-lernen\/wp-json\/wp\/v2\/media?parent=17369"}],"wp:term":[{"taxonomy":"category","embeddable":true,"href":"https:\/\/www.studyhelp.de\/online-lernen\/wp-json\/wp\/v2\/categories?post=17369"},{"taxonomy":"post_tag","embeddable":true,"href":"https:\/\/www.studyhelp.de\/online-lernen\/wp-json\/wp\/v2\/tags?post=17369"}],"curies":[{"name":"wp","href":"https:\/\/api.w.org\/{rel}","templated":true}]}}