{"id":17435,"date":"2022-12-08T13:53:18","date_gmt":"2022-12-08T12:53:18","guid":{"rendered":"http:\/\/www.studyhelp.de\/online-lernen\/?page_id=17435"},"modified":"2025-03-20T12:31:05","modified_gmt":"2025-03-20T11:31:05","slug":"klausurenheft-mathe-abi-nrw-gk","status":"publish","type":"page","link":"https:\/\/www.studyhelp.de\/online-lernen\/klausurenheft-mathe-abi-nrw-gk\/","title":{"rendered":"Klausurenheft &#8211; Mathe ABI NRW &#8211; GK"},"content":{"rendered":"<p>Hallo!<\/p>\n<p>Du bist stolzer Besitzer unseres Klausurenheftes &#8211; Mathe ABI &#8211; NRW (Grundkurs)! Hier werden Jahr f\u00fcr Jahr die aktuellsten Klausuren hinzugef\u00fcgt.<\/p>\n<ul>\n<li><a href=\"#2024\">Zur 2024-Klausur inkl. L\u00f6sungen<\/a><\/li>\n<li><a href=\"#2023\">Zur 2023-Klausur inkl. L\u00f6sungen<\/a><\/li>\n<\/ul>\n<h2 id=\"2024\">Aufgaben und L\u00f6sungen zum Pr\u00fcfungsjahr 2024:<\/h2>\n<a href=\"https:\/\/www.studyhelp.de\/online-lernen\/wp-content\/uploads\/2025\/03\/MatheABIKlausuren-NRW-GK-Klausur24-ebook-personalisiert.pdf\" class=\"pdfemb-viewer\" style=\"\" data-width=\"max\" data-height=\"max\" data-toolbar=\"top\" data-toolbar-fixed=\"on\">MatheABIKlausuren-NRW-GK-Klausur24-ebook-personalisiert<\/a>\n<h2 id=\"2023\">Aufgaben und L\u00f6sungen zum Pr\u00fcfungsjahr 2023:<\/h2>\n<a href=\"https:\/\/www.studyhelp.de\/online-lernen\/wp-content\/uploads\/2023\/11\/MatheABIKlausuren-NRW-GK-Klausur23-ebook-personalisiert.pdf\" class=\"pdfemb-viewer\" style=\"\" data-width=\"max\" data-height=\"max\" data-toolbar=\"top\" data-toolbar-fixed=\"on\">MatheABIKlausuren-NRW-GK-Klausur23-ebook-personalisiert<\/a>\n<p>Solltest du Fragen haben, kannst du dich jederzeit an info@studyhelp.de wenden!<\/p>\n<p>Dein StudyHelp Team!<\/p>\n","protected":false},"excerpt":{"rendered":"<p>Hallo! Du bist stolzer Besitzer unseres Klausurenheftes &#8211; Mathe ABI &#8211; NRW (Grundkurs)! Hier werden Jahr f\u00fcr Jahr die aktuellsten Klausuren hinzugef\u00fcgt. Zur 2024-Klausur inkl. L\u00f6sungen Zur 2023-Klausur inkl. L\u00f6sungen Aufgaben und L\u00f6sungen zum Pr\u00fcfungsjahr 2024: Aufgaben und L\u00f6sungen zum Pr\u00fcfungsjahr 2023: Solltest du Fragen haben, kannst du dich jederzeit an info@studyhelp.de wenden! Dein StudyHelp [&hellip;]<\/p>\n","protected":false},"author":5,"featured_media":0,"parent":0,"menu_order":0,"comment_status":"closed","ping_status":"closed","template":"","meta":[],"categories":[],"tags":[],"yoast_head":"<!-- This site is optimized with the Yoast SEO plugin v14.7 - https:\/\/yoast.com\/wordpress\/plugins\/seo\/ -->\n<title>Klausurenheft - Mathe ABI NRW - GK - StudyHelp Online-Lernen<\/title>\n<meta name=\"robots\" content=\"index, follow\" \/>\n<meta name=\"googlebot\" content=\"index, follow, max-snippet:-1, max-image-preview:large, max-video-preview:-1\" \/>\n<meta name=\"bingbot\" content=\"index, follow, max-snippet:-1, max-image-preview:large, max-video-preview:-1\" \/>\n<link rel=\"canonical\" href=\"https:\/\/www.studyhelp.de\/online-lernen\/klausurenheft-mathe-abi-nrw-gk\/\" \/>\n<meta property=\"og:locale\" content=\"de_DE\" \/>\n<meta property=\"og:type\" content=\"article\" \/>\n<meta property=\"og:title\" content=\"Klausurenheft - Mathe ABI NRW - GK - StudyHelp Online-Lernen\" \/>\n<meta property=\"og:description\" content=\"Hallo! Du bist stolzer Besitzer unseres Klausurenheftes &#8211; Mathe ABI &#8211; NRW (Grundkurs)! Hier werden Jahr f\u00fcr Jahr die aktuellsten Klausuren hinzugef\u00fcgt. Zur 2024-Klausur inkl. L\u00f6sungen Zur 2023-Klausur inkl. L\u00f6sungen Aufgaben und L\u00f6sungen zum Pr\u00fcfungsjahr 2024: Aufgaben und L\u00f6sungen zum Pr\u00fcfungsjahr 2023: Solltest du Fragen haben, kannst du dich jederzeit an info@studyhelp.de wenden! Dein StudyHelp [&hellip;]\" \/>\n<meta property=\"og:url\" content=\"https:\/\/www.studyhelp.de\/online-lernen\/klausurenheft-mathe-abi-nrw-gk\/\" \/>\n<meta property=\"og:site_name\" content=\"StudyHelp Online-Lernen\" \/>\n<meta property=\"article:modified_time\" content=\"2025-03-20T11:31:05+00:00\" \/>\n<meta name=\"twitter:card\" content=\"summary_large_image\" \/>\n<script type=\"application\/ld+json\" class=\"yoast-schema-graph\">{\"@context\":\"https:\/\/schema.org\",\"@graph\":[{\"@type\":\"WebSite\",\"@id\":\"https:\/\/www.studyhelp.de\/online-lernen\/#website\",\"url\":\"https:\/\/www.studyhelp.de\/online-lernen\/\",\"name\":\"StudyHelp Online-Lernen\",\"description\":\"\",\"potentialAction\":[{\"@type\":\"SearchAction\",\"target\":\"https:\/\/www.studyhelp.de\/online-lernen\/?s={search_term_string}\",\"query-input\":\"required name=search_term_string\"}],\"inLanguage\":\"de-DE\"},{\"@type\":\"WebPage\",\"@id\":\"https:\/\/www.studyhelp.de\/online-lernen\/klausurenheft-mathe-abi-nrw-gk\/#webpage\",\"url\":\"https:\/\/www.studyhelp.de\/online-lernen\/klausurenheft-mathe-abi-nrw-gk\/\",\"name\":\"Klausurenheft - Mathe ABI NRW - GK - StudyHelp Online-Lernen\",\"isPartOf\":{\"@id\":\"https:\/\/www.studyhelp.de\/online-lernen\/#website\"},\"datePublished\":\"2022-12-08T12:53:18+00:00\",\"dateModified\":\"2025-03-20T11:31:05+00:00\",\"inLanguage\":\"de-DE\",\"potentialAction\":[{\"@type\":\"ReadAction\",\"target\":[\"https:\/\/www.studyhelp.de\/online-lernen\/klausurenheft-mathe-abi-nrw-gk\/\"]}]}]}<\/script>\n<!-- \/ Yoast SEO plugin. -->","_links":{"self":[{"href":"https:\/\/www.studyhelp.de\/online-lernen\/wp-json\/wp\/v2\/pages\/17435"}],"collection":[{"href":"https:\/\/www.studyhelp.de\/online-lernen\/wp-json\/wp\/v2\/pages"}],"about":[{"href":"https:\/\/www.studyhelp.de\/online-lernen\/wp-json\/wp\/v2\/types\/page"}],"author":[{"embeddable":true,"href":"https:\/\/www.studyhelp.de\/online-lernen\/wp-json\/wp\/v2\/users\/5"}],"replies":[{"embeddable":true,"href":"https:\/\/www.studyhelp.de\/online-lernen\/wp-json\/wp\/v2\/comments?post=17435"}],"version-history":[{"count":6,"href":"https:\/\/www.studyhelp.de\/online-lernen\/wp-json\/wp\/v2\/pages\/17435\/revisions"}],"predecessor-version":[{"id":18531,"href":"https:\/\/www.studyhelp.de\/online-lernen\/wp-json\/wp\/v2\/pages\/17435\/revisions\/18531"}],"wp:attachment":[{"href":"https:\/\/www.studyhelp.de\/online-lernen\/wp-json\/wp\/v2\/media?parent=17435"}],"wp:term":[{"taxonomy":"category","embeddable":true,"href":"https:\/\/www.studyhelp.de\/online-lernen\/wp-json\/wp\/v2\/categories?post=17435"},{"taxonomy":"post_tag","embeddable":true,"href":"https:\/\/www.studyhelp.de\/online-lernen\/wp-json\/wp\/v2\/tags?post=17435"}],"curies":[{"name":"wp","href":"https:\/\/api.w.org\/{rel}","templated":true}]}}