{"id":17455,"date":"2023-02-02T10:13:28","date_gmt":"2023-02-02T09:13:28","guid":{"rendered":"http:\/\/www.studyhelp.de\/online-lernen\/?page_id=17455"},"modified":"2023-02-02T10:13:28","modified_gmt":"2023-02-02T09:13:28","slug":"mathe-lernhefte","status":"publish","type":"page","link":"https:\/\/www.studyhelp.de\/online-lernen\/mathe-lernhefte\/","title":{"rendered":"Mathe Lernhefte von der 1. Klasse bis zum Studium"},"content":{"rendered":"<h1 class=\"h3\">Warum ein StudyHelp Lernheft?<\/h1>\n<div class=\"rte featured-row__subtext\">\n<p>Ein StudyHelp Lernheft beinhaltet\u00a0<strong>einfache Erkl\u00e4rungen<\/strong>, ausf\u00fchrliche Beispiele, Aufgaben mit L\u00f6sungen und alles wird durch Lernvideos beliebter\u00a0<strong>Bildungs-Influencer<\/strong>\u00a0erg\u00e4nzt.<\/p>\n<p>Unsere Produkte gibt es in den folgenden Varianten: <em>gedrucktes Lernheft<\/em> (der Klassiker), <em>digitales Lernheft<\/em> (papierlos und immer dabei) und <em>gedrucktes &amp; digitales Lernheft<\/em> (die einfach alles haben wollen).<\/p>\n<\/div>\n<p>\u2714\ufe0f Einfache Erkl\u00e4rungen<\/p>\n<div class=\"rte featured-row__subtext\">\n<p>\u2714\ufe0f F\u00fcr alle Klassenstufen<\/p>\n<p>\u2714\ufe0f Inklusive Aufgaben &amp; L\u00f6sungen<\/p>\n<p>\u2714\ufe0f Inklusive passender Lernvideos<\/p>\n<p>\u2714\ufe0f Gemeinsam mit unseren Partner entwickelt<\/p>\n<\/div>\n<h3>&#8211;&gt; Hier geht es zu unseren Lernheften:\u00a0<a href=\"https:\/\/shop.studyhelp.de?utm_source=OL-Landingpage&amp;utm_medium=Lernhefte&amp;utm_campaign=Online-Lernen\">Jetzt Lernhefte entdecken!<\/a><\/h3>\n<p>&nbsp;<\/p>\n<p><img decoding=\"async\" loading=\"lazy\" class=\"alignnone wp-image-17456 size-full\" src=\"http:\/\/www.studyhelp.de\/online-lernen\/wp-content\/uploads\/2023\/02\/Lerncheck-1.jpg\" alt=\"\" width=\"2299\" height=\"1467\" \/><\/p>\n","protected":false},"excerpt":{"rendered":"<p>Warum ein StudyHelp Lernheft? Ein StudyHelp Lernheft beinhaltet\u00a0einfache Erkl\u00e4rungen, ausf\u00fchrliche Beispiele, Aufgaben mit L\u00f6sungen und alles wird durch Lernvideos beliebter\u00a0Bildungs-Influencer\u00a0erg\u00e4nzt. Unsere Produkte gibt es in den folgenden Varianten: gedrucktes Lernheft (der Klassiker), digitales Lernheft (papierlos und immer dabei) und gedrucktes &amp; digitales Lernheft (die einfach alles haben wollen). \u2714\ufe0f Einfache Erkl\u00e4rungen \u2714\ufe0f F\u00fcr alle Klassenstufen [&hellip;]<\/p>\n","protected":false},"author":16,"featured_media":0,"parent":0,"menu_order":0,"comment_status":"closed","ping_status":"closed","template":"","meta":[],"categories":[4],"tags":[],"yoast_head":"<!-- This site is optimized with the Yoast SEO plugin v14.7 - https:\/\/yoast.com\/wordpress\/plugins\/seo\/ -->\n<title>Titel Mathe Lernhefte von der 1. Klasse bis zum Studium Titel - StudyHelp Online-Lernen<\/title>\n<meta name=\"description\" content=\"Mathe Lernhefte von der 1. Klasse bis zum Studium von Lehrer Schmidt &amp; Daniel Jung. Inklusive Aufgaben mit L\u00f6sungen, passende Lernvideos und einfache Erkl\u00e4rungen.\" \/>\n<meta name=\"robots\" content=\"index, follow\" \/>\n<meta name=\"googlebot\" content=\"index, follow, max-snippet:-1, max-image-preview:large, max-video-preview:-1\" \/>\n<meta name=\"bingbot\" content=\"index, follow, max-snippet:-1, max-image-preview:large, max-video-preview:-1\" \/>\n<link rel=\"canonical\" href=\"http:\/\/www.studyhelp.de\/online-lernen\/mathe-lernhefte\/\" \/>\n<meta property=\"og:locale\" content=\"de_DE\" \/>\n<meta property=\"og:type\" content=\"article\" \/>\n<meta property=\"og:title\" content=\"Titel Mathe Lernhefte von der 1. Klasse bis zum Studium Titel - StudyHelp Online-Lernen\" \/>\n<meta property=\"og:description\" content=\"Mathe Lernhefte von der 1. Klasse bis zum Studium von Lehrer Schmidt &amp; Daniel Jung. Inklusive Aufgaben mit L\u00f6sungen, passende Lernvideos und einfache Erkl\u00e4rungen.\" \/>\n<meta property=\"og:url\" content=\"http:\/\/www.studyhelp.de\/online-lernen\/mathe-lernhefte\/\" \/>\n<meta property=\"og:site_name\" content=\"StudyHelp Online-Lernen\" \/>\n<meta property=\"og:image\" content=\"http:\/\/www.studyhelp.de\/online-lernen\/wp-content\/uploads\/2023\/02\/Lerncheck-1.jpg\" \/>\n<meta name=\"twitter:card\" content=\"summary_large_image\" \/>\n<script type=\"application\/ld+json\" class=\"yoast-schema-graph\">{\"@context\":\"https:\/\/schema.org\",\"@graph\":[{\"@type\":\"WebSite\",\"@id\":\"https:\/\/www.studyhelp.de\/online-lernen\/#website\",\"url\":\"https:\/\/www.studyhelp.de\/online-lernen\/\",\"name\":\"StudyHelp Online-Lernen\",\"description\":\"\",\"potentialAction\":[{\"@type\":\"SearchAction\",\"target\":\"https:\/\/www.studyhelp.de\/online-lernen\/?s={search_term_string}\",\"query-input\":\"required name=search_term_string\"}],\"inLanguage\":\"de-DE\"},{\"@type\":\"ImageObject\",\"@id\":\"http:\/\/www.studyhelp.de\/online-lernen\/mathe-lernhefte\/#primaryimage\",\"inLanguage\":\"de-DE\",\"url\":\"http:\/\/www.studyhelp.de\/online-lernen\/wp-content\/uploads\/2023\/02\/Lerncheck-1.jpg\"},{\"@type\":\"WebPage\",\"@id\":\"http:\/\/www.studyhelp.de\/online-lernen\/mathe-lernhefte\/#webpage\",\"url\":\"http:\/\/www.studyhelp.de\/online-lernen\/mathe-lernhefte\/\",\"name\":\"Titel Mathe Lernhefte von der 1. Klasse bis zum Studium Titel - StudyHelp Online-Lernen\",\"isPartOf\":{\"@id\":\"https:\/\/www.studyhelp.de\/online-lernen\/#website\"},\"primaryImageOfPage\":{\"@id\":\"http:\/\/www.studyhelp.de\/online-lernen\/mathe-lernhefte\/#primaryimage\"},\"datePublished\":\"2023-02-02T09:13:28+00:00\",\"dateModified\":\"2023-02-02T09:13:28+00:00\",\"description\":\"Mathe Lernhefte von der 1. Klasse bis zum Studium von Lehrer Schmidt & Daniel Jung. Inklusive Aufgaben mit L\\u00f6sungen, passende Lernvideos und einfache Erkl\\u00e4rungen.\",\"inLanguage\":\"de-DE\",\"potentialAction\":[{\"@type\":\"ReadAction\",\"target\":[\"http:\/\/www.studyhelp.de\/online-lernen\/mathe-lernhefte\/\"]}]}]}<\/script>\n<!-- \/ Yoast SEO plugin. -->","_links":{"self":[{"href":"https:\/\/www.studyhelp.de\/online-lernen\/wp-json\/wp\/v2\/pages\/17455"}],"collection":[{"href":"https:\/\/www.studyhelp.de\/online-lernen\/wp-json\/wp\/v2\/pages"}],"about":[{"href":"https:\/\/www.studyhelp.de\/online-lernen\/wp-json\/wp\/v2\/types\/page"}],"author":[{"embeddable":true,"href":"https:\/\/www.studyhelp.de\/online-lernen\/wp-json\/wp\/v2\/users\/16"}],"replies":[{"embeddable":true,"href":"https:\/\/www.studyhelp.de\/online-lernen\/wp-json\/wp\/v2\/comments?post=17455"}],"version-history":[{"count":2,"href":"https:\/\/www.studyhelp.de\/online-lernen\/wp-json\/wp\/v2\/pages\/17455\/revisions"}],"predecessor-version":[{"id":17458,"href":"https:\/\/www.studyhelp.de\/online-lernen\/wp-json\/wp\/v2\/pages\/17455\/revisions\/17458"}],"wp:attachment":[{"href":"https:\/\/www.studyhelp.de\/online-lernen\/wp-json\/wp\/v2\/media?parent=17455"}],"wp:term":[{"taxonomy":"category","embeddable":true,"href":"https:\/\/www.studyhelp.de\/online-lernen\/wp-json\/wp\/v2\/categories?post=17455"},{"taxonomy":"post_tag","embeddable":true,"href":"https:\/\/www.studyhelp.de\/online-lernen\/wp-json\/wp\/v2\/tags?post=17455"}],"curies":[{"name":"wp","href":"https:\/\/api.w.org\/{rel}","templated":true}]}}