{"id":17461,"date":"2023-02-23T17:00:47","date_gmt":"2023-02-23T16:00:47","guid":{"rendered":"http:\/\/www.studyhelp.de\/online-lernen\/?page_id=17461"},"modified":"2023-04-06T14:53:02","modified_gmt":"2023-04-06T12:53:02","slug":"loesungen-technische-mechanik-3-dynamik","status":"publish","type":"page","link":"https:\/\/www.studyhelp.de\/online-lernen\/loesungen-technische-mechanik-3-dynamik\/","title":{"rendered":"L\u00f6sungen Technische Mechanik 3 &#8211; Dynamik"},"content":{"rendered":"<p>Du bist nicht auf das richtige Endergebnis gekommen? Kein Problem.<\/p>\n<p>Hier findest du unsere handschriftlichen und ausf\u00fchrlichen L\u00f6sungen zum Lernheft <strong>Technische Mechanik 3 &#8211; Dynamik<\/strong>. Klicke auf die entsprechenden Kapitel, um zu den passenden L\u00f6sungen zu kommen.<\/p>\n<ul>\n<li><a href=\"#solution-tm3-kap1\">L\u00f6sungen zu Kapitel 1<\/a><\/li>\n<li><a href=\"#solution-tm3-kap2\">L\u00f6sungen zu Kapitel 2<\/a><\/li>\n<li><a href=\"#solution-tm3-kap3\">L\u00f6sungen zu Kapitel 3<\/a><\/li>\n<li><a href=\"#solution-tm3-kap4\">L\u00f6sungen zu Kapitel 4<\/a><\/li>\n<li><a href=\"#solution-tm3-kap5\">L\u00f6sungen zu Kapitel 5<\/a><\/li>\n<li><a href=\"#solution-tm3-kap6\">L\u00f6sungen zu Kapitel 6<\/a><\/li>\n<li><a href=\"#solution-tm3-kap7\">L\u00f6sungen zu Kapitel 7<\/a><\/li>\n<li><a href=\"#solution-tm3-kap8\">L\u00f6sungen zu Kapitel 8<\/a><\/li>\n<\/ul>\n<hr>\n<h4 id=\"solution-tm3-kap1\">L\u00f6sungen zu Kapitel 1<\/h4>\n<a href=\"https:\/\/www.studyhelp.de\/online-lernen\/wp-content\/uploads\/2023\/02\/TM3-Kapitel1_Loesungen.pdf.pdf\" class=\"pdfemb-viewer\" style=\"\" data-width=\"max\" data-height=\"max\" data-toolbar=\"top\" data-toolbar-fixed=\"on\">TM3-Kapitel1_Loesungen.pdf<\/a>\n<hr>\n<h4 id=\"solution-tm3-kap2\">L\u00f6sungen zu Kapitel 2<\/h4>\n<a href=\"https:\/\/www.studyhelp.de\/online-lernen\/wp-content\/uploads\/2023\/04\/TM3-Kapitel2_Loesungen.pdf\" class=\"pdfemb-viewer\" style=\"\" data-width=\"max\" data-height=\"max\" data-toolbar=\"top\" data-toolbar-fixed=\"on\">TM3-Kapitel2_Loesungen<\/a>\n<hr>\n<h4 id=\"solution-tm3-kap3\">L\u00f6sungen zu Kapitel 3<\/h4>\n<a href=\"https:\/\/www.studyhelp.de\/online-lernen\/wp-content\/uploads\/2023\/02\/TM3-Kapitel3_Loesungen.pdf\" class=\"pdfemb-viewer\" style=\"\" data-width=\"max\" data-height=\"max\" data-toolbar=\"top\" data-toolbar-fixed=\"on\">TM3-Kapitel3_Loesungen<\/a>\n<hr>\n<h4 id=\"solution-tm3-kap4\">L\u00f6sungen zu Kapitel 4<\/h4>\n<a href=\"https:\/\/www.studyhelp.de\/online-lernen\/wp-content\/uploads\/2023\/02\/TM3-Kapitel4_Loesungen.pdf.pdf\" class=\"pdfemb-viewer\" style=\"\" data-width=\"max\" data-height=\"max\" data-toolbar=\"top\" data-toolbar-fixed=\"on\">TM3-Kapitel4_Loesungen.pdf<\/a>\n<hr>\n<h4 id=\"solution-tm3-kap5\">L\u00f6sungen zu Kapitel 5<\/h4>\n<a href=\"https:\/\/www.studyhelp.de\/online-lernen\/wp-content\/uploads\/2023\/02\/TM3-Kapitel5_Loesungen.pdf.pdf\" class=\"pdfemb-viewer\" style=\"\" data-width=\"max\" data-height=\"max\" data-toolbar=\"top\" data-toolbar-fixed=\"on\">TM3-Kapitel5_Loesungen.pdf<\/a>\n<hr>\n<h4 id=\"solution-tm3-kap6\">L\u00f6sungen zu Kapitel 6<\/h4>\n<a href=\"https:\/\/www.studyhelp.de\/online-lernen\/wp-content\/uploads\/2023\/02\/TM3-Kapitel6_Loesungen.pdf.pdf\" class=\"pdfemb-viewer\" style=\"\" data-width=\"max\" data-height=\"max\" data-toolbar=\"top\" data-toolbar-fixed=\"on\">TM3-Kapitel6_Loesungen.pdf<\/a>\n<hr>\n<h4 id=\"solution-tm3-kap7\">L\u00f6sungen zu Kapitel 7<\/h4>\n<a href=\"https:\/\/www.studyhelp.de\/online-lernen\/wp-content\/uploads\/2023\/02\/TM3-Kapitel7_Loesungen.pdf.pdf\" class=\"pdfemb-viewer\" style=\"\" data-width=\"max\" data-height=\"max\" data-toolbar=\"top\" data-toolbar-fixed=\"on\">TM3-Kapitel7_Loesungen.pdf<\/a>\n<hr>\n<h4 id=\"solution-tm3-kap8\">L\u00f6sungen zu Kapitel 8<\/h4>\n<a href=\"https:\/\/www.studyhelp.de\/online-lernen\/wp-content\/uploads\/2023\/02\/TM3-Kapitel8_Loesungen.pdf\" class=\"pdfemb-viewer\" style=\"\" data-width=\"max\" data-height=\"max\" data-toolbar=\"top\" data-toolbar-fixed=\"on\">TM3-Kapitel8_Loesungen<\/a>\n","protected":false},"excerpt":{"rendered":"<p>Du bist nicht auf das richtige Endergebnis gekommen? Kein Problem. Hier findest du unsere handschriftlichen und ausf\u00fchrlichen L\u00f6sungen zum Lernheft Technische Mechanik 3 &#8211; Dynamik. Klicke auf die entsprechenden Kapitel, um zu den passenden L\u00f6sungen zu kommen. L\u00f6sungen zu Kapitel 1 L\u00f6sungen zu Kapitel 2 L\u00f6sungen zu Kapitel 3 L\u00f6sungen zu Kapitel 4 L\u00f6sungen zu [&hellip;]<\/p>\n","protected":false},"author":5,"featured_media":0,"parent":0,"menu_order":0,"comment_status":"closed","ping_status":"closed","template":"","meta":[],"categories":[],"tags":[],"yoast_head":"<!-- This site is optimized with the Yoast SEO plugin v14.7 - https:\/\/yoast.com\/wordpress\/plugins\/seo\/ -->\n<title>L\u00f6sungen Technische Mechanik 3 - Dynamik - StudyHelp Online-Lernen<\/title>\n<meta name=\"robots\" content=\"index, follow\" \/>\n<meta name=\"googlebot\" content=\"index, follow, max-snippet:-1, max-image-preview:large, max-video-preview:-1\" \/>\n<meta name=\"bingbot\" content=\"index, follow, max-snippet:-1, max-image-preview:large, max-video-preview:-1\" \/>\n<link rel=\"canonical\" href=\"http:\/\/www.studyhelp.de\/online-lernen\/loesungen-technische-mechanik-3-dynamik\/\" \/>\n<meta property=\"og:locale\" content=\"de_DE\" \/>\n<meta property=\"og:type\" content=\"article\" \/>\n<meta property=\"og:title\" content=\"L\u00f6sungen Technische Mechanik 3 - Dynamik - StudyHelp Online-Lernen\" \/>\n<meta property=\"og:description\" content=\"Du bist nicht auf das richtige Endergebnis gekommen? Kein Problem. Hier findest du unsere handschriftlichen und ausf\u00fchrlichen L\u00f6sungen zum Lernheft Technische Mechanik 3 &#8211; Dynamik. Klicke auf die entsprechenden Kapitel, um zu den passenden L\u00f6sungen zu kommen. L\u00f6sungen zu Kapitel 1 L\u00f6sungen zu Kapitel 2 L\u00f6sungen zu Kapitel 3 L\u00f6sungen zu Kapitel 4 L\u00f6sungen zu [&hellip;]\" \/>\n<meta property=\"og:url\" content=\"http:\/\/www.studyhelp.de\/online-lernen\/loesungen-technische-mechanik-3-dynamik\/\" \/>\n<meta property=\"og:site_name\" content=\"StudyHelp Online-Lernen\" \/>\n<meta property=\"article:modified_time\" content=\"2023-04-06T12:53:02+00:00\" \/>\n<meta name=\"twitter:card\" content=\"summary_large_image\" \/>\n<script type=\"application\/ld+json\" class=\"yoast-schema-graph\">{\"@context\":\"https:\/\/schema.org\",\"@graph\":[{\"@type\":\"WebSite\",\"@id\":\"https:\/\/www.studyhelp.de\/online-lernen\/#website\",\"url\":\"https:\/\/www.studyhelp.de\/online-lernen\/\",\"name\":\"StudyHelp Online-Lernen\",\"description\":\"\",\"potentialAction\":[{\"@type\":\"SearchAction\",\"target\":\"https:\/\/www.studyhelp.de\/online-lernen\/?s={search_term_string}\",\"query-input\":\"required name=search_term_string\"}],\"inLanguage\":\"de-DE\"},{\"@type\":\"WebPage\",\"@id\":\"http:\/\/www.studyhelp.de\/online-lernen\/loesungen-technische-mechanik-3-dynamik\/#webpage\",\"url\":\"http:\/\/www.studyhelp.de\/online-lernen\/loesungen-technische-mechanik-3-dynamik\/\",\"name\":\"L\\u00f6sungen Technische Mechanik 3 - Dynamik - StudyHelp Online-Lernen\",\"isPartOf\":{\"@id\":\"https:\/\/www.studyhelp.de\/online-lernen\/#website\"},\"datePublished\":\"2023-02-23T16:00:47+00:00\",\"dateModified\":\"2023-04-06T12:53:02+00:00\",\"inLanguage\":\"de-DE\",\"potentialAction\":[{\"@type\":\"ReadAction\",\"target\":[\"http:\/\/www.studyhelp.de\/online-lernen\/loesungen-technische-mechanik-3-dynamik\/\"]}]}]}<\/script>\n<!-- \/ Yoast SEO plugin. -->","_links":{"self":[{"href":"https:\/\/www.studyhelp.de\/online-lernen\/wp-json\/wp\/v2\/pages\/17461"}],"collection":[{"href":"https:\/\/www.studyhelp.de\/online-lernen\/wp-json\/wp\/v2\/pages"}],"about":[{"href":"https:\/\/www.studyhelp.de\/online-lernen\/wp-json\/wp\/v2\/types\/page"}],"author":[{"embeddable":true,"href":"https:\/\/www.studyhelp.de\/online-lernen\/wp-json\/wp\/v2\/users\/5"}],"replies":[{"embeddable":true,"href":"https:\/\/www.studyhelp.de\/online-lernen\/wp-json\/wp\/v2\/comments?post=17461"}],"version-history":[{"count":8,"href":"https:\/\/www.studyhelp.de\/online-lernen\/wp-json\/wp\/v2\/pages\/17461\/revisions"}],"predecessor-version":[{"id":18535,"href":"https:\/\/www.studyhelp.de\/online-lernen\/wp-json\/wp\/v2\/pages\/17461\/revisions\/18535"}],"wp:attachment":[{"href":"https:\/\/www.studyhelp.de\/online-lernen\/wp-json\/wp\/v2\/media?parent=17461"}],"wp:term":[{"taxonomy":"category","embeddable":true,"href":"https:\/\/www.studyhelp.de\/online-lernen\/wp-json\/wp\/v2\/categories?post=17461"},{"taxonomy":"post_tag","embeddable":true,"href":"https:\/\/www.studyhelp.de\/online-lernen\/wp-json\/wp\/v2\/tags?post=17461"}],"curies":[{"name":"wp","href":"https:\/\/api.w.org\/{rel}","templated":true}]}}