{"id":17503,"date":"2023-04-11T18:02:49","date_gmt":"2023-04-11T16:02:49","guid":{"rendered":"http:\/\/www.studyhelp.de\/online-lernen\/?page_id=17503"},"modified":"2023-04-11T18:04:01","modified_gmt":"2023-04-11T16:04:01","slug":"loesungen-zu-deutsch-7-klasse-lernheft","status":"publish","type":"page","link":"https:\/\/www.studyhelp.de\/online-lernen\/loesungen-zu-deutsch-7-klasse-lernheft\/","title":{"rendered":"L\u00f6sungen zu Deutsch 7. Klasse Lernheft"},"content":{"rendered":"<p>Hier findest du die L\u00f6sungen zu den \u00dcbungsaufgaben aus dem Lernheft <em>Deutsch 7. Klasse Lernheft<\/em>!<\/p>\n<p>Du kannst die L\u00f6sungen ausdrucken oder nach dem erfolgreichen Bearbeiten der \u00dcbungsaufgaben hier vergleichen.<\/p>\n<p style=\"text-align: center;\"><a href=\"https:\/\/www.studyhelp.de\/online-lernen\/wp-content\/uploads\/2023\/04\/deutsch7klasse_loesungen.pdf\" class=\"pdfemb-viewer\" style=\"\" data-width=\"max\" data-height=\"max\" data-toolbar=\"top\" data-toolbar-fixed=\"on\">L\u00f6sungen zum Lernheft Deutsch 7. Klasse<\/a><\/p>\n<p>Stand der L\u00f6sungen: 15.04.2023<\/p>\n","protected":false},"excerpt":{"rendered":"<p>Hier findest du die L\u00f6sungen zu den \u00dcbungsaufgaben aus dem Lernheft Deutsch 7. Klasse Lernheft! Du kannst die L\u00f6sungen ausdrucken oder nach dem erfolgreichen Bearbeiten der \u00dcbungsaufgaben hier vergleichen. Stand der L\u00f6sungen: 15.04.2023<\/p>\n","protected":false},"author":5,"featured_media":0,"parent":0,"menu_order":0,"comment_status":"closed","ping_status":"closed","template":"","meta":[],"categories":[],"tags":[],"yoast_head":"<!-- This site is optimized with the Yoast SEO plugin v14.7 - https:\/\/yoast.com\/wordpress\/plugins\/seo\/ -->\n<title>L\u00f6sungen zu Deutsch 7. Klasse Lernheft - StudyHelp Online-Lernen<\/title>\n<meta name=\"robots\" content=\"index, follow\" \/>\n<meta name=\"googlebot\" content=\"index, follow, max-snippet:-1, max-image-preview:large, max-video-preview:-1\" \/>\n<meta name=\"bingbot\" content=\"index, follow, max-snippet:-1, max-image-preview:large, max-video-preview:-1\" \/>\n<link rel=\"canonical\" href=\"http:\/\/www.studyhelp.de\/online-lernen\/loesungen-zu-deutsch-7-klasse-lernheft\/\" \/>\n<meta property=\"og:locale\" content=\"de_DE\" \/>\n<meta property=\"og:type\" content=\"article\" \/>\n<meta property=\"og:title\" content=\"L\u00f6sungen zu Deutsch 7. Klasse Lernheft - StudyHelp Online-Lernen\" \/>\n<meta property=\"og:description\" content=\"Hier findest du die L\u00f6sungen zu den \u00dcbungsaufgaben aus dem Lernheft Deutsch 7. Klasse Lernheft! Du kannst die L\u00f6sungen ausdrucken oder nach dem erfolgreichen Bearbeiten der \u00dcbungsaufgaben hier vergleichen. Stand der L\u00f6sungen: 15.04.2023\" \/>\n<meta property=\"og:url\" content=\"http:\/\/www.studyhelp.de\/online-lernen\/loesungen-zu-deutsch-7-klasse-lernheft\/\" \/>\n<meta property=\"og:site_name\" content=\"StudyHelp Online-Lernen\" \/>\n<meta property=\"article:modified_time\" content=\"2023-04-11T16:04:01+00:00\" \/>\n<meta name=\"twitter:card\" content=\"summary_large_image\" \/>\n<script type=\"application\/ld+json\" class=\"yoast-schema-graph\">{\"@context\":\"https:\/\/schema.org\",\"@graph\":[{\"@type\":\"WebSite\",\"@id\":\"https:\/\/www.studyhelp.de\/online-lernen\/#website\",\"url\":\"https:\/\/www.studyhelp.de\/online-lernen\/\",\"name\":\"StudyHelp Online-Lernen\",\"description\":\"\",\"potentialAction\":[{\"@type\":\"SearchAction\",\"target\":\"https:\/\/www.studyhelp.de\/online-lernen\/?s={search_term_string}\",\"query-input\":\"required name=search_term_string\"}],\"inLanguage\":\"de-DE\"},{\"@type\":\"WebPage\",\"@id\":\"http:\/\/www.studyhelp.de\/online-lernen\/loesungen-zu-deutsch-7-klasse-lernheft\/#webpage\",\"url\":\"http:\/\/www.studyhelp.de\/online-lernen\/loesungen-zu-deutsch-7-klasse-lernheft\/\",\"name\":\"L\\u00f6sungen zu Deutsch 7. Klasse Lernheft - StudyHelp Online-Lernen\",\"isPartOf\":{\"@id\":\"https:\/\/www.studyhelp.de\/online-lernen\/#website\"},\"datePublished\":\"2023-04-11T16:02:49+00:00\",\"dateModified\":\"2023-04-11T16:04:01+00:00\",\"inLanguage\":\"de-DE\",\"potentialAction\":[{\"@type\":\"ReadAction\",\"target\":[\"http:\/\/www.studyhelp.de\/online-lernen\/loesungen-zu-deutsch-7-klasse-lernheft\/\"]}]}]}<\/script>\n<!-- \/ Yoast SEO plugin. -->","_links":{"self":[{"href":"https:\/\/www.studyhelp.de\/online-lernen\/wp-json\/wp\/v2\/pages\/17503"}],"collection":[{"href":"https:\/\/www.studyhelp.de\/online-lernen\/wp-json\/wp\/v2\/pages"}],"about":[{"href":"https:\/\/www.studyhelp.de\/online-lernen\/wp-json\/wp\/v2\/types\/page"}],"author":[{"embeddable":true,"href":"https:\/\/www.studyhelp.de\/online-lernen\/wp-json\/wp\/v2\/users\/5"}],"replies":[{"embeddable":true,"href":"https:\/\/www.studyhelp.de\/online-lernen\/wp-json\/wp\/v2\/comments?post=17503"}],"version-history":[{"count":2,"href":"https:\/\/www.studyhelp.de\/online-lernen\/wp-json\/wp\/v2\/pages\/17503\/revisions"}],"predecessor-version":[{"id":17515,"href":"https:\/\/www.studyhelp.de\/online-lernen\/wp-json\/wp\/v2\/pages\/17503\/revisions\/17515"}],"wp:attachment":[{"href":"https:\/\/www.studyhelp.de\/online-lernen\/wp-json\/wp\/v2\/media?parent=17503"}],"wp:term":[{"taxonomy":"category","embeddable":true,"href":"https:\/\/www.studyhelp.de\/online-lernen\/wp-json\/wp\/v2\/categories?post=17503"},{"taxonomy":"post_tag","embeddable":true,"href":"https:\/\/www.studyhelp.de\/online-lernen\/wp-json\/wp\/v2\/tags?post=17503"}],"curies":[{"name":"wp","href":"https:\/\/api.w.org\/{rel}","templated":true}]}}