{"id":17540,"date":"2023-06-13T10:03:36","date_gmt":"2023-06-13T08:03:36","guid":{"rendered":"https:\/\/www.studyhelp.de\/online-lernen\/?page_id=17540"},"modified":"2023-06-13T10:09:53","modified_gmt":"2023-06-13T08:09:53","slug":"studiumfinden-com","status":"publish","type":"page","link":"https:\/\/www.studyhelp.de\/online-lernen\/studiumfinden-com\/","title":{"rendered":"Studiumfinden.com"},"content":{"rendered":"<p><center> <img decoding=\"async\" loading=\"lazy\" src=\"http:\/\/www.studyhelp.de\/online-lernen\/wp-content\/uploads\/2023\/06\/5.jpg\" alt=\"\" width=\"600\" height=\"315\" class=\"align=\"center\" size-full wp-image-17527\" \/> <\/center><\/p>\n<p>Finde dein Traumstudium mit <a href=\"http:\/\/studiumfinden.com\">studiumfinden.com<\/a>! Infos zu \u00fcber 20.000 Studieng\u00e4ngen im deutschsprachigen Raum samt Bewertungen und Erfahrungsberichten von Studierenden erleichtern dir die Wahl. Plus: studiumfinden.com bietet dir eine bequeme M\u00f6glichkeit an offizielles Infomaterial zu den verschiedensten Studieng\u00e4ngen unterschiedlicher Hochschulen zu gelangen. Spar dir langes Recherchieren und fordere alle Unterlagen zentral \u00fcber studiumfinden.com an.<br \/>\nstudiumfinden.com ist ein Service von iamstudent.<\/p>\n","protected":false},"excerpt":{"rendered":"<p>Finde dein Traumstudium mit studiumfinden.com! Infos zu \u00fcber 20.000 Studieng\u00e4ngen im deutschsprachigen Raum samt Bewertungen und Erfahrungsberichten von Studierenden erleichtern dir die Wahl. Plus: studiumfinden.com bietet dir eine bequeme M\u00f6glichkeit an offizielles Infomaterial zu den verschiedensten Studieng\u00e4ngen unterschiedlicher Hochschulen zu gelangen. Spar dir langes Recherchieren und fordere alle Unterlagen zentral \u00fcber studiumfinden.com an. studiumfinden.com ist [&hellip;]<\/p>\n","protected":false},"author":16,"featured_media":0,"parent":0,"menu_order":0,"comment_status":"closed","ping_status":"closed","template":"","meta":[],"categories":[],"tags":[],"yoast_head":"<!-- This site is optimized with the Yoast SEO plugin v14.7 - https:\/\/yoast.com\/wordpress\/plugins\/seo\/ -->\n<title>Studiumfinden.com - StudyHelp Online-Lernen<\/title>\n<meta name=\"robots\" content=\"index, follow\" \/>\n<meta name=\"googlebot\" content=\"index, follow, max-snippet:-1, max-image-preview:large, max-video-preview:-1\" \/>\n<meta name=\"bingbot\" content=\"index, follow, max-snippet:-1, max-image-preview:large, max-video-preview:-1\" \/>\n<link rel=\"canonical\" href=\"https:\/\/www.studyhelp.de\/online-lernen\/studiumfinden-com\/\" \/>\n<meta property=\"og:locale\" content=\"de_DE\" \/>\n<meta property=\"og:type\" content=\"article\" \/>\n<meta property=\"og:title\" content=\"Studiumfinden.com - StudyHelp Online-Lernen\" \/>\n<meta property=\"og:description\" content=\"Finde dein Traumstudium mit studiumfinden.com! Infos zu \u00fcber 20.000 Studieng\u00e4ngen im deutschsprachigen Raum samt Bewertungen und Erfahrungsberichten von Studierenden erleichtern dir die Wahl. Plus: studiumfinden.com bietet dir eine bequeme M\u00f6glichkeit an offizielles Infomaterial zu den verschiedensten Studieng\u00e4ngen unterschiedlicher Hochschulen zu gelangen. Spar dir langes Recherchieren und fordere alle Unterlagen zentral \u00fcber studiumfinden.com an. studiumfinden.com ist [&hellip;]\" \/>\n<meta property=\"og:url\" content=\"https:\/\/www.studyhelp.de\/online-lernen\/studiumfinden-com\/\" \/>\n<meta property=\"og:site_name\" content=\"StudyHelp Online-Lernen\" \/>\n<meta property=\"article:modified_time\" content=\"2023-06-13T08:09:53+00:00\" \/>\n<meta property=\"og:image\" content=\"http:\/\/www.studyhelp.de\/online-lernen\/wp-content\/uploads\/2023\/06\/5.jpg\" \/>\n<meta name=\"twitter:card\" content=\"summary_large_image\" \/>\n<script type=\"application\/ld+json\" class=\"yoast-schema-graph\">{\"@context\":\"https:\/\/schema.org\",\"@graph\":[{\"@type\":\"WebSite\",\"@id\":\"https:\/\/www.studyhelp.de\/online-lernen\/#website\",\"url\":\"https:\/\/www.studyhelp.de\/online-lernen\/\",\"name\":\"StudyHelp Online-Lernen\",\"description\":\"\",\"potentialAction\":[{\"@type\":\"SearchAction\",\"target\":\"https:\/\/www.studyhelp.de\/online-lernen\/?s={search_term_string}\",\"query-input\":\"required name=search_term_string\"}],\"inLanguage\":\"de-DE\"},{\"@type\":\"ImageObject\",\"@id\":\"https:\/\/www.studyhelp.de\/online-lernen\/studiumfinden-com\/#primaryimage\",\"inLanguage\":\"de-DE\",\"url\":\"http:\/\/www.studyhelp.de\/online-lernen\/wp-content\/uploads\/2023\/06\/5.jpg\"},{\"@type\":\"WebPage\",\"@id\":\"https:\/\/www.studyhelp.de\/online-lernen\/studiumfinden-com\/#webpage\",\"url\":\"https:\/\/www.studyhelp.de\/online-lernen\/studiumfinden-com\/\",\"name\":\"Studiumfinden.com - StudyHelp Online-Lernen\",\"isPartOf\":{\"@id\":\"https:\/\/www.studyhelp.de\/online-lernen\/#website\"},\"primaryImageOfPage\":{\"@id\":\"https:\/\/www.studyhelp.de\/online-lernen\/studiumfinden-com\/#primaryimage\"},\"datePublished\":\"2023-06-13T08:03:36+00:00\",\"dateModified\":\"2023-06-13T08:09:53+00:00\",\"inLanguage\":\"de-DE\",\"potentialAction\":[{\"@type\":\"ReadAction\",\"target\":[\"https:\/\/www.studyhelp.de\/online-lernen\/studiumfinden-com\/\"]}]}]}<\/script>\n<!-- \/ Yoast SEO plugin. -->","_links":{"self":[{"href":"https:\/\/www.studyhelp.de\/online-lernen\/wp-json\/wp\/v2\/pages\/17540"}],"collection":[{"href":"https:\/\/www.studyhelp.de\/online-lernen\/wp-json\/wp\/v2\/pages"}],"about":[{"href":"https:\/\/www.studyhelp.de\/online-lernen\/wp-json\/wp\/v2\/types\/page"}],"author":[{"embeddable":true,"href":"https:\/\/www.studyhelp.de\/online-lernen\/wp-json\/wp\/v2\/users\/16"}],"replies":[{"embeddable":true,"href":"https:\/\/www.studyhelp.de\/online-lernen\/wp-json\/wp\/v2\/comments?post=17540"}],"version-history":[{"count":6,"href":"https:\/\/www.studyhelp.de\/online-lernen\/wp-json\/wp\/v2\/pages\/17540\/revisions"}],"predecessor-version":[{"id":17547,"href":"https:\/\/www.studyhelp.de\/online-lernen\/wp-json\/wp\/v2\/pages\/17540\/revisions\/17547"}],"wp:attachment":[{"href":"https:\/\/www.studyhelp.de\/online-lernen\/wp-json\/wp\/v2\/media?parent=17540"}],"wp:term":[{"taxonomy":"category","embeddable":true,"href":"https:\/\/www.studyhelp.de\/online-lernen\/wp-json\/wp\/v2\/categories?post=17540"},{"taxonomy":"post_tag","embeddable":true,"href":"https:\/\/www.studyhelp.de\/online-lernen\/wp-json\/wp\/v2\/tags?post=17540"}],"curies":[{"name":"wp","href":"https:\/\/api.w.org\/{rel}","templated":true}]}}