{"id":17586,"date":"2023-11-03T15:49:37","date_gmt":"2023-11-03T14:49:37","guid":{"rendered":"https:\/\/www.studyhelp.de\/online-lernen\/?page_id=17586"},"modified":"2025-02-10T13:31:44","modified_gmt":"2025-02-10T12:31:44","slug":"klausurenheft-mathe-abi-bawu","status":"publish","type":"page","link":"https:\/\/www.studyhelp.de\/online-lernen\/klausurenheft-mathe-abi-bawu\/","title":{"rendered":"Klausurenheft &#8211; Mathe ABI BaW\u00fc"},"content":{"rendered":"<p>Hallo!<\/p>\n<p>Du bist stolzer Besitzer unseres Klausurenheftes &#8211; Mathe ABI &#8211; Baden-W\u00fcrttemberg! Hier werden Jahr f\u00fcr Jahr die aktuellsten Klausuren hinzugef\u00fcgt.<\/p>\n<ul>\n<li><a href=\"#2024\">Zur 2024-Klausur inkl. L\u00f6sungen<\/a><\/li>\n<\/ul>\n<h2 id=\"2024\">Aufgaben und L\u00f6sungen zum Pr\u00fcfungsjahr 2024:<\/h2>\n<a href=\"https:\/\/www.studyhelp.de\/online-lernen\/wp-content\/uploads\/2025\/02\/MatheABIKlausuren-BaWu-2024-ebook-personalisiert.pdf\" class=\"pdfemb-viewer\" style=\"\" data-width=\"max\" data-height=\"max\" data-toolbar=\"top\" data-toolbar-fixed=\"on\">MatheABIKlausuren-BaWu-2024-ebook-personalisiert<\/a>\n<p>&nbsp;<\/p>\n<p>Solltest du Fragen haben, kannst du dich jederzeit an info@studyhelp.de wenden!<\/p>\n<p>Dein StudyHelp Team!<\/p>\n","protected":false},"excerpt":{"rendered":"<p>Hallo! Du bist stolzer Besitzer unseres Klausurenheftes &#8211; Mathe ABI &#8211; Baden-W\u00fcrttemberg! Hier werden Jahr f\u00fcr Jahr die aktuellsten Klausuren hinzugef\u00fcgt. Zur 2024-Klausur inkl. L\u00f6sungen Aufgaben und L\u00f6sungen zum Pr\u00fcfungsjahr 2024: &nbsp; Solltest du Fragen haben, kannst du dich jederzeit an info@studyhelp.de wenden! Dein StudyHelp Team!<\/p>\n","protected":false},"author":5,"featured_media":0,"parent":0,"menu_order":0,"comment_status":"closed","ping_status":"closed","template":"","meta":[],"categories":[],"tags":[],"yoast_head":"<!-- This site is optimized with the Yoast SEO plugin v14.7 - https:\/\/yoast.com\/wordpress\/plugins\/seo\/ -->\n<title>Klausurenheft - Mathe ABI BaW\u00fc - StudyHelp Online-Lernen<\/title>\n<meta name=\"robots\" content=\"index, follow\" \/>\n<meta name=\"googlebot\" content=\"index, follow, max-snippet:-1, max-image-preview:large, max-video-preview:-1\" \/>\n<meta name=\"bingbot\" content=\"index, follow, max-snippet:-1, max-image-preview:large, max-video-preview:-1\" \/>\n<link rel=\"canonical\" href=\"https:\/\/www.studyhelp.de\/online-lernen\/klausurenheft-mathe-abi-bawu\/\" \/>\n<meta property=\"og:locale\" content=\"de_DE\" \/>\n<meta property=\"og:type\" content=\"article\" \/>\n<meta property=\"og:title\" content=\"Klausurenheft - Mathe ABI BaW\u00fc - StudyHelp Online-Lernen\" \/>\n<meta property=\"og:description\" content=\"Hallo! Du bist stolzer Besitzer unseres Klausurenheftes &#8211; Mathe ABI &#8211; Baden-W\u00fcrttemberg! Hier werden Jahr f\u00fcr Jahr die aktuellsten Klausuren hinzugef\u00fcgt. Zur 2024-Klausur inkl. L\u00f6sungen Aufgaben und L\u00f6sungen zum Pr\u00fcfungsjahr 2024: &nbsp; Solltest du Fragen haben, kannst du dich jederzeit an info@studyhelp.de wenden! Dein StudyHelp Team!\" \/>\n<meta property=\"og:url\" content=\"https:\/\/www.studyhelp.de\/online-lernen\/klausurenheft-mathe-abi-bawu\/\" \/>\n<meta property=\"og:site_name\" content=\"StudyHelp Online-Lernen\" \/>\n<meta property=\"article:modified_time\" content=\"2025-02-10T12:31:44+00:00\" \/>\n<meta name=\"twitter:card\" content=\"summary_large_image\" \/>\n<script type=\"application\/ld+json\" class=\"yoast-schema-graph\">{\"@context\":\"https:\/\/schema.org\",\"@graph\":[{\"@type\":\"WebSite\",\"@id\":\"https:\/\/www.studyhelp.de\/online-lernen\/#website\",\"url\":\"https:\/\/www.studyhelp.de\/online-lernen\/\",\"name\":\"StudyHelp Online-Lernen\",\"description\":\"\",\"potentialAction\":[{\"@type\":\"SearchAction\",\"target\":\"https:\/\/www.studyhelp.de\/online-lernen\/?s={search_term_string}\",\"query-input\":\"required name=search_term_string\"}],\"inLanguage\":\"de-DE\"},{\"@type\":\"WebPage\",\"@id\":\"https:\/\/www.studyhelp.de\/online-lernen\/klausurenheft-mathe-abi-bawu\/#webpage\",\"url\":\"https:\/\/www.studyhelp.de\/online-lernen\/klausurenheft-mathe-abi-bawu\/\",\"name\":\"Klausurenheft - Mathe ABI BaW\\u00fc - StudyHelp Online-Lernen\",\"isPartOf\":{\"@id\":\"https:\/\/www.studyhelp.de\/online-lernen\/#website\"},\"datePublished\":\"2023-11-03T14:49:37+00:00\",\"dateModified\":\"2025-02-10T12:31:44+00:00\",\"inLanguage\":\"de-DE\",\"potentialAction\":[{\"@type\":\"ReadAction\",\"target\":[\"https:\/\/www.studyhelp.de\/online-lernen\/klausurenheft-mathe-abi-bawu\/\"]}]}]}<\/script>\n<!-- \/ Yoast SEO plugin. -->","_links":{"self":[{"href":"https:\/\/www.studyhelp.de\/online-lernen\/wp-json\/wp\/v2\/pages\/17586"}],"collection":[{"href":"https:\/\/www.studyhelp.de\/online-lernen\/wp-json\/wp\/v2\/pages"}],"about":[{"href":"https:\/\/www.studyhelp.de\/online-lernen\/wp-json\/wp\/v2\/types\/page"}],"author":[{"embeddable":true,"href":"https:\/\/www.studyhelp.de\/online-lernen\/wp-json\/wp\/v2\/users\/5"}],"replies":[{"embeddable":true,"href":"https:\/\/www.studyhelp.de\/online-lernen\/wp-json\/wp\/v2\/comments?post=17586"}],"version-history":[{"count":3,"href":"https:\/\/www.studyhelp.de\/online-lernen\/wp-json\/wp\/v2\/pages\/17586\/revisions"}],"predecessor-version":[{"id":18530,"href":"https:\/\/www.studyhelp.de\/online-lernen\/wp-json\/wp\/v2\/pages\/17586\/revisions\/18530"}],"wp:attachment":[{"href":"https:\/\/www.studyhelp.de\/online-lernen\/wp-json\/wp\/v2\/media?parent=17586"}],"wp:term":[{"taxonomy":"category","embeddable":true,"href":"https:\/\/www.studyhelp.de\/online-lernen\/wp-json\/wp\/v2\/categories?post=17586"},{"taxonomy":"post_tag","embeddable":true,"href":"https:\/\/www.studyhelp.de\/online-lernen\/wp-json\/wp\/v2\/tags?post=17586"}],"curies":[{"name":"wp","href":"https:\/\/api.w.org\/{rel}","templated":true}]}}