{"id":17621,"date":"2024-03-19T14:40:03","date_gmt":"2024-03-19T13:40:03","guid":{"rendered":"https:\/\/www.studyhelp.de\/online-lernen\/?page_id=17621"},"modified":"2024-03-19T15:12:00","modified_gmt":"2024-03-19T14:12:00","slug":"steigerungen-der-adjektive","status":"publish","type":"page","link":"https:\/\/www.studyhelp.de\/online-lernen\/latein\/steigerungen-der-adjektive\/","title":{"rendered":"Steigerungen der Adjektive"},"content":{"rendered":"<p>Adjektive k\u00f6nnen gesteigert werden. Das zeigen wir euch im n\u00e4chsten Video.<\/p>\n<div class=\"mt-5 mb-5 resp-video\">\n<iframe loading=\"lazy\" src=\"https:\/\/player.vimeo.com\/video\/127589345?h=311397f9fd&amp;dnt=1&amp;app_id=122963\" width=\"500\" height=\"281\" frameborder=\"0\" allow=\"autoplay; fullscreen; picture-in-picture; clipboard-write\"><\/iframe>\n<\/div>\n<p>Adjektive kann man also steigern. Gesteigerte Adjektive werden beispielsweise eingesetzt, um Dinge miteinander<br \/>\nzu vergleichen. Zum Beispiel:<\/p>\n<ul>\n<li>Peter ist <strong>gr\u00f6\u00dfer<\/strong> als Hans.<\/li>\n<\/ul>\n<p><em>Gr\u00f6\u00dfer<\/em> ist in diesem Zusammenhang die erste Steigerungsfrom des Adjektivs, der <strong>Komparativ<\/strong> (von <em>comparare<\/em> &#8211; vergleichen).<\/p>\n<p>Zus\u00e4tzlich gibt es den <strong>Superlativ<\/strong> (von <em>super<\/em> &#8211; \u00fcber und Partizip von <em>ferre<\/em> &#8211; tragen &#8211;&gt;zusammen etwas &#8222;nach oben getragen&#8220;) als zweite Steigerungsform. Der Superlativ trifft eine absolute Aussage:<\/p>\n<ul>\n<li>Peter ist <strong> am gr\u00f6\u00dften <\/strong>.<\/li>\n<ul>\n<p>Der Superlativ kann auch verwendet werden, um eine Eigenschaft besonders zu betonen. Dann kann er auch wie folgt \u00fcbersetzt werden:<\/p>\n<ul>\n<li>Peter ist <strong> sehr gro\u00df<\/strong>.<\/li>\n<ul>\n<p>Wie die Bildung der regelm\u00e4\u00dfigen Steigerungsformen von Adjektiven funktioniert, zeigt das n\u00e4chste Video.<\/p>\n<div class=\"mt-5 mb-5 resp-video\">\n<iframe loading=\"lazy\" src=\"https:\/\/player.vimeo.com\/video\/116482117?h=9f24adfedb&amp;dnt=1&amp;app_id=122963\" width=\"500\" height=\"281\" frameborder=\"0\" allow=\"autoplay; fullscreen; picture-in-picture; clipboard-write\"><\/iframe>\n<\/div>\n<p>Die Silben, an denen man die regelm\u00e4\u00dfige Steigerungsformen erkennt, sind also:<\/p>\n<ul>\n<li><em>ior\/ius<\/em> f\u00fcr den Komparativ (1.Steigerungsform)<\/li>\n<li><em>issimus<\/em> f\u00fcr den Superlativ (2.Steigerungsform)<\/li>\n<ul>\n<p>Bei der <strong>Steigerung von Adjektiven<\/strong> im Lateinischen gibt es einige <strong>Ausnahmen<\/strong>, die wir im Folgenden vorstellen. Es gibt einige Adjektive, die unregelm\u00e4\u00dfig gesteigert werden, wie die folgende Tabelle zeigt.<\/p>\n<h3><strong>Tabelle 3.6: Steigerung von Adjektiven &#8211; unregelm\u00e4\u00dfig<\/strong><\/h3>\n<div class=\"Table\">\n<div class=\"Table-row Table-header\">\n<div class=\"Table-row-item\"><strong>Positiv<\/strong><\/div>\n<div class=\"Table-row-item\"><strong>Komparativ<\/strong><\/div>\n<div class=\"Table-row-item\"><strong>Superlativ<\/strong><\/div>\n<\/div>\n<div class=\"Table-row\">\n<div class=\"Table-row-item\"><strong>Latein<\/strong><\/div>\n<div class=\"Table-row-item\"><strong>\u00dcbersetzung<\/strong><\/div>\n<div class=\"Table-row-item\"><strong>Latein<\/strong><\/div>\n<div class=\"Table-row-item\"><strong>\u00dcbersetzung<\/strong><\/div>\n<div class=\"Table-row-item\"><strong>Latein<\/strong><\/div>\n<div class=\"Table-row-item\"><strong>\u00dcbersetzung<\/strong><\/div>\n<\/div>\n<div class=\"Table-row\">\n<div class=\"Table-row-item\"><em>bonus, -a, -um<\/em><\/div>\n<div class=\"Table-row-item\">gut<\/div>\n<div class=\"Table-row-item\"><em>melior, melius<\/em><\/div>\n<div class=\"Table-row-item\">besser<\/div>\n<div class=\"Table-row-item\"><em>optimus, -a, -um<\/em><\/div>\n<div class=\"Table-row-item\">beste<\/div>\n<\/div>\n<div class=\"Table-row\">\n<div class=\"Table-row-item\"><em>malus, -a, -um<\/em><\/div>\n<div class=\"Table-row-item\">schlecht<\/div>\n<div class=\"Table-row-item\"><em>peior, peius<\/em><\/div>\n<div class=\"Table-row-item\">schlechter<\/div>\n<div class=\"Table-row-item\"><em>pessimus, -a, -um<\/em><\/div>\n<div class=\"Table-row-item\">schlechteste<\/div>\n<\/div>\n<div class=\"Table-row\">\n<div class=\"Table-row-item\"><em>magnus, -a, -um<\/em><\/div>\n<div class=\"Table-row-item\">gro\u00df<\/div>\n<div class=\"Table-row-item\"><em>maior, maius<\/em><\/div>\n<div class=\"Table-row-item\">gr\u00f6\u00dfer<\/div>\n<div class=\"Table-row-item\"><em>maximus, -a, -um<\/em><\/div>\n<div class=\"Table-row-item\">gr\u00f6\u00dfte<\/div>\n<\/div>\n<div class=\"Table-row\">\n<div class=\"Table-row-item\"><em>parvus, -a, -um<\/em><\/div>\n<div class=\"Table-row-item\">klein<\/div>\n<div class=\"Table-row-item\"><em>minor, minus<\/em><\/div>\n<div class=\"Table-row-item\">kleiner<\/div>\n<div class=\"Table-row-item\"><em>minimus, -a, -um<\/em><\/div>\n<div class=\"Table-row-item\">kleinste<\/div>\n<\/div>\n<div class=\"Table-row\">\n<div class=\"Table-row-item\"><em>multi, -a, -um<\/em><\/div>\n<div class=\"Table-row-item\">viele<\/div>\n<div class=\"Table-row-item\"><em>plures, plura<\/em><\/div>\n<div class=\"Table-row-item\">mehr<\/div>\n<div class=\"Table-row-item\"><em>plurimi, -ae, -a<\/em><\/div>\n<div class=\"Table-row-item\">die meisten<\/div>\n<\/div>\n<\/div>\n<p><\/p>\n<p>Au\u00dferdem sollten die folgenden <strong>Ausnahmen<\/strong> beachtet werden:<\/p>\n<ul>\n<li>Adjektive auf <em> -er<\/em> (wie <em> pulcher <\/em> &#8211; sch\u00f6n) bilden den Superlativ nicht auf <em>-issimus<\/em>, sondern auf <em> -rimus, -a, -um<\/em>\n<ul>\n<em>filius pulcherrimus<\/em> &#8211; der sch\u00f6nste Sohn\n<\/ul>\n<\/li>\n<li>Adjektive auf <em>-ilis<\/em> (wie <em>facilis<\/em> &#8211; leicht) bilden den Superlativ auf <em> -limus, -a, -um<\/em>\n<ul><em>munus facillimum<\/em> &#8211; die leichteste Aufgabe<\/ul>\n<\/li>\n<li>viele Adjektive mit einem Vokal vor der Endung <em> -us<\/em> im Singular (wie <em>dubius<\/em> &#8211; zweifelhaft) bilden die Steigerung unter Verwendung von Hilfsw\u00f6rtern\n<ul><em>magis dubius<\/em> &#8211; zweifelhafter<\/ul>\n<p><em>maxime dubius<\/em> &#8211; am zweifelhaftesten<\/li>\n<\/ul>\n<p><\/p>\n<p>Damit du im Satz erkennst, welches Adjektiv zu welchem Substantiv geh\u00f6rt, musst du auf die Kongruenz von <strong>Kasus<\/strong> (Fall), <strong> Numerus<\/strong> (Singular oder Plural) und <strong>Genus<\/strong> (Geschlecht) achten, wie wir bereits kennengelernt haben.<\/p>\n<p>Das n\u00e4chste Video erkl\u00e4rt diesen Zusammenhang anhand eines Beispiels:<\/p>\n<div class=\"mt-5 mb-5 resp-video\">\n<iframe loading=\"lazy\" src=\"https:\/\/player.vimeo.com\/video\/116482118?h=168bfcddc0&amp;dnt=1&amp;app_id=122963\" width=\"500\" height=\"281\" frameborder=\"0\" allow=\"autoplay; fullscreen; picture-in-picture; clipboard-write\"><\/iframe>\n<\/div>\n<p>Wir schlie\u00dfen dieses Kapitel mit der Einf\u00fchrung einer neuen Wortart: den <strong>Adverbien<\/strong>.<\/p>\n","protected":false},"excerpt":{"rendered":"<p>Adjektive k\u00f6nnen gesteigert werden. Das zeigen wir euch im n\u00e4chsten Video. Adjektive kann man also steigern. Gesteigerte Adjektive werden beispielsweise eingesetzt, um Dinge miteinander zu vergleichen. Zum Beispiel: Peter ist gr\u00f6\u00dfer als Hans. Gr\u00f6\u00dfer ist in diesem Zusammenhang die erste Steigerungsfrom des Adjektivs, der Komparativ (von comparare &#8211; vergleichen). Zus\u00e4tzlich gibt es den Superlativ (von [&hellip;]<\/p>\n","protected":false},"author":19,"featured_media":0,"parent":17292,"menu_order":0,"comment_status":"closed","ping_status":"closed","template":"","meta":[],"categories":[1],"tags":[],"yoast_head":"<!-- This site is optimized with the Yoast SEO plugin v14.7 - https:\/\/yoast.com\/wordpress\/plugins\/seo\/ -->\n<title>-1349<\/title>\n<meta name=\"description\" content=\"60\" \/>\n<meta name=\"robots\" content=\"index, follow\" \/>\n<meta name=\"googlebot\" content=\"index, follow, max-snippet:-1, max-image-preview:large, max-video-preview:-1\" \/>\n<meta name=\"bingbot\" content=\"index, follow, max-snippet:-1, max-image-preview:large, max-video-preview:-1\" \/>\n<link rel=\"canonical\" href=\"https:\/\/www.studyhelp.de\/online-lernen\/latein\/steigerungen-der-adjektive\/\" \/>\n<meta property=\"og:locale\" content=\"de_DE\" \/>\n<meta property=\"og:type\" content=\"article\" \/>\n<meta property=\"og:title\" content=\"-1349\" \/>\n<meta property=\"og:description\" content=\"60\" \/>\n<meta property=\"og:url\" content=\"https:\/\/www.studyhelp.de\/online-lernen\/latein\/steigerungen-der-adjektive\/\" \/>\n<meta property=\"og:site_name\" content=\"StudyHelp Online-Lernen\" \/>\n<meta property=\"article:modified_time\" content=\"2024-03-19T14:12:00+00:00\" \/>\n<meta name=\"twitter:card\" content=\"summary_large_image\" \/>\n<script type=\"application\/ld+json\" class=\"yoast-schema-graph\">{\"@context\":\"https:\/\/schema.org\",\"@graph\":[{\"@type\":\"WebSite\",\"@id\":\"https:\/\/www.studyhelp.de\/online-lernen\/#website\",\"url\":\"https:\/\/www.studyhelp.de\/online-lernen\/\",\"name\":\"StudyHelp Online-Lernen\",\"description\":\"\",\"potentialAction\":[{\"@type\":\"SearchAction\",\"target\":\"https:\/\/www.studyhelp.de\/online-lernen\/?s={search_term_string}\",\"query-input\":\"required name=search_term_string\"}],\"inLanguage\":\"de-DE\"},{\"@type\":\"WebPage\",\"@id\":\"https:\/\/www.studyhelp.de\/online-lernen\/latein\/steigerungen-der-adjektive\/#webpage\",\"url\":\"https:\/\/www.studyhelp.de\/online-lernen\/latein\/steigerungen-der-adjektive\/\",\"name\":\"-1349\",\"isPartOf\":{\"@id\":\"https:\/\/www.studyhelp.de\/online-lernen\/#website\"},\"datePublished\":\"2024-03-19T13:40:03+00:00\",\"dateModified\":\"2024-03-19T14:12:00+00:00\",\"description\":\"60\",\"inLanguage\":\"de-DE\",\"potentialAction\":[{\"@type\":\"ReadAction\",\"target\":[\"https:\/\/www.studyhelp.de\/online-lernen\/latein\/steigerungen-der-adjektive\/\"]}]}]}<\/script>\n<!-- \/ Yoast SEO plugin. -->","_links":{"self":[{"href":"https:\/\/www.studyhelp.de\/online-lernen\/wp-json\/wp\/v2\/pages\/17621"}],"collection":[{"href":"https:\/\/www.studyhelp.de\/online-lernen\/wp-json\/wp\/v2\/pages"}],"about":[{"href":"https:\/\/www.studyhelp.de\/online-lernen\/wp-json\/wp\/v2\/types\/page"}],"author":[{"embeddable":true,"href":"https:\/\/www.studyhelp.de\/online-lernen\/wp-json\/wp\/v2\/users\/19"}],"replies":[{"embeddable":true,"href":"https:\/\/www.studyhelp.de\/online-lernen\/wp-json\/wp\/v2\/comments?post=17621"}],"version-history":[{"count":27,"href":"https:\/\/www.studyhelp.de\/online-lernen\/wp-json\/wp\/v2\/pages\/17621\/revisions"}],"predecessor-version":[{"id":17769,"href":"https:\/\/www.studyhelp.de\/online-lernen\/wp-json\/wp\/v2\/pages\/17621\/revisions\/17769"}],"up":[{"embeddable":true,"href":"https:\/\/www.studyhelp.de\/online-lernen\/wp-json\/wp\/v2\/pages\/17292"}],"wp:attachment":[{"href":"https:\/\/www.studyhelp.de\/online-lernen\/wp-json\/wp\/v2\/media?parent=17621"}],"wp:term":[{"taxonomy":"category","embeddable":true,"href":"https:\/\/www.studyhelp.de\/online-lernen\/wp-json\/wp\/v2\/categories?post=17621"},{"taxonomy":"post_tag","embeddable":true,"href":"https:\/\/www.studyhelp.de\/online-lernen\/wp-json\/wp\/v2\/tags?post=17621"}],"curies":[{"name":"wp","href":"https:\/\/api.w.org\/{rel}","templated":true}]}}