{"id":1763,"date":"2016-05-19T10:09:01","date_gmt":"2016-05-19T08:09:01","guid":{"rendered":"https:\/\/www.studyhelp.de\/mechanik\/?page_id=1763"},"modified":"2020-01-15T11:53:24","modified_gmt":"2020-01-15T10:53:24","slug":"einaxial-belastete-staebe","status":"publish","type":"page","link":"https:\/\/www.studyhelp.de\/online-lernen\/mechanik\/einaxial-belastete-staebe\/","title":{"rendered":"Einaxial belastete St\u00e4be"},"content":{"rendered":"\n<p>Bei diesen Aufgabentypen ist in der Regel nach L\u00e4ngen\u00e4nderungen oder Spannungen gefragt. Allgemein gilt: Spannung = Kraft pro Fl\u00e4che!<\/p>\n<p><strong>L\u00f6sungsschritte<\/strong>\u00a0(vgl. Rolf Mahnken, Lehrbuch der Technischen Mechanik &#8211; Elastostatik, Springer Verlag, 1. Auflage, 2015)<\/p>\n\n<h2> (i) f\u00fcr statisch bestimmte St\u00e4be<\/h2>\n<ul>\n<li>Statisches System: Idealisierung in $n$ St\u00e4be. Zus\u00e4tzliche Balken werden als starr angenommen.<\/li>\n<li>Gleichgewichtsbedingungen aufstellen<\/li>\n<li>Spannungen: F\u00fcr jeden Stab gilt<\/li>\n<\/ul>\n<p>\\begin{align*}<br \/>\n\\sigma_i = \\frac{N_i}{A_i} \\quad \\textrm{mit} \\quad i=1, \\ \\dots \\ , \\ n<br \/>\n\\end{align*}<\/p>\n<ul>\n<li>L\u00e4ngen\u00e4nderungen:<\/li>\n<\/ul>\n<p>\\begin{align*}<br \/>\n\\Delta l_i = \\frac{N_i \\cdot l_i}{(EA)_i} + \\alpha_{T_i} \\cdot \\Delta T_i \\cdot l_i<br \/>\n\\end{align*}<\/p>\n<ul>\n<li>Verschiebung von Stabendpunkten<\/li>\n<\/ul>\n<p style=\"padding-left: 30px;\">$\\rightarrow$ Grafo-analytisch zur Ber\u00fccksichtigung der Kompatibilit\u00e4t<\/p>\n<ul>\n<li>Weitere Aufgabenstellungen: Spannungs- und Verformungsnachweis, Dimensionierung etc.<\/li>\n<\/ul>\n<p>z.B. \u00a0 \u00a0\u00a0<img decoding=\"async\" loading=\"lazy\" class=\"aligncenter wp-image-2044\" src=\"https:\/\/www.studyhelp.de\/online-lernen\/wp-content\/uploads\/2016\/05\/bil_zugstab_best.png\" alt=\"bil_zugstab_best\" width=\"189\" height=\"64\" srcset=\"https:\/\/www.studyhelp.de\/online-lernen\/wp-content\/uploads\/2016\/05\/bil_zugstab_best.png 417w, https:\/\/www.studyhelp.de\/online-lernen\/wp-content\/uploads\/2016\/05\/bil_zugstab_best-300x101.png 300w\" sizes=\"(max-width: 189px) 100vw, 189px\" \/><\/p>\n<p>$\\rightarrow$\u00a0statisch bestimmt, da Auflagerreaktionen \u00fcber\u00a0 Gleichgewichtsbedingungen ermittelbar sind!<\/p>\n<h2>(ii) f\u00fcr statisch unbestimmte St\u00e4be<\/h2>\n<ul>\n<li>Statisches System<\/li>\n<li>Gleichgewichtsbedingungen<\/li>\n<li>Grad der statischen Unbestimmtheit $n_s$<\/li>\n<li>Vergleich von Anzahl an Unbekannten mit Gleichgewichtsbedingungen<\/li>\n<li>Kompatibilit\u00e4tsbedingungen<\/li>\n<\/ul>\n<p>\\begin{align*}<br \/>\n\\Delta l_i = \\frac{N_i \\cdot l_i}{(EA)_i} + \\alpha_{T_i} \\cdot \\Delta T_i \\cdot l_i<br \/>\n\\end{align*}<\/p>\n<p style=\"padding-left: 30px;\">und $n_s$ Kompatibilit\u00e4tsbedingungen mit Hilfe eines Pol- und Verschiebungsplanes, z.B. $\\Delta l_i = 2 \\Delta l_k$<\/p>\n<ul>\n<li>Aufl\u00f6sen des Gleichungssystems<\/li>\n<li>Weitere Aufgabenstellungen: Spannung, L\u00e4ngen\u00e4nderung, Verdrehung etc.<\/li>\n<\/ul>\n<p>z.B. \u00a0 \u00a0\u00a0<img decoding=\"async\" loading=\"lazy\" class=\"aligncenter wp-image-2045\" src=\"https:\/\/www.studyhelp.de\/online-lernen\/wp-content\/uploads\/2016\/05\/bil_zugstab_unbest.png\" alt=\"bil_zugstab_unbest\" width=\"155\" height=\"85\" \/><\/p>\n<p>$\\rightarrow$\u00a0statisch bestimmt, da Auflagerreaktionen \u00fcber\u00a0 Gleichgewichtsbedingungen ermittelbar sind!<\/p>\n<h3>Kompatibilit\u00e4tsbedingungen f\u00fcr statisch unbestimmte St\u00e4be<\/h3>\n<p><img decoding=\"async\" loading=\"lazy\" class=\"aligncenter wp-image-2049\" src=\"https:\/\/www.studyhelp.de\/online-lernen\/wp-content\/uploads\/2016\/05\/bil_zugstab_kompbed-1024x424.png\" alt=\"bil_zugstab_kompbed\" width=\"807\" height=\"334\" srcset=\"https:\/\/www.studyhelp.de\/online-lernen\/wp-content\/uploads\/2016\/05\/bil_zugstab_kompbed-1024x424.png 1024w, https:\/\/www.studyhelp.de\/online-lernen\/wp-content\/uploads\/2016\/05\/bil_zugstab_kompbed-300x124.png 300w, https:\/\/www.studyhelp.de\/online-lernen\/wp-content\/uploads\/2016\/05\/bil_zugstab_kompbed-768x318.png 768w, https:\/\/www.studyhelp.de\/online-lernen\/wp-content\/uploads\/2016\/05\/bil_zugstab_kompbed.png 1335w\" sizes=\"(max-width: 807px) 100vw, 807px\" \/><\/p>\n<div class=\"box exercise\">\n<h3>Aufgabe zu einaxial belasteten St\u00e4ben<\/h3>\n<p>Gegeben ist nebenstehendes System.<\/p>\n<p><img decoding=\"async\" loading=\"lazy\" class=\"aligncenter wp-image-2050\" src=\"https:\/\/www.studyhelp.de\/online-lernen\/wp-content\/uploads\/2016\/05\/bil_zugstab_bsp.png\" alt=\"bil_zugstab_bsp\" width=\"365\" height=\"311\" \/><\/p>\n<p>Folgende Aufgaben sind zu erf\u00fcllen:<\/p>\n<ol>\n<li>Erstelle ein statisches Ersatzsystem.<\/li>\n<li>Berechne alle Stabkr\u00e4fte.<\/li>\n<li>Ermittle die Spannungen in allen St\u00e4ben.<\/li>\n<\/ol>\n<p>Bekannt: $A_1 = A_3 = A_4 = 30 \\ \\textrm{cm}^2, \\ A_2 = 2 A_1, \\ E_{1,2} = 210 \\ \\textrm{GPa},$ $E_3 = 70 \\ \\textrm{GPa}, \\ E_4 = 100 \\ \\textrm{GPa}$, $l=1 \\ \\textrm{m}, \\ \\Delta T = 50 \\ \\textrm{K}$<\/p>\n<p><strong>Video \u00e4hnliches Beispiel einaxial belastete St\u00e4be mit thermischem Anteil<\/strong><\/p>\n<div class=\"lyte-wrapper\" title=\"Stabkr&auml;fte bestimmen beim stat. unbest. System mit thermischen Anteil\" style=\"width:420px;max-width:100%;margin:5px;\"><div class=\"lyMe\" id=\"WYL_amP_GLnMj0s\"><div id=\"lyte_amP_GLnMj0s\" data-src=\"https:\/\/www.studyhelp.de\/online-lernen\/wp-content\/plugins\/wp-youtube-lyte\/lyteCache.php?origThumbUrl=https%3A%2F%2Fi.ytimg.com%2Fvi%2FamP_GLnMj0s%2Fhqdefault.jpg\" class=\"pL\"><div class=\"tC\"><div class=\"tT\">Stabkr\u00e4fte bestimmen beim stat. unbest. System mit thermischen Anteil<\/div><\/div><div class=\"play\"><\/div><div class=\"ctrl\"><div class=\"Lctrl\"><\/div><div class=\"Rctrl\"><\/div><\/div><\/div><noscript><a href=\"https:\/\/youtu.be\/amP_GLnMj0s\" rel=\"nofollow\"><img src=\"https:\/\/www.studyhelp.de\/online-lernen\/wp-content\/plugins\/wp-youtube-lyte\/lyteCache.php?origThumbUrl=https%3A%2F%2Fi.ytimg.com%2Fvi%2FamP_GLnMj0s%2F0.jpg\" alt=\"Stabkr&auml;fte bestimmen beim stat. unbest. System mit thermischen Anteil\" width=\"420\" height=\"216\" \/><br \/>Dieses Video auf YouTube ansehen<\/a><\/noscript><\/div><\/div><div class=\"lL\" style=\"max-width:100%;width:420px;margin:5px;\"><\/div><br \/>\n<\/div>\n","protected":false},"excerpt":{"rendered":"<p>Bei diesen Aufgabentypen ist in der Regel nach L\u00e4ngen\u00e4nderungen oder Spannungen gefragt. Allgemein gilt: Spannung = Kraft pro Fl\u00e4che! L\u00f6sungsschritte\u00a0(vgl. Rolf Mahnken, Lehrbuch der Technischen Mechanik &#8211; Elastostatik, Springer Verlag, 1. Auflage, 2015) (i) f\u00fcr statisch bestimmte St\u00e4be Statisches System: Idealisierung in St\u00e4be. Zus\u00e4tzliche Balken werden als starr angenommen. Gleichgewichtsbedingungen aufstellen Spannungen: F\u00fcr jeden Stab [&hellip;]<\/p>\n","protected":false},"author":5,"featured_media":0,"parent":6510,"menu_order":1,"comment_status":"closed","ping_status":"closed","template":"","meta":[],"categories":[22],"tags":[],"yoast_head":"<!-- This site is optimized with the Yoast SEO plugin v14.7 - https:\/\/yoast.com\/wordpress\/plugins\/seo\/ -->\n<title>Einaxial belastete St\u00e4be - Technische Mechanik - Spannungen<\/title>\n<meta name=\"description\" content=\"L\u00e4ngen\u00e4nderungen und Spannungen bei einaxial belasteten St\u00e4ben k\u00f6nnen relativ leicht berechnet werden. So kann dies zum Beispiel thermisch beeinflusst sein.\" \/>\n<meta name=\"robots\" content=\"index, follow\" \/>\n<meta name=\"googlebot\" content=\"index, follow, max-snippet:-1, max-image-preview:large, max-video-preview:-1\" \/>\n<meta name=\"bingbot\" content=\"index, follow, max-snippet:-1, max-image-preview:large, max-video-preview:-1\" \/>\n<link rel=\"canonical\" href=\"https:\/\/www.studyhelp.de\/online-lernen\/mechanik\/einaxial-belastete-staebe\/\" \/>\n<meta property=\"og:locale\" content=\"de_DE\" \/>\n<meta property=\"og:type\" content=\"article\" \/>\n<meta property=\"og:title\" content=\"Einaxial belastete St\u00e4be - Technische Mechanik - Spannungen\" \/>\n<meta property=\"og:description\" content=\"L\u00e4ngen\u00e4nderungen und Spannungen bei einaxial belasteten St\u00e4ben k\u00f6nnen relativ leicht berechnet werden. So kann dies zum Beispiel thermisch beeinflusst sein.\" \/>\n<meta property=\"og:url\" content=\"https:\/\/www.studyhelp.de\/online-lernen\/mechanik\/einaxial-belastete-staebe\/\" \/>\n<meta property=\"og:site_name\" content=\"StudyHelp Online-Lernen\" \/>\n<meta property=\"article:modified_time\" content=\"2020-01-15T10:53:24+00:00\" \/>\n<meta property=\"og:image\" content=\"https:\/\/www.studyhelp.de\/online-lernen\/wp-content\/uploads\/2016\/05\/bil_zugstab_best.png\" \/>\n<meta name=\"twitter:card\" content=\"summary_large_image\" \/>\n<script type=\"application\/ld+json\" class=\"yoast-schema-graph\">{\"@context\":\"https:\/\/schema.org\",\"@graph\":[{\"@type\":\"WebSite\",\"@id\":\"https:\/\/www.studyhelp.de\/online-lernen\/#website\",\"url\":\"https:\/\/www.studyhelp.de\/online-lernen\/\",\"name\":\"StudyHelp Online-Lernen\",\"description\":\"\",\"potentialAction\":[{\"@type\":\"SearchAction\",\"target\":\"https:\/\/www.studyhelp.de\/online-lernen\/?s={search_term_string}\",\"query-input\":\"required name=search_term_string\"}],\"inLanguage\":\"de-DE\"},{\"@type\":\"ImageObject\",\"@id\":\"https:\/\/www.studyhelp.de\/online-lernen\/mechanik\/einaxial-belastete-staebe\/#primaryimage\",\"inLanguage\":\"de-DE\",\"url\":\"https:\/\/www.studyhelp.de\/online-lernen\/wp-content\/uploads\/2016\/05\/bil_zugstab_best.png\",\"width\":417,\"height\":141},{\"@type\":\"WebPage\",\"@id\":\"https:\/\/www.studyhelp.de\/online-lernen\/mechanik\/einaxial-belastete-staebe\/#webpage\",\"url\":\"https:\/\/www.studyhelp.de\/online-lernen\/mechanik\/einaxial-belastete-staebe\/\",\"name\":\"Einaxial belastete St\\u00e4be - Technische Mechanik - Spannungen\",\"isPartOf\":{\"@id\":\"https:\/\/www.studyhelp.de\/online-lernen\/#website\"},\"primaryImageOfPage\":{\"@id\":\"https:\/\/www.studyhelp.de\/online-lernen\/mechanik\/einaxial-belastete-staebe\/#primaryimage\"},\"datePublished\":\"2016-05-19T08:09:01+00:00\",\"dateModified\":\"2020-01-15T10:53:24+00:00\",\"description\":\"L\\u00e4ngen\\u00e4nderungen und Spannungen bei einaxial belasteten St\\u00e4ben k\\u00f6nnen relativ leicht berechnet werden. So kann dies zum Beispiel thermisch beeinflusst sein.\",\"inLanguage\":\"de-DE\",\"potentialAction\":[{\"@type\":\"ReadAction\",\"target\":[\"https:\/\/www.studyhelp.de\/online-lernen\/mechanik\/einaxial-belastete-staebe\/\"]}]}]}<\/script>\n<!-- \/ Yoast SEO plugin. -->","_links":{"self":[{"href":"https:\/\/www.studyhelp.de\/online-lernen\/wp-json\/wp\/v2\/pages\/1763"}],"collection":[{"href":"https:\/\/www.studyhelp.de\/online-lernen\/wp-json\/wp\/v2\/pages"}],"about":[{"href":"https:\/\/www.studyhelp.de\/online-lernen\/wp-json\/wp\/v2\/types\/page"}],"author":[{"embeddable":true,"href":"https:\/\/www.studyhelp.de\/online-lernen\/wp-json\/wp\/v2\/users\/5"}],"replies":[{"embeddable":true,"href":"https:\/\/www.studyhelp.de\/online-lernen\/wp-json\/wp\/v2\/comments?post=1763"}],"version-history":[{"count":14,"href":"https:\/\/www.studyhelp.de\/online-lernen\/wp-json\/wp\/v2\/pages\/1763\/revisions"}],"predecessor-version":[{"id":15373,"href":"https:\/\/www.studyhelp.de\/online-lernen\/wp-json\/wp\/v2\/pages\/1763\/revisions\/15373"}],"up":[{"embeddable":true,"href":"https:\/\/www.studyhelp.de\/online-lernen\/wp-json\/wp\/v2\/pages\/6510"}],"wp:attachment":[{"href":"https:\/\/www.studyhelp.de\/online-lernen\/wp-json\/wp\/v2\/media?parent=1763"}],"wp:term":[{"taxonomy":"category","embeddable":true,"href":"https:\/\/www.studyhelp.de\/online-lernen\/wp-json\/wp\/v2\/categories?post=1763"},{"taxonomy":"post_tag","embeddable":true,"href":"https:\/\/www.studyhelp.de\/online-lernen\/wp-json\/wp\/v2\/tags?post=1763"}],"curies":[{"name":"wp","href":"https:\/\/api.w.org\/{rel}","templated":true}]}}