{"id":18122,"date":"2024-11-13T11:34:24","date_gmt":"2024-11-13T10:34:24","guid":{"rendered":"https:\/\/www.studyhelp.de\/online-lernen\/?page_id=18122"},"modified":"2024-11-13T11:34:24","modified_gmt":"2024-11-13T10:34:24","slug":"was-ist-ueberhaupt-buchfuehrung","status":"publish","type":"page","link":"https:\/\/www.studyhelp.de\/online-lernen\/was-ist-ueberhaupt-buchfuehrung\/","title":{"rendered":"Was ist \u00fcberhaupt Buchf\u00fchrung?"},"content":{"rendered":"<h2>Begriffliche Grundlagen<\/h2>\n<p>Die Buchf\u00fchrung erfasst H\u00f6he und Ver\u00e4nderungen der Verm\u00f6gens- und Kapitalteile des Unternehmens sowie alle Arten von Aufwendungen (Werteverbrauch) und Ertr\u00e4gen (Wertezuwachs) f\u00fcr eine bestimmte Rechnungsperiode (z.B. Gesch\u00e4ftsjahr, Quartal, Monat). Sie ist also eine <b>Zeitrechnung<\/b>.<\/p>\n<p>In diesem Video findest du alles \u00fcber die Buchf\u00fchrungspflicht:<\/p>\n<div class=\"lyte-wrapper\" style=\"width:420px;max-width:100%;margin:5px;\"><div class=\"lyMe\" id=\"WYL_ZriVsONbl8o\"><div id=\"lyte_ZriVsONbl8o\" data-src=\"https:\/\/www.studyhelp.de\/online-lernen\/wp-content\/plugins\/wp-youtube-lyte\/lyteCache.php?origThumbUrl=%2F%2Fi.ytimg.com%2Fvi%2FZriVsONbl8o%2Fhqdefault.jpg\" class=\"pL\"><div class=\"tC\"><div class=\"tT\"><\/div><\/div><div class=\"play\"><\/div><div class=\"ctrl\"><div class=\"Lctrl\"><\/div><div class=\"Rctrl\"><\/div><\/div><\/div><noscript><a href=\"https:\/\/youtu.be\/ZriVsONbl8o\" rel=\"nofollow\"><img src=\"https:\/\/www.studyhelp.de\/online-lernen\/wp-content\/plugins\/wp-youtube-lyte\/lyteCache.php?origThumbUrl=https%3A%2F%2Fi.ytimg.com%2Fvi%2FZriVsONbl8o%2F0.jpg\" alt=\"YouTube-Video-Thumbnail\" width=\"420\" height=\"216\" \/><br \/>Dieses Video auf YouTube ansehen<\/a><\/noscript><\/div><\/div><div class=\"lL\" style=\"max-width:100%;width:420px;margin:5px;\"><\/div><\/p>\n<p><\/p>\n<p>Die Buchf\u00fchrung dient in erster Linie der <b>Dokumentation<\/b> (Aufzeichnung) aller Gesch\u00e4ftsf\u00e4lle, die zu einer <b>Ver\u00e4nderung des Verm\u00f6gens und des Eigen- und Fremdkapitals<\/b> des Unternehmens f\u00fchren. Sie erfasst also prim\u00e4r alle Zahlen, die im Unternehmen aufgrund von Belegen anfallen und zeichnet sie zeitlich sowie sachlich geordnet entsprechend auf. Sie umfasst alle Methoden, welche das gesamte Unternehmensgeschehen mengen- und wertm\u00e4\u00dfig erfassen (Geld- und G\u00fcterstr\u00f6me).<br \/>\nIm gesetzlich vorgeschriebenen Jahresabschluss (Bilanz sowie Gewinn- und Verlustrechnung) hat die Buchf\u00fchrung <b>Rechenschaft<\/b> abzulegen \u00fcber H\u00f6he und Zusammensetzung des Verm\u00f6gens und des Kapitals sowie den Erfolg des Unternehmens im Gesch\u00e4ftsjahr.<\/p>\n<h2>Was sind die Grunds\u00e4tze ordnungsgem\u00e4\u00dfer Buchf\u00fchrung (GoB)?<\/h2>\n<p>Die Buchf\u00fchrung gilt als ordnungsgem\u00e4\u00df, wenn sie so beschaffen ist, dass sie einem sachverst\u00e4ndigen Dritten (Steuerberater, Wirtschaftspr\u00fcfer, Betriebspr\u00fcfer des Finanzamtes) in einer angemessenen Zeit einen <b>\u00dcberblick \u00fcber die Gesch\u00e4ftsf\u00e4lle und Lage des Unternehmens<\/b> vermitteln kann. Da im Handelsgesetzbuch (kurz: HGB) keine konkreten rechtlichen Vorschriften existieren, haben sich durch Wissenschaft und Praxis, die Rechtsprechung sowie Empfehlungen der Wirtschaftsverb\u00e4nde zahlreiche Grunds\u00e4tze vor allem in handels- und steuerrechtlichen Vorschriften gefunden. Die <b>Aufgabe der GoB<\/b> ist es, Unternehmenseigner sowie Gl\u00e4ubiger des Unternehmens vor falschen Informationen und Verlusten zu sch\u00fctzen.<\/p>\n<p>In diesem Video findest du alle Infos zu den GoB zusammengefasst:<\/p>\n<div class=\"lyte-wrapper\" style=\"width:420px;max-width:100%;margin:5px;\"><div class=\"lyMe\" id=\"WYL_5ghEEIfd6eE\"><div id=\"lyte_5ghEEIfd6eE\" data-src=\"https:\/\/www.studyhelp.de\/online-lernen\/wp-content\/plugins\/wp-youtube-lyte\/lyteCache.php?origThumbUrl=%2F%2Fi.ytimg.com%2Fvi%2F5ghEEIfd6eE%2Fhqdefault.jpg\" class=\"pL\"><div class=\"tC\"><div class=\"tT\"><\/div><\/div><div class=\"play\"><\/div><div class=\"ctrl\"><div class=\"Lctrl\"><\/div><div class=\"Rctrl\"><\/div><\/div><\/div><noscript><a href=\"https:\/\/youtu.be\/5ghEEIfd6eE\" rel=\"nofollow\"><img src=\"https:\/\/www.studyhelp.de\/online-lernen\/wp-content\/plugins\/wp-youtube-lyte\/lyteCache.php?origThumbUrl=https%3A%2F%2Fi.ytimg.com%2Fvi%2F5ghEEIfd6eE%2F0.jpg\" alt=\"YouTube-Video-Thumbnail\" width=\"420\" height=\"216\" \/><br \/>Dieses Video auf YouTube ansehen<\/a><\/noscript><\/div><\/div><div class=\"lL\" style=\"max-width:100%;width:420px;margin:5px;\"><\/div><\/p>\n<p><\/p>\n<div class=\"box info\">\n<strong>Wichtige GoB sind:<\/strong><\/p>\n<ul>\n<li>Die Buchung muss klar, wahr und \u00fcbersichtlich sein<\/li>\n<li>Ordnungsgem\u00e4\u00dfe Erfassung aller Gesch\u00e4ftsf\u00e4lle (zeitlich, fortlaufend und vollst\u00e4ndig)<\/li>\n<li>Deutsche Sprache (hier Deutschland)<\/li>\n<li>Ordnungsgem\u00e4\u00dfe Aufbewahrung der Buchf\u00fchrungsunterlagen<\/li>\n<li>Keine Buchung ohne Beleg<\/li>\n<\/ul>\n<\/div>\n","protected":false},"excerpt":{"rendered":"<p>Begriffliche Grundlagen Die Buchf\u00fchrung erfasst H\u00f6he und Ver\u00e4nderungen der Verm\u00f6gens- und Kapitalteile des Unternehmens sowie alle Arten von Aufwendungen (Werteverbrauch) und Ertr\u00e4gen (Wertezuwachs) f\u00fcr eine bestimmte Rechnungsperiode (z.B. Gesch\u00e4ftsjahr, Quartal, Monat). Sie ist also eine Zeitrechnung. In diesem Video findest du alles \u00fcber die Buchf\u00fchrungspflicht: Dieses Video auf YouTube ansehen Die Buchf\u00fchrung dient in erster [&hellip;]<\/p>\n","protected":false},"author":19,"featured_media":0,"parent":0,"menu_order":0,"comment_status":"closed","ping_status":"closed","template":"","meta":[],"categories":[88],"tags":[],"yoast_head":"<!-- This site is optimized with the Yoast SEO plugin v14.7 - https:\/\/yoast.com\/wordpress\/plugins\/seo\/ -->\n<title>Was ist \u00fcberhaupt Buchf\u00fchrung? - StudyHelp Online-Lernen<\/title>\n<meta name=\"robots\" content=\"index, follow\" \/>\n<meta name=\"googlebot\" content=\"index, follow, max-snippet:-1, max-image-preview:large, max-video-preview:-1\" \/>\n<meta name=\"bingbot\" content=\"index, follow, max-snippet:-1, max-image-preview:large, max-video-preview:-1\" \/>\n<link rel=\"canonical\" href=\"https:\/\/www.studyhelp.de\/online-lernen\/was-ist-ueberhaupt-buchfuehrung\/\" \/>\n<meta property=\"og:locale\" content=\"de_DE\" \/>\n<meta property=\"og:type\" content=\"article\" \/>\n<meta property=\"og:title\" content=\"Was ist \u00fcberhaupt Buchf\u00fchrung? - StudyHelp Online-Lernen\" \/>\n<meta property=\"og:description\" content=\"Begriffliche Grundlagen Die Buchf\u00fchrung erfasst H\u00f6he und Ver\u00e4nderungen der Verm\u00f6gens- und Kapitalteile des Unternehmens sowie alle Arten von Aufwendungen (Werteverbrauch) und Ertr\u00e4gen (Wertezuwachs) f\u00fcr eine bestimmte Rechnungsperiode (z.B. Gesch\u00e4ftsjahr, Quartal, Monat). Sie ist also eine Zeitrechnung. In diesem Video findest du alles \u00fcber die Buchf\u00fchrungspflicht: Dieses Video auf YouTube ansehen Die Buchf\u00fchrung dient in erster [&hellip;]\" \/>\n<meta property=\"og:url\" content=\"https:\/\/www.studyhelp.de\/online-lernen\/was-ist-ueberhaupt-buchfuehrung\/\" \/>\n<meta property=\"og:site_name\" content=\"StudyHelp Online-Lernen\" \/>\n<meta name=\"twitter:card\" content=\"summary_large_image\" \/>\n<script type=\"application\/ld+json\" class=\"yoast-schema-graph\">{\"@context\":\"https:\/\/schema.org\",\"@graph\":[{\"@type\":\"WebSite\",\"@id\":\"https:\/\/www.studyhelp.de\/online-lernen\/#website\",\"url\":\"https:\/\/www.studyhelp.de\/online-lernen\/\",\"name\":\"StudyHelp Online-Lernen\",\"description\":\"\",\"potentialAction\":[{\"@type\":\"SearchAction\",\"target\":\"https:\/\/www.studyhelp.de\/online-lernen\/?s={search_term_string}\",\"query-input\":\"required name=search_term_string\"}],\"inLanguage\":\"de-DE\"},{\"@type\":\"WebPage\",\"@id\":\"https:\/\/www.studyhelp.de\/online-lernen\/was-ist-ueberhaupt-buchfuehrung\/#webpage\",\"url\":\"https:\/\/www.studyhelp.de\/online-lernen\/was-ist-ueberhaupt-buchfuehrung\/\",\"name\":\"Was ist \\u00fcberhaupt Buchf\\u00fchrung? - StudyHelp Online-Lernen\",\"isPartOf\":{\"@id\":\"https:\/\/www.studyhelp.de\/online-lernen\/#website\"},\"datePublished\":\"2024-11-13T10:34:24+00:00\",\"dateModified\":\"2024-11-13T10:34:24+00:00\",\"inLanguage\":\"de-DE\",\"potentialAction\":[{\"@type\":\"ReadAction\",\"target\":[\"https:\/\/www.studyhelp.de\/online-lernen\/was-ist-ueberhaupt-buchfuehrung\/\"]}]}]}<\/script>\n<!-- \/ Yoast SEO plugin. -->","_links":{"self":[{"href":"https:\/\/www.studyhelp.de\/online-lernen\/wp-json\/wp\/v2\/pages\/18122"}],"collection":[{"href":"https:\/\/www.studyhelp.de\/online-lernen\/wp-json\/wp\/v2\/pages"}],"about":[{"href":"https:\/\/www.studyhelp.de\/online-lernen\/wp-json\/wp\/v2\/types\/page"}],"author":[{"embeddable":true,"href":"https:\/\/www.studyhelp.de\/online-lernen\/wp-json\/wp\/v2\/users\/19"}],"replies":[{"embeddable":true,"href":"https:\/\/www.studyhelp.de\/online-lernen\/wp-json\/wp\/v2\/comments?post=18122"}],"version-history":[{"count":11,"href":"https:\/\/www.studyhelp.de\/online-lernen\/wp-json\/wp\/v2\/pages\/18122\/revisions"}],"predecessor-version":[{"id":18195,"href":"https:\/\/www.studyhelp.de\/online-lernen\/wp-json\/wp\/v2\/pages\/18122\/revisions\/18195"}],"wp:attachment":[{"href":"https:\/\/www.studyhelp.de\/online-lernen\/wp-json\/wp\/v2\/media?parent=18122"}],"wp:term":[{"taxonomy":"category","embeddable":true,"href":"https:\/\/www.studyhelp.de\/online-lernen\/wp-json\/wp\/v2\/categories?post=18122"},{"taxonomy":"post_tag","embeddable":true,"href":"https:\/\/www.studyhelp.de\/online-lernen\/wp-json\/wp\/v2\/tags?post=18122"}],"curies":[{"name":"wp","href":"https:\/\/api.w.org\/{rel}","templated":true}]}}