{"id":18130,"date":"2024-11-13T12:25:09","date_gmt":"2024-11-13T11:25:09","guid":{"rendered":"https:\/\/www.studyhelp.de\/online-lernen\/?page_id=18130"},"modified":"2024-11-13T12:25:09","modified_gmt":"2024-11-13T11:25:09","slug":"grundbegriffe","status":"publish","type":"page","link":"https:\/\/www.studyhelp.de\/online-lernen\/grundbegriffe\/","title":{"rendered":"Grundbegriffe"},"content":{"rendered":"<p>Damit wir die Ver\u00e4nderungen einzelner Stromgr\u00f6\u00dfen verstehen k\u00f6nnen, beginnen wir mit der Kl\u00e4rung einzelner Begriffe, die f\u00fcr buchhalterische Vorg\u00e4nge relevant sind und welche Auswirkungen diese f\u00fcr das Verm\u00f6gen und deren \u00c4nderungen haben kann.<\/p>\n<p><img decoding=\"async\" loading=\"lazy\" class=\"wp-image-8619 aligncenter\" src=\"http:\/\/www.studyhelp.de\/online-lernen\/wp-content\/uploads\/2024\/10\/Grundbegriffe-Buchhaltung.jpg\" alt=\"\" width=\"621\" height=\"316\" \/> <\/p>\n<p>Diese buchhalterischen Begriffe stellen die Grundlage f\u00fcr unternehmerisches Handeln dar, wenn es darum geht, Verm\u00f6gensver\u00e4nderungen aufzuzeigen, zu kontrollieren und zu bewerten. Im Folgenden haben wir Definitionen und Beispiele dazu festgelegt:<\/p>\n<p>1. <strong>Auszahlungen und Einzahlungen<\/strong>: Jegliche Ver\u00e4nderungen der <em>fl\u00fcssigen Mitte<\/em> ist eine Ein- bzw. Auszahlung.<\/p>\n<ul>\n<li>Zunahme an fl\u00fcssigen Mitteln = Einzahlung<\/li>\n<li>Abnahme an fl\u00fcssigen Mitteln = Auszahlung<\/li>\n<\/ul>\n<div class=\"box info\">\n<ul>\n<li><b>Einzahlungen: <\/b>Bareinlagen (Kasse), Barverkauf von Waren, Bankgutschriften<\/li>\n<li><b>Auszahlungen: <\/b>Barentnahmen (kasse), Barkauf von Waren<\/li>\n<\/ul>\n<\/div>\n<p>2. <strong>Ausgaben und Entnahmen<\/strong>: Jede Ver\u00e4nderung des <em>Nettogeldverm\u00f6gens<\/em> ist eine Ausgabe bzw. Einnahme.<br \/>\n<div class=\"box info\">\n<ul>\n<li><b>Ausgaben:<\/b> Auszahlungen und Verbindlichkeiten<sup>1<\/sup> (Schuldenzunahme)<\/li>\n<li><b>Einnahmen:<\/b> Einzahlungen und Forderungen<sup>2<\/sup> (Zunahme der Forderungen)<\/li>\n<\/ul>\n<p><sup>1<\/sup> Verpflichtungen des Unternehmens auf Zahlungen.<br \/>\n<sup>2<\/sup> Anspr\u00fcche des Unternehmens auf Zahlungen.<br \/>\n<\/div>\n<p>3. <strong>Aufwand und Ertrag<\/strong>: Jede Ver\u00e4nderung des <em>Reinverm\u00f6gens<\/em> erfolgt durch Aufwendungen bzw. Ertr\u00e4ge.<br \/>\n<div class=\"box info\">\n<ul>\n<li><b>Aufwand:<\/b> Verminderung des Reinverm\u00f6gens\n<li><b>Ertrag:<\/b> Erh\u00f6hung des Reinverm\u00f6gens\n<\/ul>\n<\/div><\/p>\n<p>Im Folgenden wollen wir uns nun Vorg\u00e4nge ansehen, die danach zu bewerten sind, ob sich der Zahlungsmittelbestand (fl\u00fcssige Mittel) bzw. das Reinverm\u00f6gen (Eigenkapital) \u00e4ndert.<\/p>\n<h2>Einzahlungen und Einnahmen<\/h2>\n<p><strong>Beispiel 1:<\/strong> <em>Eine Einzahlung, die keine Entnahme ist.<\/em><br \/>\n<em>Aufnahme eines Barkredits in H\u00f6he von 20.000 \u20ac.<\/em><\/p>\n<div class=\"Table\">\n<div class=\"Table-row\">\n<div class=\"Table-row-item\">Fl\u00fcssige Mittel steigen und Verbindlichkeiten steigen<\/div>\n<div class=\"Table-row-item\">Ver\u00e4nderung des Nettoverm\u00f6gens = 0<\/div>\n<\/p><\/div>\n<\/div>\n<p><\/p>\n<p><strong>Beispiel 2:<\/strong> <em>Eine Einzahlung, die eine Entnahme ist.<\/em><br \/>\n<em>Barverkauf von Waren in H\u00f6he von 15.000 \u20ac.<\/em><\/p>\n<div class=\"Table\">\n<div class=\"Table-row\">\n<div class=\"Table-row-item\">Fl\u00fcssige Mittel steigen und Nettogeldverm\u00f6gen steigt<\/div>\n<div class=\"Table-row-item\">fl\u00fcssige Mittel + Forderungen steigen &#8211; Verbindlichkeiten<\/div>\n<\/p><\/div>\n<\/div>\n<p><\/p>\n<p><strong>Beispiel 3:<\/strong> <em>Eine Einnahme, die keine Einzahlung ist.<\/em><br \/>\n<em>Warenverkauf auf Ziel in H\u00f6he von 15.000 \u20ac.<\/em><\/p>\n<div class=\"Table\">\n<div class=\"Table-row\">\n<div class=\"Table-row-item\">Nettogeldverm\u00f6gen steigt \/ Ver\u00e4nderungen der fl\u00fcssigen Mittel = 0<\/div>\n<div class=\"Table-row-item\">fl\u00fcssige Mittel + Forderungen steigen &#8211; Verbindlichkeiten<\/div>\n<\/p><\/div>\n<\/div>\n<hr>\n<h2>Auszahlungen und Ausgaben<\/h2>\n<p><strong>Beispiel 1:<\/strong> <em>Eine Auszahlung, die keine Ausgabe ist.<\/em><br \/>\n<em>R\u00fcckzahlung eines aufgenommenen Barkredits in H\u00f6he von 80.000 \u20ac.<\/em><\/p>\n<div class=\"Table\">\n<div class=\"Table-row\">\n<div class=\"Table-row-item\">Fl\u00fcssige Mittel sinken \/ Ver\u00e4nderung der fl\u00fcssigen Mittel = 0<\/div>\n<div class=\"Table-row-item\">fl\u00fcssige Mittel sinken + Forderungen &#8211; Verbindlichkeiten sinken<\/div>\n<\/p><\/div>\n<\/div>\n<p><\/p>\n<p><strong>Beispiel 2:<\/strong> <em>Eine Auszahlung, die eine Ausgabe ist.<\/em><br \/>\n<em>Barkauf von Waren in H\u00f6he von 15.000 \u20ac.<\/em><\/p>\n<div class=\"Table\">\n<div class=\"Table-row\">\n<div class=\"Table-row-item\">Fl\u00fcssige Mittel sinken und Nettogeldverm\u00f6gen sinkt<\/div>\n<div class=\"Table-row-item\">fl\u00fcssige Mittel sinken + Forderungen &#8211; Verbindlichkeiten<\/div>\n<\/p><\/div>\n<\/div>\n<p><\/p>\n<p><strong>Beispiel 3:<\/strong> <em>Eine Ausgabe, die keine Auszahlung ist.<\/em><br \/>\n<em>Warenkauf auf Ziel in H\u00f6he von 15.000 \u20ac.<\/em><\/p>\n<div class=\"Table\">\n<div class=\"Table-row\">\n<div class=\"Table-row-item\">Ver\u00e4nderungen der fl\u00fcssigen Mittel = 0 \/ Nettogeldverm\u00f6gen sinkt<\/div>\n<div class=\"Table-row-item\">fl\u00fcssige Mittel + Forderungen steigen &#8211; Verbindlichkeiten steigen<\/div>\n<\/p><\/div>\n<\/div>\n<hr>\n<h2>Einnahmen und Ertr\u00e4ge<\/h2>\n<p><strong>Beispiel 1:<\/strong> <em>Eine Einnahme, die kein Ertrag ist.<\/em><br \/>\n<em>Eine Maschine mit einem Wert von 5.000 \u20ac wird mit einem Wert von 5.000 \u20ac verkauft.<\/em><\/p>\n<div class=\"Table\">\n<div class=\"Table-row\">\n<div class=\"Table-row-item\">Nettogeldverm\u00f6gen steigt \/ Ver\u00e4nderung des Reinverm\u00f6gens = 0 (Aktivtausch)<\/div>\n<div class=\"Table-row-item\">fl\u00fcssige Mittel steigen + Forderungen &#8211; Verbindlichkeiten<\/div>\n<\/p><\/div>\n<\/div>\n<p><\/p>\n<p><strong>Beispiel 2:<\/strong> <em>Eine Einnahme, die ein Ertrag ist.<\/em><br \/>\n<em>Zinsanspruch in H\u00f6he von 2.000 \u20ac (z.B. Bankzinsgutschrift).<\/em><\/p>\n<div class=\"Table\">\n<div class=\"Table-row\">\n<div class=\"Table-row-item\">Nettogeldverm\u00f6gen steigt \/ Zinsertrag = Reinverm\u00f6gen steigt<\/div>\n<div class=\"Table-row-item\">fl\u00fcssige Mittel steigen + Forderungen &#8211; Verbindlichkeiten<\/div>\n<\/p><\/div>\n<\/div>\n<p><\/p>\n<p><strong>Beispiel 3:<\/strong> <em>Ein Ertrag, der keine Einnahme ist.<\/em><br \/>\n<em>Schenkung einer Maschine im Wert von 8.000 \u20ac.<\/em><\/p>\n<div class=\"Table\">\n<div class=\"Table-row\">\n<div class=\"Table-row-item\">Ver\u00e4nderung des Nettogeldverm\u00f6gens = 0<\/div>\n<\/p><\/div>\n<\/div>\n<p><em>Durch die Schenkung erh\u00f6ht sich das Sachverm\u00f6gen und gleichzeitig des EK (Reinverm\u00f6gen).<\/em><\/p>\n<hr>\n<h2>Ausgaben und Aufwendungen<\/h2>\n<p><strong>Beispiel 1:<\/strong> <em>Eine Ausgabe, die kein Aufwand ist.<\/em><br \/>\n<em>Kauf einer Maschine in H\u00f6he von 70.000 \u20ac (durch Bankzahlung).<\/em><\/p>\n<div class=\"Table\">\n<div class=\"Table-row\">\n<div class=\"Table-row-item\">Nettogeldverm\u00f6gen sinkt \/ Ver\u00e4nderung des Reinverm\u00f6gens = 0 (Aktivtausch)<\/div>\n<div class=\"Table-row-item\">Nettogeldverm\u00f6gen sinkt \/ Sachverm\u00f6gen steigt (Aktivtausch)<\/div>\n<\/p><\/div>\n<\/div>\n<p><\/p>\n<p><strong>Beispiel 2:<\/strong> <em>Eine Ausgabe, die ein Aufwand ist.<\/em><br \/>\n<em>Zahlung einer Miete in H\u00f6he von 2.000 \u20ac.<\/em><\/p>\n<div class=\"Table\">\n<div class=\"Table-row\">\n<div class=\"Table-row-item\">Nettogeldverm\u00f6gen sinkt \/ Reinverm\u00f6gen sinkt<\/div>\n<div class=\"Table-row-item\">fl\u00fcssige Mittel sinken + Forderungen &#8211; Verbindlichkeiten \/ Mietaufwand<\/div>\n<\/p><\/div>\n<\/div>\n<p><\/p>\n<p><strong>Beispiel 3:<\/strong> <em>Ein Aufwand, der keine Ausgabe ist.<\/em><br \/>\n<em>Spende einer Maschine in H\u00f6he von 8.000 \u20ac.<\/em><\/p>\n<div class=\"Table\">\n<div class=\"Table-row\">\n<div class=\"Table-row-item\">Sachverm\u00f6gen sinkt \/ Ver\u00e4nderung des Nettogeldverm\u00f6gens = 0 \/ Reinverm\u00f6gen sinkt<\/div>\n<div class=\"Table-row-item\">betriebsfremder Aufwand<\/div>\n<\/p><\/div>\n<\/div>\n<div class=\"box exercise\">\n<h2>\u00dcbungsaufgaben<\/h2>\n<p>Kreuze an, ob nachfolgende Aussagen richtig (r) oder falsch (f) sind!<\/p>\n<div class=\"Table\">\n<div class=\"Table-row Table-header\">\n<div class=\"Table-row-item\"><\/div>\n<div class=\"Table-row-item\">Aussage<\/div>\n<div class=\"Table-row-item\">r<\/div>\n<div class=\"Table-row-item\">f<\/div>\n<\/p><\/div>\n<div class=\"Table-row\">\n<div class=\"Table-row-item\">a)<\/div>\n<div class=\"Table-row-item\">Erh\u00f6ht sich das Geldverm\u00f6gen w\u00e4hrend die fl\u00fcssigen Mittel sich nicht ver\u00e4ndern, haben sich nur die Forderungen bzw. Verbindlichkeiten ver\u00e4ndert.<\/div>\n<div class=\"Table-row-item\"><input type=\"checkbox\"><\/div>\n<div class=\"Table-row-item\"><input type=\"checkbox\"><\/div>\n<\/p><\/div>\n<div class=\"Table-row\">\n<div class=\"Table-row-item\">b)<\/div>\n<div class=\"Table-row-item\">In der Betriebswirtschaftslehre wird zwischen folgenden Begriffspaaren unterschieden: Auszahlungen\/Einzahlungen, Ausgaben\/Ertrag, Aufwand\/Einnahme. Aufwand und Einnahmen stellen innerhalb des Rechnungswesens die wichtigsten Elemente dar.<\/div>\n<div class=\"Table-row-item\"><input type=\"checkbox\"><\/div>\n<div class=\"Table-row-item\"><input type=\"checkbox\"><\/div>\n<\/p><\/div>\n<div class=\"Table-row\">\n<div class=\"Table-row-item\">c)<\/div>\n<div class=\"Table-row-item\">Erh\u00f6hen sich die fl\u00fcssigen Mittel und gleichzeitig auch das Geldverm\u00f6gen, stellt die Erh\u00f6hung des Geldverm\u00f6gens eine Einnahme dar.<\/div>\n<div class=\"Table-row-item\"><input type=\"checkbox\"><\/div>\n<div class=\"Table-row-item\"><input type=\"checkbox\"><\/div>\n<\/p><\/div>\n<div class=\"Table-row\">\n<div class=\"Table-row-item\">d)<\/div>\n<div class=\"Table-row-item\">Ein Unternehmen spendet eine Maschine im Wert von 8.000 \u20ac. Es handelt sich hierbei um eine Ausgabe, aber keine Aufwendungen, da sich das Reinverm\u00f6gen verringert, ohne dass sich gleichzeitig das Geldverm\u00f6gen verringert.<\/div>\n<div class=\"Table-row-item\"><input type=\"checkbox\"><\/div>\n<div class=\"Table-row-item\"><input type=\"checkbox\"><\/div>\n<\/p><\/div>\n<div class=\"Table-row\">\n<div class=\"Table-row-item\">e)<\/div>\n<div class=\"Table-row-item\">Ein Unternehmen kauft eine Maschine f\u00fcr 100.000 \u20ac. Es handelt sich hierbei um eine Ausgabe, da sich das Geldverm\u00f6gen verringert. Es handelt sich nicht um Aufwendungen, da die Verringerung des Geldverm\u00f6gens durch eine entsprechende Erh\u00f6hung des Sachverm\u00f6gens kompensiert wird.<\/div>\n<div class=\"Table-row-item\"><input type=\"checkbox\"><\/div>\n<div class=\"Table-row-item\"><input type=\"checkbox\"><\/div>\n<\/p><\/div>\n<\/div>\n<\/div>\n<div class=\"box exercise\">\n<h2>L\u00f6sungen<\/h2>\n<p>Die richtigen bzw. falschen Aussagen lauten:<\/p>\n<ol>\n<li>\n    Richtig!\n  <\/li>\n<li>Falsch! Die Begriffspaare lauten: Auszahlungen\/Einzahlungen, Ausgaben\/Einnahmen, Aufwand\/Ertrag<\/li>\n<li>Richtig!<\/li>\n<li>\n    Falsch! Es handelt sich hierbei um keine Ausgabe, aber Aufwendungen, da sich das Reinverm\u00f6gen verringert, ohne dass sich gleichzeitig das Geldverm\u00f6gen verringert.\n  <\/li>\n<li>\n    Richtig!\n  <\/li>\n<\/ol>\n<\/div>\n","protected":false},"excerpt":{"rendered":"<p>Damit wir die Ver\u00e4nderungen einzelner Stromgr\u00f6\u00dfen verstehen k\u00f6nnen, beginnen wir mit der Kl\u00e4rung einzelner Begriffe, die f\u00fcr buchhalterische Vorg\u00e4nge relevant sind und welche Auswirkungen diese f\u00fcr das Verm\u00f6gen und deren \u00c4nderungen haben kann. Diese buchhalterischen Begriffe stellen die Grundlage f\u00fcr unternehmerisches Handeln dar, wenn es darum geht, Verm\u00f6gensver\u00e4nderungen aufzuzeigen, zu kontrollieren und zu bewerten. Im [&hellip;]<\/p>\n","protected":false},"author":19,"featured_media":0,"parent":0,"menu_order":0,"comment_status":"closed","ping_status":"closed","template":"","meta":[],"categories":[88],"tags":[],"yoast_head":"<!-- This site is optimized with the Yoast SEO plugin v14.7 - https:\/\/yoast.com\/wordpress\/plugins\/seo\/ -->\n<title>Grundbegriffe - StudyHelp Online-Lernen<\/title>\n<meta name=\"robots\" content=\"index, follow\" \/>\n<meta name=\"googlebot\" content=\"index, follow, max-snippet:-1, max-image-preview:large, max-video-preview:-1\" \/>\n<meta name=\"bingbot\" content=\"index, follow, max-snippet:-1, max-image-preview:large, max-video-preview:-1\" \/>\n<link rel=\"canonical\" href=\"https:\/\/www.studyhelp.de\/online-lernen\/grundbegriffe\/\" \/>\n<meta property=\"og:locale\" content=\"de_DE\" \/>\n<meta property=\"og:type\" content=\"article\" \/>\n<meta property=\"og:title\" content=\"Grundbegriffe - StudyHelp Online-Lernen\" \/>\n<meta property=\"og:description\" content=\"Damit wir die Ver\u00e4nderungen einzelner Stromgr\u00f6\u00dfen verstehen k\u00f6nnen, beginnen wir mit der Kl\u00e4rung einzelner Begriffe, die f\u00fcr buchhalterische Vorg\u00e4nge relevant sind und welche Auswirkungen diese f\u00fcr das Verm\u00f6gen und deren \u00c4nderungen haben kann. Diese buchhalterischen Begriffe stellen die Grundlage f\u00fcr unternehmerisches Handeln dar, wenn es darum geht, Verm\u00f6gensver\u00e4nderungen aufzuzeigen, zu kontrollieren und zu bewerten. Im [&hellip;]\" \/>\n<meta property=\"og:url\" content=\"https:\/\/www.studyhelp.de\/online-lernen\/grundbegriffe\/\" \/>\n<meta property=\"og:site_name\" content=\"StudyHelp Online-Lernen\" \/>\n<meta property=\"og:image\" content=\"http:\/\/www.studyhelp.de\/online-lernen\/wp-content\/uploads\/2024\/10\/Grundbegriffe-Buchhaltung.jpg\" \/>\n<meta name=\"twitter:card\" content=\"summary_large_image\" \/>\n<script type=\"application\/ld+json\" class=\"yoast-schema-graph\">{\"@context\":\"https:\/\/schema.org\",\"@graph\":[{\"@type\":\"WebSite\",\"@id\":\"https:\/\/www.studyhelp.de\/online-lernen\/#website\",\"url\":\"https:\/\/www.studyhelp.de\/online-lernen\/\",\"name\":\"StudyHelp Online-Lernen\",\"description\":\"\",\"potentialAction\":[{\"@type\":\"SearchAction\",\"target\":\"https:\/\/www.studyhelp.de\/online-lernen\/?s={search_term_string}\",\"query-input\":\"required name=search_term_string\"}],\"inLanguage\":\"de-DE\"},{\"@type\":\"ImageObject\",\"@id\":\"https:\/\/www.studyhelp.de\/online-lernen\/grundbegriffe\/#primaryimage\",\"inLanguage\":\"de-DE\",\"url\":\"http:\/\/www.studyhelp.de\/online-lernen\/wp-content\/uploads\/2024\/10\/Grundbegriffe-Buchhaltung.jpg\"},{\"@type\":\"WebPage\",\"@id\":\"https:\/\/www.studyhelp.de\/online-lernen\/grundbegriffe\/#webpage\",\"url\":\"https:\/\/www.studyhelp.de\/online-lernen\/grundbegriffe\/\",\"name\":\"Grundbegriffe - StudyHelp Online-Lernen\",\"isPartOf\":{\"@id\":\"https:\/\/www.studyhelp.de\/online-lernen\/#website\"},\"primaryImageOfPage\":{\"@id\":\"https:\/\/www.studyhelp.de\/online-lernen\/grundbegriffe\/#primaryimage\"},\"datePublished\":\"2024-11-13T11:25:09+00:00\",\"dateModified\":\"2024-11-13T11:25:09+00:00\",\"inLanguage\":\"de-DE\",\"potentialAction\":[{\"@type\":\"ReadAction\",\"target\":[\"https:\/\/www.studyhelp.de\/online-lernen\/grundbegriffe\/\"]}]}]}<\/script>\n<!-- \/ Yoast SEO plugin. -->","_links":{"self":[{"href":"https:\/\/www.studyhelp.de\/online-lernen\/wp-json\/wp\/v2\/pages\/18130"}],"collection":[{"href":"https:\/\/www.studyhelp.de\/online-lernen\/wp-json\/wp\/v2\/pages"}],"about":[{"href":"https:\/\/www.studyhelp.de\/online-lernen\/wp-json\/wp\/v2\/types\/page"}],"author":[{"embeddable":true,"href":"https:\/\/www.studyhelp.de\/online-lernen\/wp-json\/wp\/v2\/users\/19"}],"replies":[{"embeddable":true,"href":"https:\/\/www.studyhelp.de\/online-lernen\/wp-json\/wp\/v2\/comments?post=18130"}],"version-history":[{"count":19,"href":"https:\/\/www.studyhelp.de\/online-lernen\/wp-json\/wp\/v2\/pages\/18130\/revisions"}],"predecessor-version":[{"id":18160,"href":"https:\/\/www.studyhelp.de\/online-lernen\/wp-json\/wp\/v2\/pages\/18130\/revisions\/18160"}],"wp:attachment":[{"href":"https:\/\/www.studyhelp.de\/online-lernen\/wp-json\/wp\/v2\/media?parent=18130"}],"wp:term":[{"taxonomy":"category","embeddable":true,"href":"https:\/\/www.studyhelp.de\/online-lernen\/wp-json\/wp\/v2\/categories?post=18130"},{"taxonomy":"post_tag","embeddable":true,"href":"https:\/\/www.studyhelp.de\/online-lernen\/wp-json\/wp\/v2\/tags?post=18130"}],"curies":[{"name":"wp","href":"https:\/\/api.w.org\/{rel}","templated":true}]}}