{"id":18148,"date":"2024-11-13T12:24:05","date_gmt":"2024-11-13T11:24:05","guid":{"rendered":"https:\/\/www.studyhelp.de\/online-lernen\/?page_id=18148"},"modified":"2024-11-13T12:24:05","modified_gmt":"2024-11-13T11:24:05","slug":"einfuehrung-der-umsatzsteuer","status":"publish","type":"page","link":"https:\/\/www.studyhelp.de\/online-lernen\/einfuehrung-der-umsatzsteuer\/","title":{"rendered":"Einf\u00fchrung der Umsatzsteuer"},"content":{"rendered":"<p>Viele zum Verkauf angebotene Waren legen h\u00e4ufig einen langen Weg zur\u00fcck: vom Betrieb der Urerzeugung \u00fcber Betriebe der Weiterverarbeitung, des Gro\u00df- und Einzelhandels bis zum Endverbraucher. Menschen und Kapital schaffen auf <b>jeder Stufe<\/b> dieses Warenwegs \u201emehr Wert\u201c. Diesen <b>Mehrwert<\/b>, der sich jeweils aus der <b>Differenz zwischen Verkaufs- und Einkaufspreis<\/b> der Ware ergibt, besteuert der Staat mit einer <b>Mehrwertsteuer<\/b>, deren Grundlage das Umsatzsteuergesetz ist. Die Mehrwertsteuer hei\u00dft deshalb auch offiziell <b>Umsatzsteuer<\/b>. Der allgemeine Umsatzsteuersatz betr\u00e4gt zurzeit 19%, der erm\u00e4\u00dfigte z.B. f\u00fcr Lebensmittel oder B\u00fccher 7%.<sup>1<\/sup><\/p>\n<hr style=\"width: 50%; height: 1px; border: none; background-color: black;\">\n<p><sup>1<\/sup> Vom 01.07.2020 bis zum 31.12.2020 wurden die Mehrwertsteuers\u00e4tze vor\u00fcbergehend auf 16% bzw. 5% gesenkt, um durch die Corona-Pandemie ausgebremste Wirtschaft zu st\u00e4rken.<\/p>\n<div class=\"box info\">\n<strong>Definition Umsatzsteuer<\/strong><br \/>\n<br \/>\nDie Umsatzsteuer stellt laut Ausgangsrechnung somit eine <u>Verbindlichkeit gegen\u00fcber dem Finanzamt<\/u> dar. Jeder Unternehmer w\u00e4lzt die abzuf\u00fchrende Umsatzsteuer auf den jeweiligen Kunden ab. Daher schreibt der Gesetzgeber vor, dass die Umsatzsteuer offen in der Ausgangsrechnung ausgewiesen werden muss und ist daher ein durchlaufender Posten.<br \/>\n<\/div>\n<p><strong>Beispiel 1:<\/strong> <em>Die DriLa GmbH schuldet dem Finanzamt buchhalterisch aufgrund der ausgef\u00fchrten Lieferung an den Kunden Schleierfabriken AG in Herford laut Ausgangsrechnung Nr. 1458<br \/>\n2.547,50 \u20ac Umsatzsteuer.<\/em><\/p>\n<div class=\"box info\">\n<strong>Definition Vorsteuer<\/strong><br \/>\n<br \/>\nDie Eingangsrechnungen weisen neben dem vereinbarten Entgelt f\u00fcr die Waren oder Dienstleistungen die Umsatzsteuer aus. Aus Sicht der beschaffenden Unternehmung wird die Umsatzsteuer auf Eingangsbelegen als Vorsteuer bezeichnet.<br \/>\n<br \/>\nDie Vorsteuer ist eine <u>Forderung gegen\u00fcber dem Finanzamt<\/u>, weil sie eine Vorleistung auf die zu zahlende Umsatzsteuer darstellt. Sie kann bei der Umsatzsteueranmeldung mit der geschuldeten Umsatzsteuer verrechnet werden.<br \/>\n<\/div>\n<p><strong>Beispiel 2:<\/strong> <em>Die DriLa GmbH kauft Rohstoffe bei einem langj\u00e4hrigen Lieferanten f\u00fcr die Monatsproduktion der eigenen Hauptprodukte, l\u00e4sst sich diese auf Lager liefern und erh\u00e4lt einen Abzug in H\u00f6he von 3% Skonto.<\/em><br \/>\n<br \/>\n<strong>Abschluss der Konten<\/strong><br \/>\n<br \/>\nBei dem Abschluss der Steuerkonten k\u00f6nnen nun folgende Situationen entstehen. Entweder bildet sich wie gew\u00f6hnlich eine <b>Umsatzsteuerzahllast<\/b>, indem wir die Vorsteuer von der berechneten<br \/>\nUmsatzsteuer abziehen da wir mehr verkauft als eingekauft haben, oder es entsteht ein <b>Vorsteuer\u00fcberhang<\/b> wenn wir weniger verkauft als eingekauft haben:<\/p>\n<p><img decoding=\"async\" loading=\"lazy\" class=\"wp-image-8619 aligncenter\" src=\"http:\/\/www.studyhelp.de\/online-lernen\/wp-content\/uploads\/2024\/10\/Abschluss-der-Konten.jpg\" alt=\"\" width=\"621\" height=\"316\" \/> <\/p>\n<p><strong>Beispiel 3:<\/strong> <em>Aufgrund der Eingangsrechnung (ER) Nr. 122 der Scheuer AG hat die DriLa GmbH eine Forderung in H\u00f6he 760,00 \u20ac von gegen\u00fcber dem Finanzamt, die sie mit der Umsatzsteuerschuld aufgrund des Warenverkaufs lt. Ausgangsrechnung Nr. 1540 verrechnen kann.<\/em><br \/>\n<br \/>\nDie Erstattung der Vorsteuer ist an zwei Voraussetzungen gebunden. Die Unternehmung muss&#8230;<\/p>\n<ul>\n<li>eine Lieferung oder sonstige Leistung empfangen wird und<\/li>\n<li>eine Rechnung mit gesondertem Ausweis der Umsatzstuer erhalten haben.<\/li>\n<\/ul>\n<div class=\"box info\">\n<strong>Merke:<\/strong><br \/>\n<br \/>\nDer wertm\u00e4\u00dfige Unterschied zwischen dem Umsatz mit den Kunden und der Summe der Vorums\u00e4tze mit den Lieferanten stellt den Mehrwert (Wertsch\u00f6pfung) dar, den das Unternehmen zum Wert der verkauften Waren oder Dienstleistungen selbst beigetragen hat.<br \/>\n<br \/>\nDie Unternehmungen der einzelnen Wirtschaftsstufen erzeugen einen Mehrwert, der mit 19% bzw. 7% besteuert wird. Dies wird dadurch erreicht, dass die einzelnen Unternehmen von der geschuldeten Umsatzsteuer die zu fordernde Vorsteuer abziehen.<br \/>\n<\/div>\n","protected":false},"excerpt":{"rendered":"<p>Viele zum Verkauf angebotene Waren legen h\u00e4ufig einen langen Weg zur\u00fcck: vom Betrieb der Urerzeugung \u00fcber Betriebe der Weiterverarbeitung, des Gro\u00df- und Einzelhandels bis zum Endverbraucher. Menschen und Kapital schaffen auf jeder Stufe dieses Warenwegs \u201emehr Wert\u201c. Diesen Mehrwert, der sich jeweils aus der Differenz zwischen Verkaufs- und Einkaufspreis der Ware ergibt, besteuert der Staat [&hellip;]<\/p>\n","protected":false},"author":19,"featured_media":0,"parent":0,"menu_order":0,"comment_status":"closed","ping_status":"closed","template":"","meta":[],"categories":[88],"tags":[],"yoast_head":"<!-- This site is optimized with the Yoast SEO plugin v14.7 - https:\/\/yoast.com\/wordpress\/plugins\/seo\/ -->\n<title>Einf\u00fchrung der Umsatzsteuer - StudyHelp Online-Lernen<\/title>\n<meta name=\"robots\" content=\"index, follow\" \/>\n<meta name=\"googlebot\" content=\"index, follow, max-snippet:-1, max-image-preview:large, max-video-preview:-1\" \/>\n<meta name=\"bingbot\" content=\"index, follow, max-snippet:-1, max-image-preview:large, max-video-preview:-1\" \/>\n<link rel=\"canonical\" href=\"https:\/\/www.studyhelp.de\/online-lernen\/einfuehrung-der-umsatzsteuer\/\" \/>\n<meta property=\"og:locale\" content=\"de_DE\" \/>\n<meta property=\"og:type\" content=\"article\" \/>\n<meta property=\"og:title\" content=\"Einf\u00fchrung der Umsatzsteuer - StudyHelp Online-Lernen\" \/>\n<meta property=\"og:description\" content=\"Viele zum Verkauf angebotene Waren legen h\u00e4ufig einen langen Weg zur\u00fcck: vom Betrieb der Urerzeugung \u00fcber Betriebe der Weiterverarbeitung, des Gro\u00df- und Einzelhandels bis zum Endverbraucher. Menschen und Kapital schaffen auf jeder Stufe dieses Warenwegs \u201emehr Wert\u201c. Diesen Mehrwert, der sich jeweils aus der Differenz zwischen Verkaufs- und Einkaufspreis der Ware ergibt, besteuert der Staat [&hellip;]\" \/>\n<meta property=\"og:url\" content=\"https:\/\/www.studyhelp.de\/online-lernen\/einfuehrung-der-umsatzsteuer\/\" \/>\n<meta property=\"og:site_name\" content=\"StudyHelp Online-Lernen\" \/>\n<meta property=\"og:image\" content=\"http:\/\/www.studyhelp.de\/online-lernen\/wp-content\/uploads\/2024\/10\/Abschluss-der-Konten.jpg\" \/>\n<meta name=\"twitter:card\" content=\"summary_large_image\" \/>\n<script type=\"application\/ld+json\" class=\"yoast-schema-graph\">{\"@context\":\"https:\/\/schema.org\",\"@graph\":[{\"@type\":\"WebSite\",\"@id\":\"https:\/\/www.studyhelp.de\/online-lernen\/#website\",\"url\":\"https:\/\/www.studyhelp.de\/online-lernen\/\",\"name\":\"StudyHelp Online-Lernen\",\"description\":\"\",\"potentialAction\":[{\"@type\":\"SearchAction\",\"target\":\"https:\/\/www.studyhelp.de\/online-lernen\/?s={search_term_string}\",\"query-input\":\"required name=search_term_string\"}],\"inLanguage\":\"de-DE\"},{\"@type\":\"ImageObject\",\"@id\":\"https:\/\/www.studyhelp.de\/online-lernen\/einfuehrung-der-umsatzsteuer\/#primaryimage\",\"inLanguage\":\"de-DE\",\"url\":\"http:\/\/www.studyhelp.de\/online-lernen\/wp-content\/uploads\/2024\/10\/Abschluss-der-Konten.jpg\"},{\"@type\":\"WebPage\",\"@id\":\"https:\/\/www.studyhelp.de\/online-lernen\/einfuehrung-der-umsatzsteuer\/#webpage\",\"url\":\"https:\/\/www.studyhelp.de\/online-lernen\/einfuehrung-der-umsatzsteuer\/\",\"name\":\"Einf\\u00fchrung der Umsatzsteuer - StudyHelp Online-Lernen\",\"isPartOf\":{\"@id\":\"https:\/\/www.studyhelp.de\/online-lernen\/#website\"},\"primaryImageOfPage\":{\"@id\":\"https:\/\/www.studyhelp.de\/online-lernen\/einfuehrung-der-umsatzsteuer\/#primaryimage\"},\"datePublished\":\"2024-11-13T11:24:05+00:00\",\"dateModified\":\"2024-11-13T11:24:05+00:00\",\"inLanguage\":\"de-DE\",\"potentialAction\":[{\"@type\":\"ReadAction\",\"target\":[\"https:\/\/www.studyhelp.de\/online-lernen\/einfuehrung-der-umsatzsteuer\/\"]}]}]}<\/script>\n<!-- \/ Yoast SEO plugin. -->","_links":{"self":[{"href":"https:\/\/www.studyhelp.de\/online-lernen\/wp-json\/wp\/v2\/pages\/18148"}],"collection":[{"href":"https:\/\/www.studyhelp.de\/online-lernen\/wp-json\/wp\/v2\/pages"}],"about":[{"href":"https:\/\/www.studyhelp.de\/online-lernen\/wp-json\/wp\/v2\/types\/page"}],"author":[{"embeddable":true,"href":"https:\/\/www.studyhelp.de\/online-lernen\/wp-json\/wp\/v2\/users\/19"}],"replies":[{"embeddable":true,"href":"https:\/\/www.studyhelp.de\/online-lernen\/wp-json\/wp\/v2\/comments?post=18148"}],"version-history":[{"count":7,"href":"https:\/\/www.studyhelp.de\/online-lernen\/wp-json\/wp\/v2\/pages\/18148\/revisions"}],"predecessor-version":[{"id":18197,"href":"https:\/\/www.studyhelp.de\/online-lernen\/wp-json\/wp\/v2\/pages\/18148\/revisions\/18197"}],"wp:attachment":[{"href":"https:\/\/www.studyhelp.de\/online-lernen\/wp-json\/wp\/v2\/media?parent=18148"}],"wp:term":[{"taxonomy":"category","embeddable":true,"href":"https:\/\/www.studyhelp.de\/online-lernen\/wp-json\/wp\/v2\/categories?post=18148"},{"taxonomy":"post_tag","embeddable":true,"href":"https:\/\/www.studyhelp.de\/online-lernen\/wp-json\/wp\/v2\/tags?post=18148"}],"curies":[{"name":"wp","href":"https:\/\/api.w.org\/{rel}","templated":true}]}}