{"id":18161,"date":"2024-11-13T12:21:40","date_gmt":"2024-11-13T11:21:40","guid":{"rendered":"https:\/\/www.studyhelp.de\/online-lernen\/?page_id=18161"},"modified":"2024-11-13T12:21:40","modified_gmt":"2024-11-13T11:21:40","slug":"buchungen-auf-umsatz-bzw-vorsteuer","status":"publish","type":"page","link":"https:\/\/www.studyhelp.de\/online-lernen\/buchungen-auf-umsatz-bzw-vorsteuer\/","title":{"rendered":"Buchungen auf Umsatz- bzw. Vorsteuer"},"content":{"rendered":"<p>Die Umsatzsteuer laut Ausgangsrechnung stellt eine Verbindlchkeit gegen\u00fcber dem Finanzamt dar. Sie wird deshalb auf dem passiven Bestandskonto \u201eUmsatzsteuer\u201c gebucht.<\/p>\n<p><strong>Beispiel 1:<\/strong> <em>Warenverkauf auf Ziel-Buchung:<\/em><\/p>\n<div class=\"Table\">\n<div class=\"Table-row\">\n<div class=\"Table-row-item\">Forderung a. LL. 14.280,00 \/ an Umsatzerl\u00f6se f\u00fcr Waren 12.000,00 \/ Umsatzsteuer 2.280,00<\/div>\n<\/p><\/div>\n<\/p><\/div>\n<p>Die bei Beschaffungsvorg\u00e4ngen zu zahlende Vorsteuer laut Eingangsrechnung ist eine Forderung gegen\u00fcber dem Finanzamt. Sie wird daher auf dem aktiven Bestandskonto \u201eVorsteuer\u201c gebucht.<\/p>\n<p><strong>Beispiel 2:<\/strong> <em>Wareneinkauf auf Ziel-Buchung:<\/em><\/p>\n<div class=\"Table\">\n<div class=\"Table-row\">\n<div class=\"Table-row-item\">Aufwendung f\u00fcr Waren 4.000,00 \/ Vorsteuer 760,00 \/ an Verbindlichkeiten a. LL. 4.760,00<\/div>\n<\/p><\/div>\n<\/p><\/div>\n<p>\nUm die Umsatzsteuerzahllast zu ermitteln, muss der Saldo des Kontos \u201eVorsteuer\u201c mit der Umsatzsteuer verrechnet werden. <em>Buchungstechnisch<\/em> wird diese Verrechnung durch die \u00dcbertragung oder Umbuchung der Vorsteuer auf das Konto \u201eUmsatzsteuer\u201c durchgef\u00fchrt. Die f\u00fcr den vergangenen Monat ermittelte Umsatzsteuerzahllast ist jeweils bis zum 10. eines Monats an das Finanzamt zu \u00fcberweisen.<\/p>\n<p><strong>Beispiel 3:<\/strong> <em>Umbuchung der Vorsteuer zum Monatsende:<\/em><\/p>\n<div class=\"Table\">\n<div class=\"Table-row\">\n<div class=\"Table-row-item\">Umsatzsteuer 760,00 \/ an Vorsteuer 760,00<\/div>\n<\/p><\/div>\n<\/p><\/div>\n<p><\/p>\n<p><strong>Beispiel 4:<\/strong> <em>Buchung der Bank\u00fcberweisung der Umsatzsteuerzahllast am 10. des Monats:<\/em><\/p>\n<div class=\"Table\">\n<div class=\"Table-row\">\n<div class=\"Table-row-item\">Umsatzsteuer 1.520,00 \/ an Bank 1.520,00<\/div>\n<\/p><\/div>\n<\/p><\/div>\n<p><\/p>\n<p>Die Ermittlung und Zahlung der Umsatzsteuerzahllast wird wie folgt im Hauptbuch in Kontenform dargestellt:<\/p>\n<p><img decoding=\"async\" loading=\"lazy\" class=\"wp-image-8619 aligncenter\" src=\"http:\/\/www.studyhelp.de\/online-lernen\/wp-content\/uploads\/2024\/10\/Umsatzsteuerzahllast.jpg\" alt=\"\" width=\"621\" height=\"316\" \/> <\/p>\n<p>Wird die Umsatzsteuerzahllast f\u00fcr den letzten Monat des Gesch\u00e4ftsjahres ermittelt, dann ist die ermittelte Zahllast \u00fcber das \u201eSchlussbilanzkonto\u201c (SBK) abzuschlie\u00dfen. Dies nennen wir dann <b>Passivierung der Zahllast<\/b>.<\/p>\n<p><img decoding=\"async\" loading=\"lazy\" class=\"wp-image-8619 aligncenter\" src=\"http:\/\/www.studyhelp.de\/online-lernen\/wp-content\/uploads\/2024\/10\/Schlussbilanzkonto.jpg\" alt=\"\" width=\"621\" height=\"316\" \/> <\/p>\n<p>Ein Vorsteuer\u00fcberhang entsteht, wenn die Vorsteuer eines Monats gr\u00f6\u00dfer ist als die Umsatzsteuer. Ursachen f\u00fcr einen Vorsteuer\u00fcberhang k\u00f6nnen sein: gro\u00dfe Vorratsk\u00e4ufe aufgrund von Sonderangeboten, h\u00f6heren Lieferrabatten, Gesch\u00e4ftser\u00f6ffnungen oder Investitionsk\u00e4ufe. Im Falle eines Vorsteuer\u00fcberhangs besteht ein Erstattungsanspruch gegen\u00fcber dem Finanzamt. Dieser wird im Rahmen der Umsatzsteuererkl\u00e4rung geltend gemacht. Ergibt sich im letzten Monat des Gesch\u00e4ftsjahres der Vorsteuer\u00fcberhang, ist dieser \u00fcber das \u201eSchlussbilanzkonto\u201c (SBK) abzuschlie\u00dfen. Dies nennen wir dann <b>Aktivierung des Vorsteuer\u00fcberhangs<\/b>.<\/p>\n<p><img decoding=\"async\" loading=\"lazy\" class=\"wp-image-8619 aligncenter\" src=\"http:\/\/www.studyhelp.de\/online-lernen\/wp-content\/uploads\/2024\/10\/Vorsteuerueberhang.jpg\" alt=\"\" width=\"621\" height=\"316\" \/> <\/p>\n<p><strong>Beispiel 5:<\/strong> <em>Umbuchung der Umsatzsteuer zur Ermittlung des Vorsteuer\u00fcberhangs:<\/em><\/p>\n<div class=\"Table\">\n<div class=\"Table-row\">\n<div class=\"Table-row-item\">Umsatzsteuer 30.000,00 \/ an Vorsteuer 30.000,00<\/div>\n<\/p><\/div>\n<\/p><\/div>\n<p><\/p>\n<p><strong>Beispiel 6:<\/strong> <em>Abschlussbuchung: Aktivierung des Vorsteuer\u00fcberhangs:<\/em><\/p>\n<div class=\"Table\">\n<div class=\"Table-row\">\n<div class=\"Table-row-item\">Schlussbilanzkonto 60.000,00 \/ an Vorsteuer 60.000,00<\/div>\n<\/p><\/div>\n<\/p><\/div>\n<div class=\"box exercise\">\n<h2>\u00dcbungsaufgaben<\/h2>\n<p>Erstelle ein Grundbuch und trage die Buchungss\u00e4tze ein:<\/p>\n<div class=\"Table\">\n<div class=\"Table-row\">\n<div class=\"Table-row-item\">a)<\/div>\n<div class=\"Table-row-item\">\u00dcberweisung f\u00fcr Miete der Lagerhalle (steuerfrei)<\/div>\n<div class=\"Table-row-item\">2.400,00 \u20ac<\/div>\n<\/p><\/div>\n<div class=\"Table-row\">\n<div class=\"Table-row-item\">b.1)<\/div>\n<div class=\"Table-row-item\">Verbrauch lt. Materialentnahmescheine: Rohstoffe<\/div>\n<div class=\"Table-row-item\"> 22.500,00 \u20ac<\/div>\n<\/p><\/div>\n<div class=\"Table-row\">\n<div class=\"Table-row-item\">b.2)<\/div>\n<div class=\"Table-row-item\">Verbrauch lt. Materialentnahmescheine: Hilfsstoffe<\/div>\n<div class=\"Table-row-item\">6.400,00 \u20ac<\/div>\n<\/p><\/div>\n<div class=\"Table-row\">\n<div class=\"Table-row-item\">c)<\/div>\n<div class=\"Table-row-item\">\u00dcberweisung der Umsatzsteuer an das Finanzamt<\/div>\n<div class=\"Table-row-item\">4.500,00 \u20ac<\/div>\n<\/p><\/div>\n<div class=\"Table-row\">\n<div class=\"Table-row-item\">d)<\/div>\n<div class=\"Table-row-item\">Barankauf von B\u00fcromaterial, netto<\/div>\n<div class=\"Table-row-item\">380,00 \u20ac<\/div>\n<\/p><\/div>\n<div class=\"Table-row\">\n<div class=\"Table-row-item\">e)<\/div>\n<div class=\"Table-row-item\">Kauf von Rohstoffen, netto<\/div>\n<div class=\"Table-row-item\">19.600,00 \u20ac<\/div>\n<\/p><\/div>\n<div class=\"Table-row\">\n<div class=\"Table-row-item\">f)<\/div>\n<div class=\"Table-row-item\">\u00dcberweisung der L\u00f6hne<\/div>\n<div class=\"Table-row-item\">15.200,00 \u20ac<\/div>\n<\/p><\/div>\n<div class=\"Table-row\">\n<div class=\"Table-row-item\">g)<\/div>\n<div class=\"Table-row-item\">Barzahlung einer Maschinenreparatur, netto<\/div>\n<div class=\"Table-row-item\">800,00 \u20ac<\/div>\n<\/p><\/div>\n<div class=\"Table-row\">\n<div class=\"Table-row-item\">h)<\/div>\n<div class=\"Table-row-item\">\u00dcberweisung der Gewerbesteuer<\/div>\n<div class=\"Table-row-item\">1.600,00 \u20ac<\/div>\n<\/p><\/div>\n<\/div>\n<\/div>\n<div class=\"box exercise\">\n<h2>L\u00f6sungen<\/h2>\n<p><img decoding=\"async\" loading=\"lazy\" class=\"wp-image-8619 aligncenter\" src=\"http:\/\/www.studyhelp.de\/online-lernen\/wp-content\/uploads\/2024\/10\/Grundbuch_Loesungen.jpg\" alt=\"\" width=\"621\" height=\"316\" \/> <\/p>\n<\/div>\n","protected":false},"excerpt":{"rendered":"<p>Die Umsatzsteuer laut Ausgangsrechnung stellt eine Verbindlchkeit gegen\u00fcber dem Finanzamt dar. Sie wird deshalb auf dem passiven Bestandskonto \u201eUmsatzsteuer\u201c gebucht. Beispiel 1: Warenverkauf auf Ziel-Buchung: Forderung a. LL. 14.280,00 \/ an Umsatzerl\u00f6se f\u00fcr Waren 12.000,00 \/ Umsatzsteuer 2.280,00 Die bei Beschaffungsvorg\u00e4ngen zu zahlende Vorsteuer laut Eingangsrechnung ist eine Forderung gegen\u00fcber dem Finanzamt. Sie wird daher [&hellip;]<\/p>\n","protected":false},"author":19,"featured_media":0,"parent":0,"menu_order":0,"comment_status":"closed","ping_status":"closed","template":"","meta":[],"categories":[88],"tags":[],"yoast_head":"<!-- This site is optimized with the Yoast SEO plugin v14.7 - https:\/\/yoast.com\/wordpress\/plugins\/seo\/ -->\n<title>Buchungen auf Umsatz- bzw. Vorsteuer - StudyHelp Online-Lernen<\/title>\n<meta name=\"robots\" content=\"index, follow\" \/>\n<meta name=\"googlebot\" content=\"index, follow, max-snippet:-1, max-image-preview:large, max-video-preview:-1\" \/>\n<meta name=\"bingbot\" content=\"index, follow, max-snippet:-1, max-image-preview:large, max-video-preview:-1\" \/>\n<link rel=\"canonical\" href=\"https:\/\/www.studyhelp.de\/online-lernen\/buchungen-auf-umsatz-bzw-vorsteuer\/\" \/>\n<meta property=\"og:locale\" content=\"de_DE\" \/>\n<meta property=\"og:type\" content=\"article\" \/>\n<meta property=\"og:title\" content=\"Buchungen auf Umsatz- bzw. Vorsteuer - StudyHelp Online-Lernen\" \/>\n<meta property=\"og:description\" content=\"Die Umsatzsteuer laut Ausgangsrechnung stellt eine Verbindlchkeit gegen\u00fcber dem Finanzamt dar. Sie wird deshalb auf dem passiven Bestandskonto \u201eUmsatzsteuer\u201c gebucht. Beispiel 1: Warenverkauf auf Ziel-Buchung: Forderung a. LL. 14.280,00 \/ an Umsatzerl\u00f6se f\u00fcr Waren 12.000,00 \/ Umsatzsteuer 2.280,00 Die bei Beschaffungsvorg\u00e4ngen zu zahlende Vorsteuer laut Eingangsrechnung ist eine Forderung gegen\u00fcber dem Finanzamt. Sie wird daher [&hellip;]\" \/>\n<meta property=\"og:url\" content=\"https:\/\/www.studyhelp.de\/online-lernen\/buchungen-auf-umsatz-bzw-vorsteuer\/\" \/>\n<meta property=\"og:site_name\" content=\"StudyHelp Online-Lernen\" \/>\n<meta property=\"og:image\" content=\"http:\/\/www.studyhelp.de\/online-lernen\/wp-content\/uploads\/2024\/10\/Umsatzsteuerzahllast.jpg\" \/>\n<meta name=\"twitter:card\" content=\"summary_large_image\" \/>\n<script type=\"application\/ld+json\" class=\"yoast-schema-graph\">{\"@context\":\"https:\/\/schema.org\",\"@graph\":[{\"@type\":\"WebSite\",\"@id\":\"https:\/\/www.studyhelp.de\/online-lernen\/#website\",\"url\":\"https:\/\/www.studyhelp.de\/online-lernen\/\",\"name\":\"StudyHelp Online-Lernen\",\"description\":\"\",\"potentialAction\":[{\"@type\":\"SearchAction\",\"target\":\"https:\/\/www.studyhelp.de\/online-lernen\/?s={search_term_string}\",\"query-input\":\"required name=search_term_string\"}],\"inLanguage\":\"de-DE\"},{\"@type\":\"ImageObject\",\"@id\":\"https:\/\/www.studyhelp.de\/online-lernen\/buchungen-auf-umsatz-bzw-vorsteuer\/#primaryimage\",\"inLanguage\":\"de-DE\",\"url\":\"http:\/\/www.studyhelp.de\/online-lernen\/wp-content\/uploads\/2024\/10\/Umsatzsteuerzahllast.jpg\"},{\"@type\":\"WebPage\",\"@id\":\"https:\/\/www.studyhelp.de\/online-lernen\/buchungen-auf-umsatz-bzw-vorsteuer\/#webpage\",\"url\":\"https:\/\/www.studyhelp.de\/online-lernen\/buchungen-auf-umsatz-bzw-vorsteuer\/\",\"name\":\"Buchungen auf Umsatz- bzw. Vorsteuer - StudyHelp Online-Lernen\",\"isPartOf\":{\"@id\":\"https:\/\/www.studyhelp.de\/online-lernen\/#website\"},\"primaryImageOfPage\":{\"@id\":\"https:\/\/www.studyhelp.de\/online-lernen\/buchungen-auf-umsatz-bzw-vorsteuer\/#primaryimage\"},\"datePublished\":\"2024-11-13T11:21:40+00:00\",\"dateModified\":\"2024-11-13T11:21:40+00:00\",\"inLanguage\":\"de-DE\",\"potentialAction\":[{\"@type\":\"ReadAction\",\"target\":[\"https:\/\/www.studyhelp.de\/online-lernen\/buchungen-auf-umsatz-bzw-vorsteuer\/\"]}]}]}<\/script>\n<!-- \/ Yoast SEO plugin. -->","_links":{"self":[{"href":"https:\/\/www.studyhelp.de\/online-lernen\/wp-json\/wp\/v2\/pages\/18161"}],"collection":[{"href":"https:\/\/www.studyhelp.de\/online-lernen\/wp-json\/wp\/v2\/pages"}],"about":[{"href":"https:\/\/www.studyhelp.de\/online-lernen\/wp-json\/wp\/v2\/types\/page"}],"author":[{"embeddable":true,"href":"https:\/\/www.studyhelp.de\/online-lernen\/wp-json\/wp\/v2\/users\/19"}],"replies":[{"embeddable":true,"href":"https:\/\/www.studyhelp.de\/online-lernen\/wp-json\/wp\/v2\/comments?post=18161"}],"version-history":[{"count":20,"href":"https:\/\/www.studyhelp.de\/online-lernen\/wp-json\/wp\/v2\/pages\/18161\/revisions"}],"predecessor-version":[{"id":18529,"href":"https:\/\/www.studyhelp.de\/online-lernen\/wp-json\/wp\/v2\/pages\/18161\/revisions\/18529"}],"wp:attachment":[{"href":"https:\/\/www.studyhelp.de\/online-lernen\/wp-json\/wp\/v2\/media?parent=18161"}],"wp:term":[{"taxonomy":"category","embeddable":true,"href":"https:\/\/www.studyhelp.de\/online-lernen\/wp-json\/wp\/v2\/categories?post=18161"},{"taxonomy":"post_tag","embeddable":true,"href":"https:\/\/www.studyhelp.de\/online-lernen\/wp-json\/wp\/v2\/tags?post=18161"}],"curies":[{"name":"wp","href":"https:\/\/api.w.org\/{rel}","templated":true}]}}