{"id":1818,"date":"2016-05-31T09:15:55","date_gmt":"2016-05-31T07:15:55","guid":{"rendered":"https:\/\/www.studyhelp.de\/mathe\/?page_id=1818"},"modified":"2024-11-13T08:35:17","modified_gmt":"2024-11-13T07:35:17","slug":"trassierungen","status":"publish","type":"page","link":"https:\/\/www.studyhelp.de\/online-lernen\/mathe\/trassierungen\/","title":{"rendered":"Trassierung"},"content":{"rendered":"\n<p>Trassierungsaufgaben verlangen von uns, Funktionsgraphen, gerne auch zwei Geraden, knickfrei (glatter \u00dcbergang) zu verbinden.<\/p>\n<p>Aus der Information knickfrei ziehen wir, dass die Steigung der Funktionen an den Punkten $P_1$ und $P_2$ gleich ist.<\/p>\n<p>Weitere Begriffe, die im Zusammenhang mit Trassierung fallen, sind ohne kr\u00fcmmungsruck oder kr\u00fcmmungsruckfrei. Das bedeutet lediglich, dass die Kr\u00fcmmung am \u00dcbergangspunkt identisch sein soll. F\u00fcr das nachfolgende Vorgehen soll $f$ die gesuchte Funktion sein, die die bekannten Funktionen $g$ und $h$ miteinander verbinden soll.<\/p>\n<p><strong>Vorgehen:<\/strong><\/p>\n<p><strong>Schritt 1<\/strong><\/p>\n<p>Aufgabenstellung sorgf\u00e4ltig lesen &#8211; Welchen Grad soll die zu erstellende Funktion haben? Wenn im Text nicht anders vorgegeben, z.B. Funktion 2. Grades hat die Form<\/p>\n<p>\\begin{align*}<br \/>\nf(x)=ax^2+bx+c<br \/>\n\\end{align*}<\/p>\n<p>dann gilt meist:<\/p>\n<ul>\n<li>Treten nur die Begriffe ohne Sprung und ohne Knick \/ knickfrei auf hat die gesuchte Funktion den Grad 3.<\/li>\n<\/ul>\n<p>\\begin{align*}<br \/>\nf(x)=ax^3+bx^2+cx+d<br \/>\n\\end{align*}<\/p>\n<ul>\n<li>Tritt zus\u00e4tzlich der Begriff ohne kr\u00fcmmungsruck auf hat die gesuchte Funktion den Grad 5.<\/li>\n<\/ul>\n<p>\\begin{align*}<br \/>\nf(x)=ax^5+bx^4+cx^3+dx^2+ex+f<br \/>\n\\end{align*}<\/p>\n\n<p><strong>Schritt 2<\/strong><\/p>\n<p>Aufstellen der allgemeinen Funktionsgleichung $f(x)$ sowie der 1. und, wenn kr\u00fcmmungsruckfrei verlangt wird, 2. Ableitung<\/p>\n<p><strong>Schritt 3<\/strong><\/p>\n<p>Bedingungen aufstellen<\/p>\n<ul>\n<li>ohne Sprung: $g(x_1)=f(x_1)$ und $h(x_2)=f(x_2)$<\/li>\n<li>\u00a0ohne Knick: $g'(x_1)=f'(x_1)$ und $h'(x_2)=f'(x_2)$<\/li>\n<li>\u00a0ohne Kr\u00fcmmungsruck: $g&#8220;(x_1)=f&#8220;(x_1)$ und $h&#8220;(x_2)=f&#8220;(x_2)$<\/li>\n<\/ul>\n<p><strong>Schritt 4\u00a0<\/strong><\/p>\n<p>Alle Informationen in mathematische Gleichungen \u00fcbersetzen, LGS aufstellen und l\u00f6sen.<\/p>\n<p><strong>Schritt 5\u00a0<\/strong><\/p>\n<p>Funktionsgleichung aufschreiben<\/p>\n<h2>Beispiel Trassierung mit Geraden<\/h2>\n<p>Schauen wir uns dazu ein Beispiel an, um das Prinzip zu verstehen. Gegeben seien die Geraden auf ihren jeweils vorgegeben Definitionsbereichen<\/p>\n<p>\\begin{align*}<br \/>\ng(x)=3, \\quad D_g=[-5;-2] \\quad \\textrm{und} \\quad h(x)=1, \\quad D_h=[2;4].<br \/>\n\\end{align*}<\/p>\n<p>In dieser Aufgabe soll die knickfreie Verbindung durch eine Funktion 3. Grades realisiert werden. Wie das ganze am Ende aussehen soll, zeigt die untere\u00a0Abbildung. Wir arbeiten das obige Vorgehen ab und erkennen aus der Aufgabenstellung, dass die Funktion den Grad 3 haben soll. Eine ganz allgemeine Funktion dritten Grades sieht so aus:\u00a0$f(x)=ax^3+bx^2+cx+d$<br \/>\n<img decoding=\"async\" loading=\"lazy\" class=\"aligncenter wp-image-1833\" src=\"https:\/\/www.studyhelp.de\/online-lernen\/wp-content\/uploads\/2016\/05\/bil_trassierung.png\" alt=\"Trassierung Geraden\" width=\"342\" height=\"217\" srcset=\"https:\/\/www.studyhelp.de\/online-lernen\/wp-content\/uploads\/2016\/05\/bil_trassierung.png 342w, https:\/\/www.studyhelp.de\/online-lernen\/wp-content\/uploads\/2016\/05\/bil_trassierung-300x190.png 300w\" sizes=\"(max-width: 342px) 100vw, 342px\" \/><br \/>\nEs gilt also 4 Unbekannte zu bestimmen: $a$, $b$, $c$ und $d$. Dazu ben\u00f6tigen wir 4 Bedingungen. Zun\u00e4chst aber bilden wir kurz die 1. Ableitung.<\/p>\n<p>\\begin{align*}<br \/>\nf'(x)=3ax^2+2bx+c<br \/>\n\\end{align*}<\/p>\n<p>Die 2. Ableitung ist nicht notwendig, da keine Information bez\u00fcglich des Kr\u00fcmmungsrucks vorliegt. Jetzt stellen wir die Bedingungen auf:<\/p>\n<p>\\begin{align*}<br \/>\n&amp;\\text{ohne Sprung:} &amp;\\quad g(-2) =f(-2) \\quad &amp;\\Rightarrow &amp;3=a(-2)^3+b(-2)^2-2c+d \\\\<br \/>\n&amp;\\text{ohne Sprung:} &amp;\\quad h(2) =f(2) \\quad &amp;\\Rightarrow &amp;1=a(2)^3+b(2)^2+2c+d \\\\<br \/>\n&amp;\\text{ohne Knick:} &amp;\\quad g'(-2) =f'(-2) \\quad &amp;\\Rightarrow &amp;0=3a(-2)^2+2\\cdot(-2)b+c \\\\<br \/>\n&amp;\\text{ohne Knick:} &amp;\\quad h'(2) =f'(2) \\quad &amp;\\Rightarrow &amp;0=3a(2)^2+2 \\cdot 2 b +c \\\\<br \/>\n\\end{align*}<\/p>\n<p>In diesem einfachen Beispiel ist die 1. Ableitung (Steigung) der Geraden $g$ und $h$ gleich Null, da die Geraden parallel zur $x$-Achse verlaufen. Das Gleichungssystem bestehend aus 4 Gleichungen m\u00fcssen wir jetzt mit den uns bekannten Verfahren oder dem Taschenrechner l\u00f6sen. In diesem Fall gibt es keine eindeutige L\u00f6sung, sondern unendlich viele. Wir sagen also, dass z.B. $a=1\/16$ sei und daraus folgt f\u00fcr die anderen Koeffizienten: $b=0$, $c=-3\/4$ und $d=2$. Die gesuchte Funktionsgleichung lautet<\/p>\n<p>\\begin{align*}<br \/>\nf(x)=\\frac{1}{16}x^3-\\frac{3}{4}x+2, \\quad D_f=[-2;2].<br \/>\n\\end{align*}<\/p>\n<p>An dieser Stelle wollen wir uns noch ein weiteres <strong>Beispiel<\/strong>\u00a0angucken, bei dem es eine eindeutige L\u00f6sung gibt. Es sind zwei Geraden<\/p>\n<p>\\begin{align*}<br \/>\ng(x)=-4x-14, \\ \\ -5 \\leq x \\leq -2 \\quad \\textrm{und} \\quad h(x)=6x-6,5, \\ \\ 0,5 \\leq x \\leq 3,<br \/>\n\\end{align*}<\/p>\n<p>gegeben, die jeweils nur in einem bestimmten Abschnitt definiert sind. Diese beiden Geraden sollen nun so miteinander verbunden werden, dass sie eine knickfreie Parabel darstellen.<br \/>\nDie untere\u00a0Skizze stellt die qualtiativen Verl\u00e4ufe der Geraden und der gesuchten Parabel anschaulich dar. Eine allgemeine Funktionsgleichung einer Parabel und dessen erster Ableitung lautet:<\/p>\n<p>\\begin{align*}<br \/>\nf(x)&amp;=ax^2+bx+c \\\\<br \/>\nf'(x)&amp;=2ax+b<br \/>\n\\end{align*}<\/p>\n<p><img decoding=\"async\" loading=\"lazy\" class=\"aligncenter wp-image-1834\" src=\"https:\/\/www.studyhelp.de\/online-lernen\/wp-content\/uploads\/2016\/05\/bil_trassierung2.png\" alt=\"Trassierung\" width=\"368\" height=\"298\" srcset=\"https:\/\/www.studyhelp.de\/online-lernen\/wp-content\/uploads\/2016\/05\/bil_trassierung2.png 368w, https:\/\/www.studyhelp.de\/online-lernen\/wp-content\/uploads\/2016\/05\/bil_trassierung2-300x243.png 300w\" sizes=\"(max-width: 368px) 100vw, 368px\" \/><\/p>\n<p>Es m\u00fcssen 3 Unbekannte bestimmt werden. Im n\u00e4chsten Schritt \u00fcberlegen wir uns die Bedingungen.<\/p>\n<p>\\begin{align*}<br \/>\n\\text{ohne Sprung:} \\quad g(-2) &amp;=f(-2) \\quad \\Rightarrow -6=a(-2)^2-2b+c \\\\<br \/>\n\\text{ohne Sprung:} \\quad h(0,5) &amp;=f(0,5) \\quad \\Rightarrow -3,5=a(0,5)^2+0,5b+c \\\\<br \/>\n\\text{ohne Knick:} \\quad g'(-2) &amp;=f'(-2) \\quad \\Rightarrow -4=-4a+b \\\\<br \/>\n\\text{ohne Knick:} \\quad h'(0,5) &amp;=f'(0,5) \\quad \\Rightarrow 6=a+b \\\\<br \/>\n\\end{align*}<\/p>\n<p>Nach dem Aufl\u00f6sen des <a href=\"https:\/\/www.studyhelp.de\/online-lernen\/mathe\/lgs-loesen\/\" target=\"_blank\" rel=\"noopener noreferrer\">Gleichungssystem<\/a> erhalten wir f\u00fcr die Unbekannten $a=2$,<br \/>\n$b=4$ und $c=-6$ und die gesuchte Parabelgleichung<\/p>\n<p>\\begin{align*}<br \/>\nf(x)=2x^2+4x-6, \\quad D_f=[-2;0,5].<br \/>\n\\end{align*}<\/p>\n<div class=\"lyte-wrapper\" title=\"Trassierung mit Geraden, Funktionsgleichung aufstellen, Steckbriefaufgabe, Rekonstruktion\" style=\"width:420px;max-width:100%;margin:5px;\"><div class=\"lyMe\" id=\"WYL_u7pSfjpsmlY\"><div id=\"lyte_u7pSfjpsmlY\" data-src=\"https:\/\/www.studyhelp.de\/online-lernen\/wp-content\/plugins\/wp-youtube-lyte\/lyteCache.php?origThumbUrl=https%3A%2F%2Fi.ytimg.com%2Fvi%2Fu7pSfjpsmlY%2Fhqdefault.jpg\" class=\"pL\"><div class=\"tC\"><div class=\"tT\">Trassierung mit Geraden, Funktionsgleichung aufstellen, Steckbriefaufgabe, Rekonstruktion<\/div><\/div><div class=\"play\"><\/div><div class=\"ctrl\"><div class=\"Lctrl\"><\/div><div class=\"Rctrl\"><\/div><\/div><\/div><noscript><a href=\"https:\/\/youtu.be\/u7pSfjpsmlY\" rel=\"nofollow\"><img src=\"https:\/\/www.studyhelp.de\/online-lernen\/wp-content\/plugins\/wp-youtube-lyte\/lyteCache.php?origThumbUrl=https%3A%2F%2Fi.ytimg.com%2Fvi%2Fu7pSfjpsmlY%2F0.jpg\" alt=\"Trassierung mit Geraden, Funktionsgleichung aufstellen, Steckbriefaufgabe, Rekonstruktion\" width=\"420\" height=\"216\" \/><br \/>Dieses Video auf YouTube ansehen<\/a><\/noscript><\/div><\/div><div class=\"lL\" style=\"max-width:100%;width:420px;margin:5px;\"><\/div><br \/>\n<\/p>\n<h2>Ausf\u00fchrliches Beispiel<\/h2>\n<p>Gegeben seien die folgenden Funktionen auf ihren jeweils vorgegeben Definitionsbereichen:<\/p>\n<p>\\begin{align*}<br \/>\ng(x)=-x^2+4, \\quad D_g=[-2;1] \\quad \\text{und} \\quad h(x)=1, \\quad D_h=[3;5].<br \/>\n\\end{align*}<\/p>\n<p>Die beiden gegebenen Funktionen sollen sprung- und knickfrei miteinander verbunden werden. Wie das ganze am Ende aussehen soll, zeigt die nebenstehende Abbildung. Wir arbeiten das obige Vorgehen ab und vermuten aus der Aufgabenstellung, dass die Funktion den Grad 3 haben soll. Eine ganz allgemeine Funktion dritten Grades sieht so aus: $f(x)=ax^3+bx^2+cx+d$.<\/p>\n<p>Es gilt also 4 Unbekannte zu bestimmen: $a, b, c$ und $d$.<\/p>\n<p><img decoding=\"async\" loading=\"lazy\" class=\"aligncenter wp-image-12014\" src=\"https:\/\/www.studyhelp.de\/online-lernen\/wp-content\/uploads\/2019\/02\/Trassierung.jpg\" alt=\"Trassierung\" width=\"526\" height=\"330\" srcset=\"https:\/\/www.studyhelp.de\/online-lernen\/wp-content\/uploads\/2019\/02\/Trassierung.jpg 626w, https:\/\/www.studyhelp.de\/online-lernen\/wp-content\/uploads\/2019\/02\/Trassierung-300x188.jpg 300w\" sizes=\"(max-width: 526px) 100vw, 526px\" \/><\/p>\n<p>\\begin{array}{rllcrcrcrcrcr}<br \/>\nI &amp; sprungfrei: &amp;g(1)=f(1) &amp; \\Rightarrow &amp; 3 &amp; = &amp; a &amp;+&amp;b&amp;+&amp;c&amp;+ &amp;d \\\\<br \/>\nII &amp; sprungfrei: &amp;h(3)=f(3) &amp; \\Rightarrow &amp; 1 &amp; = &amp; 27a&amp;+&amp;9b&amp;+&amp;3c&amp;+ &amp;d \\\\<br \/>\nIII &amp; knickfrei: &amp;g'(1)=f'(1) &amp; \\Rightarrow &amp; -2 &amp; = &amp; 3a&amp;+&amp;2b&amp;+&amp;c&amp; &amp;\\\\<br \/>\nIV &amp; knickfrei: &amp;h'(3)=f'(3) &amp; \\Rightarrow &amp; 0 &amp; = &amp; 27a&amp;+&amp;6b&amp;+&amp;c&amp; &amp;<br \/>\n\\end{array}<\/p>\n<p>Das <a href=\"https:\/\/www.studyhelp.de\/online-lernen\/mathe\/lgs-loesen\/\" target=\"_blank\" rel=\"noopener noreferrer\">Gleichungssystem<\/a>, bestehend aus 4 Gleichungen, m\u00fcssen wir jetzt mit den uns bekannten Verfahren oder dem Taschenrechner l\u00f6sen. F\u00fcr die gesuchten Parameter erhalten wir $a=0$, $b=1\/2$, $c=-3$ und $d=11\/2$.<\/p>\n<p>Die gesuchte Funktionsgleichung lautet demnach:<\/p>\n<p>\\begin{align*}<br \/>\nf(x)=\\frac{1}{2} x^2-3x+ \\frac{11}{2}, \\quad D_f=[1;3].<br \/>\n\\end{align*}<\/p>\n<p>An dieser Stelle erweitern wir das obige Beispiel und nehmen an, dass die gesuchte Funktion zus\u00e4tzlich kr\u00fcmmungsruckfrei sein soll. Die ersten 4 Bedingung k\u00f6nnen aus dem obigen Beispiel \u00fcbernommen werden, allerdings ist die gesuchte Funktion nun 5. Grades:<\/p>\n<p>\\begin{align*}<br \/>\nf(x)&amp;=ax^5+bx^4+cx^3+dx^2+ex+f, \\\\ \\quad f'(x)&amp;=5ax^4+4bx^3+3cx^2+2dx+e, \\quad f&#8220;(x)=20ax^3+12bx^2+6cx+2d<br \/>\n\\end{align*}<\/p>\n<p>Aufstellen der Bedingungen liefert das folgende LGS:<\/p>\n<p>\\begin{array}{rllcrcl}<br \/>\nI &amp; sprungfrei: &amp;g(1)=f(1) &amp; \\Rightarrow &amp; 3 &amp; = &amp; a+b+c+d+e+f \\\\<br \/>\nII &amp; sprungfrei: &amp;h(3)=f(3) &amp; \\Rightarrow &amp; 1 &amp; = &amp; 243a+81b+27c+9d+3e+f \\\\<br \/>\nIII &amp; knickfrei: &amp;g'(1)=f'(1) &amp; \\Rightarrow &amp; -2 &amp; = &amp; 5a+4b+3c+2d+e \\\\<br \/>\nIV &amp; knickfrei: &amp;h'(3)=f'(3) &amp; \\Rightarrow &amp; 0 &amp; = &amp; 405a+108b+27c+6d+e \\\\<br \/>\nV &amp; kr\u00fcmmungsruckfrei: &amp;g&#8220;(1)=f&#8220;(1) &amp; \\Rightarrow &amp; -2 &amp; = &amp; 20a+12b+6c+2d \\\\<br \/>\nVI &amp; kr\u00fcmmungsruckfrei: &amp;h&#8220;(3)=f&#8220;(3) &amp; \\Rightarrow &amp; 0 &amp; = &amp; 540a+108b+18c+2d<br \/>\n\\end{array}<\/p>\n<p>L\u00f6sen des LGS liefert die gesuchte Funktion $f(x)=\\frac{1}{8}x^5-\\frac{3}{2}x^4+\\frac{27}{4}x^3-\\frac{27}{2}x^2+\\frac{81}{8}x+1$.<\/p>\n\n","protected":false},"excerpt":{"rendered":"<p>Trassierungsaufgaben verlangen von uns, Funktionsgraphen, gerne auch zwei Geraden, knickfrei (glatter \u00dcbergang) zu verbinden. Aus der Information knickfrei ziehen wir, dass die Steigung der Funktionen an den Punkten und gleich ist. Weitere Begriffe, die im Zusammenhang mit Trassierung fallen, sind ohne kr\u00fcmmungsruck oder kr\u00fcmmungsruckfrei. Das bedeutet lediglich, dass die Kr\u00fcmmung am \u00dcbergangspunkt identisch sein soll. [&hellip;]<\/p>\n","protected":false},"author":5,"featured_media":0,"parent":6291,"menu_order":18,"comment_status":"closed","ping_status":"open","template":"","meta":[],"categories":[15],"tags":[],"yoast_head":"<!-- This site is optimized with the Yoast SEO plugin v14.7 - https:\/\/yoast.com\/wordpress\/plugins\/seo\/ -->\n<title>Trassierung - Sprung, Knick und Kr\u00fcmmungsruck - StudyHelp<\/title>\n<meta name=\"description\" content=\"Du ben\u00f6tigst Hilfe beim Thema Trassierung? Kein Problem, wir erkl\u00e4ren dir verst\u00e4dnlich das Thema Trassierung anhand von Lernvideos und Beispielaufgaben.\" \/>\n<meta name=\"robots\" content=\"index, follow\" \/>\n<meta name=\"googlebot\" content=\"index, follow, max-snippet:-1, max-image-preview:large, max-video-preview:-1\" \/>\n<meta name=\"bingbot\" content=\"index, follow, max-snippet:-1, max-image-preview:large, max-video-preview:-1\" \/>\n<link rel=\"canonical\" href=\"https:\/\/www.studyhelp.de\/online-lernen\/mathe\/trassierungen\/\" \/>\n<meta property=\"og:locale\" content=\"de_DE\" \/>\n<meta property=\"og:type\" content=\"article\" \/>\n<meta property=\"og:title\" content=\"Trassierung - Sprung, Knick und Kr\u00fcmmungsruck - StudyHelp\" \/>\n<meta property=\"og:description\" content=\"Du ben\u00f6tigst Hilfe beim Thema Trassierung? Kein Problem, wir erkl\u00e4ren dir verst\u00e4dnlich das Thema Trassierung anhand von Lernvideos und Beispielaufgaben.\" \/>\n<meta property=\"og:url\" content=\"https:\/\/www.studyhelp.de\/online-lernen\/mathe\/trassierungen\/\" \/>\n<meta property=\"og:site_name\" content=\"StudyHelp Online-Lernen\" \/>\n<meta property=\"article:modified_time\" content=\"2024-11-13T07:35:17+00:00\" \/>\n<meta property=\"og:image\" content=\"https:\/\/www.studyhelp.de\/online-lernen\/wp-content\/uploads\/2016\/05\/bil_trassierung.png\" \/>\n<meta name=\"twitter:card\" content=\"summary_large_image\" \/>\n<script type=\"application\/ld+json\" class=\"yoast-schema-graph\">{\"@context\":\"https:\/\/schema.org\",\"@graph\":[{\"@type\":\"WebSite\",\"@id\":\"https:\/\/www.studyhelp.de\/online-lernen\/#website\",\"url\":\"https:\/\/www.studyhelp.de\/online-lernen\/\",\"name\":\"StudyHelp Online-Lernen\",\"description\":\"\",\"potentialAction\":[{\"@type\":\"SearchAction\",\"target\":\"https:\/\/www.studyhelp.de\/online-lernen\/?s={search_term_string}\",\"query-input\":\"required name=search_term_string\"}],\"inLanguage\":\"de-DE\"},{\"@type\":\"ImageObject\",\"@id\":\"https:\/\/www.studyhelp.de\/online-lernen\/mathe\/trassierungen\/#primaryimage\",\"inLanguage\":\"de-DE\",\"url\":\"https:\/\/www.studyhelp.de\/online-lernen\/wp-content\/uploads\/2016\/05\/bil_trassierung.png\",\"width\":342,\"height\":217},{\"@type\":\"WebPage\",\"@id\":\"https:\/\/www.studyhelp.de\/online-lernen\/mathe\/trassierungen\/#webpage\",\"url\":\"https:\/\/www.studyhelp.de\/online-lernen\/mathe\/trassierungen\/\",\"name\":\"Trassierung - Sprung, Knick und Kr\\u00fcmmungsruck - StudyHelp\",\"isPartOf\":{\"@id\":\"https:\/\/www.studyhelp.de\/online-lernen\/#website\"},\"primaryImageOfPage\":{\"@id\":\"https:\/\/www.studyhelp.de\/online-lernen\/mathe\/trassierungen\/#primaryimage\"},\"datePublished\":\"2016-05-31T07:15:55+00:00\",\"dateModified\":\"2024-11-13T07:35:17+00:00\",\"description\":\"Du ben\\u00f6tigst Hilfe beim Thema Trassierung? Kein Problem, wir erkl\\u00e4ren dir verst\\u00e4dnlich das Thema Trassierung anhand von Lernvideos und Beispielaufgaben.\",\"inLanguage\":\"de-DE\",\"potentialAction\":[{\"@type\":\"ReadAction\",\"target\":[\"https:\/\/www.studyhelp.de\/online-lernen\/mathe\/trassierungen\/\"]}]}]}<\/script>\n<!-- \/ Yoast SEO plugin. -->","_links":{"self":[{"href":"https:\/\/www.studyhelp.de\/online-lernen\/wp-json\/wp\/v2\/pages\/1818"}],"collection":[{"href":"https:\/\/www.studyhelp.de\/online-lernen\/wp-json\/wp\/v2\/pages"}],"about":[{"href":"https:\/\/www.studyhelp.de\/online-lernen\/wp-json\/wp\/v2\/types\/page"}],"author":[{"embeddable":true,"href":"https:\/\/www.studyhelp.de\/online-lernen\/wp-json\/wp\/v2\/users\/5"}],"replies":[{"embeddable":true,"href":"https:\/\/www.studyhelp.de\/online-lernen\/wp-json\/wp\/v2\/comments?post=1818"}],"version-history":[{"count":39,"href":"https:\/\/www.studyhelp.de\/online-lernen\/wp-json\/wp\/v2\/pages\/1818\/revisions"}],"predecessor-version":[{"id":18407,"href":"https:\/\/www.studyhelp.de\/online-lernen\/wp-json\/wp\/v2\/pages\/1818\/revisions\/18407"}],"up":[{"embeddable":true,"href":"https:\/\/www.studyhelp.de\/online-lernen\/wp-json\/wp\/v2\/pages\/6291"}],"wp:attachment":[{"href":"https:\/\/www.studyhelp.de\/online-lernen\/wp-json\/wp\/v2\/media?parent=1818"}],"wp:term":[{"taxonomy":"category","embeddable":true,"href":"https:\/\/www.studyhelp.de\/online-lernen\/wp-json\/wp\/v2\/categories?post=1818"},{"taxonomy":"post_tag","embeddable":true,"href":"https:\/\/www.studyhelp.de\/online-lernen\/wp-json\/wp\/v2\/tags?post=1818"}],"curies":[{"name":"wp","href":"https:\/\/api.w.org\/{rel}","templated":true}]}}