{"id":18201,"date":"2024-11-13T11:07:58","date_gmt":"2024-11-13T10:07:58","guid":{"rendered":"https:\/\/www.studyhelp.de\/online-lernen\/?page_id=18201"},"modified":"2024-11-13T11:07:58","modified_gmt":"2024-11-13T10:07:58","slug":"aufbau-von-bestandskonten","status":"publish","type":"page","link":"https:\/\/www.studyhelp.de\/online-lernen\/aufbau-von-bestandskonten\/","title":{"rendered":"Aufbau von Bestandskonten"},"content":{"rendered":"<p>Um eine genaue \u00dcbersicht \u00fcber die Art, Ursache und H\u00f6he der Ver\u00e4nderung der Bilanzposten zu erzielen, wird f\u00fcr jeden Finanzposten nun ein Konto (<em>Bestandskonto<\/em>) eingerichtet. Den Seiten der Bilanz entsprechend werden Aktiv- und Passivkonten unterschieden. Aktiv- und Passivkonten weisen im Einzelnen die <b>Best\u00e4nde an Verm\u00f6gen und Kapital<\/b> des Unternehmens aus und erfassen die Ver\u00e4nderungen dieser Best\u00e4nde aufgrund der Gesch\u00e4ftsf\u00e4lle. Sie stellen daher Bestandskonten dar. Es wird von <b>aktiven und passiven Bestandskonten<\/b> gesprochen. Die linke Seite des Kontos wird mit \u201e<b>Soll<\/b>\u201c (S), die rechte Seite mit \u201e<b>Haben<\/b>\u201c (H) bezeichnet.<br \/>\n<br \/>\n<div class=\"lyte-wrapper\" style=\"width:420px;max-width:100%;margin:5px;\"><div class=\"lyMe\" id=\"WYL_zEiozQTYX6E\"><div id=\"lyte_zEiozQTYX6E\" data-src=\"https:\/\/www.studyhelp.de\/online-lernen\/wp-content\/plugins\/wp-youtube-lyte\/lyteCache.php?origThumbUrl=%2F%2Fi.ytimg.com%2Fvi%2FzEiozQTYX6E%2Fhqdefault.jpg\" class=\"pL\"><div class=\"tC\"><div class=\"tT\"><\/div><\/div><div class=\"play\"><\/div><div class=\"ctrl\"><div class=\"Lctrl\"><\/div><div class=\"Rctrl\"><\/div><\/div><\/div><noscript><a href=\"https:\/\/youtu.be\/zEiozQTYX6E\" rel=\"nofollow\"><img src=\"https:\/\/www.studyhelp.de\/online-lernen\/wp-content\/plugins\/wp-youtube-lyte\/lyteCache.php?origThumbUrl=https%3A%2F%2Fi.ytimg.com%2Fvi%2FzEiozQTYX6E%2F0.jpg\" alt=\"YouTube-Video-Thumbnail\" width=\"420\" height=\"216\" \/><br \/>Dieses Video auf YouTube ansehen<\/a><\/noscript><\/div><\/div><div class=\"lL\" style=\"max-width:100%;width:420px;margin:5px;\"><\/div><br \/>\n<\/p>\n<p>Um eine Bilanz in Bestandskonten aufzul\u00f6sen, wird ein Er\u00f6ffnungsbilanzkonto (kurz: EBK) eingerichtet, um buchhalterisch systematisch einzelne Konten buchen zu k\u00f6nnen. Dabei wird die Bilanz \u201espiegelverkehrt\u201c umgestellt:<\/p>\n<p><img decoding=\"async\" loading=\"lazy\" src=\"http:\/\/www.studyhelp.de\/online-lernen\/wp-content\/uploads\/2024\/10\/Eroeffnungsbilanzkonto.jpg\" alt=\"\" width=\"612\" height=\"316\" class=\"alignnone size-full wp-image-18206\" alt=\"\" width=\"621\" height=\"316\" \/><\/p>\n<p>Buchhalterisch ergeben sich daraus Bestandskonten, die in Aktiv- und Passivkonten unterschieden werden. Dabei wird das Verm\u00f6gen (auf der Aktivseite) durch <em>Aktivkonten<\/em> und das Kapital (Eigen- und Fremdkapital) als <em>Passivkonten<\/em> gef\u00fchrt. Der Aufbau dieser Konten wird im Folgenden n\u00e4her dargestellt.<\/p>\n<h2>Aktivkonten<\/h2>\n<p>Bei den Aktivkonten wird das gesamte Verm\u00f6gen (Anlage- und Umlaufverm\u00f6gen) aus der Bilanz durch das Er\u00f6ffnungsbilanzkonto in einzelnen Konten dargestellt. Jede Verm\u00f6gensposition erh\u00e4lt ein eigenes Konto:<br \/>\n<img decoding=\"async\" loading=\"lazy\" src=\"http:\/\/www.studyhelp.de\/online-lernen\/wp-content\/uploads\/2024\/10\/Aktivkonto.jpg\" alt=\"\" width=\"612\" height=\"316\" class=\"alignnone size-full wp-image-18212\" alt=\"\" width=\"621\" height=\"316\" \/><br \/>\nDie Aktivkonten werden durch die Aufl\u00f6sung der Aktivseite der Bilanz gebildet. Der Anfangsbestand (kurz: AB) sowie die Mehrungen werden im Soll, der Endbestand (kurz: EB) sowie die Minderungen im Haben gebucht.<\/p>\n<h2>Passivkonten<\/h2>\n<p>Bei den Passivkonten wird das gesamte Kapital (Eigen- und Fremdkapital) aus der Bilanz durch das Er\u00f6ffnungsbilanzkonto in einzelnen Konten dargestellt. Jede Kapitalposition bekommt ein eigenes Konto:<br \/>\n<img decoding=\"async\" loading=\"lazy\" src=\"http:\/\/www.studyhelp.de\/online-lernen\/wp-content\/uploads\/2024\/10\/Passivkonto.jpg\" alt=\"\" width=\"612\" height=\"316\" class=\"alignnone size-full wp-image-18219\" alt=\"\" width=\"621\" height=\"316\" \/><br \/>\nDie Passivkonten werden durch Aufl\u00f6sung der Passivseite der Bilanz gebildet. Der Anfangsbestand sowie die Mehrungen werden im Haben, der Endbestand sowie die Minderungen werden im Soll gebucht.<\/p>\n","protected":false},"excerpt":{"rendered":"<p>Um eine genaue \u00dcbersicht \u00fcber die Art, Ursache und H\u00f6he der Ver\u00e4nderung der Bilanzposten zu erzielen, wird f\u00fcr jeden Finanzposten nun ein Konto (Bestandskonto) eingerichtet. Den Seiten der Bilanz entsprechend werden Aktiv- und Passivkonten unterschieden. Aktiv- und Passivkonten weisen im Einzelnen die Best\u00e4nde an Verm\u00f6gen und Kapital des Unternehmens aus und erfassen die Ver\u00e4nderungen dieser [&hellip;]<\/p>\n","protected":false},"author":19,"featured_media":0,"parent":0,"menu_order":0,"comment_status":"closed","ping_status":"closed","template":"","meta":[],"categories":[88],"tags":[],"yoast_head":"<!-- This site is optimized with the Yoast SEO plugin v14.7 - https:\/\/yoast.com\/wordpress\/plugins\/seo\/ -->\n<title>Aufbau von Bestandskonten - StudyHelp Online-Lernen<\/title>\n<meta name=\"robots\" content=\"index, follow\" \/>\n<meta name=\"googlebot\" content=\"index, follow, max-snippet:-1, max-image-preview:large, max-video-preview:-1\" \/>\n<meta name=\"bingbot\" content=\"index, follow, max-snippet:-1, max-image-preview:large, max-video-preview:-1\" \/>\n<link rel=\"canonical\" href=\"https:\/\/www.studyhelp.de\/online-lernen\/aufbau-von-bestandskonten\/\" \/>\n<meta property=\"og:locale\" content=\"de_DE\" \/>\n<meta property=\"og:type\" content=\"article\" \/>\n<meta property=\"og:title\" content=\"Aufbau von Bestandskonten - StudyHelp Online-Lernen\" \/>\n<meta property=\"og:description\" content=\"Um eine genaue \u00dcbersicht \u00fcber die Art, Ursache und H\u00f6he der Ver\u00e4nderung der Bilanzposten zu erzielen, wird f\u00fcr jeden Finanzposten nun ein Konto (Bestandskonto) eingerichtet. Den Seiten der Bilanz entsprechend werden Aktiv- und Passivkonten unterschieden. Aktiv- und Passivkonten weisen im Einzelnen die Best\u00e4nde an Verm\u00f6gen und Kapital des Unternehmens aus und erfassen die Ver\u00e4nderungen dieser [&hellip;]\" \/>\n<meta property=\"og:url\" content=\"https:\/\/www.studyhelp.de\/online-lernen\/aufbau-von-bestandskonten\/\" \/>\n<meta property=\"og:site_name\" content=\"StudyHelp Online-Lernen\" \/>\n<meta property=\"og:image\" content=\"http:\/\/www.studyhelp.de\/online-lernen\/wp-content\/uploads\/2024\/10\/Eroeffnungsbilanzkonto.jpg\" \/>\n<meta name=\"twitter:card\" content=\"summary_large_image\" \/>\n<script type=\"application\/ld+json\" class=\"yoast-schema-graph\">{\"@context\":\"https:\/\/schema.org\",\"@graph\":[{\"@type\":\"WebSite\",\"@id\":\"https:\/\/www.studyhelp.de\/online-lernen\/#website\",\"url\":\"https:\/\/www.studyhelp.de\/online-lernen\/\",\"name\":\"StudyHelp Online-Lernen\",\"description\":\"\",\"potentialAction\":[{\"@type\":\"SearchAction\",\"target\":\"https:\/\/www.studyhelp.de\/online-lernen\/?s={search_term_string}\",\"query-input\":\"required name=search_term_string\"}],\"inLanguage\":\"de-DE\"},{\"@type\":\"ImageObject\",\"@id\":\"https:\/\/www.studyhelp.de\/online-lernen\/aufbau-von-bestandskonten\/#primaryimage\",\"inLanguage\":\"de-DE\",\"url\":\"http:\/\/www.studyhelp.de\/online-lernen\/wp-content\/uploads\/2024\/10\/Eroeffnungsbilanzkonto.jpg\"},{\"@type\":\"WebPage\",\"@id\":\"https:\/\/www.studyhelp.de\/online-lernen\/aufbau-von-bestandskonten\/#webpage\",\"url\":\"https:\/\/www.studyhelp.de\/online-lernen\/aufbau-von-bestandskonten\/\",\"name\":\"Aufbau von Bestandskonten - StudyHelp Online-Lernen\",\"isPartOf\":{\"@id\":\"https:\/\/www.studyhelp.de\/online-lernen\/#website\"},\"primaryImageOfPage\":{\"@id\":\"https:\/\/www.studyhelp.de\/online-lernen\/aufbau-von-bestandskonten\/#primaryimage\"},\"datePublished\":\"2024-11-13T10:07:58+00:00\",\"dateModified\":\"2024-11-13T10:07:58+00:00\",\"inLanguage\":\"de-DE\",\"potentialAction\":[{\"@type\":\"ReadAction\",\"target\":[\"https:\/\/www.studyhelp.de\/online-lernen\/aufbau-von-bestandskonten\/\"]}]}]}<\/script>\n<!-- \/ Yoast SEO plugin. -->","_links":{"self":[{"href":"https:\/\/www.studyhelp.de\/online-lernen\/wp-json\/wp\/v2\/pages\/18201"}],"collection":[{"href":"https:\/\/www.studyhelp.de\/online-lernen\/wp-json\/wp\/v2\/pages"}],"about":[{"href":"https:\/\/www.studyhelp.de\/online-lernen\/wp-json\/wp\/v2\/types\/page"}],"author":[{"embeddable":true,"href":"https:\/\/www.studyhelp.de\/online-lernen\/wp-json\/wp\/v2\/users\/19"}],"replies":[{"embeddable":true,"href":"https:\/\/www.studyhelp.de\/online-lernen\/wp-json\/wp\/v2\/comments?post=18201"}],"version-history":[{"count":17,"href":"https:\/\/www.studyhelp.de\/online-lernen\/wp-json\/wp\/v2\/pages\/18201\/revisions"}],"predecessor-version":[{"id":18237,"href":"https:\/\/www.studyhelp.de\/online-lernen\/wp-json\/wp\/v2\/pages\/18201\/revisions\/18237"}],"wp:attachment":[{"href":"https:\/\/www.studyhelp.de\/online-lernen\/wp-json\/wp\/v2\/media?parent=18201"}],"wp:term":[{"taxonomy":"category","embeddable":true,"href":"https:\/\/www.studyhelp.de\/online-lernen\/wp-json\/wp\/v2\/categories?post=18201"},{"taxonomy":"post_tag","embeddable":true,"href":"https:\/\/www.studyhelp.de\/online-lernen\/wp-json\/wp\/v2\/tags?post=18201"}],"curies":[{"name":"wp","href":"https:\/\/api.w.org\/{rel}","templated":true}]}}