{"id":18222,"date":"2024-11-13T12:21:26","date_gmt":"2024-11-13T11:21:26","guid":{"rendered":"https:\/\/www.studyhelp.de\/online-lernen\/?page_id=18222"},"modified":"2024-11-13T12:21:26","modified_gmt":"2024-11-13T11:21:26","slug":"buchungen-auf-bestandskonten","status":"publish","type":"page","link":"https:\/\/www.studyhelp.de\/online-lernen\/buchungen-auf-bestandskonten\/","title":{"rendered":"Buchungen auf Bestandskonten"},"content":{"rendered":"<p>Den Seiten der Bilanz entsprechen haben wir Aktiv- und Passivkonten unterschieden. Ihre Seiten tragen die Bezeichnung \u201eSoll\u201c (links) und \u201eHaben\u201c (rechts). Aus der Bilanz am Anfang eines Abrechnungszeitraums (Periode) haben wir eine Er\u00f6ffnungsbilanz erstellt und \u00fcbernehmen die Konten und die Anfangsbst\u00e4nde in die jeweiligen Kontenarten (Aktiv- und Passivkonten). Deshalb werden diese auch <b>Bestandskonten<\/b> (was wir zu Beginn an Verm\u00f6gen und Kapital haben) genannt.<\/p>\n<p><strong>Beispiel:<\/strong><em> Die Aufl\u00f6sung und die Eintragung in die jeweiligen Kontenarten soll mit Hilfe der gegebenen Er\u00f6ffnungsbilanz verdeutlicht werden:<\/em><\/p>\n<p><img decoding=\"async\" loading=\"lazy\" src=\"http:\/\/www.studyhelp.de\/online-lernen\/wp-content\/uploads\/2024\/10\/Eroeffnungsbilanz.jpg\" alt=\"\" width=\"621\" height=\"316\" class=\"alignnone size-full wp-image-18225\" \/><\/p>\n<p>Nachdem wir die Bilanz in einzelne Bestandskonten aufgel\u00f6st haben, k\u00f6nnen wir einzelne Gesch\u00e4ftsf\u00e4lle betrachten und sie je nach Art und Menge auf die jeweiligen Bestandskonten buchen. Jeder Gesch\u00e4ftsfall ruft Ver\u00e4nderungen auf mindestens zwei Konten hervor.<\/p>\n<div class=\"box info\">\n<strong>Jede Buchung erfordert folgende Vor\u00fcberlegungen:<\/strong><\/p>\n<ul>\n<li>Welche Konten werden ber\u00fchrt bzw. angesprochen?<\/li>\n<li>Um welche Kontenart handelt es sich?<\/li>\n<li>Wie wirkt sich der Gesch\u00e4ftsfall auf den Bestand der Konten aus?<\/li>\n<li>Auf welcher Kontenseite wird gebucht?<\/li>\n<\/ul>\n<\/div>\n<p>Wir wollen die Wertver\u00e4nderungen auf den Bestandskonten verdeutlichen und zeigen, wie sich eine Bilanz durch exemplarische Gesch\u00e4ftsf\u00e4lle bis zum Ende des Jahres neu darstellen kann.<\/p>\n<p><strong>Beispiel:<\/strong><em> Im Laufe des Jahres sind vier Gesch\u00e4ftsf\u00e4lle der DriLa GmbH zu buchen:<\/em><\/p>\n<ol type=\"a\">\n<li>Die DriLa GmbH verkauft Waren auf Rechnung (auf Ziel) f\u00fcr 6.000 \u20ac.<\/li>\n<li>Umwandlung einer Verbindlichkeit in eine Darlehensschuld i.H.v. 4.000 \u20ac.<\/li>\n<li>Die DriLa GmbH kauft Waren auf Rechnung (auf Ziel) f\u00fcr 2.000 \u20ac.<\/li>\n<li>Zahlung einer Lieferantenrechnung durch Bank\u00fcberweisung i.H.v. 3.000 \u20ac.<\/li>\n<\/ol>\n<p><img decoding=\"async\" loading=\"lazy\" src=\"http:\/\/www.studyhelp.de\/online-lernen\/wp-content\/uploads\/2024\/10\/Eroeffnungsbilanz-NEU.jpg\" alt=\"\" width=\"621\" height=\"316\" class=\"alignnone size-full wp-image-18232\" \/><\/p>\n<p><em>Daraus ergeben sich die ver\u00e4nderten Endbest\u00e4nde in der Schlussbilanz (SB):<\/em><br \/>\n<br \/>\n<img decoding=\"async\" loading=\"lazy\" src=\"http:\/\/www.studyhelp.de\/online-lernen\/wp-content\/uploads\/2024\/10\/Schlussbilanz.jpg\" alt=\"\" width=\"621\" height=\"316\" class=\"alignnone size-full wp-image-18233\" \/><\/p>\n","protected":false},"excerpt":{"rendered":"<p>Den Seiten der Bilanz entsprechen haben wir Aktiv- und Passivkonten unterschieden. Ihre Seiten tragen die Bezeichnung \u201eSoll\u201c (links) und \u201eHaben\u201c (rechts). Aus der Bilanz am Anfang eines Abrechnungszeitraums (Periode) haben wir eine Er\u00f6ffnungsbilanz erstellt und \u00fcbernehmen die Konten und die Anfangsbst\u00e4nde in die jeweiligen Kontenarten (Aktiv- und Passivkonten). Deshalb werden diese auch Bestandskonten (was wir [&hellip;]<\/p>\n","protected":false},"author":19,"featured_media":0,"parent":0,"menu_order":0,"comment_status":"closed","ping_status":"closed","template":"","meta":[],"categories":[88],"tags":[],"yoast_head":"<!-- This site is optimized with the Yoast SEO plugin v14.7 - https:\/\/yoast.com\/wordpress\/plugins\/seo\/ -->\n<title>Buchungen auf Bestandskonten - StudyHelp Online-Lernen<\/title>\n<meta name=\"robots\" content=\"index, follow\" \/>\n<meta name=\"googlebot\" content=\"index, follow, max-snippet:-1, max-image-preview:large, max-video-preview:-1\" \/>\n<meta name=\"bingbot\" content=\"index, follow, max-snippet:-1, max-image-preview:large, max-video-preview:-1\" \/>\n<link rel=\"canonical\" href=\"https:\/\/www.studyhelp.de\/online-lernen\/buchungen-auf-bestandskonten\/\" \/>\n<meta property=\"og:locale\" content=\"de_DE\" \/>\n<meta property=\"og:type\" content=\"article\" \/>\n<meta property=\"og:title\" content=\"Buchungen auf Bestandskonten - StudyHelp Online-Lernen\" \/>\n<meta property=\"og:description\" content=\"Den Seiten der Bilanz entsprechen haben wir Aktiv- und Passivkonten unterschieden. Ihre Seiten tragen die Bezeichnung \u201eSoll\u201c (links) und \u201eHaben\u201c (rechts). Aus der Bilanz am Anfang eines Abrechnungszeitraums (Periode) haben wir eine Er\u00f6ffnungsbilanz erstellt und \u00fcbernehmen die Konten und die Anfangsbst\u00e4nde in die jeweiligen Kontenarten (Aktiv- und Passivkonten). Deshalb werden diese auch Bestandskonten (was wir [&hellip;]\" \/>\n<meta property=\"og:url\" content=\"https:\/\/www.studyhelp.de\/online-lernen\/buchungen-auf-bestandskonten\/\" \/>\n<meta property=\"og:site_name\" content=\"StudyHelp Online-Lernen\" \/>\n<meta property=\"og:image\" content=\"http:\/\/www.studyhelp.de\/online-lernen\/wp-content\/uploads\/2024\/10\/Eroeffnungsbilanz.jpg\" \/>\n<meta name=\"twitter:card\" content=\"summary_large_image\" \/>\n<script type=\"application\/ld+json\" class=\"yoast-schema-graph\">{\"@context\":\"https:\/\/schema.org\",\"@graph\":[{\"@type\":\"WebSite\",\"@id\":\"https:\/\/www.studyhelp.de\/online-lernen\/#website\",\"url\":\"https:\/\/www.studyhelp.de\/online-lernen\/\",\"name\":\"StudyHelp Online-Lernen\",\"description\":\"\",\"potentialAction\":[{\"@type\":\"SearchAction\",\"target\":\"https:\/\/www.studyhelp.de\/online-lernen\/?s={search_term_string}\",\"query-input\":\"required name=search_term_string\"}],\"inLanguage\":\"de-DE\"},{\"@type\":\"ImageObject\",\"@id\":\"https:\/\/www.studyhelp.de\/online-lernen\/buchungen-auf-bestandskonten\/#primaryimage\",\"inLanguage\":\"de-DE\",\"url\":\"http:\/\/www.studyhelp.de\/online-lernen\/wp-content\/uploads\/2024\/10\/Eroeffnungsbilanz.jpg\"},{\"@type\":\"WebPage\",\"@id\":\"https:\/\/www.studyhelp.de\/online-lernen\/buchungen-auf-bestandskonten\/#webpage\",\"url\":\"https:\/\/www.studyhelp.de\/online-lernen\/buchungen-auf-bestandskonten\/\",\"name\":\"Buchungen auf Bestandskonten - StudyHelp Online-Lernen\",\"isPartOf\":{\"@id\":\"https:\/\/www.studyhelp.de\/online-lernen\/#website\"},\"primaryImageOfPage\":{\"@id\":\"https:\/\/www.studyhelp.de\/online-lernen\/buchungen-auf-bestandskonten\/#primaryimage\"},\"datePublished\":\"2024-11-13T11:21:26+00:00\",\"dateModified\":\"2024-11-13T11:21:26+00:00\",\"inLanguage\":\"de-DE\",\"potentialAction\":[{\"@type\":\"ReadAction\",\"target\":[\"https:\/\/www.studyhelp.de\/online-lernen\/buchungen-auf-bestandskonten\/\"]}]}]}<\/script>\n<!-- \/ Yoast SEO plugin. -->","_links":{"self":[{"href":"https:\/\/www.studyhelp.de\/online-lernen\/wp-json\/wp\/v2\/pages\/18222"}],"collection":[{"href":"https:\/\/www.studyhelp.de\/online-lernen\/wp-json\/wp\/v2\/pages"}],"about":[{"href":"https:\/\/www.studyhelp.de\/online-lernen\/wp-json\/wp\/v2\/types\/page"}],"author":[{"embeddable":true,"href":"https:\/\/www.studyhelp.de\/online-lernen\/wp-json\/wp\/v2\/users\/19"}],"replies":[{"embeddable":true,"href":"https:\/\/www.studyhelp.de\/online-lernen\/wp-json\/wp\/v2\/comments?post=18222"}],"version-history":[{"count":10,"href":"https:\/\/www.studyhelp.de\/online-lernen\/wp-json\/wp\/v2\/pages\/18222\/revisions"}],"predecessor-version":[{"id":18236,"href":"https:\/\/www.studyhelp.de\/online-lernen\/wp-json\/wp\/v2\/pages\/18222\/revisions\/18236"}],"wp:attachment":[{"href":"https:\/\/www.studyhelp.de\/online-lernen\/wp-json\/wp\/v2\/media?parent=18222"}],"wp:term":[{"taxonomy":"category","embeddable":true,"href":"https:\/\/www.studyhelp.de\/online-lernen\/wp-json\/wp\/v2\/categories?post=18222"},{"taxonomy":"post_tag","embeddable":true,"href":"https:\/\/www.studyhelp.de\/online-lernen\/wp-json\/wp\/v2\/tags?post=18222"}],"curies":[{"name":"wp","href":"https:\/\/api.w.org\/{rel}","templated":true}]}}