{"id":18238,"date":"2024-11-13T12:25:44","date_gmt":"2024-11-13T11:25:44","guid":{"rendered":"https:\/\/www.studyhelp.de\/online-lernen\/?page_id=18238"},"modified":"2024-11-13T12:25:44","modified_gmt":"2024-11-13T11:25:44","slug":"wertveraenderung-in-der-bilanz","status":"publish","type":"page","link":"https:\/\/www.studyhelp.de\/online-lernen\/wertveraenderung-in-der-bilanz\/","title":{"rendered":"Wertver\u00e4nderung in der Bilanz"},"content":{"rendered":"<p>Um Wertver\u00e4nderungen in der Bilanz darzustellen, beschr\u00e4nken wir uns nun auf ein paar Beispiele, um diese schamatisch zu untersuchen. Ausgangpunkt ist beispielhaft eine Bilanz<sup>1<\/sup> unserer geliebten DriLa GmbH zu Beginn eines Gesch\u00e4ftsjahres. Dabei unterscheiden wir folgende vier Wertbewegungen in der Bilanz:<\/p>\n<p><img decoding=\"async\" loading=\"lazy\" src=\"http:\/\/www.studyhelp.de\/online-lernen\/wp-content\/uploads\/2024\/10\/Wertveraenderungen.jpg\" alt=\"\" width=\"621\" height=\"316\" class=\"alignnone size-full wp-image-18242\" \/><br \/>\n<\/p>\n<hr style=\"width: 50%; height: 1px; border: none; background-color: black;\">\n<p><sup>1<\/sup> BGA steht f\u00fcr Betriebs- und Gesch\u00e4ftsausstattung<\/p>\n<div class=\"lyte-wrapper\" style=\"width:420px;max-width:100%;margin:5px;\"><div class=\"lyMe\" id=\"WYL_4ebie1Fi2mM\"><div id=\"lyte_4ebie1Fi2mM\" data-src=\"https:\/\/www.studyhelp.de\/online-lernen\/wp-content\/plugins\/wp-youtube-lyte\/lyteCache.php?origThumbUrl=%2F%2Fi.ytimg.com%2Fvi%2F4ebie1Fi2mM%2Fhqdefault.jpg\" class=\"pL\"><div class=\"tC\"><div class=\"tT\"><\/div><\/div><div class=\"play\"><\/div><div class=\"ctrl\"><div class=\"Lctrl\"><\/div><div class=\"Rctrl\"><\/div><\/div><\/div><noscript><a href=\"https:\/\/youtu.be\/4ebie1Fi2mM\" rel=\"nofollow\"><img src=\"https:\/\/www.studyhelp.de\/online-lernen\/wp-content\/plugins\/wp-youtube-lyte\/lyteCache.php?origThumbUrl=https%3A%2F%2Fi.ytimg.com%2Fvi%2F4ebie1Fi2mM%2F0.jpg\" alt=\"YouTube-Video-Thumbnail\" width=\"420\" height=\"216\" \/><br \/>Dieses Video auf YouTube ansehen<\/a><\/noscript><\/div><\/div><div class=\"lL\" style=\"max-width:100%;width:420px;margin:5px;\"><\/div><br \/>\n<br \/>\n<img decoding=\"async\" loading=\"lazy\" src=\"http:\/\/www.studyhelp.de\/online-lernen\/wp-content\/uploads\/2024\/10\/Arten-der-Bilanzveraenderung.jpg\" alt=\"\" width=\"621\" height=\"316\" class=\"alignnone size-full wp-image-18247\" \/><\/p>\n<div class=\"box info\">\n<p>Jeder Gesch\u00e4ftsfall wirkt sich mindestens auf zwei Posten der Bilanz aus. M\u00f6glich sind:<\/p>\n<ul>\n<li><b>Aktivtausch:<\/b> Tauschvorgang auf der Aktivseite<\/li>\n<li><b>Passivtausch:<\/b> Tauschvorgang auf der Passivseite<\/li>\n<li><b>Aktiv-Passiv-Mehrung:<\/b> Erh\u00f6hung auf beiden Bilanzseiten<\/li>\n<li><b>Aktiv-Passiv-Minderung:<\/b> Verminderung auf beiden Bilanzseiten\n<\/ul>\n<p>Bei allen vier M\u00f6glichkeiten der Wertver\u00e4nderungen bleibt das Gleichgewicht der Bilanzseiten erhalten. Es ver\u00e4ndert sich lediglich der zahlenm\u00e4\u00dfige Inhalt bestimmter Bilanzposten.<br \/>\n<\/div>\n<h2>Aktivtausch<\/h2>\n<p>Der Gesch\u00e4ftsfall betrifft nur die Aktivseite der Bilanz. Die Bilanzsumme bleibt unver\u00e4ndert. Es werden fl\u00fcssige Mittel in wenige liquide umgewandelt oder umgekehrt.<\/p>\n<p><strong>Beispiel:<\/strong> <em> Einkauf eines Computers in H\u00f6he von 2.000,00 \u20ac als Eingangsrechnung (ER).<\/em> <\/p>\n<ul>\n<li>Die BGA erh\u00f6ht sich um 2.000,00 \u20ac.<\/li>\n<li>Bankguthaben verringert sich gleichzeitig um 2.000,00 \u20ac.<\/li>\n<\/ul>\n<p><img decoding=\"async\" loading=\"lazy\" src=\"http:\/\/www.studyhelp.de\/online-lernen\/wp-content\/uploads\/2024\/10\/Aktivtausch.jpg\" alt=\"\" width=\"621\" height=\"316\" class=\"alignnone size-full wp-image-18252\" \/><\/p>\n<h2>Passivtausch<\/h2>\n<p>Der Gesch\u00e4ftsfall betrifft nur die Passivseite der Bilanz. Die Bilanzsumme bleibt unver\u00e4ndert. Inhaltlich werden kurzfristige in l\u00e4ngerfristige Verbindlichkeiten umgewandelt oder umgekehrt.<\/p>\n<p><strong>Beispiel:<\/strong> <em> Die DriLa GmbH wandelt eine kurzfristige Verbindlichkeit aus Kostengr\u00fcnden in ein langfristiges Darlehen in H\u00f6he von 10.000,00 \u20ac um.<\/em> <\/p>\n<ul>\n<li>Auf der Bilanz erh\u00f6ht sich das langfristige Darlehen um 10.000,00 \u20ac und die kurzfristigen Verbindlichkeiten verringern sich gleichzeitig um 10.000,00 \u20ac.<\/li>\n<\/ul>\n<p><img decoding=\"async\" loading=\"lazy\" src=\"http:\/\/www.studyhelp.de\/online-lernen\/wp-content\/uploads\/2024\/10\/Passivtausch.jpg\" alt=\"\" width=\"621\" height=\"316\" class=\"alignnone size-full wp-image-18253\" \/><\/p>\n<h2>Aktiv-Passiv-Mehrung<\/h2>\n<p>Der Gesch\u00e4ftsfall betrifft sowohl die Aktiv- und Passivseite der Bilanz. Beide Seiten erh\u00f6hen sich in diesem Fall um den gleichen Betrag. Die Bilanzsummen nehmen um den gleichen Betrag zu, sind aber auf beiden Seiten gleich gro\u00df. Inhaltlich zeigt die Passivseite eine Mehrung des Kapitals und dessen Herkunft (Eigen- bzw. Fremdkapital) auf. Die Ver\u00e4nderung auf der Aktivseite zeigt die Verwendung des neuen Kapitals an, also welche Mittel angeschafft wurden.<\/p>\n<p><strong>Beispiel:<\/strong> <em> Die DriLa GmbH kauft f\u00fcr ihre Gesch\u00e4ftsausstattung neue M\u00f6bel in H\u00f6he von 5.000,00 \u20ac. <\/em> <\/p>\n<ul>\n<li>Auf der Bilanz erh\u00f6ht sich auf der Aktivseite die BGA um 5.000,00 \u20ac und gleichzeitig erh\u00f6hen sich auf der Passivseite die kurzfristigen Verbindlichkeiten um 5.000,00 \u20ac. Die Bilanzsumme erh\u00f6ht sich dabei um den gleichen Betrag.<\/li>\n<\/ul>\n<p><img decoding=\"async\" loading=\"lazy\" src=\"http:\/\/www.studyhelp.de\/online-lernen\/wp-content\/uploads\/2024\/10\/AktivPassivMehrung.jpg\" alt=\"\" width=\"621\" height=\"316\" class=\"alignnone size-full wp-image-18256\" \/><\/p>\n<h2>Aktiv-Passiv-Minderung<\/h2>\n<p>Durch einen Gesch\u00e4ftsfall werden die Posten der Aktiv- und Passivseite um den gleichen Betrag gemindert. Die Bilanzsummen verringern sich ebenfalls um den gleichen Betrag. Inhaltlich wurde befristet \u00fcberlassenes Kapital zur\u00fcckgezahlt. Die \u00c4nderung auf der Passivseite zeigt, welches Kapital zur\u00fcckgezahlt wurde (z.B. Darlehen oder Verbindlichkeiten). Die \u00c4nderung auf der Aktivseite zeigt, mit welchen Mitteln die Tilgung erfolgte (z.B. Kassenbestand oder Bankkonto).<\/p>\n<p><strong>Beispiel:<\/strong> <em> Die DriLa GmbH begleicht eine Eingangsrechnung von einer Lieferung in H\u00f6he von 8.000,00 \u20ac per Bank\u00fcberweisung. <\/em> <\/p>\n<ul>\n<li>Durch die Bezahlung der Rechnung nehmen die Verbindlichkeiten in H\u00f6he von 8.000,00 \u20ac ab und gleichzeitig verringert sich das Bankguthaben durch die \u00dcberweisung auch um 8.000,00 \u20ac.<\/li>\n<\/ul>\n<p><img decoding=\"async\" loading=\"lazy\" src=\"http:\/\/www.studyhelp.de\/online-lernen\/wp-content\/uploads\/2024\/10\/AktivPassivMinderung.jpg\" alt=\"\" width=\"621\" height=\"316\" class=\"alignnone size-full wp-image-18257\" \/><\/p>\n","protected":false},"excerpt":{"rendered":"<p>Um Wertver\u00e4nderungen in der Bilanz darzustellen, beschr\u00e4nken wir uns nun auf ein paar Beispiele, um diese schamatisch zu untersuchen. Ausgangpunkt ist beispielhaft eine Bilanz1 unserer geliebten DriLa GmbH zu Beginn eines Gesch\u00e4ftsjahres. Dabei unterscheiden wir folgende vier Wertbewegungen in der Bilanz: 1 BGA steht f\u00fcr Betriebs- und Gesch\u00e4ftsausstattung Dieses Video auf YouTube ansehen Aktivtausch Der [&hellip;]<\/p>\n","protected":false},"author":19,"featured_media":0,"parent":0,"menu_order":0,"comment_status":"closed","ping_status":"closed","template":"","meta":[],"categories":[88],"tags":[],"yoast_head":"<!-- This site is optimized with the Yoast SEO plugin v14.7 - https:\/\/yoast.com\/wordpress\/plugins\/seo\/ -->\n<title>Wertver\u00e4nderung in der Bilanz - StudyHelp Online-Lernen<\/title>\n<meta name=\"robots\" content=\"index, follow\" \/>\n<meta name=\"googlebot\" content=\"index, follow, max-snippet:-1, max-image-preview:large, max-video-preview:-1\" \/>\n<meta name=\"bingbot\" content=\"index, follow, max-snippet:-1, max-image-preview:large, max-video-preview:-1\" \/>\n<link rel=\"canonical\" href=\"https:\/\/www.studyhelp.de\/online-lernen\/wertveraenderung-in-der-bilanz\/\" \/>\n<meta property=\"og:locale\" content=\"de_DE\" \/>\n<meta property=\"og:type\" content=\"article\" \/>\n<meta property=\"og:title\" content=\"Wertver\u00e4nderung in der Bilanz - StudyHelp Online-Lernen\" \/>\n<meta property=\"og:description\" content=\"Um Wertver\u00e4nderungen in der Bilanz darzustellen, beschr\u00e4nken wir uns nun auf ein paar Beispiele, um diese schamatisch zu untersuchen. Ausgangpunkt ist beispielhaft eine Bilanz1 unserer geliebten DriLa GmbH zu Beginn eines Gesch\u00e4ftsjahres. Dabei unterscheiden wir folgende vier Wertbewegungen in der Bilanz: 1 BGA steht f\u00fcr Betriebs- und Gesch\u00e4ftsausstattung Dieses Video auf YouTube ansehen Aktivtausch Der [&hellip;]\" \/>\n<meta property=\"og:url\" content=\"https:\/\/www.studyhelp.de\/online-lernen\/wertveraenderung-in-der-bilanz\/\" \/>\n<meta property=\"og:site_name\" content=\"StudyHelp Online-Lernen\" \/>\n<meta property=\"og:image\" content=\"http:\/\/www.studyhelp.de\/online-lernen\/wp-content\/uploads\/2024\/10\/Wertveraenderungen.jpg\" \/>\n<meta name=\"twitter:card\" content=\"summary_large_image\" \/>\n<script type=\"application\/ld+json\" class=\"yoast-schema-graph\">{\"@context\":\"https:\/\/schema.org\",\"@graph\":[{\"@type\":\"WebSite\",\"@id\":\"https:\/\/www.studyhelp.de\/online-lernen\/#website\",\"url\":\"https:\/\/www.studyhelp.de\/online-lernen\/\",\"name\":\"StudyHelp Online-Lernen\",\"description\":\"\",\"potentialAction\":[{\"@type\":\"SearchAction\",\"target\":\"https:\/\/www.studyhelp.de\/online-lernen\/?s={search_term_string}\",\"query-input\":\"required name=search_term_string\"}],\"inLanguage\":\"de-DE\"},{\"@type\":\"ImageObject\",\"@id\":\"https:\/\/www.studyhelp.de\/online-lernen\/wertveraenderung-in-der-bilanz\/#primaryimage\",\"inLanguage\":\"de-DE\",\"url\":\"http:\/\/www.studyhelp.de\/online-lernen\/wp-content\/uploads\/2024\/10\/Wertveraenderungen.jpg\"},{\"@type\":\"WebPage\",\"@id\":\"https:\/\/www.studyhelp.de\/online-lernen\/wertveraenderung-in-der-bilanz\/#webpage\",\"url\":\"https:\/\/www.studyhelp.de\/online-lernen\/wertveraenderung-in-der-bilanz\/\",\"name\":\"Wertver\\u00e4nderung in der Bilanz - StudyHelp Online-Lernen\",\"isPartOf\":{\"@id\":\"https:\/\/www.studyhelp.de\/online-lernen\/#website\"},\"primaryImageOfPage\":{\"@id\":\"https:\/\/www.studyhelp.de\/online-lernen\/wertveraenderung-in-der-bilanz\/#primaryimage\"},\"datePublished\":\"2024-11-13T11:25:44+00:00\",\"dateModified\":\"2024-11-13T11:25:44+00:00\",\"inLanguage\":\"de-DE\",\"potentialAction\":[{\"@type\":\"ReadAction\",\"target\":[\"https:\/\/www.studyhelp.de\/online-lernen\/wertveraenderung-in-der-bilanz\/\"]}]}]}<\/script>\n<!-- \/ Yoast SEO plugin. -->","_links":{"self":[{"href":"https:\/\/www.studyhelp.de\/online-lernen\/wp-json\/wp\/v2\/pages\/18238"}],"collection":[{"href":"https:\/\/www.studyhelp.de\/online-lernen\/wp-json\/wp\/v2\/pages"}],"about":[{"href":"https:\/\/www.studyhelp.de\/online-lernen\/wp-json\/wp\/v2\/types\/page"}],"author":[{"embeddable":true,"href":"https:\/\/www.studyhelp.de\/online-lernen\/wp-json\/wp\/v2\/users\/19"}],"replies":[{"embeddable":true,"href":"https:\/\/www.studyhelp.de\/online-lernen\/wp-json\/wp\/v2\/comments?post=18238"}],"version-history":[{"count":16,"href":"https:\/\/www.studyhelp.de\/online-lernen\/wp-json\/wp\/v2\/pages\/18238\/revisions"}],"predecessor-version":[{"id":18261,"href":"https:\/\/www.studyhelp.de\/online-lernen\/wp-json\/wp\/v2\/pages\/18238\/revisions\/18261"}],"wp:attachment":[{"href":"https:\/\/www.studyhelp.de\/online-lernen\/wp-json\/wp\/v2\/media?parent=18238"}],"wp:term":[{"taxonomy":"category","embeddable":true,"href":"https:\/\/www.studyhelp.de\/online-lernen\/wp-json\/wp\/v2\/categories?post=18238"},{"taxonomy":"post_tag","embeddable":true,"href":"https:\/\/www.studyhelp.de\/online-lernen\/wp-json\/wp\/v2\/tags?post=18238"}],"curies":[{"name":"wp","href":"https:\/\/api.w.org\/{rel}","templated":true}]}}