{"id":18262,"date":"2024-11-13T12:24:38","date_gmt":"2024-11-13T11:24:38","guid":{"rendered":"https:\/\/www.studyhelp.de\/online-lernen\/?page_id=18262"},"modified":"2024-11-13T12:24:38","modified_gmt":"2024-11-13T11:24:38","slug":"gemischte-buchungen-bestands-und-erfolgskonten","status":"publish","type":"page","link":"https:\/\/www.studyhelp.de\/online-lernen\/gemischte-buchungen-bestands-und-erfolgskonten\/","title":{"rendered":"Gemischte Buchungen (Bestands- und Erfolgskonten)"},"content":{"rendered":"<h2>Verkauf von Produkten<\/h2>\n<p><strong>Beispiel:<\/strong> <em>Die DriLa GmbH verkauft ihre Fertigerzeugnisse auf Ziel in H\u00f6he von 10.000 \u20ac (netto) an ihren Kunden. Die Ware wird 30 Tage sp\u00e4ter vom Kunden bezahlt.<\/em><\/p>\n<p><img decoding=\"async\" loading=\"lazy\" src=\"http:\/\/www.studyhelp.de\/online-lernen\/wp-content\/uploads\/2024\/10\/Verkauf-von-Produkten.jpg\" alt=\"\" width=\"621\" height=\"316\" class=\"alignnone size-full wp-image-18264\" \/><\/p>\n<p>In Fall c) spielt die Ausnutzung von Skonto auch wieder eine Rolle f\u00fcr die Korrektur einzelner Buchungsposten. Da die DriLa GmbH f\u00fcr ihren Verkauf der Produkte dem Kunden einen Skonto von 2% gew\u00e4hrt, bekommt sie wertm\u00e4\u00dfig 2% weniger durch die Bank \u00fcberwiesen als sie im Vorfeld an Umsatzerl\u00f6sen und Umsatzsteuer gebucht hat. Deshalb m\u00fcssen diese Posten um den Wert des Skontos (hier: 2%) korrigiert werden.<\/p>\n<h2>Buchungen in der Produktion<\/h2>\n<p><strong>Beispiel:<\/strong> <em>Die DriLa GmbH kauft Rohstoffe in H\u00f6he von 20.000 \u20ac (netto) auf Ziel und verbraucht diese in der geplanten Produktion.<\/em><\/p>\n<p><img decoding=\"async\" loading=\"lazy\" src=\"http:\/\/www.studyhelp.de\/online-lernen\/wp-content\/uploads\/2024\/10\/Buchungen-in-der-Produktion.jpg\" alt=\"\" width=\"621\" height=\"316\" class=\"alignnone size-full wp-image-18267\" \/><\/p>\n<h2>Bestandsver\u00e4nderungen<\/h2>\n<p>Bisher wurde unterstellt, dass alle in einem Gesch\u00e4ftsjahr hergestellten Erzeugnisse auch im gleichen Jahr verkauft werden. In der Regel werden jedoch in einem Industrieunternehmen Produktions- und Absatzmenge eines Gesch\u00e4ftsjahres <b>nicht<\/b> \u00fcbereinstimmen. Diese Unternehmen haben dann in diesem Jahr entweder mehr Erzeugnisse hergestellt als verkauft oder mehr Erzeugnisse verkauft als hergestellt. Im ersten Fall f\u00fchrt das <b>zum Jahresschluss im Lager<\/b> zu einem <b>Mehrbestand<\/b>, im zweiten zu einem <b>Minderbestand<\/b> an Erzeugnissen. Diese <b>Bestandsver\u00e4nderungen<\/b> m\u00fcssen bei der Erfolgsermittlung ber\u00fccksichtigt werden.<\/p>\n<p><strong>Beispiel:<\/strong> <em>Die DriLa GmbH hatte zu Beginn des Gesch\u00e4ftsjahres einen Lagerbestand von 100 B\u00fcrotischen Xenia \u00e1 250,00 \u20ac. Im Laufe des Gesch\u00e4ftsjahres wurden weitere 2.000 B\u00fcrotische produziert. Dabei entstanden folgende Aufwendungen:<\/em><\/p>\n<div class=\"Table\">\n<div class=\"Table-row\">\n<div class=\"Table-row-item\">Aufwendung f\u00fcr Rohstoffe<\/div>\n<div class=\"Table-row-item\">140.000,00 \u20ac<\/div>\n<\/p><\/div>\n<div class=\"Table-row\">\n<div class=\"Table-row-item\">Aufwendung f\u00fcr Hilfsstoffe<\/div>\n<div class=\"Table-row-item\">15.000,00 \u20ac<\/div>\n<\/p><\/div>\n<div class=\"Table-row\">\n<div class=\"Table-row-item\">L\u00f6hne<\/div>\n<div class=\"Table-row-item\">325.000,00 \u20ac<\/div>\n<\/p><\/div>\n<div class=\"Table-row\">\n<div class=\"Table-row-item\">Mieten<\/div>\n<div class=\"Table-row-item\">25.000,00 \u20ac<\/div>\n<\/div>\n<\/div>\n<p><\/p>\n<p>Im selben Zeitraum wurden 1.800 B\u00fcrotische Xenia zum Preis von 300,00 \u20ac verkauft. Der Lagerbestand wuchs auf 300 B\u00fcrotische, wie durch die Inventur ermittelt wurde.<br \/>\n<br \/>\nWir stellen nun diese Ver\u00e4nderung bzw. Situation in Kontenform dar!<br \/>\nHinweis: Wir k\u00fcrzen Bestandsver\u00e4nderungen mit BV\u00c4 ab.<\/p>\n<p><img decoding=\"async\" loading=\"lazy\" src=\"http:\/\/www.studyhelp.de\/online-lernen\/wp-content\/uploads\/2024\/10\/Bestandsveraenderungen.jpg\" alt=\"\" width=\"621\" height=\"316\" class=\"alignnone size-full wp-image-18272\" \/><\/p>\n<p>Die Abschlussbuchungen w\u00fcrden hier lauten:<\/p>\n<p><img decoding=\"async\" loading=\"lazy\" src=\"http:\/\/www.studyhelp.de\/online-lernen\/wp-content\/uploads\/2024\/10\/Abschlussbuchung-BVAe.jpg\" alt=\"\" width=\"621\" height=\"316\" class=\"alignnone size-full wp-image-18274\" \/><\/p>\n<div class=\"box info\">\n<strong>Merke:<\/strong><br \/>\n<br \/>\nWenn Herstellungs- und Absatzmenge in einer Rechnungsperiode nicht \u00fcbereinstimmen ergibt sich der Erfolg des Industrieunternehmens erst unter Ber\u00fccksichtigung der Bestandsver\u00e4nderungen an unfertigen und fertigen Erzeugnissen.<br \/>\n<\/div>\n","protected":false},"excerpt":{"rendered":"<p>Verkauf von Produkten Beispiel: Die DriLa GmbH verkauft ihre Fertigerzeugnisse auf Ziel in H\u00f6he von 10.000 \u20ac (netto) an ihren Kunden. Die Ware wird 30 Tage sp\u00e4ter vom Kunden bezahlt. In Fall c) spielt die Ausnutzung von Skonto auch wieder eine Rolle f\u00fcr die Korrektur einzelner Buchungsposten. Da die DriLa GmbH f\u00fcr ihren Verkauf der [&hellip;]<\/p>\n","protected":false},"author":19,"featured_media":0,"parent":0,"menu_order":0,"comment_status":"closed","ping_status":"closed","template":"","meta":[],"categories":[88],"tags":[],"yoast_head":"<!-- This site is optimized with the Yoast SEO plugin v14.7 - https:\/\/yoast.com\/wordpress\/plugins\/seo\/ -->\n<title>Gemischte Buchungen (Bestands- und Erfolgskonten) - StudyHelp Online-Lernen<\/title>\n<meta name=\"robots\" content=\"index, follow\" \/>\n<meta name=\"googlebot\" content=\"index, follow, max-snippet:-1, max-image-preview:large, max-video-preview:-1\" \/>\n<meta name=\"bingbot\" content=\"index, follow, max-snippet:-1, max-image-preview:large, max-video-preview:-1\" \/>\n<link rel=\"canonical\" href=\"https:\/\/www.studyhelp.de\/online-lernen\/gemischte-buchungen-bestands-und-erfolgskonten\/\" \/>\n<meta property=\"og:locale\" content=\"de_DE\" \/>\n<meta property=\"og:type\" content=\"article\" \/>\n<meta property=\"og:title\" content=\"Gemischte Buchungen (Bestands- und Erfolgskonten) - StudyHelp Online-Lernen\" \/>\n<meta property=\"og:description\" content=\"Verkauf von Produkten Beispiel: Die DriLa GmbH verkauft ihre Fertigerzeugnisse auf Ziel in H\u00f6he von 10.000 \u20ac (netto) an ihren Kunden. Die Ware wird 30 Tage sp\u00e4ter vom Kunden bezahlt. In Fall c) spielt die Ausnutzung von Skonto auch wieder eine Rolle f\u00fcr die Korrektur einzelner Buchungsposten. Da die DriLa GmbH f\u00fcr ihren Verkauf der [&hellip;]\" \/>\n<meta property=\"og:url\" content=\"https:\/\/www.studyhelp.de\/online-lernen\/gemischte-buchungen-bestands-und-erfolgskonten\/\" \/>\n<meta property=\"og:site_name\" content=\"StudyHelp Online-Lernen\" \/>\n<meta property=\"og:image\" content=\"http:\/\/www.studyhelp.de\/online-lernen\/wp-content\/uploads\/2024\/10\/Verkauf-von-Produkten.jpg\" \/>\n<meta name=\"twitter:card\" content=\"summary_large_image\" \/>\n<script type=\"application\/ld+json\" class=\"yoast-schema-graph\">{\"@context\":\"https:\/\/schema.org\",\"@graph\":[{\"@type\":\"WebSite\",\"@id\":\"https:\/\/www.studyhelp.de\/online-lernen\/#website\",\"url\":\"https:\/\/www.studyhelp.de\/online-lernen\/\",\"name\":\"StudyHelp Online-Lernen\",\"description\":\"\",\"potentialAction\":[{\"@type\":\"SearchAction\",\"target\":\"https:\/\/www.studyhelp.de\/online-lernen\/?s={search_term_string}\",\"query-input\":\"required name=search_term_string\"}],\"inLanguage\":\"de-DE\"},{\"@type\":\"ImageObject\",\"@id\":\"https:\/\/www.studyhelp.de\/online-lernen\/gemischte-buchungen-bestands-und-erfolgskonten\/#primaryimage\",\"inLanguage\":\"de-DE\",\"url\":\"http:\/\/www.studyhelp.de\/online-lernen\/wp-content\/uploads\/2024\/10\/Verkauf-von-Produkten.jpg\"},{\"@type\":\"WebPage\",\"@id\":\"https:\/\/www.studyhelp.de\/online-lernen\/gemischte-buchungen-bestands-und-erfolgskonten\/#webpage\",\"url\":\"https:\/\/www.studyhelp.de\/online-lernen\/gemischte-buchungen-bestands-und-erfolgskonten\/\",\"name\":\"Gemischte Buchungen (Bestands- und Erfolgskonten) - StudyHelp Online-Lernen\",\"isPartOf\":{\"@id\":\"https:\/\/www.studyhelp.de\/online-lernen\/#website\"},\"primaryImageOfPage\":{\"@id\":\"https:\/\/www.studyhelp.de\/online-lernen\/gemischte-buchungen-bestands-und-erfolgskonten\/#primaryimage\"},\"datePublished\":\"2024-11-13T11:24:38+00:00\",\"dateModified\":\"2024-11-13T11:24:38+00:00\",\"inLanguage\":\"de-DE\",\"potentialAction\":[{\"@type\":\"ReadAction\",\"target\":[\"https:\/\/www.studyhelp.de\/online-lernen\/gemischte-buchungen-bestands-und-erfolgskonten\/\"]}]}]}<\/script>\n<!-- \/ Yoast SEO plugin. -->","_links":{"self":[{"href":"https:\/\/www.studyhelp.de\/online-lernen\/wp-json\/wp\/v2\/pages\/18262"}],"collection":[{"href":"https:\/\/www.studyhelp.de\/online-lernen\/wp-json\/wp\/v2\/pages"}],"about":[{"href":"https:\/\/www.studyhelp.de\/online-lernen\/wp-json\/wp\/v2\/types\/page"}],"author":[{"embeddable":true,"href":"https:\/\/www.studyhelp.de\/online-lernen\/wp-json\/wp\/v2\/users\/19"}],"replies":[{"embeddable":true,"href":"https:\/\/www.studyhelp.de\/online-lernen\/wp-json\/wp\/v2\/comments?post=18262"}],"version-history":[{"count":15,"href":"https:\/\/www.studyhelp.de\/online-lernen\/wp-json\/wp\/v2\/pages\/18262\/revisions"}],"predecessor-version":[{"id":18282,"href":"https:\/\/www.studyhelp.de\/online-lernen\/wp-json\/wp\/v2\/pages\/18262\/revisions\/18282"}],"wp:attachment":[{"href":"https:\/\/www.studyhelp.de\/online-lernen\/wp-json\/wp\/v2\/media?parent=18262"}],"wp:term":[{"taxonomy":"category","embeddable":true,"href":"https:\/\/www.studyhelp.de\/online-lernen\/wp-json\/wp\/v2\/categories?post=18262"},{"taxonomy":"post_tag","embeddable":true,"href":"https:\/\/www.studyhelp.de\/online-lernen\/wp-json\/wp\/v2\/tags?post=18262"}],"curies":[{"name":"wp","href":"https:\/\/api.w.org\/{rel}","templated":true}]}}