{"id":18301,"date":"2024-11-13T12:08:36","date_gmt":"2024-11-13T11:08:36","guid":{"rendered":"https:\/\/www.studyhelp.de\/online-lernen\/?page_id=18301"},"modified":"2024-11-13T12:19:34","modified_gmt":"2024-11-13T11:19:34","slug":"belegbuchungen","status":"publish","type":"page","link":"https:\/\/www.studyhelp.de\/online-lernen\/belegbuchungen\/","title":{"rendered":"Belegbuchungen"},"content":{"rendered":"<p>Aufgrund der Vorkontierung werden die Buchungen im Grund- und im Hauptbuch vorgenommen. Dabei wird bei jeder Buchung die Belegart und -nummer vermerkt. So kann jederzeit von der Buchung auf den Beleg geschlossen werden. Umgekehrt wird im Buchungsstempel oder auf dem Kontierungsbeleg ein Buchungsvermerk mit Seite und Zeile des Grundbuchs und Buchungsdatum eingetragen.<\/p>\n<p>Die Belegablage muss nach <b>einheitlichen Kriterien<\/b> in der DriLa GmbH durchgef\u00fchrt werden, sodass eine \u00fcbersichtliche Belegregistratur entsteht und Belege bei Bedarf schnell wiederzufinden<br \/>\nsind. Mit Ausnahme der Er\u00f6ffnungsbilanz und der Jahresabschl\u00fcsse k\u00f6nnen alle Buchungsunterlagen auf einem Datentr\u00e4ger (z.B. Festplatte, Cloudspeicher, Server, interne Netzwerkspeicher, USB-Stick) gespeichert werden. Innerhalb einer angemessener Frist muss jedoch die Reproduktion oder der Ausdruck der Buchungsunterlagen m\u00f6glich sein.<\/p>\n<p>Buchungsbelege wie Rechnungen, Quittungen, Bankkontoausz\u00fcge sind zehn Jahre, empfangene Handelsbriefe sowie Durchschriften abgesandter Handelsbriefe und Auftragsb\u00fccher sechs Jahre<br \/>\naufzubewahren. Der Aufbewahrungszeitraum beginnt mit dem Schluss des Kalenderjahres in dem der Beleg anfiel.<\/p>\n<p>Im Folgenden werden nun vier unterschiedliche Belegarten vorgestellt und die dazugeh\u00f6rigen Buchungen durchgef\u00fchrt. Dabei unterstellen wir f\u00fcr die DriLa GmbH den vorliegenden Kontenplan, wo jedes Konto (Bestands- bzw. Erfolgskonto) mit einer konkreten Nummer (Kontonummer) versehen wird. Der Buchungssatz ist somit ausschlie\u00dflich in Kontennummern durchzuf\u00fchren.<\/p>\n<p>Wir unterscheiden dazu folgende Belegarten:<\/p>\n<p><img decoding=\"async\" loading=\"lazy\" src=\"http:\/\/www.studyhelp.de\/online-lernen\/wp-content\/uploads\/2024\/10\/Belegarten.jpg\" alt=\"\" width=\"621\" height=\"316\" class=\"alignnone size-full wp-image-18305\" \/><\/p>\n<h2>Eingangsrechnungen<\/h2>\n<p>Wenn die DriLa GmbH Roh-, Hilfs-, oder Betriebsstoffe auf Ziel kauft, erh\u00e4lt sie sogenannte Eingangsrechnungen. Das bedeutet, dass etwas gekauft, aber noch nicht bezahlt wurde. Buchhalterisch wird dieser Einkauf als \u201eVerbindlichkeit gebucht\u201c, da noch keine geldlichen Mittel an den Verk\u00e4ufer geflossen sind.<\/p>\n<h2>Ausgangsrechnungen<\/h2>\n<p>Wenn die DriLa GmbH nun ihre eigenen Fertigerzeugnisse an ihre Kunden auf Ziel verkauft, schickt sie sogenannte Ausgangsrechnungen raus. Das bedeutet, dass etwas verkauft, aber noch nicht bezahlt wurde. Buchhalterisch wird dieser Verkauf als \u201eForderung gebucht\u201c, da noch keine geldlichen Mittel des Kunden eingegangen sind.<\/p>\n<h2>Quittungen<\/h2>\n<p>Quittungen zeichnen sich dadurch aus, dass die DriLa GmbH etwas in \u201ebar\u201c gekauft. Das bedeutet es floss buchhalterisch Bargeld aus ihren Kassenbest\u00e4nden. Entweder erh\u00f6hte sich das Konto Kasse durch den Bargeldverkauf von Ware oder es verringerte sich das Konto Kasse durch den Bargeldeinkauf von z.B. Rohstoffen oder Handelswaren.<\/p>\n<h2>Kontoausz\u00fcge<\/h2>\n<p>Kontoausz\u00fcge zeigen, inwieweit die DriLa GmbH ihre Rechnungen per Bankkonto bezahlt hat bzw. ihre Kunden die Ausgangsrechnungen per Bank\u00fcberweisungen beglichen haben. Es flie\u00dft hier also Buchgeld und zeigt buchhalterisch die Kontobewegungen der DriLa GmbH.<\/p>\n<p>F\u00fcr die Bearbeitung der folgenden Aufgaben haben wir f\u00fcr die DriLa GmbH exemplarisch folgenden Kontenplan festgelegt:<\/p>\n<p><img decoding=\"async\" loading=\"lazy\" src=\"http:\/\/www.studyhelp.de\/online-lernen\/wp-content\/uploads\/2024\/10\/Kontenplan.jpg\" alt=\"\" width=\"621\" height=\"316\" class=\"alignnone size-full wp-image-18307\" \/><\/p>\n<div class=\"box exercise\">\n<h2>\u00dcbungsaufgabe 1<\/h2>\n<div class=\"Table\">\n<div class=\"Table-row Table-header\">\n<div class=\"Table-row-item\"><\/div>\n<div class=\"Table-row-item\">Buchungssatz<\/div>\n<div class=\"Table-row-item\">r<\/div>\n<div class=\"Table-row-item\">f<\/div>\n<\/p><\/div>\n<div class=\"Table-row\">\n<div class=\"Table-row-item\">a)<\/div>\n<div class=\"Table-row-item\">2499 an 5000 <\/p>\n<p> 2600<\/p><\/div>\n<div class=\"Table-row-item\"><input type=\"checkbox\"><\/div>\n<div class=\"Table-row-item\"><input type=\"checkbox\"><\/div>\n<\/p><\/div>\n<div class=\"Table-row\">\n<div class=\"Table-row-item\">b)<\/div>\n<div class=\"Table-row-item\">5000 an 2404<\/p>\n<p style=\"margin-left: 1.6cm;\">5000<\/p>\n<\/p>\n<\/div>\n<div class=\"Table-row-item\"><input type=\"checkbox\"><\/div>\n<div class=\"Table-row-item\"><input type=\"checkbox\"><\/div>\n<\/p><\/div>\n<div class=\"Table-row\">\n<div class=\"Table-row-item\">c)<\/div>\n<div class=\"Table-row-item\">2404 an 5000<\/p>\n<p style=\"margin-left: 1.6cm;\">4800<\/p>\n<\/div>\n<div class=\"Table-row-item\"><input type=\"checkbox\"><\/div>\n<div class=\"Table-row-item\"><input type=\"checkbox\"><\/div>\n<\/p><\/div>\n<div class=\"Table-row\">\n<div class=\"Table-row-item\">d)<\/div>\n<div class=\"Table-row-item\">5000 an 2404 <\/p>\n<p>4800<\/p><\/div>\n<div class=\"Table-row-item\"><input type=\"checkbox\"><\/div>\n<div class=\"Table-row-item\"><input type=\"checkbox\"><\/div>\n<\/p><\/div>\n<div class=\"Table-row\">\n<div class=\"Table-row-item\">e)<\/div>\n<div class=\"Table-row-item\">2404 an 5000<\/p>\n<p style=\"margin-left: 1.6cm;\">4800<\/p>\n<\/div>\n<div class=\"Table-row-item\"><input type=\"checkbox\"><\/div>\n<div class=\"Table-row-item\"><input type=\"checkbox\"><\/div>\n<\/p><\/div>\n<\/div>\n<p><\/p>\n<h2>\u00dcbungsaufgabe 2<\/h2>\n<p>Gegeben ist die folgende Quittung:<\/p>\n<p><img decoding=\"async\" loading=\"lazy\" src=\"http:\/\/www.studyhelp.de\/online-lernen\/wp-content\/uploads\/2024\/10\/Uebungsquittung-1.jpg\" alt=\"\" width=\"621\" height=\"316\" class=\"alignnone size-full wp-image-18312\" \/><\/p>\n<p>Gib den korrekten Buchungssatz an!<\/p>\n<div class=\"Table\">\n<div class=\"Table-row Table-header\">\n<div class=\"Table-row-item\"><\/div>\n<div class=\"Table-row-item\">Buchungssatz<\/div>\n<div class=\"Table-row-item\">r<\/div>\n<div class=\"Table-row-item\">f<\/div>\n<\/p><\/div>\n<div class=\"Table-row\">\n<div class=\"Table-row-item\">a)<\/div>\n<div class=\"Table-row-item\">2880 an 5100<\/div>\n<div class=\"Table-row-item\"><input type=\"checkbox\"><\/div>\n<div class=\"Table-row-item\"><input type=\"checkbox\"><\/div>\n<\/p><\/div>\n<div class=\"Table-row\">\n<div class=\"Table-row-item\">b)<\/div>\n<div class=\"Table-row-item\">6800 an 4407<\/div>\n<div class=\"Table-row-item\"><input type=\"checkbox\"><\/div>\n<div class=\"Table-row-item\"><input type=\"checkbox\"><\/div>\n<\/p><\/div>\n<div class=\"Table-row\">\n<div class=\"Table-row-item\">c)<\/div>\n<div class=\"Table-row-item\">6800 an 2800 <br \/>2600<\/div>\n<div class=\"Table-row-item\"><input type=\"checkbox\"><\/div>\n<div class=\"Table-row-item\"><input type=\"checkbox\"><\/div>\n<\/p><\/div>\n<div class=\"Table-row\">\n<div class=\"Table-row-item\">d)<\/div>\n<div class=\"Table-row-item\">6810 an 2880 <br \/>2600<\/div>\n<div class=\"Table-row-item\"><input type=\"checkbox\"><\/div>\n<div class=\"Table-row-item\"><input type=\"checkbox\"><\/div>\n<\/p><\/div>\n<div class=\"Table-row\">\n<div class=\"Table-row-item\">e)<\/div>\n<div class=\"Table-row-item\">6810 an 2880 <br \/>2610\n<\/div>\n<div class=\"Table-row-item\"><input type=\"checkbox\"><\/div>\n<div class=\"Table-row-item\"><input type=\"checkbox\"><\/div>\n<\/p><\/div>\n<\/div>\n<\/div>\n<div class=\"box exercise\">\n<h2>L\u00f6sung zu 1<\/h2>\n<p>Die richtigen bzw. falschen Aussagen lauten:<\/p>\n<ol>\n<li>Falsch.<\/li>\n<li>Falsch.<\/li>\n<li>Falsch.<\/li>\n<li>Falsch.<\/li>\n<li>Richtig.<\/li>\n<\/ol>\n<h2>L\u00f6sung zu 2<\/h2>\n<p>Die richtigen bzw. falschen Aussagen lauten:<\/p>\n<ol>\n<li>Falsch.<\/li>\n<li>Falsch.<\/li>\n<li>Falsch.<\/li>\n<li>Falsch.<\/li>\n<li>Richtig.<\/li>\n<\/ol>\n<\/div>\n","protected":false},"excerpt":{"rendered":"<p>Aufgrund der Vorkontierung werden die Buchungen im Grund- und im Hauptbuch vorgenommen. Dabei wird bei jeder Buchung die Belegart und -nummer vermerkt. So kann jederzeit von der Buchung auf den Beleg geschlossen werden. Umgekehrt wird im Buchungsstempel oder auf dem Kontierungsbeleg ein Buchungsvermerk mit Seite und Zeile des Grundbuchs und Buchungsdatum eingetragen. Die Belegablage muss [&hellip;]<\/p>\n","protected":false},"author":19,"featured_media":0,"parent":0,"menu_order":0,"comment_status":"closed","ping_status":"closed","template":"","meta":[],"categories":[88],"tags":[],"yoast_head":"<!-- This site is optimized with the Yoast SEO plugin v14.7 - https:\/\/yoast.com\/wordpress\/plugins\/seo\/ -->\n<title>Belegbuchungen - StudyHelp Online-Lernen<\/title>\n<meta name=\"robots\" content=\"index, follow\" \/>\n<meta name=\"googlebot\" content=\"index, follow, max-snippet:-1, max-image-preview:large, max-video-preview:-1\" \/>\n<meta name=\"bingbot\" content=\"index, follow, max-snippet:-1, max-image-preview:large, max-video-preview:-1\" \/>\n<link rel=\"canonical\" href=\"https:\/\/www.studyhelp.de\/online-lernen\/belegbuchungen\/\" \/>\n<meta property=\"og:locale\" content=\"de_DE\" \/>\n<meta property=\"og:type\" content=\"article\" \/>\n<meta property=\"og:title\" content=\"Belegbuchungen - StudyHelp Online-Lernen\" \/>\n<meta property=\"og:description\" content=\"Aufgrund der Vorkontierung werden die Buchungen im Grund- und im Hauptbuch vorgenommen. Dabei wird bei jeder Buchung die Belegart und -nummer vermerkt. So kann jederzeit von der Buchung auf den Beleg geschlossen werden. Umgekehrt wird im Buchungsstempel oder auf dem Kontierungsbeleg ein Buchungsvermerk mit Seite und Zeile des Grundbuchs und Buchungsdatum eingetragen. Die Belegablage muss [&hellip;]\" \/>\n<meta property=\"og:url\" content=\"https:\/\/www.studyhelp.de\/online-lernen\/belegbuchungen\/\" \/>\n<meta property=\"og:site_name\" content=\"StudyHelp Online-Lernen\" \/>\n<meta property=\"article:modified_time\" content=\"2024-11-13T11:19:34+00:00\" \/>\n<meta property=\"og:image\" content=\"http:\/\/www.studyhelp.de\/online-lernen\/wp-content\/uploads\/2024\/10\/Belegarten.jpg\" \/>\n<meta name=\"twitter:card\" content=\"summary_large_image\" \/>\n<script type=\"application\/ld+json\" class=\"yoast-schema-graph\">{\"@context\":\"https:\/\/schema.org\",\"@graph\":[{\"@type\":\"WebSite\",\"@id\":\"https:\/\/www.studyhelp.de\/online-lernen\/#website\",\"url\":\"https:\/\/www.studyhelp.de\/online-lernen\/\",\"name\":\"StudyHelp Online-Lernen\",\"description\":\"\",\"potentialAction\":[{\"@type\":\"SearchAction\",\"target\":\"https:\/\/www.studyhelp.de\/online-lernen\/?s={search_term_string}\",\"query-input\":\"required name=search_term_string\"}],\"inLanguage\":\"de-DE\"},{\"@type\":\"ImageObject\",\"@id\":\"https:\/\/www.studyhelp.de\/online-lernen\/belegbuchungen\/#primaryimage\",\"inLanguage\":\"de-DE\",\"url\":\"http:\/\/www.studyhelp.de\/online-lernen\/wp-content\/uploads\/2024\/10\/Belegarten.jpg\"},{\"@type\":\"WebPage\",\"@id\":\"https:\/\/www.studyhelp.de\/online-lernen\/belegbuchungen\/#webpage\",\"url\":\"https:\/\/www.studyhelp.de\/online-lernen\/belegbuchungen\/\",\"name\":\"Belegbuchungen - StudyHelp Online-Lernen\",\"isPartOf\":{\"@id\":\"https:\/\/www.studyhelp.de\/online-lernen\/#website\"},\"primaryImageOfPage\":{\"@id\":\"https:\/\/www.studyhelp.de\/online-lernen\/belegbuchungen\/#primaryimage\"},\"datePublished\":\"2024-11-13T11:08:36+00:00\",\"dateModified\":\"2024-11-13T11:19:34+00:00\",\"inLanguage\":\"de-DE\",\"potentialAction\":[{\"@type\":\"ReadAction\",\"target\":[\"https:\/\/www.studyhelp.de\/online-lernen\/belegbuchungen\/\"]}]}]}<\/script>\n<!-- \/ Yoast SEO plugin. -->","_links":{"self":[{"href":"https:\/\/www.studyhelp.de\/online-lernen\/wp-json\/wp\/v2\/pages\/18301"}],"collection":[{"href":"https:\/\/www.studyhelp.de\/online-lernen\/wp-json\/wp\/v2\/pages"}],"about":[{"href":"https:\/\/www.studyhelp.de\/online-lernen\/wp-json\/wp\/v2\/types\/page"}],"author":[{"embeddable":true,"href":"https:\/\/www.studyhelp.de\/online-lernen\/wp-json\/wp\/v2\/users\/19"}],"replies":[{"embeddable":true,"href":"https:\/\/www.studyhelp.de\/online-lernen\/wp-json\/wp\/v2\/comments?post=18301"}],"version-history":[{"count":23,"href":"https:\/\/www.studyhelp.de\/online-lernen\/wp-json\/wp\/v2\/pages\/18301\/revisions"}],"predecessor-version":[{"id":18332,"href":"https:\/\/www.studyhelp.de\/online-lernen\/wp-json\/wp\/v2\/pages\/18301\/revisions\/18332"}],"wp:attachment":[{"href":"https:\/\/www.studyhelp.de\/online-lernen\/wp-json\/wp\/v2\/media?parent=18301"}],"wp:term":[{"taxonomy":"category","embeddable":true,"href":"https:\/\/www.studyhelp.de\/online-lernen\/wp-json\/wp\/v2\/categories?post=18301"},{"taxonomy":"post_tag","embeddable":true,"href":"https:\/\/www.studyhelp.de\/online-lernen\/wp-json\/wp\/v2\/tags?post=18301"}],"curies":[{"name":"wp","href":"https:\/\/api.w.org\/{rel}","templated":true}]}}