{"id":18373,"date":"2024-11-13T12:20:25","date_gmt":"2024-11-13T11:20:25","guid":{"rendered":"https:\/\/www.studyhelp.de\/online-lernen\/?page_id=18373"},"modified":"2024-11-13T12:20:25","modified_gmt":"2024-11-13T11:20:25","slug":"bilanzierung-des-kapitals","status":"publish","type":"page","link":"https:\/\/www.studyhelp.de\/online-lernen\/bilanzierung-des-kapitals\/","title":{"rendered":"Bilanzierung des Kapitals"},"content":{"rendered":"<p><strong>Verbindlichkeiten<\/strong> sind zum Bilanzstichtag zu <strong>ihrem H\u00f6chstwert<\/strong>, also mit ihrem h\u00f6heren R\u00fcckzahlungsbetrag in die Bilanz einzusetzen. Das ist z.B. der Fall bei W\u00e4hrungsverbindlichkeiten, Hypotheken oder nat\u00fcrlich bei der <strong>Bildung von R\u00fcckstellungen<\/strong>. R\u00fcckstellungen werden f\u00fcr zuk\u00fcnftige Aufwendungen gebildet, die mit gro\u00dfer Wahrscheinlichkeit eintreten, deren H\u00f6he und Zahlungszeitpunkt aber noch unbekannt ist.<\/p>\n<p><img decoding=\"async\" loading=\"lazy\" src=\"http:\/\/www.studyhelp.de\/online-lernen\/wp-content\/uploads\/2024\/11\/Bilanzierung-des-Kapitals.jpg\" alt=\"\" width=\"621\" height=\"316\" class=\"alignnone size-full wp-image-18375\" \/><\/p>\n<p><strong>R\u00fcckstellungen<\/strong><\/p>\n<p>Aus Gr\u00fcnden einer periodengerechten Erfolgsermittlung sind zum Bilanzstichtag auch solche Aufwendungen zu erfassen, deren H\u00f6he und\/oder F\u00e4lligkeit noch nicht bekannt sind, die jedoch wirtschaftlich dem Abschlussjahr zugerechnet werden m\u00fcssen. F\u00fcr diese Aufwendungen sind die Betr\u00e4ge zu sch\u00e4tzen und als Verbindlichkeiten in Form von R\u00fcckstellungen auf der Passivseite der Bilanz auszuweisen. Die Ungewissheit \u00fcber H\u00f6he und\/oder F\u00e4lligkeit der Verbindlichkeiten unterscheidet die R\u00fcckstellungen von den genau bestimmbaren <em>sonstigen Verbindlichkeiten<\/em>.<\/p>\n<div class=\"box info\">\nNach \u00a7 249 (1) HGB m\u00fcssen R\u00fcckstellungen gebildet werden f\u00fcr:<\/p>\n<ul>\n<li>ungewisse Verbindlichkeiten (z.B. zu erwartende Steuernachzahlungen, Prozesskosten, Pensionsverpflichtungen, B\u00fcrgschaften, Garantieverpflichtungen)<\/li>\n<li>drohende Verluste aus schwebenden Gesch\u00e4ften (z.B. durch Konjunkturschwankungen)<\/li>\n<li>unterlassene Instandhaltungsaufwendungen<\/li>\n<li>Gew\u00e4hrleistungen ohne rechtliche Verpflichtungen (z.B. Kulanzgew\u00e4hrleistungen)<\/li>\n<\/ul>\n<\/div>\n<p>Zusammenfassend m\u00fcssen Unternehmen zum Ende eines Gesch\u00e4ftsjahres einen Jahresabschluss erstellen. Die Bestandteile sind:<\/p>\n<p><img decoding=\"async\" loading=\"lazy\" src=\"http:\/\/www.studyhelp.de\/online-lernen\/wp-content\/uploads\/2024\/11\/Bilanzierung-des-Kapitals2.jpg\" alt=\"\" width=\"612\" height=\"316\" class=\"alignnone size-full wp-image-18377\" \/><\/p>\n<p>Der Jahresabschluss soll \u00fcber die Verm\u00f6gens- und Schuldenlage sowie den Erfolg des Unternehmens Auskunft geben. Die Grunds\u00e4tze dazu stellen sich zusammenfassend wie folgt dar:<\/p>\n<ul>\n<li><strong>Periodengerechte Abgenzung><\/strong><br \/>\nAlle Aufwendungen und Ertr\u00e4ge, die zum GJ geh\u00f6ren, m\u00fcssen erfasst werden. <\/li>\n<li><strong>Vollst\u00e4ndigkeit und Richtigkeit<\/strong><br \/>\nAlle Posten m\u00fcssen mit den korrekten Werten aufgef\u00fchrt werden.<\/li>\n<li><strong>Klarheit und \u00dcbersichtlichkeit<\/strong><br \/>\nDie Bilanz und GuV m\u00fcssen klar gegliedert sein und die Posten der Bilanz m\u00fcssen eindeutige Bezeichnungen aufweisen.<\/li>\n<li><strong>Einzelbewertung<\/strong><br \/>\nGrunds\u00e4tzlich muss jeder Verm\u00f6gens- und Schuldenposten einzeln bewertet werden.<\/li>\n<li><strong>Vorsichtsprinzip<\/strong><br \/>\nVerm\u00f6gen und Schulden m\u00fcssen tendenziell vorsichtig bewertet werden, d.h. Verm\u00f6gen eher niedrig, Schulden eher hoch.<\/li>\n<\/ul>\n<p>Auf Grundlage dieser Grunds\u00e4tze muss eine Inventur und eine Bewertung von Verm\u00f6gen und Schulden durchgef\u00fchrt und eine periodengerechte Abgrenzung von Aufwendungen und Ertr\u00e4gen vorgenommen werden. Das Ergebnis ist die Erstellung einer korrekt gegliederten Jahresbilanz und einer Gewinn- und Verlustrechnung (GuV).<\/p>\n<div class=\"box exercise\">\n<h2>\u00dcbungsaufgaben<\/h2>\n<p>Kreuze an, ob nachfolgende Aussagen richtig (r) oder falsch (f) sind!<\/p>\n<div class=\"Table\">\n<div class=\"Table-row Table-header\">\n<div class=\"Table-row-item\"><\/div>\n<div class=\"Table-row-item\">Aussage<\/div>\n<div class=\"Table-row-item\">r<\/div>\n<div class=\"Table-row-item\">f<\/div>\n<\/p><\/div>\n<div class=\"Table-row\">\n<div class=\"Table-row-item\">a)<\/div>\n<div class=\"Table-row-item\">R\u00fcckstellungen sind zuk\u00fcnfige Aufwendungen, deren Eintrittswahrscheinlichkeit noch ungewiss ist. R\u00fcckstellungen werden vorgenommen, um Aufwendungen periodengerecht abzugrenzen.<\/div>\n<div class=\"Table-row-item\"><input type=\"checkbox\"><\/div>\n<div class=\"Table-row-item\"><input type=\"checkbox\"><\/div>\n<\/p><\/div>\n<div class=\"Table-row\">\n<div class=\"Table-row-item\">b)<\/div>\n<div class=\"Table-row-item\">R\u00fcckstellungen m\u00fcssen gebildet werden, da sie immer mal eintreten k\u00f6nnen. Die Bewertung erfolgt anhand einer Sch\u00e4tzung, da die H\u00f6he des R\u00fcckstellungsbetrags unsicher ist.<\/div>\n<div class=\"Table-row-item\"><input type=\"checkbox\"><\/div>\n<div class=\"Table-row-item\"><input type=\"checkbox\"><\/div>\n<\/p><\/div>\n<div class=\"Table-row\">\n<div class=\"Table-row-item\">c)<\/div>\n<div class=\"Table-row-item\">R\u00fcckstellungen werden f\u00fcr Aufwendungen gebildet, die mit gro\u00dfer Wahrscheinlichkeit eintreten, deren H\u00f6he und Zahlungszeitpunkt aber noch unbekannt sind.<\/div>\n<div class=\"Table-row-item\"><input type=\"checkbox\"><\/div>\n<div class=\"Table-row-item\"><input type=\"checkbox\"><\/div>\n<\/p><\/div>\n<div class=\"Table-row\">\n<div class=\"Table-row-item\">d)<\/div>\n<div class=\"Table-row-item\">Das Konto R\u00fcckstellungen ist ein Aufwandskonto und wird \u00fcber GuV abgeschlossen.<\/div>\n<div class=\"Table-row-item\"><input type=\"checkbox\"><\/div>\n<div class=\"Table-row-item\"><input type=\"checkbox\"><\/div>\n<\/p><\/div>\n<div class=\"Table-row\">\n<div class=\"Table-row-item\">e)<\/div>\n<div class=\"Table-row-item\">Das Konto R\u00fcckstellungen ist ein Passivkonto und wird \u00fcber die Schlussbilanz abgeschlossen.<\/div>\n<div class=\"Table-row-item\"><input type=\"checkbox\"><\/div>\n<div class=\"Table-row-item\"><input type=\"checkbox\"><\/div>\n<\/p><\/div>\n<\/div>\n<\/div>\n<div class=\"box exercise\">\n<h2>\u00dcbungen<\/h2>\n<p>Die richtigen bzw. falschen Aussagen lauten:<\/p>\n<ol>\n<li>Falsch, R\u00fcckstellungen sind zuk\u00fcnftige Aufwendungen, die voraussichtlich eintreffen und begr\u00fcndet sind. Nur die H\u00f6he und der Zeitpunkt sind noch ungewiss.<\/li>\n<li>Falsch, R\u00fcckstellungen m\u00fcssen gebildet werden, wenn es begr\u00fcndet ist. Sie treten nat\u00fcrlich nicht immer auf.<\/li>\n<li>Richtig.<\/li>\n<li>Falsch, das Konto R\u00fcckstellungen ist ein Passivkonto und wird \u00fcber das SBK abgeschlossen.<\/li>\n<li>Richtig.<\/li>\n<\/ol>\n<\/div>\n","protected":false},"excerpt":{"rendered":"<p>Verbindlichkeiten sind zum Bilanzstichtag zu ihrem H\u00f6chstwert, also mit ihrem h\u00f6heren R\u00fcckzahlungsbetrag in die Bilanz einzusetzen. Das ist z.B. der Fall bei W\u00e4hrungsverbindlichkeiten, Hypotheken oder nat\u00fcrlich bei der Bildung von R\u00fcckstellungen. R\u00fcckstellungen werden f\u00fcr zuk\u00fcnftige Aufwendungen gebildet, die mit gro\u00dfer Wahrscheinlichkeit eintreten, deren H\u00f6he und Zahlungszeitpunkt aber noch unbekannt ist. R\u00fcckstellungen Aus Gr\u00fcnden einer periodengerechten [&hellip;]<\/p>\n","protected":false},"author":19,"featured_media":0,"parent":0,"menu_order":0,"comment_status":"closed","ping_status":"closed","template":"","meta":[],"categories":[88],"tags":[],"yoast_head":"<!-- This site is optimized with the Yoast SEO plugin v14.7 - https:\/\/yoast.com\/wordpress\/plugins\/seo\/ -->\n<title>Bilanzierung des Kapitals - StudyHelp Online-Lernen<\/title>\n<meta name=\"robots\" content=\"index, follow\" \/>\n<meta name=\"googlebot\" content=\"index, follow, max-snippet:-1, max-image-preview:large, max-video-preview:-1\" \/>\n<meta name=\"bingbot\" content=\"index, follow, max-snippet:-1, max-image-preview:large, max-video-preview:-1\" \/>\n<link rel=\"canonical\" href=\"https:\/\/www.studyhelp.de\/online-lernen\/bilanzierung-des-kapitals\/\" \/>\n<meta property=\"og:locale\" content=\"de_DE\" \/>\n<meta property=\"og:type\" content=\"article\" \/>\n<meta property=\"og:title\" content=\"Bilanzierung des Kapitals - StudyHelp Online-Lernen\" \/>\n<meta property=\"og:description\" content=\"Verbindlichkeiten sind zum Bilanzstichtag zu ihrem H\u00f6chstwert, also mit ihrem h\u00f6heren R\u00fcckzahlungsbetrag in die Bilanz einzusetzen. Das ist z.B. der Fall bei W\u00e4hrungsverbindlichkeiten, Hypotheken oder nat\u00fcrlich bei der Bildung von R\u00fcckstellungen. R\u00fcckstellungen werden f\u00fcr zuk\u00fcnftige Aufwendungen gebildet, die mit gro\u00dfer Wahrscheinlichkeit eintreten, deren H\u00f6he und Zahlungszeitpunkt aber noch unbekannt ist. R\u00fcckstellungen Aus Gr\u00fcnden einer periodengerechten [&hellip;]\" \/>\n<meta property=\"og:url\" content=\"https:\/\/www.studyhelp.de\/online-lernen\/bilanzierung-des-kapitals\/\" \/>\n<meta property=\"og:site_name\" content=\"StudyHelp Online-Lernen\" \/>\n<meta property=\"og:image\" content=\"http:\/\/www.studyhelp.de\/online-lernen\/wp-content\/uploads\/2024\/11\/Bilanzierung-des-Kapitals.jpg\" \/>\n<meta name=\"twitter:card\" content=\"summary_large_image\" \/>\n<script type=\"application\/ld+json\" class=\"yoast-schema-graph\">{\"@context\":\"https:\/\/schema.org\",\"@graph\":[{\"@type\":\"WebSite\",\"@id\":\"https:\/\/www.studyhelp.de\/online-lernen\/#website\",\"url\":\"https:\/\/www.studyhelp.de\/online-lernen\/\",\"name\":\"StudyHelp Online-Lernen\",\"description\":\"\",\"potentialAction\":[{\"@type\":\"SearchAction\",\"target\":\"https:\/\/www.studyhelp.de\/online-lernen\/?s={search_term_string}\",\"query-input\":\"required name=search_term_string\"}],\"inLanguage\":\"de-DE\"},{\"@type\":\"ImageObject\",\"@id\":\"https:\/\/www.studyhelp.de\/online-lernen\/bilanzierung-des-kapitals\/#primaryimage\",\"inLanguage\":\"de-DE\",\"url\":\"http:\/\/www.studyhelp.de\/online-lernen\/wp-content\/uploads\/2024\/11\/Bilanzierung-des-Kapitals.jpg\"},{\"@type\":\"WebPage\",\"@id\":\"https:\/\/www.studyhelp.de\/online-lernen\/bilanzierung-des-kapitals\/#webpage\",\"url\":\"https:\/\/www.studyhelp.de\/online-lernen\/bilanzierung-des-kapitals\/\",\"name\":\"Bilanzierung des Kapitals - StudyHelp Online-Lernen\",\"isPartOf\":{\"@id\":\"https:\/\/www.studyhelp.de\/online-lernen\/#website\"},\"primaryImageOfPage\":{\"@id\":\"https:\/\/www.studyhelp.de\/online-lernen\/bilanzierung-des-kapitals\/#primaryimage\"},\"datePublished\":\"2024-11-13T11:20:25+00:00\",\"dateModified\":\"2024-11-13T11:20:25+00:00\",\"inLanguage\":\"de-DE\",\"potentialAction\":[{\"@type\":\"ReadAction\",\"target\":[\"https:\/\/www.studyhelp.de\/online-lernen\/bilanzierung-des-kapitals\/\"]}]}]}<\/script>\n<!-- \/ Yoast SEO plugin. -->","_links":{"self":[{"href":"https:\/\/www.studyhelp.de\/online-lernen\/wp-json\/wp\/v2\/pages\/18373"}],"collection":[{"href":"https:\/\/www.studyhelp.de\/online-lernen\/wp-json\/wp\/v2\/pages"}],"about":[{"href":"https:\/\/www.studyhelp.de\/online-lernen\/wp-json\/wp\/v2\/types\/page"}],"author":[{"embeddable":true,"href":"https:\/\/www.studyhelp.de\/online-lernen\/wp-json\/wp\/v2\/users\/19"}],"replies":[{"embeddable":true,"href":"https:\/\/www.studyhelp.de\/online-lernen\/wp-json\/wp\/v2\/comments?post=18373"}],"version-history":[{"count":7,"href":"https:\/\/www.studyhelp.de\/online-lernen\/wp-json\/wp\/v2\/pages\/18373\/revisions"}],"predecessor-version":[{"id":18382,"href":"https:\/\/www.studyhelp.de\/online-lernen\/wp-json\/wp\/v2\/pages\/18373\/revisions\/18382"}],"wp:attachment":[{"href":"https:\/\/www.studyhelp.de\/online-lernen\/wp-json\/wp\/v2\/media?parent=18373"}],"wp:term":[{"taxonomy":"category","embeddable":true,"href":"https:\/\/www.studyhelp.de\/online-lernen\/wp-json\/wp\/v2\/categories?post=18373"},{"taxonomy":"post_tag","embeddable":true,"href":"https:\/\/www.studyhelp.de\/online-lernen\/wp-json\/wp\/v2\/tags?post=18373"}],"curies":[{"name":"wp","href":"https:\/\/api.w.org\/{rel}","templated":true}]}}