{"id":18394,"date":"2024-11-13T12:21:08","date_gmt":"2024-11-13T11:21:08","guid":{"rendered":"https:\/\/www.studyhelp.de\/online-lernen\/?page_id=18394"},"modified":"2024-11-13T12:21:08","modified_gmt":"2024-11-13T11:21:08","slug":"buchfuehrung-auf-konten","status":"publish","type":"page","link":"https:\/\/www.studyhelp.de\/online-lernen\/buchfuehrung-auf-konten\/","title":{"rendered":"Buchf\u00fchrung auf Konten"},"content":{"rendered":"<h2>Buchungen auf Bestandskonten<\/h2>\n<p>Wir m\u00f6chten im Folgenden Buchungen auf Bestands- und Erfolgskonten mit Besonderheiten exemplarisch thematisieren und in Form von Fallsituationen der DriLa GmbH darstellen. Die Buchungss\u00e4tze zu den einzelnen Themen sollen hier im Vordergrund stehen.<\/p>\n<h3>Kauf und Bezahlung von Waren<\/h3>\n<p><strong>Beispiel:<\/strong> <em>Die DriLa GmbH kauft Waren auf Ziel in H\u00f6he von 17.850 \u20ac und bezahlt die Eingangsrechnung 30 Tage sp\u00e4ter auf das Konto des Lieferanten.<\/em><\/p>\n<p><img decoding=\"async\" loading=\"lazy\" src=\"http:\/\/www.studyhelp.de\/online-lernen\/wp-content\/uploads\/2024\/11\/Bestandskonten-1.jpg\" alt=\"\" width=\"621\" height=\"316\" class=\"alignnone size-full wp-image-18397\" \/><\/p>\n<p><strong>Beispiel:<\/strong> <em>Die DriLa GmbH hat Waren in H\u00f6he von 17.850 \u20ac auf Ziel gekauft und bezahlt die Eingangsrechnung nach 10 Tagen unter Abzug von 2% Skonto an ihren Lieferanten.<\/em><\/p>\n<p><img decoding=\"async\" loading=\"lazy\" src=\"http:\/\/www.studyhelp.de\/online-lernen\/wp-content\/uploads\/2024\/11\/Bestandskonten-2.jpg\" alt=\"\" width=\"621\" height=\"316\" class=\"alignnone size-full wp-image-18398\" \/><\/p>\n<p>Der Lieferant kann sofortige Zahlung verlangen, falls \u00fcber den Zahlungszeitpunkt keine vertraglichen Vereinbarungen vorliegen. Wird f\u00fcr die Zahlung ein bestimmtes Zahlungsziel, z.B. zahlbar innerhalb von 30 Tagen ab Rechnungseingang, vereinbart, dann gew\u00e4hrt der Lieferant einen Kredit, den er sich, enthalten im vereinbarten Preis, verzinsen l\u00e4sst. M\u00f6chte der Lieferant vorzeitig die Zahlung erreichen, dann gew\u00e4hrt er als Verzicht auf den Kredit einen Nachlass auf den Rechnungsbetrag, der als <strong>Skonto<\/strong> bezeichnet wird, z.B. 2% Skonto bei Zahlung innerhalb von 14 Tagen.<br \/>\nDurch die Ausnutzung von Skonti m\u00fcssen buchhalterisch die oben genannten 2% Skonto ber\u00fccksichtigt bzw. korrigiert werden, da in c) die Verbindlichkeiten zwar per Bank\u00fcberweisung bezahlt werden, aber durch den Skontoabzug verringert \u00fcberwiesen werden, als vorher gebucht worden ist. Das bedeutet durch die 2% Skonto muss die Vorsteuer korrigiert werden (es muss weniger gezahlt werden, als die ER ausgewiesen hat) und der Warenwert muss dementsprechend angepasst werden.<\/p>\n<p>Im folgenden Video findest du noch mehr Informationen zum Thema <em>Skonto<\/em>:<br \/>\n<div class=\"lyte-wrapper\" style=\"width:420px;max-width:100%;margin:5px;\"><div class=\"lyMe\" id=\"WYL_KUsGAyFoMsE\"><div id=\"lyte_KUsGAyFoMsE\" data-src=\"https:\/\/www.studyhelp.de\/online-lernen\/wp-content\/plugins\/wp-youtube-lyte\/lyteCache.php?origThumbUrl=%2F%2Fi.ytimg.com%2Fvi%2FKUsGAyFoMsE%2Fhqdefault.jpg\" class=\"pL\"><div class=\"tC\"><div class=\"tT\"><\/div><\/div><div class=\"play\"><\/div><div class=\"ctrl\"><div class=\"Lctrl\"><\/div><div class=\"Rctrl\"><\/div><\/div><\/div><noscript><a href=\"https:\/\/youtu.be\/KUsGAyFoMsE\" rel=\"nofollow\"><img src=\"https:\/\/www.studyhelp.de\/online-lernen\/wp-content\/plugins\/wp-youtube-lyte\/lyteCache.php?origThumbUrl=https%3A%2F%2Fi.ytimg.com%2Fvi%2FKUsGAyFoMsE%2F0.jpg\" alt=\"YouTube-Video-Thumbnail\" width=\"420\" height=\"216\" \/><br \/>Dieses Video auf YouTube ansehen<\/a><\/noscript><\/div><\/div><div class=\"lL\" style=\"max-width:100%;width:420px;margin:5px;\"><\/div><br \/>\n<\/p>\n<h3>R\u00fccksendung von Waren<\/h3>\n<p><strong>Beispiel<\/strong><em> Die DriLa GmbH hat Waren in H\u00f6he von 17.850 \u20ac auf Ziel gekauft und bezahlt nun die Eingangsrechnung nach 30 Tagen an ihren Lieferanten.<\/p>\n<p><img decoding=\"async\" loading=\"lazy\" src=\"http:\/\/www.studyhelp.de\/online-lernen\/wp-content\/uploads\/2024\/11\/Bestandskonten-3.jpg\" alt=\"\" width=\"621\" height=\"316\" class=\"alignnone size-full wp-image-18400\" \/><\/p>\n<p>Durch die R\u00fccksendung der Ware ohne Besonderheiten wie z.B. Wertminderungen oder Konventionalstrafen, wird durch den umgekehrten Buchungssatz der Vorgang einfach wieder ausgebucht.<\/p>\n","protected":false},"excerpt":{"rendered":"<p>Buchungen auf Bestandskonten Wir m\u00f6chten im Folgenden Buchungen auf Bestands- und Erfolgskonten mit Besonderheiten exemplarisch thematisieren und in Form von Fallsituationen der DriLa GmbH darstellen. Die Buchungss\u00e4tze zu den einzelnen Themen sollen hier im Vordergrund stehen. Kauf und Bezahlung von Waren Beispiel: Die DriLa GmbH kauft Waren auf Ziel in H\u00f6he von 17.850 \u20ac und [&hellip;]<\/p>\n","protected":false},"author":19,"featured_media":0,"parent":0,"menu_order":0,"comment_status":"closed","ping_status":"closed","template":"","meta":[],"categories":[88],"tags":[],"yoast_head":"<!-- This site is optimized with the Yoast SEO plugin v14.7 - https:\/\/yoast.com\/wordpress\/plugins\/seo\/ -->\n<title>Buchf\u00fchrung auf Konten - StudyHelp Online-Lernen<\/title>\n<meta name=\"robots\" content=\"index, follow\" \/>\n<meta name=\"googlebot\" content=\"index, follow, max-snippet:-1, max-image-preview:large, max-video-preview:-1\" \/>\n<meta name=\"bingbot\" content=\"index, follow, max-snippet:-1, max-image-preview:large, max-video-preview:-1\" \/>\n<link rel=\"canonical\" href=\"https:\/\/www.studyhelp.de\/online-lernen\/buchfuehrung-auf-konten\/\" \/>\n<meta property=\"og:locale\" content=\"de_DE\" \/>\n<meta property=\"og:type\" content=\"article\" \/>\n<meta property=\"og:title\" content=\"Buchf\u00fchrung auf Konten - StudyHelp Online-Lernen\" \/>\n<meta property=\"og:description\" content=\"Buchungen auf Bestandskonten Wir m\u00f6chten im Folgenden Buchungen auf Bestands- und Erfolgskonten mit Besonderheiten exemplarisch thematisieren und in Form von Fallsituationen der DriLa GmbH darstellen. Die Buchungss\u00e4tze zu den einzelnen Themen sollen hier im Vordergrund stehen. Kauf und Bezahlung von Waren Beispiel: Die DriLa GmbH kauft Waren auf Ziel in H\u00f6he von 17.850 \u20ac und [&hellip;]\" \/>\n<meta property=\"og:url\" content=\"https:\/\/www.studyhelp.de\/online-lernen\/buchfuehrung-auf-konten\/\" \/>\n<meta property=\"og:site_name\" content=\"StudyHelp Online-Lernen\" \/>\n<meta property=\"og:image\" content=\"http:\/\/www.studyhelp.de\/online-lernen\/wp-content\/uploads\/2024\/11\/Bestandskonten-1.jpg\" \/>\n<meta name=\"twitter:card\" content=\"summary_large_image\" \/>\n<script type=\"application\/ld+json\" class=\"yoast-schema-graph\">{\"@context\":\"https:\/\/schema.org\",\"@graph\":[{\"@type\":\"WebSite\",\"@id\":\"https:\/\/www.studyhelp.de\/online-lernen\/#website\",\"url\":\"https:\/\/www.studyhelp.de\/online-lernen\/\",\"name\":\"StudyHelp Online-Lernen\",\"description\":\"\",\"potentialAction\":[{\"@type\":\"SearchAction\",\"target\":\"https:\/\/www.studyhelp.de\/online-lernen\/?s={search_term_string}\",\"query-input\":\"required name=search_term_string\"}],\"inLanguage\":\"de-DE\"},{\"@type\":\"ImageObject\",\"@id\":\"https:\/\/www.studyhelp.de\/online-lernen\/buchfuehrung-auf-konten\/#primaryimage\",\"inLanguage\":\"de-DE\",\"url\":\"http:\/\/www.studyhelp.de\/online-lernen\/wp-content\/uploads\/2024\/11\/Bestandskonten-1.jpg\"},{\"@type\":\"WebPage\",\"@id\":\"https:\/\/www.studyhelp.de\/online-lernen\/buchfuehrung-auf-konten\/#webpage\",\"url\":\"https:\/\/www.studyhelp.de\/online-lernen\/buchfuehrung-auf-konten\/\",\"name\":\"Buchf\\u00fchrung auf Konten - StudyHelp Online-Lernen\",\"isPartOf\":{\"@id\":\"https:\/\/www.studyhelp.de\/online-lernen\/#website\"},\"primaryImageOfPage\":{\"@id\":\"https:\/\/www.studyhelp.de\/online-lernen\/buchfuehrung-auf-konten\/#primaryimage\"},\"datePublished\":\"2024-11-13T11:21:08+00:00\",\"dateModified\":\"2024-11-13T11:21:08+00:00\",\"inLanguage\":\"de-DE\",\"potentialAction\":[{\"@type\":\"ReadAction\",\"target\":[\"https:\/\/www.studyhelp.de\/online-lernen\/buchfuehrung-auf-konten\/\"]}]}]}<\/script>\n<!-- \/ Yoast SEO plugin. -->","_links":{"self":[{"href":"https:\/\/www.studyhelp.de\/online-lernen\/wp-json\/wp\/v2\/pages\/18394"}],"collection":[{"href":"https:\/\/www.studyhelp.de\/online-lernen\/wp-json\/wp\/v2\/pages"}],"about":[{"href":"https:\/\/www.studyhelp.de\/online-lernen\/wp-json\/wp\/v2\/types\/page"}],"author":[{"embeddable":true,"href":"https:\/\/www.studyhelp.de\/online-lernen\/wp-json\/wp\/v2\/users\/19"}],"replies":[{"embeddable":true,"href":"https:\/\/www.studyhelp.de\/online-lernen\/wp-json\/wp\/v2\/comments?post=18394"}],"version-history":[{"count":5,"href":"https:\/\/www.studyhelp.de\/online-lernen\/wp-json\/wp\/v2\/pages\/18394\/revisions"}],"predecessor-version":[{"id":18403,"href":"https:\/\/www.studyhelp.de\/online-lernen\/wp-json\/wp\/v2\/pages\/18394\/revisions\/18403"}],"wp:attachment":[{"href":"https:\/\/www.studyhelp.de\/online-lernen\/wp-json\/wp\/v2\/media?parent=18394"}],"wp:term":[{"taxonomy":"category","embeddable":true,"href":"https:\/\/www.studyhelp.de\/online-lernen\/wp-json\/wp\/v2\/categories?post=18394"},{"taxonomy":"post_tag","embeddable":true,"href":"https:\/\/www.studyhelp.de\/online-lernen\/wp-json\/wp\/v2\/tags?post=18394"}],"curies":[{"name":"wp","href":"https:\/\/api.w.org\/{rel}","templated":true}]}}