{"id":18415,"date":"2024-11-13T12:02:34","date_gmt":"2024-11-13T11:02:34","guid":{"rendered":"https:\/\/www.studyhelp.de\/online-lernen\/?page_id=18415"},"modified":"2024-11-13T12:04:01","modified_gmt":"2024-11-13T11:04:01","slug":"einfuehrung-buchfuehrung","status":"publish","type":"page","link":"https:\/\/www.studyhelp.de\/online-lernen\/einfuehrung-buchfuehrung\/","title":{"rendered":"Einf\u00fchrung: Buchf\u00fchrung"},"content":{"rendered":"<p>Die Beziehungen eines Unternehmens zu Au\u00dfenstehenden \u2013 z.B. zu Kunden, Lieferanten oder zum Finanzamt \u2013 f\u00fchren zu Einnahmen oder Ausgaben und zu Ver\u00e4nderungen des unternehmensbezogenen Verm\u00f6gens oder seiner Schulden. Solche Vorg\u00e4nge werden in der Buchf\u00fchrung als Gesch\u00e4ftsf\u00e4lle bezeichnet. Die Buchf\u00fchrung zeichnet die Gesch\u00e4ftsf\u00e4lle planm\u00e4\u00dfig und l\u00fcckenlos nach ihrem Inhalt und Wert auf. Sie dient der Selbstinformation des Unternehmens \u00fcber den Erfolg (Gewinn oder Verlust) der Unternehmenst\u00e4tigkeit sowie \u00fcber den Stand des Verm\u00f6gens und der Schulden. Au\u00dferdem erf\u00fcllt die Buchf\u00fchrung, insbesondere gegen\u00fcber dem Finanzamt, den Zweck der Fremdinformation. Die aus der Unternehmenst\u00e4tigkeit erzielten Eink\u00fcnfte unterliegen der Steuer. Auch den Nachweis \u00fcber diese Eink\u00fcnfte erbringt die Buchf\u00fchrung.<\/p>\n<p>Das Rechnungswesen ist ein umfassendes Instrument zur Steuerung des Unternehmens und ist in mehrere Teilbereiche gegliedert.<\/p>\n<p><img decoding=\"async\" loading=\"lazy\" src=\"http:\/\/www.studyhelp.de\/online-lernen\/wp-content\/uploads\/2024\/11\/Aufgaben-des-Rechnungswesens.jpg\" alt=\"\" width=\"631\" height=\"210\" class=\"alignnone size-full wp-image-18427\" \/><\/p>\n<p>\n<div class=\"lyte-wrapper\" style=\"width:420px;max-width:100%;margin:5px;\"><div class=\"lyMe\" id=\"WYL__f6XIvVcd-U\"><div id=\"lyte__f6XIvVcd-U\" data-src=\"https:\/\/www.studyhelp.de\/online-lernen\/wp-content\/plugins\/wp-youtube-lyte\/lyteCache.php?origThumbUrl=%2F%2Fi.ytimg.com%2Fvi%2F_f6XIvVcd-U%2Fhqdefault.jpg\" class=\"pL\"><div class=\"tC\"><div class=\"tT\"><\/div><\/div><div class=\"play\"><\/div><div class=\"ctrl\"><div class=\"Lctrl\"><\/div><div class=\"Rctrl\"><\/div><\/div><\/div><noscript><a href=\"https:\/\/youtu.be\/_f6XIvVcd-U\" rel=\"nofollow\"><img src=\"https:\/\/www.studyhelp.de\/online-lernen\/wp-content\/plugins\/wp-youtube-lyte\/lyteCache.php?origThumbUrl=https%3A%2F%2Fi.ytimg.com%2Fvi%2F_f6XIvVcd-U%2F0.jpg\" alt=\"YouTube-Video-Thumbnail\" width=\"420\" height=\"216\" \/><br \/>Dieses Video auf YouTube ansehen<\/a><\/noscript><\/div><\/div><div class=\"lL\" style=\"max-width:100%;width:420px;margin:5px;\"><\/div><br \/>\n<\/p>\n<h2>Buchf\u00fchrung<\/h2>\n<p>In der Buchf\u00fchrung werden alle Gesch\u00e4ftsf\u00e4lle dokumentiert und somit kann der Erfolg (entweder als Gewinn oder Verlust) eines Gesch\u00e4ftsjahres ermittelt werden.<\/p>\n<p><strong>Beispiel<\/strong><\/p>\n<ul>\n<li>Die Umsatzerl\u00f6se von Kunden, die Lohn- und Gehaltszahlungen an die Mitarbeiter, die Ein- und Auszahlungen beim Bankkonto m\u00fcssen dokumentiert werden.<\/li>\n<li>Aufwendungen und Ertr\u00e4ge in Bar k\u00f6nnen nach Kassenbelegen konkret erfasst und im Kassenbuch abgestimmt werden.<\/li>\n<\/ul>\n<h2>Gewinn- und Verlustrechnung<\/h2>\n<p>Aus den t\u00e4glichen buchhalterischen Aufzeichnungen im Unternehmen l\u00e4sst sich durch eine Gegen\u00fcberstellung von Betriebseinnahmen und Betriebsausgaben der Unternehmenserfolg (Gewinn oder Verlust) eines Zeitabschnitts ermitteln.<\/p>\n<p><strong>Beispiel<\/strong><\/p>\n<ul>\n<li>Das Finanzamt fordert vom Einzelunternehmer Paul M\u00fcller die Einkommenssteuer. Die H\u00f6he der Einkommenssteuer ist unter anderem abh\u00e4ngig vom Gewinn der Unternehmung.<\/li>\n<li> Der Einzelunternehmer Paul M\u00fcller \u00fcberlegt, ob er eine weitere Mitarbeiterin einstellen kann. Er kann sie aber nur bezahlen, wenn das Unternehmen erfolgreich ist und dauerhaft Gewinne abwirft.<\/li>\n<\/ul>\n<h2>Kosten- und Leistungsrechnung<\/h2>\n<p>Die Aufgabe der Kosten- und Leistungsrechnung ist es vor allem, Unterlagen bereitzustellen die eine Kontrolle der Wirtschaftlichkeit (Leistungen \/ Kosten) erm\u00f6glichen. Die \u00dcberwachung der Wirtschaftlichkeit des Leistungsprozesses ist die wichtigste Aufgabe der Kosten- und Leistungsrechnung (kurz: KLR). Erst auf der Grundlage der ermittelten Selbstkosten ist eine Kalkulation des Angebotspreises f\u00fcr das einzelne Erzeugnis (St\u00fcckrechnung) m\u00f6glich.<\/p>\n<p><strong>Beispiel<\/strong><\/p>\n<ul>\n<li>Die Mieten sind in den letzten Jahren angestiegen. Einzelunternehmer Paul M\u00fcller seht vor der Frage, ob er in eine g\u00fcnstigere Gegend umzieht oder eigene R\u00e4umlichkeiten erwirbt.<\/li>\n<li>Die Nachfrage an einem Nebenprodukt ist bei Einzelunternehmer Paul M\u00fcller sehr stark gesunken und er steht vor der Entscheidung, ob sein Produkt f\u00fcr ihn zuk\u00fcnftig noch rentabel ist bzw. bleibt.<\/li>\n<\/ul>\n<h2>Statistik<\/h2>\n<p>Die Statistik wertet das Zahlenmaterial von der Buchf\u00fchrung und der Kosten- und Leistungsrechnung aus. Sie verarbeitet die Zahlen zu Kennziffern, Tabellen und grafischen Darstellungen und erm\u00f6glicht dadurch schnelle und \u00fcbersichtliche Informationen \u00fcber alle wesentlichen Praxisdaten. Sie ist eine Vergleichsrechnung, die der Unternehmung dient und die Wirtschaftlichkeit pr\u00fcft. <\/p>\n<p><strong>Beispiel<\/strong><\/p>\n<ul>\n<li>In der Statistik wird die Anzahl der j\u00e4hrlichen Kunden dargestellt, je nach Produkt bzw. Dienstleistung. Damit k\u00f6nnen Prognosen f\u00fcr die Zukunft hinsichtlich Absatz und erforderlichen Produktionsmengen erstellt werden.<\/li>\n<li>Einzelunternehmer Paul M\u00fcller wirbt seit einem Jahr in der Tageszeitung mit seinen innovativen Produktgruppen. Die Entwicklung der Kundenanzahl in diesem Zeitraum k\u00f6nnte R\u00fcckschl\u00fcsse auf den Erfolg der Werbung erm\u00f6glichen.<\/li>\n<\/ul>\n<h2>Planungsrechnung<\/h2>\n<p>Die Planungsrechnung ist eine vorausschauende Berechnung, d.h. sie legt aufgrund der Verh\u00e4ltnisse der Vergangenheit fest, wie das Unternehmen in der Zukunft arbeiten soll.<\/p>\n<p><strong>Beispiel<\/strong><br \/>\nDie Darstellung des Unternehmens von Paul M\u00fcller soll durch eine Internetplattform verbessert werden. Zuk\u00fcnftige Kunden k\u00f6nnen per Mausklick Kontakt aufnehmen, sich s\u00e4mtliche Produkte anschauen, Angebote vergleichen und die Zahlungs- und Lieferbedingungen einsehen. Hieraus werden zus\u00e4tzliche Kunden erwartet, die zu einer Umsatzsteigerung in bestimmter H\u00f6he f\u00fchren sollen.<\/p>\n<p>Aufgabe der Buchf\u00fchrung im Allgemeinen ist unter anderem auch Antworten auf folgende Fragestellungen zu finden:<\/p>\n<p><img decoding=\"async\" loading=\"lazy\" src=\"http:\/\/www.studyhelp.de\/online-lernen\/wp-content\/uploads\/2024\/11\/Aufgaben-der-Buchfuehrung.jpg\" alt=\"\" width=\"603\" height=\"288\" class=\"alignnone size-full wp-image-18428\" \/><\/p>\n<p>Schwerpunkt der folgenden Lektionen ist es, Antworten auf diese Fragen zu finden. Schritt f\u00fcr Schritt werden wir diese Teilbereiche thematisieren und mit praxisrelevanten Aufgaben ein\u00fcben.<\/p>\n<p>\n<div class=\"lyte-wrapper\" style=\"width:420px;max-width:100%;margin:5px;\"><div class=\"lyMe\" id=\"WYL_mW-Kbt1gVUs\"><div id=\"lyte_mW-Kbt1gVUs\" data-src=\"https:\/\/www.studyhelp.de\/online-lernen\/wp-content\/plugins\/wp-youtube-lyte\/lyteCache.php?origThumbUrl=%2F%2Fi.ytimg.com%2Fvi%2FmW-Kbt1gVUs%2Fhqdefault.jpg\" class=\"pL\"><div class=\"tC\"><div class=\"tT\"><\/div><\/div><div class=\"play\"><\/div><div class=\"ctrl\"><div class=\"Lctrl\"><\/div><div class=\"Rctrl\"><\/div><\/div><\/div><noscript><a href=\"https:\/\/youtu.be\/mW-Kbt1gVUs\" rel=\"nofollow\"><img src=\"https:\/\/www.studyhelp.de\/online-lernen\/wp-content\/plugins\/wp-youtube-lyte\/lyteCache.php?origThumbUrl=https%3A%2F%2Fi.ytimg.com%2Fvi%2FmW-Kbt1gVUs%2F0.jpg\" alt=\"YouTube-Video-Thumbnail\" width=\"420\" height=\"216\" \/><br \/>Dieses Video auf YouTube ansehen<\/a><\/noscript><\/div><\/div><div class=\"lL\" style=\"max-width:100%;width:420px;margin:5px;\"><\/div><br \/><\/p>\n","protected":false},"excerpt":{"rendered":"<p>Die Beziehungen eines Unternehmens zu Au\u00dfenstehenden \u2013 z.B. zu Kunden, Lieferanten oder zum Finanzamt \u2013 f\u00fchren zu Einnahmen oder Ausgaben und zu Ver\u00e4nderungen des unternehmensbezogenen Verm\u00f6gens oder seiner Schulden. Solche Vorg\u00e4nge werden in der Buchf\u00fchrung als Gesch\u00e4ftsf\u00e4lle bezeichnet. Die Buchf\u00fchrung zeichnet die Gesch\u00e4ftsf\u00e4lle planm\u00e4\u00dfig und l\u00fcckenlos nach ihrem Inhalt und Wert auf. Sie dient der [&hellip;]<\/p>\n","protected":false},"author":19,"featured_media":0,"parent":0,"menu_order":0,"comment_status":"closed","ping_status":"closed","template":"","meta":[],"categories":[88],"tags":[],"yoast_head":"<!-- This site is optimized with the Yoast SEO plugin v14.7 - https:\/\/yoast.com\/wordpress\/plugins\/seo\/ -->\n<title>Einf\u00fchrung: Buchf\u00fchrung - StudyHelp Online-Lernen<\/title>\n<meta name=\"robots\" content=\"index, follow\" \/>\n<meta name=\"googlebot\" content=\"index, follow, max-snippet:-1, max-image-preview:large, max-video-preview:-1\" \/>\n<meta name=\"bingbot\" content=\"index, follow, max-snippet:-1, max-image-preview:large, max-video-preview:-1\" \/>\n<link rel=\"canonical\" href=\"https:\/\/www.studyhelp.de\/online-lernen\/einfuehrung-buchfuehrung\/\" \/>\n<meta property=\"og:locale\" content=\"de_DE\" \/>\n<meta property=\"og:type\" content=\"article\" \/>\n<meta property=\"og:title\" content=\"Einf\u00fchrung: Buchf\u00fchrung - StudyHelp Online-Lernen\" \/>\n<meta property=\"og:description\" content=\"Die Beziehungen eines Unternehmens zu Au\u00dfenstehenden \u2013 z.B. zu Kunden, Lieferanten oder zum Finanzamt \u2013 f\u00fchren zu Einnahmen oder Ausgaben und zu Ver\u00e4nderungen des unternehmensbezogenen Verm\u00f6gens oder seiner Schulden. Solche Vorg\u00e4nge werden in der Buchf\u00fchrung als Gesch\u00e4ftsf\u00e4lle bezeichnet. Die Buchf\u00fchrung zeichnet die Gesch\u00e4ftsf\u00e4lle planm\u00e4\u00dfig und l\u00fcckenlos nach ihrem Inhalt und Wert auf. Sie dient der [&hellip;]\" \/>\n<meta property=\"og:url\" content=\"https:\/\/www.studyhelp.de\/online-lernen\/einfuehrung-buchfuehrung\/\" \/>\n<meta property=\"og:site_name\" content=\"StudyHelp Online-Lernen\" \/>\n<meta property=\"article:modified_time\" content=\"2024-11-13T11:04:01+00:00\" \/>\n<meta property=\"og:image\" content=\"http:\/\/www.studyhelp.de\/online-lernen\/wp-content\/uploads\/2024\/11\/Aufgaben-des-Rechnungswesens.jpg\" \/>\n<meta name=\"twitter:card\" content=\"summary_large_image\" \/>\n<script type=\"application\/ld+json\" class=\"yoast-schema-graph\">{\"@context\":\"https:\/\/schema.org\",\"@graph\":[{\"@type\":\"WebSite\",\"@id\":\"https:\/\/www.studyhelp.de\/online-lernen\/#website\",\"url\":\"https:\/\/www.studyhelp.de\/online-lernen\/\",\"name\":\"StudyHelp Online-Lernen\",\"description\":\"\",\"potentialAction\":[{\"@type\":\"SearchAction\",\"target\":\"https:\/\/www.studyhelp.de\/online-lernen\/?s={search_term_string}\",\"query-input\":\"required name=search_term_string\"}],\"inLanguage\":\"de-DE\"},{\"@type\":\"ImageObject\",\"@id\":\"https:\/\/www.studyhelp.de\/online-lernen\/einfuehrung-buchfuehrung\/#primaryimage\",\"inLanguage\":\"de-DE\",\"url\":\"http:\/\/www.studyhelp.de\/online-lernen\/wp-content\/uploads\/2024\/11\/Aufgaben-des-Rechnungswesens.jpg\"},{\"@type\":\"WebPage\",\"@id\":\"https:\/\/www.studyhelp.de\/online-lernen\/einfuehrung-buchfuehrung\/#webpage\",\"url\":\"https:\/\/www.studyhelp.de\/online-lernen\/einfuehrung-buchfuehrung\/\",\"name\":\"Einf\\u00fchrung: Buchf\\u00fchrung - StudyHelp Online-Lernen\",\"isPartOf\":{\"@id\":\"https:\/\/www.studyhelp.de\/online-lernen\/#website\"},\"primaryImageOfPage\":{\"@id\":\"https:\/\/www.studyhelp.de\/online-lernen\/einfuehrung-buchfuehrung\/#primaryimage\"},\"datePublished\":\"2024-11-13T11:02:34+00:00\",\"dateModified\":\"2024-11-13T11:04:01+00:00\",\"inLanguage\":\"de-DE\",\"potentialAction\":[{\"@type\":\"ReadAction\",\"target\":[\"https:\/\/www.studyhelp.de\/online-lernen\/einfuehrung-buchfuehrung\/\"]}]}]}<\/script>\n<!-- \/ Yoast SEO plugin. -->","_links":{"self":[{"href":"https:\/\/www.studyhelp.de\/online-lernen\/wp-json\/wp\/v2\/pages\/18415"}],"collection":[{"href":"https:\/\/www.studyhelp.de\/online-lernen\/wp-json\/wp\/v2\/pages"}],"about":[{"href":"https:\/\/www.studyhelp.de\/online-lernen\/wp-json\/wp\/v2\/types\/page"}],"author":[{"embeddable":true,"href":"https:\/\/www.studyhelp.de\/online-lernen\/wp-json\/wp\/v2\/users\/19"}],"replies":[{"embeddable":true,"href":"https:\/\/www.studyhelp.de\/online-lernen\/wp-json\/wp\/v2\/comments?post=18415"}],"version-history":[{"count":11,"href":"https:\/\/www.studyhelp.de\/online-lernen\/wp-json\/wp\/v2\/pages\/18415\/revisions"}],"predecessor-version":[{"id":18431,"href":"https:\/\/www.studyhelp.de\/online-lernen\/wp-json\/wp\/v2\/pages\/18415\/revisions\/18431"}],"wp:attachment":[{"href":"https:\/\/www.studyhelp.de\/online-lernen\/wp-json\/wp\/v2\/media?parent=18415"}],"wp:term":[{"taxonomy":"category","embeddable":true,"href":"https:\/\/www.studyhelp.de\/online-lernen\/wp-json\/wp\/v2\/categories?post=18415"},{"taxonomy":"post_tag","embeddable":true,"href":"https:\/\/www.studyhelp.de\/online-lernen\/wp-json\/wp\/v2\/tags?post=18415"}],"curies":[{"name":"wp","href":"https:\/\/api.w.org\/{rel}","templated":true}]}}