{"id":1943,"date":"2016-08-22T13:19:55","date_gmt":"2016-08-22T11:19:55","guid":{"rendered":"https:\/\/www.studyhelp.de\/mathe\/?page_id=1943"},"modified":"2023-03-06T16:16:06","modified_gmt":"2023-03-06T15:16:06","slug":"mathe-abi-2023","status":"publish","type":"page","link":"https:\/\/www.studyhelp.de\/online-lernen\/mathe\/mathe-abi-2023\/","title":{"rendered":"Mathe Abi 2023"},"content":{"rendered":"<h2>Keine Panik &#8211; mit <a href=\"https:\/\/www.studyhelp.de\" target=\"_blank\" rel=\"noopener noreferrer\">StudyHelp<\/a> das Abitur 2023 bestehen!<\/h2>\n<p>Das Abitur steht vor der T\u00fcr und du wei\u00dft nicht wie deine Abiturvorbereitung aussehen soll? Wir zeigen dir, wie du dich optimal auf das Abi vorbereiten kannst!<\/p>\n<p>Viele Sch\u00fcler bekommen beim Gedanken an das Abitur regelrechte Panik und wissen nicht, wie eine gute Abiturvorbereitung aussieht. Gerade die Abiturpr\u00fcfungen in Mathe, Biologie, Englisch und Deutsch machen viele Sch\u00fcler besonders nerv\u00f6s!<\/p>\n<p>Aber keine Panik, wir zeigen euch, wie man seine Abiturvorbereitung richtig angeht.<\/p>\n<h2>Abitur Intensivkurs &#8211; die optimale Abiturvorbereitung f\u00fcr dein Mathe Abitur 2023<\/h2>\n<p><a href=\"https:\/\/www.studyhelp.de\"><img decoding=\"async\" loading=\"lazy\" class=\"alignnone wp-image-5213 \" src=\"https:\/\/www.studyhelp.de\/online-lernen\/wp-content\/uploads\/2016\/08\/StudyHelpPrint-5-von-24-300x200.jpg\" width=\"362\" height=\"241\" srcset=\"https:\/\/www.studyhelp.de\/online-lernen\/wp-content\/uploads\/2016\/08\/StudyHelpPrint-5-von-24-300x200.jpg 300w, https:\/\/www.studyhelp.de\/online-lernen\/wp-content\/uploads\/2016\/08\/StudyHelpPrint-5-von-24-768x512.jpg 768w, https:\/\/www.studyhelp.de\/online-lernen\/wp-content\/uploads\/2016\/08\/StudyHelpPrint-5-von-24-1024x683.jpg 1024w\" sizes=\"(max-width: 362px) 100vw, 362px\" \/><\/a> <a href=\"https:\/\/www.studyhelp.de\"><img decoding=\"async\" loading=\"lazy\" class=\"alignnone wp-image-5214 \" src=\"https:\/\/www.studyhelp.de\/online-lernen\/wp-content\/uploads\/2016\/08\/StudyHelpPrint-1-von-24-300x200.jpg\" width=\"362\" height=\"241\" srcset=\"https:\/\/www.studyhelp.de\/online-lernen\/wp-content\/uploads\/2016\/08\/StudyHelpPrint-1-von-24-300x200.jpg 300w, https:\/\/www.studyhelp.de\/online-lernen\/wp-content\/uploads\/2016\/08\/StudyHelpPrint-1-von-24-768x512.jpg 768w, https:\/\/www.studyhelp.de\/online-lernen\/wp-content\/uploads\/2016\/08\/StudyHelpPrint-1-von-24-1024x683.jpg 1024w\" sizes=\"(max-width: 362px) 100vw, 362px\" \/><\/a><\/p>\n<p>Ein Konzept, welches verschiedenen Lernm\u00f6glichkeiten (Lerngruppen, wiederholendes Lernen und klassische Nachhilfe) vereint, findet ihr in unseren <strong><a href=\"https:\/\/www.studyhelp.de\">Abitur Intensivkursen<\/a><\/strong>. Bei einem derartigen Intensivkurs werden alle f\u00fcr das Abitur relevanten Themen in kleinen Lerngruppen optimal vermittelt.<\/p>\n<h2>Wie l\u00e4uft ein <a href=\"https:\/\/www.studyhelp.de\" target=\"_blank\" rel=\"noopener noreferrer\">Abitur Intensivkurs<\/a> ab?<\/h2>\n<p>Nat\u00fcrlich seid ihr dabei nicht auf euch allein gestellt. Die Intensivkurse werden von qualifizierten Coaches mit Nachhilfeerfahrung geleitet. Dabei stehen vor euch keine alten Lehrer, sondern junge motivierte Studienabsolventen, die noch genau wissen, wie eine gute Abiturvorbereitung aussehen muss.<\/p>\n<p>Das bringt zwei besondere Vorteile mit sich: Zum einen werdet ihr durch kompetente Coaches betreut, die umfassende Kenntnisse und Erfahrung im Fach Mathematik mitbringen. Zum anderen vermitteln euch diese Coaches alle Inhalte in sch\u00fclerfreundlicher Sprache und auf Augenh\u00f6he. Sie beantworten auch zu jedem Zeitpunkt im Kurs von euch gestellte Fragen. Habt also keine Angst ihn anzusprechen.<\/p>\n<p>Die <strong><a href=\"https:\/\/www.studyhelp.de\" target=\"_blank\" rel=\"noopener noreferrer\">Abitur Intensivkurse<\/a><\/strong> erm\u00f6glichen dir dank tiefgehender Erkl\u00e4rungen und zahlreichen Aufgaben einen neuen und verst\u00e4ndlichen Zugang zu allen abiturrelevanten Teilbereichen. Die im Kurs inbegriffenen Kursb\u00fccher bieten zudem eine Vorbereitung und Wiederholung \u00fcber den Kurs hinaus.<\/p>\n<h3>Somit bist du vor dem Abitur optimal vorbereitet!<\/h3>\n<p>Auch im Fr\u00fchjahr 2023 veranstalten wir wieder <strong><a href=\"https:\/\/www.studyhelp.de\" target=\"_blank\" rel=\"noopener noreferrer\">Intensivkurse<\/a><\/strong> \u2013 dieses Mal deutschlandweit an \u00fcber 200 Standorten und damit sicherlich auch in deiner Stadt. An ausgew\u00e4hlten Standorten kannst du dich neben den Mathe Intensivkursen auch f\u00fcr Biologie anmelden.<\/p>\n<p>Alle Vorteile im \u00dcberblick:<\/p>\n<ul>\n<li>Junge Coaches mit Kompetenz und Erfahrung im Fach Mathematik<\/li>\n<li>Gratis Lernhefte, die \u00fcber die Kurse hinaus auf das Abitur vorbereiten<\/li>\n<li>Sicherheit dank <a href=\"https:\/\/www.studyhelp.de\/garantien\">100% Geld-Zur\u00fcck-Garantie<\/a><\/li>\n<li>Kleine Gruppen, die eine angenehme und effektive Lernatmosph\u00e4re zulassen<\/li>\n<\/ul>\n<h2>Abiturvorbereitung vor dem <a href=\"https:\/\/www.studyhelp.de\" target=\"_blank\" rel=\"noopener noreferrer\">Abi Intensivkurs<\/a> \u2013 So geht\u2019s!<\/h2>\n<p>Die Abiturvorbereitungskurse von StudyHelp helfen dir, einen guten Start f\u00fcr die Abiturvorbereitung hinzulegen. F\u00fcr alle, die schon eher mit ihrer Vorbereitung aufs Abitur beginnen m\u00f6chten, haben wir auf <a href=\"https:\/\/amzn.to\/2M8cSo7\">Amazon<\/a> die passenden StudyHelp Lernhefte f\u00fcr euch.<\/p>\n<p>Diese Lernhefte sind zusammen mit Europas gr\u00f6\u00dftem Mathe-Youtuber Daniel Jung entstanden. So findest du passend zu jedem Thema in den Heften ein passenden Lernvideo von Daniel Jung!<\/p>\n<p>Mehr Informationen zum Kurs gibt es auf <a href=\"https:\/\/www.studyhelp.de\" target=\"_blank\" rel=\"noopener noreferrer\">www.studyhelp.de<\/a>!<\/p>\n","protected":false},"excerpt":{"rendered":"<p>Keine Panik &#8211; mit StudyHelp das Abitur 2023 bestehen! Das Abitur steht vor der T\u00fcr und du wei\u00dft nicht wie deine Abiturvorbereitung aussehen soll? Wir zeigen dir, wie du dich optimal auf das Abi vorbereiten kannst! Viele Sch\u00fcler bekommen beim Gedanken an das Abitur regelrechte Panik und wissen nicht, wie eine gute Abiturvorbereitung aussieht. Gerade [&hellip;]<\/p>\n","protected":false},"author":5,"featured_media":0,"parent":6291,"menu_order":0,"comment_status":"closed","ping_status":"open","template":"","meta":[],"categories":[4],"tags":[],"yoast_head":"<!-- This site is optimized with the Yoast SEO plugin v14.7 - https:\/\/yoast.com\/wordpress\/plugins\/seo\/ -->\n<title>Mathe Abi 2023 | mit StudyHelp bestehen<\/title>\n<meta name=\"description\" content=\"Das Mathe Abi 23 kann schnell stressig werden. Aber keine Panik, wir bereiten dich auf dein Abitur vor. Lese hier, wie eine gezielte Abiturvorbereitung aussieht.\" \/>\n<meta name=\"robots\" content=\"index, follow\" \/>\n<meta name=\"googlebot\" content=\"index, follow, max-snippet:-1, max-image-preview:large, max-video-preview:-1\" \/>\n<meta name=\"bingbot\" content=\"index, follow, max-snippet:-1, max-image-preview:large, max-video-preview:-1\" \/>\n<link rel=\"canonical\" href=\"http:\/\/www.studyhelp.de\/online-lernen\/mathe\/mathe-abi-2023\/\" \/>\n<meta property=\"og:locale\" content=\"de_DE\" \/>\n<meta property=\"og:type\" content=\"article\" \/>\n<meta property=\"og:title\" content=\"Mathe Abi 2023 | mit StudyHelp bestehen\" \/>\n<meta property=\"og:description\" content=\"Das Mathe Abi 23 kann schnell stressig werden. Aber keine Panik, wir bereiten dich auf dein Abitur vor. Lese hier, wie eine gezielte Abiturvorbereitung aussieht.\" \/>\n<meta property=\"og:url\" content=\"http:\/\/www.studyhelp.de\/online-lernen\/mathe\/mathe-abi-2023\/\" \/>\n<meta property=\"og:site_name\" content=\"StudyHelp Online-Lernen\" \/>\n<meta property=\"article:modified_time\" content=\"2023-03-06T15:16:06+00:00\" \/>\n<meta property=\"og:image\" content=\"https:\/\/www.studyhelp.de\/online-lernen\/wp-content\/uploads\/2016\/08\/StudyHelpPrint-5-von-24-300x200.jpg\" \/>\n<meta name=\"twitter:card\" content=\"summary_large_image\" \/>\n<script type=\"application\/ld+json\" class=\"yoast-schema-graph\">{\"@context\":\"https:\/\/schema.org\",\"@graph\":[{\"@type\":\"WebSite\",\"@id\":\"https:\/\/www.studyhelp.de\/online-lernen\/#website\",\"url\":\"https:\/\/www.studyhelp.de\/online-lernen\/\",\"name\":\"StudyHelp Online-Lernen\",\"description\":\"\",\"potentialAction\":[{\"@type\":\"SearchAction\",\"target\":\"https:\/\/www.studyhelp.de\/online-lernen\/?s={search_term_string}\",\"query-input\":\"required name=search_term_string\"}],\"inLanguage\":\"de-DE\"},{\"@type\":\"ImageObject\",\"@id\":\"http:\/\/www.studyhelp.de\/online-lernen\/mathe\/mathe-abi-2023\/#primaryimage\",\"inLanguage\":\"de-DE\",\"url\":\"https:\/\/www.studyhelp.de\/online-lernen\/wp-content\/uploads\/2016\/08\/StudyHelpPrint-5-von-24.jpg\",\"width\":4500,\"height\":3000},{\"@type\":\"WebPage\",\"@id\":\"http:\/\/www.studyhelp.de\/online-lernen\/mathe\/mathe-abi-2023\/#webpage\",\"url\":\"http:\/\/www.studyhelp.de\/online-lernen\/mathe\/mathe-abi-2023\/\",\"name\":\"Mathe Abi 2023 | mit StudyHelp bestehen\",\"isPartOf\":{\"@id\":\"https:\/\/www.studyhelp.de\/online-lernen\/#website\"},\"primaryImageOfPage\":{\"@id\":\"http:\/\/www.studyhelp.de\/online-lernen\/mathe\/mathe-abi-2023\/#primaryimage\"},\"datePublished\":\"2016-08-22T11:19:55+00:00\",\"dateModified\":\"2023-03-06T15:16:06+00:00\",\"description\":\"Das Mathe Abi 23 kann schnell stressig werden. Aber keine Panik, wir bereiten dich auf dein Abitur vor. Lese hier, wie eine gezielte Abiturvorbereitung aussieht.\",\"inLanguage\":\"de-DE\",\"potentialAction\":[{\"@type\":\"ReadAction\",\"target\":[\"http:\/\/www.studyhelp.de\/online-lernen\/mathe\/mathe-abi-2023\/\"]}]}]}<\/script>\n<!-- \/ Yoast SEO plugin. -->","_links":{"self":[{"href":"https:\/\/www.studyhelp.de\/online-lernen\/wp-json\/wp\/v2\/pages\/1943"}],"collection":[{"href":"https:\/\/www.studyhelp.de\/online-lernen\/wp-json\/wp\/v2\/pages"}],"about":[{"href":"https:\/\/www.studyhelp.de\/online-lernen\/wp-json\/wp\/v2\/types\/page"}],"author":[{"embeddable":true,"href":"https:\/\/www.studyhelp.de\/online-lernen\/wp-json\/wp\/v2\/users\/5"}],"replies":[{"embeddable":true,"href":"https:\/\/www.studyhelp.de\/online-lernen\/wp-json\/wp\/v2\/comments?post=1943"}],"version-history":[{"count":64,"href":"https:\/\/www.studyhelp.de\/online-lernen\/wp-json\/wp\/v2\/pages\/1943\/revisions"}],"predecessor-version":[{"id":17481,"href":"https:\/\/www.studyhelp.de\/online-lernen\/wp-json\/wp\/v2\/pages\/1943\/revisions\/17481"}],"up":[{"embeddable":true,"href":"https:\/\/www.studyhelp.de\/online-lernen\/wp-json\/wp\/v2\/pages\/6291"}],"wp:attachment":[{"href":"https:\/\/www.studyhelp.de\/online-lernen\/wp-json\/wp\/v2\/media?parent=1943"}],"wp:term":[{"taxonomy":"category","embeddable":true,"href":"https:\/\/www.studyhelp.de\/online-lernen\/wp-json\/wp\/v2\/categories?post=1943"},{"taxonomy":"post_tag","embeddable":true,"href":"https:\/\/www.studyhelp.de\/online-lernen\/wp-json\/wp\/v2\/tags?post=1943"}],"curies":[{"name":"wp","href":"https:\/\/api.w.org\/{rel}","templated":true}]}}