{"id":24,"date":"2015-03-25T20:49:54","date_gmt":"2015-03-25T19:49:54","guid":{"rendered":"https:\/\/www.studyhelp.de\/mathe\/wp\/?page_id=24"},"modified":"2019-11-05T17:37:57","modified_gmt":"2019-11-05T16:37:57","slug":"extremwertprobleme","status":"publish","type":"page","link":"https:\/\/www.studyhelp.de\/online-lernen\/mathe\/extremwertprobleme\/","title":{"rendered":"Extremwertprobleme"},"content":{"rendered":"\n<p>Bei Extremwertprobleme (auch Optimierungsaufgaben oder Extremwertaufgaben genannt) geht es darum, Prozesse zu optimieren, minimalen oder maximalen Aufwand, Material oder Volumen zu erhalten.<\/p>\n<p>Man sucht also eine Funktion, die unser Problem beschreibt und nur noch von einer Variablen abh\u00e4ngt. Wenn unsere Funktion von mehreren Variablen abh\u00e4ngt, m\u00fcssen Variablen durch Nebenbedingungen so eliminiert werden, dass nur noch eine Variable vorliegt.<\/p>\n<p>Wenn z.B. nach maximalen Volumen gefragt wird, ist die Hauptbedingung $V = \\dots$. Soll nach minimaler Oberfl\u00e4che gesucht werden ist die Hauptbedingung $O =\\dots$.<\/p>\n<p>Die Nebenbedingung enth\u00e4lt Informationen, wie zum Beispiel ein gegebenes Volumen, wenn die Oberfl\u00e4che minimal bzw. maximal werden soll.<\/p>\n<h2>Vorgehensweise bei Extremwertaufgaben<\/h2>\n<ol>\n<li>Hauptbedingung aufstellen: Was soll maximal\/minimal werden?<\/li>\n<li>Rand- bzw. Nebenbedingung: Angabe im Text!<\/li>\n<li>Nebenbedingung nach einer Variablen umstellen und in Hauptbedingung einsetzen $\\Rightarrow$ Zielfunktion.<\/li>\n<li>Zielfunktion auf Extremstellen untersuchen.<\/li>\n<li>Alle fehlenden Werte bestimmen. (Randwerte beachten!)<\/li>\n<\/ol>\n<p>In diesem Themengebiet kommen zwei Aufgabentypen recht h\u00e4ufig vor: <em>K\u00f6rperaufgaben<\/em> und umgangssprachlich <em>Punkt auf Graph-Aufgaben<\/em>.<\/p>\n<p>Wir m\u00f6chten an dieser Stelle zun\u00e4chst auf den zweiten Aufgabentypen eingehen. Oft ist hier eine Funktion $f(x)$ vorgegeben, die sich in einem beliebigen Quadranten des Koordinatensystems befindet und in der sich ein Dreieck befindet, dessen H\u00f6he und Breite abh\u00e4ngig von der Funktion $f$ ist. Genau so ein Fall wird im folgenden Beispiel behandelt.<\/p>\n<div class=\"box exercise\">\n<h3>Beispiel<\/h3>\n<p>Gegeben sei die Funktion $f(x)$ im ersten Quadranten. Welche Koordinaten muss der Punkt $P$ besitzen, damit der Fl\u00e4cheninhalt des grau schraffierten Dreiecks maximal ist?<\/p>\n<p><img decoding=\"async\" loading=\"lazy\" class=\"aligncenter wp-image-3193\" src=\"https:\/\/www.studyhelp.de\/online-lernen\/wp-content\/uploads\/2015\/03\/bil_extremwert_punktgraph.png\" alt=\"Extremwertprobleme Punktgraph\" width=\"325\" height=\"199\" srcset=\"https:\/\/www.studyhelp.de\/online-lernen\/wp-content\/uploads\/2015\/03\/bil_extremwert_punktgraph.png 325w, https:\/\/www.studyhelp.de\/online-lernen\/wp-content\/uploads\/2015\/03\/bil_extremwert_punktgraph-300x184.png 300w\" sizes=\"(max-width: 325px) 100vw, 325px\" \/><\/p>\n<p><strong>Hauptbedingung:<\/strong><br \/>\nUnsere Hauptbedingung ist demnach der\u00a0Fl\u00e4cheninhalt des Dreiecks:<\/p>\n<p>\\begin{align*}<br \/>\nA_\\Delta=\\frac{1}{2}\\cdot g \\cdot h<br \/>\n\\end{align*}<\/p>\n<p>Die Nebenbedingung ist in diesem Fall, dass der Punkt $P$ auf dem Funktionsgraphen liegen muss.<\/p>\n<p>Das ist eine n\u00fctzliche Information, denn so k\u00f6nnen wir die Grundseite $g$ und die H\u00f6he $h$ in der Formel durch die Koordinaten von $P$ ersetzen:<\/p>\n<p><strong>Nebenbedingung:<\/strong><br \/>\n\\begin{align*}<br \/>\ng=u \\ \\ \\textrm{und} \\ \\\u00a0h=f(u)=-\\frac{1}{6}u^2+4,5<br \/>\n\\end{align*}<\/p>\n<p>Anschlie\u00dfend die Nebenbedingung in die Hauptbedingung einsetzen und wir erhalten die Zielfunktion:<\/p>\n<p>\\begin{align*}<br \/>\nA_\\Delta(u) =\\frac{1}{2}\\cdot u \\cdot\\left( -\\frac{1}{6}u^2+4,5 \\right) =-\\frac{1}{12}u^3+2,25 u<br \/>\n\\end{align*}<\/p>\n<p>Unsere Zielfunktion ist nur noch abh\u00e4ngig von der Unbekannten $u$. Wir untersuchen die Funktion nun auf Extremstellen.<\/p>\n<p><strong>Die notwendige Bedingung:<\/strong><br \/>\n\\begin{align*}<br \/>\nA&#8217;_\\Delta(u) = -\\frac{1}{4} u^2+2,25=0<br \/>\n\\end{align*}<\/p>\n<p>liefert die beiden m\u00f6glichen Extremstellen $u_1=3$ und $u_2=-3$.<\/p>\n<p>Da wir uns laut Aufgabentext im ersten Quadranten befinden haben wir nur die L\u00f6sung $u_1=3$.<\/p>\n<p>Die Pr\u00fcfung, ob wirklich ein Maximum vorliegt, wird mit der zweiten Ableitung gemacht und liefert $A&#8220;_\\Delta(u_1=3)=-3\/2&lt;0$.<\/p>\n<p>F\u00fcr $u_1=3$ ist die Zielfunktion, also die Fl\u00e4che des Dreiecks, wirklich maximal! Den meisten Lehrern reicht dieser Nachweis aus und ihr m\u00fcsst jetzt\u00a0noch die restlichen Werte bestimmen, hier die $y$-Koordinate von $P$: $f(3)=3$. Damit lautet der Punkt, der zur maximalen Fl\u00e4che des Dreiecks f\u00fchrt $P(3|3)$.<\/p>\n<p>Ab und zu wird noch der Nachweis gefordert, ob es sich tats\u00e4chlich um ein globales Maximum handelt. Um das zu pr\u00fcfen, schauen wir uns das Verhalten der Funktion $A(u)$ an den Randwerten an. Doch was sind unsere Randwerte? Da wir uns laut Aufgabenstellung im ersten Quadranten befinden, ist der zul\u00e4ssige Definitionsbereich zwischen 0 und der Nullstelle der Funktion $f(x)$, also: $D = [0; 5{,}2]$. An den R\u00e4ndern gilt $\\lim_{u \\to 0} A(u)=\\lim_{u \\to 5{,}2} A(u) = 0 $. Da $A(u)$ in $D = [0; 5{,}2]$ \u00a0differenzierbar ist, gibt es in \u00a0$D $\u00a0au\u00dfer bei \u00a0$u = 3$\u00a0kein weiteres Maximum.<\/p>\n<\/div>\n<div class=\"box info\">\n<p>In der folgenden Abbildung findet ihr weitere typische Beispiele zu Extremwertaufgaben mit den dazugeh\u00f6rigen Zielfunktionen.<\/p>\n<p>Die gr\u00f6\u00dfte Schwierigkeit ist in der Regel, die Zielfunktion zu bestimmen. Diese Funktionen dann auf Extremstellen zu untersuchen, ist dann nicht mehr das Problem.<\/p>\n<p><img decoding=\"async\" loading=\"lazy\" class=\"aligncenter wp-image-3194\" src=\"https:\/\/www.studyhelp.de\/online-lernen\/wp-content\/uploads\/2015\/03\/bil_extremwert_bsp-1024x326.png\" alt=\"Extremwertaufgaben Beispiele\" width=\"688\" height=\"219\" srcset=\"https:\/\/www.studyhelp.de\/online-lernen\/wp-content\/uploads\/2015\/03\/bil_extremwert_bsp-1024x326.png 1024w, https:\/\/www.studyhelp.de\/online-lernen\/wp-content\/uploads\/2015\/03\/bil_extremwert_bsp-300x95.png 300w, https:\/\/www.studyhelp.de\/online-lernen\/wp-content\/uploads\/2015\/03\/bil_extremwert_bsp-768x244.png 768w, https:\/\/www.studyhelp.de\/online-lernen\/wp-content\/uploads\/2015\/03\/bil_extremwert_bsp.png 1711w\" sizes=\"(max-width: 688px) 100vw, 688px\" \/><\/p>\n<\/div>\n<p><strong>Hier eine vollst\u00e4ndige Playlist mit Lernvideos zum Thema Extremwertprobleme.<\/strong><\/p>\n<div class=\"lyte-wrapper\" title=\"Playlist: Extremwertprobleme, Optimierungsprobleme, Maximierung, Minimierung, Analysis\" style=\"width:420px;max-width:100%;margin:5px;\"><div class=\"lyMe playlist\" id=\"WYL_PLLTAHuUj-zHjsLCshuAbFWt-rMHU8ANHb\"><div id=\"lyte_PLLTAHuUj-zHjsLCshuAbFWt-rMHU8ANHb\" data-src=\"https:\/\/www.studyhelp.de\/online-lernen\/wp-content\/plugins\/wp-youtube-lyte\/lyteCache.php?origThumbUrl=https%3A%2F%2Fi.ytimg.com%2Fvi%2FU6CYSZCw-ZE%2Fhqdefault.jpg\" class=\"pL\"><div class=\"tC\"><div class=\"tT\">Playlist: Extremwertprobleme, Optimierungsprobleme, Maximierung, Minimierung, Analysis<\/div><\/div><div class=\"play\"><\/div><div class=\"ctrl\"><div class=\"Lctrl\"><\/div><div class=\"Rctrl\"><\/div><\/div><\/div><noscript><a href=\"https:\/\/youtube.com\/playlist?list=PLLTAHuUj-zHjsLCshuAbFWt-rMHU8ANHb\" rel=\"nofollow\"><br \/>Diese Wiedergabeliste auf YouTube ansehen<\/a><\/noscript><\/div><\/div><br \/>\n<\/p>\n","protected":false},"excerpt":{"rendered":"<p>Bei Extremwertprobleme (auch Optimierungsaufgaben oder Extremwertaufgaben genannt) geht es darum, Prozesse zu optimieren, minimalen oder maximalen Aufwand, Material oder Volumen zu erhalten. Man sucht also eine Funktion, die unser Problem beschreibt und nur noch von einer Variablen abh\u00e4ngt. Wenn unsere Funktion von mehreren Variablen abh\u00e4ngt, m\u00fcssen Variablen durch Nebenbedingungen so eliminiert werden, dass nur noch [&hellip;]<\/p>\n","protected":false},"author":5,"featured_media":0,"parent":6291,"menu_order":9,"comment_status":"closed","ping_status":"closed","template":"","meta":[],"categories":[15],"tags":[],"yoast_head":"<!-- This site is optimized with the Yoast SEO plugin v14.7 - https:\/\/yoast.com\/wordpress\/plugins\/seo\/ -->\n<title>Extremwertprobleme einfach berechnen - StudyHelp<\/title>\n<meta name=\"description\" content=\"Du hast Schwierigkeiten bei der Berechnung von Extremwertproblemen? Kein Problem, mit Beispielen und Lernvideos zeigen wir dir, wie du jede Aufgabe l\u00f6st.\" \/>\n<meta name=\"robots\" content=\"index, follow\" \/>\n<meta name=\"googlebot\" content=\"index, follow, max-snippet:-1, max-image-preview:large, max-video-preview:-1\" \/>\n<meta name=\"bingbot\" content=\"index, follow, max-snippet:-1, max-image-preview:large, max-video-preview:-1\" \/>\n<link rel=\"canonical\" href=\"https:\/\/www.studyhelp.de\/online-lernen\/mathe\/extremwertprobleme\/\" \/>\n<meta property=\"og:locale\" content=\"de_DE\" \/>\n<meta property=\"og:type\" content=\"article\" \/>\n<meta property=\"og:title\" content=\"Extremwertprobleme einfach berechnen - StudyHelp\" \/>\n<meta property=\"og:description\" content=\"Du hast Schwierigkeiten bei der Berechnung von Extremwertproblemen? Kein Problem, mit Beispielen und Lernvideos zeigen wir dir, wie du jede Aufgabe l\u00f6st.\" \/>\n<meta property=\"og:url\" content=\"https:\/\/www.studyhelp.de\/online-lernen\/mathe\/extremwertprobleme\/\" \/>\n<meta property=\"og:site_name\" content=\"StudyHelp Online-Lernen\" \/>\n<meta property=\"article:modified_time\" content=\"2019-11-05T16:37:57+00:00\" \/>\n<meta property=\"og:image\" content=\"https:\/\/www.studyhelp.de\/online-lernen\/wp-content\/uploads\/2015\/03\/bil_extremwert_punktgraph.png\" \/>\n<meta name=\"twitter:card\" content=\"summary_large_image\" \/>\n<script type=\"application\/ld+json\" class=\"yoast-schema-graph\">{\"@context\":\"https:\/\/schema.org\",\"@graph\":[{\"@type\":\"WebSite\",\"@id\":\"https:\/\/www.studyhelp.de\/online-lernen\/#website\",\"url\":\"https:\/\/www.studyhelp.de\/online-lernen\/\",\"name\":\"StudyHelp Online-Lernen\",\"description\":\"\",\"potentialAction\":[{\"@type\":\"SearchAction\",\"target\":\"https:\/\/www.studyhelp.de\/online-lernen\/?s={search_term_string}\",\"query-input\":\"required name=search_term_string\"}],\"inLanguage\":\"de-DE\"},{\"@type\":\"ImageObject\",\"@id\":\"https:\/\/www.studyhelp.de\/online-lernen\/mathe\/extremwertprobleme\/#primaryimage\",\"inLanguage\":\"de-DE\",\"url\":\"https:\/\/www.studyhelp.de\/online-lernen\/wp-content\/uploads\/2015\/03\/bil_extremwert_punktgraph.png\",\"width\":325,\"height\":199},{\"@type\":\"WebPage\",\"@id\":\"https:\/\/www.studyhelp.de\/online-lernen\/mathe\/extremwertprobleme\/#webpage\",\"url\":\"https:\/\/www.studyhelp.de\/online-lernen\/mathe\/extremwertprobleme\/\",\"name\":\"Extremwertprobleme einfach berechnen - StudyHelp\",\"isPartOf\":{\"@id\":\"https:\/\/www.studyhelp.de\/online-lernen\/#website\"},\"primaryImageOfPage\":{\"@id\":\"https:\/\/www.studyhelp.de\/online-lernen\/mathe\/extremwertprobleme\/#primaryimage\"},\"datePublished\":\"2015-03-25T19:49:54+00:00\",\"dateModified\":\"2019-11-05T16:37:57+00:00\",\"description\":\"Du hast Schwierigkeiten bei der Berechnung von Extremwertproblemen? Kein Problem, mit Beispielen und Lernvideos zeigen wir dir, wie du jede Aufgabe l\\u00f6st.\",\"inLanguage\":\"de-DE\",\"potentialAction\":[{\"@type\":\"ReadAction\",\"target\":[\"https:\/\/www.studyhelp.de\/online-lernen\/mathe\/extremwertprobleme\/\"]}]}]}<\/script>\n<!-- \/ Yoast SEO plugin. -->","_links":{"self":[{"href":"https:\/\/www.studyhelp.de\/online-lernen\/wp-json\/wp\/v2\/pages\/24"}],"collection":[{"href":"https:\/\/www.studyhelp.de\/online-lernen\/wp-json\/wp\/v2\/pages"}],"about":[{"href":"https:\/\/www.studyhelp.de\/online-lernen\/wp-json\/wp\/v2\/types\/page"}],"author":[{"embeddable":true,"href":"https:\/\/www.studyhelp.de\/online-lernen\/wp-json\/wp\/v2\/users\/5"}],"replies":[{"embeddable":true,"href":"https:\/\/www.studyhelp.de\/online-lernen\/wp-json\/wp\/v2\/comments?post=24"}],"version-history":[{"count":21,"href":"https:\/\/www.studyhelp.de\/online-lernen\/wp-json\/wp\/v2\/pages\/24\/revisions"}],"predecessor-version":[{"id":15224,"href":"https:\/\/www.studyhelp.de\/online-lernen\/wp-json\/wp\/v2\/pages\/24\/revisions\/15224"}],"up":[{"embeddable":true,"href":"https:\/\/www.studyhelp.de\/online-lernen\/wp-json\/wp\/v2\/pages\/6291"}],"wp:attachment":[{"href":"https:\/\/www.studyhelp.de\/online-lernen\/wp-json\/wp\/v2\/media?parent=24"}],"wp:term":[{"taxonomy":"category","embeddable":true,"href":"https:\/\/www.studyhelp.de\/online-lernen\/wp-json\/wp\/v2\/categories?post=24"},{"taxonomy":"post_tag","embeddable":true,"href":"https:\/\/www.studyhelp.de\/online-lernen\/wp-json\/wp\/v2\/tags?post=24"}],"curies":[{"name":"wp","href":"https:\/\/api.w.org\/{rel}","templated":true}]}}