{"id":3393,"date":"2016-10-25T10:12:05","date_gmt":"2016-10-25T08:12:05","guid":{"rendered":"https:\/\/www.studyhelp.de\/mathe\/?page_id=3393"},"modified":"2018-06-14T15:04:09","modified_gmt":"2018-06-14T13:04:09","slug":"abituraufgaben-niedersachsen","status":"publish","type":"page","link":"https:\/\/www.studyhelp.de\/online-lernen\/mathe\/abituraufgaben-niedersachsen\/","title":{"rendered":"Abituraufgaben Niedersachsen"},"content":{"rendered":"<h2>Original Abituraufgaben Mathe + L\u00f6sungen Niedersachsen 2016<\/h2>\n\n<h3>Grundlegendes Anforderungsniveau (GA)<\/h3>\n<ul>\n<li><a href=\"https:\/\/www.studyhelp.de\/online-lernen\/wp-content\/uploads\/2016\/10\/Mathe-Abituraufgaben-NIedersachsen-GA-2016.pdf\">Mathe Abituraufgaben Niedersachsen GA 2016<\/a><\/li>\n<li><a href=\"https:\/\/www.studyhelp.de\/online-lernen\/wp-content\/uploads\/2016\/10\/Mathe-Abituraufgaben-Niedersachsen-GA-2016-Loesung.pdf\">Mathe Abituraufgaben Niedersachsen GA 2016 &#8211; L\u00f6sung<\/a><\/li>\n<\/ul>\n<p><strong>mit GTR<\/strong><\/p>\n<ul>\n<li><a href=\"https:\/\/www.studyhelp.de\/online-lernen\/wp-content\/uploads\/2016\/10\/Mathe-Abituraufgaben-Niedersachsen-GTR-GA-2016.pdf\">Mathe Abituraufgaben Niedersachsen GTR GA 2016<\/a><\/li>\n<li><a href=\"https:\/\/www.studyhelp.de\/online-lernen\/wp-content\/uploads\/2016\/10\/Mathe-Abituraufgaben-Niedersachsen-GTR-GA-2016-Loesung.pdf\">Mathe Abituraufgaben Niedersachsen GTR GA 2016 &#8211; L\u00f6sung<\/a><\/li>\n<\/ul>\n<p><strong>mit CAS<\/strong><\/p>\n<ul>\n<li><a href=\"https:\/\/www.studyhelp.de\/online-lernen\/wp-content\/uploads\/2016\/10\/Mathe-Abituraufgaben-Niedersachsen-CAS-GA-2016.pdf\">Mathe Abituraufgaben Niedersachsen CAS GA 2016<\/a><\/li>\n<li><a href=\"https:\/\/www.studyhelp.de\/online-lernen\/wp-content\/uploads\/2016\/10\/Mathe-Abituraufgaben-Niedersachsen-CAS-GA-2016-Loesung.pdf\">Mathe Abituraufgaben Niedersachsen CAS GA 2016 &#8211; L\u00f6sung<\/a><\/li>\n<\/ul>\n<h3>Erh\u00f6htes Anforderungsniveau (EA)<\/h3>\n<ul>\n<li><a href=\"https:\/\/www.studyhelp.de\/online-lernen\/wp-content\/uploads\/2016\/10\/Mathe-Abituraufgaben-Niedersachsen-EA-2016.pdf\">Mathe Abituraufgaben Niedersachsen EA 2016<\/a><\/li>\n<li><a href=\"https:\/\/www.studyhelp.de\/online-lernen\/wp-content\/uploads\/2016\/10\/Mathe-Abituraufgaben-Niedersachsen-EA-2016-Loesung.pdf\">Mathe Abituraufgaben Niedersachsen EA 2016 &#8211; L\u00f6sung<\/a><\/li>\n<\/ul>\n<p><strong>mit GTR<\/strong><\/p>\n<ul>\n<li><a href=\"https:\/\/www.studyhelp.de\/online-lernen\/wp-content\/uploads\/2016\/10\/Mathe-Abituraufgaben-Niedersachsen-GTR-EA-2016.pdf\">Mathe Abituraufgaben Niedersachsen GTR EA 2016<\/a><\/li>\n<li><a href=\"https:\/\/www.studyhelp.de\/online-lernen\/wp-content\/uploads\/2016\/10\/Mathe-Abituraufgaben-Niedersachsen-GTR-EA-2016-Loesung.pdf\">Mathe Abituraufgaben Niedersachsen GTR EA 2016 &#8211; L\u00f6sung<\/a><\/li>\n<\/ul>\n<p><strong>mit CAS<\/strong><\/p>\n<ul>\n<li><a href=\"https:\/\/www.studyhelp.de\/online-lernen\/wp-content\/uploads\/2016\/10\/Mathe-Abituraufgaben-Niedersachsen-CAS-EA-2016.pdf\">Mathe Abituraufgaben Niedersachsen CAS GA 2016<\/a><\/li>\n<li><a href=\"https:\/\/www.studyhelp.de\/online-lernen\/wp-content\/uploads\/2016\/10\/Mathe-Abituraufgaben-Niedersachsen-CAS-EA-2016-Loesung.pdf\">Mathe Abituraufgaben Niedersachsen CAS GA 2016 &#8211; L\u00f6sung<\/a><\/li>\n<\/ul>\n<p>Quelle: Nieders\u00e4chsisches Kultusministerium<\/p>\n\n","protected":false},"excerpt":{"rendered":"<p>Original Abituraufgaben Mathe + L\u00f6sungen Niedersachsen 2016 Grundlegendes Anforderungsniveau (GA) Mathe Abituraufgaben Niedersachsen GA 2016 Mathe Abituraufgaben Niedersachsen GA 2016 &#8211; L\u00f6sung mit GTR Mathe Abituraufgaben Niedersachsen GTR GA 2016 Mathe Abituraufgaben Niedersachsen GTR GA 2016 &#8211; L\u00f6sung mit CAS Mathe Abituraufgaben Niedersachsen CAS GA 2016 Mathe Abituraufgaben Niedersachsen CAS GA 2016 &#8211; L\u00f6sung Erh\u00f6htes [&hellip;]<\/p>\n","protected":false},"author":5,"featured_media":0,"parent":6291,"menu_order":0,"comment_status":"closed","ping_status":"open","template":"","meta":[],"categories":[1],"tags":[],"yoast_head":"<!-- This site is optimized with the Yoast SEO plugin v14.7 - https:\/\/yoast.com\/wordpress\/plugins\/seo\/ -->\n<title>Mathe Abiturpr\u00fcfung Niedersachsen eA &amp; gA 2016<\/title>\n<meta name=\"description\" content=\"Du bist auf der Suche nach Original Mathe Abituraufgaben Niedersachsen? Hier gibts die Abituraufgaben sortiert nach Themen - 2016 f\u00fcr EA \u2713 GA \u2713 CAS \u2713 GTR\u2713\" \/>\n<meta name=\"robots\" content=\"index, follow\" \/>\n<meta name=\"googlebot\" content=\"index, follow, max-snippet:-1, max-image-preview:large, max-video-preview:-1\" \/>\n<meta name=\"bingbot\" content=\"index, follow, max-snippet:-1, max-image-preview:large, max-video-preview:-1\" \/>\n<link rel=\"canonical\" href=\"https:\/\/www.studyhelp.de\/online-lernen\/mathe\/abituraufgaben-niedersachsen\/\" \/>\n<meta property=\"og:locale\" content=\"de_DE\" \/>\n<meta property=\"og:type\" content=\"article\" \/>\n<meta property=\"og:title\" content=\"Mathe Abiturpr\u00fcfung Niedersachsen eA &amp; gA 2016\" \/>\n<meta property=\"og:description\" content=\"Du bist auf der Suche nach Original Mathe Abituraufgaben Niedersachsen? Hier gibts die Abituraufgaben sortiert nach Themen - 2016 f\u00fcr EA \u2713 GA \u2713 CAS \u2713 GTR\u2713\" \/>\n<meta property=\"og:url\" content=\"https:\/\/www.studyhelp.de\/online-lernen\/mathe\/abituraufgaben-niedersachsen\/\" \/>\n<meta property=\"og:site_name\" content=\"StudyHelp Online-Lernen\" \/>\n<meta property=\"article:modified_time\" content=\"2018-06-14T13:04:09+00:00\" \/>\n<meta name=\"twitter:card\" content=\"summary_large_image\" \/>\n<script type=\"application\/ld+json\" class=\"yoast-schema-graph\">{\"@context\":\"https:\/\/schema.org\",\"@graph\":[{\"@type\":\"WebSite\",\"@id\":\"https:\/\/www.studyhelp.de\/online-lernen\/#website\",\"url\":\"https:\/\/www.studyhelp.de\/online-lernen\/\",\"name\":\"StudyHelp Online-Lernen\",\"description\":\"\",\"potentialAction\":[{\"@type\":\"SearchAction\",\"target\":\"https:\/\/www.studyhelp.de\/online-lernen\/?s={search_term_string}\",\"query-input\":\"required name=search_term_string\"}],\"inLanguage\":\"de-DE\"},{\"@type\":\"WebPage\",\"@id\":\"https:\/\/www.studyhelp.de\/online-lernen\/mathe\/abituraufgaben-niedersachsen\/#webpage\",\"url\":\"https:\/\/www.studyhelp.de\/online-lernen\/mathe\/abituraufgaben-niedersachsen\/\",\"name\":\"Mathe Abiturpr\\u00fcfung Niedersachsen eA & gA 2016\",\"isPartOf\":{\"@id\":\"https:\/\/www.studyhelp.de\/online-lernen\/#website\"},\"datePublished\":\"2016-10-25T08:12:05+00:00\",\"dateModified\":\"2018-06-14T13:04:09+00:00\",\"description\":\"Du bist auf der Suche nach Original Mathe Abituraufgaben Niedersachsen? Hier gibts die Abituraufgaben sortiert nach Themen - 2016 f\\u00fcr EA \\u2713 GA \\u2713 CAS \\u2713 GTR\\u2713\",\"inLanguage\":\"de-DE\",\"potentialAction\":[{\"@type\":\"ReadAction\",\"target\":[\"https:\/\/www.studyhelp.de\/online-lernen\/mathe\/abituraufgaben-niedersachsen\/\"]}]}]}<\/script>\n<!-- \/ Yoast SEO plugin. -->","_links":{"self":[{"href":"https:\/\/www.studyhelp.de\/online-lernen\/wp-json\/wp\/v2\/pages\/3393"}],"collection":[{"href":"https:\/\/www.studyhelp.de\/online-lernen\/wp-json\/wp\/v2\/pages"}],"about":[{"href":"https:\/\/www.studyhelp.de\/online-lernen\/wp-json\/wp\/v2\/types\/page"}],"author":[{"embeddable":true,"href":"https:\/\/www.studyhelp.de\/online-lernen\/wp-json\/wp\/v2\/users\/5"}],"replies":[{"embeddable":true,"href":"https:\/\/www.studyhelp.de\/online-lernen\/wp-json\/wp\/v2\/comments?post=3393"}],"version-history":[{"count":14,"href":"https:\/\/www.studyhelp.de\/online-lernen\/wp-json\/wp\/v2\/pages\/3393\/revisions"}],"predecessor-version":[{"id":8342,"href":"https:\/\/www.studyhelp.de\/online-lernen\/wp-json\/wp\/v2\/pages\/3393\/revisions\/8342"}],"up":[{"embeddable":true,"href":"https:\/\/www.studyhelp.de\/online-lernen\/wp-json\/wp\/v2\/pages\/6291"}],"wp:attachment":[{"href":"https:\/\/www.studyhelp.de\/online-lernen\/wp-json\/wp\/v2\/media?parent=3393"}],"wp:term":[{"taxonomy":"category","embeddable":true,"href":"https:\/\/www.studyhelp.de\/online-lernen\/wp-json\/wp\/v2\/categories?post=3393"},{"taxonomy":"post_tag","embeddable":true,"href":"https:\/\/www.studyhelp.de\/online-lernen\/wp-json\/wp\/v2\/tags?post=3393"}],"curies":[{"name":"wp","href":"https:\/\/api.w.org\/{rel}","templated":true}]}}