{"id":3867,"date":"2016-11-03T11:25:53","date_gmt":"2016-11-03T10:25:53","guid":{"rendered":"https:\/\/www.studyhelp.de\/mathe\/?page_id=3867"},"modified":"2020-01-31T15:35:36","modified_gmt":"2020-01-31T14:35:36","slug":"hypergeometrische-verteilung","status":"publish","type":"page","link":"https:\/\/www.studyhelp.de\/online-lernen\/mathe\/hypergeometrische-verteilung\/","title":{"rendered":"Hypergeometrische Verteilung"},"content":{"rendered":"\n<h2>Definition Hypergeometrische Verteilung:<\/h2>\n<p>Eine Zufallsvariable $X$ hei\u00dft hypergeometrischverteilt, kurz $X \\sim H (n,N,M)$ mit der Wahrscheinlichkeitsfunktion:<\/p>\n<p>\\begin{align*}<br \/>\nP(X=k)=\\frac{\\begin{pmatrix}<br \/>\nM \\\\ k<br \/>\n\\end{pmatrix} \\cdot \\begin{pmatrix}<br \/>\nN-M \\\\ n-k<br \/>\n\\end{pmatrix}}{\\begin{pmatrix}<br \/>\nN \\\\ n<br \/>\n\\end{pmatrix}}<br \/>\n\\end{align*}<\/p>\n<h3>Bemerkungen<\/h3>\n<ul>\n<li>$N$: Grundgesamtheit<\/li>\n<li>$M$: Elemente, die die Eigenschaft $A$ besitzen<\/li>\n<li>$N-M$: Elemente, die die Eigenschaft $A$ nicht besitzen<br \/>\n$n$: Zuf\u00e4llige Entnahme ohne Zur\u00fccklegen<\/li>\n<li>Wichtig: IMMER anwendbar beim \u201eZiehen ohne Zur\u00fccklegen\u201c<\/li>\n<\/ul>\n\n<div class=\"box exercise\">\n<h3>Beispiel Lotto:<\/h3>\n<ul>\n<li>Grundgesamtheit: $N=49$ Zahlen<\/li>\n<li>Eigenschaft Gewinn: $M=6$ Zahlen<\/li>\n<li>Eigenschaft kein Gewinn: $N-M=43$ Zahlen<\/li>\n<li>Ziehungen: $n=6$ Zahlen<\/li>\n<\/ul>\n<p>Daraus ergeben sich folgende Lage- und Streuungsma\u00dfe:<\/p>\n<ul>\n<li><strong>Erwartungswert:<\/strong> $\\mu=E(X)= n \\cdot \\frac{M}{N}$<\/li>\n<li><strong>Varianz:<\/strong> $\\sigma^2=V(X)= n \\cdot \\frac{M}{N} \\cdot \\left( 1- \\frac{M}{N} \\right) \\cdot \\frac{N-n}{N-1}$<\/li>\n<\/ul>\n<\/div>\n<div class=\"box exercise\">\n<h3>Beispiel Fr\u00fcchtekisten<\/h3>\n<p>Eine Lieferung von 80 Kisten, die mit Fr\u00fcchten gef\u00fcllt sind, enthalte 40 Kisten mit verdorbenen Fr\u00fcchten. Da eine vollst\u00e4ndige Pr\u00fcfung der Lieferung zu aufwendig ist, haben Abnehmer und Lieferant vereinbart, dass eine Zufallsstichprobe (ohne Zur\u00fccklegen) von 10 Kisten der Lieferung entnommen und gepr\u00fcft wird, um die Anzahl der Kisten mit verdorbenen Fr\u00fcchten zu bestimmen.<\/p>\n<p>Grundlegend muss man herausfinden um welche Verteilung es sich handelt. In der Aufgabenstellung steht, dass die Zufallsstichproben \u201eohne Zur\u00fccklegen\u201c durchgef\u00fchrt wird und daraus folgt, dass es sich um die Hypergeometrische Verteilung handeln muss.<\/p>\n<p>\\begin{align*}<br \/>\nX \\sim H(n,N,M)<br \/>\n\\end{align*}<\/p>\n<p>Jetzt muss man die Parameter $n$, $N$, $M$ identifizieren, die man zur Berechnung von Wahrscheinlichkeiten f\u00fcr die Hypergeometrische Verteilung ben\u00f6tigt.<\/p>\n<ul>\n<li>$n$: \u201eWie oft wird gezogen?\u201c Hier werden 10 Kisten entnommen, daraus folgt $n=10$.<\/li>\n<li>$N$: Grundgesamtheit, hier $N = 80$.<\/li>\n<li>$M$: Diese Elemente haben eine gewisse Eigenschaft, hier 40 verdorbene Kiste, hier $M = 40$.<\/li>\n<\/ul>\n<p>Folgende Aufgaben sollen bearbeitet werden:<\/p>\n<p><strong>1) Bestimme die Wahrscheinlichkeit f\u00fcr 10 verdorbene Kisten unter der Zufallsstichprobe $X \\sim H (10; 80,40)$ mit $k=10$.<\/strong> <\/p>\n<p>Es gilt<br \/>\n\\begin{align*}<br \/>\nP(X=10)=\\frac{\\begin{pmatrix}<br \/>\n40 \\\\ 10<br \/>\n\\end{pmatrix} \\cdot \\begin{pmatrix}<br \/>\n80-40 \\\\ 10-10<br \/>\n\\end{pmatrix}}{\\begin{pmatrix}<br \/>\n80 \\\\ 10<br \/>\n\\end{pmatrix}}=0,000512<br \/>\n\\end{align*}<\/p>\n<p><strong>2) Bestimme die Wahrscheinlichkeit f\u00fcr mindestens 1 verdorbene Kisten unter der Zufallsstichprobe $X \\sim H (10; 80,40)$ mit $k \\geq 1$.<\/strong> <\/p>\n<p>Es gilt<\/p>\n<p>\\begin{align*}<br \/>\nP(X \\geq 1) &amp;= 1- P(X&lt;1)= 1-P(X=0) \\\\<br \/>\n&amp;= 1- \\frac{\\begin{pmatrix}<br \/>\n40 \\\\ 0<br \/>\n\\end{pmatrix} \\cdot \\begin{pmatrix}<br \/>\n80-40 \\\\ 10-0<br \/>\n\\end{pmatrix}}{\\begin{pmatrix}<br \/>\n80 \\\\ 10<br \/>\n\\end{pmatrix}}=1-0,000512=0,999485<br \/>\n\\end{align*}<\/p>\n<p><strong>3) Bestimme den Erwartungswert und die Varianz.<\/strong><\/p>\n<p>\\begin{align*}<br \/>\nE(X)&amp;=10 \\cdot \\frac{40}{80} = 5 \\\\<br \/>\nV(X)&amp;=10 \\cdot \\frac{40}{80} \\cdot \\left( 1 &#8211; \\frac{40}{80} \\right) \\cdot \\frac{80-10}{80-1}=2,22<br \/>\n\\end{align*}<\/p>\n<\/div>\n<p><strong> Lernvideo zum Thema Hypergeometrische Funktionen von Daniel.<\/strong><\/p>\n<div class=\"lyte-wrapper\" title=\"Hypergeometrische Verteilung, Urnenmodell &amp;quot;ohne Zur&uuml;cklegen&amp;quot; | Mathe by Daniel Jung\" style=\"width:420px;max-width:100%;margin:5px;\"><div class=\"lyMe\" id=\"WYL_BoPYslAe8sg\"><div id=\"lyte_BoPYslAe8sg\" data-src=\"https:\/\/www.studyhelp.de\/online-lernen\/wp-content\/plugins\/wp-youtube-lyte\/lyteCache.php?origThumbUrl=https%3A%2F%2Fi.ytimg.com%2Fvi%2FBoPYslAe8sg%2Fhqdefault.jpg\" class=\"pL\"><div class=\"tC\"><div class=\"tT\">Hypergeometrische Verteilung, Urnenmodell &quot;ohne Zur\u00fccklegen&quot; | Mathe by Daniel Jung<\/div><\/div><div class=\"play\"><\/div><div class=\"ctrl\"><div class=\"Lctrl\"><\/div><div class=\"Rctrl\"><\/div><\/div><\/div><noscript><a href=\"https:\/\/youtu.be\/BoPYslAe8sg\" rel=\"nofollow\"><img src=\"https:\/\/www.studyhelp.de\/online-lernen\/wp-content\/plugins\/wp-youtube-lyte\/lyteCache.php?origThumbUrl=https%3A%2F%2Fi.ytimg.com%2Fvi%2FBoPYslAe8sg%2F0.jpg\" alt=\"Hypergeometrische Verteilung, Urnenmodell &amp;quot;ohne Zur&uuml;cklegen&amp;quot; | Mathe by Daniel Jung\" width=\"420\" height=\"216\" \/><br \/>Dieses Video auf YouTube ansehen<\/a><\/noscript><\/div><\/div><div class=\"lL\" style=\"max-width:100%;width:420px;margin:5px;\"><\/div><br \/>\n<\/p>\n<p><strong>Weitere hilfreiche Lernvideos findet ihr in Daniels Playlist zum Thema Zufallsgr\u00f6\u00dfen&#038; Wahrscheinlichkeitsverteilung.<\/strong><\/p>\n<div class=\"lyte-wrapper\" title=\"Playlist: Zufallsgr&ouml;&szlig;en, Zufallsvariable, Wahrscheinlichkeitsverteilung, Stochastik\" style=\"width:420px;max-width:100%;margin:5px;\"><div class=\"lyMe playlist\" id=\"WYL_PLLTAHuUj-zHjYzRbxle5HNBzn9vOdzZro\"><div id=\"lyte_PLLTAHuUj-zHjYzRbxle5HNBzn9vOdzZro\" data-src=\"https:\/\/www.studyhelp.de\/online-lernen\/wp-content\/plugins\/wp-youtube-lyte\/lyteCache.php?origThumbUrl=https%3A%2F%2Fi.ytimg.com%2Fvi%2FunwJSkloq8M%2Fhqdefault.jpg\" class=\"pL\"><div class=\"tC\"><div class=\"tT\">Playlist: Zufallsgr\u00f6\u00dfen, Zufallsvariable, Wahrscheinlichkeitsverteilung, Stochastik<\/div><\/div><div class=\"play\"><\/div><div class=\"ctrl\"><div class=\"Lctrl\"><\/div><div class=\"Rctrl\"><\/div><\/div><\/div><noscript><a href=\"https:\/\/youtube.com\/playlist?list=PLLTAHuUj-zHjYzRbxle5HNBzn9vOdzZro\" rel=\"nofollow\"><br \/>Diese Wiedergabeliste auf YouTube ansehen<\/a><\/noscript><\/div><\/div><br \/>\n<\/p>\n","protected":false},"excerpt":{"rendered":"<p>Definition Hypergeometrische Verteilung: Eine Zufallsvariable hei\u00dft hypergeometrischverteilt, kurz mit der Wahrscheinlichkeitsfunktion: \\begin{align*} P(X=k)=\\frac{\\begin{pmatrix} M \\\\ k \\end{pmatrix} \\cdot \\begin{pmatrix} N-M \\\\ n-k \\end{pmatrix}}{\\begin{pmatrix} N \\\\ n \\end{pmatrix}} \\end{align*} Bemerkungen : Grundgesamtheit : Elemente, die die Eigenschaft besitzen : Elemente, die die Eigenschaft nicht besitzen : Zuf\u00e4llige Entnahme ohne Zur\u00fccklegen Wichtig: IMMER anwendbar beim \u201eZiehen ohne [&hellip;]<\/p>\n","protected":false},"author":5,"featured_media":0,"parent":6291,"menu_order":0,"comment_status":"closed","ping_status":"open","template":"","meta":[],"categories":[18],"tags":[],"yoast_head":"<!-- This site is optimized with the Yoast SEO plugin v14.7 - https:\/\/yoast.com\/wordpress\/plugins\/seo\/ -->\n<title>Hypergeometrische Verteilung - StudyHelp<\/title>\n<meta name=\"description\" content=\"Du suchst Hilfe zum Thema Hypergeometrische Verteilung? Hier findest du alles, was du brauchst. Beispiele, Lernvideos und leicht verst\u00e4ndliche Erkl\u00e4rungen.\" \/>\n<meta name=\"robots\" content=\"index, follow\" \/>\n<meta name=\"googlebot\" content=\"index, follow, max-snippet:-1, max-image-preview:large, max-video-preview:-1\" \/>\n<meta name=\"bingbot\" content=\"index, follow, max-snippet:-1, max-image-preview:large, max-video-preview:-1\" \/>\n<link rel=\"canonical\" href=\"https:\/\/www.studyhelp.de\/online-lernen\/mathe\/hypergeometrische-verteilung\/\" \/>\n<meta property=\"og:locale\" content=\"de_DE\" \/>\n<meta property=\"og:type\" content=\"article\" \/>\n<meta property=\"og:title\" content=\"Hypergeometrische Verteilung - StudyHelp\" \/>\n<meta property=\"og:description\" content=\"Du suchst Hilfe zum Thema Hypergeometrische Verteilung? Hier findest du alles, was du brauchst. Beispiele, Lernvideos und leicht verst\u00e4ndliche Erkl\u00e4rungen.\" \/>\n<meta property=\"og:url\" content=\"https:\/\/www.studyhelp.de\/online-lernen\/mathe\/hypergeometrische-verteilung\/\" \/>\n<meta property=\"og:site_name\" content=\"StudyHelp Online-Lernen\" \/>\n<meta property=\"article:modified_time\" content=\"2020-01-31T14:35:36+00:00\" \/>\n<meta name=\"twitter:card\" content=\"summary_large_image\" \/>\n<script type=\"application\/ld+json\" class=\"yoast-schema-graph\">{\"@context\":\"https:\/\/schema.org\",\"@graph\":[{\"@type\":\"WebSite\",\"@id\":\"https:\/\/www.studyhelp.de\/online-lernen\/#website\",\"url\":\"https:\/\/www.studyhelp.de\/online-lernen\/\",\"name\":\"StudyHelp Online-Lernen\",\"description\":\"\",\"potentialAction\":[{\"@type\":\"SearchAction\",\"target\":\"https:\/\/www.studyhelp.de\/online-lernen\/?s={search_term_string}\",\"query-input\":\"required name=search_term_string\"}],\"inLanguage\":\"de-DE\"},{\"@type\":\"WebPage\",\"@id\":\"https:\/\/www.studyhelp.de\/online-lernen\/mathe\/hypergeometrische-verteilung\/#webpage\",\"url\":\"https:\/\/www.studyhelp.de\/online-lernen\/mathe\/hypergeometrische-verteilung\/\",\"name\":\"Hypergeometrische Verteilung - StudyHelp\",\"isPartOf\":{\"@id\":\"https:\/\/www.studyhelp.de\/online-lernen\/#website\"},\"datePublished\":\"2016-11-03T10:25:53+00:00\",\"dateModified\":\"2020-01-31T14:35:36+00:00\",\"description\":\"Du suchst Hilfe zum Thema Hypergeometrische Verteilung? Hier findest du alles, was du brauchst. Beispiele, Lernvideos und leicht verst\\u00e4ndliche Erkl\\u00e4rungen.\",\"inLanguage\":\"de-DE\",\"potentialAction\":[{\"@type\":\"ReadAction\",\"target\":[\"https:\/\/www.studyhelp.de\/online-lernen\/mathe\/hypergeometrische-verteilung\/\"]}]}]}<\/script>\n<!-- \/ Yoast SEO plugin. -->","_links":{"self":[{"href":"https:\/\/www.studyhelp.de\/online-lernen\/wp-json\/wp\/v2\/pages\/3867"}],"collection":[{"href":"https:\/\/www.studyhelp.de\/online-lernen\/wp-json\/wp\/v2\/pages"}],"about":[{"href":"https:\/\/www.studyhelp.de\/online-lernen\/wp-json\/wp\/v2\/types\/page"}],"author":[{"embeddable":true,"href":"https:\/\/www.studyhelp.de\/online-lernen\/wp-json\/wp\/v2\/users\/5"}],"replies":[{"embeddable":true,"href":"https:\/\/www.studyhelp.de\/online-lernen\/wp-json\/wp\/v2\/comments?post=3867"}],"version-history":[{"count":22,"href":"https:\/\/www.studyhelp.de\/online-lernen\/wp-json\/wp\/v2\/pages\/3867\/revisions"}],"predecessor-version":[{"id":15570,"href":"https:\/\/www.studyhelp.de\/online-lernen\/wp-json\/wp\/v2\/pages\/3867\/revisions\/15570"}],"up":[{"embeddable":true,"href":"https:\/\/www.studyhelp.de\/online-lernen\/wp-json\/wp\/v2\/pages\/6291"}],"wp:attachment":[{"href":"https:\/\/www.studyhelp.de\/online-lernen\/wp-json\/wp\/v2\/media?parent=3867"}],"wp:term":[{"taxonomy":"category","embeddable":true,"href":"https:\/\/www.studyhelp.de\/online-lernen\/wp-json\/wp\/v2\/categories?post=3867"},{"taxonomy":"post_tag","embeddable":true,"href":"https:\/\/www.studyhelp.de\/online-lernen\/wp-json\/wp\/v2\/tags?post=3867"}],"curies":[{"name":"wp","href":"https:\/\/api.w.org\/{rel}","templated":true}]}}