{"id":6004,"date":"2015-03-25T20:52:59","date_gmt":"2015-03-25T19:52:59","guid":{"rendered":"https:\/\/www.studyhelp.de\/mathe\/wp\/?page_id=36"},"modified":"2019-06-04T14:55:06","modified_gmt":"2019-06-04T12:55:06","slug":"trigonometrische-funktionen","status":"publish","type":"page","link":"https:\/\/www.studyhelp.de\/online-lernen\/mathe\/trigonometrische-funktionen\/","title":{"rendered":"Trigonometrische Funktionen"},"content":{"rendered":"\n<p>Themen auf dieser Seite<\/p>\n<ul>\n<li><a href=\"#sinusfunktion\">Sinusfunktion <\/a><\/li>\n<li><a href=\"#cosinusfunktion\">Cosinusfunktion <\/a><\/li>\n<li><a href=\"#tangensfunktion\">Tangensfunktion <\/a><\/li>\n<li><a href=\"#ableiten\">Ableiten von sin, cos und tan<\/a><\/li>\n<\/ul>\n<h2 class=\"anchor\" id=\"sinusfunktion\">Sinusfunktion<\/h2>\n<p>Wichtige Eigenschaften der Sinusfunktion $f(x)=\\sin(x)$:<\/p>\n<ul>\n<li>Die Sinusfunktion ist eine periodische Funktion mit Periode $2\\pi$, d.h. dass der Graph der Sinusfunktion sich nach jeder Periode wiederholt.<\/li>\n<li>Definitionsbereich $D=\\mathbb{R}$<\/li>\n<li>$W=[-1;1]$<\/li>\n<li>schneidet die $y$-Achse bei (0|0)<\/li>\n<li>punktsymmetrisch zum Ursprung<\/li>\n<\/ul>\n<p><img decoding=\"async\" loading=\"lazy\" class=\"aligncenter wp-image-1197 size-medium\" src=\"https:\/\/www.studyhelp.de\/online-lernen\/wp-content\/uploads\/2015\/03\/bil_sinus-300x201.png\" alt=\"Trigonometrische Funktionen - Sinusfunktion\" width=\"300\" height=\"201\" srcset=\"https:\/\/www.studyhelp.de\/online-lernen\/wp-content\/uploads\/2015\/03\/bil_sinus-300x201.png 300w, https:\/\/www.studyhelp.de\/online-lernen\/wp-content\/uploads\/2015\/03\/bil_sinus.png 572w\" sizes=\"(max-width: 300px) 100vw, 300px\" \/><\/p>\n<p>Die allgemeine Sinusfunktion lautet: $f(x)=a \\sin(bx+c) +d$<\/p>\n\n<h2 class=\"anchor\" id=\"cosinusfunktion\"><\/a>Cosinusfunktion<\/h2>\n<p>Wichtige Eigenschaften der Cosinusfunktion $f(x)=\\cos(x)$:<\/p>\n<ul>\n<li>Die Cosinusfunktion ist eine periodische Funktion mit Periode $2\\pi$, d.h. dass der Graph der Cosinusfunktion sich nach jeder Periode wiederholt.<\/li>\n<li>Definitionsbereich $D=\\mathbb{R}$<\/li>\n<li>$W=[-1;1]$<\/li>\n<li>schneidet die $y$-Achse bei (0|1)<\/li>\n<li>achsensymmetrisch zum Ursprung<\/li>\n<\/ul>\n<p><img decoding=\"async\" loading=\"lazy\" class=\"aligncenter wp-image-1199 size-medium\" src=\"https:\/\/www.studyhelp.de\/online-lernen\/wp-content\/uploads\/2015\/03\/bil_cosinus-300x201.png\" alt=\"Trigonometrische Funktionen - Cosinus\" width=\"300\" height=\"201\" srcset=\"https:\/\/www.studyhelp.de\/online-lernen\/wp-content\/uploads\/2015\/03\/bil_cosinus-300x201.png 300w, https:\/\/www.studyhelp.de\/online-lernen\/wp-content\/uploads\/2015\/03\/bil_cosinus.png 573w\" sizes=\"(max-width: 300px) 100vw, 300px\" \/><\/p>\n<p>Die allgemeine Cosinusfunktion lautet: $f(x)=a \\cos(bx+c) +d$<\/p>\n<h2 class=\"anchor\" id=\"tangensfunktion\">Tangensfunktion<\/h2>\n<p>Wichtige Eigenschaften der Tangensfunktion $f(x)=\\tan(x)$:<\/p>\n<ul>\n<li>die Tangensfunktion sich in regelm\u00e4\u00dfigen Abst\u00e4nden wiederholt, deswegen nennt man die Tangensfunktion auch periodisch<\/li>\n<li>Den Abstand zwischen zwei Wiederholungen nennt man die kleinste Periode $T$.<\/li>\n<\/ul>\n<p><img decoding=\"async\" loading=\"lazy\" class=\" aligncenter wp-image-1200\" src=\"https:\/\/www.studyhelp.de\/online-lernen\/wp-content\/uploads\/2015\/03\/bil_tangens-300x187.png\" alt=\"Trigonometrische Funktionen - Tangens\" width=\"308\" height=\"192\" srcset=\"https:\/\/www.studyhelp.de\/online-lernen\/wp-content\/uploads\/2015\/03\/bil_tangens-300x187.png 300w, https:\/\/www.studyhelp.de\/online-lernen\/wp-content\/uploads\/2015\/03\/bil_tangens.png 595w\" sizes=\"(max-width: 308px) 100vw, 308px\" \/><\/p>\n<ul>\n<li>Eine weitere Eigenschaft der Tangensfunktion ist, dass ihr Graph punktsymmetrisch zum Ursprung $(0\/0)$ ist<\/li>\n<li>$W=\\mathbb{R}$<\/li>\n<\/ul>\n<h2 class=\"anchor\" id=\"ableiten\">Ableiten von sin, cos und tan<\/h2>\n<p><strong>Schau dir zur Einf\u00fchrung das Lernvideo zum Thema Ableiten der Trgonometrischen Funktionen an.<\/strong><\/p>\n<div class=\"lyte-wrapper\" title=\"Ableiten, Verkettung mit sin(x), Differenzieren, Kettenregel, Ableitung | Mathe by Daniel Jung\" style=\"width:420px;max-width:100%;margin:5px;\"><div class=\"lyMe\" id=\"WYL_mRrv7CeVruo\"><div id=\"lyte_mRrv7CeVruo\" data-src=\"https:\/\/www.studyhelp.de\/online-lernen\/wp-content\/plugins\/wp-youtube-lyte\/lyteCache.php?origThumbUrl=https%3A%2F%2Fi.ytimg.com%2Fvi%2FmRrv7CeVruo%2Fhqdefault.jpg\" class=\"pL\"><div class=\"tC\"><div class=\"tT\">Ableiten, Verkettung mit sin(x), Differenzieren, Kettenregel, Ableitung | Mathe by Daniel Jung<\/div><\/div><div class=\"play\"><\/div><div class=\"ctrl\"><div class=\"Lctrl\"><\/div><div class=\"Rctrl\"><\/div><\/div><\/div><noscript><a href=\"https:\/\/youtu.be\/mRrv7CeVruo\" rel=\"nofollow\"><img src=\"https:\/\/www.studyhelp.de\/online-lernen\/wp-content\/plugins\/wp-youtube-lyte\/lyteCache.php?origThumbUrl=https%3A%2F%2Fi.ytimg.com%2Fvi%2FmRrv7CeVruo%2F0.jpg\" alt=\"Ableiten, Verkettung mit sin(x), Differenzieren, Kettenregel, Ableitung | Mathe by Daniel Jung\" width=\"420\" height=\"216\" \/><br \/>Dieses Video auf YouTube ansehen<\/a><\/noscript><\/div><\/div><div class=\"lL\" style=\"max-width:100%;width:420px;margin:5px;\"><\/div><br \/>\n<\/p>\n<div class=\"box info\">\n<p><strong>\u00dcbersicht \u00fcber Ableitungen der Sinus- und Cosinusfunktion:<\/strong><\/p>\n<p>\\begin{align*}<br \/>\nf(x) = \\sin(x) \\quad &amp;\\Rightarrow \\quad f'(x) = \\cos(x) \\\\<br \/>\nf(x) = \\cos(x) \\quad &amp;\\Rightarrow \\quad f'(x) = -\\sin(x) \\\\<br \/>\nf(x) = -\\sin(x) \\quad &amp;\\Rightarrow \\quad f'(x) = -\\cos(x) \\\\<br \/>\nf(x) = -\\cos(x) \\quad &amp;\\Rightarrow \\quad f'(x) = \\sin(x)<br \/>\n\\end{align*}<\/p>\n<p>Die Ableitung des Tangens ist ein wenig schwieriger:<\/p>\n<p>\\begin{align*}<br \/>\nf(x)=\\tan(x)= \\quad \\Rightarrow \\quad f'(x) = \\frac{1}{\\cos^2(x)} = 1 + \\tan^2(x)<br \/>\n\\end{align*}<\/p>\n<p>Der Tangens kann auch mit der Quotientenregel abgeleitet werden, wenn man wei\u00df, dass der Tangens mit Sinus und Cosinus zu<\/p>\n<p>\\begin{align*}<br \/>\nf(x)=\\tan(x)=\\frac{\\sin(x)}{\\cos(x)}<br \/>\n\\end{align*}<\/p>\n<p>umgeschrieben werden kann. Dann folgt f\u00fcr die Ableitung<\/p>\n<p>\\begin{align*}<br \/>\nf'(x)=\\frac{\\cos^2(x)+\\sin^2(x)}{\\cos^2(x)} =\\frac{1}{\\cos^2(x) }<br \/>\n\\end{align*}<\/p>\n<p>mit $\\cos^2(x)+\\sin^2(x)=1$.<\/p>\n<\/div>\n<p><strong>Schau dir zur Vertiefung Daniels Playlist zum Thema Trigonometrische Funktionen an.<\/strong><\/p>\n<div class=\"lyte-wrapper\" title=\"Playlist: Trigonometrische Funktionen, Winkelfunktionen, sin(x), cos(x), tan(x), arcus\" style=\"width:420px;max-width:100%;margin:5px;\"><div class=\"lyMe playlist\" id=\"WYL_PLLTAHuUj-zHjt6ti6M4jIqwdppbsU88Xu\"><div id=\"lyte_PLLTAHuUj-zHjt6ti6M4jIqwdppbsU88Xu\" data-src=\"https:\/\/www.studyhelp.de\/online-lernen\/wp-content\/plugins\/wp-youtube-lyte\/lyteCache.php?origThumbUrl=https%3A%2F%2Fi.ytimg.com%2Fvi%2FmjIMGc_DVqQ%2Fhqdefault.jpg\" class=\"pL\"><div class=\"tC\"><div class=\"tT\">Playlist: Trigonometrische Funktionen, Winkelfunktionen, sin(x), cos(x), tan(x), arcus<\/div><\/div><div class=\"play\"><\/div><div class=\"ctrl\"><div class=\"Lctrl\"><\/div><div class=\"Rctrl\"><\/div><\/div><\/div><noscript><a href=\"https:\/\/youtube.com\/playlist?list=PLLTAHuUj-zHjt6ti6M4jIqwdppbsU88Xu\" rel=\"nofollow\"><br \/>Diese Wiedergabeliste auf YouTube ansehen<\/a><\/noscript><\/div><\/div><br \/>\n<\/p>\n","protected":false},"excerpt":{"rendered":"<p>Themen auf dieser Seite Sinusfunktion Cosinusfunktion Tangensfunktion Ableiten von sin, cos und tan Sinusfunktion Wichtige Eigenschaften der Sinusfunktion : Die Sinusfunktion ist eine periodische Funktion mit Periode , d.h. dass der Graph der Sinusfunktion sich nach jeder Periode wiederholt. Definitionsbereich schneidet die -Achse bei (0|0) punktsymmetrisch zum Ursprung Die allgemeine Sinusfunktion lautet: Cosinusfunktion Wichtige Eigenschaften [&hellip;]<\/p>\n","protected":false},"author":5,"featured_media":0,"parent":6291,"menu_order":15,"comment_status":"closed","ping_status":"closed","template":"","meta":[],"categories":[15],"tags":[],"yoast_head":"<!-- This site is optimized with the Yoast SEO plugin v14.7 - https:\/\/yoast.com\/wordpress\/plugins\/seo\/ -->\n<title>Trigonometrische Funktionen - Sin Cos Tan - StudyHelp<\/title>\n<meta name=\"description\" content=\"Du m\u00f6chtest Trigonometrische Funktionen berechnen und brauchst Hilfe? Wir zeigen dir, wie man mit Sinus, Cosinus und Tangens rechnet. Inkl. Beispiele!\" \/>\n<meta name=\"robots\" content=\"index, follow\" \/>\n<meta name=\"googlebot\" content=\"index, follow, max-snippet:-1, max-image-preview:large, max-video-preview:-1\" \/>\n<meta name=\"bingbot\" content=\"index, follow, max-snippet:-1, max-image-preview:large, max-video-preview:-1\" \/>\n<link rel=\"canonical\" href=\"https:\/\/www.studyhelp.de\/online-lernen\/mathe\/trigonometrische-funktionen\/\" \/>\n<meta property=\"og:locale\" content=\"de_DE\" \/>\n<meta property=\"og:type\" content=\"article\" \/>\n<meta property=\"og:title\" content=\"Trigonometrische Funktionen - Sin Cos Tan - StudyHelp\" \/>\n<meta property=\"og:description\" content=\"Du m\u00f6chtest Trigonometrische Funktionen berechnen und brauchst Hilfe? Wir zeigen dir, wie man mit Sinus, Cosinus und Tangens rechnet. Inkl. Beispiele!\" \/>\n<meta property=\"og:url\" content=\"https:\/\/www.studyhelp.de\/online-lernen\/mathe\/trigonometrische-funktionen\/\" \/>\n<meta property=\"og:site_name\" content=\"StudyHelp Online-Lernen\" \/>\n<meta property=\"article:modified_time\" content=\"2019-06-04T12:55:06+00:00\" \/>\n<meta property=\"og:image\" content=\"https:\/\/www.studyhelp.de\/online-lernen\/wp-content\/uploads\/2015\/03\/bil_sinus-300x201.png\" \/>\n<meta name=\"twitter:card\" content=\"summary_large_image\" \/>\n<script type=\"application\/ld+json\" class=\"yoast-schema-graph\">{\"@context\":\"https:\/\/schema.org\",\"@graph\":[{\"@type\":\"WebSite\",\"@id\":\"https:\/\/www.studyhelp.de\/online-lernen\/#website\",\"url\":\"https:\/\/www.studyhelp.de\/online-lernen\/\",\"name\":\"StudyHelp Online-Lernen\",\"description\":\"\",\"potentialAction\":[{\"@type\":\"SearchAction\",\"target\":\"https:\/\/www.studyhelp.de\/online-lernen\/?s={search_term_string}\",\"query-input\":\"required name=search_term_string\"}],\"inLanguage\":\"de-DE\"},{\"@type\":\"ImageObject\",\"@id\":\"https:\/\/www.studyhelp.de\/online-lernen\/mathe\/trigonometrische-funktionen\/#primaryimage\",\"inLanguage\":\"de-DE\",\"url\":\"https:\/\/www.studyhelp.de\/online-lernen\/wp-content\/uploads\/2015\/03\/bil_sinus.png\",\"width\":572,\"height\":383},{\"@type\":\"WebPage\",\"@id\":\"https:\/\/www.studyhelp.de\/online-lernen\/mathe\/trigonometrische-funktionen\/#webpage\",\"url\":\"https:\/\/www.studyhelp.de\/online-lernen\/mathe\/trigonometrische-funktionen\/\",\"name\":\"Trigonometrische Funktionen - Sin Cos Tan - StudyHelp\",\"isPartOf\":{\"@id\":\"https:\/\/www.studyhelp.de\/online-lernen\/#website\"},\"primaryImageOfPage\":{\"@id\":\"https:\/\/www.studyhelp.de\/online-lernen\/mathe\/trigonometrische-funktionen\/#primaryimage\"},\"datePublished\":\"2015-03-25T19:52:59+00:00\",\"dateModified\":\"2019-06-04T12:55:06+00:00\",\"description\":\"Du m\\u00f6chtest Trigonometrische Funktionen berechnen und brauchst Hilfe? Wir zeigen dir, wie man mit Sinus, Cosinus und Tangens rechnet. Inkl. Beispiele!\",\"inLanguage\":\"de-DE\",\"potentialAction\":[{\"@type\":\"ReadAction\",\"target\":[\"https:\/\/www.studyhelp.de\/online-lernen\/mathe\/trigonometrische-funktionen\/\"]}]}]}<\/script>\n<!-- \/ Yoast SEO plugin. -->","_links":{"self":[{"href":"https:\/\/www.studyhelp.de\/online-lernen\/wp-json\/wp\/v2\/pages\/6004"}],"collection":[{"href":"https:\/\/www.studyhelp.de\/online-lernen\/wp-json\/wp\/v2\/pages"}],"about":[{"href":"https:\/\/www.studyhelp.de\/online-lernen\/wp-json\/wp\/v2\/types\/page"}],"author":[{"embeddable":true,"href":"https:\/\/www.studyhelp.de\/online-lernen\/wp-json\/wp\/v2\/users\/5"}],"replies":[{"embeddable":true,"href":"https:\/\/www.studyhelp.de\/online-lernen\/wp-json\/wp\/v2\/comments?post=6004"}],"version-history":[{"count":11,"href":"https:\/\/www.studyhelp.de\/online-lernen\/wp-json\/wp\/v2\/pages\/6004\/revisions"}],"predecessor-version":[{"id":13497,"href":"https:\/\/www.studyhelp.de\/online-lernen\/wp-json\/wp\/v2\/pages\/6004\/revisions\/13497"}],"up":[{"embeddable":true,"href":"https:\/\/www.studyhelp.de\/online-lernen\/wp-json\/wp\/v2\/pages\/6291"}],"wp:attachment":[{"href":"https:\/\/www.studyhelp.de\/online-lernen\/wp-json\/wp\/v2\/media?parent=6004"}],"wp:term":[{"taxonomy":"category","embeddable":true,"href":"https:\/\/www.studyhelp.de\/online-lernen\/wp-json\/wp\/v2\/categories?post=6004"},{"taxonomy":"post_tag","embeddable":true,"href":"https:\/\/www.studyhelp.de\/online-lernen\/wp-json\/wp\/v2\/tags?post=6004"}],"curies":[{"name":"wp","href":"https:\/\/api.w.org\/{rel}","templated":true}]}}