{"id":6467,"date":"2015-03-25T20:57:44","date_gmt":"2015-03-25T19:57:44","guid":{"rendered":"http:\/\/mathe2go.de\/wp\/?page_id=60"},"modified":"2018-06-15T09:22:22","modified_gmt":"2018-06-15T07:22:22","slug":"statische-bestimmtheit","status":"publish","type":"page","link":"https:\/\/www.studyhelp.de\/online-lernen\/mechanik\/statische-bestimmtheit\/","title":{"rendered":"Statische Bestimmtheit"},"content":{"rendered":"\n<h2>Wie pr\u00fcfe ich ein System auf statische Bestimmtheit?<\/h2>\n<p>Bei der Bestimmung der statischen Bestimmtheit sollten in der Regel 2 Bedingungen gepr\u00fcft werden um einen Ausnahmefall der Statik ausschlie\u00dfen zu k\u00f6nnen.<\/p>\n<p><strong>1) Notwendige Bedingung<\/strong><\/p>\n<p><span style=\"text-decoration: underline;\">Bei Systemen<\/span>:<\/p>\n<p>Mithilfe der kinematischen Abz\u00e4hlformel: $f=3n-(r+z)$<\/p>\n<p>mit $n$: Anzahl der Systeme<\/p>\n<p style=\"padding-left: 30px;\">$r$: Anzahl der Reaktionskr\u00e4fte<\/p>\n<p style=\"padding-left: 30px;\">$z$: Anzahl der Gelenkkr\u00e4fte<\/p>\n<p><span style=\"text-decoration: underline;\">Bei Fachwerken<\/span>:<\/p>\n<p>Mithilfe der kinematischen Abz\u00e4hlformel:\u00a0$f=2k-(r+s)$<\/p>\n<p>mit $k$: Anzahl der Knoten<\/p>\n<p style=\"padding-left: 30px;\">$r$: Anzahl der Reaktionskr\u00e4fte<\/p>\n<p style=\"padding-left: 30px;\">$s$: Anzahl der St\u00e4be<\/p>\n<p>Es gilt:<\/p>\n<p>$f \\leq 0$: starr, sofern kein Ausnahmefall vorliegt<\/p>\n<p>$f &gt;0$: verschiebbar<\/p>\n<p><strong>2) Hinreichende Bedingung<\/strong><\/p>\n<p>Bei Systemen: Polplan<\/p>\n<p>Bei Fachwerken: Bildungsgesetze &amp; Polplan<\/p>\n<p><span style=\"text-decoration: underline;\">\u00dcbersicht der Bildungsgesetze\u00a0<a href=\"#_ftn1\">[1]<\/a><\/span>:<\/p>\n<ol>\n<li>Bildungsgesetz: \u201eAusgehend von einem starren K\u00f6rper, z.B. einem Einzelstab<a href=\"https:\/\/www.studyhelp.de\/online-lernen\/wp-content\/uploads\/2015\/03\/bil_einzelstab.png\"><img decoding=\"async\" loading=\"lazy\" class=\" wp-image-1839 alignnone\" src=\"https:\/\/www.studyhelp.de\/online-lernen\/wp-content\/uploads\/2015\/03\/bil_einzelstab.png\" alt=\"Einzelstab\" width=\"78\" height=\"24\" \/><\/a>, wird ein neuer Knoten durch zwei St\u00e4be angeschlossen, so dass ein Dreieck entsteht. <a href=\"https:\/\/www.studyhelp.de\/online-lernen\/wp-content\/uploads\/2015\/03\/bil_bildungsgesetz.png\"><img decoding=\"async\" loading=\"lazy\" class=\" wp-image-1838 alignnone\" src=\"https:\/\/www.studyhelp.de\/online-lernen\/wp-content\/uploads\/2015\/03\/bil_bildungsgesetz.png\" alt=\"Bildungsgesetz\" width=\"59\" height=\"37\" \/><\/a>Dies kann beliebig fortgesetzt werden, solange die zwei neuen St\u00e4be nicht auf einer Geraden liegen.\u201c<\/li>\n<li>Bildungsgesetz: \u201eZwei innerlich bestimmte Fachwerke werden durch drei St\u00e4be miteinander verbunden, die sich nicht in einem Punkt schneiden und die nicht alle parallel sind. An die Stelle von zwei St\u00e4ben kann auch ein an beiden Fachwerken gemeinsamer Knoten treten.\u201c<\/li>\n<li>Bildungsgesetz: \u201eBei einem innerlich statisch bestimmten Fachwerk wird 1 Stab herausgenommen und an einer anderen Stelle wieder so eingef\u00fcgt, dass das Fachwerk starr ist.\u201c<\/li>\n<\/ol>\n<p><a name=\"_ftn1\" class=\"anchor\">[1]<\/a> Quelle: Technische Mechanik \u2013 Statik, Rolf Mahnken<\/p>\n<p><span style=\"text-decoration: underline;\">Regeln zum Polplan:<\/span><\/p>\n<ol>\n<li>Festes Auflager ist Pol\u00a0<img decoding=\"async\" loading=\"lazy\" class=\" wp-image-1847 aligncenter\" src=\"https:\/\/www.studyhelp.de\/online-lernen\/wp-content\/uploads\/2015\/03\/bil_polplan.png\" alt=\"Festes Auflager ist Pol\" width=\"288\" height=\"70\" srcset=\"https:\/\/www.studyhelp.de\/online-lernen\/wp-content\/uploads\/2015\/03\/bil_polplan.png 665w, https:\/\/www.studyhelp.de\/online-lernen\/wp-content\/uploads\/2015\/03\/bil_polplan-300x73.png 300w\" sizes=\"(max-width: 288px) 100vw, 288px\" \/><\/li>\n<li>Bei Translationsbewegung liegt Pol im Unendlichen\u00a0<img decoding=\"async\" loading=\"lazy\" class=\"aligncenter wp-image-1851\" src=\"https:\/\/www.studyhelp.de\/online-lernen\/wp-content\/uploads\/2015\/03\/bil_polplan1.png\" alt=\"Pol liegt im Unendlichen\" width=\"275\" height=\"114\" srcset=\"https:\/\/www.studyhelp.de\/online-lernen\/wp-content\/uploads\/2015\/03\/bil_polplan1.png 419w, https:\/\/www.studyhelp.de\/online-lernen\/wp-content\/uploads\/2015\/03\/bil_polplan1-300x125.png 300w\" sizes=\"(max-width: 275px) 100vw, 275px\" \/><\/li>\n<li>Loslager ist geometrischer Ort<img decoding=\"async\" loading=\"lazy\" class=\"aligncenter wp-image-1852\" src=\"https:\/\/www.studyhelp.de\/online-lernen\/wp-content\/uploads\/2015\/03\/bil_polplan2.png\" alt=\"Loslager ist geometrischer Ort\" width=\"284\" height=\"113\" \/<\/li srcset=\"https:\/\/www.studyhelp.de\/online-lernen\/wp-content\/uploads\/2015\/03\/bil_polplan2.png 711w, https:\/\/www.studyhelp.de\/online-lernen\/wp-content\/uploads\/2015\/03\/bil_polplan2-300x119.png 300w\" sizes=\"(max-width: 284px) 100vw, 284px\" \/>\n<li>Schnittpunkt zweier geometrischer Orte ist Pol selbst<img decoding=\"async\" loading=\"lazy\" class=\"aligncenter wp-image-1853\" src=\"https:\/\/www.studyhelp.de\/online-lernen\/wp-content\/uploads\/2015\/03\/bil_polplan3.png\" alt=\"bil_polplan3\" width=\"284\" height=\"216\" \/><\/li>\n<li>Bei mehrteiligen Systemen: Liegen Pol von System 1 und 2 auf einer Geraden mit dem Zwischenpol (Gelenk, dass System verbindet), dann ist das System verschiebbar<img decoding=\"async\" loading=\"lazy\" class=\"aligncenter wp-image-1854\" src=\"https:\/\/www.studyhelp.de\/online-lernen\/wp-content\/uploads\/2015\/03\/bil_polplan4.png\" alt=\"Zwischenpol\" width=\"348\" height=\"91\" srcset=\"https:\/\/www.studyhelp.de\/online-lernen\/wp-content\/uploads\/2015\/03\/bil_polplan4.png 963w, https:\/\/www.studyhelp.de\/online-lernen\/wp-content\/uploads\/2015\/03\/bil_polplan4-300x79.png 300w, https:\/\/www.studyhelp.de\/online-lernen\/wp-content\/uploads\/2015\/03\/bil_polplan4-768x201.png 768w\" sizes=\"(max-width: 348px) 100vw, 348px\" \/><\/li>\n<\/ol>\n\n<div class=\"box exercise\">\n<h3>Beispiel Fachwerk 1<\/h3>\n<p>Pr\u00fcfe das folgende Fachwerk auf die statische Bestimmtheit. Wenn m\u00f6glich, ist auch die Verschiebungsfigur zu zeichnen.<img decoding=\"async\" loading=\"lazy\" class=\"aligncenter wp-image-1958\" src=\"https:\/\/www.studyhelp.de\/online-lernen\/wp-content\/uploads\/2015\/03\/bil_statisch_bsp1-1024x663.png\" alt=\"bil_statisch_bsp1\" width=\"309\" height=\"200\" srcset=\"https:\/\/www.studyhelp.de\/online-lernen\/wp-content\/uploads\/2015\/03\/bil_statisch_bsp1-1024x663.png 1024w, https:\/\/www.studyhelp.de\/online-lernen\/wp-content\/uploads\/2015\/03\/bil_statisch_bsp1-300x194.png 300w, https:\/\/www.studyhelp.de\/online-lernen\/wp-content\/uploads\/2015\/03\/bil_statisch_bsp1-768x498.png 768w, https:\/\/www.studyhelp.de\/online-lernen\/wp-content\/uploads\/2015\/03\/bil_statisch_bsp1.png 1298w\" sizes=\"(max-width: 309px) 100vw, 309px\" \/><\/a><\/p>\n<p><strong>L\u00f6sung:<\/strong><\/p>\n<p><strong>1) Notwendige Bedingung:<\/strong><\/p>\n<p>Es liegt ein Fachwerk vor, daher wird die Abz\u00e4hlformel f\u00fcr Fachwerke verwendet. Daf\u00fcr z\u00e4hlen wir nun die Knoten ($k=7$), die St\u00e4be ($s=11$) und die Lagerwertigkeiten ($r=3$: das Festlager kann 2 Kr\u00e4fte aufnehmen und das Loslager 1 Kraft!). Wir erhalten:<\/p>\n<p>\\begin{align*}<br \/>\nf=2\\cdot 7-(11+3)=0<br \/>\n\\end{align*}<\/p>\n<p>Damit ist die notwendige Bedingung erf\u00fcllt und wir pr\u00fcfen nun die hinreichende Bedingung:<\/p>\n<p><strong>2) Hinreichende Bedingung:<\/strong><\/p>\n<p>Da ein Fachwerk vorliegt, muss zun\u00e4chst die innere statische Bestimmtheit mit Hilfe der Bildungsgesetze gepr\u00fcft werden. Es liegen nur Dreiecke vor, aus diesem Grund k\u00f6nnen wir mit Hilfe des 1. Bildungsgesetzes die innere statische Bestimmtheit des Fachwerks nachweisen. Zur Verdeutlichung werden die Dreiecksfl\u00e4chen schraffiert.<img decoding=\"async\" loading=\"lazy\" class=\"aligncenter wp-image-1959\" src=\"https:\/\/www.studyhelp.de\/online-lernen\/wp-content\/uploads\/2015\/03\/bil_statisch_bsp12-1024x669.png\" alt=\"Statische Bestimmtheit erkennen\" width=\"312\" height=\"203\" srcset=\"https:\/\/www.studyhelp.de\/online-lernen\/wp-content\/uploads\/2015\/03\/bil_statisch_bsp12-1024x669.png 1024w, https:\/\/www.studyhelp.de\/online-lernen\/wp-content\/uploads\/2015\/03\/bil_statisch_bsp12-300x196.png 300w, https:\/\/www.studyhelp.de\/online-lernen\/wp-content\/uploads\/2015\/03\/bil_statisch_bsp12-768x502.png 768w, https:\/\/www.studyhelp.de\/online-lernen\/wp-content\/uploads\/2015\/03\/bil_statisch_bsp12.png 1206w\" sizes=\"(max-width: 312px) 100vw, 312px\" \/><\/p>\n<p>Nun noch den Polplan erstellen. Dazu werfen wir einen kleinen Blick in die Regeln. Regel I: Festlager ist Pol selbst. Regel III: Loslager ist geometrischer Ort.<\/p>\n<p><img decoding=\"async\" loading=\"lazy\" class=\"aligncenter wp-image-1960\" src=\"https:\/\/www.studyhelp.de\/online-lernen\/wp-content\/uploads\/2015\/03\/bil_statisch_bsp13-1024x560.png\" alt=\"Polplan erstellen\" width=\"406\" height=\"222\" srcset=\"https:\/\/www.studyhelp.de\/online-lernen\/wp-content\/uploads\/2015\/03\/bil_statisch_bsp13-1024x560.png 1024w, https:\/\/www.studyhelp.de\/online-lernen\/wp-content\/uploads\/2015\/03\/bil_statisch_bsp13-300x164.png 300w, https:\/\/www.studyhelp.de\/online-lernen\/wp-content\/uploads\/2015\/03\/bil_statisch_bsp13-768x420.png 768w, https:\/\/www.studyhelp.de\/online-lernen\/wp-content\/uploads\/2015\/03\/bil_statisch_bsp13.png 1469w\" sizes=\"(max-width: 406px) 100vw, 406px\" \/><\/p>\n<p>Das Schwierigste ist nun aber die Interpretation des Polplans. Merkt euch: Wenn der geometrische Ort nicht durch den Pol verl\u00e4uft, liegt ein Widerspruch im Polplan vor und das System ist statisch bestimmt oder nicht verschiebbar oder wie auch immer ihr es nennen wollt!<\/p>\n<\/div>\n<div class=\"box exercise\">\n<h3>Beispiel Fachwerk 2<\/h3>\n<p>Pr\u00fcfe das folgende Fachwerk auf die statische Bestimmtheit. Wenn m\u00f6glich, ist auch die Verschiebungsfigur zu zeichnen.<img decoding=\"async\" loading=\"lazy\" class=\"aligncenter wp-image-1962\" src=\"https:\/\/www.studyhelp.de\/online-lernen\/wp-content\/uploads\/2015\/03\/bil_statisch_bsp2-1024x701.png\" alt=\"Verschiebungsfigur zeichnen\" width=\"342\" height=\"234\" srcset=\"https:\/\/www.studyhelp.de\/online-lernen\/wp-content\/uploads\/2015\/03\/bil_statisch_bsp2-1024x701.png 1024w, https:\/\/www.studyhelp.de\/online-lernen\/wp-content\/uploads\/2015\/03\/bil_statisch_bsp2-300x205.png 300w, https:\/\/www.studyhelp.de\/online-lernen\/wp-content\/uploads\/2015\/03\/bil_statisch_bsp2-768x526.png 768w, https:\/\/www.studyhelp.de\/online-lernen\/wp-content\/uploads\/2015\/03\/bil_statisch_bsp2.png 1211w\" sizes=\"(max-width: 342px) 100vw, 342px\" \/><\/p>\n<p><strong>L\u00f6sung:<\/strong><\/p>\n<p><strong>1) Notwendige Bedingung:<\/strong><\/p>\n<p>siehe Beispiel 1.<\/p>\n<p><strong>2)\u00a0Hinreichende Bedingung:<\/strong><\/p>\n<p>Bildungsgesetze, siehe Beispiel 1.<\/p>\n<p>Lediglich beim\u00a0Polplan treten Unterschiede zum vorherigen Beispiel auf. Warum? Wegen dem Loslager oben rechts. Schauen wir uns also den Polplan genauer an. Wieder werfen wir einen kleinen Blick in die Regeln. Regel I: Festlager ist Pol selbst. Regel III: Loslager ist geometrischer Ort.<\/p>\n<p>Interpretation des Polplans: Der geometrische Ort verl\u00e4uft durch den Pol, also liegt kein Widerspruch im Polplan vor und das System ist statisch unbestimmt oder verschiebbar oder wie auch immer ihr es nennen wollt!<\/p>\n<p><img decoding=\"async\" loading=\"lazy\" class=\"aligncenter wp-image-1963\" src=\"https:\/\/www.studyhelp.de\/online-lernen\/wp-content\/uploads\/2015\/03\/bil_statisch_bsp21-1024x624.png\" alt=\"Interpretation des Polplans\" width=\"400\" height=\"244\" srcset=\"https:\/\/www.studyhelp.de\/online-lernen\/wp-content\/uploads\/2015\/03\/bil_statisch_bsp21-1024x624.png 1024w, https:\/\/www.studyhelp.de\/online-lernen\/wp-content\/uploads\/2015\/03\/bil_statisch_bsp21-300x183.png 300w, https:\/\/www.studyhelp.de\/online-lernen\/wp-content\/uploads\/2015\/03\/bil_statisch_bsp21-768x468.png 768w, https:\/\/www.studyhelp.de\/online-lernen\/wp-content\/uploads\/2015\/03\/bil_statisch_bsp21.png 1358w\" sizes=\"(max-width: 400px) 100vw, 400px\" \/><\/p>\n<p>Wie sieht nun die Verschiebungsfigur aus? Hier nehmen wir das Prinzip der virtuellen Arbeit etwas vorweg. Merke: \u201eJede Bewegung eines starren K\u00f6rpers ist als Drehung um den Absolutpol darstellbar.\u201c\u00a0 Zur einfacheren Darstellung wird das Fachwerk in der Verschiebungsfigur ohne die inneren St\u00e4be dargestellt. Ausgehend vom Pol ziehen wir den Polstrahl zu den \u00e4u\u00dferen Knoten. Den Drehsinn k\u00f6nnt ihr euch aussuchen (hier: Im Uhrzeigersinn). Anschlie\u00dfend verschiebt sich der Knoten senkrecht zum Polstrahl.<\/p>\n<p><img decoding=\"async\" loading=\"lazy\" class=\"aligncenter wp-image-1964\" src=\"https:\/\/www.studyhelp.de\/online-lernen\/wp-content\/uploads\/2015\/03\/bil_statisch_bsp22-1024x709.png\" alt=\"Verschiebungsfigur\" width=\"347\" height=\"240\" srcset=\"https:\/\/www.studyhelp.de\/online-lernen\/wp-content\/uploads\/2015\/03\/bil_statisch_bsp22-1024x709.png 1024w, https:\/\/www.studyhelp.de\/online-lernen\/wp-content\/uploads\/2015\/03\/bil_statisch_bsp22-300x208.png 300w, https:\/\/www.studyhelp.de\/online-lernen\/wp-content\/uploads\/2015\/03\/bil_statisch_bsp22-768x532.png 768w, https:\/\/www.studyhelp.de\/online-lernen\/wp-content\/uploads\/2015\/03\/bil_statisch_bsp22.png 1140w\" sizes=\"(max-width: 347px) 100vw, 347px\" \/><\/p>\n<\/div>\n<div class=\"box exercise\">\n<h3>Beispiel mehrteiliges System<\/h3>\n<p>Pr\u00fcfe das folgende System auf die statische Bestimmtheit. Wenn m\u00f6glich, ist auch die Verschiebungsfigur zu zeichnen. Bekannt: $F, \\ \\overline{M}, \\ a$<img decoding=\"async\" loading=\"lazy\" class=\"aligncenter wp-image-1919\" src=\"https:\/\/www.studyhelp.de\/online-lernen\/wp-content\/uploads\/2016\/05\/bil_pdva_bsp.png\" alt=\"Statische Bestimmtheit mehrteiliges System\" width=\"213\" height=\"307\" srcset=\"https:\/\/www.studyhelp.de\/online-lernen\/wp-content\/uploads\/2016\/05\/bil_pdva_bsp.png 538w, https:\/\/www.studyhelp.de\/online-lernen\/wp-content\/uploads\/2016\/05\/bil_pdva_bsp-208x300.png 208w\" sizes=\"(max-width: 213px) 100vw, 213px\" \/><\/p>\n<p><strong>L\u00f6sung:<\/strong><\/p>\n<p><strong>1) Notwendige Bedingung:<\/strong><\/p>\n<p>Es liegt ein \u201enormales\u201c System vor, daher wird die Abz\u00e4hlformel f\u00fcr Systeme verwendet. Daf\u00fcr z\u00e4hlen wir nun die Anzahl der Systeme ($n=2$), die Gelenkkr\u00e4fte ($z=2$: Gelenke verbinden Systeme miteinander und k\u00f6nnen 2 Kr\u00e4fte aufnehmen) und die Lagerwertigkeiten ($r=4$: zwei\u00a0 Festlager, die jeweils 2 Kr\u00e4fte aufnehmen k\u00f6nnen). Wir erhalten:<\/p>\n<p>\\begin{align*}<br \/>\nf=3\\cdot 2-(4+2)=0<br \/>\n\\end{align*}<\/p>\n<p><strong>2) Hinreichende Bedingung:<\/strong><\/p>\n<p>Polplan: Wir nummerieren zun\u00e4chst unsere Systeme durch. Anschlie\u00dfend nach Festlagern Ausschau halten, denn die sind immer der Pol selbst. Ein Pol von System 1 und ein Pol von System 2. Das Gelenk, welches die Systeme verbindet, wird als Zwischenpol bezeichnet.<\/p>\n<p><a href=\"https:\/\/www.studyhelp.de\/online-lernen\/wp-content\/uploads\/2015\/03\/bil_statisch_bsp3.png\"><img decoding=\"async\" loading=\"lazy\" class=\"aligncenter wp-image-1966\" src=\"https:\/\/www.studyhelp.de\/online-lernen\/wp-content\/uploads\/2015\/03\/bil_statisch_bsp3.png\" alt=\"Polplan\" width=\"195\" height=\"301\" srcset=\"https:\/\/www.studyhelp.de\/online-lernen\/wp-content\/uploads\/2015\/03\/bil_statisch_bsp3.png 412w, https:\/\/www.studyhelp.de\/online-lernen\/wp-content\/uploads\/2015\/03\/bil_statisch_bsp3-194x300.png 194w\" sizes=\"(max-width: 195px) 100vw, 195px\" \/><\/a><\/p>\n<p>Das System gilt als verschiebbar, wenn die Pole von System 1 und 2, sowie der Zwischenpol auf einer Geraden liegen (vgl. Regel 5). Das ist hier nicht der Fall. Aus diesem Grund ist das System statisch bestimmt!<\/p>\n<p><strong>L\u00f6sungsvideo zu den 3 obigen Beispielen:<\/strong><\/p>\n<div class=\"lyte-wrapper\" title=\"Statische Bestimmtheit pr&uuml;fen - 3 kleine Beispiele\" style=\"width:420px;max-width:100%;margin:5px;\"><div class=\"lyMe\" id=\"WYL__WBTKeZ7s8s\"><div id=\"lyte__WBTKeZ7s8s\" data-src=\"https:\/\/www.studyhelp.de\/online-lernen\/wp-content\/plugins\/wp-youtube-lyte\/lyteCache.php?origThumbUrl=https%3A%2F%2Fi.ytimg.com%2Fvi%2F_WBTKeZ7s8s%2Fhqdefault.jpg\" class=\"pL\"><div class=\"tC\"><div class=\"tT\">Statische Bestimmtheit pr\u00fcfen - 3 kleine Beispiele<\/div><\/div><div class=\"play\"><\/div><div class=\"ctrl\"><div class=\"Lctrl\"><\/div><div class=\"Rctrl\"><\/div><\/div><\/div><noscript><a href=\"https:\/\/youtu.be\/_WBTKeZ7s8s\" rel=\"nofollow\"><img src=\"https:\/\/www.studyhelp.de\/online-lernen\/wp-content\/plugins\/wp-youtube-lyte\/lyteCache.php?origThumbUrl=https%3A%2F%2Fi.ytimg.com%2Fvi%2F_WBTKeZ7s8s%2F0.jpg\" alt=\"Statische Bestimmtheit pr&uuml;fen - 3 kleine Beispiele\" width=\"420\" height=\"216\" \/><br \/>Dieses Video auf YouTube ansehen<\/a><\/noscript><\/div><\/div><div class=\"lL\" style=\"max-width:100%;width:420px;margin:5px;\"><\/div><\/p>\n<\/div>\n\n<div class=\"box exercise\">\n<h3>Aufgabe mehrteiliges System<\/h3>\n<p>Pr\u00fcfe das folgende System auf die statische Bestimmtheit. Wenn m\u00f6glich,\u00a0 ist auch die Verschiebungsfigur zu zeichnen. Bekannt:\u00a0$F, \\ \\overline{M}, \\ q_0=F\/a,\\ a$<\/p>\n<p><img decoding=\"async\" loading=\"lazy\" class=\"aligncenter wp-image-2074\" src=\"https:\/\/www.studyhelp.de\/online-lernen\/wp-content\/uploads\/2015\/03\/bil_statisch_aufg.png\" alt=\"Mehrteiliges System\" width=\"333\" height=\"364\" srcset=\"https:\/\/www.studyhelp.de\/online-lernen\/wp-content\/uploads\/2015\/03\/bil_statisch_aufg.png 509w, https:\/\/www.studyhelp.de\/online-lernen\/wp-content\/uploads\/2015\/03\/bil_statisch_aufg-275x300.png 275w\" sizes=\"(max-width: 333px) 100vw, 333px\" \/><\/p>\n<p><strong>L\u00f6sungsvideo zu der Aufgabe<\/strong><\/p>\n<div class=\"lyte-wrapper\" title=\"Statische Bestimmtheit pr&uuml;fen - mehrteiliges System\" style=\"width:420px;max-width:100%;margin:5px;\"><div class=\"lyMe\" id=\"WYL_S08d5aMrkks\"><div id=\"lyte_S08d5aMrkks\" data-src=\"https:\/\/www.studyhelp.de\/online-lernen\/wp-content\/plugins\/wp-youtube-lyte\/lyteCache.php?origThumbUrl=https%3A%2F%2Fi.ytimg.com%2Fvi%2FS08d5aMrkks%2Fhqdefault.jpg\" class=\"pL\"><div class=\"tC\"><div class=\"tT\">Statische Bestimmtheit pr\u00fcfen - mehrteiliges System<\/div><\/div><div class=\"play\"><\/div><div class=\"ctrl\"><div class=\"Lctrl\"><\/div><div class=\"Rctrl\"><\/div><\/div><\/div><noscript><a href=\"https:\/\/youtu.be\/S08d5aMrkks\" rel=\"nofollow\"><img src=\"https:\/\/www.studyhelp.de\/online-lernen\/wp-content\/plugins\/wp-youtube-lyte\/lyteCache.php?origThumbUrl=https%3A%2F%2Fi.ytimg.com%2Fvi%2FS08d5aMrkks%2F0.jpg\" alt=\"Statische Bestimmtheit pr&uuml;fen - mehrteiliges System\" width=\"420\" height=\"216\" \/><br \/>Dieses Video auf YouTube ansehen<\/a><\/noscript><\/div><\/div><div class=\"lL\" style=\"max-width:100%;width:420px;margin:5px;\"><\/div><\/p>\n<\/div>\n","protected":false},"excerpt":{"rendered":"<p>Wie pr\u00fcfe ich ein System auf statische Bestimmtheit? Bei der Bestimmung der statischen Bestimmtheit sollten in der Regel 2 Bedingungen gepr\u00fcft werden um einen Ausnahmefall der Statik ausschlie\u00dfen zu k\u00f6nnen. 1) Notwendige Bedingung Bei Systemen: Mithilfe der kinematischen Abz\u00e4hlformel: mit : Anzahl der Systeme : Anzahl der Reaktionskr\u00e4fte : Anzahl der Gelenkkr\u00e4fte Bei Fachwerken: Mithilfe [&hellip;]<\/p>\n","protected":false},"author":5,"featured_media":0,"parent":6510,"menu_order":1,"comment_status":"closed","ping_status":"closed","template":"","meta":[],"categories":[21],"tags":[],"yoast_head":"<!-- This site is optimized with the Yoast SEO plugin v14.7 - https:\/\/yoast.com\/wordpress\/plugins\/seo\/ -->\n<title>Statische Bestimmtheit in der Technischen Mechanik<\/title>\n<meta name=\"description\" content=\"Statische Bestimmtheit ist eines der wesentlichen Probleme in der Technischen Mechanik. Die Statische Bestimmtheit kann ganz einfach gepr\u00fcft werden.\" \/>\n<meta name=\"robots\" content=\"index, follow\" \/>\n<meta name=\"googlebot\" content=\"index, follow, max-snippet:-1, max-image-preview:large, max-video-preview:-1\" \/>\n<meta name=\"bingbot\" content=\"index, follow, max-snippet:-1, max-image-preview:large, max-video-preview:-1\" \/>\n<link rel=\"canonical\" href=\"https:\/\/www.studyhelp.de\/online-lernen\/mechanik\/statische-bestimmtheit\/\" \/>\n<meta property=\"og:locale\" content=\"de_DE\" \/>\n<meta property=\"og:type\" content=\"article\" \/>\n<meta property=\"og:title\" content=\"Statische Bestimmtheit in der Technischen Mechanik\" \/>\n<meta property=\"og:description\" content=\"Statische Bestimmtheit ist eines der wesentlichen Probleme in der Technischen Mechanik. Die Statische Bestimmtheit kann ganz einfach gepr\u00fcft werden.\" \/>\n<meta property=\"og:url\" content=\"https:\/\/www.studyhelp.de\/online-lernen\/mechanik\/statische-bestimmtheit\/\" \/>\n<meta property=\"og:site_name\" content=\"StudyHelp Online-Lernen\" \/>\n<meta property=\"article:modified_time\" content=\"2018-06-15T07:22:22+00:00\" \/>\n<meta property=\"og:image\" content=\"https:\/\/www.studyhelp.de\/online-lernen\/wp-content\/uploads\/2015\/03\/bil_einzelstab.png\" \/>\n<meta name=\"twitter:card\" content=\"summary_large_image\" \/>\n<script type=\"application\/ld+json\" class=\"yoast-schema-graph\">{\"@context\":\"https:\/\/schema.org\",\"@graph\":[{\"@type\":\"WebSite\",\"@id\":\"https:\/\/www.studyhelp.de\/online-lernen\/#website\",\"url\":\"https:\/\/www.studyhelp.de\/online-lernen\/\",\"name\":\"StudyHelp Online-Lernen\",\"description\":\"\",\"potentialAction\":[{\"@type\":\"SearchAction\",\"target\":\"https:\/\/www.studyhelp.de\/online-lernen\/?s={search_term_string}\",\"query-input\":\"required name=search_term_string\"}],\"inLanguage\":\"de-DE\"},{\"@type\":\"ImageObject\",\"@id\":\"https:\/\/www.studyhelp.de\/online-lernen\/mechanik\/statische-bestimmtheit\/#primaryimage\",\"inLanguage\":\"de-DE\",\"url\":\"https:\/\/www.studyhelp.de\/online-lernen\/wp-content\/uploads\/2015\/03\/bil_einzelstab.png\",\"width\":233,\"height\":60},{\"@type\":\"WebPage\",\"@id\":\"https:\/\/www.studyhelp.de\/online-lernen\/mechanik\/statische-bestimmtheit\/#webpage\",\"url\":\"https:\/\/www.studyhelp.de\/online-lernen\/mechanik\/statische-bestimmtheit\/\",\"name\":\"Statische Bestimmtheit in der Technischen Mechanik\",\"isPartOf\":{\"@id\":\"https:\/\/www.studyhelp.de\/online-lernen\/#website\"},\"primaryImageOfPage\":{\"@id\":\"https:\/\/www.studyhelp.de\/online-lernen\/mechanik\/statische-bestimmtheit\/#primaryimage\"},\"datePublished\":\"2015-03-25T19:57:44+00:00\",\"dateModified\":\"2018-06-15T07:22:22+00:00\",\"description\":\"Statische Bestimmtheit ist eines der wesentlichen Probleme in der Technischen Mechanik. Die Statische Bestimmtheit kann ganz einfach gepr\\u00fcft werden.\",\"inLanguage\":\"de-DE\",\"potentialAction\":[{\"@type\":\"ReadAction\",\"target\":[\"https:\/\/www.studyhelp.de\/online-lernen\/mechanik\/statische-bestimmtheit\/\"]}]}]}<\/script>\n<!-- \/ Yoast SEO plugin. -->","_links":{"self":[{"href":"https:\/\/www.studyhelp.de\/online-lernen\/wp-json\/wp\/v2\/pages\/6467"}],"collection":[{"href":"https:\/\/www.studyhelp.de\/online-lernen\/wp-json\/wp\/v2\/pages"}],"about":[{"href":"https:\/\/www.studyhelp.de\/online-lernen\/wp-json\/wp\/v2\/types\/page"}],"author":[{"embeddable":true,"href":"https:\/\/www.studyhelp.de\/online-lernen\/wp-json\/wp\/v2\/users\/5"}],"replies":[{"embeddable":true,"href":"https:\/\/www.studyhelp.de\/online-lernen\/wp-json\/wp\/v2\/comments?post=6467"}],"version-history":[{"count":12,"href":"https:\/\/www.studyhelp.de\/online-lernen\/wp-json\/wp\/v2\/pages\/6467\/revisions"}],"predecessor-version":[{"id":8448,"href":"https:\/\/www.studyhelp.de\/online-lernen\/wp-json\/wp\/v2\/pages\/6467\/revisions\/8448"}],"up":[{"embeddable":true,"href":"https:\/\/www.studyhelp.de\/online-lernen\/wp-json\/wp\/v2\/pages\/6510"}],"wp:attachment":[{"href":"https:\/\/www.studyhelp.de\/online-lernen\/wp-json\/wp\/v2\/media?parent=6467"}],"wp:term":[{"taxonomy":"category","embeddable":true,"href":"https:\/\/www.studyhelp.de\/online-lernen\/wp-json\/wp\/v2\/categories?post=6467"},{"taxonomy":"post_tag","embeddable":true,"href":"https:\/\/www.studyhelp.de\/online-lernen\/wp-json\/wp\/v2\/tags?post=6467"}],"curies":[{"name":"wp","href":"https:\/\/api.w.org\/{rel}","templated":true}]}}