{"id":6469,"date":"2016-05-19T10:08:29","date_gmt":"2016-05-19T08:08:29","guid":{"rendered":"https:\/\/www.studyhelp.de\/mechanik\/?page_id=1761"},"modified":"2019-10-30T12:06:12","modified_gmt":"2019-10-30T11:06:12","slug":"reibung","status":"publish","type":"page","link":"https:\/\/www.studyhelp.de\/online-lernen\/mechanik\/reibung\/","title":{"rendered":"Reibung"},"content":{"rendered":"\n<p>Im folgenden Artikel findest du Erkl\u00e4rungen, Aufgaben und Videos zum Thema Reibung. Dabei behandeln wir sowohl die verschiedenen Zust\u00e4nde als auch das Thema Seilreibung:<\/p>\n<ul>\n<li><a hreF=\"#definition\">Definition<\/a><\/li>\n<li><a href=\"#seilreibung\">Seilreibung<\/a><\/li>\n<li><a href=\"#beispielaufgabe\">Beispiel Haft- und Seilreibung in Kombination<\/a><\/li>\n<\/ul>\n\n<hr>\n<h2 class=\"anchor\" id=\"definition\">Definition<\/h2>\n<p>Reibung ist ein Widerstand in den Kontaktfl\u00e4chen von zwei K\u00f6rpern, der eine gegenseitige Bewegung durch Gleiten, Rollen oder Abw\u00e4lzen verhindert oder zumindest beeintr\u00e4chtigt.<img decoding=\"async\" loading=\"lazy\" class=\"aligncenter wp-image-2019\" src=\"https:\/\/www.studyhelp.de\/online-lernen\/wp-content\/uploads\/2016\/05\/bil_reibung_verstaendnis-1024x586.png\" alt=\"bil_reibung_verstaendnis\" width=\"437\" height=\"250\" srcset=\"https:\/\/www.studyhelp.de\/online-lernen\/wp-content\/uploads\/2016\/05\/bil_reibung_verstaendnis-1024x586.png 1024w, https:\/\/www.studyhelp.de\/online-lernen\/wp-content\/uploads\/2016\/05\/bil_reibung_verstaendnis-300x172.png 300w, https:\/\/www.studyhelp.de\/online-lernen\/wp-content\/uploads\/2016\/05\/bil_reibung_verstaendnis-768x440.png 768w, https:\/\/www.studyhelp.de\/online-lernen\/wp-content\/uploads\/2016\/05\/bil_reibung_verstaendnis.png 1542w\" sizes=\"(max-width: 437px) 100vw, 437px\" \/><\/p>\n<p>Wenn in der \u201eRealit\u00e4t\u201c ein Bauarbeiter versucht eine Kiste wegzuschieben, wirkt die Reibungskraft $H$ dagegen, wie man im Freischnitt sehen kann. Zudem wirkt eine Normalkraft $N$.<\/p>\n<p>Ob die Kiste nun rutscht, h\u00e4ngt von der Beschaffenheit der Kiste, des Untergrunds sowie der ausge\u00fcbten Kraft $F$ ab.<\/p>\n<p>Wir unterscheiden\u00a0bei\u00a0der Reibung 4 verschiedene Zust\u00e4nde (vgl. Rolf Mahnken, Lehrbuch der Technischen Mechanik &#8211; Statik, Springer Verlag, 1. Auflage, 2012):<\/p>\n<p><img decoding=\"async\" loading=\"lazy\" class=\"aligncenter wp-image-2018\" src=\"https:\/\/www.studyhelp.de\/online-lernen\/wp-content\/uploads\/2016\/05\/bil_reibung.png\" alt=\"bil_reibung\" width=\"430\" height=\"337\" srcset=\"https:\/\/www.studyhelp.de\/online-lernen\/wp-content\/uploads\/2016\/05\/bil_reibung.png 924w, https:\/\/www.studyhelp.de\/online-lernen\/wp-content\/uploads\/2016\/05\/bil_reibung-300x235.png 300w, https:\/\/www.studyhelp.de\/online-lernen\/wp-content\/uploads\/2016\/05\/bil_reibung-768x603.png 768w\" sizes=\"(max-width: 430px) 100vw, 430px\" \/><\/p>\n<p><strong>I &#8211; Haftreibungszustand<\/strong><\/p>\n<p>Der Haftreibungszustand beschreibt den Ruhestand, bei dem alle am K\u00f6rper wirkenden Kr\u00e4fte im Gleichgewicht sind.<\/p>\n<p><strong>II &#8211; Grenzzustand<\/strong><\/p>\n<p>Im Grenzzustand erreicht die Reibungskraft $H$ den Grenzhaftreibungskraft $H^*$.<\/p>\n<p><strong>III &#8211; Beschleunigungszustand<\/strong><\/p>\n<p>In diesem Zustand wird der K\u00f6rper kurzzeitig beschleunigt.<\/p>\n<p><strong>IV &#8211; Gleitreibungszustand<\/strong><\/p>\n<p>Hier befindet sich der K\u00f6rper in gleichf\u00f6rmiger Bewegung mit konstanter Geschwindigkeit im Gleichgewicht. Anstatt der Reibungskraft $H$ \u00a0wirkt die Kontaktkraft $R^*$.<\/p>\n<p>Wichtig f\u00fcr uns:<\/p>\n<p>Zustand I und II geh\u00f6ren zur <b>Statik <\/b>(dieses Ebook)<\/p>\n<p>Zustand III und IV geh\u00f6ren zur <b>Dynamik<\/b>!<\/p>\n<p>Bei Aufgaben zum Thema Reibung in der Statik muss der Aufgabentext genau gelesen werden! Sobald Angaben wie \u201emaximal\u201c, \u201eminimal\u201c, \u201eh\u00f6chstens\u201c etc. dort stehen, befindet man sich in Zustand II und man muss mit dem Haftreibungsgesetz nach Coulomb arbeiten. Es gilt:<\/p>\n<p>\\begin{align*}<br \/>\nH^*=\\mu_H \\cdot N<br \/>\n\\end{align*}<\/p>\n<p>mit $\\mu_H$ als Haftreibungskoeffizient, welcher abh\u00e4ngig ist von der<\/p>\n<ul>\n<li>Werkstoffpaarung<\/li>\n<li>Geometrischer, physikalischer Oberfl\u00e4che<\/li>\n<li>Temperatur<\/li>\n<\/ul>\n<p>und $N$ als Normalkraft.<\/p>\n<div class=\"box exercise\">\n<h3>Beispiel<\/h3>\n<p>Eine Kiste mit der Masse $m$ liegt auf einer schiefen Ebene, siehe Abbildung.<\/p>\n<p><img decoding=\"async\" loading=\"lazy\" class=\"aligncenter wp-image-2022\" src=\"https:\/\/www.studyhelp.de\/online-lernen\/wp-content\/uploads\/2016\/05\/bil_reibung_bsp11.png\" alt=\"bil_reibung_bsp1(1)\" width=\"270\" height=\"144\" srcset=\"https:\/\/www.studyhelp.de\/online-lernen\/wp-content\/uploads\/2016\/05\/bil_reibung_bsp11.png 497w, https:\/\/www.studyhelp.de\/online-lernen\/wp-content\/uploads\/2016\/05\/bil_reibung_bsp11-300x160.png 300w\" sizes=\"(max-width: 270px) 100vw, 270px\" \/><\/p>\n<p>a) Bestimme die Reaktionskr\u00e4fte in der Kontaktfl\u00e4che.<\/p>\n<p>b) Wie gro\u00df muss $\\alpha^*$ sein, damit gerade kein Rutschen auftritt? Wie gro\u00df sind dann die Reaktionskr\u00e4fte?<\/p>\n<p>Bekannt: $\\alpha = 30^o, \\ m=10 \\ \\textrm{kg}, \\mu_1=0,6, \\ g=10 \\ \\textrm{m\/s}^2$<\/p>\n<p>L\u00f6sungsschritte zu a)<\/p>\n<p>1. Freischnitt zeichnen:<img decoding=\"async\" loading=\"lazy\" class=\"aligncenter wp-image-2023\" src=\"https:\/\/www.studyhelp.de\/online-lernen\/wp-content\/uploads\/2016\/05\/bil_reibung_bsp12.png\" alt=\"bil_reibung_bsp1(2)\" width=\"295\" height=\"218\" srcset=\"https:\/\/www.studyhelp.de\/online-lernen\/wp-content\/uploads\/2016\/05\/bil_reibung_bsp12.png 520w, https:\/\/www.studyhelp.de\/online-lernen\/wp-content\/uploads\/2016\/05\/bil_reibung_bsp12-300x222.png 300w\" sizes=\"(max-width: 295px) 100vw, 295px\" \/><\/p>\n<p>2. Berechnung der Reaktionskr\u00e4fte:<\/p>\n<p>Die Unbekannten lauten $N$ und $H$. Daf\u00fcr stellen wir einfach zwei Gleichgewichtsbedingungen auf.<\/p>\n<p>\\begin{align*}<br \/>\n\\searrow: \\ G \\cdot \\cos \\alpha -N=0 \\ &amp;\\Leftrightarrow \\ N=G \\cdot \\cos \\alpha = 86,6 \\ \\textrm{N} \\\\<br \/>\n\\nearrow: \\ H &#8211; G \\cdot \\sin \\alpha =0 \\ &amp;\\Leftrightarrow \\ H=G \\cdot \\sin \\alpha = 50 \\ \\textrm{N}<br \/>\n\\end{align*}<\/p>\n<p>F\u00fcr die maximale Haftreibungskraft gilt nach dem Haftreibungsgesetz (Coulumb):<\/p>\n<p>\\begin{align*}<br \/>\nH^* = \\mu_1 \u00a0\\cdot N =0,6 \\cdot 86,6\\ \\textrm{N} = 51,96\\ \\textrm{N} &gt; 50\\ \\textrm{N} = H<br \/>\n\\end{align*}<\/p>\n<p>Da der Grenzzustand $H^*$ gr\u00f6\u00dfer ist als die auftretende Haftreibung $H$ bleibt die Kiste in Ruhe.<\/p>\n<p>L\u00f6sungsschritte zu b)<\/p>\n<p>Wir verwenden den Freischnitt aus a) &#8211; aber hier befinden wir uns im Grenzzustand! Dieser Hinweis ist im Text gegeben: \u201egerade kein Rutschen\u201c. Aus diesem Grund tragen wir im Freischnitt nun die Unbekannten $N^*$, $H^*$ und $\\alpha^*$ \u00a0ein.<img decoding=\"async\" loading=\"lazy\" class=\"aligncenter wp-image-2024\" src=\"https:\/\/www.studyhelp.de\/online-lernen\/wp-content\/uploads\/2016\/05\/bil_reibung_bsp13.png\" alt=\"bil_reibung_bsp1(3)\" width=\"305\" height=\"226\" srcset=\"https:\/\/www.studyhelp.de\/online-lernen\/wp-content\/uploads\/2016\/05\/bil_reibung_bsp13.png 542w, https:\/\/www.studyhelp.de\/online-lernen\/wp-content\/uploads\/2016\/05\/bil_reibung_bsp13-300x223.png 300w\" sizes=\"(max-width: 305px) 100vw, 305px\" \/><\/p>\n<p>Da wir uns im Grenzzustand befinden, k\u00f6nnen wir das Haftreibungsgesetz verwenden. Das brauchen wir als zus\u00e4tzliche dritte Gleichung, um die drei Unbekannten zu bestimmen. Dazu setzen wir die Gleichgewichtsbedingungen<\/p>\n<p>\\begin{align*}<br \/>\nH^*=G \\cdot \\sin \\alpha^* \\quad \\textrm{und} \\quad\u00a0N^*=G \\cdot \\cos \\alpha^*<br \/>\n\\end{align*}<\/p>\n<p>in das Haftreibungsgesetz $\u00a0H^* = \\mu_1 \u00a0\\cdot N^* $ ein:<\/p>\n<p>\\begin{align*}<br \/>\nG\\cdot \\sin \\alpha^* = \\mu_1 \\cdot G\\cdot \\cos\\alpha^* \\ \\Leftrightarrow \\ \\frac{\\sin \\alpha^*}{\\cos \\alpha^*}=\\mu_1 \\ \\Rightarrow \\tan \\alpha^* = \\mu_1<br \/>\n\\end{align*}<\/p>\n<p>Daraus folgt f\u00fcr den Winkel:\u00a0$\u00a0\\alpha^* = \\arctan\\mu_1 = 30,96^o &gt; \\alpha$.<\/p>\n<p>Die Reaktionskr\u00e4fte lauten:<\/p>\n<p>\\begin{align*}<br \/>\nH^*=G \\cdot \\sin \\alpha^* = 51,44 \\ \\textrm{N} \\quad \\textrm{und} \\quad\u00a0N^*=G \\cdot \\cos \\alpha^* = 85,75 \\ \\textrm{N}<br \/>\n\\end{align*}<\/p>\n<p><strong>Video einfaches Beispiel Reibung<\/strong><\/p>\n<div class=\"lyte-wrapper\" title=\"Reibung - Technische Mechanik 1 - Statik\" style=\"width:420px;max-width:100%;margin:5px;\"><div class=\"lyMe\" id=\"WYL_xtKXuHaB6UI\"><div id=\"lyte_xtKXuHaB6UI\" data-src=\"https:\/\/www.studyhelp.de\/online-lernen\/wp-content\/plugins\/wp-youtube-lyte\/lyteCache.php?origThumbUrl=https%3A%2F%2Fi.ytimg.com%2Fvi%2FxtKXuHaB6UI%2Fhqdefault.jpg\" class=\"pL\"><div class=\"tC\"><div class=\"tT\">Reibung - Technische Mechanik 1 - Statik<\/div><\/div><div class=\"play\"><\/div><div class=\"ctrl\"><div class=\"Lctrl\"><\/div><div class=\"Rctrl\"><\/div><\/div><\/div><noscript><a href=\"https:\/\/youtu.be\/xtKXuHaB6UI\" rel=\"nofollow\"><img src=\"https:\/\/www.studyhelp.de\/online-lernen\/wp-content\/plugins\/wp-youtube-lyte\/lyteCache.php?origThumbUrl=https%3A%2F%2Fi.ytimg.com%2Fvi%2FxtKXuHaB6UI%2F0.jpg\" alt=\"Reibung - Technische Mechanik 1 - Statik\" width=\"420\" height=\"216\" \/><br \/>Dieses Video auf YouTube ansehen<\/a><\/noscript><\/div><\/div><div class=\"lL\" style=\"max-width:100%;width:420px;margin:5px;\"><\/div><br \/>\n<\/div>\n\n<hr>\n<h2 class=\"anchor\" id=\"seilreibung\">Seilreibung<\/h2>\n<p>Seilreibung tritt auf, wenn ein Seil \u00fcber eine gew\u00f6lbte Fl\u00e4che (z.B. ein Zylinder) gelegt wird und an beiden Enden durch zwei Kr\u00e4fte belastet wird.<\/p>\n<p>Im Grenzzustand k\u00f6nnen wir den Zusammenhang der Seilkr\u00e4fte \u00fcber die Seilreibungsformel nach Euler und Eytelwein aufstellen.<\/p>\n<p>Hierbei muss zun\u00e4chst gekl\u00e4rt werden, welche Seite die Lastseite ist.<\/p>\n<p><img decoding=\"async\" loading=\"lazy\" class=\"aligncenter wp-image-2027\" src=\"https:\/\/www.studyhelp.de\/online-lernen\/wp-content\/uploads\/2016\/05\/bil_seilreibung.png\" alt=\"bil_seilreibung\" width=\"234\" height=\"222\" srcset=\"https:\/\/www.studyhelp.de\/online-lernen\/wp-content\/uploads\/2016\/05\/bil_seilreibung.png 479w, https:\/\/www.studyhelp.de\/online-lernen\/wp-content\/uploads\/2016\/05\/bil_seilreibung-300x284.png 300w\" sizes=\"(max-width: 234px) 100vw, 234px\" \/><\/p>\n<p>Wenn $s_2&gt;s_1$, dann gilt:<\/p>\n<p>\\begin{align*}<br \/>\ns_2 = s_1 \\cdot e^{\\mu \\cdot \\alpha}<br \/>\n\\end{align*}<\/p>\n<p>mit $\\alpha$ als Umschlingungswinkel \u2013 dieser muss im Bogenma\u00df angegeben werden!<\/p>\n<p><span style=\"text-decoration: underline;\">Hinweis zur Umrechnung vom Winkel zum Bogenma\u00df<\/span>:<\/p>\n<p>Winkel in Grad mit $\\frac{\\pi}{180^o}$ multiplizieren, z.B. sind 360\u00b0 im Bogenma\u00df $360 \\cdot \\frac{\\pi}{180^o} = 2 \\pi$.<\/p>\n<div class=\"box exercise\">\n<h3 class=\"anchor\" id=\"beispielaufgabe\">Beispiel Haft- und Seilreibung in Kombination<\/h3>\n<p>Gegeben sei das nachfolgende System. In dieser Aufgabe tritt neben der Haftreibung an der Kiste auch Seilreibung auf.<\/p>\n<p>Wie schwer muss die Kiste mit der Masse $m_2$ sein, damit die Kiste mit der Masse $m_1$ gerade nicht nach<\/p>\n<p>a) oben und<\/p>\n<p>b) unten rutscht?<\/p>\n<p>Bekannt: $m_1=50 \\ \\textrm{kg}, \\ m_2=0,5 m_1, \\ \\alpha=20^o, \\ \\beta =\\gamma =30^o,$ $\\mu_1=0,6,\\ \\mu_2=\\mu_3=0,2, \\ g = 10 \\ \\textrm{m\/s}^2$<img decoding=\"async\" loading=\"lazy\" class=\"aligncenter wp-image-2030\" src=\"https:\/\/www.studyhelp.de\/online-lernen\/wp-content\/uploads\/2016\/05\/bil_reibung_bsp.png\" alt=\"bil_reibung_bsp\" width=\"466\" height=\"251\" srcset=\"https:\/\/www.studyhelp.de\/online-lernen\/wp-content\/uploads\/2016\/05\/bil_reibung_bsp.png 974w, https:\/\/www.studyhelp.de\/online-lernen\/wp-content\/uploads\/2016\/05\/bil_reibung_bsp-300x162.png 300w, https:\/\/www.studyhelp.de\/online-lernen\/wp-content\/uploads\/2016\/05\/bil_reibung_bsp-768x414.png 768w\" sizes=\"(max-width: 466px) 100vw, 466px\" \/><\/p>\n<p><strong>Video &#8211; \u00e4hnliches Beispiel Haft- und Seilreibung<\/strong><\/p>\n<div class=\"lyte-wrapper\" title=\"Seilreibung - Reibung - Freischnitt - Technische Mechanik 1\" style=\"width:420px;max-width:100%;margin:5px;\"><div class=\"lyMe\" id=\"WYL_7Snljh1ym9k\"><div id=\"lyte_7Snljh1ym9k\" data-src=\"https:\/\/www.studyhelp.de\/online-lernen\/wp-content\/plugins\/wp-youtube-lyte\/lyteCache.php?origThumbUrl=https%3A%2F%2Fi.ytimg.com%2Fvi%2F7Snljh1ym9k%2Fhqdefault.jpg\" class=\"pL\"><div class=\"tC\"><div class=\"tT\">Seilreibung - Reibung - Freischnitt - Technische Mechanik 1<\/div><\/div><div class=\"play\"><\/div><div class=\"ctrl\"><div class=\"Lctrl\"><\/div><div class=\"Rctrl\"><\/div><\/div><\/div><noscript><a href=\"https:\/\/youtu.be\/7Snljh1ym9k\" rel=\"nofollow\"><img src=\"https:\/\/www.studyhelp.de\/online-lernen\/wp-content\/plugins\/wp-youtube-lyte\/lyteCache.php?origThumbUrl=https%3A%2F%2Fi.ytimg.com%2Fvi%2F7Snljh1ym9k%2F0.jpg\" alt=\"Seilreibung - Reibung - Freischnitt - Technische Mechanik 1\" width=\"420\" height=\"216\" \/><br \/>Dieses Video auf YouTube ansehen<\/a><\/noscript><\/div><\/div><div class=\"lL\" style=\"max-width:100%;width:420px;margin:5px;\"><\/div><\/p>\n<\/div>\n\n","protected":false},"excerpt":{"rendered":"<p>Im folgenden Artikel findest du Erkl\u00e4rungen, Aufgaben und Videos zum Thema Reibung. Dabei behandeln wir sowohl die verschiedenen Zust\u00e4nde als auch das Thema Seilreibung: Definition Seilreibung Beispiel Haft- und Seilreibung in Kombination Definition Reibung ist ein Widerstand in den Kontaktfl\u00e4chen von zwei K\u00f6rpern, der eine gegenseitige Bewegung durch Gleiten, Rollen oder Abw\u00e4lzen verhindert oder zumindest [&hellip;]<\/p>\n","protected":false},"author":5,"featured_media":0,"parent":6510,"menu_order":6,"comment_status":"closed","ping_status":"open","template":"","meta":[],"categories":[21],"tags":[],"yoast_head":"<!-- This site is optimized with the Yoast SEO plugin v14.7 - https:\/\/yoast.com\/wordpress\/plugins\/seo\/ -->\n<title>Reibung - Technische Mechanik - Reibung berechnen<\/title>\n<meta name=\"description\" content=\"Reibung ist ein Widerstand in den Kontaktfl\u00e4chen von zwei K\u00f6rpern, der eine gegenseitige Bewegung durch Gleiten, Rollen oder Abw\u00e4lzen beeintr\u00e4chtigt.\" \/>\n<meta name=\"robots\" content=\"index, follow\" \/>\n<meta name=\"googlebot\" content=\"index, follow, max-snippet:-1, max-image-preview:large, max-video-preview:-1\" \/>\n<meta name=\"bingbot\" content=\"index, follow, max-snippet:-1, max-image-preview:large, max-video-preview:-1\" \/>\n<link rel=\"canonical\" href=\"https:\/\/www.studyhelp.de\/online-lernen\/mechanik\/reibung\/\" \/>\n<meta property=\"og:locale\" content=\"de_DE\" \/>\n<meta property=\"og:type\" content=\"article\" \/>\n<meta property=\"og:title\" content=\"Reibung - Technische Mechanik - Reibung berechnen\" \/>\n<meta property=\"og:description\" content=\"Reibung ist ein Widerstand in den Kontaktfl\u00e4chen von zwei K\u00f6rpern, der eine gegenseitige Bewegung durch Gleiten, Rollen oder Abw\u00e4lzen beeintr\u00e4chtigt.\" \/>\n<meta property=\"og:url\" content=\"https:\/\/www.studyhelp.de\/online-lernen\/mechanik\/reibung\/\" \/>\n<meta property=\"og:site_name\" content=\"StudyHelp Online-Lernen\" \/>\n<meta property=\"article:modified_time\" content=\"2019-10-30T11:06:12+00:00\" \/>\n<meta property=\"og:image\" content=\"https:\/\/www.studyhelp.de\/online-lernen\/wp-content\/uploads\/2016\/05\/bil_reibung_verstaendnis-1024x586.png\" \/>\n<meta name=\"twitter:card\" content=\"summary_large_image\" \/>\n<script type=\"application\/ld+json\" class=\"yoast-schema-graph\">{\"@context\":\"https:\/\/schema.org\",\"@graph\":[{\"@type\":\"WebSite\",\"@id\":\"https:\/\/www.studyhelp.de\/online-lernen\/#website\",\"url\":\"https:\/\/www.studyhelp.de\/online-lernen\/\",\"name\":\"StudyHelp Online-Lernen\",\"description\":\"\",\"potentialAction\":[{\"@type\":\"SearchAction\",\"target\":\"https:\/\/www.studyhelp.de\/online-lernen\/?s={search_term_string}\",\"query-input\":\"required name=search_term_string\"}],\"inLanguage\":\"de-DE\"},{\"@type\":\"ImageObject\",\"@id\":\"https:\/\/www.studyhelp.de\/online-lernen\/mechanik\/reibung\/#primaryimage\",\"inLanguage\":\"de-DE\",\"url\":\"https:\/\/www.studyhelp.de\/online-lernen\/wp-content\/uploads\/2016\/05\/bil_reibung_verstaendnis.png\",\"width\":1542,\"height\":883},{\"@type\":\"WebPage\",\"@id\":\"https:\/\/www.studyhelp.de\/online-lernen\/mechanik\/reibung\/#webpage\",\"url\":\"https:\/\/www.studyhelp.de\/online-lernen\/mechanik\/reibung\/\",\"name\":\"Reibung - Technische Mechanik - Reibung berechnen\",\"isPartOf\":{\"@id\":\"https:\/\/www.studyhelp.de\/online-lernen\/#website\"},\"primaryImageOfPage\":{\"@id\":\"https:\/\/www.studyhelp.de\/online-lernen\/mechanik\/reibung\/#primaryimage\"},\"datePublished\":\"2016-05-19T08:08:29+00:00\",\"dateModified\":\"2019-10-30T11:06:12+00:00\",\"description\":\"Reibung ist ein Widerstand in den Kontaktfl\\u00e4chen von zwei K\\u00f6rpern, der eine gegenseitige Bewegung durch Gleiten, Rollen oder Abw\\u00e4lzen beeintr\\u00e4chtigt.\",\"inLanguage\":\"de-DE\",\"potentialAction\":[{\"@type\":\"ReadAction\",\"target\":[\"https:\/\/www.studyhelp.de\/online-lernen\/mechanik\/reibung\/\"]}]}]}<\/script>\n<!-- \/ Yoast SEO plugin. -->","_links":{"self":[{"href":"https:\/\/www.studyhelp.de\/online-lernen\/wp-json\/wp\/v2\/pages\/6469"}],"collection":[{"href":"https:\/\/www.studyhelp.de\/online-lernen\/wp-json\/wp\/v2\/pages"}],"about":[{"href":"https:\/\/www.studyhelp.de\/online-lernen\/wp-json\/wp\/v2\/types\/page"}],"author":[{"embeddable":true,"href":"https:\/\/www.studyhelp.de\/online-lernen\/wp-json\/wp\/v2\/users\/5"}],"replies":[{"embeddable":true,"href":"https:\/\/www.studyhelp.de\/online-lernen\/wp-json\/wp\/v2\/comments?post=6469"}],"version-history":[{"count":22,"href":"https:\/\/www.studyhelp.de\/online-lernen\/wp-json\/wp\/v2\/pages\/6469\/revisions"}],"predecessor-version":[{"id":15186,"href":"https:\/\/www.studyhelp.de\/online-lernen\/wp-json\/wp\/v2\/pages\/6469\/revisions\/15186"}],"up":[{"embeddable":true,"href":"https:\/\/www.studyhelp.de\/online-lernen\/wp-json\/wp\/v2\/pages\/6510"}],"wp:attachment":[{"href":"https:\/\/www.studyhelp.de\/online-lernen\/wp-json\/wp\/v2\/media?parent=6469"}],"wp:term":[{"taxonomy":"category","embeddable":true,"href":"https:\/\/www.studyhelp.de\/online-lernen\/wp-json\/wp\/v2\/categories?post=6469"},{"taxonomy":"post_tag","embeddable":true,"href":"https:\/\/www.studyhelp.de\/online-lernen\/wp-json\/wp\/v2\/tags?post=6469"}],"curies":[{"name":"wp","href":"https:\/\/api.w.org\/{rel}","templated":true}]}}