{"id":6470,"date":"2016-05-19T10:09:28","date_gmt":"2016-05-19T08:09:28","guid":{"rendered":"https:\/\/www.studyhelp.de\/mechanik\/?page_id=1765"},"modified":"2018-06-15T09:14:26","modified_gmt":"2018-06-15T07:14:26","slug":"schwerpunkt-berechnen","status":"publish","type":"page","link":"https:\/\/www.studyhelp.de\/online-lernen\/mechanik\/schwerpunkt-berechnen\/","title":{"rendered":"Schwerpunkt berechnen"},"content":{"rendered":"\n<h2>Berechnung\u00a0mit dem Tabellenverfahren<\/h2>\n<p>Das Tabellenverfahren ist praktisch bei der Schwerpunktberechnung von zusammengesetzten Fl\u00e4chen. Hinweis: Alle Angaben sind in cm.<\/p>\n<p><img decoding=\"async\" loading=\"lazy\" class=\"aligncenter wp-image-2058\" src=\"https:\/\/www.studyhelp.de\/online-lernen\/wp-content\/uploads\/2016\/05\/bil_schwerpunkt1.png\" alt=\"bil_schwerpunkt\" width=\"289\" height=\"246\" srcset=\"https:\/\/www.studyhelp.de\/online-lernen\/wp-content\/uploads\/2016\/05\/bil_schwerpunkt1.png 619w, https:\/\/www.studyhelp.de\/online-lernen\/wp-content\/uploads\/2016\/05\/bil_schwerpunkt1-300x255.png 300w\" sizes=\"(max-width: 289px) 100vw, 289px\" \/><\/p>\n<p><strong>Vorgehen<\/strong><\/p>\n<ol>\n<li>Fl\u00e4chenunterteilung in einfache Formen, z.B. Rechtecke, Kreise, Dreiecke<\/li>\n<li>Teilschwerpunkte bestimmen<\/li>\n<li>Teilfl\u00e4chen bestimmen<\/li>\n<\/ol>\n<p><img decoding=\"async\" loading=\"lazy\" class=\"aligncenter wp-image-2060\" src=\"https:\/\/www.studyhelp.de\/online-lernen\/wp-content\/uploads\/2016\/05\/bil_schwerpunkt_unterteilt.png\" alt=\"bil_schwerpunkt_unterteilt\" width=\"295\" height=\"256\" srcset=\"https:\/\/www.studyhelp.de\/online-lernen\/wp-content\/uploads\/2016\/05\/bil_schwerpunkt_unterteilt.png 606w, https:\/\/www.studyhelp.de\/online-lernen\/wp-content\/uploads\/2016\/05\/bil_schwerpunkt_unterteilt-300x260.png 300w\" sizes=\"(max-width: 295px) 100vw, 295px\" \/><\/p>\n<p>Gleichungen tabellarisch auswerten und Schwerpunkt bestimmen!<\/p>\n<p>Beachte, dass man immer ein Referenzkoordinatensystem (hier: $\\bar{y}-\\bar{z}$) haben muss, worauf man sich bezieht. Das ist in der Regel gegeben! Das Schwerpunkt-Koordinatensystem wird mit $y-z$ bezeichnet.<\/p>\n\n<p>Warum $y-z$ und nicht $x-y$? In der Regel liegt die $x$-Achse entlang des Bauteils. Stellt euch einen Balken vor und dann guckt ihr euch den Querschnitt des Balkens an. Dann guckt ihr auf die $x$-Achse und seht das $y-z$-Koordinatensystem nach dem Rechtssystem.<\/p>\n<p><img decoding=\"async\" loading=\"lazy\" class=\"aligncenter wp-image-2061\" src=\"https:\/\/www.studyhelp.de\/online-lernen\/wp-content\/uploads\/2016\/05\/bil_schwerpunkt_tabelle.png\" alt=\"bil_schwerpunkt_tabelle\" width=\"536\" height=\"165\" srcset=\"https:\/\/www.studyhelp.de\/online-lernen\/wp-content\/uploads\/2016\/05\/bil_schwerpunkt_tabelle.png 741w, https:\/\/www.studyhelp.de\/online-lernen\/wp-content\/uploads\/2016\/05\/bil_schwerpunkt_tabelle-300x92.png 300w\" sizes=\"(max-width: 536px) 100vw, 536px\" \/><\/p>\n<p>Gleichung f\u00fcr die Berechnung der Schwerpunktkoordinaten:<\/p>\n<p>\\begin{align*}<br \/>\n\\bar{y}_s = \\frac{\\sum \\bar{y}_i \\cdot A_i}{\\sum A_i} \\quad \\textrm{und} \\quad \u00a0\\bar{z}_s = \\frac{\\sum \\bar{z}_i \\cdot A_i}{\\sum A_i}<br \/>\n\\end{align*}<\/p>\n<p>Die Lage des Schwerpunktes ist in diesem Fall bei:<\/p>\n<p>\\begin{align*}<br \/>\n\\bar{y}_s = \\frac{142000}{2800} \\approx 50,71 \\ \\textrm{cm} \\quad \\textrm{und} \\quad \u00a0\\bar{z}_s =\u00a0\\frac{104000}{2800} \\approx 37,14\u00a0\\ \\textrm{cm}<br \/>\n\\end{align*}<\/p>\n<p>Ausgehend von dem\u00a0$\\bar{y}-\\bar{z}$-Koordinatensystem kann der Schwerpunkt eingetragen werden. In dem Schwerpunkt findet sich dann das Schwerpunktkoordinatensystem $y-z$.<\/p>\n<p><img decoding=\"async\" loading=\"lazy\" class=\"aligncenter wp-image-2062\" src=\"https:\/\/www.studyhelp.de\/online-lernen\/wp-content\/uploads\/2016\/05\/bil_schwerpunkt_final1.png\" alt=\"bil_schwerpunkt_final\" width=\"314\" height=\"273\" srcset=\"https:\/\/www.studyhelp.de\/online-lernen\/wp-content\/uploads\/2016\/05\/bil_schwerpunkt_final1.png 603w, https:\/\/www.studyhelp.de\/online-lernen\/wp-content\/uploads\/2016\/05\/bil_schwerpunkt_final1-300x261.png 300w\" sizes=\"(max-width: 314px) 100vw, 314px\" \/><\/p>\n<p><strong>Video Schwerpunkt berechnen mit Tabellenverfahren<\/strong><\/p>\n<div class=\"lyte-wrapper\" title=\"Schwerpunkt berechnen - Tabellenverfahren - Technische Mechanik\" style=\"width:420px;max-width:100%;margin:5px;\"><div class=\"lyMe\" id=\"WYL_9Bx-bFdSAyI\"><div id=\"lyte_9Bx-bFdSAyI\" data-src=\"https:\/\/www.studyhelp.de\/online-lernen\/wp-content\/plugins\/wp-youtube-lyte\/lyteCache.php?origThumbUrl=https%3A%2F%2Fi.ytimg.com%2Fvi%2F9Bx-bFdSAyI%2Fhqdefault.jpg\" class=\"pL\"><div class=\"tC\"><div class=\"tT\">Schwerpunkt berechnen - Tabellenverfahren - Technische Mechanik<\/div><\/div><div class=\"play\"><\/div><div class=\"ctrl\"><div class=\"Lctrl\"><\/div><div class=\"Rctrl\"><\/div><\/div><\/div><noscript><a href=\"https:\/\/youtu.be\/9Bx-bFdSAyI\" rel=\"nofollow\"><img src=\"https:\/\/www.studyhelp.de\/online-lernen\/wp-content\/plugins\/wp-youtube-lyte\/lyteCache.php?origThumbUrl=https%3A%2F%2Fi.ytimg.com%2Fvi%2F9Bx-bFdSAyI%2F0.jpg\" alt=\"Schwerpunkt berechnen - Tabellenverfahren - Technische Mechanik\" width=\"420\" height=\"216\" \/><br \/>Dieses Video auf YouTube ansehen<\/a><\/noscript><\/div><\/div><div class=\"lL\" style=\"max-width:100%;width:420px;margin:5px;\"><\/div><\/p>\n<p><strong>Video Schwerpunkt berechnen mit Tabellenverfahren (ausgestanzte Fl\u00e4che<\/strong><\/p>\n<div class=\"lyte-wrapper\" title=\"Schwerpunkt berechnen mit ausgestanzter Fl&auml;che\" style=\"width:420px;max-width:100%;margin:5px;\"><div class=\"lyMe\" id=\"WYL_7wB-yNwi4nY\"><div id=\"lyte_7wB-yNwi4nY\" data-src=\"https:\/\/www.studyhelp.de\/online-lernen\/wp-content\/plugins\/wp-youtube-lyte\/lyteCache.php?origThumbUrl=https%3A%2F%2Fi.ytimg.com%2Fvi%2F7wB-yNwi4nY%2Fhqdefault.jpg\" class=\"pL\"><div class=\"tC\"><div class=\"tT\">Schwerpunkt berechnen mit ausgestanzter Fl\u00e4che<\/div><\/div><div class=\"play\"><\/div><div class=\"ctrl\"><div class=\"Lctrl\"><\/div><div class=\"Rctrl\"><\/div><\/div><\/div><noscript><a href=\"https:\/\/youtu.be\/7wB-yNwi4nY\" rel=\"nofollow\"><img src=\"https:\/\/www.studyhelp.de\/online-lernen\/wp-content\/plugins\/wp-youtube-lyte\/lyteCache.php?origThumbUrl=https%3A%2F%2Fi.ytimg.com%2Fvi%2F7wB-yNwi4nY%2F0.jpg\" alt=\"Schwerpunkt berechnen mit ausgestanzter Fl&auml;che\" width=\"420\" height=\"216\" \/><br \/>Dieses Video auf YouTube ansehen<\/a><\/noscript><\/div><\/div><div class=\"lL\" style=\"max-width:100%;width:420px;margin:5px;\"><\/div><\/p>\n<p><strong>Video Schwerpunkt mit Integral bestimmen<\/strong><\/p>\n<div class=\"lyte-wrapper\" title=\"Schwerpunkt mit Integral bestimmen\" style=\"width:420px;max-width:100%;margin:5px;\"><div class=\"lyMe\" id=\"WYL_gxv5ItJrSzs\"><div id=\"lyte_gxv5ItJrSzs\" data-src=\"https:\/\/www.studyhelp.de\/online-lernen\/wp-content\/plugins\/wp-youtube-lyte\/lyteCache.php?origThumbUrl=https%3A%2F%2Fi.ytimg.com%2Fvi%2Fgxv5ItJrSzs%2Fhqdefault.jpg\" class=\"pL\"><div class=\"tC\"><div class=\"tT\">Schwerpunkt mit Integral bestimmen<\/div><\/div><div class=\"play\"><\/div><div class=\"ctrl\"><div class=\"Lctrl\"><\/div><div class=\"Rctrl\"><\/div><\/div><\/div><noscript><a href=\"https:\/\/youtu.be\/gxv5ItJrSzs\" rel=\"nofollow\"><img src=\"https:\/\/www.studyhelp.de\/online-lernen\/wp-content\/plugins\/wp-youtube-lyte\/lyteCache.php?origThumbUrl=https%3A%2F%2Fi.ytimg.com%2Fvi%2Fgxv5ItJrSzs%2F0.jpg\" alt=\"Schwerpunkt mit Integral bestimmen\" width=\"420\" height=\"216\" \/><br \/>Dieses Video auf YouTube ansehen<\/a><\/noscript><\/div><\/div><div class=\"lL\" style=\"max-width:100%;width:420px;margin:5px;\"><\/div><br \/>\n<\/p>\n","protected":false},"excerpt":{"rendered":"<p>Berechnung\u00a0mit dem Tabellenverfahren Das Tabellenverfahren ist praktisch bei der Schwerpunktberechnung von zusammengesetzten Fl\u00e4chen. Hinweis: Alle Angaben sind in cm. Vorgehen Fl\u00e4chenunterteilung in einfache Formen, z.B. Rechtecke, Kreise, Dreiecke Teilschwerpunkte bestimmen Teilfl\u00e4chen bestimmen Gleichungen tabellarisch auswerten und Schwerpunkt bestimmen! Beachte, dass man immer ein Referenzkoordinatensystem (hier: ) haben muss, worauf man sich bezieht. Das ist in [&hellip;]<\/p>\n","protected":false},"author":5,"featured_media":0,"parent":6510,"menu_order":2,"comment_status":"closed","ping_status":"closed","template":"","meta":[],"categories":[22],"tags":[],"yoast_head":"<!-- This site is optimized with the Yoast SEO plugin v14.7 - https:\/\/yoast.com\/wordpress\/plugins\/seo\/ -->\n<title>Schwerpunkt berechnen - Technische Mechanik - Tabellenverfahren<\/title>\n<meta name=\"description\" content=\"Der Schwerpunkt eines Bauteils kann mit dem Tabellenverfahren bestimmt werden. Du lernst den Schwerpunkt zu berechnen und abzulesen.\" \/>\n<meta name=\"robots\" content=\"index, follow\" \/>\n<meta name=\"googlebot\" content=\"index, follow, max-snippet:-1, max-image-preview:large, max-video-preview:-1\" \/>\n<meta name=\"bingbot\" content=\"index, follow, max-snippet:-1, max-image-preview:large, max-video-preview:-1\" \/>\n<link rel=\"canonical\" href=\"https:\/\/www.studyhelp.de\/online-lernen\/mechanik\/schwerpunkt-berechnen\/\" \/>\n<meta property=\"og:locale\" content=\"de_DE\" \/>\n<meta property=\"og:type\" content=\"article\" \/>\n<meta property=\"og:title\" content=\"Schwerpunkt berechnen - Technische Mechanik - Tabellenverfahren\" \/>\n<meta property=\"og:description\" content=\"Der Schwerpunkt eines Bauteils kann mit dem Tabellenverfahren bestimmt werden. Du lernst den Schwerpunkt zu berechnen und abzulesen.\" \/>\n<meta property=\"og:url\" content=\"https:\/\/www.studyhelp.de\/online-lernen\/mechanik\/schwerpunkt-berechnen\/\" \/>\n<meta property=\"og:site_name\" content=\"StudyHelp Online-Lernen\" \/>\n<meta property=\"article:modified_time\" content=\"2018-06-15T07:14:26+00:00\" \/>\n<meta property=\"og:image\" content=\"https:\/\/www.studyhelp.de\/online-lernen\/wp-content\/uploads\/2016\/05\/bil_schwerpunkt1.png\" \/>\n<meta name=\"twitter:card\" content=\"summary_large_image\" \/>\n<script type=\"application\/ld+json\" class=\"yoast-schema-graph\">{\"@context\":\"https:\/\/schema.org\",\"@graph\":[{\"@type\":\"WebSite\",\"@id\":\"https:\/\/www.studyhelp.de\/online-lernen\/#website\",\"url\":\"https:\/\/www.studyhelp.de\/online-lernen\/\",\"name\":\"StudyHelp Online-Lernen\",\"description\":\"\",\"potentialAction\":[{\"@type\":\"SearchAction\",\"target\":\"https:\/\/www.studyhelp.de\/online-lernen\/?s={search_term_string}\",\"query-input\":\"required name=search_term_string\"}],\"inLanguage\":\"de-DE\"},{\"@type\":\"ImageObject\",\"@id\":\"https:\/\/www.studyhelp.de\/online-lernen\/mechanik\/schwerpunkt-berechnen\/#primaryimage\",\"inLanguage\":\"de-DE\",\"url\":\"https:\/\/www.studyhelp.de\/online-lernen\/wp-content\/uploads\/2016\/05\/bil_schwerpunkt1.png\",\"width\":619,\"height\":526},{\"@type\":\"WebPage\",\"@id\":\"https:\/\/www.studyhelp.de\/online-lernen\/mechanik\/schwerpunkt-berechnen\/#webpage\",\"url\":\"https:\/\/www.studyhelp.de\/online-lernen\/mechanik\/schwerpunkt-berechnen\/\",\"name\":\"Schwerpunkt berechnen - Technische Mechanik - Tabellenverfahren\",\"isPartOf\":{\"@id\":\"https:\/\/www.studyhelp.de\/online-lernen\/#website\"},\"primaryImageOfPage\":{\"@id\":\"https:\/\/www.studyhelp.de\/online-lernen\/mechanik\/schwerpunkt-berechnen\/#primaryimage\"},\"datePublished\":\"2016-05-19T08:09:28+00:00\",\"dateModified\":\"2018-06-15T07:14:26+00:00\",\"description\":\"Der Schwerpunkt eines Bauteils kann mit dem Tabellenverfahren bestimmt werden. Du lernst den Schwerpunkt zu berechnen und abzulesen.\",\"inLanguage\":\"de-DE\",\"potentialAction\":[{\"@type\":\"ReadAction\",\"target\":[\"https:\/\/www.studyhelp.de\/online-lernen\/mechanik\/schwerpunkt-berechnen\/\"]}]}]}<\/script>\n<!-- \/ Yoast SEO plugin. -->","_links":{"self":[{"href":"https:\/\/www.studyhelp.de\/online-lernen\/wp-json\/wp\/v2\/pages\/6470"}],"collection":[{"href":"https:\/\/www.studyhelp.de\/online-lernen\/wp-json\/wp\/v2\/pages"}],"about":[{"href":"https:\/\/www.studyhelp.de\/online-lernen\/wp-json\/wp\/v2\/types\/page"}],"author":[{"embeddable":true,"href":"https:\/\/www.studyhelp.de\/online-lernen\/wp-json\/wp\/v2\/users\/5"}],"replies":[{"embeddable":true,"href":"https:\/\/www.studyhelp.de\/online-lernen\/wp-json\/wp\/v2\/comments?post=6470"}],"version-history":[{"count":9,"href":"https:\/\/www.studyhelp.de\/online-lernen\/wp-json\/wp\/v2\/pages\/6470\/revisions"}],"predecessor-version":[{"id":8437,"href":"https:\/\/www.studyhelp.de\/online-lernen\/wp-json\/wp\/v2\/pages\/6470\/revisions\/8437"}],"up":[{"embeddable":true,"href":"https:\/\/www.studyhelp.de\/online-lernen\/wp-json\/wp\/v2\/pages\/6510"}],"wp:attachment":[{"href":"https:\/\/www.studyhelp.de\/online-lernen\/wp-json\/wp\/v2\/media?parent=6470"}],"wp:term":[{"taxonomy":"category","embeddable":true,"href":"https:\/\/www.studyhelp.de\/online-lernen\/wp-json\/wp\/v2\/categories?post=6470"},{"taxonomy":"post_tag","embeddable":true,"href":"https:\/\/www.studyhelp.de\/online-lernen\/wp-json\/wp\/v2\/tags?post=6470"}],"curies":[{"name":"wp","href":"https:\/\/api.w.org\/{rel}","templated":true}]}}