{"id":6690,"date":"2018-03-12T13:20:09","date_gmt":"2018-03-12T12:20:09","guid":{"rendered":"http:\/\/207.154.240.206\/webhook\/testdeploy\/?page_id=6690"},"modified":"2024-11-13T11:48:37","modified_gmt":"2024-11-13T10:48:37","slug":"studyhelp-online-lernportal","status":"publish","type":"page","link":"https:\/\/www.studyhelp.de\/online-lernen\/","title":{"rendered":"Homepage"},"content":{"rendered":"<h1>Willkommen im Online Lernen Portal von StudyHelp<\/h1>\n<p>Auf dieser Seite findest du leicht verst\u00e4ndliche Erkl\u00e4rungen, Lernvideos und Aufgaben zu allen Themen aus der Schule und der Universit\u00e4t. Bereite dich gemeinsam mit uns perfekt auf deine n\u00e4chste Pr\u00fcfung vor!<\/p>\n<div class=\"subjects\"><br \/>\n<article class=\"mathe\"><h2><a href=\"https:\/\/www.studyhelp.de\/online-lernen\/mathe\/\">Mathe<\/a><\/h2><p>In unserem Mathe Lernportal findest du Erkl\u00e4rungen, Videos und Aufgaben zu allen mathematischen Themen von der 5. Klasse bis zum Studium.<\/p><a class=\"btn full outline\" href=\"https:\/\/www.studyhelp.de\/online-lernen\/mathe\/\">Mathe lernen<\/a><\/article><br \/>\n<article class=\"deutsch\"><h2><a href=\"https:\/\/www.studyhelp.de\/online-lernen\/deutsch\/\">Deutsch<\/a><\/h2><p>In unserem Deutsch Lernportal findest du Erkl\u00e4rungen und Lernvideos zu allen Themen, die dir im Deutschunterricht begegnen werden.<\/p><a class=\"btn full outline\" href=\"https:\/\/www.studyhelp.de\/online-lernen\/deutsch\/\">Deutsch lernen<\/a><\/article><br \/>\n<article class=\"biologie\"><h2><a href=\"https:\/\/www.studyhelp.de\/online-lernen\/biologie\/\">Biologie<\/a><\/h2><p>Dein Bio-Abi steht bevor und du m\u00f6chtest alle wichtigen Themen wiederholen? Dann bist du hier genau richtig!<\/p><a class=\"btn full outline\" href=\"https:\/\/www.studyhelp.de\/online-lernen\/biologie\/\">Biologie lernen<\/a><\/article><br \/>\n<article class=\"englisch\"><h2><a href=\"https:\/\/www.studyhelp.de\/online-lernen\/englisch\/\">Englisch<\/a><\/h2><p>Hier findest du alle Themen zur Unterstufe und Oberstufe rund um das Fach Englisch. Inklusive kostenlosen Lernvideos!<\/p><a class=\"btn full outline\" href=\"https:\/\/www.studyhelp.de\/online-lernen\/englisch\/\">Englisch lernen<\/a><\/article><br \/>\n<article class=\"chemie\"><h2><a href=\"https:\/\/www.studyhelp.de\/online-lernen\/chemie\/\">Chemie<\/a><\/h2><p>In unserem Lernportal f\u00fcr Chemie stellen wir dir alle Chemie-Themen in leicht verst\u00e4ndlicher Sprache bereit und versorgen dich mit Beispielaufgaben.<\/p><a class=\"btn full outline\" href=\"https:\/\/www.studyhelp.de\/online-lernen\/chemie\/\">Chemie lernen<\/a><\/article><br \/>\n<article class=\"geschichte\"><h2><a href=\"https:\/\/www.studyhelp.de\/online-lernen\/geschichte\/\">Geschichte<\/a><\/h2><p>In unserem Lernportal f\u00fcr Geschichte stellen wir dir alle Geschichte-Themen in leicht verst\u00e4ndlicher Sprache bereit und versorgen dich mit Beispielaufgaben.<\/p><a class=\"btn full outline\" href=\"https:\/\/www.studyhelp.de\/online-lernen\/geschichte\/\">Geschichte lernen<\/a><\/article><br \/>\n<article class=\"mechanik\"><h2><a href=\"https:\/\/www.studyhelp.de\/online-lernen\/mechanik\/\">Mechanik<\/a><\/h2><p>In unserem Mechanik Lernportal findest du alles Wissenswerte zur Technischen Mechanik. Dabei unterst\u00fctzen wir dein Lernen mit Aufgaben, Videos und Erkl\u00e4rungen.<\/p><a class=\"btn full outline\" href=\"https:\/\/www.studyhelp.de\/online-lernen\/mechanik\/\">Mechanik lernen<\/a><\/article><br \/>\n<article class=\"thermodynamik\"><h2><a href=\"https:\/\/www.studyhelp.de\/online-lernen\/thermodynamik\/\">Thermodynamik<\/a><\/h2><p>Zustands\u00e4nderungen, Erhaltungss\u00e4tze und Exergie sind dir ein Begriff, mehr aber auch nicht? Hier wird dein Wissen erweitert!!<\/p><a class=\"btn full outline\" href=\"https:\/\/www.studyhelp.de\/online-lernen\/thermodynamik\/\">Thermodynamik lernen<\/a><\/article><br \/>\n<article class=\"latein\"><h2><a href=\"https:\/\/www.studyhelp.de\/online-lernen\/latein\/\">Latein<\/a><\/h2><p>In unserem Latein Lernportal findest du Erkl\u00e4rungen und Lernvideos zu den wichtigsten Themen, die dir im Lateinunterricht begegnen werden.<\/p><a class=\"btn full outline\" href=\"https:\/\/www.studyhelp.de\/online-lernen\/latein\/\">Latein lernen<\/a><\/article><br \/>\n<article class=\"mechanik\"><h2><a href=\"https:\/\/www.studyhelp.de\/online-lernen\/jahresabschluesse\/\">Jahresabschl\u00fcsse<\/a><\/h2><p>In unserem Jahresabschl\u00fcsse Lernportal findest du Erkl\u00e4rungen und Lernvideos zu den wichtigsten Themen, die dir im Bezug zu Jahresabschl\u00fcssen begegnen werden.<\/p><a class=\"btn full outline\" href=\"https:\/\/www.studyhelp.de\/online-lernen\/jahresabschluesse\/\">Jahresabschl\u00fcsse lernen<\/a><\/article><br \/>\n<\/div>\n","protected":false},"excerpt":{"rendered":"<p>Willkommen im Online Lernen Portal von StudyHelp Auf dieser Seite findest du leicht verst\u00e4ndliche Erkl\u00e4rungen, Lernvideos und Aufgaben zu allen Themen aus der Schule und der Universit\u00e4t. Bereite dich gemeinsam mit uns perfekt auf deine n\u00e4chste Pr\u00fcfung vor!<\/p>\n","protected":false},"author":5,"featured_media":0,"parent":0,"menu_order":0,"comment_status":"closed","ping_status":"closed","template":"page-home.php","meta":[],"categories":[1],"tags":[],"yoast_head":"<!-- This site is optimized with the Yoast SEO plugin v14.7 - https:\/\/yoast.com\/wordpress\/plugins\/seo\/ -->\n<title>Kostenlos Online Lernen \u2013 Erkl\u00e4rungen &amp; L\u00f6sungen \u2013 StudyHelp Lernportal<\/title>\n<meta name=\"description\" content=\"Kostenlos Online Lernen \u2013 Erkl\u00e4rungen &amp; Videos \u2013 StudyHelp Lernportal \u2713 Aufgaben &amp; L\u00f6sungen &amp; Lernvideos \u2713 Klasse 1 bis Studium \u2713 Mathe, Deutsch, Englisch, Biologie uvm.\" \/>\n<meta name=\"robots\" content=\"index, follow\" \/>\n<meta name=\"googlebot\" content=\"index, follow, max-snippet:-1, max-image-preview:large, max-video-preview:-1\" \/>\n<meta name=\"bingbot\" content=\"index, follow, max-snippet:-1, max-image-preview:large, max-video-preview:-1\" \/>\n<link rel=\"canonical\" href=\"https:\/\/www.studyhelp.de\/online-lernen\/\" \/>\n<meta property=\"og:locale\" content=\"de_DE\" \/>\n<meta property=\"og:type\" content=\"article\" \/>\n<meta property=\"og:title\" content=\"Kostenlos Online Lernen \u2013 Erkl\u00e4rungen &amp; L\u00f6sungen \u2013 StudyHelp Lernportal\" \/>\n<meta property=\"og:description\" content=\"Kostenlos Online Lernen \u2013 Erkl\u00e4rungen &amp; Videos \u2013 StudyHelp Lernportal \u2713 Aufgaben &amp; L\u00f6sungen &amp; Lernvideos \u2713 Klasse 1 bis Studium \u2713 Mathe, Deutsch, Englisch, Biologie uvm.\" \/>\n<meta property=\"og:url\" content=\"https:\/\/www.studyhelp.de\/online-lernen\/\" \/>\n<meta property=\"og:site_name\" content=\"StudyHelp Online-Lernen\" \/>\n<meta property=\"article:modified_time\" content=\"2024-11-13T10:48:37+00:00\" \/>\n<meta name=\"twitter:card\" content=\"summary_large_image\" \/>\n<script type=\"application\/ld+json\" class=\"yoast-schema-graph\">{\"@context\":\"https:\/\/schema.org\",\"@graph\":[{\"@type\":\"WebSite\",\"@id\":\"https:\/\/www.studyhelp.de\/online-lernen\/#website\",\"url\":\"https:\/\/www.studyhelp.de\/online-lernen\/\",\"name\":\"StudyHelp Online-Lernen\",\"description\":\"\",\"potentialAction\":[{\"@type\":\"SearchAction\",\"target\":\"https:\/\/www.studyhelp.de\/online-lernen\/?s={search_term_string}\",\"query-input\":\"required name=search_term_string\"}],\"inLanguage\":\"de-DE\"},{\"@type\":\"WebPage\",\"@id\":\"https:\/\/www.studyhelp.de\/online-lernen\/#webpage\",\"url\":\"https:\/\/www.studyhelp.de\/online-lernen\/\",\"name\":\"Kostenlos Online Lernen \\u2013 Erkl\\u00e4rungen & L\\u00f6sungen \\u2013 StudyHelp Lernportal\",\"isPartOf\":{\"@id\":\"https:\/\/www.studyhelp.de\/online-lernen\/#website\"},\"datePublished\":\"2018-03-12T12:20:09+00:00\",\"dateModified\":\"2024-11-13T10:48:37+00:00\",\"description\":\"Kostenlos Online Lernen \\u2013 Erkl\\u00e4rungen & Videos \\u2013 StudyHelp Lernportal \\u2713 Aufgaben & L\\u00f6sungen & Lernvideos \\u2713 Klasse 1 bis Studium \\u2713 Mathe, Deutsch, Englisch, Biologie uvm.\",\"inLanguage\":\"de-DE\",\"potentialAction\":[{\"@type\":\"ReadAction\",\"target\":[\"https:\/\/www.studyhelp.de\/online-lernen\/\"]}]}]}<\/script>\n<!-- \/ Yoast SEO plugin. -->","_links":{"self":[{"href":"https:\/\/www.studyhelp.de\/online-lernen\/wp-json\/wp\/v2\/pages\/6690"}],"collection":[{"href":"https:\/\/www.studyhelp.de\/online-lernen\/wp-json\/wp\/v2\/pages"}],"about":[{"href":"https:\/\/www.studyhelp.de\/online-lernen\/wp-json\/wp\/v2\/types\/page"}],"author":[{"embeddable":true,"href":"https:\/\/www.studyhelp.de\/online-lernen\/wp-json\/wp\/v2\/users\/5"}],"replies":[{"embeddable":true,"href":"https:\/\/www.studyhelp.de\/online-lernen\/wp-json\/wp\/v2\/comments?post=6690"}],"version-history":[{"count":31,"href":"https:\/\/www.studyhelp.de\/online-lernen\/wp-json\/wp\/v2\/pages\/6690\/revisions"}],"predecessor-version":[{"id":18421,"href":"https:\/\/www.studyhelp.de\/online-lernen\/wp-json\/wp\/v2\/pages\/6690\/revisions\/18421"}],"wp:attachment":[{"href":"https:\/\/www.studyhelp.de\/online-lernen\/wp-json\/wp\/v2\/media?parent=6690"}],"wp:term":[{"taxonomy":"category","embeddable":true,"href":"https:\/\/www.studyhelp.de\/online-lernen\/wp-json\/wp\/v2\/categories?post=6690"},{"taxonomy":"post_tag","embeddable":true,"href":"https:\/\/www.studyhelp.de\/online-lernen\/wp-json\/wp\/v2\/tags?post=6690"}],"curies":[{"name":"wp","href":"https:\/\/api.w.org\/{rel}","templated":true}]}}