{"id":78,"date":"2015-03-25T21:00:07","date_gmt":"2015-03-25T20:00:07","guid":{"rendered":"https:\/\/www.studyhelp.de\/mathe\/wp\/?page_id=78"},"modified":"2020-01-31T15:05:33","modified_gmt":"2020-01-31T14:05:33","slug":"populationsprozesse","status":"publish","type":"page","link":"https:\/\/www.studyhelp.de\/online-lernen\/mathe\/populationsprozesse\/","title":{"rendered":"Populationsprozesse"},"content":{"rendered":"\n<p>In diesem Artikel schauen wir uns das Themengebiet &#8222;Populationsprozesse&#8220; n\u00e4her an:<\/p>\n<ul>\n<li><a href=\"#einfuehrung-populationsprozesse\">Einf\u00fchrung in Populationsprozesse<\/a><\/li>\n<li><a href=\"#zyklus-populationen\">Zyklus bei Populationen<\/a><\/li>\n<li><a href=\"#beispielaufgaben\">Beispielaufgaben<\/a><\/li>\n<\/ul>\n\n<h2 id=\"einfuehrung-populationsprozesse\" class=\"anchor\">Einf\u00fchrung in Populationsprozesse<\/h2>\n<p>Ein typisches Beispiel f\u00fcr Populationsprozesse (oder Entwicklungsprozesse) sind die K\u00e4ferpopulationen. Entweder sind hierf\u00fcr Informationen im Text gegeben, aus denen wir einen \u00dcbergangsgraph erstellen k\u00f6nnen, oder wir haben den \u00dcbergangsgraph oder die \u00dcbergangsmatrix direkt gegeben. Betrachten wir hierf\u00fcr folgendes Beispiel einer K\u00e4ferpopulation.<\/p>\n<p>Das folgende Modell beschreibt die Entwicklung eines K\u00e4fers: Aus den Eiern schl\u00fcpfen nach einem Monat Larven, nach einem weiteren Monat werden diese zu K\u00e4fern, die nach einem Monat Eier legen und dann sterben. Aber nur aus einem Viertel der Eier werden Larven, die anderen Eier werden von Tieren gefressen oder verenden. Von den Larven wird die H\u00e4lfte zu K\u00e4fern, die andere H\u00e4lfte stirbt. Jeder K\u00e4fer legt 8 Eier.<\/p>\n<p><strong>Daraus ergibt sich folgender \u00dcbergangsgraph und folgende Populationsmatrix $P$:<\/strong><\/p>\n<p><img decoding=\"async\" loading=\"lazy\" class=\"aligncenter wp-image-1915\" src=\"https:\/\/www.studyhelp.de\/online-lernen\/wp-content\/uploads\/2015\/03\/Bildschirmfoto-2016-06-01-um-12.32.45-1024x195.png\" alt=\"Populationsprozesse\" width=\"520\" height=\"99\" srcset=\"https:\/\/www.studyhelp.de\/online-lernen\/wp-content\/uploads\/2015\/03\/Bildschirmfoto-2016-06-01-um-12.32.45-1024x195.png 1024w, https:\/\/www.studyhelp.de\/online-lernen\/wp-content\/uploads\/2015\/03\/Bildschirmfoto-2016-06-01-um-12.32.45-300x57.png 300w, https:\/\/www.studyhelp.de\/online-lernen\/wp-content\/uploads\/2015\/03\/Bildschirmfoto-2016-06-01-um-12.32.45-768x147.png 768w, https:\/\/www.studyhelp.de\/online-lernen\/wp-content\/uploads\/2015\/03\/Bildschirmfoto-2016-06-01-um-12.32.45.png 1331w\" sizes=\"(max-width: 520px) 100vw, 520px\" \/><\/p>\n<p>In der ersten Zeile stehen m\u00f6gliche <em>Vermehrungsraten<\/em>. K\u00e4fer k\u00f6nnen sich vermehren und 8 Eier pro Monat legen. In der zweiten und dritten Zeile stehen <em>\u00dcberlebensraten<\/em>. Eier k\u00f6nnen zu Larven werden mit einer Wahrscheinlichkeit von 25% (\u00dcberlebensrate). Larven k\u00f6nnen \u00fcberleben und mit einer Wahrscheinlichkeit von 50% zu K\u00e4fern werden.<\/p>\n<p><strong>Achtung<\/strong>: Falls im Text eine <em>Sterberate<\/em> angegeben ist, m\u00fcsst ihr in der Matrix die entsprechende <em>\u00dcberlebensrate<\/em> $= 1 &#8211;$<em>Sterberate<\/em> eintragen!<\/p>\n<p>Zur\u00fcck zu unserem Beispiel: Wenn zu Beginn der Population jeweils 40 Eier, Larven und K\u00e4fer vorhanden waren, besteht die Population nach einem Monat aus<\/p>\n<p>\\begin{align*}<br \/>\n\\begin{pmatrix}<br \/>\n0 &amp; 0 &amp; 8 \\\\ 0,25 &amp; 0 &amp; 0 \\\\ 0 &amp; 0,5 &amp; 0<br \/>\n\\end{pmatrix} \\cdot \\begin{pmatrix}<br \/>\n40 \\\\ 40 \\\\ 40<br \/>\n\\end{pmatrix} =\\begin{pmatrix}<br \/>\n320 \\\\ 10 \\\\ 20<br \/>\n\\end{pmatrix} \\notag<br \/>\n\\end{align*}<\/p>\n<p>320 Eiern, 10 Larven und 20 K\u00e4fern.<\/p>\n<p>Oft wird auch nach einem Anfangsbestand gefragt, der nach einem bestimmten Zeitraum unver\u00e4ndert ist. In unserem Beispiel sollen wir einen Anfangsbestand bestimmen, der nach einem Monat unver\u00e4ndert ist.<\/p>\n<p>Denkt hier an den Fixvektor, es gilt<\/p>\n<p>\\begin{align*}<br \/>\n\\begin{pmatrix}<br \/>\n0 &amp; 0 &amp; 8 \\\\ 0,25 &amp; 0 &amp; 0 \\\\ 0 &amp; 0,5 &amp; 0<br \/>\n\\end{pmatrix} \\cdot \\begin{pmatrix}<br \/>\ne \\\\ l \\\\ k<br \/>\n\\end{pmatrix} =\\begin{pmatrix}<br \/>\ne \\\\ l \\\\ k \\end{pmatrix}<br \/>\n\\quad \\Leftrightarrow \\quad<br \/>\n\\begin{pmatrix}<br \/>\ne \\\\ l \\\\ k \\end{pmatrix} = \\begin{pmatrix}<br \/>\n8k \\\\ 2k \\\\ k \\end{pmatrix}<br \/>\n\\notag<br \/>\n\\end{align*}<\/p>\n<p>Auch hier l\u00e4sst sich das LGS nicht eindeutig l\u00f6sen und wird dr\u00fccken unsere L\u00f6sung in Abh\u00e4ngigkeit einer Variablen aus &#8211; hier alles in Abh\u00e4ngigkeit von K\u00e4fern $k$. Wir k\u00f6nnen uns nun f\u00fcr $k$ eine Zahl aussuchen, damit m\u00f6glichst sch\u00f6ne Ergebnisse raus kommen, sei also $k=10$, dann lautet der Anfangsbestand, der sich nach einem Monat nicht \u00e4ndert<\/p>\n<p>\\begin{align*}<br \/>\n\\begin{pmatrix}<br \/>\ne \\\\ l \\\\ k \\end{pmatrix} = \\begin{pmatrix}<br \/>\n80 \\\\ 20 \\\\ 10 \\end{pmatrix}.\\notag<br \/>\n\\end{align*}<\/p>\n<p>Was ist nun der Unterschied zu Austauschprozessen? Hier m\u00fcssen die Spaltensummen in der Tabelle bzw. der Populationsmatrix nicht gleich 1 sein!<br \/>\n<\/p>\n<h2 id=\"zyklus-populationen\" class=\"anchor\">Zyklus bei Populationen<\/h2>\n<p>Gegeben sei dieser Aufbau einer Populationsmatrix, die wir dreimal miteinander multiplizieren. Das klappt aber nur bei Matrizen, die wie $P$ aufgebaut sind.<\/p>\n<p>\\begin{align*}<br \/>\nP = \\begin{pmatrix}<br \/>\n0 &amp; 0 &amp; a \\\\ b &amp; 0 &amp; 0 \\\\ 0 &amp; c &amp; 0<br \/>\n\\end{pmatrix} \\quad<br \/>\n\\Rightarrow \\quad<br \/>\nP^3 = \\begin{pmatrix}<br \/>\na \\cdot b \\cdot c &amp; 0 &amp; 0 \\\\ 0 &amp; a \\cdot b \\cdot c &amp; 0 \\\\ 0 &amp; 0 &amp; a \\cdot b \\cdot c<br \/>\n\\end{pmatrix} \\notag<br \/>\n\\end{align*}<\/p>\n<p>Wir haben also nur Eintr\u00e4ge auf der Diagonalen. Gegeben w\u00e4ren jetzt die Werte $a= 60$, $b=0,1$ und $c=1\/6$, dann erhalten wir die Einheitsmatrix<\/p>\n<p>\\begin{align*}<br \/>\nP^3 = \\begin{pmatrix}<br \/>\n1 &amp; 0 &amp; 0 \\\\ 0 &amp; 1 &amp; 0 \\\\ 0 &amp; 0 &amp; 1<br \/>\n\\end{pmatrix} \\quad \\Rightarrow \\quad<br \/>\n\\begin{pmatrix}<br \/>\n1 &amp; 0 &amp; 0 \\\\ 0 &amp; 1 &amp; 0 \\\\ 0 &amp; 0 &amp; 1<br \/>\n\\end{pmatrix} \\cdot \\begin{pmatrix}<br \/>\n40 \\\\ 30 \\\\ 70<br \/>\n\\end{pmatrix} = \\begin{pmatrix}<br \/>\n40 \\\\ 30 \\\\ 70<br \/>\n\\end{pmatrix} \\notag<br \/>\n\\end{align*}<\/p>\n<p>Was bedeutet das? Das hat jetzt nichts mit dem Fixvektor zu tun! Es bedeutet, dass bei einer $3 \\times 3$ Matrix bei einem Zyklus von drei Zeitschritten der Anfangsbestand z.B. $(40\\\u00a030\\\u00a070)^T$ wieder erreicht ist. Was passiert, wenn<\/p>\n<ul>\n<li>$a\\cdot b \\cdot c = 1? \\quad \\Rightarrow$ Population im Zyklus von drei Zeitschritten konstant.<\/li>\n<li>$a\\cdot b \\cdot c &lt; 1? \\quad \\Rightarrow$ Population stirbt aus!<\/li>\n<li>$a\\cdot b \\cdot c &gt; 1? \\quad \\Rightarrow$ exponentielles Wachstum der Population!<\/li>\n<\/ul>\n<p><strong>Daniel erkl\u00e4rt das Thema nochmals ausf\u00fchrlich in seinem Lernvideo.<\/strong><\/p>\n<div class=\"lyte-wrapper\" title=\"Zyklus bei Populationsprozessen, &Uuml;bergangsmatrizen, Matrix | Mathe by Daniel Jung\" style=\"width:420px;max-width:100%;margin:5px;\"><div class=\"lyMe\" id=\"WYL_Ncv9Stic2C4\"><div id=\"lyte_Ncv9Stic2C4\" data-src=\"https:\/\/www.studyhelp.de\/online-lernen\/wp-content\/plugins\/wp-youtube-lyte\/lyteCache.php?origThumbUrl=https%3A%2F%2Fi.ytimg.com%2Fvi%2FNcv9Stic2C4%2Fhqdefault.jpg\" class=\"pL\"><div class=\"tC\"><div class=\"tT\">Zyklus bei Populationsprozessen, \u00dcbergangsmatrizen, Matrix | Mathe by Daniel Jung<\/div><\/div><div class=\"play\"><\/div><div class=\"ctrl\"><div class=\"Lctrl\"><\/div><div class=\"Rctrl\"><\/div><\/div><\/div><noscript><a href=\"https:\/\/youtu.be\/Ncv9Stic2C4\" rel=\"nofollow\"><img src=\"https:\/\/www.studyhelp.de\/online-lernen\/wp-content\/plugins\/wp-youtube-lyte\/lyteCache.php?origThumbUrl=https%3A%2F%2Fi.ytimg.com%2Fvi%2FNcv9Stic2C4%2F0.jpg\" alt=\"Zyklus bei Populationsprozessen, &Uuml;bergangsmatrizen, Matrix | Mathe by Daniel Jung\" width=\"420\" height=\"216\" \/><br \/>Dieses Video auf YouTube ansehen<\/a><\/noscript><\/div><\/div><div class=\"lL\" style=\"max-width:100%;width:420px;margin:5px;\"><\/div><br \/>\n<\/p>\n<h2 id=\"beispielaufgaben\" class=\"anchor\">Beispielaufgaben<\/h2>\n<div class=\"box exercise\">\n<h3>Beispielaufgabe 1 &#8211; Populationsprozesse<\/h3>\n<p>Der Populationsprozess einer Fliegenart kann durch drei Stufen dargestellt werden. Es gibt Eier, Larven und Fliegen. Jede Fliege bekommt durchschnittlich 50 Eier. Davon schl\u00fcpfen 10% zu Larven. Diese entwickeln sich in 20% der F\u00e4lle zu Fliegen. Jeder Prozess dauert 1 Woche.<\/p>\n<p>a) Stelle ein \u00dcbergangsdiagramm und die dazugeh\u00f6rige Matrix auf.<\/p>\n<p>b) Zum Zeitpunkt t=0 gibt es in unserer Population 100 Eier, 30 Larven und 10 Fliegen. Wie ist die Population in einer Woche? Wie war sie vor einer Woche?<\/p>\n<p>c) Ist die Population eine wachsende Population? Wenn nicht, gib die allgemeine stabile Verteilung an.<\/p>\n<p><strong>L\u00f6sungen:<\/strong><\/p>\n<p>a)<\/p>\n<p><img decoding=\"async\" loading=\"lazy\" class=\"size-medium wp-image-5097 aligncenter\" src=\"https:\/\/www.studyhelp.de\/online-lernen\/wp-content\/uploads\/2015\/03\/Populationsprozesse2-300x79.png\" alt=\"populationsprozesse2\" width=\"300\" height=\"79\" srcset=\"https:\/\/www.studyhelp.de\/online-lernen\/wp-content\/uploads\/2015\/03\/Populationsprozesse2-300x79.png 300w, https:\/\/www.studyhelp.de\/online-lernen\/wp-content\/uploads\/2015\/03\/Populationsprozesse2.png 734w\" sizes=\"(max-width: 300px) 100vw, 300px\" \/><\/p>\n<p>\\begin{align*}<br \/>\nP=\\begin{pmatrix}<br \/>\n0 &amp; 0 &amp; 50 \\\\<br \/>\n0,1 &amp; 0 &amp; 0 \\\\<br \/>\n0 &amp; 0,2 &amp; 0<br \/>\n\\end{pmatrix}<br \/>\n\\end{align*}<\/p>\n<p>b)<\/p>\n<p>Verteilung in dieser Woche: $V=\\begin{pmatrix}<br \/>\n100 \\\\ 30 \\\\ 10<br \/>\n\\end{pmatrix}$<\/p>\n<p>Verteilung in der n\u00e4chsten Woche:$<br \/>\nV&#8217;=P \\cdot V = \\begin{pmatrix}<br \/>\n0 &amp; 0 &amp; 50 \\\\<br \/>\n0,1 &amp; 0 &amp; 0 \\\\<br \/>\n0 &amp; 0,2 &amp; 0<br \/>\n\\end{pmatrix} \\cdot \\begin{pmatrix}<br \/>\n100 \\\\ 30 \\\\ 10<br \/>\n\\end{pmatrix} = \\begin{pmatrix}<br \/>\n500 \\\\ 10 \\\\ 6<br \/>\n\\end{pmatrix}<br \/>\n$<\/p>\n<p>Die Verteilung vor einer Woche lautet: $\\begin{pmatrix}<br \/>\n0 &amp; 0 &amp; 50 \\\\<br \/>\n0,1 &amp; 0 &amp; 0 \\\\<br \/>\n0 &amp; 0,2 &amp; 0 \\end{pmatrix}\\cdot\\begin{pmatrix}<br \/>\nx \\\\ y \\\\ z<br \/>\n\\end{pmatrix}=\\begin{pmatrix}<br \/>\n100 \\\\ 30 \\\\ 10<br \/>\n\\end{pmatrix} \\Rightarrow \\begin{array}{rrcrcl}<br \/>\n\\textrm{I} &amp; 50z &amp; = &amp; 100 &amp; \\Rightarrow &amp; z=2 \\\\<br \/>\n\\textrm{II} &amp; 0,1x &amp; = &amp; 30 &amp; \\Rightarrow &amp; x=300 \\\\<br \/>\n\\textrm{III} &amp; 0,2y &amp; = &amp; 10 &amp; \\Rightarrow &amp; y=50<br \/>\n\\end{array}<br \/>\n$<\/p>\n<p>Es gab vor einer Woche 300 Eier, 50 Larven und 2 Fliegen.<\/p>\n<p>c)<\/p>\n<p>Die Population ist nicht wachsend, sie ist stabil, weil gilt:<\/p>\n<p>\\begin{align*}<br \/>\nP^3 = \\begin{pmatrix}<br \/>\n1 &amp; 0 &amp; 0 \\\\<br \/>\n0 &amp; 1 &amp; 0 \\\\<br \/>\n0 &amp; 0 &amp; 1<br \/>\n\\end{pmatrix}<br \/>\n\\end{align*}<\/p>\n<p>Damit k\u00f6nnen wir die stabile Verteilung berechnen:<br \/>\n\\begin{align*}<br \/>\n\\begin{pmatrix}<br \/>\n0 &amp; 0 &amp; 50 \\\\<br \/>\n0,1 &amp; 0 &amp; 0 \\\\<br \/>\n0 &amp; 0,2 &amp; 0<br \/>\n\\end{pmatrix} \\cdot \\begin{pmatrix}<br \/>\nx \\\\ y \\\\ z<br \/>\n\\end{pmatrix} = \\begin{pmatrix}<br \/>\nx \\\\ y \\\\ z<br \/>\n\\end{pmatrix} \\quad \\Rightarrow \\quad \\begin{array}{rrcr}<br \/>\n\\textrm{I} &amp; 50z &amp; = &amp; x \\\\<br \/>\n\\textrm{II} &amp; 0,1x &amp; = &amp; y \\\\<br \/>\n\\textrm{III} &amp; 0,2y &amp; = &amp; z<br \/>\n\\end{array}<br \/>\n\\end{align*}<br \/>\nWir k\u00f6nnen x und y in Abh\u00e4ngigkeit von z angeben. Wir ersetzen z durch eine andere Variable und erhalten den allgemeinen Fixvektor:<br \/>\n\\begin{align*}<br \/>\n\\vec{v}_S= \\begin{pmatrix}<br \/>\n50a \\\\ 5a \\\\ a<br \/>\n\\end{pmatrix}<br \/>\n\\end{align*}<\/p>\n<\/div><br \/>\n<div class=\"box exercise\">\n<h3>Beispielaufgabe 2 &#8211; Populationsprozesse<\/h3>\n<p>Die Entwicklung einer M\u00e4usepopulation kann durch folgendes Modell beschrieben werden: Durchschnittlich bekommt jede Maus 4 Junge. Von diesen Jungen sterben 60% innerhalb des ersten Jahres. Die anderen werden zu 62,5% geschlechtsreife Tiere und geb\u00e4ren wieder 4 Junge. Danach sterben sie.<\/p>\n<p>a) Stelle ein \u00dcbergangsdiagramm und die dazugeh\u00f6rige Matrix auf.<\/p>\n<p>b) Durch bessere \u00dcberlebenschancen sinkt die Sterberate der Neugeborenen Jungen von 60% auf 40%. Welche Entwicklung nimmt die Population nun langfristig an?<\/p>\n<p><strong>L\u00f6sungen:<\/strong><\/p>\n<p>a)<\/p>\n<p><img decoding=\"async\" loading=\"lazy\" class=\"size-medium wp-image-5114 alignleft\" src=\"https:\/\/www.studyhelp.de\/online-lernen\/wp-content\/uploads\/2015\/03\/Populationsprozesse2-1-300x79.png\" alt=\"populationsprozesse2\" width=\"300\" height=\"79\" srcset=\"https:\/\/www.studyhelp.de\/online-lernen\/wp-content\/uploads\/2015\/03\/Populationsprozesse2-1-300x79.png 300w, https:\/\/www.studyhelp.de\/online-lernen\/wp-content\/uploads\/2015\/03\/Populationsprozesse2-1.png 734w\" sizes=\"(max-width: 300px) 100vw, 300px\" \/><\/p>\n<p>\\begin{align*}<br \/>\nM=\\begin{pmatrix}<br \/>\n0 &amp; 0 &amp; 4 \\\\<br \/>\n0,4 &amp; 0 &amp; 0 \\\\<br \/>\n0 &amp; 0,625 &amp; 0<br \/>\n\\end{pmatrix}<br \/>\n\\end{align*}<\/p>\n<p>b)<\/p>\n<p>Neue \u00dcbergangsmatrix:<\/p>\n<p>\\begin{align*}<br \/>\nM_{neu} =\\begin{pmatrix}<br \/>\n0 &amp; 0 &amp; 4 \\\\<br \/>\n0,6 &amp; 0 &amp; 0 \\\\<br \/>\n0 &amp; 0,625 &amp; 0<br \/>\n\\end{pmatrix}<br \/>\n\\end{align*}<\/p>\n<p>Langfristige Entwicklung:<\/p>\n<p>\\begin{align*}<br \/>\nM_{neu}^3 =\\begin{pmatrix}<br \/>\n1,5 &amp; 0 &amp; 0 \\\\<br \/>\n0 &amp; 1,5 &amp; 0 \\\\<br \/>\n0 &amp;0 &amp; 1,5<br \/>\n\\end{pmatrix}<br \/>\n\\end{align*}<\/p>\n<p>Interpretation: Da die Matrix $M_{neu}^3$ eine Diagonalmatrix mit Eintr\u00e4gen 1,5 ist, wird sich die Population alle 3 Jahre mit dem Faktor 1,5 vergr\u00f6\u00dfern. Sie steigt exponentiell.<\/p>\n<\/div><\/p>\n\n","protected":false},"excerpt":{"rendered":"<p>In diesem Artikel schauen wir uns das Themengebiet &#8222;Populationsprozesse&#8220; n\u00e4her an: Einf\u00fchrung in Populationsprozesse Zyklus bei Populationen Beispielaufgaben Einf\u00fchrung in Populationsprozesse Ein typisches Beispiel f\u00fcr Populationsprozesse (oder Entwicklungsprozesse) sind die K\u00e4ferpopulationen. Entweder sind hierf\u00fcr Informationen im Text gegeben, aus denen wir einen \u00dcbergangsgraph erstellen k\u00f6nnen, oder wir haben den \u00dcbergangsgraph oder die \u00dcbergangsmatrix direkt gegeben. [&hellip;]<\/p>\n","protected":false},"author":5,"featured_media":0,"parent":6291,"menu_order":10,"comment_status":"closed","ping_status":"closed","template":"","meta":[],"categories":[17],"tags":[],"yoast_head":"<!-- This site is optimized with the Yoast SEO plugin v14.7 - https:\/\/yoast.com\/wordpress\/plugins\/seo\/ -->\n<title>Populationsprozesse verst\u00e4ndlich erkl\u00e4rt- StudyHelp<\/title>\n<meta name=\"description\" content=\"Du m\u00f6chtest das Thema Populationsprozesse verstehen? Wir erkl\u00e4ren es dir Schritt f\u00fcr Schritt mit Beispielen, verst\u00e4ndlichen Erkl\u00e4rungen und Lernvideos!\" \/>\n<meta name=\"robots\" content=\"index, follow\" \/>\n<meta name=\"googlebot\" content=\"index, follow, max-snippet:-1, max-image-preview:large, max-video-preview:-1\" \/>\n<meta name=\"bingbot\" content=\"index, follow, max-snippet:-1, max-image-preview:large, max-video-preview:-1\" \/>\n<link rel=\"canonical\" href=\"https:\/\/www.studyhelp.de\/online-lernen\/mathe\/populationsprozesse\/\" \/>\n<meta property=\"og:locale\" content=\"de_DE\" \/>\n<meta property=\"og:type\" content=\"article\" \/>\n<meta property=\"og:title\" content=\"Populationsprozesse verst\u00e4ndlich erkl\u00e4rt- StudyHelp\" \/>\n<meta property=\"og:description\" content=\"Du m\u00f6chtest das Thema Populationsprozesse verstehen? Wir erkl\u00e4ren es dir Schritt f\u00fcr Schritt mit Beispielen, verst\u00e4ndlichen Erkl\u00e4rungen und Lernvideos!\" \/>\n<meta property=\"og:url\" content=\"https:\/\/www.studyhelp.de\/online-lernen\/mathe\/populationsprozesse\/\" \/>\n<meta property=\"og:site_name\" content=\"StudyHelp Online-Lernen\" \/>\n<meta property=\"article:modified_time\" content=\"2020-01-31T14:05:33+00:00\" \/>\n<meta property=\"og:image\" content=\"https:\/\/www.studyhelp.de\/online-lernen\/wp-content\/uploads\/2015\/03\/Bildschirmfoto-2016-06-01-um-12.32.45-1024x195.png\" \/>\n<meta name=\"twitter:card\" content=\"summary_large_image\" \/>\n<script type=\"application\/ld+json\" class=\"yoast-schema-graph\">{\"@context\":\"https:\/\/schema.org\",\"@graph\":[{\"@type\":\"WebSite\",\"@id\":\"https:\/\/www.studyhelp.de\/online-lernen\/#website\",\"url\":\"https:\/\/www.studyhelp.de\/online-lernen\/\",\"name\":\"StudyHelp Online-Lernen\",\"description\":\"\",\"potentialAction\":[{\"@type\":\"SearchAction\",\"target\":\"https:\/\/www.studyhelp.de\/online-lernen\/?s={search_term_string}\",\"query-input\":\"required name=search_term_string\"}],\"inLanguage\":\"de-DE\"},{\"@type\":\"ImageObject\",\"@id\":\"https:\/\/www.studyhelp.de\/online-lernen\/mathe\/populationsprozesse\/#primaryimage\",\"inLanguage\":\"de-DE\",\"url\":\"https:\/\/www.studyhelp.de\/online-lernen\/wp-content\/uploads\/2015\/03\/Bildschirmfoto-2016-06-01-um-12.32.45.png\",\"width\":1331,\"height\":254},{\"@type\":\"WebPage\",\"@id\":\"https:\/\/www.studyhelp.de\/online-lernen\/mathe\/populationsprozesse\/#webpage\",\"url\":\"https:\/\/www.studyhelp.de\/online-lernen\/mathe\/populationsprozesse\/\",\"name\":\"Populationsprozesse verst\\u00e4ndlich erkl\\u00e4rt- StudyHelp\",\"isPartOf\":{\"@id\":\"https:\/\/www.studyhelp.de\/online-lernen\/#website\"},\"primaryImageOfPage\":{\"@id\":\"https:\/\/www.studyhelp.de\/online-lernen\/mathe\/populationsprozesse\/#primaryimage\"},\"datePublished\":\"2015-03-25T20:00:07+00:00\",\"dateModified\":\"2020-01-31T14:05:33+00:00\",\"description\":\"Du m\\u00f6chtest das Thema Populationsprozesse verstehen? Wir erkl\\u00e4ren es dir Schritt f\\u00fcr Schritt mit Beispielen, verst\\u00e4ndlichen Erkl\\u00e4rungen und Lernvideos!\",\"inLanguage\":\"de-DE\",\"potentialAction\":[{\"@type\":\"ReadAction\",\"target\":[\"https:\/\/www.studyhelp.de\/online-lernen\/mathe\/populationsprozesse\/\"]}]}]}<\/script>\n<!-- \/ Yoast SEO plugin. -->","_links":{"self":[{"href":"https:\/\/www.studyhelp.de\/online-lernen\/wp-json\/wp\/v2\/pages\/78"}],"collection":[{"href":"https:\/\/www.studyhelp.de\/online-lernen\/wp-json\/wp\/v2\/pages"}],"about":[{"href":"https:\/\/www.studyhelp.de\/online-lernen\/wp-json\/wp\/v2\/types\/page"}],"author":[{"embeddable":true,"href":"https:\/\/www.studyhelp.de\/online-lernen\/wp-json\/wp\/v2\/users\/5"}],"replies":[{"embeddable":true,"href":"https:\/\/www.studyhelp.de\/online-lernen\/wp-json\/wp\/v2\/comments?post=78"}],"version-history":[{"count":12,"href":"https:\/\/www.studyhelp.de\/online-lernen\/wp-json\/wp\/v2\/pages\/78\/revisions"}],"predecessor-version":[{"id":15552,"href":"https:\/\/www.studyhelp.de\/online-lernen\/wp-json\/wp\/v2\/pages\/78\/revisions\/15552"}],"up":[{"embeddable":true,"href":"https:\/\/www.studyhelp.de\/online-lernen\/wp-json\/wp\/v2\/pages\/6291"}],"wp:attachment":[{"href":"https:\/\/www.studyhelp.de\/online-lernen\/wp-json\/wp\/v2\/media?parent=78"}],"wp:term":[{"taxonomy":"category","embeddable":true,"href":"https:\/\/www.studyhelp.de\/online-lernen\/wp-json\/wp\/v2\/categories?post=78"},{"taxonomy":"post_tag","embeddable":true,"href":"https:\/\/www.studyhelp.de\/online-lernen\/wp-json\/wp\/v2\/tags?post=78"}],"curies":[{"name":"wp","href":"https:\/\/api.w.org\/{rel}","templated":true}]}}