{"id":8,"date":"2015-03-25T20:46:39","date_gmt":"2015-03-25T19:46:39","guid":{"rendered":"https:\/\/www.studyhelp.de\/mathe\/wp\/?page_id=8"},"modified":"2021-10-01T16:10:54","modified_gmt":"2021-10-01T14:10:54","slug":"analysis-grundlagen","status":"publish","type":"page","link":"https:\/\/www.studyhelp.de\/online-lernen\/mathe\/analysis-grundlagen\/","title":{"rendered":"Grundlagen"},"content":{"rendered":"\n<h2>Wichtige Grundlagen<\/h2>\n<p><strong>Vorzeichen:<\/strong><br \/>\n+ und &#8211;<\/p>\n<p><strong>Ganze Zahlen:<\/strong><br \/>\n2, 3, 4, ..<\/p>\n<p><strong>Br\u00fcche:<\/strong><br \/>\n$\\frac{3}{4}, \\frac{7}{10}$<\/p>\n<p><strong>Buchstaben:<\/strong><br \/>\n$a,b,x,&#8230;$<\/p>\n<p><strong>Kombination:<\/strong><br \/>\n$-3x+4a$, $\\frac{3}{4}x-2,5$&#8230;l><\/p>\n<p><strong>Potenzen:<\/strong><\/p>\n<ul>\n<li>$a \\cdot a \\cdot a = a^3,\u00a0x \\cdot x \\cdot x \\cdot \u00a0x = x^4$<\/li>\n<li>Merke: $a+a+a=3a$<\/li>\n<li>Merke: $x^3+x^4$ kann man nicht weiter zusammenfassen!<\/li>\n<\/ul>\n<p><strong>Klammern ausmultiplizieren:<\/strong><br \/>\n$2\\cdot(x-3)=2x-6$<\/p>\n<p>$(x-4)^2=x^2-8x+16$ <strong>oder<\/strong> $(x-4)(x-4)=x^2-4x-4x+16=x^2-8x+16$<\/p>\n<p><strong>Binomische Formeln<\/strong><br \/>\n<strong>1.<\/strong> $(a+b)^2=a^2+2ab+b^2$<br \/>\n<strong>2.<\/strong> $(a-b)^2=a^2-2ab+b^2$<br \/>\n<strong>3.<\/strong> $(a+b)\\cdot (a-b)=a^2-b^2$<\/p>\n\n<h2>Potenzen und Potenzgesetze<\/h2>\n<p>Erfahrungen besagen, dass ca. 50 % aller Versagensf\u00e4lle von Klausuren oft auf mangelnde\u00a0Kenntnisse der Potenzgesetze zur\u00fcckzuf\u00fchrend sind. Dieses Thema ist also\u00a0au\u00dferordentlich wichtig, da wir mit Hilfe dieser Kenntnisse verschiedenste Ausdr\u00fccke\u00a0umschreiben und gegebenenfalls vereinfachen k\u00f6nnen.<\/p>\n<p><strong>Ausgangspunkt:<\/strong><\/p>\n<p><img decoding=\"async\" loading=\"lazy\" class=\" aligncenter wp-image-3945 size-full\" src=\"https:\/\/www.studyhelp.de\/online-lernen\/wp-content\/uploads\/2015\/03\/bil_potenz1.png\" alt=\"Potenzausdruck Grundlagen\" width=\"244\" height=\"97\" \/><br \/>\nbeschreibt die $n$-te Potenz von $x$.<\/p>\n<p>Im Folgenden sollen die drei fundamentalen\u00a0Potenzgesetze vorgestellt werden.<\/p>\n<p>\\begin{align*}<br \/>\n \tx^m \\cdot x^n = x^{m+n}\\\\<br \/>\n \tx^n \\cdot y^n = (xy)^n\\\\<br \/>\n \t(x^n)^m = x^{n \\cdot m}<br \/>\n\\end{align*}<\/p>\n<p><strong>Zus\u00e4tzlich sind diese Regeln zum Umschreiben von Potenzen und Wurzeln hilfreich:<\/strong><\/p>\n<p>\\begin{align*}<br \/>\n&amp; x^{-n}= \\frac{1}{x^n},  \\ \\ \\ \\ \\ \\ \\ \\ \\ \\ x^{\\frac{1}{m}} = \\sqrt[m]{x},   \\\\ \\\\<br \/>\n&amp; x^{\\frac{n}{m}} = \\sqrt[m]{x^n},\\ \\ \\ \\ \\ \\ \\ \\ \\ \\ \\frac{x^m}{x^n}=x^{m-n},   \\\\ \\\\<br \/>\n&amp;  \\frac{x^p}{y^p}= \\left( \\frac{x}{y} \\right)^p,  \\ \\ \\ \\ \\ \\ \\ \\ \\ \\  x^0 =1, \\\\ \\\\<br \/>\n&amp; \\sqrt[n]{x} \\cdot \\sqrt[n]{y} = \\sqrt[n]{xy}, \\ \\ \\ \\ \\ \\ \\ \\ \\ \\  \\sqrt[m]{\\sqrt[n]{x}} = \\sqrt[m\\cdot n]{x}<br \/>\n\\end{align*}<\/p>\n<p>Diese Zusammenh\u00e4nge m\u00fcsst ihr nicht auswendig k\u00f6nnen, aber ihr solltet sie aus den drei Potenzgesetzen ableiten k\u00f6nnen.<br \/>\nHier noch weitere Beispiele zum Umschreiben, die euch das Leben in der Klausur erleichtern werden:<\/p>\n<p>\\begin{align*}<br \/>\n&amp;\\frac{1}{x} = x^{-1}, \\ \\ \\ \\ \\ \\ \\ \\frac{1}{x^{2}} = x^{-2},\\\\ \\\\\u00a0<br \/>\n&amp;\\frac{1}{x{^3}} = x^{-3} \\frac{4}{x^{5}} = 4x^{-5}, \\ \\ \\ \\ \\ \\ \\ \\frac{7}{3x^{3}} = \\frac{7}{3}x^{-3} \\\\ \\\\<br \/>\n&amp;\\frac{70}{3x^{10}} = \\frac{70}{3} x^{-10}, \\ \\ \\ \\ \\ \\ \\ \\sqrt[3]{x} = x^{\\frac{1}{3}}  \\\\ \\\\<br \/>\n&amp;\\sqrt{x} = x^{\\frac{1}{2}} = \\sqrt[2]{x},\\ \\ \\ \\ \\ \\ \\ \\sqrt[8]{x^3} = x^{\\frac{3}{8}}  \\\\ \\\\<br \/>\n&amp;\\sqrt[4]{x^3} = x^{\\frac{3}{4}},\\ \\ \\ \\ \\ \\ \\ \\sqrt[7]{x^{5}} = x^{\\frac{5}{7}}<br \/>\n\\end{align*}<\/p>\n\n<h3>Kombination der Techniken<\/h3>\n<p>Bei dem Ausdruck $\\frac{20}{\\sqrt[3]{x}}$ sollte zun\u00e4chst die Wurzel in $\\frac{20}{x^{\\frac{1}{3}}}$ umgeschrieben werden. Dann kann der Nenner von &#8222;unten&#8220;\u00a0 nach &#8222;oben&#8220; holen: $20 x^{-\\frac{1}{3}}$. So l\u00e4sst sich meist einfacher Rechnen.<\/p>\n<div class=\"box exercise\">\n<h3>Beispiel<\/h3>\n<p>Fasse den Ausdruck so weit wie m\u00f6glich zusammen:<\/p>\n<p>\\begin{align*}<br \/>\n&amp;\\frac{7}{x} + \\sqrt[3]{x} &amp;= 7x^{-1} + x^{\\frac{1}{3}}<br \/>\n\\end{align*} <\/p>\n<\/div>\n<p>H\u00e4ufige Stolperfallen:<\/p>\n<p>\\begin{align*}<br \/>\n&amp;\\frac{x}{2}=\\frac{1}{2}x, \\ \\ \\ \\ \\frac{x}{3}=\\frac{1}{3}x, \\ \\ \\ \\ \\frac{x^3}{7}=\\frac{1}{7}x^3 \\\\ \\\\<br \/>\n&amp;\\frac{x}{a} = \\frac{1}{a} x, \\ \\ \\ \\ \\frac{3x}{a} = \\frac{3}{a} x, \\ \\ \\ \\ \\frac{x^3}{a} = \\frac{1}{a} x^3<br \/>\n\\end{align*}<\/p>\n<p><strong>Daniel erkl\u00e4rt euch das Thema Potenzen nochmal in seinem Video<\/strong><\/p>\n<div class=\"lyte-wrapper\" title=\"Rechnen (Arithmetik), Grundlagen Teil 2, Potenzgesetze, Wurzel, Bruch, Basics | Mathe by Daniel Jung\" style=\"width:420px;max-width:100%;margin:5px;\"><div class=\"lyMe\" id=\"WYL_XsaFVuNmaL0\"><div id=\"lyte_XsaFVuNmaL0\" data-src=\"https:\/\/www.studyhelp.de\/online-lernen\/wp-content\/plugins\/wp-youtube-lyte\/lyteCache.php?origThumbUrl=https%3A%2F%2Fi.ytimg.com%2Fvi%2FXsaFVuNmaL0%2Fhqdefault.jpg\" class=\"pL\"><div class=\"tC\"><div class=\"tT\">Rechnen (Arithmetik), Grundlagen Teil 2, Potenzgesetze, Wurzel, Bruch, Basics | Mathe by Daniel Jung<\/div><\/div><div class=\"play\"><\/div><div class=\"ctrl\"><div class=\"Lctrl\"><\/div><div class=\"Rctrl\"><\/div><\/div><\/div><noscript><a href=\"https:\/\/youtu.be\/XsaFVuNmaL0\" rel=\"nofollow\"><img src=\"https:\/\/www.studyhelp.de\/online-lernen\/wp-content\/plugins\/wp-youtube-lyte\/lyteCache.php?origThumbUrl=https%3A%2F%2Fi.ytimg.com%2Fvi%2FXsaFVuNmaL0%2F0.jpg\" alt=\"Rechnen (Arithmetik), Grundlagen Teil 2, Potenzgesetze, Wurzel, Bruch, Basics | Mathe by Daniel Jung\" width=\"420\" height=\"216\" \/><br \/>Dieses Video auf YouTube ansehen<\/a><\/noscript><\/div><\/div><div class=\"lL\" style=\"max-width:100%;width:420px;margin:5px;\"><\/div><br \/>\n<\/p>\n","protected":false},"excerpt":{"rendered":"<p>Wichtige Grundlagen Vorzeichen: + und &#8211; Ganze Zahlen: 2, 3, 4, .. Br\u00fcche: Buchstaben: Kombination: , &#8230;l> Potenzen: Merke: Merke: kann man nicht weiter zusammenfassen! Klammern ausmultiplizieren: oder Binomische Formeln 1. 2. 3. Potenzen und Potenzgesetze Erfahrungen besagen, dass ca. 50 % aller Versagensf\u00e4lle von Klausuren oft auf mangelnde\u00a0Kenntnisse der Potenzgesetze zur\u00fcckzuf\u00fchrend sind. Dieses Thema [&hellip;]<\/p>\n","protected":false},"author":5,"featured_media":0,"parent":6291,"menu_order":1,"comment_status":"closed","ping_status":"closed","template":"","meta":[],"categories":[15],"tags":[],"yoast_head":"<!-- This site is optimized with the Yoast SEO plugin v14.7 - https:\/\/yoast.com\/wordpress\/plugins\/seo\/ -->\n<title>Analysis Grundlagen - StudyHelp<\/title>\n<meta name=\"description\" content=\"Mathematische Grunlagen: Vorzeichen, Rechengesetze, Potenzen, Potenzgesetze. Verst\u00e4ndliche Erkl\u00e4rungen und Lernvideo passend zum Thema Mathe Grundlagen.\" \/>\n<meta name=\"robots\" content=\"index, follow\" \/>\n<meta name=\"googlebot\" content=\"index, follow, max-snippet:-1, max-image-preview:large, max-video-preview:-1\" \/>\n<meta name=\"bingbot\" content=\"index, follow, max-snippet:-1, max-image-preview:large, max-video-preview:-1\" \/>\n<link rel=\"canonical\" href=\"https:\/\/www.studyhelp.de\/online-lernen\/mathe\/analysis-grundlagen\/\" \/>\n<meta property=\"og:locale\" content=\"de_DE\" \/>\n<meta property=\"og:type\" content=\"article\" \/>\n<meta property=\"og:title\" content=\"Analysis Grundlagen - StudyHelp\" \/>\n<meta property=\"og:description\" content=\"Mathematische Grunlagen: Vorzeichen, Rechengesetze, Potenzen, Potenzgesetze. Verst\u00e4ndliche Erkl\u00e4rungen und Lernvideo passend zum Thema Mathe Grundlagen.\" \/>\n<meta property=\"og:url\" content=\"https:\/\/www.studyhelp.de\/online-lernen\/mathe\/analysis-grundlagen\/\" \/>\n<meta property=\"og:site_name\" content=\"StudyHelp Online-Lernen\" \/>\n<meta property=\"article:modified_time\" content=\"2021-10-01T14:10:54+00:00\" \/>\n<meta property=\"og:image\" content=\"https:\/\/www.studyhelp.de\/online-lernen\/wp-content\/uploads\/2015\/03\/bil_potenz1.png\" \/>\n<meta name=\"twitter:card\" content=\"summary_large_image\" \/>\n<script type=\"application\/ld+json\" class=\"yoast-schema-graph\">{\"@context\":\"https:\/\/schema.org\",\"@graph\":[{\"@type\":\"WebSite\",\"@id\":\"https:\/\/www.studyhelp.de\/online-lernen\/#website\",\"url\":\"https:\/\/www.studyhelp.de\/online-lernen\/\",\"name\":\"StudyHelp Online-Lernen\",\"description\":\"\",\"potentialAction\":[{\"@type\":\"SearchAction\",\"target\":\"https:\/\/www.studyhelp.de\/online-lernen\/?s={search_term_string}\",\"query-input\":\"required name=search_term_string\"}],\"inLanguage\":\"de-DE\"},{\"@type\":\"ImageObject\",\"@id\":\"https:\/\/www.studyhelp.de\/online-lernen\/mathe\/analysis-grundlagen\/#primaryimage\",\"inLanguage\":\"de-DE\",\"url\":\"https:\/\/www.studyhelp.de\/online-lernen\/wp-content\/uploads\/2015\/03\/bil_potenz1.png\",\"width\":244,\"height\":97},{\"@type\":\"WebPage\",\"@id\":\"https:\/\/www.studyhelp.de\/online-lernen\/mathe\/analysis-grundlagen\/#webpage\",\"url\":\"https:\/\/www.studyhelp.de\/online-lernen\/mathe\/analysis-grundlagen\/\",\"name\":\"Analysis Grundlagen - StudyHelp\",\"isPartOf\":{\"@id\":\"https:\/\/www.studyhelp.de\/online-lernen\/#website\"},\"primaryImageOfPage\":{\"@id\":\"https:\/\/www.studyhelp.de\/online-lernen\/mathe\/analysis-grundlagen\/#primaryimage\"},\"datePublished\":\"2015-03-25T19:46:39+00:00\",\"dateModified\":\"2021-10-01T14:10:54+00:00\",\"description\":\"Mathematische Grunlagen: Vorzeichen, Rechengesetze, Potenzen, Potenzgesetze. Verst\\u00e4ndliche Erkl\\u00e4rungen und Lernvideo passend zum Thema Mathe Grundlagen.\",\"inLanguage\":\"de-DE\",\"potentialAction\":[{\"@type\":\"ReadAction\",\"target\":[\"https:\/\/www.studyhelp.de\/online-lernen\/mathe\/analysis-grundlagen\/\"]}]}]}<\/script>\n<!-- \/ Yoast SEO plugin. -->","_links":{"self":[{"href":"https:\/\/www.studyhelp.de\/online-lernen\/wp-json\/wp\/v2\/pages\/8"}],"collection":[{"href":"https:\/\/www.studyhelp.de\/online-lernen\/wp-json\/wp\/v2\/pages"}],"about":[{"href":"https:\/\/www.studyhelp.de\/online-lernen\/wp-json\/wp\/v2\/types\/page"}],"author":[{"embeddable":true,"href":"https:\/\/www.studyhelp.de\/online-lernen\/wp-json\/wp\/v2\/users\/5"}],"replies":[{"embeddable":true,"href":"https:\/\/www.studyhelp.de\/online-lernen\/wp-json\/wp\/v2\/comments?post=8"}],"version-history":[{"count":76,"href":"https:\/\/www.studyhelp.de\/online-lernen\/wp-json\/wp\/v2\/pages\/8\/revisions"}],"predecessor-version":[{"id":16850,"href":"https:\/\/www.studyhelp.de\/online-lernen\/wp-json\/wp\/v2\/pages\/8\/revisions\/16850"}],"up":[{"embeddable":true,"href":"https:\/\/www.studyhelp.de\/online-lernen\/wp-json\/wp\/v2\/pages\/6291"}],"wp:attachment":[{"href":"https:\/\/www.studyhelp.de\/online-lernen\/wp-json\/wp\/v2\/media?parent=8"}],"wp:term":[{"taxonomy":"category","embeddable":true,"href":"https:\/\/www.studyhelp.de\/online-lernen\/wp-json\/wp\/v2\/categories?post=8"},{"taxonomy":"post_tag","embeddable":true,"href":"https:\/\/www.studyhelp.de\/online-lernen\/wp-json\/wp\/v2\/tags?post=8"}],"curies":[{"name":"wp","href":"https:\/\/api.w.org\/{rel}","templated":true}]}}