{"id":8129,"date":"2018-06-12T09:43:36","date_gmt":"2018-06-12T07:43:36","guid":{"rendered":"http:\/\/online-lernen.studyhelp.rocks\/?page_id=8129"},"modified":"2020-06-26T11:17:13","modified_gmt":"2020-06-26T09:17:13","slug":"epik","status":"publish","type":"page","link":"https:\/\/www.studyhelp.de\/online-lernen\/deutsch\/epik\/","title":{"rendered":"Epik"},"content":{"rendered":"<p>Die Epik gilt als eine der drei gro\u00dfen literarischen Gattungen. Im folgenden Artikel lernst du alles rund um epische Textformen wie z.B. die Kurzgeschichte, das M\u00e4rchen oder den Roman. Wir stellen dir alle Erz\u00e4hlformen aus der Epik vor und helfen dir dabei Analysen zu epischen Texten zu verfassen.<\/p>\n<p>An dieser Stelle sei nochmal darauf hingewiesen, dass kein Text der Epik sich streng an die hier genannten Merkmale h\u00e4lt. Viele Autoren greifen Traditionen auf, modernisieren sie oder brechen bewusst mit ihnen um eine Wirkung zu erzeugen.<\/p>\n<p><strong>Epik &#8211; Inhaltsangabe<\/strong><\/p>\n<ul>\n<li><a href=\"#epik-textform\">Epik Textformen<\/a>\n<ul>\n<li><a href=\"#die-kurzgeschichte\">Die Kurzgeschichte<\/a><\/li>\n<li><a href=\"#die-novelle\">Die Novelle<\/a><\/li>\n<li><a href=\"#das-m\u00e4rchen\">Das M\u00e4rchen<\/a><\/li>\n<li><a href=\"#der-roman\">Der Roman<\/a><\/li>\n<li><a href=\"#die-fabel\">Die Fabel<\/a><\/li>\n<\/ul>\n<\/li>\n<li><a href=\"#zusammenfassung\">Epik &#8211; \u00dcbersicht Textformen<\/a><\/li>\n<\/ul>\n<hr \/>\n<h2 id=\"epik-textformen\" class=\"anchor\">Epik Textformen<\/h2>\n<p><strong>Schau dir zum Einstieg in das Thema Epik das Lernvideo von der Merkhilfe an!<\/strong><\/p>\n<div class=\"lyte-wrapper\" style=\"width:420px;max-width:100%;margin:5px;\"><div class=\"lyMe\" id=\"WYL_v1r6ah1xKr8\"><div id=\"lyte_v1r6ah1xKr8\" data-src=\"https:\/\/www.studyhelp.de\/online-lernen\/wp-content\/plugins\/wp-youtube-lyte\/lyteCache.php?origThumbUrl=%2F%2Fi.ytimg.com%2Fvi%2Fv1r6ah1xKr8%2Fhqdefault.jpg\" class=\"pL\"><div class=\"tC\"><div class=\"tT\"><\/div><\/div><div class=\"play\"><\/div><div class=\"ctrl\"><div class=\"Lctrl\"><\/div><div class=\"Rctrl\"><\/div><\/div><\/div><noscript><a href=\"https:\/\/youtu.be\/v1r6ah1xKr8\" rel=\"nofollow\"><img src=\"https:\/\/www.studyhelp.de\/online-lernen\/wp-content\/plugins\/wp-youtube-lyte\/lyteCache.php?origThumbUrl=https%3A%2F%2Fi.ytimg.com%2Fvi%2Fv1r6ah1xKr8%2F0.jpg\" alt=\"YouTube-Video-Thumbnail\" width=\"420\" height=\"216\" \/><br \/>Dieses Video auf YouTube ansehen<\/a><\/noscript><\/div><\/div><div class=\"lL\" style=\"max-width:100%;width:420px;margin:5px;\"><\/div><br \/>\n<\/p>\n<h3 id=\"die-kurzgeschichte\" class=\"anchor\">Die Kurzgeschichte<\/h3>\n<p>Die Kurzgeschichte geh\u00f6rt zu den bekanntesten Textformen, die der Epik zugeh\u00f6rig sind. In der Schule geh\u00f6ren sie zu den beliebtesten Themen der Lehrer, da sie eine klare und nachvollziehbare Struktur- sowie klar definierbare Eigenschaften nachweisen und sich leicht in Klassenarbeiten und Klausuren einbauen lassen.<\/p>\n<p>Kurzgeschichten besitzen eine klare Struktur, die sich anhand folgender Punkte darstellen l\u00e4sst:<\/p>\n<div class=\"box info\">\n<strong>Eigenschaften von Kurzgeschichten<\/strong><\/p>\n<ul>\n<li>Textlich kurz gefasste Geschichte<\/li>\n<li>Chronologische Erz\u00e4hlreihenfolge<\/li>\n<li>Direkter Einstieg ins Geschehen<\/li>\n<li>Charaktere werden nicht\/gering vorgestellt<\/li>\n<li>Wenig Hauptfiguren<\/li>\n<li>Handlung der Geschichte ist \u00fcberschaubar\n<ul>\n<li>Behandlung von allt\u00e4glich Themen<\/li>\n<li>Zeitlicher Handlungsrahmen begrenzt<\/li>\n<\/ul>\n<\/li>\n<li>Kaum\/Keine Zeitspr\u00fcnge innerhalb der Geschichte<\/li>\n<li>Orte der Handlung oftmals unbekannt<\/li>\n<li>Unvorhersehbare Wendung am Ende der Geschichte<\/li>\n<\/ul>\n<\/div>\n<p><strong>Schau dir zum Thema Kurzgeschichte die Zusammenfassung von Die Merkhilfe an!<\/strong><\/p>\n<div class=\"lyte-wrapper\" title=\"Merkmale einer Kurzgeschichte - Textsorten einfach erkl&auml;rt - Deutsch\" style=\"width:420px;max-width:100%;margin:5px;\"><div class=\"lyMe\" id=\"WYL_-AaS5y_VZ5g\"><div id=\"lyte_-AaS5y_VZ5g\" data-src=\"https:\/\/www.studyhelp.de\/online-lernen\/wp-content\/plugins\/wp-youtube-lyte\/lyteCache.php?origThumbUrl=https%3A%2F%2Fi.ytimg.com%2Fvi%2F-AaS5y_VZ5g%2Fhqdefault.jpg\" class=\"pL\"><div class=\"tC\"><div class=\"tT\">Merkmale einer Kurzgeschichte - Textsorten einfach erkl\u00e4rt - Deutsch<\/div><\/div><div class=\"play\"><\/div><div class=\"ctrl\"><div class=\"Lctrl\"><\/div><div class=\"Rctrl\"><\/div><\/div><\/div><noscript><a href=\"https:\/\/youtu.be\/-AaS5y_VZ5g\" rel=\"nofollow\"><img src=\"https:\/\/www.studyhelp.de\/online-lernen\/wp-content\/plugins\/wp-youtube-lyte\/lyteCache.php?origThumbUrl=https%3A%2F%2Fi.ytimg.com%2Fvi%2F-AaS5y_VZ5g%2F0.jpg\" alt=\"Merkmale einer Kurzgeschichte - Textsorten einfach erkl&auml;rt - Deutsch\" width=\"420\" height=\"216\" \/><br \/>Dieses Video auf YouTube ansehen<\/a><\/noscript><\/div><\/div><div class=\"lL\" style=\"max-width:100%;width:420px;margin:5px;\"><\/div><br \/>\n<\/p>\n<p>Wie ihr den Stichpunkten entnehmen k\u00f6nnt ist eine Kurzgeschichte anhand Ihrer Eigenschaften leicht zu identifizieren.<br \/>\nBesonders auff\u00e4llig sind die wenig \u00fcbermittelten Informationen \u00fcber Personen, Zeit, Orte und Umst\u00e4nde der Geschichte. Der Leser wird direkt ins Geschehen gerissen, was der Kurzgeschichte einen unverkennbaren Charakter an Schnelligkeit gibt.<\/p>\n<p>Wenig Informationen ergeben einen gro\u00dfen Interpretationsspielraum. Hinzu kommt die h\u00e4ufige Nutzung von sprachlichen Mitteln, die Autoren clever einbauen, um die Leser zum mitdenken anzuregen.<\/p>\n<p>Weiter unten auf dieser Seite findest du Schnelltipps zur Analyse von epischen Texten. Falls du eine ausf\u00fchrliche Erkl\u00e4rung zu diesem Thema suchst, findest du sie du auf unserer <a href=\"https:\/\/www.studyhelp.de\/online-lernen\/deutsch\/textanalyse\/\">Textanalyse<\/a> Seite.<\/p>\n<hr \/>\n<h3 id=\"die-novelle\" class=\"anchor\">Die Novelle<\/h3>\n<p>Die Novelle als Kleingattung der Epik setzt es sich als Ziel etwas Neues zu beschreiben. Das \u201eNeu\u201c (lat. novus) tritt in diesem Kontext auf unterschiedlichste Weise auf. Eine neue Wendung innerhalb der Handlung oder auch eine neue Form der Erz\u00e4hlweise einer Geschichte. Goethe beschrieb die Novelle als Teil der Epik etwas pr\u00e4ziser. Goethe sagt, dass in Novellen eine unerh\u00f6rte Begebenheit passiert. Hier sei Vorsicht geboten: \u201eunerh\u00f6rt\u201c meint hier das Neue, das Unbekannte, das Einmalige oder auch nie Geh\u00f6rtes.<\/p>\n<p>Ein gutes Beispiel ist hier Heinrich von Kleists Die Marquise von O. Das Unerh\u00f6rte besteht darin, dass die besagte Marquise als Adelige eine Zeitungsannonce aufgibt. In dieser sie nach dem Vater ihres ungeborenen Kindes sucht.<\/p>\n<div class=\"box info\"><br \/>\n<strong>Eigenschaften einer Novelle<\/strong><\/p>\n<ul>\n<li>Ziel der Novelle: etwas Neues beschreiben<\/li>\n<li>Das &#8222;Neue&#8220; ist meist etwas au\u00dfergew\u00f6hnliches, was nicht erwartet wird<\/li>\n<li>Handlung erz\u00e4hlt aus dem allt\u00e4glichen Leben<\/li>\n<li>Wenige Protagonisten<\/li>\n<li>Es werden kaum neue Charaktere im Laufe der Geschichte vorgestellt<\/li>\n<li>Charaktere werden kaum vorgestellt<\/li>\n<li>Handlung der Novelle ist \u00fcberschaubar<\/li>\n<li>Zeitspr\u00fcnge innerhalb der Handlung \u00fcblich<\/li>\n<\/ul>\n<\/div><br \/>\n<div class=\"study-deutsch-fullwidth\" id=\"study-362667752\"><div class=\"ad fullwidth lernheft amz\">\r\n    <div class=\"inner\">\r\n        <div class=\"txt\">\r\n            <span class=\"firstline\">Unser Lernheft zum Deutsch-Abi'22<\/span>\r\n\t\t\t<span class=\"secondline\">Erkl\u00e4rungen + Klausuren + L\u00f6sungen!<\/span>\r\n           <!-- <div class=\"stars\">\r\n                <i class=\"fas fa-star\"><\/i>\r\n                <i class=\"fas fa-star\"><\/i>\r\n                <i class=\"fas fa-star\"><\/i>\r\n                <i class=\"fas fa-star\"><\/i>\r\n                <i class=\"fas fa-star-half\"><\/i>\r\n            <\/div>\r\n            <div class=\"stars-counter\">\r\n                <small>4,5 von 5 Sternen<\/small>\r\n            <\/div>-->\r\n        <\/div>\r\n        <div class=\"btn-container\">\r\n            <a class=\"btn orange\" target=\"_blank\" href=\"%link%\"><img src=\"https:\/\/www.studyhelp.de\/online-lernen\/wp-content\/uploads\/2018\/06\/amz.png\" alt=\"Jetzt kaufen\" title=\"Jetzt kaufen\" \/><span>Auf Amazon ansehen<\/span><\/a>\r\n        <\/div>\r\n        <div class=\"media\">\r\n            <div class=\"img\">\r\n                <img src=\"https:\/\/www.studyhelp.de\/online-lernen\/wp-content\/uploads\/2018\/07\/deutsch-abiturvorbereitung.png\" alt=\"Deutsch Abiturvorbereitung\" title=\"Deutsch Abiturvorbereitung\" \/>\r\n            <\/div>\r\n        <\/div>\r\n    <\/div>\r\n    <div class=\"figure circle\"><\/div>\r\n    <div class=\"figure circle2\"><\/div>\r\n    <div class=\"figure square\"><\/div>\r\n    <div class=\"figure triangle\"><\/div>\r\n   <div class=\"label red\"><p>15,99\u20ac<\/p><\/div>\r\n<\/div><\/div><\/p>\n<hr \/>\n<h3 id=\"das-m\u00e4rchen\" class=\"anchor\">Das M\u00e4rchen<\/h3>\n<p>Eine weitere Textform aus der Epik ist das M\u00e4rchen.<\/p>\n<p>M\u00e4rchen stammen aus dem Volksmund. Ihr Inhalt bezieht sich im Gegensatz zur Sage oder Legende auf nicht reale Ereignisse und Orte. Im M\u00e4rchen gibt es keine uns bekannten L\u00e4nder, jedoch finden sich parallelen zu den uns bekannten Kulturen. H\u00e4ufig ist die Rede von einem weit entfernten K\u00f6nigreich, in dem es Prinzen, Prinzessinnen, K\u00f6nige, K\u00f6niginnen oder Hexen gibt.<\/p>\n<p>Eine weitere Eigenschaft des M\u00e4rchens ist das Vorkommen von phantastischen Elementen: gute Feen, b\u00f6se Feen, ein ewiger Schlaf oder auch Kn\u00fcppel, die von selbst aus einem Sack kommen und unliebsame Menschen verpr\u00fcgeln &#8211; der Fantasie scheinen in M\u00e4rchen keine Grenzen gesetzt zu sein. M\u00e4rchen haben in der Regel eine positive Aufl\u00f6sung, in der die Heldenfigur eine gro\u00dfe Belohnung erh\u00e4lt und der Antagonist f\u00fcr ewig gestraft wird.<\/p>\n<div class=\"box info\">\n<strong>Eigenschaften von M\u00e4rchen<\/strong><\/p>\n<ul>\n<li>M\u00e4rchen beziehen sich nicht auf wahre Begebenheiten<\/li>\n<li>Stammen oftmals aus dem Volksmund<\/li>\n<li>Hauptfiguren reichen vom armen b\u00e4uerlichen M\u00e4dchen bis hin zum sch\u00f6nen Prinzen<\/li>\n<li>Vorkommnis von phantastischen Elementen wie z.B. Feen, Drachen, Zauberei, sprechende Tiere uvm.<\/li>\n<li>&#8222;Es war einmal&#8230;&#8220; wird oft als Einstieg in das M\u00e4rchen gew\u00e4hlt<\/li>\n<li>Am Ende des M\u00e4rchens wendet sich alles zum Guten<\/li>\n<li>Orte entspringen der Phantasie des Autors<\/li>\n<li>Zeitspr\u00fcnge innerhalb der Handlung \u00fcblich<\/li>\n<li>Autor oft unbekannt<\/li>\n<li>Es kommen noch viele weitere Eigenschaften vor, die nicht aufgelistet wurden<\/li>\n<\/ul>\n<\/div>\n<hr \/>\n<h3 id=\"der-roman\" class=\"anchor\">Der Roman<\/h3>\n<p>Der Roman ist mittlerweile im literarischen Mainstream angekommen. Dabei hatte er zu Beginn einen schwierigen Start: In Romanen beschriebene Abenteuer und Liebesgeschichten galten als unmoralisch. Selbst Schiller \u00e4u\u00dferte sich seinerseits negativ \u00fcber diese epische Gattung. Er denunzierte sie als dem gemeinen Leben zu nahe. Erst mit dem Beginn des 19. Jahrhunderts wurde davon abgesehen, die Eigenschaften des Romans als negativ zu verkennen. Die N\u00e4he zur Gesellschaft wird inzwischen positiv ausgelegt und als Chance zur Authentizit\u00e4t begriffen.<\/p>\n<p>Durch die Erfindung des Buchdrucks gelangten viele Romane in einfache Haushalte. Gew\u00f6hnliche Menschen bekamen durch die schnelle Verbreitung von Romanen die M\u00f6glichkeit sich mit diesen auseinanderzusetzen. Dies war in der damaligen Zeit kaum M\u00f6glich, da viele Werke mangels fehlender Exemplare vorgelesen wurden. Durch den Buchdruck war es nun m\u00f6glich sich mit dem Buch in der Hand im Stillen mit der Geschichte auseinander setzen. Durch die Abenteuer und Liebesgeschichten entfachte der Roman einen Ruck, der durch die ganze Gesellschaft ging. Menschen zogen sich Inspiration und Mut aus der Literatur, was eine ganze Epoche pr\u00e4gte.<\/p>\n<div class=\"box info\">\n<strong>Eigenschaften von Romanen<\/strong><\/p>\n<ul>\n<li>Romane werden in Prosa und nicht in Verse geschrieben<\/li>\n<li>Handelt oftmals von Abenteuer- und Liebesgeschichten<\/li>\n<li>Handlung ist fiktional<\/li>\n<li>Freiheit in Form von Romanen erlaubt komplexe Werke (sprich: Umfangreiche Handlung)<\/li>\n<li>Komplexit\u00e4t spiegelt sich durch viele Charaktere in der Geschichte wider<\/li>\n<li>Geschrieben in verst\u00e4ndlicher Sprache<\/li>\n<li>Romane sind fiktionale Texte der Epik<\/li>\n<li>Erz\u00e4hlen von Konflikt zwischen einzelner Person und Gesellschaft<\/li>\n<\/ul>\n<\/div>\n<hr \/>\n<h3 id=\"die-fabel\" class=\"anchor\">Die Fabel<\/h3>\n<p>Eine weitere Textsorte aus der Epik ist die Fabel. Diese Gattung \u00e4hnelt dem M\u00e4rchen, weist bei genauerem Hinsehen jedoch Unterschiede auf. In der Fabel und dem M\u00e4rchen existieren ausschlie\u00dflich fiktive Handlungsort und die Vermittlung von moralischen Werten ist eine der wichtigsten Botschaften der Geschichte.<br \/>\nUnterschiede finden sich dagegen in der Ausgestaltung der Handelnden Charkakte. Tierwesen werden in der Fabel durch menschliche Charakterz\u00fcge vermenschlicht. F\u00fcchse sind meist clever und hinterlistig. L\u00e4mmer gelten in der Fabel als schwach und unschuldig. Der Grund f\u00fcr die Vermenschlichung der Tierwesen liegt in der Angst der Autoren vom Adel verfolgt zu werden. H\u00e4ufig werden in der Fabel moralische Werte vermittelt, die Kritik am Adel \u00fcbten.<\/p>\n<div class=\"study-deutsch-fullwidth\" id=\"study-2136895673\"><div class=\"ad fullwidth lernheft amz\">\r\n    <div class=\"inner\">\r\n        <div class=\"txt\">\r\n            <span class=\"firstline\">Unser Lernheft zum Deutsch-Abi'22<\/span>\r\n\t\t\t<span class=\"secondline\">Erkl\u00e4rungen + Klausuren + L\u00f6sungen!<\/span>\r\n           <!-- <div class=\"stars\">\r\n                <i class=\"fas fa-star\"><\/i>\r\n                <i class=\"fas fa-star\"><\/i>\r\n                <i class=\"fas fa-star\"><\/i>\r\n                <i class=\"fas fa-star\"><\/i>\r\n                <i class=\"fas fa-star-half\"><\/i>\r\n            <\/div>\r\n            <div class=\"stars-counter\">\r\n                <small>4,5 von 5 Sternen<\/small>\r\n            <\/div>-->\r\n        <\/div>\r\n        <div class=\"btn-container\">\r\n            <a class=\"btn orange\" target=\"_blank\" href=\"%link%\"><img src=\"https:\/\/www.studyhelp.de\/online-lernen\/wp-content\/uploads\/2018\/06\/amz.png\" alt=\"Jetzt kaufen\" title=\"Jetzt kaufen\" \/><span>Auf Amazon ansehen<\/span><\/a>\r\n        <\/div>\r\n        <div class=\"media\">\r\n            <div class=\"img\">\r\n                <img src=\"https:\/\/www.studyhelp.de\/online-lernen\/wp-content\/uploads\/2018\/07\/deutsch-abiturvorbereitung.png\" alt=\"Deutsch Abiturvorbereitung\" title=\"Deutsch Abiturvorbereitung\" \/>\r\n            <\/div>\r\n        <\/div>\r\n    <\/div>\r\n    <div class=\"figure circle\"><\/div>\r\n    <div class=\"figure circle2\"><\/div>\r\n    <div class=\"figure square\"><\/div>\r\n    <div class=\"figure triangle\"><\/div>\r\n   <div class=\"label red\"><p>15,99\u20ac<\/p><\/div>\r\n<\/div><\/div>\n<h2 id=\"zusammenfassung\" class=\"anchor\">Epik &#8211; Textsorten<\/h2>\n<div class=\"Table\">\n<div class=\"Table-row Table-header\">\n<div class=\"Table-row-item\">Textsorte<\/div>\n<div class=\"Table-row-item\">Erkl\u00e4rung<\/div>\n<\/div>\n<div class=\"Table-row\">\n<div class=\"Table-row-item\">\n<p><strong>Anekdote<\/strong> grch. an\u00e9kdoton = Nicht herausgegeben<\/p>\n<\/div>\n<div class=\"Table-row-item\">\n<p>Sonderbare Begebenheit aus dem Leben einer Person. Oft humorvoll gestaltet und endet mit einer Pointe. Anekdoten sind meist kurze Geschichten, die auf das wesentliche reduziert sind und Charaktere in ihren extremeren Verhaltensmustern darstellen.<\/p>\n<\/div>\n<\/div>\n<div class=\"Table-row\">\n<div class=\"Table-row-item\">\n<p><strong>Fabel<\/strong> lat. fabula = Erz\u00e4hlung\/Geschichte<\/p>\n<\/div>\n<div class=\"Table-row-item\">\n<p>Eine kurze Erz\u00e4hlung mit einer didaktischen (=belehrenden) Intention. Protagonisten sind meistens personifizierte Tiere, wobei jedes einzelne von ihnen f\u00fcr einen gewissen Charakterzug stehen. Beispiele:<\/p>\n<ul>\n<li>Fuchs f\u00fcr Intelligenz und Hinterlistigkeit<\/li>\n<li>Esel f\u00fcr Faulheit<\/li>\n<li>L\u00f6we f\u00fcr Stolz, Macht und Gefahr<\/li>\n<li>Lamm f\u00fcr Unschuld und Wehrlosigkeit<\/li>\n<\/ul>\n<\/div>\n<\/div>\n<div class=\"Table-row\">\n<div class=\"Table-row-item\">\n<p><strong>Kurzgeschichte<\/strong><\/p>\n<\/div>\n<div class=\"Table-row-item\">\n<p>Erz\u00e4hlung mit relativ kurzer Handlung, die mitten im Geschehen einsetzt. Greift in aller Regel Themen der Gegenwart auf und eine Handlung beinhaltet, die mehrere Interpretationsm\u00f6glichkeiten zul\u00e4sst.<\/p>\n<\/div>\n<\/div>\n<div class=\"Table-row\">\n<div class=\"Table-row-item\">\n<p><strong>M\u00e4rchen<\/strong> mhd. maere = Bericht\/Kunde<\/p>\n<\/div>\n<div class=\"Table-row-item\">\n<p>Relativ kurze Erz\u00e4hlung mit fantastischen Elementen (Magie, Zauber etc.), die der reinen Unterhaltung dienen. M\u00e4rchen haben bis heute Bestand, da sie Jahrhundertelang m\u00fcndlich \u00fcberliefert und von den Gebr\u00fcder Grimm im Jahr 1812 gesammelt und ver\u00f6ffentlicht wurden. Charakteristisch ist der Anfang \u201eEs war einmal\u2026\u201c und der Schluss \u201e\u2026und wenn sich nicht gestorben sind, dann leben sie noch heute.\u201c<\/p>\n<\/div>\n<\/div>\n<div class=\"Table-row\">\n<div class=\"Table-row-item\">\n<p><strong>Novelle<\/strong> lat. novus, it. novella = Neuigkeit<\/p>\n<\/div>\n<div class=\"Table-row-item\">\n<p>K\u00fcrzere bis \u201emittellange\u201c (H. v. Aust) Erz\u00e4hlung, die meistens ein \u201eunerh\u00f6rtes Ereignis\u201c und eine straffe Handlungsf\u00fchrung mit Wechsel zwischen Zeitraffung und Zeitdehnung beinhaltet. Novellen besitzen in Abgrenzung zur Kurzgeschichte eine geschlossene Form mit Exposition und Aufl\u00f6sung. Beinhalten ein Leitmotiv oder -Symbol, welches sich durch die gesamte Geschichte hindurch zieht.<\/p>\n<\/div>\n<\/div>\n<div class=\"Table-row\">\n<div class=\"Table-row-item\">\n<p><strong>Parabel<\/strong> grch. parabol\u0113 = Gegen\u00fcberstellung<\/p>\n<\/div>\n<div class=\"Table-row-item\">\n<p>Eine kurze Erz\u00e4hlung, die wie auch die Fabel eine didaktische Intention beinhaltet. Charakteristisch sind f\u00fcr Parabeln die Sachebene der Handlung und die Bildebene, die den Leser zur Interpretation anregen soll. Anders als bei der Fabel sind die Protagonisten in dieser Textform Menschen und die Moral wird im Text selbst nicht preisgegeben.<\/p>\n<\/div>\n<\/div>\n<div class=\"Table-row\">\n<div class=\"Table-row-item\">\n<p><strong>Parodie<\/strong> grch. Par\u014dd\u00eda = Gegenlied<\/p>\n<\/div>\n<div class=\"Table-row-item\">\n<p>Die Parodie ist eine gezielte Umwandlung eines bereits bestehenden Textes. Sie soll durch \u00dcbertreibungen und ironischen Elementen dessen Schw\u00e4chen aufdecken und seinen Inhalt kritisieren. Dabei wird in der Regel der Inhalt aufgegriffen und ins L\u00e4cherliche gezogen.<\/p>\n<\/div>\n<\/div>\n<div class=\"Table-row\">\n<div class=\"Table-row-item\">\n<p><strong>Roman<\/strong> frz. roman = Erz\u00e4hlung in Versen &amp; Prosa<\/p>\n<\/div>\n<div class=\"Table-row-item\">\n<p>Die am breitesten aufgestellte Textsorte der heutigen Zeit. Beinhaltet fast alle l\u00e4ngeren Erz\u00e4hlungen und hat sich mit Fortschreiten der Zeit immer weiter gewandelt.<\/p>\n<\/div>\n<\/div>\n<div class=\"Table-row\">\n<div class=\"Table-row-item\">\n<p><strong>Sage<\/strong> ahd. saga = Gesagtes<\/p>\n<\/div>\n<div class=\"Table-row-item\">\n<p>Kurze Erz\u00e4hlung mit fantastischen Elementen. M\u00fcndlich \u00fcberliefert und in aller Regel oft bearbeitet und aufgegriffen (z. B. Odyssee von Homer). Anders als das M\u00e4rchen bezieht sich die Sage auf reale Orte und Zeitpunkte.<\/p>\n<\/div>\n<\/div>\n<div class=\"Table-row\">\n<div class=\"Table-row-item\">\n<p><strong>Satire<\/strong> grch. satura = D\u00e4mon, Faun o. schwanger; grch. a saturis = gef\u00fcllte Schale; grch. saturio = Idiot<\/p>\n<\/div>\n<div class=\"Table-row-item\">\n<p>Die Satire in der Literatur ist eine Erz\u00e4hlung, die mit der Hilfe von unterschwelligem Spott politische Missst\u00e4nde aufdecket. Sie bedient sich dabei der Ironie, sowie Zynismus und Sarkasmus. Greift nicht selten auch auf humoristische Elemente zur\u00fcck.<\/p>\n<\/div>\n<\/div>\n<div class=\"Table-row\">\n<div class=\"Table-row-item\">\n<p><strong>Sprichw\u00f6rter<\/strong><\/p>\n<\/div>\n<div class=\"Table-row-item\">\n<p>Kurzer Lehrsatz mit einer Lebensweisheit.<\/p>\n<\/div>\n<\/div>\n<\/div>\n","protected":false},"excerpt":{"rendered":"<p>Die Epik gilt als eine der drei gro\u00dfen literarischen Gattungen. Im folgenden Artikel lernst du alles rund um epische Textformen wie z.B. die Kurzgeschichte, das M\u00e4rchen oder den Roman. Wir stellen dir alle Erz\u00e4hlformen aus der Epik vor und helfen dir dabei Analysen zu epischen Texten zu verfassen. An dieser Stelle sei nochmal darauf hingewiesen, [&hellip;]<\/p>\n","protected":false},"author":3,"featured_media":0,"parent":8123,"menu_order":0,"comment_status":"closed","ping_status":"closed","template":"","meta":[],"categories":[30],"tags":[],"yoast_head":"<!-- This site is optimized with the Yoast SEO plugin v14.7 - https:\/\/yoast.com\/wordpress\/plugins\/seo\/ -->\n<title>Epik Merkmale - \u00dcbersicht epischer Texte - StudyHelp Online-Lernen<\/title>\n<meta name=\"description\" content=\"Zur Epik z\u00e4hlen Texte wie die Kurzgeschichte, der Roman, das M\u00e4rchen, die Fabel oder die Novelle. Wir geben dir eine genaue \u00dcbersicht \u00fcber die Epik.\" \/>\n<meta name=\"robots\" content=\"index, follow\" \/>\n<meta name=\"googlebot\" content=\"index, follow, max-snippet:-1, max-image-preview:large, max-video-preview:-1\" \/>\n<meta name=\"bingbot\" content=\"index, follow, max-snippet:-1, max-image-preview:large, max-video-preview:-1\" \/>\n<link rel=\"canonical\" href=\"https:\/\/www.studyhelp.de\/online-lernen\/deutsch\/epik\/\" \/>\n<meta property=\"og:locale\" content=\"de_DE\" \/>\n<meta property=\"og:type\" content=\"article\" \/>\n<meta property=\"og:title\" content=\"Epik Merkmale - \u00dcbersicht epischer Texte - StudyHelp Online-Lernen\" \/>\n<meta property=\"og:description\" content=\"Zur Epik z\u00e4hlen Texte wie die Kurzgeschichte, der Roman, das M\u00e4rchen, die Fabel oder die Novelle. Wir geben dir eine genaue \u00dcbersicht \u00fcber die Epik.\" \/>\n<meta property=\"og:url\" content=\"https:\/\/www.studyhelp.de\/online-lernen\/deutsch\/epik\/\" \/>\n<meta property=\"og:site_name\" content=\"StudyHelp Online-Lernen\" \/>\n<meta property=\"article:modified_time\" content=\"2020-06-26T09:17:13+00:00\" \/>\n<meta name=\"twitter:card\" content=\"summary_large_image\" \/>\n<script type=\"application\/ld+json\" class=\"yoast-schema-graph\">{\"@context\":\"https:\/\/schema.org\",\"@graph\":[{\"@type\":\"WebSite\",\"@id\":\"https:\/\/www.studyhelp.de\/online-lernen\/#website\",\"url\":\"https:\/\/www.studyhelp.de\/online-lernen\/\",\"name\":\"StudyHelp Online-Lernen\",\"description\":\"\",\"potentialAction\":[{\"@type\":\"SearchAction\",\"target\":\"https:\/\/www.studyhelp.de\/online-lernen\/?s={search_term_string}\",\"query-input\":\"required name=search_term_string\"}],\"inLanguage\":\"de-DE\"},{\"@type\":\"WebPage\",\"@id\":\"https:\/\/www.studyhelp.de\/online-lernen\/deutsch\/epik\/#webpage\",\"url\":\"https:\/\/www.studyhelp.de\/online-lernen\/deutsch\/epik\/\",\"name\":\"Epik Merkmale - \\u00dcbersicht epischer Texte - StudyHelp Online-Lernen\",\"isPartOf\":{\"@id\":\"https:\/\/www.studyhelp.de\/online-lernen\/#website\"},\"datePublished\":\"2018-06-12T07:43:36+00:00\",\"dateModified\":\"2020-06-26T09:17:13+00:00\",\"description\":\"Zur Epik z\\u00e4hlen Texte wie die Kurzgeschichte, der Roman, das M\\u00e4rchen, die Fabel oder die Novelle. Wir geben dir eine genaue \\u00dcbersicht \\u00fcber die Epik.\",\"inLanguage\":\"de-DE\",\"potentialAction\":[{\"@type\":\"ReadAction\",\"target\":[\"https:\/\/www.studyhelp.de\/online-lernen\/deutsch\/epik\/\"]}]}]}<\/script>\n<!-- \/ Yoast SEO plugin. -->","_links":{"self":[{"href":"https:\/\/www.studyhelp.de\/online-lernen\/wp-json\/wp\/v2\/pages\/8129"}],"collection":[{"href":"https:\/\/www.studyhelp.de\/online-lernen\/wp-json\/wp\/v2\/pages"}],"about":[{"href":"https:\/\/www.studyhelp.de\/online-lernen\/wp-json\/wp\/v2\/types\/page"}],"author":[{"embeddable":true,"href":"https:\/\/www.studyhelp.de\/online-lernen\/wp-json\/wp\/v2\/users\/3"}],"replies":[{"embeddable":true,"href":"https:\/\/www.studyhelp.de\/online-lernen\/wp-json\/wp\/v2\/comments?post=8129"}],"version-history":[{"count":65,"href":"https:\/\/www.studyhelp.de\/online-lernen\/wp-json\/wp\/v2\/pages\/8129\/revisions"}],"predecessor-version":[{"id":15975,"href":"https:\/\/www.studyhelp.de\/online-lernen\/wp-json\/wp\/v2\/pages\/8129\/revisions\/15975"}],"up":[{"embeddable":true,"href":"https:\/\/www.studyhelp.de\/online-lernen\/wp-json\/wp\/v2\/pages\/8123"}],"wp:attachment":[{"href":"https:\/\/www.studyhelp.de\/online-lernen\/wp-json\/wp\/v2\/media?parent=8129"}],"wp:term":[{"taxonomy":"category","embeddable":true,"href":"https:\/\/www.studyhelp.de\/online-lernen\/wp-json\/wp\/v2\/categories?post=8129"},{"taxonomy":"post_tag","embeddable":true,"href":"https:\/\/www.studyhelp.de\/online-lernen\/wp-json\/wp\/v2\/tags?post=8129"}],"curies":[{"name":"wp","href":"https:\/\/api.w.org\/{rel}","templated":true}]}}