{"id":8457,"date":"2018-06-15T11:05:43","date_gmt":"2018-06-15T09:05:43","guid":{"rendered":"https:\/\/www.studyhelp.de\/online-lernen\/?page_id=8457"},"modified":"2018-11-07T16:39:05","modified_gmt":"2018-11-07T15:39:05","slug":"dramatik","status":"publish","type":"page","link":"https:\/\/www.studyhelp.de\/online-lernen\/deutsch\/dramatik\/","title":{"rendered":"Dramatik"},"content":{"rendered":"<p>Der Begriff Dramatik hat, wie die Epik auch, im heutigen Sprachgebrauch einen Wandel erfahren. W\u00e4hrend \u201eepisches\u201c heutzutage etwas sehr umfangreiches und positiv Bewertetes beschreibt, wird die Bezeichnung \u201eDrama\u201c oder seine Adjektivform \u201edramatisch\u201c vor allem dann verwendet, wenn etwas Negatives passiert (\u201edramatische Wendung\u201c), oder man eine Problemstellung vorfindet, die schier unl\u00f6sbar scheint. <\/p>\n<p>Fr\u00f6hliche Werke mit lustigen Elementen bezeichnet man von daher als Kom\u00f6die. Sie sind in der Regel leichter zu ertragen und nehmen ein gutes Ende. Demgegen\u00fcber steht das Drama, welches sich mit ernstzunehmenden Themen besch\u00e4ftigt und die Protagonisten durch schwierige Zeiten begleitet, und auch nicht immer ein positives Ende nimmt. Aber wenn Kom\u00f6die und Drama etwas Grundverschiedenes sind, warum hei\u00dft dieses Kapitel, welches sich aller Formen der theatralischen Darbietung widmet, dann \u201eDramatik\u201c? <\/p>\n<p>Als Einf\u00fchrung und \u00dcbersicht zum Thema Dramatik solltest du dir das Lernvideo von Die Merkhilfe anschauen!<\/p>\n<div class=\"lyte-wrapper\" style=\"width:420px;max-width:100%;margin:5px;\"><div class=\"lyMe\" id=\"WYL_qNb0zBdqn14\"><div id=\"lyte_qNb0zBdqn14\" data-src=\"https:\/\/www.studyhelp.de\/online-lernen\/wp-content\/plugins\/wp-youtube-lyte\/lyteCache.php?origThumbUrl=%2F%2Fi.ytimg.com%2Fvi%2FqNb0zBdqn14%2Fhqdefault.jpg\" class=\"pL\"><div class=\"tC\"><div class=\"tT\"><\/div><\/div><div class=\"play\"><\/div><div class=\"ctrl\"><div class=\"Lctrl\"><\/div><div class=\"Rctrl\"><\/div><\/div><\/div><noscript><a href=\"https:\/\/youtu.be\/qNb0zBdqn14\" rel=\"nofollow\"><img src=\"https:\/\/www.studyhelp.de\/online-lernen\/wp-content\/plugins\/wp-youtube-lyte\/lyteCache.php?origThumbUrl=https%3A%2F%2Fi.ytimg.com%2Fvi%2FqNb0zBdqn14%2F0.jpg\" alt=\"YouTube-Video-Thumbnail\" width=\"420\" height=\"216\" \/><br \/>Dieses Video auf YouTube ansehen<\/a><\/noscript><\/div><\/div><div class=\"lL\" style=\"max-width:100%;width:420px;margin:5px;\"><\/div><\/p>\n<h2 class=\"anchor\" id=\"dramatik-grundlagen\">Dramatik Grundlagen<\/h2>\n<p>Das griechische Wort \u201edrama\u201c bedeutet so viel wie \u201eHandlung\u201c. Handlung bedeutet in dem Kontext der Daramatik so viel wie eine Nachahmung der Realit\u00e4t. <\/p>\n<p>Aber wie unterscheidet sich Dramatik von der Epik, in der auch eine Handlung beschrieben wird? Hier darf man nicht in zu komplizierten Dimensionen denken: Dramen sind in der Regel nicht nur daf\u00fcr gedacht gelesen-, sondern auch aufgef\u00fchrt zu werden. <\/p>\n<p>Texte aus der Epik \u00fcberliefern eine Handlung, w\u00e4hrend Texte aus der Dramatik Schauspieler und B\u00fchnenbilder in geschriebener Form \u00fcberliefern.<br \/>\nDie Charaktere eines Dramas, auch Darsteller genannt, handeln in &#8222;echt&#8220;. Anders als in der Epik ist in der Dramatik jede einzelne Figur in sich geschlossen. Es gibt keinen Erz\u00e4hler, der \u00fcber der Handlung schwebt. <\/p>\n<p>Umrandet wird die Auff\u00fchrung der Darsteller mit einer Szenerie. Diese umfasst nicht nur das B\u00fchnenbild, sondern auch Licht, Kost\u00fcme und akustische Elemente.  Auch hier wird ein gro\u00dfer Unterschied zur Epik deutlich: W\u00e4hrend bei der Epik lediglich der visuelle (beim Lesen), oder der akustische Reiz (beim Zuh\u00f6ren), bedient wird, vereint die Dramatik all diese Sinne in einem eigenst\u00e4ndigen Erlebnis.<\/p>\n<p>Dramatik ist nicht etwas grunds\u00e4tzlich Trauriges, sondern umschreibt jede Form der Darbietung eines dramatischen Texts. Zu diesen Texten z\u00e4hlen z.B. Dramentexten wie Iphigenie auf Tauris von Goethe, Kabale und Liebe von Schiller oder Andorra von Max Frisch.<\/p>\n<div class=\"box info\">\n<h3>Dramatik Fakten<\/h3>\n<p>Dramatische Texte&#8230;<\/p>\n<ul>\n<li> dienen urspr\u00fcnglich zur Auff\u00fchrung.<\/li>\n<li> haben keinen Erz\u00e4hler.<\/li>\n<li> beschreiben nicht immer etwas &#8222;negatives&#8220;.<\/li>\n<li> ahmen die Realit\u00e4t nach. <\/li>\n<\/ul>\n<\/div>\n<div class=\"study-deutsch-fullwidth\" id=\"study-962880541\"><div class=\"ad fullwidth lernheft amz\">\r\n    <div class=\"inner\">\r\n        <div class=\"txt\">\r\n            <span class=\"firstline\">Unser Lernheft zum Deutsch-Abi'22<\/span>\r\n\t\t\t<span class=\"secondline\">Erkl\u00e4rungen + Klausuren + L\u00f6sungen!<\/span>\r\n           <!-- <div class=\"stars\">\r\n                <i class=\"fas fa-star\"><\/i>\r\n                <i class=\"fas fa-star\"><\/i>\r\n                <i class=\"fas fa-star\"><\/i>\r\n                <i class=\"fas fa-star\"><\/i>\r\n                <i class=\"fas fa-star-half\"><\/i>\r\n            <\/div>\r\n            <div class=\"stars-counter\">\r\n                <small>4,5 von 5 Sternen<\/small>\r\n            <\/div>-->\r\n        <\/div>\r\n        <div class=\"btn-container\">\r\n            <a class=\"btn orange\" target=\"_blank\" href=\"%link%\"><img src=\"https:\/\/www.studyhelp.de\/online-lernen\/wp-content\/uploads\/2018\/06\/amz.png\" alt=\"Jetzt kaufen\" title=\"Jetzt kaufen\" \/><span>Auf Amazon ansehen<\/span><\/a>\r\n        <\/div>\r\n        <div class=\"media\">\r\n            <div class=\"img\">\r\n                <img src=\"https:\/\/www.studyhelp.de\/online-lernen\/wp-content\/uploads\/2018\/07\/deutsch-abiturvorbereitung.png\" alt=\"Deutsch Abiturvorbereitung\" title=\"Deutsch Abiturvorbereitung\" \/>\r\n            <\/div>\r\n        <\/div>\r\n    <\/div>\r\n    <div class=\"figure circle\"><\/div>\r\n    <div class=\"figure circle2\"><\/div>\r\n    <div class=\"figure square\"><\/div>\r\n    <div class=\"figure triangle\"><\/div>\r\n   <div class=\"label red\"><p>15,99\u20ac<\/p><\/div>\r\n<\/div><\/div>\n<h2 class=\"anchor\" id=\"aufbau-eines-dramas\">Aufbau eines Dramas <\/h2>\n<p>Woran erkennt man ein Drama? Neben den auf den ersten Blick erkennbaren optischen Offensichtlichkeiten wie z.B. detailreich ausgeschriebene Dialogform geschrieben gibt es noch weitere Elemente, die den Aufbau eines Dramas bestimmen.<\/p>\n<p>Das wohl wichtigste Merkmal des (traditionellen) Dramas ist die Unterteilung in Akte und Szenen. <\/p>\n<div class=\"box info\">\n<h3>N\u00fctzliche Info<\/h3>\n<p>Der Begriff \u201eAkt\u201c entspringt dem lateinischen Wort \u201eactus\u201c , was sich als \u201eTat\u201c oder \u201eHandlung\u201c \u00fcbersetzen l\u00e4sst. Der Begriff Szene stammt vom griechischen \u201eSkene\u201c ab, was so viel wie \u201eZelt\u201c bedeutet und damals auch als Synonym f\u00fcr \u201eB\u00fchnenbild\u201c galt.  <\/p>\n<\/div>\n<h3>1. Akt<\/h3>\n<p>Eine Tradition, die sich zu gewissen Teilen noch bis heute gehalten hat, ist die Funktion der jeweiligen Akte eines St\u00fcckes. In der Regel beginnt ein Drama mit einem Prolog, dort stellt ein Charakter, der nicht immer Teil des Dramas selbst sein muss, die Problematik und manchmal auch ihre L\u00f6sung vor. Im ersten Akt werden alle wichtigen Charaktere vorgestellt und Konflikt offenbart, die in sp\u00e4teren Akten tiefgehender thematisiert werden. <\/p>\n<h3>2. &#038; 3. Akt<\/h3>\n<p>Die Handlung des St\u00fcckes erf\u00e4hrt im zweiten Akt eine erste Steigerung: die Charaktere handeln, die Hauptfigur erlebt erste Probleme und alles deutet auf einen H\u00f6hepunkt hin.<br \/>\nDieser wird im 3. Akt erreicht, welcher eine gro\u00dfe negative Auswirkung auf die Handlung hat. Hier k\u00f6nnen wichtige Nebencharaktere sterben, der Protagonist einen wichtigen Gegenstand verlieren, oder eine gro\u00dfe Konfrontation aller Charaktere stattfinden. <\/p>\n<h3>4. Akt<\/h3>\n<p>Nach dem H\u00f6hepunkt schl\u00e4gt die Handlung im 4. Akt um und f\u00e4llt in seiner Handlung (Peripetie). Der Umschwung kann ein kurzer Lichtblick des Protagonisten sein, eine Hoffnung darauf, dass es besser wird, oder einfach nur ein planloses Umherwandern ohne einen klaren Ausgang.<\/p>\n<h3>5. Akt<\/h3>\n<p>Im 5. und letzten Akt des Dramas kommt dann die Aufl\u00f6sung der Situation. In der Trag\u00f6die endet es in der Regel in einer Katastrophe, ein schlechtes Ende, der Tod des Protagonisten oder einer ihm nahestehenden Person (oder wie im Falle von William Shakespeares Hamlet, mit dem Tod des ganzen Personals). Aber es kann sich auch zum positiven wenden, in dem eine L\u00e4uterung stattfindet. Der\/die Charakter\/e sehen ihre Verfehlungen ein und treffen eine Entscheidung, die das Leben aller rettet und verbessert.    <\/p>\n<div class=\"box info\">\n<p>Wichtig: Nicht alle Autoren unterteilen Dramen in Akt und Szene. Max Frisch verfolgt in seinen Dramen einen anderen Ansatz, als er \u00fcblich ist. Er unterteilt nicht in Akte oder Szenen, sondern jeder Handlungsabschnitt ist als Bild betitelt, bei denen die Abschnitte zwischen ihnen als Vordergrund bezeichnet werden. Hier wird dem Leser oder auch dem Produzenten, der das Material verarbeiten muss, ein gr\u00f6\u00dferer interpretatorischer Spielraum geboten. Es gibt zahlreiche andere Varianten, und mit der Zeit werden wahrscheinlich viele weitere hinzukommen. Entscheidend ist nur, diese ungew\u00f6hnlichen Einteilungen als solche wahrzunehmen und sie sinnvoll in den Kontext einzuordnen. Warum steht das dort so geschrieben? Welchen Sinn macht das f\u00fcr das Drama oder das, was das Drama ausdr\u00fccken will?<\/p>\n<\/div>\n<div class=\"study-deutsch-fullwidth\" id=\"study-2515479287\"><div class=\"ad fullwidth lernheft amz\">\r\n    <div class=\"inner\">\r\n        <div class=\"txt\">\r\n            <span class=\"firstline\">Unser Lernheft zum Deutsch-Abi'22<\/span>\r\n\t\t\t<span class=\"secondline\">Erkl\u00e4rungen + Klausuren + L\u00f6sungen!<\/span>\r\n           <!-- <div class=\"stars\">\r\n                <i class=\"fas fa-star\"><\/i>\r\n                <i class=\"fas fa-star\"><\/i>\r\n                <i class=\"fas fa-star\"><\/i>\r\n                <i class=\"fas fa-star\"><\/i>\r\n                <i class=\"fas fa-star-half\"><\/i>\r\n            <\/div>\r\n            <div class=\"stars-counter\">\r\n                <small>4,5 von 5 Sternen<\/small>\r\n            <\/div>-->\r\n        <\/div>\r\n        <div class=\"btn-container\">\r\n            <a class=\"btn orange\" target=\"_blank\" href=\"%link%\"><img src=\"https:\/\/www.studyhelp.de\/online-lernen\/wp-content\/uploads\/2018\/06\/amz.png\" alt=\"Jetzt kaufen\" title=\"Jetzt kaufen\" \/><span>Auf Amazon ansehen<\/span><\/a>\r\n        <\/div>\r\n        <div class=\"media\">\r\n            <div class=\"img\">\r\n                <img src=\"https:\/\/www.studyhelp.de\/online-lernen\/wp-content\/uploads\/2018\/07\/deutsch-abiturvorbereitung.png\" alt=\"Deutsch Abiturvorbereitung\" title=\"Deutsch Abiturvorbereitung\" \/>\r\n            <\/div>\r\n        <\/div>\r\n    <\/div>\r\n    <div class=\"figure circle\"><\/div>\r\n    <div class=\"figure circle2\"><\/div>\r\n    <div class=\"figure square\"><\/div>\r\n    <div class=\"figure triangle\"><\/div>\r\n   <div class=\"label red\"><p>15,99\u20ac<\/p><\/div>\r\n<\/div><\/div>\n","protected":false},"excerpt":{"rendered":"<p>Der Begriff Dramatik hat, wie die Epik auch, im heutigen Sprachgebrauch einen Wandel erfahren. W\u00e4hrend \u201eepisches\u201c heutzutage etwas sehr umfangreiches und positiv Bewertetes beschreibt, wird die Bezeichnung \u201eDrama\u201c oder seine Adjektivform \u201edramatisch\u201c vor allem dann verwendet, wenn etwas Negatives passiert (\u201edramatische Wendung\u201c), oder man eine Problemstellung vorfindet, die schier unl\u00f6sbar scheint. Fr\u00f6hliche Werke mit lustigen [&hellip;]<\/p>\n","protected":false},"author":3,"featured_media":0,"parent":8123,"menu_order":0,"comment_status":"closed","ping_status":"closed","template":"","meta":[],"categories":[30],"tags":[],"yoast_head":"<!-- This site is optimized with the Yoast SEO plugin v14.7 - https:\/\/yoast.com\/wordpress\/plugins\/seo\/ -->\n<title>Dramatik als literarische Gattung - StudyHelp Online-Lernen<\/title>\n<meta name=\"description\" content=\"Dramatik, Epik und Lyrik. Drei gro\u00dfe literarische Gattungen, die wir f\u00fcr euch auf StudyHelp Online-Lernen verst\u00e4ndlich aufgearbeitet haben.\" \/>\n<meta name=\"robots\" content=\"index, follow\" \/>\n<meta name=\"googlebot\" content=\"index, follow, max-snippet:-1, max-image-preview:large, max-video-preview:-1\" \/>\n<meta name=\"bingbot\" content=\"index, follow, max-snippet:-1, max-image-preview:large, max-video-preview:-1\" \/>\n<link rel=\"canonical\" href=\"https:\/\/www.studyhelp.de\/online-lernen\/deutsch\/dramatik\/\" \/>\n<meta property=\"og:locale\" content=\"de_DE\" \/>\n<meta property=\"og:type\" content=\"article\" \/>\n<meta property=\"og:title\" content=\"Dramatik als literarische Gattung - StudyHelp Online-Lernen\" \/>\n<meta property=\"og:description\" content=\"Dramatik, Epik und Lyrik. Drei gro\u00dfe literarische Gattungen, die wir f\u00fcr euch auf StudyHelp Online-Lernen verst\u00e4ndlich aufgearbeitet haben.\" \/>\n<meta property=\"og:url\" content=\"https:\/\/www.studyhelp.de\/online-lernen\/deutsch\/dramatik\/\" \/>\n<meta property=\"og:site_name\" content=\"StudyHelp Online-Lernen\" \/>\n<meta property=\"article:modified_time\" content=\"2018-11-07T15:39:05+00:00\" \/>\n<meta name=\"twitter:card\" content=\"summary_large_image\" \/>\n<script type=\"application\/ld+json\" class=\"yoast-schema-graph\">{\"@context\":\"https:\/\/schema.org\",\"@graph\":[{\"@type\":\"WebSite\",\"@id\":\"https:\/\/www.studyhelp.de\/online-lernen\/#website\",\"url\":\"https:\/\/www.studyhelp.de\/online-lernen\/\",\"name\":\"StudyHelp Online-Lernen\",\"description\":\"\",\"potentialAction\":[{\"@type\":\"SearchAction\",\"target\":\"https:\/\/www.studyhelp.de\/online-lernen\/?s={search_term_string}\",\"query-input\":\"required name=search_term_string\"}],\"inLanguage\":\"de-DE\"},{\"@type\":\"WebPage\",\"@id\":\"https:\/\/www.studyhelp.de\/online-lernen\/deutsch\/dramatik\/#webpage\",\"url\":\"https:\/\/www.studyhelp.de\/online-lernen\/deutsch\/dramatik\/\",\"name\":\"Dramatik als literarische Gattung - StudyHelp Online-Lernen\",\"isPartOf\":{\"@id\":\"https:\/\/www.studyhelp.de\/online-lernen\/#website\"},\"datePublished\":\"2018-06-15T09:05:43+00:00\",\"dateModified\":\"2018-11-07T15:39:05+00:00\",\"description\":\"Dramatik, Epik und Lyrik. Drei gro\\u00dfe literarische Gattungen, die wir f\\u00fcr euch auf StudyHelp Online-Lernen verst\\u00e4ndlich aufgearbeitet haben.\",\"inLanguage\":\"de-DE\",\"potentialAction\":[{\"@type\":\"ReadAction\",\"target\":[\"https:\/\/www.studyhelp.de\/online-lernen\/deutsch\/dramatik\/\"]}]}]}<\/script>\n<!-- \/ Yoast SEO plugin. -->","_links":{"self":[{"href":"https:\/\/www.studyhelp.de\/online-lernen\/wp-json\/wp\/v2\/pages\/8457"}],"collection":[{"href":"https:\/\/www.studyhelp.de\/online-lernen\/wp-json\/wp\/v2\/pages"}],"about":[{"href":"https:\/\/www.studyhelp.de\/online-lernen\/wp-json\/wp\/v2\/types\/page"}],"author":[{"embeddable":true,"href":"https:\/\/www.studyhelp.de\/online-lernen\/wp-json\/wp\/v2\/users\/3"}],"replies":[{"embeddable":true,"href":"https:\/\/www.studyhelp.de\/online-lernen\/wp-json\/wp\/v2\/comments?post=8457"}],"version-history":[{"count":12,"href":"https:\/\/www.studyhelp.de\/online-lernen\/wp-json\/wp\/v2\/pages\/8457\/revisions"}],"predecessor-version":[{"id":11343,"href":"https:\/\/www.studyhelp.de\/online-lernen\/wp-json\/wp\/v2\/pages\/8457\/revisions\/11343"}],"up":[{"embeddable":true,"href":"https:\/\/www.studyhelp.de\/online-lernen\/wp-json\/wp\/v2\/pages\/8123"}],"wp:attachment":[{"href":"https:\/\/www.studyhelp.de\/online-lernen\/wp-json\/wp\/v2\/media?parent=8457"}],"wp:term":[{"taxonomy":"category","embeddable":true,"href":"https:\/\/www.studyhelp.de\/online-lernen\/wp-json\/wp\/v2\/categories?post=8457"},{"taxonomy":"post_tag","embeddable":true,"href":"https:\/\/www.studyhelp.de\/online-lernen\/wp-json\/wp\/v2\/tags?post=8457"}],"curies":[{"name":"wp","href":"https:\/\/api.w.org\/{rel}","templated":true}]}}