{"id":8480,"date":"2018-06-15T15:27:23","date_gmt":"2018-06-15T13:27:23","guid":{"rendered":"https:\/\/www.studyhelp.de\/online-lernen\/?page_id=8480"},"modified":"2026-03-06T10:56:11","modified_gmt":"2026-03-06T09:56:11","slug":"charakterisierung","status":"publish","type":"page","link":"https:\/\/www.studyhelp.de\/online-lernen\/deutsch\/charakterisierung\/","title":{"rendered":"Charakterisierung"},"content":{"rendered":"<p>Die Charakterisierung ist eine typische Aufgabe f\u00fcr das Fach Deutsch in der Schule. Hier geht es darum, eine Beschreibung zu literarischen Figuren oder aber echten Personen zu geben. Innerhalb der Charakterisierung fasst du die zentralen charakterlichen Eigenschaften einer Figur beziehungsweise Person zusammen, um ein m\u00f6glichst detailliertes Bild \u00fcber sie liefern.<\/p>\n<ul>\n<li><a href=\"#ziel-der-charakterisierung\">Ziel der Charakterisierung<\/a><\/li>\n<li><a href=\"#vorbereitung-der-charakterisierung\">Vorbereitung der Charakterisierung<\/a><\/li>\n<li><a href=\"#aufbau-der-Charakterisierung\">Aufbau der Charakterisierung<\/a>\n<ul>\n<li><a href=\"#einleitung\">Einleitung<\/a><\/li>\n<li><a href=\"#hauptteil\">Hauptteil<\/a><\/li>\n<li><a href=\"#schlussteil\">Schlussteil<\/a><\/li>\n<\/ul>\n<\/li>\n<li><a href=\"#unterscheidung-charakterisierung-und-personenbeschreibung\">Unterscheidung Charakterisierung und Personenbeschreibung<\/a><\/li>\n<li><a href=\"#tipps-und-tricks-f\u00fcr-deine-charakterisierung\">Tipps und Tricks f\u00fcr deine Charakterisierung<\/a>\n<ul>\n<li><a href=\"#der-rote-faden\">Der rote Faden<\/a><\/li>\n<li><a href=\"#die-information\">Die Information<\/a><\/li>\n<\/ul>\n<\/li>\n<\/ul>\n<p>Nachfolgend betrachten wir, wie eine Charakterisierung aufgebaut ist und wie du sie mit Leichtigkeit verfassen kannst. <\/p>\n<div class=\"box info\">\n<h3>Wissenswertes zur Charakterisierung<\/h3>\n<p>Das Wort Charakter kommt vom Griechischen \u03c7\u03b1\u03c1\u03b1\u03ba\u03c4\u03ae\u03c1 charakter und bedeutet so viel wie \u201cPr\u00e4gestempel\u201d oder \u00fcbertragen auch \u201cEigenart\u201d. Du kannst dir also merken, dass wir mithilfe der Charakterisierung die pr\u00e4genden Eigenschaften beziehungsweise Eigenarten einer Person analysieren.<\/p>\n<\/div>\n<div class=\"study-deutsch-fullwidth\" id=\"study-388935936\"><div class=\"ad fullwidth lernheft amz\">\r\n    <div class=\"inner\">\r\n        <div class=\"txt\">\r\n            <span class=\"firstline\">Unser Lernheft zum Deutsch-Abi'22<\/span>\r\n\t\t\t<span class=\"secondline\">Erkl\u00e4rungen + Klausuren + L\u00f6sungen!<\/span>\r\n           <!-- <div class=\"stars\">\r\n                <i class=\"fas fa-star\"><\/i>\r\n                <i class=\"fas fa-star\"><\/i>\r\n                <i class=\"fas fa-star\"><\/i>\r\n                <i class=\"fas fa-star\"><\/i>\r\n                <i class=\"fas fa-star-half\"><\/i>\r\n            <\/div>\r\n            <div class=\"stars-counter\">\r\n                <small>4,5 von 5 Sternen<\/small>\r\n            <\/div>-->\r\n        <\/div>\r\n        <div class=\"btn-container\">\r\n            <a class=\"btn orange\" target=\"_blank\" href=\"%link%\"><img src=\"https:\/\/www.studyhelp.de\/online-lernen\/wp-content\/uploads\/2018\/06\/amz.png\" alt=\"Jetzt kaufen\" title=\"Jetzt kaufen\" \/><span>Auf Amazon ansehen<\/span><\/a>\r\n        <\/div>\r\n        <div class=\"media\">\r\n            <div class=\"img\">\r\n                <img src=\"https:\/\/www.studyhelp.de\/online-lernen\/wp-content\/uploads\/2018\/07\/deutsch-abiturvorbereitung.png\" alt=\"Deutsch Abiturvorbereitung\" title=\"Deutsch Abiturvorbereitung\" \/>\r\n            <\/div>\r\n        <\/div>\r\n    <\/div>\r\n    <div class=\"figure circle\"><\/div>\r\n    <div class=\"figure circle2\"><\/div>\r\n    <div class=\"figure square\"><\/div>\r\n    <div class=\"figure triangle\"><\/div>\r\n   <div class=\"label red\"><p>15,99\u20ac<\/p><\/div>\r\n<\/div><\/div>\n<hr>\n<h2 class=\"anchor\" id=\"ziel-der-charakterisierung\">Ziel einer Charakterisierung<\/h2>\n<p>Bevor wir uns an den Aufbau der Charakterisierung machen, schauen wir uns kurz an, welches Ziel sie verfolgt.<\/p>\n<p>Eine Charakterisierung macht es m\u00f6glich, die <strong>wesentlichen \u00e4u\u00dferen und inneren Merkmale einer Person<\/strong> herauszuarbeiten und darzustellen. Dabei spielt es keine Rolle, ob diese Person eine fiktive Figur in einem literarischen Text ist oder eine reale Person in einem Sachtext. Dies hilft sowohl dir als auch dem Leser deiner Charakterisierung dabei, die bedeutenden Eigenschaften einer Person zu erkennen und ihr Handeln nachzuvollziehen.<\/p>\n<p>Im Rahmen von Textanalysen hilft die Charakterisierung der Hauptfiguren zudem dabei, wichtige Aspekte des Texts herauszuarbeiten und getroffene Aussagen zu st\u00fctzen beziehungsweise zu widerlegen. Somit tr\u00e4gt die Charakterisierung dazu bei, deine Textanalyse ausf\u00fchrlicher zu gestalten und abzurunden.<\/p>\n<p>Schau dir zum Einstieg das Lernvideo von der Merkhilfe zum Thema Charakterisierung an!<\/p>\n<div class=\"lyte-wrapper\" title=\"Wie schreibe ich eine Charakterisierung \/ Portr&auml;t? - Literarische Charakterisierung\" style=\"width:420px;max-width:100%;margin:5px;\"><div class=\"lyMe\" id=\"WYL_zNl55Lcjp3A\"><div id=\"lyte_zNl55Lcjp3A\" data-src=\"https:\/\/www.studyhelp.de\/online-lernen\/wp-content\/plugins\/wp-youtube-lyte\/lyteCache.php?origThumbUrl=https%3A%2F%2Fi.ytimg.com%2Fvi%2FzNl55Lcjp3A%2Fhqdefault.jpg\" class=\"pL\"><div class=\"tC\"><div class=\"tT\">Wie schreibe ich eine Charakterisierung \/ Portr\u00e4t? - Literarische Charakterisierung<\/div><\/div><div class=\"play\"><\/div><div class=\"ctrl\"><div class=\"Lctrl\"><\/div><div class=\"Rctrl\"><\/div><\/div><\/div><noscript><a href=\"https:\/\/youtu.be\/zNl55Lcjp3A\" rel=\"nofollow\"><img src=\"https:\/\/www.studyhelp.de\/online-lernen\/wp-content\/plugins\/wp-youtube-lyte\/lyteCache.php?origThumbUrl=https%3A%2F%2Fi.ytimg.com%2Fvi%2FzNl55Lcjp3A%2F0.jpg\" alt=\"Wie schreibe ich eine Charakterisierung \/ Portr&auml;t? - Literarische Charakterisierung\" width=\"420\" height=\"216\" \/><br \/>Dieses Video auf YouTube ansehen<\/a><\/noscript><\/div><\/div><div class=\"lL\" style=\"max-width:100%;width:420px;margin:5px;\"><\/div><br \/>\n<\/p>\n<hr>\n<h2 class=\"anchor\" id=\"vorbereitung-der-charakterisierung\">Vorbereitung der Charakterisierung<\/h3>\n<p>Zu Beginn jedes textbezogenen Aufsatzes solltest du den Ausgangstext mehrfach gr\u00fcndlich lesen. Achte beim ersten Lesen vor allem auf Kernaussagen und Auff\u00e4lligkeiten. Geh den Text f\u00fcr deine Charakterisierung anschlie\u00dfend erneut durch und fokussiere dich auf alle Aussagen und Textstellen, die dir beim Verfassen deines Texts behilflich sein k\u00f6nnen.<\/p>\n<p>Es empfiehlt sich, relevante Textpassagen farbig zu markieren, um sie w\u00e4hrend des Schreibens leichter wiederzufinden. Hast du es schon einmal mit Color-Coding probiert? Markiere hierzu alle \u00e4u\u00dferlichen Charaktermerkmale in einer Farbe und alle inneren in einer zweiten. Unterscheide nach Bedarf weiter nach Gef\u00fchlen, Gedanken usw.<\/p>\n<p>Wenn du gen\u00fcgend Zeit hast, kannst du die markierten Textstellen auf einem Schmierzettel notieren. Dieser Schritt hilft dir dabei, die wichtigen Merkmale zu sortieren und entsprechend deines roten Fadens zu ordnen. Dies mag dir als zus\u00e4tzliche Arbeit vorkommen, erleichtert aber in der Regel den Schreibprozess ungemein.<\/p>\n<p>Nimm dir die Zeit, W\u00f6rter nachzuschlagen, die du nicht kennst. Diese k\u00f6nnten f\u00fcr die Analyse der Charaktereigenschaften von Bedeutung sein. Deshalb solltest du sie nicht unbeachtet lassen.<\/p>\n<p>Die Beweisf\u00fchrung<\/p>\n<p>Es ist von gr\u00f6\u00dfter Wichtigkeit, dass du alle in deinem Text getroffenen Aussagen \u00fcber die zu charakterisierende Person anhand von Textstellen belegst. <\/p>\n<p>Du kannst die Merkmale in Form von Zitaten in deine Charakterisierung einbauen. Dies sollte aber nicht zu oft geschehen, um dem Leser einen guten Lesefluss zu erm\u00f6glichen. Alternativ kannst du die entsprechenden Merkmale in deinen eigenen Worten wiedergeben, indem du die Textstellen umformulierst. Vergiss hierbei nicht, den entsprechenden Verweis hinten anzuh\u00e4ngen.<\/p>\n<div class=\"box exercise\">\n<h3>Beispiel<\/h3>\n<p><strong>Auf Seite 21, Zeile 6 erfahren wir:<\/strong><\/p>\n<p>\u201eIn diesem Moment kroch die Angst in ihm empor und ihm blieb die Luft weg. \u201eWarum bin ich so? Wieso macht mir alles Angst?\u201c, fragte er sich leise murmelnd. <\/strong><\/p>\n<p>F\u00fcr die Charakterisierung hei\u00dft das: <\/p>\n<p>Bei der m\u00e4nnlichen Figur handelt es sich um eine dauerhaft \u00e4ngstliche Person (S. 21, Z. 6f)<br \/>\n<\/div>\n<hr>\n<h2 class=\"anchor\" id=\"aufbau-der-Charakterisierung\">Aufbau der Charakterisierung<\/h2>\n<p>Wie alle anderen Aufs\u00e4tze im Fach Deutsch, weist auch die Charakterisierung eine spezifische Form auf. Wir schauen uns deshalb nachfolgend an, mit welchem Ger\u00fcst du deine Charakterisierung optimal st\u00fctzt.<\/p>\n<h3 class=\"anchor\" id=\"einleitung\">Charakterisierung &#8211; Einleitung<\/h3>\n<p>Die Einleitung der Charakterisierung nutzt du, um den Leser an den Inhalt des Ausgangstexts sowie dein Vorhaben heranzuf\u00fchren. Achte darauf, verst\u00e4ndlich zu formulieren und fasse dich kurz und informativ.<\/p>\n<p>Mit Bezug auf den Ausgangstext nennst du in der Einleitung den Titel des Texts, den Autor, das Erscheinungsdatum und die Textsorte. Gegebenenfalls kannst du au\u00dferdem eine literaturgeschichtliche Einordnung vornehmen. Dies demonstriert deine Kenntnis \u00fcber wichtige Literaturepochen.<\/p>\n<p>Nenne in der Einleitung das Kernthema des Texts und versorge den Leser mit einer kurzen Inhaltsangabe. Vergiss nicht zu erw\u00e4hnen, welche Figur du nachfolgend charakterisieren wirst. <\/p>\n<div class=\"box exercise\">\n<h3>Beispiel<\/h3>\n<p>\u201eDon Karlos, Infant von Spanien\u201c ist ein Drama von Friedrich Schiller aus dem Jahr 1787 und l\u00e4sst sicher der Literaturepoche Sturm und Drang zuordnen. Die Trag\u00f6die handelt von&#8230;.<br \/>\nNachfolgend wird die Figur der Prinzessin von Eboli charakterisiert.<br \/>\n<\/div>\n<h3 class=\"anchor\" id=\"hauptteil\">Charakterisierung &#8211; Hauptteil<\/h3>\n<p>Im Hauptteil arbeitest du alle wichtigen Charaktereigenschaften heraus. <strong>Hierbei beginnst du mit den \u00e4u\u00dferen Merkmalen und leitest anschlie\u00dfend zu den innerlichen Aspekten \u00fcber<\/strong>. Auf diese Weise schaffst du einen roten Faden, der von gr\u00f6beren Merkmalen zu detaillierten f\u00fchrt.<\/p>\n<p>\u00c4u\u00dfere Merkmale sind hierbei:<\/p>\n<ul>\n<li>Name und Alter der Person<\/li>\n<li>Beruf und Herkunft<\/li>\n<li>pers\u00f6nliche Geschichte<\/li>\n<li>\u00e4u\u00dfere Lebensumst\u00e4nde wie Wohnort, Zeit und gesellschaftliche Stellung<\/li>\n<li>K\u00f6rperbau und Merkmale wie Augenfarbe, Haarfarbe, Gesichtsz\u00fcge<\/li>\n<li>Auff\u00e4lligkeiten in der Gestik und Mimik<\/li>\n<li>Besonderheiten in der Sprache wie Dialekt, Soziolekt oder auff\u00e4llige Wortwahl<\/li>\n<li>Verhalten und Verhaltensmuster<\/li>\n<li>Interaktion mit anderen Personen<\/li>\n<li>famili\u00e4re, freundschaftliche und intime Beziehungen<\/li>\n<\/ul>\n<p>Innere Merkmale k\u00f6nnen folgende sein:<\/p>\n<ul>\n<li>Gedanken<\/li>\n<li>Emotionen<\/li>\n<li>Eigenschaften (sensibel, munter, skeptisch, j\u00e4hzornig, etc.)<\/li>\n<li>Vorlieben <\/li>\n<li>\u00c4ngste<\/li>\n<li>Ideologien \/ Einstellungen<\/li>\n<li>Absichten<\/li>\n<\/ul>\n<p>Um den Hauptteil abzuschlie\u00dfen, kannst du aus den obigen Merkmalen eine au\u00dferdem eine charakterliche Entwicklung herausarbeiten. Sollte sich die Person deiner Meinung nach nicht entwickeln, ist auch dieser statische Aspekt nennenswert. <\/p>\n<h3 class=\"anchor\" id=\"schlussteil\">Charakterisierung &#8211; Schlussteil<\/h3>\n<p>Im Schluss deiner Charakterisierung betrachtest du die Person im Gesamtbild. Du kannst hervorheben, wie sie sich im Gesamtwerk einordnet und welche Entwicklung sie erkennen l\u00e4sst. Je nach Aufgabenstellung ist hier Platz f\u00fcr eine pers\u00f6nliche Bewertung der Person beziehungsweise f\u00fcr eine kritische Auseinandersetzung mit ihrem Charakter.<\/p>\n<hr>\n<h2 class=\"anchor\" id=\"unterscheidung-charakterisierung-und-personenbeschreibung\">Unterscheidung Charakterisierung und Personenbeschreibung<\/h2>\n<p>Grunds\u00e4tzlich k\u00f6nnen wir eine Unterscheidung zwischen der Charakterisierung und der Beschreibung von Personen treffen.<\/p>\n<p>Eine Personenbeschreibung dient dazu, lediglich die \u00e4u\u00dferen Merkmale einer Person herauszuarbeiten. Das sind alle Dinge die der Leser \u201esehen\u201c kann. Anhand dieser \u00e4u\u00dferlichen Betrachtung kannst du Aussagen \u00fcber die Person selbst machen. <\/p>\n<div class=\"box exercise\">\n<h3>Beispiel<\/h3>\n<p>\u201eIm gro\u00dfen, kalten Saal fiel er allein schon durch seine gebr\u00e4unte Haut auf, die sich gegen die der anderen Besucher deutlich abzeichnete.\u201c<\/p>\n<p>Die gebr\u00e4unte Hautfarbe der Person ist ein \u00e4u\u00dferliches Merkmal, welches sichtbar ist. Sie l\u00e4sst die Deutung zu, dass die Person viel Zeit in der Sonne verbringt. Dies erscheint doppelt erw\u00e4hnenswert, da die Temperatur im Saal auf eine kalte Jahreszeit oder einen kalten Ort schlie\u00dfen l\u00e4sst. Aus dem weiteren Text wird unter Umst\u00e4nden deutlich, warum die Person oft in der Sonne zu sein scheint.<\/p>\n<\/div>\n<p>Genutzt wird die Personenbeschreibung aufgrund ihrer Form vor allem f\u00fcr einen groben \u00dcberblick \u00fcber eine Person und wird beispielsweise in der Polizeifahndung genutzt.<\/p>\n<p>Die <strong>Charakterisierung<\/strong> hingegen beschreibt nicht nur die \u00e4u\u00dferen Merkmale einer Person. Hier arbeitest du tiefergehende Informationen zu den Gedanken und Emotionen sowie der Verhaltensweise einer Person heraus. Auf diese Weise erh\u00e4ltst du ein genaueres Bild \u00fcber die Person und kannst pr\u00e4zise R\u00fcckschl\u00fcsse \u00fcber ihr Wesen ziehen. Derartige R\u00fcckschl\u00fcsse kannst du au\u00dferdem heranziehen, um Prognosen \u00fcber die charakterliche Entwicklung der Person zu treffen.<\/p>\n<hr>\n<h2 class=\"anchor\" id=\"tipps-und-tricks-f\u00fcr-deine-charakterisierung\">Tipps und Tricks f\u00fcr deine Charakterisierung<\/h2>\n<p>Abschlie\u00dfend m\u00f6chten wir dir noch einige Hinweise geben, dir es dir leichter machen, eine gelungene Charakterisierung zu verfassen. Ansonsten gilt: \u00dcbung macht den Meister!<\/p>\n<h3 class=\"anchor\" id=\"der-rote-faden\">Der rote Faden in einer Charakterisierung<\/h3>\n<p>Um eine nachvollziehbare Struktur in deinen Text zu bringen, solltest du einen roten Faden bedenken. Wie zuvor erw\u00e4hnt, beginnst du deine Charakterisierung immer mit den \u00e4u\u00dferlichen Merkmalen und arbeitest dich anschlie\u00dfend zu den innerlichen vor. <\/p>\n<p>Jedoch sollte auch der \u00dcbergang zwischen den einzelnen Merkmalen sinnig sein. Versuche deshalb, nicht von der Augenfarbe \u00fcber den Dialekt zur Haarl\u00e4nge zu springen. Nutze die zuvor geordneten Merkmale, um einen plausiblen Flie\u00dftext zu verfassen.<\/p>\n<h3 class=\"anchor\" id=\"die-information\">Die Information f\u00fcr eine Charakterisierung<\/h3>\n<p>Achte darauf, woher du die Informationen f\u00fcr deine Charakterisierung beziehst. Wer trifft in dem gegebenen Text Aussagen \u00fcber die zu charakterisierende Person?<\/p>\n<p>Dies kann beispielsweise ein auktorialer Erz\u00e4hler sein. Durch einen Ich-Erz\u00e4hler oder Monologe k\u00f6nnen die Informationen aber auch von der Person selbst stammen. Stimmen die eigenen Ansichten der Person in diesem Fall mit den Eindr\u00fccken der Menschen in seinem Umfeld \u00fcberein? Es kann interessant sein, zu beleuchten, ob hier unterschiedliche Eindr\u00fccke entstehen.<\/p>\n<p>Au\u00dferdem kannst du betrachten, ob die vorliegenden Informationen explizit oder implizit Auskunft \u00fcber den Charakter geben.<\/p>\n<p>Bei expliziten Informationen werden die Charaktereigenschaften deutlich sichtbar angegeben. Du erkennst in der Regel sehr schnell, dass sie Bezug auf den Charakter einer Person nehmen.<\/p>\n<p>Implizite Ausk\u00fcnfte sind dagegen schwieriger zu erkennen. Hier gilt es, zwischen den Zeilen zu lesen. Rollen andere Personen mit den Augen, wenn die zu charakterisierende Person etwas sagt? L\u00e4chelt das Gegen\u00fcber, wenn die Person den Raum betrifft? Derartige Informationen k\u00f6nnen weitreichende Aufschl\u00fcsse \u00fcber die Person liefern. Versuche deshalb ein besonderes Augenmerk darauf zu legen.<\/p>\n<h3>Die Charaktierisierung schreiben<\/h3>\n<p>Nun, da wir alle wichtigen Aspekte einer Charakterisierung durchgegangen sind, kannst du direkt loslegen. Beachte, dass du nicht alle oben genannten Punkte auf jede Charakterisierung anwenden musst. W\u00e4hle immer genau die Punkte aus, die f\u00fcr deinen Text sinnig erscheinen. Wenn du an deinen Formulierungen arbeiten m\u00f6chtest, kannst du f\u00fcr \u00dcbungszwecke auf ein Tool zum <a target=\"_blank\" href=\"https:\/\/quillbot.com\/de\/text-umschreiben\" rel=\"noopener\">Text umschreiben<\/a> zur\u00fcckgreifen. Auf diese Weise f\u00e4llt es leichter, den richtigen Ton zu treffen.<\/p>\n<p>Und nicht vergessen: \u00dcbung macht den Meister!<br \/>\n<div class=\"study-deutsch-fullwidth\" id=\"study-1998090775\"><div class=\"ad fullwidth lernheft amz\">\r\n    <div class=\"inner\">\r\n        <div class=\"txt\">\r\n            <span class=\"firstline\">Unser Lernheft zum Deutsch-Abi'22<\/span>\r\n\t\t\t<span class=\"secondline\">Erkl\u00e4rungen + Klausuren + L\u00f6sungen!<\/span>\r\n           <!-- <div class=\"stars\">\r\n                <i class=\"fas fa-star\"><\/i>\r\n                <i class=\"fas fa-star\"><\/i>\r\n                <i class=\"fas fa-star\"><\/i>\r\n                <i class=\"fas fa-star\"><\/i>\r\n                <i class=\"fas fa-star-half\"><\/i>\r\n            <\/div>\r\n            <div class=\"stars-counter\">\r\n                <small>4,5 von 5 Sternen<\/small>\r\n            <\/div>-->\r\n        <\/div>\r\n        <div class=\"btn-container\">\r\n            <a class=\"btn orange\" target=\"_blank\" href=\"%link%\"><img src=\"https:\/\/www.studyhelp.de\/online-lernen\/wp-content\/uploads\/2018\/06\/amz.png\" alt=\"Jetzt kaufen\" title=\"Jetzt kaufen\" \/><span>Auf Amazon ansehen<\/span><\/a>\r\n        <\/div>\r\n        <div class=\"media\">\r\n            <div class=\"img\">\r\n                <img src=\"https:\/\/www.studyhelp.de\/online-lernen\/wp-content\/uploads\/2018\/07\/deutsch-abiturvorbereitung.png\" alt=\"Deutsch Abiturvorbereitung\" title=\"Deutsch Abiturvorbereitung\" \/>\r\n            <\/div>\r\n        <\/div>\r\n    <\/div>\r\n    <div class=\"figure circle\"><\/div>\r\n    <div class=\"figure circle2\"><\/div>\r\n    <div class=\"figure square\"><\/div>\r\n    <div class=\"figure triangle\"><\/div>\r\n   <div class=\"label red\"><p>15,99\u20ac<\/p><\/div>\r\n<\/div><\/div><\/p>\n","protected":false},"excerpt":{"rendered":"<p>Die Charakterisierung ist eine typische Aufgabe f\u00fcr das Fach Deutsch in der Schule. Hier geht es darum, eine Beschreibung zu literarischen Figuren oder aber echten Personen zu geben. Innerhalb der Charakterisierung fasst du die zentralen charakterlichen Eigenschaften einer Figur beziehungsweise Person zusammen, um ein m\u00f6glichst detailliertes Bild \u00fcber sie liefern. Ziel der Charakterisierung Vorbereitung der [&hellip;]<\/p>\n","protected":false},"author":3,"featured_media":0,"parent":8123,"menu_order":0,"comment_status":"closed","ping_status":"closed","template":"","meta":[],"categories":[30],"tags":[],"yoast_head":"<!-- This site is optimized with the Yoast SEO plugin v14.7 - https:\/\/yoast.com\/wordpress\/plugins\/seo\/ -->\n<title>Charakterisierung Aufbau, Struktur und Inhalt - StudyHelp Online-Lernen<\/title>\n<meta name=\"description\" content=\"Eine Charakterisierung schreiben ist nicht einfach. Wir zeigen euch, wie der Inhalt, die Struktur und der Aufbau einer Charakterisierung geschrieben wird!\" \/>\n<meta name=\"robots\" content=\"index, follow\" \/>\n<meta name=\"googlebot\" content=\"index, follow, max-snippet:-1, max-image-preview:large, max-video-preview:-1\" \/>\n<meta name=\"bingbot\" content=\"index, follow, max-snippet:-1, max-image-preview:large, max-video-preview:-1\" \/>\n<link rel=\"canonical\" href=\"https:\/\/www.studyhelp.de\/online-lernen\/deutsch\/charakterisierung\/\" \/>\n<meta property=\"og:locale\" content=\"de_DE\" \/>\n<meta property=\"og:type\" content=\"article\" \/>\n<meta property=\"og:title\" content=\"Charakterisierung Aufbau, Struktur und Inhalt - StudyHelp Online-Lernen\" \/>\n<meta property=\"og:description\" content=\"Eine Charakterisierung schreiben ist nicht einfach. Wir zeigen euch, wie der Inhalt, die Struktur und der Aufbau einer Charakterisierung geschrieben wird!\" \/>\n<meta property=\"og:url\" content=\"https:\/\/www.studyhelp.de\/online-lernen\/deutsch\/charakterisierung\/\" \/>\n<meta property=\"og:site_name\" content=\"StudyHelp Online-Lernen\" \/>\n<meta property=\"article:modified_time\" content=\"2026-03-06T09:56:11+00:00\" \/>\n<meta name=\"twitter:card\" content=\"summary_large_image\" \/>\n<script type=\"application\/ld+json\" class=\"yoast-schema-graph\">{\"@context\":\"https:\/\/schema.org\",\"@graph\":[{\"@type\":\"WebSite\",\"@id\":\"https:\/\/www.studyhelp.de\/online-lernen\/#website\",\"url\":\"https:\/\/www.studyhelp.de\/online-lernen\/\",\"name\":\"StudyHelp Online-Lernen\",\"description\":\"\",\"potentialAction\":[{\"@type\":\"SearchAction\",\"target\":\"https:\/\/www.studyhelp.de\/online-lernen\/?s={search_term_string}\",\"query-input\":\"required name=search_term_string\"}],\"inLanguage\":\"de-DE\"},{\"@type\":\"WebPage\",\"@id\":\"https:\/\/www.studyhelp.de\/online-lernen\/deutsch\/charakterisierung\/#webpage\",\"url\":\"https:\/\/www.studyhelp.de\/online-lernen\/deutsch\/charakterisierung\/\",\"name\":\"Charakterisierung Aufbau, Struktur und Inhalt - StudyHelp Online-Lernen\",\"isPartOf\":{\"@id\":\"https:\/\/www.studyhelp.de\/online-lernen\/#website\"},\"datePublished\":\"2018-06-15T13:27:23+00:00\",\"dateModified\":\"2026-03-06T09:56:11+00:00\",\"description\":\"Eine Charakterisierung schreiben ist nicht einfach. Wir zeigen euch, wie der Inhalt, die Struktur und der Aufbau einer Charakterisierung geschrieben wird!\",\"inLanguage\":\"de-DE\",\"potentialAction\":[{\"@type\":\"ReadAction\",\"target\":[\"https:\/\/www.studyhelp.de\/online-lernen\/deutsch\/charakterisierung\/\"]}]}]}<\/script>\n<!-- \/ Yoast SEO plugin. -->","_links":{"self":[{"href":"https:\/\/www.studyhelp.de\/online-lernen\/wp-json\/wp\/v2\/pages\/8480"}],"collection":[{"href":"https:\/\/www.studyhelp.de\/online-lernen\/wp-json\/wp\/v2\/pages"}],"about":[{"href":"https:\/\/www.studyhelp.de\/online-lernen\/wp-json\/wp\/v2\/types\/page"}],"author":[{"embeddable":true,"href":"https:\/\/www.studyhelp.de\/online-lernen\/wp-json\/wp\/v2\/users\/3"}],"replies":[{"embeddable":true,"href":"https:\/\/www.studyhelp.de\/online-lernen\/wp-json\/wp\/v2\/comments?post=8480"}],"version-history":[{"count":19,"href":"https:\/\/www.studyhelp.de\/online-lernen\/wp-json\/wp\/v2\/pages\/8480\/revisions"}],"predecessor-version":[{"id":18550,"href":"https:\/\/www.studyhelp.de\/online-lernen\/wp-json\/wp\/v2\/pages\/8480\/revisions\/18550"}],"up":[{"embeddable":true,"href":"https:\/\/www.studyhelp.de\/online-lernen\/wp-json\/wp\/v2\/pages\/8123"}],"wp:attachment":[{"href":"https:\/\/www.studyhelp.de\/online-lernen\/wp-json\/wp\/v2\/media?parent=8480"}],"wp:term":[{"taxonomy":"category","embeddable":true,"href":"https:\/\/www.studyhelp.de\/online-lernen\/wp-json\/wp\/v2\/categories?post=8480"},{"taxonomy":"post_tag","embeddable":true,"href":"https:\/\/www.studyhelp.de\/online-lernen\/wp-json\/wp\/v2\/tags?post=8480"}],"curies":[{"name":"wp","href":"https:\/\/api.w.org\/{rel}","templated":true}]}}